{"id":989022,"date":"2025-12-16T08:07:03","date_gmt":"2025-12-16T08:07:03","guid":{"rendered":"https:\/\/minibus.al\/?page_id=989022"},"modified":"2025-12-16T08:13:25","modified_gmt":"2025-12-16T08:13:25","slug":"arnavutlukta-kiralik-minivan","status":"publish","type":"page","link":"https:\/\/minibus.al\/tr\/minivan-me-qira-ne-shqiperi\/","title":{"rendered":"Arnavutluk'ta kiral\u0131k minib\u00fcs"},"content":{"rendered":"<div data-elementor-type=\"wp-page\" data-elementor-id=\"989022\" class=\"elementor elementor-989022\">\n\t\t\t\t<div class=\"elementor-element elementor-element-595d5a2 e-flex e-con-boxed e-con e-parent\" data-id=\"595d5a2\" data-element_type=\"container\" data-e-type=\"container\" data-settings=\"{&quot;background_background&quot;:&quot;classic&quot;}\">\n\t\t\t\t\t<div class=\"e-con-inner\">\n\t\t<div class=\"elementor-element elementor-element-55e7994 e-con-full e-flex e-con e-child\" data-id=\"55e7994\" data-element_type=\"container\" data-e-type=\"container\">\n\t\t\t\t<div class=\"elementor-element elementor-element-79ea7ae elementor-widget elementor-widget-heading\" data-id=\"79ea7ae\" data-element_type=\"widget\" data-e-type=\"widget\" data-widget_type=\"heading.default\">\n\t\t\t\t\t<h1 class=\"elementor-heading-title elementor-size-default\">Arnavutluk'ta \u015eof\u00f6rl\u00fc Minivan Kiralama<\/h1>\t\t\t\t<\/div>\n\t\t\t\t<div class=\"elementor-element elementor-element-ace1c10 elementor-widget elementor-widget-text-editor\" data-id=\"ace1c10\" data-element_type=\"widget\" data-e-type=\"widget\" data-widget_type=\"text-editor.default\">\n\t\t\t\t\t\t\t\t\tArnavutluk'ta \u015fof\u00f6rl\u00fc minib\u00fcs kiralama ile g\u00fcvenli ve konforlu seyahatler. \u00dclke genelinde transferler, turlar ve etkinlikler i\u00e7in profesyonel hizmet.\t\t\t\t\t\t\t\t<\/div>\n\t\t\t\t<\/div>\n\t\t\t\t\t<\/div>\n\t\t\t\t<\/div>\n\t\t<div class=\"elementor-element elementor-element-5289dd7 e-flex e-con-boxed e-con e-parent\" data-id=\"5289dd7\" data-element_type=\"container\" data-e-type=\"container\" data-settings=\"{&quot;background_background&quot;:&quot;classic&quot;}\">\n\t\t\t\t\t<div class=\"e-con-inner\">\n\t\t<div class=\"elementor-element elementor-element-3623150 e-con-full e-flex e-con e-child\" data-id=\"3623150\" data-element_type=\"container\" data-e-type=\"container\">\n\t\t\t\t<div class=\"elementor-element elementor-element-2a98dc9 elementor-widget elementor-widget-text-editor\" data-id=\"2a98dc9\" data-element_type=\"widget\" data-e-type=\"widget\" data-widget_type=\"text-editor.default\">\n\t\t\t\t\t\t\t\t\tK\u00fc\u00e7\u00fck ve orta \u00f6l\u00e7ekli gruplar i\u00e7in konforlu ve g\u00fcvenli ula\u015f\u0131m hizmeti sunuyoruz. Minib\u00fcslerimiz modern, bak\u0131ml\u0131 ve Arnavutluk genelinde deneyimli profesyonel s\u00fcr\u00fcc\u00fcler taraf\u0131ndan kullan\u0131lmaktad\u0131r.\t\t\t\t\t\t\t\t<\/div>\n\t\t\t\t<div class=\"elementor-element elementor-element-7175e0d elementor-widget elementor-widget-heading\" data-id=\"7175e0d\" data-element_type=\"widget\" data-e-type=\"widget\" data-widget_type=\"heading.default\">\n\t\t\t\t\t<h3 class=\"elementor-heading-title elementor-size-default\">Arnavutluk Genelinde Turistik Geziler<\/h3>\t\t\t\t<\/div>\n\t\t\t\t<div class=\"elementor-element elementor-element-0153596 elementor-widget elementor-widget-text-editor\" data-id=\"0153596\" data-element_type=\"widget\" data-e-type=\"widget\" data-widget_type=\"text-editor.default\">\n\t\t\t\t\t\t\t\t\t<p>Tirana, Durr\u00ebs, Berat, Gjirokastra, Vlora ve daha bir\u00e7ok pop\u00fcler destinasyona g\u00fcn\u00fcbirlik ve \u00e7ok g\u00fcnl\u00fck turlar d\u00fczenliyoruz. Siz stressiz bir \u015fekilde seyahat edin, biz her \u015feyle ilgileniyoruz.<\/p>\t\t\t\t\t\t\t\t<\/div>\n\t\t\t\t<div class=\"elementor-element elementor-element-4754aab elementor-widget elementor-widget-heading\" data-id=\"4754aab\" data-element_type=\"widget\" data-e-type=\"widget\" data-widget_type=\"heading.default\">\n\t\t\t\t\t<h3 class=\"elementor-heading-title elementor-size-default\">Havaalan\u0131na ve havaalan\u0131ndan transferler<\/h3>\t\t\t\t<\/div>\n\t\t\t\t<div class=\"elementor-element elementor-element-cdcaadf elementor-widget elementor-widget-text-editor\" data-id=\"cdcaadf\" data-element_type=\"widget\" data-e-type=\"widget\" data-widget_type=\"text-editor.default\">\n\t\t\t\t\t\t\t\t\tTiran Havaliman\u0131'ndan herhangi bir \u015fehre do\u011fru ve g\u00fcvenilir transferler. Aileler, arkada\u015f gruplar\u0131 veya i\u015f seyahatleri i\u00e7in ideal; bagajlar i\u00e7in geni\u015f alan mevcuttur.\t\t\t\t\t\t\t\t<\/div>\n\t\t\t\t<div class=\"elementor-element elementor-element-48380da elementor-widget elementor-widget-heading\" data-id=\"48380da\" data-element_type=\"widget\" data-e-type=\"widget\" data-widget_type=\"heading.default\">\n\t\t\t\t\t<h3 class=\"elementor-heading-title elementor-size-default\"> Etkinlik ve \u0130\u015f Ama\u00e7l\u0131 Ula\u015f\u0131m<\/h3>\t\t\t\t<\/div>\n\t\t\t\t<div class=\"elementor-element elementor-element-265135c elementor-widget elementor-widget-text-editor\" data-id=\"265135c\" data-element_type=\"widget\" data-e-type=\"widget\" data-widget_type=\"text-editor.default\">\n\t\t\t\t\t\t\t\t\tEtkinlikler, konferanslar, d\u00fc\u011f\u00fcnler ve i\u015f seyahatleri i\u00e7in pratik \u00e7\u00f6z\u00fcmler. Her durum i\u00e7in zaman\u0131nda var\u0131\u015f, kolayl\u0131k ve do\u011fru hizmet.\t\t\t\t\t\t\t\t<\/div>\n\t\t\t\t<div class=\"elementor-element elementor-element-1673691 elementor-widget elementor-widget-heading\" data-id=\"1673691\" data-element_type=\"widget\" data-e-type=\"widget\" data-widget_type=\"heading.default\">\n\t\t\t\t\t<h3 class=\"elementor-heading-title elementor-size-default\">Profesyonel S\u00fcr\u00fcc\u00fcler ve G\u00fcvenilir Hizmet<\/h3>\t\t\t\t<\/div>\n\t\t\t\t<div class=\"elementor-element elementor-element-4dc72d1 elementor-widget elementor-widget-text-editor\" data-id=\"4dc72d1\" data-element_type=\"widget\" data-e-type=\"widget\" data-widget_type=\"text-editor.default\">\n\t\t\t\t\t\t\t\t\t\u015eof\u00f6rlerimiz \u00f6zverili, nazik ve yollar\u0131 \u00e7ok iyi biliyorlar. M\u00fc\u015fteri g\u00fcvenli\u011fi ve memnuniyeti en b\u00fcy\u00fck \u00f6nceli\u011fimizdir.\t\t\t\t\t\t\t\t<\/div>\n\t\t\t\t<div class=\"elementor-element elementor-element-a85f525 elementor-widget elementor-widget-image\" data-id=\"a85f525\" data-element_type=\"widget\" data-e-type=\"widget\" data-widget_type=\"image.default\">\n\t\t\t\t\t\t\t\t\t\t\t\t\t\t\t<img fetchpriority=\"high\" decoding=\"async\" width=\"800\" height=\"560\" src=\"https:\/\/minibus.al\/wp-content\/uploads\/2024\/01\/Crop800x600-landscape.jpeg\" class=\"attachment-full size-full wp-image-988653\" alt=\"\" srcset=\"https:\/\/minibus.al\/wp-content\/uploads\/2024\/01\/Crop800x600-landscape.jpeg 800w, https:\/\/minibus.al\/wp-content\/uploads\/2024\/01\/Crop800x600-landscape-600x420.jpeg 600w, https:\/\/minibus.al\/wp-content\/uploads\/2024\/01\/Crop800x600-landscape-300x210.jpeg 300w, https:\/\/minibus.al\/wp-content\/uploads\/2024\/01\/Crop800x600-landscape-768x538.jpeg 768w, https:\/\/minibus.al\/wp-content\/uploads\/2024\/01\/Crop800x600-landscape-630x441.jpeg 630w, https:\/\/minibus.al\/wp-content\/uploads\/2024\/01\/Crop800x600-landscape-420x294.jpeg 420w, https:\/\/minibus.al\/wp-content\/uploads\/2024\/01\/Crop800x600-landscape-315x221.jpeg 315w\" sizes=\"(max-width: 800px) 100vw, 800px\" title=\"\">\t\t\t\t\t\t\t\t\t\t\t\t\t\t\t<\/div>\n\t\t\t\t<div class=\"elementor-element elementor-element-f01b681 elementor-widget elementor-widget-text-editor\" data-id=\"f01b681\" data-element_type=\"widget\" data-e-type=\"widget\" data-widget_type=\"text-editor.default\">\n\t\t\t\t\t\t\t\t\t<p>\u00d6zel minib\u00fcs kiralaman\u0131n fiyat\u0131, hizmet s\u00fcresine (saat ve g\u00fcn say\u0131s\u0131) ve minib\u00fcslerin kat etti\u011fi mesafeye ba\u011fl\u0131 olacakt\u0131r.<\/p>\t\t\t\t\t\t\t\t<\/div>\n\t\t\t\t<div class=\"elementor-element elementor-element-e936afe elementor-widget elementor-widget-heading\" data-id=\"e936afe\" data-element_type=\"widget\" data-e-type=\"widget\" data-widget_type=\"heading.default\">\n\t\t\t\t\t<h3 class=\"elementor-heading-title elementor-size-default\">Nas\u0131l \u00e7al\u0131\u015f\u0131r?<\/h3>\t\t\t\t<\/div>\n\t\t\t\t<div class=\"elementor-element elementor-element-6bac633 elementor-widget elementor-widget-text-editor\" data-id=\"6bac633\" data-element_type=\"widget\" data-e-type=\"widget\" data-widget_type=\"text-editor.default\">\n\t\t\t\t\t\t\t\t\t<p>Rezervasyon \u00e7ok basit: var\u0131\u015f noktas\u0131n\u0131, tarihi ve ihtiyac\u0131n\u0131z olan minib\u00fcs tipini se\u00e7in. Profesyonel \u015fof\u00f6r\u00fcm\u00fcz, belirlenen yer ve saatte haz\u0131r bulunacak ve konforlu ve stressiz bir yolculuk sa\u011flayacakt\u0131r.<\/p>\t\t\t\t\t\t\t\t<\/div>\n\t\t\t\t<\/div>\n\t\t<div class=\"elementor-element elementor-element-4f6ae39 e-con-full e-flex e-con e-child\" data-id=\"4f6ae39\" data-element_type=\"container\" data-e-type=\"container\">\n\t\t<div class=\"elementor-element elementor-element-d631ffe e-flex e-con-boxed e-con e-child\" data-id=\"d631ffe\" data-element_type=\"container\" data-e-type=\"container\" data-settings=\"{&quot;background_background&quot;:&quot;classic&quot;}\">\n\t\t\t\t\t<div class=\"e-con-inner\">\n\t\t\t\t<div class=\"elementor-element elementor-element-44fd95b elementor-widget__width-auto elementor-widget elementor-widget-heading\" data-id=\"44fd95b\" data-element_type=\"widget\" data-e-type=\"widget\" data-widget_type=\"heading.default\">\n\t\t\t\t\t<h3 class=\"elementor-heading-title elementor-size-default\">10% indirim<\/h3>\t\t\t\t<\/div>\n\t\t\t\t<div class=\"elementor-element elementor-element-5f07339 elementor-widget__width-auto elementor-widget elementor-widget-heading\" data-id=\"5f07339\" data-element_type=\"widget\" data-e-type=\"widget\" data-widget_type=\"heading.default\">\n\t\t\t\t\t<div class=\"elementor-heading-title elementor-size-default\">31 May\u0131s 2026'ya kadar yap\u0131lan t\u00fcm rezervasyonlarda 'a varan indirim!<\/div>\t\t\t\t<\/div>\n\t\t\t\t\t<\/div>\n\t\t\t\t<\/div>\n\t\t<div class=\"elementor-element elementor-element-792a6ac e-con-full e-flex e-con e-child\" data-id=\"792a6ac\" data-element_type=\"container\" data-e-type=\"container\">\n\t\t\t\t<div class=\"elementor-element elementor-element-a4e3c30 elementor-widget__width-initial elementor-widget elementor-widget-image\" data-id=\"a4e3c30\" data-element_type=\"widget\" data-e-type=\"widget\" data-widget_type=\"image.default\">\n\t\t\t\t\t\t\t\t\t\t\t\t\t\t\t\t<a href=\"#\">\n\t\t\t\t\t\t\t<img decoding=\"async\" width=\"630\" height=\"441\" src=\"https:\/\/minibus.al\/wp-content\/uploads\/2025\/10\/Transfer-416_2268_0182-landscape-630x441-1.jpg\" class=\"attachment-full size-full wp-image-988709\" alt=\"\" srcset=\"https:\/\/minibus.al\/wp-content\/uploads\/2025\/10\/Transfer-416_2268_0182-landscape-630x441-1.jpg 630w, https:\/\/minibus.al\/wp-content\/uploads\/2025\/10\/Transfer-416_2268_0182-landscape-630x441-1-600x420.jpg 600w, https:\/\/minibus.al\/wp-content\/uploads\/2025\/10\/Transfer-416_2268_0182-landscape-630x441-1-300x210.jpg 300w, https:\/\/minibus.al\/wp-content\/uploads\/2025\/10\/Transfer-416_2268_0182-landscape-630x441-1-420x294.jpg 420w, https:\/\/minibus.al\/wp-content\/uploads\/2025\/10\/Transfer-416_2268_0182-landscape-630x441-1-315x221.jpg 315w\" sizes=\"(max-width: 630px) 100vw, 630px\" title=\"\">\t\t\t\t\t\t\t\t<\/a>\n\t\t\t\t\t\t\t\t\t\t\t\t\t\t\t<\/div>\n\t\t\t\t<div class=\"elementor-element elementor-element-f9cab44 elementor-widget__width-initial elementor-widget elementor-widget-heading\" data-id=\"f9cab44\" data-element_type=\"widget\" data-e-type=\"widget\" data-widget_type=\"heading.default\">\n\t\t\t\t\t<h3 class=\"elementor-heading-title elementor-size-default\"><a href=\"#\">Havaliman\u0131ndan \u00f6zel transfer<\/a><\/h3>\t\t\t\t<\/div>\n\t\t\t\t<\/div>\n\t\t<div class=\"elementor-element elementor-element-09ec8ca e-con-full e-flex e-con e-child\" data-id=\"09ec8ca\" data-element_type=\"container\" data-e-type=\"container\">\n\t\t\t\t<div class=\"elementor-element elementor-element-5d808b5 elementor-widget__width-initial elementor-widget elementor-widget-image\" data-id=\"5d808b5\" data-element_type=\"widget\" data-e-type=\"widget\" data-widget_type=\"image.default\">\n\t\t\t\t\t\t\t\t\t\t\t\t\t\t\t\t<a href=\"#\">\n\t\t\t\t\t\t\t<img fetchpriority=\"high\" decoding=\"async\" width=\"800\" height=\"560\" src=\"https:\/\/minibus.al\/wp-content\/uploads\/2024\/01\/Crop800x600-landscape.jpeg\" class=\"attachment-full size-full wp-image-988653\" alt=\"\" srcset=\"https:\/\/minibus.al\/wp-content\/uploads\/2024\/01\/Crop800x600-landscape.jpeg 800w, https:\/\/minibus.al\/wp-content\/uploads\/2024\/01\/Crop800x600-landscape-600x420.jpeg 600w, https:\/\/minibus.al\/wp-content\/uploads\/2024\/01\/Crop800x600-landscape-300x210.jpeg 300w, https:\/\/minibus.al\/wp-content\/uploads\/2024\/01\/Crop800x600-landscape-768x538.jpeg 768w, https:\/\/minibus.al\/wp-content\/uploads\/2024\/01\/Crop800x600-landscape-630x441.jpeg 630w, https:\/\/minibus.al\/wp-content\/uploads\/2024\/01\/Crop800x600-landscape-420x294.jpeg 420w, https:\/\/minibus.al\/wp-content\/uploads\/2024\/01\/Crop800x600-landscape-315x221.jpeg 315w\" sizes=\"(max-width: 800px) 100vw, 800px\" title=\"\">\t\t\t\t\t\t\t\t<\/a>\n\t\t\t\t\t\t\t\t\t\t\t\t\t\t\t<\/div>\n\t\t\t\t<div class=\"elementor-element elementor-element-0cb496b elementor-widget__width-initial elementor-widget elementor-widget-heading\" data-id=\"0cb496b\" data-element_type=\"widget\" data-e-type=\"widget\" data-widget_type=\"heading.default\">\n\t\t\t\t\t<h3 class=\"elementor-heading-title elementor-size-default\"><a href=\"#\">\u00d6zel \u015fof\u00f6rl\u00fc transfer<\/a><\/h3>\t\t\t\t<\/div>\n\t\t\t\t<\/div>\n\t\t\t\t<\/div>\n\t\t\t\t\t<\/div>\n\t\t\t\t<\/div>\n\t\t\t\t<\/div>","protected":false},"excerpt":{"rendered":"<p>Minivan me Qira dhe me shofer n\u00eb Shqip\u00ebri Minivan me qira me shofer n\u00eb Shqip\u00ebri p\u00ebr udh\u00ebtime t\u00eb sigurta dhe komode. Sh\u00ebrbim profesional p\u00ebr transferime, ture dhe evente n\u00eb t\u00eb gjith\u00eb vendin.Ne ofrojm\u00eb transport t\u00eb rehatsh\u00ebm dhe t\u00eb sigurt p\u00ebr grupe t\u00eb vogla dhe t\u00eb mesme. Minivan\u00ebt tan\u00eb jan\u00eb modern\u00eb, t\u00eb mir\u00ebmbajtur dhe t\u00eb drejtuar [&hellip;]<\/p>\n","protected":false},"author":1,"featured_media":988710,"parent":0,"menu_order":0,"comment_status":"closed","ping_status":"closed","template":"","meta":{"footnotes":""},"class_list":["post-989022","page","type-page","status-publish","has-post-thumbnail","hentry"],"_links":{"self":[{"href":"https:\/\/minibus.al\/tr\/wp-json\/wp\/v2\/pages\/989022","targetHints":{"allow":["GET"]}}],"collection":[{"href":"https:\/\/minibus.al\/tr\/wp-json\/wp\/v2\/pages"}],"about":[{"href":"https:\/\/minibus.al\/tr\/wp-json\/wp\/v2\/types\/page"}],"author":[{"embeddable":true,"href":"https:\/\/minibus.al\/tr\/wp-json\/wp\/v2\/users\/1"}],"replies":[{"embeddable":true,"href":"https:\/\/minibus.al\/tr\/wp-json\/wp\/v2\/comments?post=989022"}],"version-history":[{"count":7,"href":"https:\/\/minibus.al\/tr\/wp-json\/wp\/v2\/pages\/989022\/revisions"}],"predecessor-version":[{"id":989029,"href":"https:\/\/minibus.al\/tr\/wp-json\/wp\/v2\/pages\/989022\/revisions\/989029"}],"wp:featuredmedia":[{"embeddable":true,"href":"https:\/\/minibus.al\/tr\/wp-json\/wp\/v2\/media\/988710"}],"wp:attachment":[{"href":"https:\/\/minibus.al\/tr\/wp-json\/wp\/v2\/media?parent=989022"}],"curies":[{"name":"wp","href":"https:\/\/api.w.org\/{rel}","templated":true}]}}