{"id":988417,"date":"2023-04-05T00:18:43","date_gmt":"2023-04-05T00:18:43","guid":{"rendered":"https:\/\/minibus.al\/en\/?page_id=988417"},"modified":"2026-04-07T20:14:12","modified_gmt":"2026-04-07T20:14:12","slug":"kullanim-kosullari","status":"publish","type":"page","link":"https:\/\/minibus.al\/tr\/kushtet-dhe-rregullat-e-perdorimit\/","title":{"rendered":"Kullan\u0131m Ko\u015fullar\u0131"},"content":{"rendered":"<div data-elementor-type=\"wp-page\" data-elementor-id=\"988417\" class=\"elementor elementor-988417\">\n\t\t\t\t<div class=\"elementor-element elementor-element-4b40c13 e-flex e-con-boxed e-con e-parent\" data-id=\"4b40c13\" data-element_type=\"container\" data-e-type=\"container\" data-settings=\"{&quot;background_background&quot;:&quot;classic&quot;}\">\n\t\t\t\t\t<div class=\"e-con-inner\">\n\t\t<div class=\"elementor-element elementor-element-1762c08 e-con-full e-flex e-con e-child\" data-id=\"1762c08\" data-element_type=\"container\" data-e-type=\"container\">\n\t\t\t\t<div class=\"elementor-element elementor-element-fbc7985 elementor-widget elementor-widget-heading\" data-id=\"fbc7985\" data-element_type=\"widget\" data-e-type=\"widget\" data-widget_type=\"heading.default\">\n\t\t\t\t\t<h1 class=\"elementor-heading-title elementor-size-default\">Kullan\u0131m Ko\u015fullar\u0131<\/h1>\t\t\t\t<\/div>\n\t\t\t\t<div class=\"elementor-element elementor-element-47d8e14 elementor-widget elementor-widget-text-editor\" data-id=\"47d8e14\" data-element_type=\"widget\" data-e-type=\"widget\" data-widget_type=\"text-editor.default\">\n\t\t\t\t\t\t\t\t\tKullan\u0131m Ko\u015fullar\u0131 \u2013 Hizmetimizin kullan\u0131m\u0131n\u0131, kullan\u0131c\u0131lar\u0131n hak ve y\u00fck\u00fcml\u00fcl\u00fcklerini ve g\u00fcvenli ve \u015feffaf bir deneyim i\u00e7in temel ilkeleri belirleyen ko\u015fullar\u0131 okuyun.\n\t\t\t\t\t\t\t\t<\/div>\n\t\t\t\t<\/div>\n\t\t\t\t\t<\/div>\n\t\t\t\t<\/div>\n\t\t<div class=\"elementor-element elementor-element-adc86e9 e-flex e-con-boxed e-con e-parent\" data-id=\"adc86e9\" data-element_type=\"container\" data-e-type=\"container\" data-settings=\"{&quot;background_background&quot;:&quot;classic&quot;}\">\n\t\t\t\t\t<div class=\"e-con-inner\">\n\t\t<div class=\"elementor-element elementor-element-088521f e-con-full e-flex e-con e-child\" data-id=\"088521f\" data-element_type=\"container\" data-e-type=\"container\">\n\t\t\t\t<div class=\"elementor-element elementor-element-96c5e98 elementor-widget elementor-widget-text-editor\" data-id=\"96c5e98\" data-element_type=\"widget\" data-e-type=\"widget\" data-widget_type=\"text-editor.default\">\n\t\t\t\t\t\t\t\t\t<p>Minibus.al \u00fczerinden yap\u0131lan t\u00fcm rezervasyonlar bu \u015eartlar ve Ko\u015fullara tabidir. Rezervasyon, onay al\u0131nd\u0131ktan (yaz\u0131l\u0131 veya s\u00f6zl\u00fc olarak) ve gerekirse depozito \u00f6dendikten sonra kesinle\u015fmi\u015f ve ge\u00e7erli say\u0131l\u0131r.<\/p><p>Bu ba\u011flamda, \u201c\u015eirket\u201d terimi, Arnavutluk ve Balkan b\u00f6lgesinde yasal olarak faaliyet g\u00f6steren bir ula\u015f\u0131m hizmeti olan Minibus.al'\u0131 ifade etmektedir.<\/p><p>Her zaman g\u00fcvenli, g\u00fcvenilir ve profesyonel bir hizmet sunmak i\u00e7in \u00e7aba g\u00f6steriyoruz. Ancak trafik, yol gecikmeleri veya \u00f6ng\u00f6r\u00fclemeyen olaylar gibi istisnai durumlarda, sefer saatlerinde veya g\u00fczerg\u00e2hlarda de\u011fi\u015fiklikler olabilir. Her durumda, ekibimiz herhangi bir rahats\u0131zl\u0131\u011f\u0131 en aza indirmek ve sizin i\u00e7in en iyi \u00e7\u00f6z\u00fcm\u00fc bulmak i\u00e7in elinden geleni yapacakt\u0131r.<\/p><p>Fiyatlar, rezervasyon an\u0131ndaki \u015fartlara ve \u00fccretlere g\u00f6re belirlenir ve d\u0131\u015f etkenlere ba\u011fl\u0131 olarak de\u011fi\u015febilir. Yolculuk s\u0131ras\u0131nda yolcular\u0131n araca verece\u011fi her t\u00fcrl\u00fc hasar, m\u00fc\u015fterinin sorumlulu\u011fundad\u0131r.<\/p><p><strong>Rezervasyon ve \u00d6deme<\/strong><\/p><p>Rezervasyonunuzu garantilemek i\u00e7in genellikle 20% tutar\u0131nda iade edilmeyen bir depozito talep edilmektedir. Kalan tutar, kararla\u015ft\u0131r\u0131lan \u015fekilde \u00f6denebilir. S\u00fcr\u00fcc\u00fcn\u00fcn konaklama ve yemek masraflar\u0131 taraf\u0131m\u0131zdan kar\u015f\u0131lan\u0131yorsa, fiyatlar dalgalanma g\u00f6sterdi\u011finden s\u00fcr\u00fcc\u00fcn\u00fcn konaklamas\u0131n\u0131 \u00f6nceden rezerve etmemiz gerekti\u011fi i\u00e7in konaklama ve s\u00fcr\u00fcc\u00fc \u00fccretinin \u00f6nceden \u00f6denmesi gerekmektedir.<\/p><p><strong>\u0130ptaller<\/strong><\/p><p>Rezervasyonunuzu iptal etmeniz gerekirse, iptal zaman\u0131na ba\u011fl\u0131 olarak \u00fccretler uygulanabilir. \u0130ptal, seyahat tarihine ne kadar yak\u0131n bir zamanda yap\u0131l\u0131rsa, \u00fccret o kadar y\u00fcksek olabilir. \u201cNo-show\u201d durumunda, rezervasyon tamamlanm\u0131\u015f say\u0131l\u0131r ve herhangi bir geri \u00f6deme yap\u0131lmaz. Genellikle sadece 20% depozito tahsil edilir, \u00e7\u00fcnk\u00fc bu tutar lojistik maliyetlerimizi kar\u015f\u0131lar.<\/p><p><strong>Hizmet ve Sorumluluklar<\/strong><\/p><p>\u015eof\u00f6rlerimiz profesyonel ki\u015filerdir ve yolculuk boyunca g\u00fcvenli\u011fi sa\u011flamakla y\u00fck\u00fcml\u00fcd\u00fcrler. G\u00fcvenli\u011fin tehlikeye girdi\u011fini d\u00fc\u015f\u00fcn\u00fcrlerse hizmet vermeyi reddetme hakk\u0131na sahiptirler.<\/p><p><strong>Seyahat s\u0131ras\u0131nda uyulmas\u0131 gereken kurallar<\/strong><\/p><p>Herkesin keyifli bir deneyim ya\u015famas\u0131 i\u00e7in:<\/p><p>Ara\u00e7ta sigara i\u00e7mek yasakt\u0131r.;<\/p><p>Fast food t\u00fcketimi yasakt\u0131r.;<br \/>Alkol, yaln\u0131zca \u00f6nceden anla\u015fma sa\u011flanmas\u0131 halinde izin verilir.;<br \/>Yolcular, g\u00fcvenlik kurallar\u0131na ve s\u00fcr\u00fcc\u00fcn\u00fcn talimatlar\u0131na uymak zorundad\u0131r.<\/p><p><strong>Bagaj ve ki\u015fisel e\u015fyalar<\/strong><\/p><p>Rahat\u0131n\u0131z bizim i\u00e7in \u00f6nemlidir, ancak yolculuk s\u0131ras\u0131nda kaybolan veya hasar g\u00f6ren e\u015fyalardan sorumlu de\u011filiz. L\u00fctfen yolculuk \u00f6ncesinde ve sonras\u0131nda bagaj\u0131n\u0131z\u0131 kontrol etti\u011finizden emin olun.<\/p><p><strong>Amac\u0131m\u0131z<\/strong><\/p><p>Minibus.al, g\u00fcvenli, konforlu ve g\u00fcvenilir bir ula\u015f\u0131m deneyimi sunmay\u0131 taahh\u00fct eder. Bizden rezervasyon yapt\u0131rarak bu \u015fartlar\u0131 kabul etmi\u015f olursunuz.<\/p><p>Herhangi bir sorunuz varsa veya daha fazla bilgiye ihtiyac\u0131n\u0131z varsa, size yard\u0131mc\u0131 olmaktan memnuniyet duyar\u0131z. Bize info@minibus.al adresinden ula\u015fabilirsiniz.<\/p>\t\t\t\t\t\t\t\t<\/div>\n\t\t\t\t<\/div>\n\t\t<div class=\"elementor-element elementor-element-b5b8340 e-con-full e-flex e-con e-child\" data-id=\"b5b8340\" data-element_type=\"container\" data-e-type=\"container\">\n\t\t<div class=\"elementor-element elementor-element-bc2fa1b e-flex e-con-boxed e-con e-child\" data-id=\"bc2fa1b\" data-element_type=\"container\" data-e-type=\"container\" data-settings=\"{&quot;background_background&quot;:&quot;classic&quot;}\">\n\t\t\t\t\t<div class=\"e-con-inner\">\n\t\t\t\t<div class=\"elementor-element elementor-element-5123186 elementor-widget__width-auto elementor-widget elementor-widget-heading\" data-id=\"5123186\" data-element_type=\"widget\" data-e-type=\"widget\" data-widget_type=\"heading.default\">\n\t\t\t\t\t<h3 class=\"elementor-heading-title elementor-size-default\">10% indirim<\/h3>\t\t\t\t<\/div>\n\t\t\t\t<div class=\"elementor-element elementor-element-87d0a21 elementor-widget__width-auto elementor-widget elementor-widget-heading\" data-id=\"87d0a21\" data-element_type=\"widget\" data-e-type=\"widget\" data-widget_type=\"heading.default\">\n\t\t\t\t\t<div class=\"elementor-heading-title elementor-size-default\">31 May\u0131s'a kadar yap\u0131lan t\u00fcm rezervasyonlarda 'a varan indirim.<\/div>\t\t\t\t<\/div>\n\t\t\t\t\t<\/div>\n\t\t\t\t<\/div>\n\t\t<div class=\"elementor-element elementor-element-ccacd13 e-con-full e-flex e-con e-child\" data-id=\"ccacd13\" data-element_type=\"container\" data-e-type=\"container\">\n\t\t\t\t<div class=\"elementor-element elementor-element-9a3e5a9 elementor-widget__width-initial elementor-widget elementor-widget-image\" data-id=\"9a3e5a9\" data-element_type=\"widget\" data-e-type=\"widget\" data-widget_type=\"image.default\">\n\t\t\t\t\t\t\t\t\t\t\t\t\t\t\t\t<a href=\"#\">\n\t\t\t\t\t\t\t<img fetchpriority=\"high\" decoding=\"async\" width=\"630\" height=\"441\" src=\"https:\/\/minibus.al\/wp-content\/uploads\/2025\/10\/Transfer-416_2268_0182-landscape-630x441-1.jpg\" class=\"attachment-full size-full wp-image-988709\" alt=\"\" srcset=\"https:\/\/minibus.al\/wp-content\/uploads\/2025\/10\/Transfer-416_2268_0182-landscape-630x441-1.jpg 630w, https:\/\/minibus.al\/wp-content\/uploads\/2025\/10\/Transfer-416_2268_0182-landscape-630x441-1-600x420.jpg 600w, https:\/\/minibus.al\/wp-content\/uploads\/2025\/10\/Transfer-416_2268_0182-landscape-630x441-1-300x210.jpg 300w, https:\/\/minibus.al\/wp-content\/uploads\/2025\/10\/Transfer-416_2268_0182-landscape-630x441-1-420x294.jpg 420w, https:\/\/minibus.al\/wp-content\/uploads\/2025\/10\/Transfer-416_2268_0182-landscape-630x441-1-315x221.jpg 315w\" sizes=\"(max-width: 630px) 100vw, 630px\" title=\"\">\t\t\t\t\t\t\t\t<\/a>\n\t\t\t\t\t\t\t\t\t\t\t\t\t\t\t<\/div>\n\t\t\t\t<div class=\"elementor-element elementor-element-7103e44 elementor-widget__width-initial elementor-widget elementor-widget-heading\" data-id=\"7103e44\" data-element_type=\"widget\" data-e-type=\"widget\" data-widget_type=\"heading.default\">\n\t\t\t\t\t<h3 class=\"elementor-heading-title elementor-size-default\"><a href=\"#\">Havaliman\u0131ndan \u00f6zel transfer<\/a><\/h3>\t\t\t\t<\/div>\n\t\t\t\t<\/div>\n\t\t<div class=\"elementor-element elementor-element-ee1ad98 e-con-full e-flex e-con e-child\" data-id=\"ee1ad98\" data-element_type=\"container\" data-e-type=\"container\">\n\t\t\t\t<div class=\"elementor-element elementor-element-5b8e7c3 elementor-widget__width-initial elementor-widget elementor-widget-image\" data-id=\"5b8e7c3\" data-element_type=\"widget\" data-e-type=\"widget\" data-widget_type=\"image.default\">\n\t\t\t\t\t\t\t\t\t\t\t\t\t\t\t\t<a href=\"#\">\n\t\t\t\t\t\t\t<img decoding=\"async\" width=\"800\" height=\"560\" src=\"https:\/\/minibus.al\/wp-content\/uploads\/2024\/01\/Crop800x600-landscape.jpeg\" class=\"attachment-full size-full wp-image-988653\" alt=\"\" srcset=\"https:\/\/minibus.al\/wp-content\/uploads\/2024\/01\/Crop800x600-landscape.jpeg 800w, https:\/\/minibus.al\/wp-content\/uploads\/2024\/01\/Crop800x600-landscape-600x420.jpeg 600w, https:\/\/minibus.al\/wp-content\/uploads\/2024\/01\/Crop800x600-landscape-300x210.jpeg 300w, https:\/\/minibus.al\/wp-content\/uploads\/2024\/01\/Crop800x600-landscape-768x538.jpeg 768w, https:\/\/minibus.al\/wp-content\/uploads\/2024\/01\/Crop800x600-landscape-630x441.jpeg 630w, https:\/\/minibus.al\/wp-content\/uploads\/2024\/01\/Crop800x600-landscape-420x294.jpeg 420w, https:\/\/minibus.al\/wp-content\/uploads\/2024\/01\/Crop800x600-landscape-315x221.jpeg 315w\" sizes=\"(max-width: 800px) 100vw, 800px\" title=\"\">\t\t\t\t\t\t\t\t<\/a>\n\t\t\t\t\t\t\t\t\t\t\t\t\t\t\t<\/div>\n\t\t\t\t<div class=\"elementor-element elementor-element-6a7fc3f elementor-widget__width-initial elementor-widget elementor-widget-heading\" data-id=\"6a7fc3f\" data-element_type=\"widget\" data-e-type=\"widget\" data-widget_type=\"heading.default\">\n\t\t\t\t\t<h3 class=\"elementor-heading-title elementor-size-default\"><a href=\"#\">\u00d6zel \u015fof\u00f6rl\u00fc transfer<\/a><\/h3>\t\t\t\t<\/div>\n\t\t\t\t<\/div>\n\t\t\t\t<\/div>\n\t\t\t\t\t<\/div>\n\t\t\t\t<\/div>\n\t\t\t\t<\/div>","protected":false},"excerpt":{"rendered":"<p>Kushtet dhe rregullat e p\u00ebrdorimit Kushtet dhe rregullat e p\u00ebrdorimit \u2013 Lexoni termat q\u00eb p\u00ebrcaktojn\u00eb p\u00ebrdorimin e sh\u00ebrbimit ton\u00eb, t\u00eb drejtat dhe detyrimet e p\u00ebrdoruesve, si dhe politikat kryesore p\u00ebr nj\u00eb eksperienc\u00eb t\u00eb sigurt dhe transparente. T\u00eb gjitha rezervimet me Minibus.al i n\u00ebnshtrohen k\u00ebtyre Kushteve dhe Afateve. Nj\u00eb rezervim konsiderohet i konfirmuar dhe i vlefsh\u00ebm [&hellip;]<\/p>\n","protected":false},"author":1,"featured_media":0,"parent":0,"menu_order":0,"comment_status":"closed","ping_status":"closed","template":"","meta":{"footnotes":""},"class_list":["post-988417","page","type-page","status-publish","hentry"],"_links":{"self":[{"href":"https:\/\/minibus.al\/tr\/wp-json\/wp\/v2\/pages\/988417","targetHints":{"allow":["GET"]}}],"collection":[{"href":"https:\/\/minibus.al\/tr\/wp-json\/wp\/v2\/pages"}],"about":[{"href":"https:\/\/minibus.al\/tr\/wp-json\/wp\/v2\/types\/page"}],"author":[{"embeddable":true,"href":"https:\/\/minibus.al\/tr\/wp-json\/wp\/v2\/users\/1"}],"replies":[{"embeddable":true,"href":"https:\/\/minibus.al\/tr\/wp-json\/wp\/v2\/comments?post=988417"}],"version-history":[{"count":8,"href":"https:\/\/minibus.al\/tr\/wp-json\/wp\/v2\/pages\/988417\/revisions"}],"predecessor-version":[{"id":989484,"href":"https:\/\/minibus.al\/tr\/wp-json\/wp\/v2\/pages\/988417\/revisions\/989484"}],"wp:attachment":[{"href":"https:\/\/minibus.al\/tr\/wp-json\/wp\/v2\/media?parent=988417"}],"curies":[{"name":"wp","href":"https:\/\/api.w.org\/{rel}","templated":true}]}}