{"id":989168,"date":"2026-02-02T14:47:44","date_gmt":"2026-02-02T14:47:44","guid":{"rendered":"https:\/\/minibus.al\/?post_type=product&#038;p=989168"},"modified":"2026-02-02T14:47:45","modified_gmt":"2026-02-02T14:47:45","slug":"minibus-me-shofer-nga-tirana-ne-brezovice","status":"publish","type":"product","link":"https:\/\/minibus.al\/sv\/produkt\/minibus-me-shofer-nga-tirana-ne-brezovice\/","title":{"rendered":"Minibus me Shofer nga Tirana n\u00eb Brezovic\u00eb"},"content":{"rendered":"<p>Minibusi me shofer me qira nga Tirana n\u00eb Brezovic\u00eb \u00ebsht\u00eb zgjidhja ideale p\u00ebr grupe q\u00eb k\u00ebrkojn\u00eb udh\u00ebtim t\u00eb rehatsh\u00ebm, t\u00eb sigurt dhe pa stres. Ne ofrojm\u00eb minibus modern me shofer profesionist, t\u00eb p\u00ebrshtatshme p\u00ebr familje, grupe miqsh apo grupe turistike q\u00eb udh\u00ebtojn\u00eb drejt Brezovic\u00ebs p\u00ebr ski, pushime apo evente t\u00eb ve\u00e7anta.<\/p>\n<p>Nisja \u00ebsht\u00eb plot\u00ebsisht fleksibile sipas orarit tuaj, qoft\u00eb her\u00ebt n\u00eb m\u00ebngjes apo gjat\u00eb dit\u00ebs, dhe itinerari mund t\u00eb p\u00ebrshtatet sipas nevojave t\u00eb grupit. Shofer\u00ebt tan\u00eb njohin mir\u00eb rrug\u00ebn dhe kujdesen p\u00ebr nj\u00eb udh\u00ebtim t\u00eb qet\u00eb dhe t\u00eb sigurt gjat\u00eb gjith\u00eb rrug\u00ebs, duke ju lejuar t\u00eb shijoni udh\u00ebtimin pa shqet\u00ebsime.<\/p>\n<p>Ky sh\u00ebrbim \u00ebsht\u00eb i dedikuar vet\u00ebm p\u00ebr grupe dhe garanton hap\u00ebsir\u00eb t\u00eb mjaftueshme p\u00ebr pasagjer\u00ebt dhe bagazhet, duke e b\u00ebr\u00eb udh\u00ebtimin nga Tirana n\u00eb Brezovic\u00eb sa m\u00eb komod dhe efikas.<\/p>","protected":false},"excerpt":{"rendered":"<p>Minibusi me shofer me qira nga Tirana n\u00eb Brezovic\u00eb \u00ebsht\u00eb zgjidhja ideale p\u00ebr grupe q\u00eb k\u00ebrkojn\u00eb udh\u00ebtim t\u00eb rehatsh\u00ebm, t\u00eb sigurt dhe pa stres.<\/p>","protected":false},"featured_media":989169,"comment_status":"open","ping_status":"closed","template":"","meta":[],"product_brand":[],"product_cat":[140],"product_tag":[],"class_list":{"0":"post-989168","1":"product","2":"type-product","3":"status-publish","4":"has-post-thumbnail","6":"product_cat-transport","8":"first","9":"instock","10":"shipping-taxable","11":"product-type-external"},"_links":{"self":[{"href":"https:\/\/minibus.al\/sv\/wp-json\/wp\/v2\/product\/989168","targetHints":{"allow":["GET"]}}],"collection":[{"href":"https:\/\/minibus.al\/sv\/wp-json\/wp\/v2\/product"}],"about":[{"href":"https:\/\/minibus.al\/sv\/wp-json\/wp\/v2\/types\/product"}],"replies":[{"embeddable":true,"href":"https:\/\/minibus.al\/sv\/wp-json\/wp\/v2\/comments?post=989168"}],"wp:featuredmedia":[{"embeddable":true,"href":"https:\/\/minibus.al\/sv\/wp-json\/wp\/v2\/media\/989169"}],"wp:attachment":[{"href":"https:\/\/minibus.al\/sv\/wp-json\/wp\/v2\/media?parent=989168"}],"wp:term":[{"taxonomy":"product_brand","embeddable":true,"href":"https:\/\/minibus.al\/sv\/wp-json\/wp\/v2\/product_brand?post=989168"},{"taxonomy":"product_cat","embeddable":true,"href":"https:\/\/minibus.al\/sv\/wp-json\/wp\/v2\/product_cat?post=989168"},{"taxonomy":"product_tag","embeddable":true,"href":"https:\/\/minibus.al\/sv\/wp-json\/wp\/v2\/product_tag?post=989168"}],"curies":[{"name":"wp","href":"https:\/\/api.w.org\/{rel}","templated":true}]}}