{"id":989044,"date":"2026-01-10T09:46:55","date_gmt":"2026-01-10T09:46:55","guid":{"rendered":"https:\/\/minibus.al\/?page_id=989044"},"modified":"2026-01-10T10:10:20","modified_gmt":"2026-01-10T10:10:20","slug":"balkan","status":"publish","type":"page","link":"https:\/\/minibus.al\/sv\/balkan\/","title":{"rendered":"Balkan"},"content":{"rendered":"<div data-elementor-type=\"wp-page\" data-elementor-id=\"989044\" class=\"elementor elementor-989044\">\n\t\t\t\t<div class=\"elementor-element elementor-element-bb688f0 e-con-full e-flex e-con e-parent\" data-id=\"bb688f0\" data-element_type=\"container\" data-e-type=\"container\" data-settings=\"{&quot;background_background&quot;:&quot;classic&quot;}\">\n\t\t\t\t<div class=\"elementor-element elementor-element-76ce4ad elementor-widget__width-auto elementor-widget elementor-widget-heading\" data-id=\"76ce4ad\" data-element_type=\"widget\" data-e-type=\"widget\" data-widget_type=\"heading.default\">\n\t\t\t\t\t<h1 class=\"elementor-heading-title elementor-size-default\">Uthyrning av minibussar med chauff\u00f6r p\u00e5 Balkan.\n<\/h1>\t\t\t\t<\/div>\n\t\t\t\t<div class=\"elementor-element elementor-element-4e8e1b0 elementor-widget elementor-widget-text-editor\" data-id=\"4e8e1b0\" data-element_type=\"widget\" data-e-type=\"widget\" data-widget_type=\"text-editor.default\">\n\t\t\t\t\t\t\t\t\tVi erbjuder uthyrning av minibussar med chauff\u00f6r p\u00e5 Balkan; v\u00e5r fordonsflotta erbjuder tj\u00e4nster i Albanien, Montenegro, Grekland, Serbien och andra l\u00e4nder.\t\t\t\t\t\t\t\t<\/div>\n\t\t\t\t<div class=\"elementor-element elementor-element-4454caf elementor-widget__width-auto elementor-widget elementor-widget-heading\" data-id=\"4454caf\" data-element_type=\"widget\" data-e-type=\"widget\" data-widget_type=\"heading.default\">\n\t\t\t\t\t<h3 class=\"elementor-heading-title elementor-size-default\"><a href=\"https:\/\/minibus.al\/sv\/kontakta-oss\/\">Kontakta oss nu<\/a><\/h3>\t\t\t\t<\/div>\n\t\t\t\t<\/div>\n\t\t<div class=\"elementor-element elementor-element-a0151a8 e-flex e-con-boxed e-con e-parent\" data-id=\"a0151a8\" data-element_type=\"container\" data-e-type=\"container\" data-settings=\"{&quot;background_background&quot;:&quot;classic&quot;}\">\n\t\t\t\t\t<div class=\"e-con-inner\">\n\t\t<div class=\"elementor-element elementor-element-25af49d e-con-full e-flex e-con e-child\" data-id=\"25af49d\" data-element_type=\"container\" data-e-type=\"container\" data-settings=\"{&quot;background_background&quot;:&quot;classic&quot;}\">\n\t\t<div class=\"elementor-element elementor-element-c113728 e-con-full e-flex e-con e-child\" data-id=\"c113728\" data-element_type=\"container\" data-e-type=\"container\" data-settings=\"{&quot;background_background&quot;:&quot;classic&quot;}\">\n\t\t\t\t<div class=\"elementor-element elementor-element-62b05b0 elementor-widget elementor-widget-heading\" data-id=\"62b05b0\" data-element_type=\"widget\" data-e-type=\"widget\" data-widget_type=\"heading.default\">\n\t\t\t\t\t<h4 class=\"elementor-heading-title elementor-size-default\">\u00d6verf\u00f6ring<\/h4>\t\t\t\t<\/div>\n\t\t\t\t<div class=\"elementor-element elementor-element-25d1110 elementor-widget elementor-widget-heading\" data-id=\"25d1110\" data-element_type=\"widget\" data-e-type=\"widget\" data-widget_type=\"heading.default\">\n\t\t\t\t\t<h2 class=\"elementor-heading-title elementor-size-default\">Transfer med minibuss till valfri flygplats p\u00e5 Balkan.<\/h2>\t\t\t\t<\/div>\n\t\t\t\t<div class=\"elementor-element elementor-element-10d85ea elementor-widget elementor-widget-text-editor\" data-id=\"10d85ea\" data-element_type=\"widget\" data-e-type=\"widget\" data-widget_type=\"text-editor.default\">\n\t\t\t\t\t\t\t\t\t<p>Upplev en privat flygplatstransfer i en bekv\u00e4m minibuss med professionell service.<\/p>\t\t\t\t\t\t\t\t<\/div>\n\t\t\t\t<div class=\"elementor-element elementor-element-0444086 elementor-widget elementor-widget-button\" data-id=\"0444086\" data-element_type=\"widget\" data-e-type=\"widget\" data-widget_type=\"button.default\">\n\t\t\t\t\t\t\t\t\t\t<a class=\"elementor-button elementor-size-md\" role=\"button\">\n\t\t\t\t\t\t<span class=\"elementor-button-content-wrapper\">\n\t\t\t\t\t\t\t\t\t<span class=\"elementor-button-text\">Mer<\/span>\n\t\t\t\t\t<\/span>\n\t\t\t\t\t<\/a>\n\t\t\t\t\t\t\t\t<\/div>\n\t\t\t\t<\/div>\n\t\t\t\t<\/div>\n\t\t\t\t\t<\/div>\n\t\t\t\t<\/div>\n\t\t<div class=\"elementor-element elementor-element-00a54b4 e-flex e-con-boxed e-con e-parent\" data-id=\"00a54b4\" data-element_type=\"container\" data-e-type=\"container\" data-settings=\"{&quot;background_background&quot;:&quot;classic&quot;}\">\n\t\t\t\t\t<div class=\"e-con-inner\">\n\t\t\t\t<div class=\"elementor-element elementor-element-ac4baec elementor-widget elementor-widget-heading\" data-id=\"ac4baec\" data-element_type=\"widget\" data-e-type=\"widget\" data-widget_type=\"heading.default\">\n\t\t\t\t\t<h4 class=\"elementor-heading-title elementor-size-default\">Stater<\/h4>\t\t\t\t<\/div>\n\t\t\t\t<div class=\"elementor-element elementor-element-a5fdac1 elementor-widget elementor-widget-heading\" data-id=\"a5fdac1\" data-element_type=\"widget\" data-e-type=\"widget\" data-widget_type=\"heading.default\">\n\t\t\t\t\t<h2 class=\"elementor-heading-title elementor-size-default\">N\u00e5gra av de delstater d\u00e4r vi erbjuder uthyrning av minibussar med chauff\u00f6r.<\/h2>\t\t\t\t<\/div>\n\t\t\t\t\t<\/div>\n\t\t\t\t<\/div>\n\t\t<div class=\"elementor-element elementor-element-fabf368 e-flex e-con-boxed e-con e-parent\" data-id=\"fabf368\" data-element_type=\"container\" data-e-type=\"container\" data-settings=\"{&quot;background_background&quot;:&quot;classic&quot;}\">\n\t\t\t\t\t<div class=\"e-con-inner\">\n\t\t<div class=\"elementor-element elementor-element-a1ef810 e-con-full e-flex e-con e-child\" data-id=\"a1ef810\" data-element_type=\"container\" data-e-type=\"container\">\n\t\t\t\t<div class=\"elementor-element elementor-element-1336009 elementor-widget elementor-widget-image\" data-id=\"1336009\" data-element_type=\"widget\" data-e-type=\"widget\" data-widget_type=\"image.default\">\n\t\t\t\t\t\t\t\t\t\t\t\t\t\t\t\t<a href=\"#\">\n\t\t\t\t\t\t\t<img fetchpriority=\"high\" decoding=\"async\" width=\"1200\" height=\"800\" src=\"https:\/\/minibus.al\/wp-content\/uploads\/2026\/01\/St-Stefan-2-.png\" class=\"attachment-full size-full wp-image-989065\" alt=\"\" srcset=\"https:\/\/minibus.al\/wp-content\/uploads\/2026\/01\/St-Stefan-2-.png 1200w, https:\/\/minibus.al\/wp-content\/uploads\/2026\/01\/St-Stefan-2--600x400.png 600w, https:\/\/minibus.al\/wp-content\/uploads\/2026\/01\/St-Stefan-2--300x200.png 300w, https:\/\/minibus.al\/wp-content\/uploads\/2026\/01\/St-Stefan-2--1024x683.png 1024w, https:\/\/minibus.al\/wp-content\/uploads\/2026\/01\/St-Stefan-2--768x512.png 768w, https:\/\/minibus.al\/wp-content\/uploads\/2026\/01\/St-Stefan-2--18x12.png 18w\" sizes=\"(max-width: 1200px) 100vw, 1200px\" title=\"\">\t\t\t\t\t\t\t\t<\/a>\n\t\t\t\t\t\t\t\t\t\t\t\t\t\t\t<\/div>\n\t\t\t\t<div class=\"elementor-element elementor-element-346d5b0 elementor-widget elementor-widget-heading\" data-id=\"346d5b0\" data-element_type=\"widget\" data-e-type=\"widget\" data-widget_type=\"heading.default\">\n\t\t\t\t\t<h3 class=\"elementor-heading-title elementor-size-default\">Black Mountain<\/h3>\t\t\t\t<\/div>\n\t\t\t\t<\/div>\n\t\t<div class=\"elementor-element elementor-element-9b9f357 e-con-full e-flex e-con e-child\" data-id=\"9b9f357\" data-element_type=\"container\" data-e-type=\"container\">\n\t\t\t\t<div class=\"elementor-element elementor-element-116f8b7 elementor-widget elementor-widget-image\" data-id=\"116f8b7\" data-element_type=\"widget\" data-e-type=\"widget\" data-widget_type=\"image.default\">\n\t\t\t\t\t\t\t\t\t\t\t\t\t\t\t\t<a href=\"#\">\n\t\t\t\t\t\t\t<img decoding=\"async\" width=\"1280\" height=\"853\" src=\"https:\/\/minibus.al\/wp-content\/uploads\/2026\/01\/kosovo-dmc.webp\" class=\"attachment-full size-full wp-image-989061\" alt=\"\" srcset=\"https:\/\/minibus.al\/wp-content\/uploads\/2026\/01\/kosovo-dmc.webp 1280w, https:\/\/minibus.al\/wp-content\/uploads\/2026\/01\/kosovo-dmc-600x400.webp 600w, https:\/\/minibus.al\/wp-content\/uploads\/2026\/01\/kosovo-dmc-300x200.webp 300w, https:\/\/minibus.al\/wp-content\/uploads\/2026\/01\/kosovo-dmc-1024x682.webp 1024w, https:\/\/minibus.al\/wp-content\/uploads\/2026\/01\/kosovo-dmc-768x512.webp 768w, https:\/\/minibus.al\/wp-content\/uploads\/2026\/01\/kosovo-dmc-18x12.webp 18w\" sizes=\"(max-width: 1280px) 100vw, 1280px\" title=\"\">\t\t\t\t\t\t\t\t<\/a>\n\t\t\t\t\t\t\t\t\t\t\t\t\t\t\t<\/div>\n\t\t\t\t<div class=\"elementor-element elementor-element-5a889ba elementor-widget elementor-widget-heading\" data-id=\"5a889ba\" data-element_type=\"widget\" data-e-type=\"widget\" data-widget_type=\"heading.default\">\n\t\t\t\t\t<h3 class=\"elementor-heading-title elementor-size-default\">Kosovo<\/h3>\t\t\t\t<\/div>\n\t\t\t\t<\/div>\n\t\t<div class=\"elementor-element elementor-element-74d03a7 e-con-full e-flex e-con e-child\" data-id=\"74d03a7\" data-element_type=\"container\" data-e-type=\"container\" data-settings=\"{&quot;background_background&quot;:&quot;classic&quot;}\">\n\t\t\t\t<div class=\"elementor-element elementor-element-cf0e65c elementor-widget elementor-widget-image\" data-id=\"cf0e65c\" data-element_type=\"widget\" data-e-type=\"widget\" data-widget_type=\"image.default\">\n\t\t\t\t\t\t\t\t\t\t\t\t\t\t\t\t<a href=\"#\">\n\t\t\t\t\t\t\t<img decoding=\"async\" width=\"1254\" height=\"836\" src=\"https:\/\/minibus.al\/wp-content\/uploads\/2026\/01\/North-macedonia.webp\" class=\"attachment-full size-full wp-image-989062\" alt=\"\" srcset=\"https:\/\/minibus.al\/wp-content\/uploads\/2026\/01\/North-macedonia.webp 1254w, https:\/\/minibus.al\/wp-content\/uploads\/2026\/01\/North-macedonia-600x400.webp 600w, https:\/\/minibus.al\/wp-content\/uploads\/2026\/01\/North-macedonia-300x200.webp 300w, https:\/\/minibus.al\/wp-content\/uploads\/2026\/01\/North-macedonia-1024x683.webp 1024w, https:\/\/minibus.al\/wp-content\/uploads\/2026\/01\/North-macedonia-768x512.webp 768w, https:\/\/minibus.al\/wp-content\/uploads\/2026\/01\/North-macedonia-18x12.webp 18w\" sizes=\"(max-width: 1254px) 100vw, 1254px\" title=\"\">\t\t\t\t\t\t\t\t<\/a>\n\t\t\t\t\t\t\t\t\t\t\t\t\t\t\t<\/div>\n\t\t\t\t<div class=\"elementor-element elementor-element-e236cab elementor-widget elementor-widget-heading\" data-id=\"e236cab\" data-element_type=\"widget\" data-e-type=\"widget\" data-widget_type=\"heading.default\">\n\t\t\t\t\t<h3 class=\"elementor-heading-title elementor-size-default\">Nordmakedonien<\/h3>\t\t\t\t<\/div>\n\t\t\t\t<\/div>\n\t\t\t\t\t<\/div>\n\t\t\t\t<\/div>\n\t\t<div class=\"elementor-element elementor-element-4c93bbf e-flex e-con-boxed e-con e-parent\" data-id=\"4c93bbf\" data-element_type=\"container\" data-e-type=\"container\" data-settings=\"{&quot;background_background&quot;:&quot;classic&quot;}\">\n\t\t\t\t\t<div class=\"e-con-inner\">\n\t\t<div class=\"elementor-element elementor-element-7e7e654 e-con-full e-flex e-con e-child\" data-id=\"7e7e654\" data-element_type=\"container\" data-e-type=\"container\">\n\t\t\t\t<div class=\"elementor-element elementor-element-a05fb12 elementor-widget elementor-widget-image\" data-id=\"a05fb12\" data-element_type=\"widget\" data-e-type=\"widget\" data-widget_type=\"image.default\">\n\t\t\t\t\t\t\t\t\t\t\t\t\t\t\t\t<a href=\"#\">\n\t\t\t\t\t\t\t<img loading=\"lazy\" decoding=\"async\" width=\"620\" height=\"413\" src=\"https:\/\/minibus.al\/wp-content\/uploads\/2026\/01\/croatia-dmc.jpg\" class=\"attachment-full size-full wp-image-989063\" alt=\"\" srcset=\"https:\/\/minibus.al\/wp-content\/uploads\/2026\/01\/croatia-dmc.jpg 620w, https:\/\/minibus.al\/wp-content\/uploads\/2026\/01\/croatia-dmc-600x400.jpg 600w, https:\/\/minibus.al\/wp-content\/uploads\/2026\/01\/croatia-dmc-300x200.jpg 300w, https:\/\/minibus.al\/wp-content\/uploads\/2026\/01\/croatia-dmc-18x12.jpg 18w\" sizes=\"(max-width: 620px) 100vw, 620px\" title=\"\">\t\t\t\t\t\t\t\t<\/a>\n\t\t\t\t\t\t\t\t\t\t\t\t\t\t\t<\/div>\n\t\t\t\t<div class=\"elementor-element elementor-element-02bed3b elementor-widget elementor-widget-heading\" data-id=\"02bed3b\" data-element_type=\"widget\" data-e-type=\"widget\" data-widget_type=\"heading.default\">\n\t\t\t\t\t<h3 class=\"elementor-heading-title elementor-size-default\">Kroatien<\/h3>\t\t\t\t<\/div>\n\t\t\t\t<\/div>\n\t\t<div class=\"elementor-element elementor-element-e8718c9 e-con-full e-flex e-con e-child\" data-id=\"e8718c9\" data-element_type=\"container\" data-e-type=\"container\">\n\t\t\t\t<div class=\"elementor-element elementor-element-e09ad01 elementor-widget elementor-widget-image\" data-id=\"e09ad01\" data-element_type=\"widget\" data-e-type=\"widget\" data-widget_type=\"image.default\">\n\t\t\t\t\t\t\t\t\t\t\t\t\t\t\t\t<a href=\"#\">\n\t\t\t\t\t\t\t<img decoding=\"async\" width=\"1280\" height=\"853\" src=\"https:\/\/minibus.al\/wp-content\/uploads\/2026\/01\/kosovo-dmc.webp\" class=\"attachment-full size-full wp-image-989061\" alt=\"\" srcset=\"https:\/\/minibus.al\/wp-content\/uploads\/2026\/01\/kosovo-dmc.webp 1280w, https:\/\/minibus.al\/wp-content\/uploads\/2026\/01\/kosovo-dmc-600x400.webp 600w, https:\/\/minibus.al\/wp-content\/uploads\/2026\/01\/kosovo-dmc-300x200.webp 300w, https:\/\/minibus.al\/wp-content\/uploads\/2026\/01\/kosovo-dmc-1024x682.webp 1024w, https:\/\/minibus.al\/wp-content\/uploads\/2026\/01\/kosovo-dmc-768x512.webp 768w, https:\/\/minibus.al\/wp-content\/uploads\/2026\/01\/kosovo-dmc-18x12.webp 18w\" sizes=\"(max-width: 1280px) 100vw, 1280px\" title=\"\">\t\t\t\t\t\t\t\t<\/a>\n\t\t\t\t\t\t\t\t\t\t\t\t\t\t\t<\/div>\n\t\t\t\t<div class=\"elementor-element elementor-element-6192f4d elementor-widget elementor-widget-heading\" data-id=\"6192f4d\" data-element_type=\"widget\" data-e-type=\"widget\" data-widget_type=\"heading.default\">\n\t\t\t\t\t<h3 class=\"elementor-heading-title elementor-size-default\">serbiska<\/h3>\t\t\t\t<\/div>\n\t\t\t\t<\/div>\n\t\t<div class=\"elementor-element elementor-element-9d00fa3 e-con-full e-flex e-con e-child\" data-id=\"9d00fa3\" data-element_type=\"container\" data-e-type=\"container\" data-settings=\"{&quot;background_background&quot;:&quot;classic&quot;}\">\n\t\t\t\t<div class=\"elementor-element elementor-element-b06b7c9 elementor-widget elementor-widget-image\" data-id=\"b06b7c9\" data-element_type=\"widget\" data-e-type=\"widget\" data-widget_type=\"image.default\">\n\t\t\t\t\t\t\t\t\t\t\t\t\t\t\t\t<a href=\"#\">\n\t\t\t\t\t\t\t<img decoding=\"async\" width=\"1254\" height=\"836\" src=\"https:\/\/minibus.al\/wp-content\/uploads\/2026\/01\/North-macedonia.webp\" class=\"attachment-full size-full wp-image-989062\" alt=\"\" srcset=\"https:\/\/minibus.al\/wp-content\/uploads\/2026\/01\/North-macedonia.webp 1254w, https:\/\/minibus.al\/wp-content\/uploads\/2026\/01\/North-macedonia-600x400.webp 600w, https:\/\/minibus.al\/wp-content\/uploads\/2026\/01\/North-macedonia-300x200.webp 300w, https:\/\/minibus.al\/wp-content\/uploads\/2026\/01\/North-macedonia-1024x683.webp 1024w, https:\/\/minibus.al\/wp-content\/uploads\/2026\/01\/North-macedonia-768x512.webp 768w, https:\/\/minibus.al\/wp-content\/uploads\/2026\/01\/North-macedonia-18x12.webp 18w\" sizes=\"(max-width: 1254px) 100vw, 1254px\" title=\"\">\t\t\t\t\t\t\t\t<\/a>\n\t\t\t\t\t\t\t\t\t\t\t\t\t\t\t<\/div>\n\t\t\t\t<div class=\"elementor-element elementor-element-c16b23d elementor-widget elementor-widget-heading\" data-id=\"c16b23d\" data-element_type=\"widget\" data-e-type=\"widget\" data-widget_type=\"heading.default\">\n\t\t\t\t\t<h3 class=\"elementor-heading-title elementor-size-default\">Grekland<\/h3>\t\t\t\t<\/div>\n\t\t\t\t<\/div>\n\t\t\t\t\t<\/div>\n\t\t\t\t<\/div>\n\t\t\t\t<\/div>","protected":false},"excerpt":{"rendered":"<p>Minibus me qira me shofer n\u00eb Ballkan. Ne ofrojm\u00eb Minibus me qira me shofer n\u00eb Ballkan, flota jon\u00eb ofron\u00eb sh\u00ebrbime n\u00eb Shqip\u00ebri, Mal i zi, Greqi, Serbi dhe shtetet e tjera. Na kontaktoni tani Transfer Transfer me minibus n\u00eb cdo aeroport t\u00eb Ballkanit. P\u00ebrjetoni nj\u00eb transfert\u00eb private nga aeroporti me VAN ose Minibus t\u00eb rehatsh\u00ebm [&hellip;]<\/p>\n","protected":false},"author":1,"featured_media":988708,"parent":0,"menu_order":0,"comment_status":"closed","ping_status":"closed","template":"","meta":{"footnotes":""},"class_list":["post-989044","page","type-page","status-publish","has-post-thumbnail","hentry"],"_links":{"self":[{"href":"https:\/\/minibus.al\/sv\/wp-json\/wp\/v2\/pages\/989044","targetHints":{"allow":["GET"]}}],"collection":[{"href":"https:\/\/minibus.al\/sv\/wp-json\/wp\/v2\/pages"}],"about":[{"href":"https:\/\/minibus.al\/sv\/wp-json\/wp\/v2\/types\/page"}],"author":[{"embeddable":true,"href":"https:\/\/minibus.al\/sv\/wp-json\/wp\/v2\/users\/1"}],"replies":[{"embeddable":true,"href":"https:\/\/minibus.al\/sv\/wp-json\/wp\/v2\/comments?post=989044"}],"version-history":[{"count":20,"href":"https:\/\/minibus.al\/sv\/wp-json\/wp\/v2\/pages\/989044\/revisions"}],"predecessor-version":[{"id":989071,"href":"https:\/\/minibus.al\/sv\/wp-json\/wp\/v2\/pages\/989044\/revisions\/989071"}],"wp:featuredmedia":[{"embeddable":true,"href":"https:\/\/minibus.al\/sv\/wp-json\/wp\/v2\/media\/988708"}],"wp:attachment":[{"href":"https:\/\/minibus.al\/sv\/wp-json\/wp\/v2\/media?parent=989044"}],"curies":[{"name":"wp","href":"https:\/\/api.w.org\/{rel}","templated":true}]}}