{"id":988961,"date":"2025-12-12T07:38:26","date_gmt":"2025-12-12T07:38:26","guid":{"rendered":"https:\/\/minibus.al\/?page_id=988961"},"modified":"2025-12-12T08:13:29","modified_gmt":"2025-12-12T08:13:29","slug":"upp-till-8-passagerare","status":"publish","type":"page","link":"https:\/\/minibus.al\/sv\/flota-jone\/deri-ne-8-pasagjer\/","title":{"rendered":"Minibuss med 8+1 sittplatser att hyra med chauff\u00f6r i Albanien"},"content":{"rendered":"<div data-elementor-type=\"wp-page\" data-elementor-id=\"988961\" class=\"elementor elementor-988961\">\n\t\t\t\t<div class=\"elementor-element elementor-element-9157af8 e-flex e-con-boxed e-con e-parent\" data-id=\"9157af8\" data-element_type=\"container\" data-e-type=\"container\" data-settings=\"{&quot;background_background&quot;:&quot;classic&quot;}\">\n\t\t\t\t\t<div class=\"e-con-inner\">\n\t\t<div class=\"elementor-element elementor-element-2404e81 e-con-full e-flex e-con e-child\" data-id=\"2404e81\" data-element_type=\"container\" data-e-type=\"container\">\n\t\t\t\t<div class=\"elementor-element elementor-element-543e65c elementor-widget elementor-widget-heading\" data-id=\"543e65c\" data-element_type=\"widget\" data-e-type=\"widget\" data-widget_type=\"heading.default\">\n\t\t\t\t\t<h1 class=\"elementor-heading-title elementor-size-default\">Uthyrning av minibuss med chauff\u00f6r i Albanien \u2013 upp till 8 passagerare<\/h1>\t\t\t\t<\/div>\n\t\t\t\t<div class=\"elementor-element elementor-element-c4c7f96 elementor-widget elementor-widget-text-editor\" data-id=\"c4c7f96\" data-element_type=\"widget\" data-e-type=\"widget\" data-widget_type=\"text-editor.default\">\n\t\t\t\t\t\t\t\t\tBoka en minibuss med chauff\u00f6r i Albanien f\u00f6r grupper p\u00e5 upp till 8 personer. S\u00e4ker och bekv\u00e4m transport i Tirana, Durr\u00ebs, Shkod\u00ebr och andra destinationer f\u00f6r turism, evenemang och aff\u00e4rsresor.\t\t\t\t\t\t\t\t<\/div>\n\t\t\t\t<\/div>\n\t\t\t\t\t<\/div>\n\t\t\t\t<\/div>\n\t\t<div class=\"elementor-element elementor-element-d7bac3e e-flex e-con-boxed e-con e-parent\" data-id=\"d7bac3e\" data-element_type=\"container\" data-e-type=\"container\" data-settings=\"{&quot;background_background&quot;:&quot;classic&quot;}\">\n\t\t\t\t\t<div class=\"e-con-inner\">\n\t\t<div class=\"elementor-element elementor-element-50917bb e-con-full e-flex e-con e-child\" data-id=\"50917bb\" data-element_type=\"container\" data-e-type=\"container\">\n\t\t\t\t<div class=\"elementor-element elementor-element-df454eb elementor-widget elementor-widget-text-editor\" data-id=\"df454eb\" data-element_type=\"widget\" data-e-type=\"widget\" data-widget_type=\"text-editor.default\">\n\t\t\t\t\t\t\t\t\tVi erbjuder uthyrning av minibussar med chauff\u00f6r i hela Albanien, perfekt f\u00f6r grupper p\u00e5 upp till \u00e5tta passagerare. Denna tj\u00e4nst \u00e4r utformad f\u00f6r att garantera bekv\u00e4ma, s\u00e4kra och v\u00e4lorganiserade resor, oavsett om du reser f\u00f6r n\u00f6jes skull, i samband med evenemang eller i tj\u00e4nsten.\t\t\t\t\t\t\t\t<\/div>\n\t\t\t\t<div class=\"elementor-element elementor-element-f998bee elementor-widget elementor-widget-heading\" data-id=\"f998bee\" data-element_type=\"widget\" data-e-type=\"widget\" data-widget_type=\"heading.default\">\n\t\t\t\t\t<h3 class=\"elementor-heading-title elementor-size-default\">Anpassningsbarhet f\u00f6r olika grupper<\/h3>\t\t\t\t<\/div>\n\t\t\t\t<div class=\"elementor-element elementor-element-7f980eb elementor-widget elementor-widget-text-editor\" data-id=\"7f980eb\" data-element_type=\"widget\" data-e-type=\"widget\" data-widget_type=\"text-editor.default\">\n\t\t\t\t\t\t\t\t\tV\u00e5ra minibussar \u00e4r det perfekta valet f\u00f6r resebyr\u00e5er, familjer, v\u00e4nkretsar, f\u00f6retag, evenemangsarrang\u00f6rer och operat\u00f6rer som s\u00f6ker regelbunden och professionell transport. Inom turistbranschen erbjuder vi flexibla resplaner, stopp efter \u00f6nskem\u00e5l och erfarna chauff\u00f6rer som k\u00e4nner till varje str\u00e4cka p\u00e5 de albanska v\u00e4garna. Inom evenemangsbranschen ser vi till att grupptransporterna g\u00e5r smidigt \u2013 fr\u00e5n br\u00f6llop och f\u00f6retagsevenemang till konserter, konferenser, familjefester och sportaktiviteter.\t\t\t\t\t\t\t\t<\/div>\n\t\t\t\t<div class=\"elementor-element elementor-element-3f29037 elementor-widget elementor-widget-heading\" data-id=\"3f29037\" data-element_type=\"widget\" data-e-type=\"widget\" data-widget_type=\"heading.default\">\n\t\t\t\t\t<h3 class=\"elementor-heading-title elementor-size-default\">Uthyrning av minibussar i Tirana och omnejd.<br><\/h3>\t\t\t\t<\/div>\n\t\t\t\t<div class=\"elementor-element elementor-element-8a03359 elementor-widget elementor-widget-text-editor\" data-id=\"8a03359\" data-element_type=\"widget\" data-e-type=\"widget\" data-widget_type=\"text-editor.default\">\n\t\t\t\t\t\t\t\t\tV\u00e5r minibussuthyrning t\u00e4cker Albaniens st\u00f6rsta st\u00e4der, d\u00e4ribland Tirana, Durr\u00ebs, Shkod\u00ebr, Vlor\u00eb, Saranda, Berat, Gjirokastra, Kor\u00e7a, Elbasan och Lezh\u00eb. Fr\u00e5n Tiranas flygplats till sydkusten eller museist\u00e4derna erbjuder vi s\u00e4kra transporter som anpassas efter era tidsplaner och behov.\t\t\t\t\t\t\t\t<\/div>\n\t\t\t\t<div class=\"elementor-element elementor-element-cc8576f elementor-widget elementor-widget-heading\" data-id=\"cc8576f\" data-element_type=\"widget\" data-e-type=\"widget\" data-widget_type=\"heading.default\">\n\t\t\t\t\t<h3 class=\"elementor-heading-title elementor-size-default\">Yrkesf\u00f6rare och s\u00e4ker resande<\/h3>\t\t\t\t<\/div>\n\t\t\t\t<div class=\"elementor-element elementor-element-b75389e elementor-widget elementor-widget-text-editor\" data-id=\"b75389e\" data-element_type=\"widget\" data-e-type=\"widget\" data-widget_type=\"text-editor.default\">\n\t\t\t\t\t\t\t\t\tAlla resor genomf\u00f6rs av professionella, utbildade chauff\u00f6rer som innehar alla n\u00f6dv\u00e4ndiga k\u00f6rkort. V\u00e5ra minibussar erbjuder komfort, luftkonditionering, bagageutrymme och en komplett reseupplevelse, vilket g\u00f6r varje resa smidig och trevlig.\t\t\t\t\t\t\t\t<\/div>\n\t\t\t\t<div class=\"elementor-element elementor-element-636ac8c elementor-widget elementor-widget-heading\" data-id=\"636ac8c\" data-element_type=\"widget\" data-e-type=\"widget\" data-widget_type=\"heading.default\">\n\t\t\t\t\t<h3 class=\"elementor-heading-title elementor-size-default\">Varf\u00f6r minibus.al?<\/h3>\t\t\t\t<\/div>\n\t\t\t\t<div class=\"elementor-element elementor-element-07ca6b1 elementor-widget elementor-widget-text-editor\" data-id=\"07ca6b1\" data-element_type=\"widget\" data-e-type=\"widget\" data-widget_type=\"text-editor.default\">\n\t\t\t\t\t\t\t\t\tVi \u00e4r medvetna om att varje resa har sina egna behov. D\u00e4rf\u00f6r erbjuder vi ett utbud av minibussar f\u00f6r b\u00e5de sm\u00e5 och stora grupper, skr\u00e4ddarsydda resplaner och professionellt utbildade chauff\u00f6rer. S\u00e4kerhet, komfort och professionalism \u00e4r v\u00e5ra grundl\u00e4ggande principer, vilket garanterar en trevlig och avslappnad upplevelse f\u00f6r varje passagerare.\t\t\t\t\t\t\t\t<\/div>\n\t\t\t\t<div class=\"elementor-element elementor-element-911e7de elementor-widget elementor-widget-image\" data-id=\"911e7de\" data-element_type=\"widget\" data-e-type=\"widget\" data-widget_type=\"image.default\">\n\t\t\t\t\t\t\t\t\t\t\t\t\t\t\t<img fetchpriority=\"high\" decoding=\"async\" width=\"800\" height=\"560\" src=\"https:\/\/minibus.al\/wp-content\/uploads\/2024\/01\/Crop800x600-landscape.jpeg\" class=\"attachment-large size-large wp-image-988653\" alt=\"\" srcset=\"https:\/\/minibus.al\/wp-content\/uploads\/2024\/01\/Crop800x600-landscape.jpeg 800w, https:\/\/minibus.al\/wp-content\/uploads\/2024\/01\/Crop800x600-landscape-600x420.jpeg 600w, https:\/\/minibus.al\/wp-content\/uploads\/2024\/01\/Crop800x600-landscape-300x210.jpeg 300w, https:\/\/minibus.al\/wp-content\/uploads\/2024\/01\/Crop800x600-landscape-768x538.jpeg 768w, https:\/\/minibus.al\/wp-content\/uploads\/2024\/01\/Crop800x600-landscape-630x441.jpeg 630w, https:\/\/minibus.al\/wp-content\/uploads\/2024\/01\/Crop800x600-landscape-420x294.jpeg 420w, https:\/\/minibus.al\/wp-content\/uploads\/2024\/01\/Crop800x600-landscape-315x221.jpeg 315w\" sizes=\"(max-width: 800px) 100vw, 800px\" title=\"\">\t\t\t\t\t\t\t\t\t\t\t\t\t\t\t<\/div>\n\t\t\t\t<div class=\"elementor-element elementor-element-89ea343 elementor-widget elementor-widget-heading\" data-id=\"89ea343\" data-element_type=\"widget\" data-e-type=\"widget\" data-widget_type=\"heading.default\">\n\t\t\t\t\t<h3 class=\"elementor-heading-title elementor-size-default\">Avkoppling och maximal komfort<\/h3>\t\t\t\t<\/div>\n\t\t\t\t<div class=\"elementor-element elementor-element-c34765b elementor-widget elementor-widget-text-editor\" data-id=\"c34765b\" data-element_type=\"widget\" data-e-type=\"widget\" data-widget_type=\"text-editor.default\">\n\t\t\t\t\t\t\t\t\t<p>Om ni beh\u00f6ver en p\u00e5litlig d\u00f6rr-till-d\u00f6rr-service f\u00f6r mindre grupper \u00e4r v\u00e5ra minibussar med chauff\u00f6r det perfekta valet. Vi sk\u00f6ter alla detaljer \u2013 rutten, tidtabellerna, h\u00e5llplatserna och komforten \u2013 s\u00e5 att ni kan fokusera helt och h\u00e5llet p\u00e5 resan och upplevelsen.<\/p>\t\t\t\t\t\t\t\t<\/div>\n\t\t\t\t<\/div>\n\t\t<div class=\"elementor-element elementor-element-5053aa3 e-con-full e-flex e-con e-child\" data-id=\"5053aa3\" data-element_type=\"container\" data-e-type=\"container\">\n\t\t<div class=\"elementor-element elementor-element-d7f78a8 e-flex e-con-boxed e-con e-child\" data-id=\"d7f78a8\" data-element_type=\"container\" data-e-type=\"container\" data-settings=\"{&quot;background_background&quot;:&quot;classic&quot;}\">\n\t\t\t\t\t<div class=\"e-con-inner\">\n\t\t\t\t<div class=\"elementor-element elementor-element-dbfdd6b elementor-widget__width-auto elementor-widget elementor-widget-heading\" data-id=\"dbfdd6b\" data-element_type=\"widget\" data-e-type=\"widget\" data-widget_type=\"heading.default\">\n\t\t\t\t\t<h3 class=\"elementor-heading-title elementor-size-default\">Rabatt p\u00e5 10%<\/h3>\t\t\t\t<\/div>\n\t\t\t\t<div class=\"elementor-element elementor-element-8915590 elementor-widget__width-auto elementor-widget elementor-widget-heading\" data-id=\"8915590\" data-element_type=\"widget\" data-e-type=\"widget\" data-widget_type=\"heading.default\">\n\t\t\t\t\t<div class=\"elementor-heading-title elementor-size-default\">Upp till 10 % rabatt per bokning fram till den 31 maj 2026!<\/div>\t\t\t\t<\/div>\n\t\t\t\t\t<\/div>\n\t\t\t\t<\/div>\n\t\t<div class=\"elementor-element elementor-element-5681020 e-con-full e-flex e-con e-child\" data-id=\"5681020\" data-element_type=\"container\" data-e-type=\"container\">\n\t\t\t\t<div class=\"elementor-element elementor-element-bab86e4 elementor-widget__width-initial elementor-widget elementor-widget-heading\" data-id=\"bab86e4\" data-element_type=\"widget\" data-e-type=\"widget\" data-widget_type=\"heading.default\">\n\t\t\t\t\t<h3 class=\"elementor-heading-title elementor-size-default\"><a href=\"https:\/\/minibus.al\/sv\/uthyrning-av-minibuss-med-chauffor-for-utflykter\/\">Uthyrning av minibussar f\u00f6r turism<\/a><\/h3>\t\t\t\t<\/div>\n\t\t\t\t<\/div>\n\t\t<div class=\"elementor-element elementor-element-aa61225 e-con-full e-flex e-con e-child\" data-id=\"aa61225\" data-element_type=\"container\" data-e-type=\"container\">\n\t\t\t\t<div class=\"elementor-element elementor-element-f9f6754 elementor-widget__width-initial elementor-widget elementor-widget-heading\" data-id=\"f9f6754\" data-element_type=\"widget\" data-e-type=\"widget\" data-widget_type=\"heading.default\">\n\t\t\t\t\t<h3 class=\"elementor-heading-title elementor-size-default\"><a href=\"https:\/\/minibus.al\/sv\/uthyrning-av-minibuss-med-chauffor-for-evenemang\/\">Uthyrning av minibussar f\u00f6r evenemang<\/a><\/h3>\t\t\t\t<\/div>\n\t\t\t\t<\/div>\n\t\t<div class=\"elementor-element elementor-element-36b1fbe e-con-full e-flex e-con e-child\" data-id=\"36b1fbe\" data-element_type=\"container\" data-e-type=\"container\">\n\t\t\t\t<div class=\"elementor-element elementor-element-8ec7acc elementor-widget__width-initial elementor-widget elementor-widget-heading\" data-id=\"8ec7acc\" data-element_type=\"widget\" data-e-type=\"widget\" data-widget_type=\"heading.default\">\n\t\t\t\t\t<h3 class=\"elementor-heading-title elementor-size-default\"><a href=\"https:\/\/minibus.al\/sv\/uthyrning-av-minibussar-vid-tiranas-flygplats\/\">Privat flygplatstransfer<\/a><\/h3>\t\t\t\t<\/div>\n\t\t\t\t<\/div>\n\t\t\t\t<\/div>\n\t\t\t\t\t<\/div>\n\t\t\t\t<\/div>\n\t\t\t\t<\/div>","protected":false},"excerpt":{"rendered":"<p>Minibus me qira me shofer n\u00eb Shqip\u00ebri \u2013 deri n\u00eb 8 pasagjer\u00eb Rezervo tani minibus me shofer n\u00eb Shqip\u00ebri p\u00ebr grupe deri n\u00eb 8 persona. Transport i sigurt dhe i komod n\u00eb Tiran\u00eb, Durr\u00ebs, Shkod\u00ebr dhe destinacione t\u00eb tjera p\u00ebr turiz\u00ebm, evente dhe udh\u00ebtime biznesi.Ne ofrojm\u00eb sh\u00ebrbimin e minibuseve me qira me shofer n\u00eb t\u00eb [&hellip;]<\/p>\n","protected":false},"author":1,"featured_media":988710,"parent":988966,"menu_order":0,"comment_status":"closed","ping_status":"closed","template":"","meta":{"footnotes":""},"class_list":["post-988961","page","type-page","status-publish","has-post-thumbnail","hentry"],"_links":{"self":[{"href":"https:\/\/minibus.al\/sv\/wp-json\/wp\/v2\/pages\/988961","targetHints":{"allow":["GET"]}}],"collection":[{"href":"https:\/\/minibus.al\/sv\/wp-json\/wp\/v2\/pages"}],"about":[{"href":"https:\/\/minibus.al\/sv\/wp-json\/wp\/v2\/types\/page"}],"author":[{"embeddable":true,"href":"https:\/\/minibus.al\/sv\/wp-json\/wp\/v2\/users\/1"}],"replies":[{"embeddable":true,"href":"https:\/\/minibus.al\/sv\/wp-json\/wp\/v2\/comments?post=988961"}],"version-history":[{"count":14,"href":"https:\/\/minibus.al\/sv\/wp-json\/wp\/v2\/pages\/988961\/revisions"}],"predecessor-version":[{"id":989006,"href":"https:\/\/minibus.al\/sv\/wp-json\/wp\/v2\/pages\/988961\/revisions\/989006"}],"up":[{"embeddable":true,"href":"https:\/\/minibus.al\/sv\/wp-json\/wp\/v2\/pages\/988966"}],"wp:featuredmedia":[{"embeddable":true,"href":"https:\/\/minibus.al\/sv\/wp-json\/wp\/v2\/media\/988710"}],"wp:attachment":[{"href":"https:\/\/minibus.al\/sv\/wp-json\/wp\/v2\/media?parent=988961"}],"curies":[{"name":"wp","href":"https:\/\/api.w.org\/{rel}","templated":true}]}}