{"id":988803,"date":"2025-10-15T11:48:20","date_gmt":"2025-10-15T11:48:20","guid":{"rendered":"https:\/\/minibus.al\/?page_id=988803"},"modified":"2026-01-14T09:30:38","modified_gmt":"2026-01-14T09:30:38","slug":"uthyrning-av-minibuss-med-chauffor-for-utflykter","status":"publish","type":"page","link":"https:\/\/minibus.al\/sv\/minibus-me-qira-me-shofer-per-ekskursion\/","title":{"rendered":"Uthyrning av minibussar i Tirana f\u00f6r utflykter och turism"},"content":{"rendered":"<div data-elementor-type=\"wp-page\" data-elementor-id=\"988803\" class=\"elementor elementor-988803\">\n\t\t\t\t<div class=\"elementor-element elementor-element-504a0d6 e-flex e-con-boxed e-con e-parent\" data-id=\"504a0d6\" data-element_type=\"container\" data-e-type=\"container\" data-settings=\"{&quot;background_background&quot;:&quot;classic&quot;}\">\n\t\t\t\t\t<div class=\"e-con-inner\">\n\t\t<div class=\"elementor-element elementor-element-c7ba926 e-con-full e-flex e-con e-child\" data-id=\"c7ba926\" data-element_type=\"container\" data-e-type=\"container\">\n\t\t\t\t<div class=\"elementor-element elementor-element-00203f2 elementor-widget elementor-widget-heading\" data-id=\"00203f2\" data-element_type=\"widget\" data-e-type=\"widget\" data-widget_type=\"heading.default\">\n\t\t\t\t\t<h1 class=\"elementor-heading-title elementor-size-default\">Uthyrning av minibussar i Tirana f\u00f6r utflykter och turism<\/h1>\t\t\t\t<\/div>\n\t\t\t\t<\/div>\n\t\t\t\t\t<\/div>\n\t\t\t\t<\/div>\n\t\t<div class=\"elementor-element elementor-element-15974bd e-flex e-con-boxed e-con e-parent\" data-id=\"15974bd\" data-element_type=\"container\" data-e-type=\"container\" data-settings=\"{&quot;background_background&quot;:&quot;classic&quot;}\">\n\t\t\t\t\t<div class=\"e-con-inner\">\n\t\t<div class=\"elementor-element elementor-element-308ad2e e-con-full e-flex e-con e-child\" data-id=\"308ad2e\" data-element_type=\"container\" data-e-type=\"container\">\n\t\t\t\t<div class=\"elementor-element elementor-element-ee716d9 elementor-widget elementor-widget-text-editor\" data-id=\"ee716d9\" data-element_type=\"widget\" data-e-type=\"widget\" data-widget_type=\"text-editor.default\">\n\t\t\t\t\t\t\t\t\tN\u00e4r man planerar en utflykt eller en sightseeingtur \u00e4r komfort och s\u00e4kerhet avg\u00f6rande. Att hyra en minibuss med chauff\u00f6r \u00e4r den perfekta l\u00f6sningen f\u00f6r b\u00e5de sm\u00e5 och stora grupper, vilket g\u00f6r resan smidig, bekv\u00e4m och professionellt organiserad.\t\t\t\t\t\t\t\t<\/div>\n\t\t\t\t<div class=\"elementor-element elementor-element-d222b61 elementor-widget elementor-widget-heading\" data-id=\"d222b61\" data-element_type=\"widget\" data-e-type=\"widget\" data-widget_type=\"heading.default\">\n\t\t\t\t\t<h3 class=\"elementor-heading-title elementor-size-default\">Organiserade utflykter och sightseeingturer<\/h3>\t\t\t\t<\/div>\n\t\t\t\t<div class=\"elementor-element elementor-element-d31e77d elementor-widget elementor-widget-text-editor\" data-id=\"d31e77d\" data-element_type=\"widget\" data-e-type=\"widget\" data-widget_type=\"text-editor.default\">\n\t\t\t\t\t\t\t\t\tMed en minibuss och chauff\u00f6r kan du bes\u00f6ka turistm\u00e5l b\u00e5de i och utanf\u00f6r staden utan att beh\u00f6va oroa dig f\u00f6r k\u00f6rning eller parkering. Oavsett om det g\u00e4ller en naturutflykt, en kulturresa eller ett bes\u00f6k i historiska st\u00e4der erbjuder v\u00e5ra minibussar maximal komfort och flexibilitet.\t\t\t\t\t\t\t\t<\/div>\n\t\t\t\t<div class=\"elementor-element elementor-element-48d3409 elementor-widget elementor-widget-heading\" data-id=\"48d3409\" data-element_type=\"widget\" data-e-type=\"widget\" data-widget_type=\"heading.default\">\n\t\t\t\t\t<h3 class=\"elementor-heading-title elementor-size-default\">Bagage och komfort <\/h3>\t\t\t\t<\/div>\n\t\t\t\t<div class=\"elementor-element elementor-element-2ececf6 elementor-widget elementor-widget-text-editor\" data-id=\"2ececf6\" data-element_type=\"widget\" data-e-type=\"widget\" data-widget_type=\"text-editor.default\">\n\t\t\t\t\t\t\t\t\tV\u00e5ra fordon \u00e4r v\u00e4lsk\u00f6tta, utrustade med luftkonditionering och har gott om utrymme f\u00f6r bagage, vilket garanterar att alla passagerare f\u00e5r en bekv\u00e4m och bekymmersfri resa.\t\t\t\t\t\t\t\t<\/div>\n\t\t\t\t<div class=\"elementor-element elementor-element-6e9e2e1 elementor-widget elementor-widget-heading\" data-id=\"6e9e2e1\" data-element_type=\"widget\" data-e-type=\"widget\" data-widget_type=\"heading.default\">\n\t\t\t\t\t<h3 class=\"elementor-heading-title elementor-size-default\">Varf\u00f6r minibus.al?<\/h3>\t\t\t\t<\/div>\n\t\t\t\t<div class=\"elementor-element elementor-element-82f3318 elementor-widget elementor-widget-text-editor\" data-id=\"82f3318\" data-element_type=\"widget\" data-e-type=\"widget\" data-widget_type=\"text-editor.default\">\n\t\t\t\t\t\t\t\t\tVi \u00e4r medvetna om att varje resa har sina egna behov. D\u00e4rf\u00f6r erbjuder vi ett utbud av minibussar f\u00f6r b\u00e5de sm\u00e5 och stora grupper, skr\u00e4ddarsydda resplaner och professionellt utbildade chauff\u00f6rer. S\u00e4kerhet, komfort och professionalism \u00e4r v\u00e5ra grundl\u00e4ggande principer, vilket garanterar en trevlig och avslappnad upplevelse f\u00f6r varje passagerare.\t\t\t\t\t\t\t\t<\/div>\n\t\t\t\t<div class=\"elementor-element elementor-element-838cd6b elementor-widget elementor-widget-image\" data-id=\"838cd6b\" data-element_type=\"widget\" data-e-type=\"widget\" data-widget_type=\"image.default\">\n\t\t\t\t\t\t\t\t\t\t\t\t\t\t\t<img fetchpriority=\"high\" decoding=\"async\" width=\"800\" height=\"560\" src=\"https:\/\/minibus.al\/wp-content\/uploads\/2024\/01\/Crop800x600-landscape.jpeg\" class=\"attachment-large size-large wp-image-988653\" alt=\"\" srcset=\"https:\/\/minibus.al\/wp-content\/uploads\/2024\/01\/Crop800x600-landscape.jpeg 800w, https:\/\/minibus.al\/wp-content\/uploads\/2024\/01\/Crop800x600-landscape-600x420.jpeg 600w, https:\/\/minibus.al\/wp-content\/uploads\/2024\/01\/Crop800x600-landscape-300x210.jpeg 300w, https:\/\/minibus.al\/wp-content\/uploads\/2024\/01\/Crop800x600-landscape-768x538.jpeg 768w, https:\/\/minibus.al\/wp-content\/uploads\/2024\/01\/Crop800x600-landscape-630x441.jpeg 630w, https:\/\/minibus.al\/wp-content\/uploads\/2024\/01\/Crop800x600-landscape-420x294.jpeg 420w, https:\/\/minibus.al\/wp-content\/uploads\/2024\/01\/Crop800x600-landscape-315x221.jpeg 315w\" sizes=\"(max-width: 800px) 100vw, 800px\" title=\"\">\t\t\t\t\t\t\t\t\t\t\t\t\t\t\t<\/div>\n\t\t\t\t<div class=\"elementor-element elementor-element-e4e948b elementor-widget elementor-widget-heading\" data-id=\"e4e948b\" data-element_type=\"widget\" data-e-type=\"widget\" data-widget_type=\"heading.default\">\n\t\t\t\t\t<h3 class=\"elementor-heading-title elementor-size-default\">Kontakta oss:<\/h3>\t\t\t\t<\/div>\n\t\t\t\t<div class=\"elementor-element elementor-element-4266004 elementor-widget elementor-widget-text-editor\" data-id=\"4266004\" data-element_type=\"widget\" data-e-type=\"widget\" data-widget_type=\"text-editor.default\">\n\t\t\t\t\t\t\t\t\tBoka din minibuss med chauff\u00f6r redan idag och njut av utflykter och sightseeingturer p\u00e5 ett s\u00e4kert och bekv\u00e4mt s\u00e4tt.\t\t\t\t\t\t\t\t<\/div>\n\t\t\t\t<\/div>\n\t\t<div class=\"elementor-element elementor-element-731eeda e-con-full e-flex e-con e-child\" data-id=\"731eeda\" data-element_type=\"container\" data-e-type=\"container\">\n\t\t<div class=\"elementor-element elementor-element-9f03a35 e-flex e-con-boxed e-con e-child\" data-id=\"9f03a35\" data-element_type=\"container\" data-e-type=\"container\" data-settings=\"{&quot;background_background&quot;:&quot;classic&quot;}\">\n\t\t\t\t\t<div class=\"e-con-inner\">\n\t\t\t\t<div class=\"elementor-element elementor-element-6a241b0 elementor-widget__width-auto elementor-widget elementor-widget-heading\" data-id=\"6a241b0\" data-element_type=\"widget\" data-e-type=\"widget\" data-widget_type=\"heading.default\">\n\t\t\t\t\t<h3 class=\"elementor-heading-title elementor-size-default\">Rabatt p\u00e5 10%<\/h3>\t\t\t\t<\/div>\n\t\t\t\t<div class=\"elementor-element elementor-element-f34cc20 elementor-widget__width-auto elementor-widget elementor-widget-heading\" data-id=\"f34cc20\" data-element_type=\"widget\" data-e-type=\"widget\" data-widget_type=\"heading.default\">\n\t\t\t\t\t<div class=\"elementor-heading-title elementor-size-default\">Upp till 10 % rabatt per bokning fram till den 31 maj 2026!<\/div>\t\t\t\t<\/div>\n\t\t\t\t\t<\/div>\n\t\t\t\t<\/div>\n\t\t<div class=\"elementor-element elementor-element-f9edccc e-con-full e-flex e-con e-child\" data-id=\"f9edccc\" data-element_type=\"container\" data-e-type=\"container\">\n\t\t\t\t<div class=\"elementor-element elementor-element-bd64436 elementor-widget__width-initial elementor-widget elementor-widget-image\" data-id=\"bd64436\" data-element_type=\"widget\" data-e-type=\"widget\" data-widget_type=\"image.default\">\n\t\t\t\t\t\t\t\t\t\t\t\t\t\t\t\t<a href=\"#\">\n\t\t\t\t\t\t\t<img decoding=\"async\" width=\"630\" height=\"441\" src=\"https:\/\/minibus.al\/wp-content\/uploads\/2025\/10\/Transfer-416_2268_0182-landscape-630x441-1.jpg\" class=\"attachment-full size-full wp-image-988709\" alt=\"\" srcset=\"https:\/\/minibus.al\/wp-content\/uploads\/2025\/10\/Transfer-416_2268_0182-landscape-630x441-1.jpg 630w, https:\/\/minibus.al\/wp-content\/uploads\/2025\/10\/Transfer-416_2268_0182-landscape-630x441-1-600x420.jpg 600w, https:\/\/minibus.al\/wp-content\/uploads\/2025\/10\/Transfer-416_2268_0182-landscape-630x441-1-300x210.jpg 300w, https:\/\/minibus.al\/wp-content\/uploads\/2025\/10\/Transfer-416_2268_0182-landscape-630x441-1-420x294.jpg 420w, https:\/\/minibus.al\/wp-content\/uploads\/2025\/10\/Transfer-416_2268_0182-landscape-630x441-1-315x221.jpg 315w\" sizes=\"(max-width: 630px) 100vw, 630px\" title=\"\">\t\t\t\t\t\t\t\t<\/a>\n\t\t\t\t\t\t\t\t\t\t\t\t\t\t\t<\/div>\n\t\t\t\t<div class=\"elementor-element elementor-element-f3c3056 elementor-widget__width-initial elementor-widget elementor-widget-heading\" data-id=\"f3c3056\" data-element_type=\"widget\" data-e-type=\"widget\" data-widget_type=\"heading.default\">\n\t\t\t\t\t<h3 class=\"elementor-heading-title elementor-size-default\"><a href=\"#\">Privat flygplatstransfer<\/a><\/h3>\t\t\t\t<\/div>\n\t\t\t\t<\/div>\n\t\t<div class=\"elementor-element elementor-element-570e3a3 e-con-full e-flex e-con e-child\" data-id=\"570e3a3\" data-element_type=\"container\" data-e-type=\"container\">\n\t\t\t\t<div class=\"elementor-element elementor-element-bdb5123 elementor-widget__width-initial elementor-widget elementor-widget-image\" data-id=\"bdb5123\" data-element_type=\"widget\" data-e-type=\"widget\" data-widget_type=\"image.default\">\n\t\t\t\t\t\t\t\t\t\t\t\t\t\t\t\t<a href=\"#\">\n\t\t\t\t\t\t\t<img decoding=\"async\" width=\"800\" height=\"560\" src=\"https:\/\/minibus.al\/wp-content\/uploads\/2024\/01\/Crop800x600-landscape.jpeg\" class=\"attachment-full size-full wp-image-988653\" alt=\"\" srcset=\"https:\/\/minibus.al\/wp-content\/uploads\/2024\/01\/Crop800x600-landscape.jpeg 800w, https:\/\/minibus.al\/wp-content\/uploads\/2024\/01\/Crop800x600-landscape-600x420.jpeg 600w, https:\/\/minibus.al\/wp-content\/uploads\/2024\/01\/Crop800x600-landscape-300x210.jpeg 300w, https:\/\/minibus.al\/wp-content\/uploads\/2024\/01\/Crop800x600-landscape-768x538.jpeg 768w, https:\/\/minibus.al\/wp-content\/uploads\/2024\/01\/Crop800x600-landscape-630x441.jpeg 630w, https:\/\/minibus.al\/wp-content\/uploads\/2024\/01\/Crop800x600-landscape-420x294.jpeg 420w, https:\/\/minibus.al\/wp-content\/uploads\/2024\/01\/Crop800x600-landscape-315x221.jpeg 315w\" sizes=\"(max-width: 800px) 100vw, 800px\" title=\"\">\t\t\t\t\t\t\t\t<\/a>\n\t\t\t\t\t\t\t\t\t\t\t\t\t\t\t<\/div>\n\t\t\t\t<div class=\"elementor-element elementor-element-3cb587a elementor-widget__width-initial elementor-widget elementor-widget-heading\" data-id=\"3cb587a\" data-element_type=\"widget\" data-e-type=\"widget\" data-widget_type=\"heading.default\">\n\t\t\t\t\t<h3 class=\"elementor-heading-title elementor-size-default\"><a href=\"#\">Privat transfer med chauff\u00f6r<\/a><\/h3>\t\t\t\t<\/div>\n\t\t\t\t<\/div>\n\t\t\t\t<\/div>\n\t\t\t\t\t<\/div>\n\t\t\t\t<\/div>\n\t\t\t\t<\/div>","protected":false},"excerpt":{"rendered":"<p>Minibus me qira n\u00eb Tiran\u00eb p\u00ebr Ekskursione dhe Turiz\u00ebm Kur planifikoni nj\u00eb ekskursion apo nj\u00eb ture turistike, rehatia dhe siguria jan\u00eb thelb\u00ebsore. Minibus\u00ebt me qira me shofer ofrojn\u00eb zgjidhjen ideale p\u00ebr grupet e vogla dhe t\u00eb m\u00ebdha, duke b\u00ebr\u00eb udh\u00ebtimin tuaj t\u00eb qet\u00eb, t\u00eb komod dhe t\u00eb organizuar profesionalisht. Ekskursione t\u00eb organizuara dhe ture turistike [&hellip;]<\/p>\n","protected":false},"author":1,"featured_media":0,"parent":0,"menu_order":0,"comment_status":"closed","ping_status":"closed","template":"","meta":{"footnotes":""},"class_list":["post-988803","page","type-page","status-publish","hentry"],"_links":{"self":[{"href":"https:\/\/minibus.al\/sv\/wp-json\/wp\/v2\/pages\/988803","targetHints":{"allow":["GET"]}}],"collection":[{"href":"https:\/\/minibus.al\/sv\/wp-json\/wp\/v2\/pages"}],"about":[{"href":"https:\/\/minibus.al\/sv\/wp-json\/wp\/v2\/types\/page"}],"author":[{"embeddable":true,"href":"https:\/\/minibus.al\/sv\/wp-json\/wp\/v2\/users\/1"}],"replies":[{"embeddable":true,"href":"https:\/\/minibus.al\/sv\/wp-json\/wp\/v2\/comments?post=988803"}],"version-history":[{"count":15,"href":"https:\/\/minibus.al\/sv\/wp-json\/wp\/v2\/pages\/988803\/revisions"}],"predecessor-version":[{"id":989102,"href":"https:\/\/minibus.al\/sv\/wp-json\/wp\/v2\/pages\/988803\/revisions\/989102"}],"wp:attachment":[{"href":"https:\/\/minibus.al\/sv\/wp-json\/wp\/v2\/media?parent=988803"}],"curies":[{"name":"wp","href":"https:\/\/api.w.org\/{rel}","templated":true}]}}