{"id":989423,"date":"2026-04-03T07:13:48","date_gmt":"2026-04-03T07:13:48","guid":{"rendered":"https:\/\/minibus.al\/?page_id=989423"},"modified":"2026-04-03T07:22:25","modified_gmt":"2026-04-03T07:22:25","slug":"%d0%ba%d0%b0%d0%ba%d0%be-%d1%82%d0%be-%d1%84%d1%83%d0%bd%d0%ba%d1%86%d0%b8%d0%be%d0%bd%d0%b8%d1%88%d0%b5","status":"publish","type":"page","link":"https:\/\/minibus.al\/sr\/si-funksionon\/","title":{"rendered":"\u041a\u0430\u043a\u043e \u0442\u043e \u0444\u0443\u043d\u043a\u0446\u0438\u043e\u043d\u0438\u0448\u0435?"},"content":{"rendered":"<div data-elementor-type=\"wp-page\" data-elementor-id=\"989423\" class=\"elementor elementor-989423\">\n\t\t\t\t<div class=\"elementor-element elementor-element-1d4c541 e-flex e-con-boxed e-con e-parent\" data-id=\"1d4c541\" data-element_type=\"container\" data-e-type=\"container\" data-settings=\"{&quot;background_background&quot;:&quot;classic&quot;}\">\n\t\t\t\t\t<div class=\"e-con-inner\">\n\t\t<div class=\"elementor-element elementor-element-125a45e e-con-full e-flex e-con e-child\" data-id=\"125a45e\" data-element_type=\"container\" data-e-type=\"container\">\n\t\t\t\t<div class=\"elementor-element elementor-element-38a21d4 elementor-widget elementor-widget-heading\" data-id=\"38a21d4\" data-element_type=\"widget\" data-e-type=\"widget\" data-widget_type=\"heading.default\">\n\t\t\t\t\t<h1 class=\"elementor-heading-title elementor-size-default\">\u041a\u0430\u043a\u043e \u0442\u043e \u0444\u0443\u043d\u043a\u0446\u0438\u043e\u043d\u0438\u0448\u0435?\n<\/h1>\t\t\t\t<\/div>\n\t\t\t\t<div class=\"elementor-element elementor-element-43ac11c elementor-widget elementor-widget-text-editor\" data-id=\"43ac11c\" data-element_type=\"widget\" data-e-type=\"widget\" data-widget_type=\"text-editor.default\">\n\t\t\t\t\t\t\t\t\t\u041f\u0440\u043e\u0446\u0435\u0441 \u0438\u0437\u043d\u0430\u0458\u043c\u0459\u0438\u0432\u0430\u045a\u0430 \u043c\u0438\u043d\u0438\u0431\u0443\u0441\u0430 \u0441\u0430 \u0432\u043e\u0437\u0430\u0447\u0435\u043c \u0458\u0435 \u0458\u0435\u0434\u043d\u043e\u0441\u0442\u0430\u0432\u0430\u043d \u0438 \u043e\u0440\u0433\u0430\u043d\u0438\u0437\u043e\u0432\u0430\u043d \u0442\u0430\u043a\u043e \u0434\u0430 \u043a\u043b\u0438\u0458\u0435\u043d\u0442 \u043d\u0435\u043c\u0430 \u043d\u0438\u043a\u0430\u043a\u0432\u0438\u0445 \u043d\u0435\u0434\u043e\u0443\u043c\u0438\u0446\u0430. \u0421\u0432\u0430\u043a\u0438 \u043a\u043e\u0440\u0430\u043a \u0458\u0435 \u043e\u0441\u043c\u0438\u0448\u0459\u0435\u043d \u0434\u0430 \u0443\u0448\u0442\u0435\u0434\u0438 \u0432\u0440\u0435\u043c\u0435 \u0438 \u0433\u0430\u0440\u0430\u043d\u0442\u0443\u0458\u0435 \u043f\u0440\u0435\u0446\u0438\u0437\u043d\u0443 \u0438 \u043f\u0440\u043e\u0444\u0435\u0441\u0438\u043e\u043d\u0430\u043b\u043d\u0443 \u0443\u0441\u043b\u0443\u0433\u0443 \u043e\u0434 \u043f\u043e\u0447\u0435\u0442\u043a\u0430 \u0434\u043e \u043a\u0440\u0430\u0458\u0430.\t\t\t\t\t\t\t\t<\/div>\n\t\t\t\t<\/div>\n\t\t\t\t\t<\/div>\n\t\t\t\t<\/div>\n\t\t<div class=\"elementor-element elementor-element-47f3f95 e-flex e-con-boxed e-con e-parent\" data-id=\"47f3f95\" data-element_type=\"container\" data-e-type=\"container\" data-settings=\"{&quot;background_background&quot;:&quot;classic&quot;}\">\n\t\t\t\t\t<div class=\"e-con-inner\">\n\t\t\t\t<div class=\"elementor-element elementor-element-60a2464 elementor-widget elementor-widget-image\" data-id=\"60a2464\" data-element_type=\"widget\" data-e-type=\"widget\" data-widget_type=\"image.default\">\n\t\t\t\t\t\t\t\t\t\t\t\t\t\t\t<img fetchpriority=\"high\" decoding=\"async\" width=\"800\" height=\"534\" src=\"https:\/\/minibus.al\/wp-content\/uploads\/2026\/02\/v-class-1024x683.webp\" class=\"attachment-large size-large wp-image-989243\" alt=\"\" srcset=\"https:\/\/minibus.al\/wp-content\/uploads\/2026\/02\/v-class-1024x683.webp 1024w, https:\/\/minibus.al\/wp-content\/uploads\/2026\/02\/v-class-300x200.webp 300w, https:\/\/minibus.al\/wp-content\/uploads\/2026\/02\/v-class-768x512.webp 768w, https:\/\/minibus.al\/wp-content\/uploads\/2026\/02\/v-class-18x12.webp 18w, https:\/\/minibus.al\/wp-content\/uploads\/2026\/02\/v-class-600x400.webp 600w, https:\/\/minibus.al\/wp-content\/uploads\/2026\/02\/v-class.webp 1425w\" sizes=\"(max-width: 800px) 100vw, 800px\" title=\"\">\t\t\t\t\t\t\t\t\t\t\t\t\t\t\t<\/div>\n\t\t<div class=\"elementor-element elementor-element-c67eeb8 e-con-full e-flex e-con e-child\" data-id=\"c67eeb8\" data-element_type=\"container\" data-e-type=\"container\">\n\t\t\t\t<div class=\"elementor-element elementor-element-abd14ad elementor-widget elementor-widget-heading\" data-id=\"abd14ad\" data-element_type=\"widget\" data-e-type=\"widget\" data-widget_type=\"heading.default\">\n\t\t\t\t\t<h3 class=\"elementor-heading-title elementor-size-default\">01. \u0417\u0430\u0445\u0442\u0435\u0432 \u0437\u0430 \u043f\u043e\u043d\u0443\u0434\u0443<\/h3>\t\t\t\t<\/div>\n\t\t\t\t<div class=\"elementor-element elementor-element-bade6ec elementor-widget__width-initial elementor-widget elementor-widget-text-editor\" data-id=\"bade6ec\" data-element_type=\"widget\" data-e-type=\"widget\" data-widget_type=\"text-editor.default\">\n\t\t\t\t\t\t\t\t\t\u041a\u043e\u0440\u0438\u0441\u043d\u0438\u043a \u0448\u0430\u0459\u0435 \u043e\u0441\u043d\u043e\u0432\u043d\u0435 \u0434\u0435\u0442\u0430\u0459\u0435 \u043e \u043f\u0443\u0442\u043e\u0432\u0430\u045a\u0443, \u043a\u0430\u043e \u0448\u0442\u043e \u0441\u0443 \u0434\u0430\u0442\u0443\u043c, \u0432\u0440\u0435\u043c\u0435 \u043f\u043e\u043b\u0430\u0441\u043a\u0430, \u043c\u0435\u0441\u0442\u0430 \u043f\u0440\u0435\u0443\u0437\u0438\u043c\u0430\u045a\u0430 \u0438 \u043e\u0434\u0440\u0435\u0434\u0438\u0448\u0442\u0430, \u043a\u0430\u043e \u0438 \u0431\u0440\u043e\u0458 \u043f\u0443\u0442\u043d\u0438\u043a\u0430. \u0428\u0442\u043e \u0441\u0443 \u043e\u0432\u0435 \u0438\u043d\u0444\u043e\u0440\u043c\u0430\u0446\u0438\u0458\u0435 \u0442\u0430\u0447\u043d\u0438\u0458\u0435, \u0443\u0441\u043b\u0443\u0433\u0430 \u045b\u0435 \u0431\u0438\u0442\u0438 \u043e\u0440\u0433\u0430\u043d\u0438\u0437\u043e\u0432\u0430\u043d\u0430 \u0458\u0430\u0441\u043d\u0438\u0458\u0435 \u0438 \u043f\u0440\u0435\u0446\u0438\u0437\u043d\u0438\u0458\u0435.\t\t\t\t\t\t\t\t<\/div>\n\t\t\t\t<\/div>\n\t\t\t\t\t<\/div>\n\t\t\t\t<\/div>\n\t\t<div class=\"elementor-element elementor-element-d53b95f e-flex e-con-boxed e-con e-parent\" data-id=\"d53b95f\" data-element_type=\"container\" data-e-type=\"container\" data-settings=\"{&quot;background_background&quot;:&quot;classic&quot;}\">\n\t\t\t\t\t<div class=\"e-con-inner\">\n\t\t\t\t<div class=\"elementor-element elementor-element-fdf6fa9 elementor-widget elementor-widget-image\" data-id=\"fdf6fa9\" data-element_type=\"widget\" data-e-type=\"widget\" data-widget_type=\"image.default\">\n\t\t\t\t\t\t\t\t\t\t\t\t\t\t\t<img fetchpriority=\"high\" decoding=\"async\" width=\"800\" height=\"534\" src=\"https:\/\/minibus.al\/wp-content\/uploads\/2026\/02\/v-class-1024x683.webp\" class=\"attachment-large size-large wp-image-989243\" alt=\"\" srcset=\"https:\/\/minibus.al\/wp-content\/uploads\/2026\/02\/v-class-1024x683.webp 1024w, https:\/\/minibus.al\/wp-content\/uploads\/2026\/02\/v-class-300x200.webp 300w, https:\/\/minibus.al\/wp-content\/uploads\/2026\/02\/v-class-768x512.webp 768w, https:\/\/minibus.al\/wp-content\/uploads\/2026\/02\/v-class-18x12.webp 18w, https:\/\/minibus.al\/wp-content\/uploads\/2026\/02\/v-class-600x400.webp 600w, https:\/\/minibus.al\/wp-content\/uploads\/2026\/02\/v-class.webp 1425w\" sizes=\"(max-width: 800px) 100vw, 800px\" title=\"\">\t\t\t\t\t\t\t\t\t\t\t\t\t\t\t<\/div>\n\t\t<div class=\"elementor-element elementor-element-df44fc9 e-con-full e-flex e-con e-child\" data-id=\"df44fc9\" data-element_type=\"container\" data-e-type=\"container\">\n\t\t\t\t<div class=\"elementor-element elementor-element-57ccbf1 elementor-widget elementor-widget-heading\" data-id=\"57ccbf1\" data-element_type=\"widget\" data-e-type=\"widget\" data-widget_type=\"heading.default\">\n\t\t\t\t\t<h3 class=\"elementor-heading-title elementor-size-default\">2. \u041e\u0431\u0440\u0430\u0447\u0443\u043d \u0442\u0440\u043e\u0448\u043a\u043e\u0432\u0430<\/h3>\t\t\t\t<\/div>\n\t\t\t\t<div class=\"elementor-element elementor-element-c3eda08 elementor-widget__width-initial elementor-widget elementor-widget-text-editor\" data-id=\"c3eda08\" data-element_type=\"widget\" data-e-type=\"widget\" data-widget_type=\"text-editor.default\">\n\t\t\t\t\t\t\t\t\t\u0426\u0435\u043d\u0430 \u0441\u0435 \u043e\u0434\u0440\u0435\u0452\u0443\u0458\u0435 \u043d\u0430 \u043e\u0441\u043d\u043e\u0432\u0443 \u043d\u0435\u043a\u043e\u043b\u0438\u043a\u043e \u043a\u0459\u0443\u0447\u043d\u0438\u0445 \u0444\u0430\u043a\u0442\u043e\u0440\u0430 \u043a\u0430\u043e \u0448\u0442\u043e \u0441\u0443 \u0443\u0434\u0430\u0459\u0435\u043d\u043e\u0441\u0442, \u0442\u0440\u0430\u0458\u0430\u045a\u0435 \u0443\u0441\u043b\u0443\u0433\u0435, \u0442\u0440\u043e\u0448\u043a\u043e\u0432\u0438 \u0433\u043e\u0440\u0438\u0432\u0430, \u0430\u043d\u0433\u0430\u0436\u043e\u0432\u0430\u045a\u0435 \u0432\u043e\u0437\u0430\u0447\u0430 \u0438 \u043f\u0443\u0442\u0430\u0440\u0438\u043d\u0435. \u041c\u0443\u0448\u0442\u0435\u0440\u0438\u0458\u0430 \u0434\u043e\u0431\u0438\u0458\u0430 \u0458\u0430\u0441\u043d\u0443 \u0438 \u043a\u043e\u043c\u043f\u043b\u0435\u0442\u043d\u0443 \u043f\u043e\u043d\u0443\u0434\u0443, \u0431\u0435\u0437 \u0441\u043a\u0440\u0438\u0432\u0435\u043d\u0438\u0445 \u0442\u0440\u043e\u0448\u043a\u043e\u0432\u0430.\t\t\t\t\t\t\t\t<\/div>\n\t\t\t\t<\/div>\n\t\t\t\t\t<\/div>\n\t\t\t\t<\/div>\n\t\t<div class=\"elementor-element elementor-element-e6fb719 e-flex e-con-boxed e-con e-parent\" data-id=\"e6fb719\" data-element_type=\"container\" data-e-type=\"container\" data-settings=\"{&quot;background_background&quot;:&quot;classic&quot;}\">\n\t\t\t\t\t<div class=\"e-con-inner\">\n\t\t\t\t<div class=\"elementor-element elementor-element-5889e13 elementor-widget elementor-widget-image\" data-id=\"5889e13\" data-element_type=\"widget\" data-e-type=\"widget\" data-widget_type=\"image.default\">\n\t\t\t\t\t\t\t\t\t\t\t\t\t\t\t<img fetchpriority=\"high\" decoding=\"async\" width=\"800\" height=\"534\" src=\"https:\/\/minibus.al\/wp-content\/uploads\/2026\/02\/v-class-1024x683.webp\" class=\"attachment-large size-large wp-image-989243\" alt=\"\" srcset=\"https:\/\/minibus.al\/wp-content\/uploads\/2026\/02\/v-class-1024x683.webp 1024w, https:\/\/minibus.al\/wp-content\/uploads\/2026\/02\/v-class-300x200.webp 300w, https:\/\/minibus.al\/wp-content\/uploads\/2026\/02\/v-class-768x512.webp 768w, https:\/\/minibus.al\/wp-content\/uploads\/2026\/02\/v-class-18x12.webp 18w, https:\/\/minibus.al\/wp-content\/uploads\/2026\/02\/v-class-600x400.webp 600w, https:\/\/minibus.al\/wp-content\/uploads\/2026\/02\/v-class.webp 1425w\" sizes=\"(max-width: 800px) 100vw, 800px\" title=\"\">\t\t\t\t\t\t\t\t\t\t\t\t\t\t\t<\/div>\n\t\t<div class=\"elementor-element elementor-element-ab8f3d9 e-con-full e-flex e-con e-child\" data-id=\"ab8f3d9\" data-element_type=\"container\" data-e-type=\"container\">\n\t\t\t\t<div class=\"elementor-element elementor-element-2d4c563 elementor-widget elementor-widget-heading\" data-id=\"2d4c563\" data-element_type=\"widget\" data-e-type=\"widget\" data-widget_type=\"heading.default\">\n\t\t\t\t\t<h3 class=\"elementor-heading-title elementor-size-default\">3. \u041f\u043e\u0442\u0432\u0440\u0434\u0430 \u0440\u0435\u0437\u0435\u0440\u0432\u0430\u0446\u0438\u0458\u0435<\/h3>\t\t\t\t<\/div>\n\t\t\t\t<div class=\"elementor-element elementor-element-58e4441 elementor-widget__width-initial elementor-widget elementor-widget-text-editor\" data-id=\"58e4441\" data-element_type=\"widget\" data-e-type=\"widget\" data-widget_type=\"text-editor.default\">\n\t\t\t\t\t\t\t\t\t\u041a\u0430\u0434\u0430 \u043a\u043b\u0438\u0458\u0435\u043d\u0442 \u043f\u0440\u0438\u0445\u0432\u0430\u0442\u0438 \u043f\u043e\u043d\u0443\u0434\u0443, \u0440\u0435\u0437\u0435\u0440\u0432\u0430\u0446\u0438\u0458\u0430 \u0441\u0435 \u0440\u0435\u0433\u0438\u0441\u0442\u0440\u0443\u0458\u0435 \u0438 \u0434\u0435\u0442\u0430\u0459\u0438 \u0441\u0435 \u0444\u0438\u043d\u0430\u043b\u0438\u0437\u0443\u0458\u0443. \u0423 \u043e\u0432\u043e\u0458 \u0444\u0430\u0437\u0438 \u0441\u0435 \u0443\u0442\u0432\u0440\u0452\u0443\u0458\u0443 \u0438 \u0441\u0432\u0438 \u0434\u043e\u0434\u0430\u0442\u043d\u0438 \u0437\u0430\u0445\u0442\u0435\u0432\u0438, \u0430\u043a\u043e \u0438\u0445 \u0438\u043c\u0430, \u043a\u0430\u043a\u043e \u0431\u0438 \u0441\u0432\u0435 \u0431\u0438\u043b\u043e \u0458\u0430\u0441\u043d\u043e \u043e\u0431\u0435\u043c\u0430 \u0441\u0442\u0440\u0430\u043d\u0430\u043c\u0430.\t\t\t\t\t\t\t\t<\/div>\n\t\t\t\t<\/div>\n\t\t\t\t\t<\/div>\n\t\t\t\t<\/div>\n\t\t<div class=\"elementor-element elementor-element-bc4e916 e-flex e-con-boxed e-con e-parent\" data-id=\"bc4e916\" data-element_type=\"container\" data-e-type=\"container\" data-settings=\"{&quot;background_background&quot;:&quot;classic&quot;}\">\n\t\t\t\t\t<div class=\"e-con-inner\">\n\t\t\t\t<div class=\"elementor-element elementor-element-8178b9a elementor-widget elementor-widget-image\" data-id=\"8178b9a\" data-element_type=\"widget\" data-e-type=\"widget\" data-widget_type=\"image.default\">\n\t\t\t\t\t\t\t\t\t\t\t\t\t\t\t<img fetchpriority=\"high\" decoding=\"async\" width=\"800\" height=\"534\" src=\"https:\/\/minibus.al\/wp-content\/uploads\/2026\/02\/v-class-1024x683.webp\" class=\"attachment-large size-large wp-image-989243\" alt=\"\" srcset=\"https:\/\/minibus.al\/wp-content\/uploads\/2026\/02\/v-class-1024x683.webp 1024w, https:\/\/minibus.al\/wp-content\/uploads\/2026\/02\/v-class-300x200.webp 300w, https:\/\/minibus.al\/wp-content\/uploads\/2026\/02\/v-class-768x512.webp 768w, https:\/\/minibus.al\/wp-content\/uploads\/2026\/02\/v-class-18x12.webp 18w, https:\/\/minibus.al\/wp-content\/uploads\/2026\/02\/v-class-600x400.webp 600w, https:\/\/minibus.al\/wp-content\/uploads\/2026\/02\/v-class.webp 1425w\" sizes=\"(max-width: 800px) 100vw, 800px\" title=\"\">\t\t\t\t\t\t\t\t\t\t\t\t\t\t\t<\/div>\n\t\t<div class=\"elementor-element elementor-element-555950e e-con-full e-flex e-con e-child\" data-id=\"555950e\" data-element_type=\"container\" data-e-type=\"container\">\n\t\t\t\t<div class=\"elementor-element elementor-element-341f4f4 elementor-widget elementor-widget-heading\" data-id=\"341f4f4\" data-element_type=\"widget\" data-e-type=\"widget\" data-widget_type=\"heading.default\">\n\t\t\t\t\t<h3 class=\"elementor-heading-title elementor-size-default\">4. \u041e\u0440\u0433\u0430\u043d\u0438\u0437\u0430\u0446\u0438\u0458\u0430 \u0443\u0441\u043b\u0443\u0433\u0430<\/h3>\t\t\t\t<\/div>\n\t\t\t\t<div class=\"elementor-element elementor-element-38b8b8b elementor-widget__width-initial elementor-widget elementor-widget-text-editor\" data-id=\"38b8b8b\" data-element_type=\"widget\" data-e-type=\"widget\" data-widget_type=\"text-editor.default\">\n\t\t\t\t\t\t\t\t\t\u0412\u043e\u0437\u0438\u043b\u043e \u0438 \u0432\u043e\u0437\u0430\u0447 \u0441\u0435 \u0434\u043e\u0434\u0435\u0459\u0443\u0458\u0443 \u043d\u0430 \u0437\u0430\u0445\u0442\u0435\u0432, \u043e\u0441\u0438\u0433\u0443\u0440\u0430\u0432\u0430\u0458\u0443\u045b\u0438 \u0434\u0430 \u0458\u0435 \u0441\u0432\u0435 \u0441\u043f\u0440\u0435\u043c\u043d\u043e \u043d\u0430 \u0432\u0440\u0435\u043c\u0435. \u041f\u043b\u0430\u043d \u043f\u0443\u0442\u043e\u0432\u0430\u045a\u0430 \u0441\u0435 \u043f\u043b\u0430\u043d\u0438\u0440\u0430 \u0438 \u0434\u0435\u0442\u0430\u0459\u0438 \u0441\u0435 \u043f\u0440\u043e\u0432\u0435\u0440\u0430\u0432\u0430\u0458\u0443 \u043a\u0430\u043a\u043e \u0431\u0438 \u0441\u0435 \u0438\u0437\u0431\u0435\u0433\u043b\u0430 \u0431\u0438\u043b\u043e \u043a\u0430\u043a\u0432\u0430 \u043a\u0430\u0448\u045a\u0435\u045a\u0430 \u0438\u043b\u0438 \u043f\u0440\u043e\u0431\u043b\u0435\u043c\u0438 \u0442\u043e\u043a\u043e\u043c \u043f\u0443\u0442\u043e\u0432\u0430\u045a\u0430.\t\t\t\t\t\t\t\t<\/div>\n\t\t\t\t<\/div>\n\t\t\t\t\t<\/div>\n\t\t\t\t<\/div>\n\t\t<div class=\"elementor-element elementor-element-06e1d30 e-flex e-con-boxed e-con e-parent\" data-id=\"06e1d30\" data-element_type=\"container\" data-e-type=\"container\" data-settings=\"{&quot;background_background&quot;:&quot;classic&quot;}\">\n\t\t\t\t\t<div class=\"e-con-inner\">\n\t\t\t\t<div class=\"elementor-element elementor-element-842fa82 elementor-widget elementor-widget-image\" data-id=\"842fa82\" data-element_type=\"widget\" data-e-type=\"widget\" data-widget_type=\"image.default\">\n\t\t\t\t\t\t\t\t\t\t\t\t\t\t\t<img fetchpriority=\"high\" decoding=\"async\" width=\"800\" height=\"534\" src=\"https:\/\/minibus.al\/wp-content\/uploads\/2026\/02\/v-class-1024x683.webp\" class=\"attachment-large size-large wp-image-989243\" alt=\"\" srcset=\"https:\/\/minibus.al\/wp-content\/uploads\/2026\/02\/v-class-1024x683.webp 1024w, https:\/\/minibus.al\/wp-content\/uploads\/2026\/02\/v-class-300x200.webp 300w, https:\/\/minibus.al\/wp-content\/uploads\/2026\/02\/v-class-768x512.webp 768w, https:\/\/minibus.al\/wp-content\/uploads\/2026\/02\/v-class-18x12.webp 18w, https:\/\/minibus.al\/wp-content\/uploads\/2026\/02\/v-class-600x400.webp 600w, https:\/\/minibus.al\/wp-content\/uploads\/2026\/02\/v-class.webp 1425w\" sizes=\"(max-width: 800px) 100vw, 800px\" title=\"\">\t\t\t\t\t\t\t\t\t\t\t\t\t\t\t<\/div>\n\t\t<div class=\"elementor-element elementor-element-3d203e8 e-con-full e-flex e-con e-child\" data-id=\"3d203e8\" data-element_type=\"container\" data-e-type=\"container\">\n\t\t\t\t<div class=\"elementor-element elementor-element-cacf6bc elementor-widget elementor-widget-heading\" data-id=\"cacf6bc\" data-element_type=\"widget\" data-e-type=\"widget\" data-widget_type=\"heading.default\">\n\t\t\t\t\t<h3 class=\"elementor-heading-title elementor-size-default\">5. \u0418\u0437\u0432\u0440\u0448\u0435\u045a\u0435 \u043f\u0443\u0442\u043e\u0432\u0430\u045a\u0430<\/h3>\t\t\t\t<\/div>\n\t\t\t\t<div class=\"elementor-element elementor-element-b15174a elementor-widget__width-initial elementor-widget elementor-widget-text-editor\" data-id=\"b15174a\" data-element_type=\"widget\" data-e-type=\"widget\" data-widget_type=\"text-editor.default\">\n\t\t\t\t\t\t\t\t\t\u0412\u043e\u0437\u0430\u0447 \u0441\u0435 \u043f\u043e\u0458\u0430\u0432\u0459\u0443\u0458\u0435 \u043d\u0430 \u043e\u0434\u0440\u0435\u0452\u0435\u043d\u043e\u0458 \u043b\u043e\u043a\u0430\u0446\u0438\u0458\u0438 \u0438 \u0432\u0440\u0435\u043c\u0435\u043d\u0443, \u0447\u0435\u043a\u0430 \u043f\u0443\u0442\u043d\u0438\u043a\u0435 \u0438 \u043f\u0443\u0442\u043e\u0432\u0430\u045a\u0435 \u0441\u0435 \u043e\u0434\u0432\u0438\u0458\u0430 \u043f\u043e \u043f\u043b\u0430\u043d\u0443. \u0411\u0435\u0437\u0431\u0435\u0434\u043d\u043e\u0441\u0442, \u0438\u0441\u043f\u0440\u0430\u0432\u043d\u043e\u0441\u0442 \u0438 \u0458\u0430\u0441\u043d\u0430 \u043a\u043e\u043c\u0443\u043d\u0438\u043a\u0430\u0446\u0438\u0458\u0430 \u0441\u0443 \u0437\u0430\u0433\u0430\u0440\u0430\u043d\u0442\u043e\u0432\u0430\u043d\u0438 \u0443 \u0441\u0432\u0430\u043a\u043e\u043c \u0442\u0440\u0435\u043d\u0443\u0442\u043a\u0443.\t\t\t\t\t\t\t\t<\/div>\n\t\t\t\t<\/div>\n\t\t\t\t\t<\/div>\n\t\t\t\t<\/div>\n\t\t\t\t<\/div>","protected":false},"excerpt":{"rendered":"<p>Si funksionon? Procesi i marrjes s\u00eb nj\u00eb minibusi me qira me shofer \u00ebsht\u00eb i thjesht\u00eb dhe i organizuar n\u00eb m\u00ebnyr\u00eb q\u00eb klienti t\u00eb mos ket\u00eb asnj\u00eb paqart\u00ebsi. \u00c7do hap \u00ebsht\u00eb menduar p\u00ebr t\u00eb kursyer koh\u00eb dhe p\u00ebr t\u00eb garantuar nj\u00eb sh\u00ebrbim t\u00eb sakt\u00eb dhe profesional nga fillimi deri n\u00eb fund. 01. K\u00ebrkesa p\u00ebr ofert\u00eb Klienti [&hellip;]<\/p>\n","protected":false},"author":1,"featured_media":0,"parent":0,"menu_order":0,"comment_status":"closed","ping_status":"closed","template":"","meta":{"footnotes":""},"class_list":["post-989423","page","type-page","status-publish","hentry"],"_links":{"self":[{"href":"https:\/\/minibus.al\/sr\/wp-json\/wp\/v2\/pages\/989423","targetHints":{"allow":["GET"]}}],"collection":[{"href":"https:\/\/minibus.al\/sr\/wp-json\/wp\/v2\/pages"}],"about":[{"href":"https:\/\/minibus.al\/sr\/wp-json\/wp\/v2\/types\/page"}],"author":[{"embeddable":true,"href":"https:\/\/minibus.al\/sr\/wp-json\/wp\/v2\/users\/1"}],"replies":[{"embeddable":true,"href":"https:\/\/minibus.al\/sr\/wp-json\/wp\/v2\/comments?post=989423"}],"version-history":[{"count":8,"href":"https:\/\/minibus.al\/sr\/wp-json\/wp\/v2\/pages\/989423\/revisions"}],"predecessor-version":[{"id":989431,"href":"https:\/\/minibus.al\/sr\/wp-json\/wp\/v2\/pages\/989423\/revisions\/989431"}],"wp:attachment":[{"href":"https:\/\/minibus.al\/sr\/wp-json\/wp\/v2\/media?parent=989423"}],"curies":[{"name":"wp","href":"https:\/\/api.w.org\/{rel}","templated":true}]}}