{"id":989011,"date":"2025-12-16T07:36:43","date_gmt":"2025-12-16T07:36:43","guid":{"rendered":"https:\/\/minibus.al\/?page_id=989011"},"modified":"2025-12-16T07:38:06","modified_gmt":"2025-12-16T07:38:06","slug":"%d0%b4%d0%be-18-%d0%bf%d1%83%d1%82%d0%bd%d0%b8%d0%ba%d0%b0","status":"publish","type":"page","link":"https:\/\/minibus.al\/sr\/flota-jone\/deri-ne-18-pasagjere\/","title":{"rendered":"\u0418\u0437\u043d\u0430\u0458\u043c\u0459\u0438\u0432\u0430\u045a\u0435 \u043c\u0438\u043d\u0438\u0431\u0443\u0441\u0430 \u0441\u0430 \u0432\u043e\u0437\u0430\u0447\u0435\u043c \u0443 \u0410\u043b\u0431\u0430\u043d\u0438\u0458\u0438 \u2013 \u0434\u043e 18 \u043f\u0443\u0442\u043d\u0438\u043a\u0430"},"content":{"rendered":"<div data-elementor-type=\"wp-page\" data-elementor-id=\"989011\" class=\"elementor elementor-989011\">\n\t\t\t\t<div class=\"elementor-element elementor-element-2bde2da e-flex e-con-boxed e-con e-parent\" data-id=\"2bde2da\" data-element_type=\"container\" data-e-type=\"container\" data-settings=\"{&quot;background_background&quot;:&quot;classic&quot;}\">\n\t\t\t\t\t<div class=\"e-con-inner\">\n\t\t<div class=\"elementor-element elementor-element-ee41b66 e-con-full e-flex e-con e-child\" data-id=\"ee41b66\" data-element_type=\"container\" data-e-type=\"container\">\n\t\t\t\t<div class=\"elementor-element elementor-element-abd650d elementor-widget elementor-widget-heading\" data-id=\"abd650d\" data-element_type=\"widget\" data-e-type=\"widget\" data-widget_type=\"heading.default\">\n\t\t\t\t\t<h1 class=\"elementor-heading-title elementor-size-default\">\u0418\u0437\u043d\u0430\u0458\u043c\u0459\u0438\u0432\u0430\u045a\u0435 \u043c\u0438\u043d\u0438\u0431\u0443\u0441\u0430 \u0441\u0430 \u0432\u043e\u0437\u0430\u0447\u0435\u043c \u0443 \u0410\u043b\u0431\u0430\u043d\u0438\u0458\u0438 \u2013 \u0434\u043e 18 \u043f\u0443\u0442\u043d\u0438\u043a\u0430<\/h1>\t\t\t\t<\/div>\n\t\t\t\t<div class=\"elementor-element elementor-element-b53403e elementor-widget elementor-widget-text-editor\" data-id=\"b53403e\" data-element_type=\"widget\" data-e-type=\"widget\" data-widget_type=\"text-editor.default\">\n\t\t\t\t\t\t\t\t\t<p>\u0420\u0435\u0437\u0435\u0440\u0432\u0438\u0448\u0438\u0442\u0435 \u0441\u0430\u0434\u0430 \u043c\u0438\u043d\u0438\u0431\u0443\u0441 \u0441\u0430 \u0432\u043e\u0437\u0430\u0447\u0435\u043c \u0443 \u0410\u043b\u0431\u0430\u043d\u0438\u0458\u0438 \u0437\u0430 \u0433\u0440\u0443\u043f\u0435 \u0434\u043e 18 \u043e\u0441\u043e\u0431\u0430. \u0411\u0435\u0437\u0431\u0435\u0434\u0430\u043d \u0438 \u0443\u0434\u043e\u0431\u0430\u043d \u043f\u0440\u0435\u0432\u043e\u0437 \u0434\u043e \u0422\u0438\u0440\u0430\u043d\u0435, \u0414\u0440\u0430\u0447\u0430, \u0421\u043a\u0430\u0434\u0440\u0430 \u0438 \u0434\u0440\u0443\u0433\u0438\u0445 \u0434\u0435\u0441\u0442\u0438\u043d\u0430\u0446\u0438\u0458\u0430 \u0437\u0430 \u0442\u0443\u0440\u0438\u0437\u0430\u043c, \u0434\u043e\u0433\u0430\u0452\u0430\u0458\u0435 \u0438 \u043f\u043e\u0441\u043b\u043e\u0432\u043d\u0430 \u043f\u0443\u0442\u043e\u0432\u0430\u045a\u0430.<\/p>\t\t\t\t\t\t\t\t<\/div>\n\t\t\t\t<\/div>\n\t\t\t\t\t<\/div>\n\t\t\t\t<\/div>\n\t\t<div class=\"elementor-element elementor-element-e125e23 e-flex e-con-boxed e-con e-parent\" data-id=\"e125e23\" data-element_type=\"container\" data-e-type=\"container\" data-settings=\"{&quot;background_background&quot;:&quot;classic&quot;}\">\n\t\t\t\t\t<div class=\"e-con-inner\">\n\t\t<div class=\"elementor-element elementor-element-5a9d3ce e-con-full e-flex e-con e-child\" data-id=\"5a9d3ce\" data-element_type=\"container\" data-e-type=\"container\">\n\t\t\t\t<div class=\"elementor-element elementor-element-cf95fae elementor-widget elementor-widget-text-editor\" data-id=\"cf95fae\" data-element_type=\"widget\" data-e-type=\"widget\" data-widget_type=\"text-editor.default\">\n\t\t\t\t\t\t\t\t\t<p>\u041d\u0443\u0434\u0438\u043c\u043e \u0443\u0441\u043b\u0443\u0433\u0443 \u0438\u0437\u043d\u0430\u0458\u043c\u0459\u0438\u0432\u0430\u045a\u0430 \u043c\u0438\u043d\u0438\u0431\u0443\u0441\u0430 \u0441\u0430 \u0432\u043e\u0437\u0430\u0447\u0435\u043c \u0448\u0438\u0440\u043e\u043c \u0410\u043b\u0431\u0430\u043d\u0438\u0458\u0435, \u0438\u0434\u0435\u0430\u043b\u043d\u043e \u0437\u0430 \u0433\u0440\u0443\u043f\u0435 \u0434\u043e 18 \u043f\u0443\u0442\u043d\u0438\u043a\u0430. \u041e\u0432\u0430 \u0443\u0441\u043b\u0443\u0433\u0430 \u0458\u0435 \u043e\u0441\u043c\u0438\u0448\u0459\u0435\u043d\u0430 \u0434\u0430 \u0432\u0430\u043c \u0433\u0430\u0440\u0430\u043d\u0442\u0443\u0458\u0435 \u0443\u0434\u043e\u0431\u043d\u0430, \u0431\u0435\u0437\u0431\u0435\u0434\u043d\u0430 \u0438 \u043e\u0440\u0433\u0430\u043d\u0438\u0437\u043e\u0432\u0430\u043d\u0430 \u043f\u0443\u0442\u043e\u0432\u0430\u045a\u0430, \u0431\u0438\u043b\u043e \u0434\u0430 \u043f\u0443\u0442\u0443\u0458\u0435\u0442\u0435 \u0442\u0443\u0440\u0438\u0441\u0442\u0438\u0447\u043a\u0438, \u0437\u0431\u043e\u0433 \u0434\u043e\u0433\u0430\u0452\u0430\u0458\u0430 \u0438\u043b\u0438 \u043f\u043e\u0441\u043b\u043e\u0432\u043d\u0438\u0445 \u043e\u0431\u0430\u0432\u0435\u0437\u0430.<\/p>\t\t\t\t\t\t\t\t<\/div>\n\t\t\t\t<div class=\"elementor-element elementor-element-4f2db3b elementor-widget elementor-widget-heading\" data-id=\"4f2db3b\" data-element_type=\"widget\" data-e-type=\"widget\" data-widget_type=\"heading.default\">\n\t\t\t\t\t<h3 class=\"elementor-heading-title elementor-size-default\">\u041f\u0440\u0438\u043b\u0430\u0433\u043e\u0434\u0459\u0438\u0432\u043e\u0441\u0442 \u0440\u0430\u0437\u043b\u0438\u0447\u0438\u0442\u0438\u043c \u0433\u0440\u0443\u043f\u0430\u043c\u0430<\/h3>\t\t\t\t<\/div>\n\t\t\t\t<div class=\"elementor-element elementor-element-30d43d6 elementor-widget elementor-widget-text-editor\" data-id=\"30d43d6\" data-element_type=\"widget\" data-e-type=\"widget\" data-widget_type=\"text-editor.default\">\n\t\t\t\t\t\t\t\t\t\u041d\u0430\u0448\u0438 \u043c\u0438\u043d\u0438\u0431\u0443\u0441\u0435\u0432\u0438 \u0441\u0443 \u0441\u0430\u0432\u0440\u0448\u0435\u043d \u0438\u0437\u0431\u043e\u0440 \u0437\u0430 \u0442\u0443\u0440\u0438\u0441\u0442\u0438\u0447\u043a\u0435 \u0430\u0433\u0435\u043d\u0446\u0438\u0458\u0435, \u043f\u043e\u0440\u043e\u0434\u0438\u0446\u0435, \u0433\u0440\u0443\u043f\u0435 \u043f\u0440\u0438\u0458\u0430\u0442\u0435\u0459\u0430, \u043a\u043e\u043c\u043f\u0430\u043d\u0438\u0458\u0435, \u043e\u0440\u0433\u0430\u043d\u0438\u0437\u0430\u0442\u043e\u0440\u0435 \u0434\u043e\u0433\u0430\u0452\u0430\u0458\u0430 \u0438 \u043e\u043f\u0435\u0440\u0430\u0442\u0435\u0440\u0435 \u043a\u043e\u0458\u0438 \u0442\u0440\u0430\u0436\u0435 \u0440\u0435\u0434\u043e\u0432\u0430\u043d \u0438 \u043f\u0440\u043e\u0444\u0435\u0441\u0438\u043e\u043d\u0430\u043b\u0430\u043d \u043f\u0440\u0435\u0432\u043e\u0437. \u0423 \u0442\u0443\u0440\u0438\u0441\u0442\u0438\u0447\u043a\u043e\u0458 \u0438\u043d\u0434\u0443\u0441\u0442\u0440\u0438\u0458\u0438 \u043d\u0443\u0434\u0438\u043c\u043e \u0444\u043b\u0435\u043a\u0441\u0438\u0431\u0438\u043b\u043d\u0435 \u043c\u0430\u0440\u0448\u0440\u0443\u0442\u0435, \u043e\u043f\u0446\u0438\u043e\u043d\u0435 \u0437\u0430\u0443\u0441\u0442\u0430\u0432\u0459\u0430\u045a\u0430 \u0438 \u0438\u0441\u043a\u0443\u0441\u043d\u0435 \u0432\u043e\u0437\u0430\u0447\u0435 \u043a\u043e\u0458\u0438 \u043f\u043e\u0437\u043d\u0430\u0458\u0443 \u0441\u0432\u0430\u043a\u0438 \u0434\u0435\u043e \u0430\u043b\u0431\u0430\u043d\u0441\u043a\u0438\u0445 \u043f\u0443\u0442\u0435\u0432\u0430. \u0414\u043e\u043a \u0441\u043c\u043e \u0443 \u0438\u043d\u0434\u0443\u0441\u0442\u0440\u0438\u0458\u0438 \u0434\u043e\u0433\u0430\u0452\u0430\u0458\u0430, \u043e\u0441\u0438\u0433\u0443\u0440\u0430\u0432\u0430\u043c\u043e \u0434\u0430 \u0433\u0440\u0443\u043f\u043d\u0438 \u043f\u0440\u0435\u0432\u043e\u0437 \u0431\u0443\u0434\u0435 \u0431\u0435\u0437 \u0441\u0442\u0440\u0435\u0441\u0430 \u2013 \u043e\u0434 \u0432\u0435\u043d\u0447\u0430\u045a\u0430 \u0438 \u043a\u043e\u0440\u043f\u043e\u0440\u0430\u0442\u0438\u0432\u043d\u0438\u0445 \u0434\u043e\u0433\u0430\u0452\u0430\u0458\u0430, \u0434\u043e \u043a\u043e\u043d\u0446\u0435\u0440\u0430\u0442\u0430, \u043a\u043e\u043d\u0444\u0435\u0440\u0435\u043d\u0446\u0438\u0458\u0430, \u043f\u043e\u0440\u043e\u0434\u0438\u0447\u043d\u0438\u0445 \u043f\u0440\u043e\u0441\u043b\u0430\u0432\u0430 \u0438 \u0441\u043f\u043e\u0440\u0442\u0441\u043a\u0438\u0445 \u0430\u043a\u0442\u0438\u0432\u043d\u043e\u0441\u0442\u0438.\t\t\t\t\t\t\t\t<\/div>\n\t\t\t\t<div class=\"elementor-element elementor-element-094774e elementor-widget elementor-widget-heading\" data-id=\"094774e\" data-element_type=\"widget\" data-e-type=\"widget\" data-widget_type=\"heading.default\">\n\t\t\t\t\t<h3 class=\"elementor-heading-title elementor-size-default\">\u0418\u0437\u043d\u0430\u0458\u043c\u0459\u0438\u0432\u0430\u045a\u0435 \u043c\u0438\u043d\u0438\u0431\u0443\u0441\u0430 \u0443 \u0422\u0438\u0440\u0430\u043d\u0438 \u0438 \u043e\u043a\u043e\u043b\u0438\u043d\u0438.<br><\/h3>\t\t\t\t<\/div>\n\t\t\t\t<div class=\"elementor-element elementor-element-c2badbf elementor-widget elementor-widget-text-editor\" data-id=\"c2badbf\" data-element_type=\"widget\" data-e-type=\"widget\" data-widget_type=\"text-editor.default\">\n\t\t\t\t\t\t\t\t\t\u041d\u0430\u0448\u0430 \u0443\u0441\u043b\u0443\u0433\u0430 \u0438\u0437\u043d\u0430\u0458\u043c\u0459\u0438\u0432\u0430\u045a\u0430 \u043c\u0438\u043d\u0438\u0431\u0443\u0441\u0435\u0432\u0430 \u043f\u043e\u043a\u0440\u0438\u0432\u0430 \u0433\u043b\u0430\u0432\u043d\u0435 \u0433\u0440\u0430\u0434\u043e\u0432\u0435 \u0410\u043b\u0431\u0430\u043d\u0438\u0458\u0435, \u0443\u043a\u0459\u0443\u0447\u0443\u0458\u0443\u045b\u0438 \u0422\u0438\u0440\u0430\u043d\u0443, \u0414\u0440\u0430\u0447, \u0421\u043a\u0430\u0434\u0430\u0440, \u0412\u0430\u043b\u043e\u043d\u0443, \u0421\u0430\u0440\u0430\u043d\u0434\u0443, \u0411\u0435\u0440\u0430\u0442, \u0402\u0438\u0440\u043e\u043a\u0430\u0441\u0442\u0440\u0443, \u041a\u043e\u0440\u0447\u0443, \u0415\u043b\u0431\u0430\u0441\u0430\u043d \u0438 \u041b\u0435\u0436\u0443. \u041e\u0434 \u0430\u0435\u0440\u043e\u0434\u0440\u043e\u043c\u0430 \u0443 \u0422\u0438\u0440\u0430\u043d\u0438 \u0434\u043e \u0458\u0443\u0436\u043d\u0435 \u043e\u0431\u0430\u043b\u0435 \u0438\u043b\u0438 \u0433\u0440\u0430\u0434\u043e\u0432\u0430 \u043c\u0443\u0437\u0435\u0458\u0430, \u043d\u0443\u0434\u0438\u043c\u043e \u0431\u0435\u0437\u0431\u0435\u0434\u0430\u043d \u0438 \u0441\u0438\u043d\u0445\u0440\u043e\u043d\u0438\u0437\u043e\u0432\u0430\u043d \u043f\u0440\u0435\u0432\u043e\u0437 \u043f\u0440\u0435\u043c\u0430 \u0432\u0430\u0448\u0438\u043c \u0440\u0430\u0441\u043f\u043e\u0440\u0435\u0434\u0438\u043c\u0430 \u0438 \u043f\u043e\u0442\u0440\u0435\u0431\u0430\u043c\u0430.\t\t\t\t\t\t\t\t<\/div>\n\t\t\t\t<div class=\"elementor-element elementor-element-0e04ef8 elementor-widget elementor-widget-heading\" data-id=\"0e04ef8\" data-element_type=\"widget\" data-e-type=\"widget\" data-widget_type=\"heading.default\">\n\t\t\t\t\t<h3 class=\"elementor-heading-title elementor-size-default\">\u041f\u0440\u043e\u0444\u0435\u0441\u0438\u043e\u043d\u0430\u043b\u043d\u0438 \u0432\u043e\u0437\u0430\u0447\u0438 \u0438 \u0431\u0435\u0437\u0431\u0435\u0434\u043d\u043e \u043f\u0443\u0442\u043e\u0432\u0430\u045a\u0435<\/h3>\t\t\t\t<\/div>\n\t\t\t\t<div class=\"elementor-element elementor-element-f2e72c7 elementor-widget elementor-widget-text-editor\" data-id=\"f2e72c7\" data-element_type=\"widget\" data-e-type=\"widget\" data-widget_type=\"text-editor.default\">\n\t\t\t\t\t\t\t\t\t\u0421\u0432\u0430\u043a\u043e \u043f\u0443\u0442\u043e\u0432\u0430\u045a\u0435 \u043e\u0431\u0430\u0432\u0459\u0430\u0458\u0443 \u043f\u0440\u043e\u0444\u0435\u0441\u0438\u043e\u043d\u0430\u043b\u043d\u0438, \u043e\u0431\u0443\u0447\u0435\u043d\u0438 \u0438 \u043b\u0438\u0446\u0435\u043d\u0446\u0438\u0440\u0430\u043d\u0438 \u0432\u043e\u0437\u0430\u0447\u0438. \u041d\u0430\u0448\u0438 \u043c\u0438\u043d\u0438\u0431\u0443\u0441\u0435\u0432\u0438 \u0433\u0430\u0440\u0430\u043d\u0442\u0443\u0458\u0443 \u0443\u0434\u043e\u0431\u043d\u043e\u0441\u0442, \u043a\u043b\u0438\u043c\u0430 \u0443\u0440\u0435\u0452\u0430\u0458, \u043f\u0440\u043e\u0441\u0442\u043e\u0440 \u0437\u0430 \u043f\u0440\u0442\u0459\u0430\u0433 \u0438 \u043a\u043e\u043c\u043f\u043b\u0435\u0442\u043d\u043e \u0438\u0441\u043a\u0443\u0441\u0442\u0432\u043e \u043f\u0443\u0442\u043e\u0432\u0430\u045a\u0430, \u0447\u0438\u043d\u0435\u045b\u0438 \u0441\u0432\u0430\u043a\u0443 \u0440\u0443\u0442\u0443 \u0433\u043b\u0430\u0442\u043a\u043e\u043c \u0438 \u043f\u0440\u0438\u0458\u0430\u0442\u043d\u043e\u043c.\t\t\t\t\t\t\t\t<\/div>\n\t\t\t\t<div class=\"elementor-element elementor-element-23592db elementor-widget elementor-widget-heading\" data-id=\"23592db\" data-element_type=\"widget\" data-e-type=\"widget\" data-widget_type=\"heading.default\">\n\t\t\t\t\t<h3 class=\"elementor-heading-title elementor-size-default\">\u0417\u0430\u0448\u0442\u043e minibus.al?<\/h3>\t\t\t\t<\/div>\n\t\t\t\t<div class=\"elementor-element elementor-element-288ca7f elementor-widget elementor-widget-text-editor\" data-id=\"288ca7f\" data-element_type=\"widget\" data-e-type=\"widget\" data-widget_type=\"text-editor.default\">\n\t\t\t\t\t\t\t\t\t\u0420\u0430\u0437\u0443\u043c\u0435\u043c\u043e \u0434\u0430 \u0441\u0432\u0430\u043a\u043e \u043f\u0443\u0442\u043e\u0432\u0430\u045a\u0435 \u0438\u043c\u0430 \u0434\u0440\u0443\u0433\u0430\u0447\u0438\u0458\u0435 \u043f\u043e\u0442\u0440\u0435\u0431\u0435. \u0418\u0437 \u0442\u043e\u0433 \u0440\u0430\u0437\u043b\u043e\u0433\u0430 \u043d\u0443\u0434\u0438\u043c\u043e \u0440\u0430\u0437\u043d\u043e\u0432\u0440\u0441\u043d\u0435 \u043c\u0438\u043d\u0438\u0431\u0443\u0441\u0435\u0432\u0435 \u0437\u0430 \u043c\u0430\u043b\u0435 \u0438 \u0432\u0435\u043b\u0438\u043a\u0435 \u0433\u0440\u0443\u043f\u0435, \u043f\u0435\u0440\u0441\u043e\u043d\u0430\u043b\u0438\u0437\u043e\u0432\u0430\u043d\u0435 \u043c\u0430\u0440\u0448\u0440\u0443\u0442\u0435 \u0438 \u043f\u0440\u043e\u0444\u0435\u0441\u0438\u043e\u043d\u0430\u043b\u043d\u043e \u043e\u0431\u0443\u0447\u0435\u043d\u0435 \u0432\u043e\u0437\u0430\u0447\u0435. \u0411\u0435\u0437\u0431\u0435\u0434\u043d\u043e\u0441\u0442, \u0443\u0434\u043e\u0431\u043d\u043e\u0441\u0442 \u0438 \u043f\u0440\u043e\u0444\u0435\u0441\u0438\u043e\u043d\u0430\u043b\u0438\u0437\u0430\u043c \u0441\u0443 \u043d\u0430\u0448\u0438 \u043e\u0441\u043d\u043e\u0432\u043d\u0438 \u043f\u0440\u0438\u043d\u0446\u0438\u043f\u0438, \u043a\u0430\u043a\u043e \u0431\u0438\u0441\u043c\u043e \u043e\u0441\u0438\u0433\u0443\u0440\u0430\u043b\u0438 \u043f\u0440\u0438\u0458\u0430\u0442\u043d\u043e \u0438 \u0433\u043b\u0430\u0442\u043a\u043e \u0438\u0441\u043a\u0443\u0441\u0442\u0432\u043e \u0437\u0430 \u0441\u0432\u0430\u043a\u043e\u0433 \u043f\u0443\u0442\u043d\u0438\u043aa.\t\t\t\t\t\t\t\t<\/div>\n\t\t\t\t<div class=\"elementor-element elementor-element-6d08aec elementor-widget elementor-widget-image\" data-id=\"6d08aec\" data-element_type=\"widget\" data-e-type=\"widget\" data-widget_type=\"image.default\">\n\t\t\t\t\t\t\t\t\t\t\t\t\t\t\t<img fetchpriority=\"high\" decoding=\"async\" width=\"800\" height=\"560\" src=\"https:\/\/minibus.al\/wp-content\/uploads\/2024\/01\/01-landscape.jpg\" class=\"attachment-large size-large wp-image-988652\" alt=\"\" srcset=\"https:\/\/minibus.al\/wp-content\/uploads\/2024\/01\/01-landscape.jpg 893w, https:\/\/minibus.al\/wp-content\/uploads\/2024\/01\/01-landscape-600x420.jpg 600w, https:\/\/minibus.al\/wp-content\/uploads\/2024\/01\/01-landscape-300x210.jpg 300w, https:\/\/minibus.al\/wp-content\/uploads\/2024\/01\/01-landscape-768x538.jpg 768w, https:\/\/minibus.al\/wp-content\/uploads\/2024\/01\/01-landscape-630x441.jpg 630w, https:\/\/minibus.al\/wp-content\/uploads\/2024\/01\/01-landscape-420x294.jpg 420w, https:\/\/minibus.al\/wp-content\/uploads\/2024\/01\/01-landscape-840x588.jpg 840w, https:\/\/minibus.al\/wp-content\/uploads\/2024\/01\/01-landscape-315x220.jpg 315w\" sizes=\"(max-width: 800px) 100vw, 800px\" title=\"\">\t\t\t\t\t\t\t\t\t\t\t\t\t\t\t<\/div>\n\t\t\t\t<div class=\"elementor-element elementor-element-1e7cd0e elementor-widget elementor-widget-heading\" data-id=\"1e7cd0e\" data-element_type=\"widget\" data-e-type=\"widget\" data-widget_type=\"heading.default\">\n\t\t\t\t\t<h3 class=\"elementor-heading-title elementor-size-default\">\u041c\u0430\u043a\u0441\u0438\u043c\u0430\u043b\u043d\u0430 \u0443\u0434\u043e\u0431\u043d\u043e\u0441\u0442 \u0438 \u043f\u0440\u0430\u043a\u0442\u0438\u0447\u043d\u043e\u0441\u0442<\/h3>\t\t\t\t<\/div>\n\t\t\t\t<div class=\"elementor-element elementor-element-61ae5bf elementor-widget elementor-widget-text-editor\" data-id=\"61ae5bf\" data-element_type=\"widget\" data-e-type=\"widget\" data-widget_type=\"text-editor.default\">\n\t\t\t\t\t\t\t\t\t<p>\u0410\u043a\u043e \u0432\u0430\u043c \u0458\u0435 \u043f\u043e\u0442\u0440\u0435\u0431\u043d\u0430 \u043f\u043e\u0443\u0437\u0434\u0430\u043d\u0430 \u0443\u0441\u043b\u0443\u0433\u0430 \u043f\u0440\u0435\u0432\u043e\u0437\u0430 \u043e\u0434 \u0432\u0440\u0430\u0442\u0430 \u0434\u043e \u0432\u0440\u0430\u0442\u0430 \u0437\u0430 \u043c\u0430\u045a\u0435 \u0433\u0440\u0443\u043f\u0435, \u043d\u0430\u0448\u0438 \u043c\u0438\u043d\u0438\u0431\u0443\u0441\u0435\u0432\u0438 \u0441\u0430 \u0432\u043e\u0437\u0430\u0447\u0435\u043c \u0441\u0443 \u0438\u0434\u0435\u0430\u043b\u0430\u043d \u0438\u0437\u0431\u043e\u0440. \u0412\u043e\u0434\u0438\u043c\u043e \u0440\u0430\u0447\u0443\u043d\u0430 \u043e \u0441\u0432\u0430\u043a\u043e\u043c \u0434\u0435\u0442\u0430\u0459\u0443 \u2013 \u0440\u0443\u0442\u0438, \u0440\u0435\u0434\u0443 \u0432\u043e\u0436\u045a\u0435, \u0441\u0442\u0430\u0458\u0430\u043b\u0438\u0448\u0442\u0438\u043c\u0430 \u0438 \u0443\u0434\u043e\u0431\u043d\u043e\u0441\u0442\u0438 \u2013 \u0442\u0430\u043a\u043e \u0434\u0430 \u0441\u0435 \u0432\u0438 \u043c\u043e\u0436\u0435\u0442\u0435 \u0444\u043e\u043a\u0443\u0441\u0438\u0440\u0430\u0442\u0438 \u0441\u0430\u043c\u043e \u043d\u0430 \u043f\u0443\u0442\u043e\u0432\u0430\u045a\u0435 \u0438 \u0438\u0441\u043a\u0443\u0441\u0442\u0432\u043e.<\/p>\t\t\t\t\t\t\t\t<\/div>\n\t\t\t\t<\/div>\n\t\t<div class=\"elementor-element elementor-element-21695eb e-con-full e-flex e-con e-child\" data-id=\"21695eb\" data-element_type=\"container\" data-e-type=\"container\">\n\t\t<div class=\"elementor-element elementor-element-9e6287b e-flex e-con-boxed e-con e-child\" data-id=\"9e6287b\" data-element_type=\"container\" data-e-type=\"container\" data-settings=\"{&quot;background_background&quot;:&quot;classic&quot;}\">\n\t\t\t\t\t<div class=\"e-con-inner\">\n\t\t\t\t<div class=\"elementor-element elementor-element-be48760 elementor-widget__width-auto elementor-widget elementor-widget-heading\" data-id=\"be48760\" data-element_type=\"widget\" data-e-type=\"widget\" data-widget_type=\"heading.default\">\n\t\t\t\t\t<h3 class=\"elementor-heading-title elementor-size-default\">10% \u043f\u043e\u043f\u0443\u0441\u0442\u0430<\/h3>\t\t\t\t<\/div>\n\t\t\t\t<div class=\"elementor-element elementor-element-3de29c3 elementor-widget__width-auto elementor-widget elementor-widget-heading\" data-id=\"3de29c3\" data-element_type=\"widget\" data-e-type=\"widget\" data-widget_type=\"heading.default\">\n\t\t\t\t\t<div class=\"elementor-heading-title elementor-size-default\">\u041f\u043e\u043f\u0443\u0441\u0442 \u0434\u043e 10% \u0437\u0430 \u0441\u0432\u0430\u043a\u0443 \u0440\u0435\u0437\u0435\u0440\u0432\u0430\u0446\u0438\u0458\u0443 \u0434\u043e 31. \u043c\u0430\u0458\u0430 2026.!<\/div>\t\t\t\t<\/div>\n\t\t\t\t\t<\/div>\n\t\t\t\t<\/div>\n\t\t<div class=\"elementor-element elementor-element-59e80db e-con-full e-flex e-con e-child\" data-id=\"59e80db\" data-element_type=\"container\" data-e-type=\"container\">\n\t\t\t\t<div class=\"elementor-element elementor-element-02125ec elementor-widget__width-initial elementor-widget elementor-widget-heading\" data-id=\"02125ec\" data-element_type=\"widget\" data-e-type=\"widget\" data-widget_type=\"heading.default\">\n\t\t\t\t\t<h3 class=\"elementor-heading-title elementor-size-default\"><a href=\"https:\/\/minibus.al\/sr\/%d0%bc%d0%b8%d0%bd%d0%b8%d0%b1%d1%83%d1%81-%d0%b7%d0%b0-%d0%b8%d0%b7%d0%bd%d0%b0%d1%98%d0%bc%d1%99%d0%b8%d0%b2%d0%b0%d1%9a%d0%b5-%d1%81%d0%b0-%d0%b2%d0%be%d0%b7%d0%b0%d1%87%d0%b5%d0%bc-%d0%b7%d0%b0\/\">\u0418\u0437\u043d\u0430\u0458\u043c\u0459\u0438\u0432\u0430\u045a\u0435 \u043c\u0438\u043d\u0438\u0431\u0443\u0441\u0430 \u0437\u0430 \u0442\u0443\u0440\u0438\u0437\u0430\u043c<\/a><\/h3>\t\t\t\t<\/div>\n\t\t\t\t<\/div>\n\t\t<div class=\"elementor-element elementor-element-d78acf1 e-con-full e-flex e-con e-child\" data-id=\"d78acf1\" data-element_type=\"container\" data-e-type=\"container\">\n\t\t\t\t<div class=\"elementor-element elementor-element-7db6655 elementor-widget__width-initial elementor-widget elementor-widget-heading\" data-id=\"7db6655\" data-element_type=\"widget\" data-e-type=\"widget\" data-widget_type=\"heading.default\">\n\t\t\t\t\t<h3 class=\"elementor-heading-title elementor-size-default\"><a href=\"https:\/\/minibus.al\/sr\/%d0%b8%d0%b7%d0%bd%d0%b0%d1%98%d0%bc%d1%99%d0%b8%d0%b2%d0%b0%d1%9a%d0%b5-%d0%bc%d0%b8%d0%bd%d0%b8%d0%b1%d1%83%d1%81%d0%b0-%d1%81%d0%b0-%d0%b2%d0%be%d0%b7%d0%b0%d1%87%d0%b5%d0%bc-%d0%b7%d0%b0-%d0%b4\/\">\u0418\u0437\u043d\u0430\u0458\u043c\u0459\u0438\u0432\u0430\u045a\u0435 \u043c\u0438\u043d\u0438\u0431\u0443\u0441\u0430 \u0437\u0430 \u0434\u043e\u0433\u0430\u0452\u0430\u0458\u0435<\/a><\/h3>\t\t\t\t<\/div>\n\t\t\t\t<\/div>\n\t\t<div class=\"elementor-element elementor-element-9e5c0e6 e-con-full e-flex e-con e-child\" data-id=\"9e5c0e6\" data-element_type=\"container\" data-e-type=\"container\">\n\t\t\t\t<div class=\"elementor-element elementor-element-9e8ecef elementor-widget__width-initial elementor-widget elementor-widget-heading\" data-id=\"9e8ecef\" data-element_type=\"widget\" data-e-type=\"widget\" data-widget_type=\"heading.default\">\n\t\t\t\t\t<h3 class=\"elementor-heading-title elementor-size-default\"><a href=\"https:\/\/minibus.al\/sr\/%d0%bc%d0%b8%d0%bd%d0%b8%d0%b1%d1%83%d1%81-%d0%b7%d0%b0-%d0%b8%d0%b7%d0%bd%d0%b0%d1%98%d0%bc%d1%99%d0%b8%d0%b2%d0%b0%d1%9a%d0%b5-%d0%bd%d0%b0-%d0%b0%d0%b5%d1%80%d0%be%d0%b4%d1%80%d0%be%d0%bc%d1%83\/\">\u041f\u0440\u0438\u0432\u0430\u0442\u043d\u0438 \u0442\u0440\u0430\u043d\u0441\u0444\u0435\u0440\u0438 \u0441\u0430 \u0430\u0435\u0440\u043e\u0434\u0440\u043e\u043c\u0430<\/a><\/h3>\t\t\t\t<\/div>\n\t\t\t\t<\/div>\n\t\t\t\t<\/div>\n\t\t\t\t\t<\/div>\n\t\t\t\t<\/div>\n\t\t\t\t<\/div>","protected":false},"excerpt":{"rendered":"<p>Minibus me qira me shofer n\u00eb Shqip\u00ebri \u2013 deri n\u00eb 18 pasagjer\u00eb Rezervo tani minibus me shofer n\u00eb Shqip\u00ebri p\u00ebr grupe deri n\u00eb 18 persona. Transport i sigurt dhe i komod n\u00eb Tiran\u00eb, Durr\u00ebs, Shkod\u00ebr dhe destinacione t\u00eb tjera p\u00ebr turiz\u00ebm, evente dhe udh\u00ebtime biznesi. Ne ofrojm\u00eb sh\u00ebrbimin e minibuseve me qira me shofer n\u00eb [&hellip;]<\/p>\n","protected":false},"author":1,"featured_media":988652,"parent":988966,"menu_order":0,"comment_status":"closed","ping_status":"closed","template":"","meta":{"footnotes":""},"class_list":["post-989011","page","type-page","status-publish","has-post-thumbnail","hentry"],"_links":{"self":[{"href":"https:\/\/minibus.al\/sr\/wp-json\/wp\/v2\/pages\/989011","targetHints":{"allow":["GET"]}}],"collection":[{"href":"https:\/\/minibus.al\/sr\/wp-json\/wp\/v2\/pages"}],"about":[{"href":"https:\/\/minibus.al\/sr\/wp-json\/wp\/v2\/types\/page"}],"author":[{"embeddable":true,"href":"https:\/\/minibus.al\/sr\/wp-json\/wp\/v2\/users\/1"}],"replies":[{"embeddable":true,"href":"https:\/\/minibus.al\/sr\/wp-json\/wp\/v2\/comments?post=989011"}],"version-history":[{"count":8,"href":"https:\/\/minibus.al\/sr\/wp-json\/wp\/v2\/pages\/989011\/revisions"}],"predecessor-version":[{"id":989019,"href":"https:\/\/minibus.al\/sr\/wp-json\/wp\/v2\/pages\/989011\/revisions\/989019"}],"up":[{"embeddable":true,"href":"https:\/\/minibus.al\/sr\/wp-json\/wp\/v2\/pages\/988966"}],"wp:featuredmedia":[{"embeddable":true,"href":"https:\/\/minibus.al\/sr\/wp-json\/wp\/v2\/media\/988652"}],"wp:attachment":[{"href":"https:\/\/minibus.al\/sr\/wp-json\/wp\/v2\/media?parent=989011"}],"curies":[{"name":"wp","href":"https:\/\/api.w.org\/{rel}","templated":true}]}}