{"id":988961,"date":"2025-12-12T07:38:26","date_gmt":"2025-12-12T07:38:26","guid":{"rendered":"https:\/\/minibus.al\/?page_id=988961"},"modified":"2025-12-12T08:13:29","modified_gmt":"2025-12-12T08:13:29","slug":"%d0%b4%d0%be-8-%d0%bf%d1%83%d1%82%d0%bd%d0%b8%d0%ba%d0%b0","status":"publish","type":"page","link":"https:\/\/minibus.al\/sr\/flota-jone\/deri-ne-8-pasagjer\/","title":{"rendered":"\u041c\u0438\u043d\u0438\u0431\u0443\u0441 8+1 \u0437\u0430 \u0438\u0437\u043d\u0430\u0458\u043c\u0459\u0438\u0432\u0430\u045a\u0435 \u0441\u0430 \u0432\u043e\u0437\u0430\u0447\u0435\u043c \u0443 \u0410\u043b\u0431\u0430\u043d\u0438\u0458\u0438"},"content":{"rendered":"<div data-elementor-type=\"wp-page\" data-elementor-id=\"988961\" class=\"elementor elementor-988961\">\n\t\t\t\t<div class=\"elementor-element elementor-element-9157af8 e-flex e-con-boxed e-con e-parent\" data-id=\"9157af8\" data-element_type=\"container\" data-e-type=\"container\" data-settings=\"{&quot;background_background&quot;:&quot;classic&quot;}\">\n\t\t\t\t\t<div class=\"e-con-inner\">\n\t\t<div class=\"elementor-element elementor-element-2404e81 e-con-full e-flex e-con e-child\" data-id=\"2404e81\" data-element_type=\"container\" data-e-type=\"container\">\n\t\t\t\t<div class=\"elementor-element elementor-element-543e65c elementor-widget elementor-widget-heading\" data-id=\"543e65c\" data-element_type=\"widget\" data-e-type=\"widget\" data-widget_type=\"heading.default\">\n\t\t\t\t\t<h1 class=\"elementor-heading-title elementor-size-default\">\u0418\u0437\u043d\u0430\u0458\u043c\u0459\u0438\u0432\u0430\u045a\u0435 \u043c\u0438\u043d\u0438\u0431\u0443\u0441\u0430 \u0441\u0430 \u0432\u043e\u0437\u0430\u0447\u0435\u043c \u0443 \u0410\u043b\u0431\u0430\u043d\u0438\u0458\u0438 \u2013 \u0434\u043e 8 \u043f\u0443\u0442\u043d\u0438\u043a\u0430<\/h1>\t\t\t\t<\/div>\n\t\t\t\t<div class=\"elementor-element elementor-element-c4c7f96 elementor-widget elementor-widget-text-editor\" data-id=\"c4c7f96\" data-element_type=\"widget\" data-e-type=\"widget\" data-widget_type=\"text-editor.default\">\n\t\t\t\t\t\t\t\t\t\u0420\u0435\u0437\u0435\u0440\u0432\u0438\u0448\u0438\u0442\u0435 \u0441\u0430\u0434\u0430 \u043c\u0438\u043d\u0438\u0431\u0443\u0441 \u0441\u0430 \u0432\u043e\u0437\u0430\u0447\u0435\u043c \u0443 \u0410\u043b\u0431\u0430\u043d\u0438\u0458\u0438 \u0437\u0430 \u0433\u0440\u0443\u043f\u0435 \u0434\u043e 8 \u043e\u0441\u043e\u0431\u0430. \u0411\u0435\u0437\u0431\u0435\u0434\u0430\u043d \u0438 \u0443\u0434\u043e\u0431\u0430\u043d \u043f\u0440\u0435\u0432\u043e\u0437 \u0443 \u0422\u0438\u0440\u0430\u043d\u0438, \u0414\u0440\u0430\u0447\u0443, \u0421\u043a\u0430\u0434\u0440\u0443 \u0438 \u0434\u0440\u0443\u0433\u0438\u043c \u0434\u0435\u0441\u0442\u0438\u043d\u0430\u0446\u0438\u0458\u0430\u043c\u0430 \u0437\u0430 \u0442\u0443\u0440\u0438\u0437\u0430\u043c, \u0434\u043e\u0433\u0430\u0452\u0430\u0458\u0435 \u0438 \u043f\u043e\u0441\u043b\u043e\u0432\u043d\u0430 \u043f\u0443\u0442\u043e\u0432\u0430\u045a\u0430.\t\t\t\t\t\t\t\t<\/div>\n\t\t\t\t<\/div>\n\t\t\t\t\t<\/div>\n\t\t\t\t<\/div>\n\t\t<div class=\"elementor-element elementor-element-d7bac3e e-flex e-con-boxed e-con e-parent\" data-id=\"d7bac3e\" data-element_type=\"container\" data-e-type=\"container\" data-settings=\"{&quot;background_background&quot;:&quot;classic&quot;}\">\n\t\t\t\t\t<div class=\"e-con-inner\">\n\t\t<div class=\"elementor-element elementor-element-50917bb e-con-full e-flex e-con e-child\" data-id=\"50917bb\" data-element_type=\"container\" data-e-type=\"container\">\n\t\t\t\t<div class=\"elementor-element elementor-element-df454eb elementor-widget elementor-widget-text-editor\" data-id=\"df454eb\" data-element_type=\"widget\" data-e-type=\"widget\" data-widget_type=\"text-editor.default\">\n\t\t\t\t\t\t\t\t\t\u041d\u0443\u0434\u0438\u043c\u043e \u0443\u0441\u043b\u0443\u0433\u0443 \u0438\u0437\u043d\u0430\u0458\u043c\u0459\u0438\u0432\u0430\u045a\u0430 \u043c\u0438\u043d\u0438\u0431\u0443\u0441\u0430 \u0441\u0430 \u0432\u043e\u0437\u0430\u0447\u0435\u043c \u0448\u0438\u0440\u043e\u043c \u0410\u043b\u0431\u0430\u043d\u0438\u0458\u0435, \u0438\u0434\u0435\u0430\u043b\u043d\u043e \u0437\u0430 \u0433\u0440\u0443\u043f\u0435 \u0434\u043e 8 \u043f\u0443\u0442\u043d\u0438\u043a\u0430. \u041e\u0432\u0430 \u0443\u0441\u043b\u0443\u0433\u0430 \u0458\u0435 \u043e\u0441\u043c\u0438\u0448\u0459\u0435\u043d\u0430 \u0434\u0430 \u0432\u0430\u043c \u0433\u0430\u0440\u0430\u043d\u0442\u0443\u0458\u0435 \u0443\u0434\u043e\u0431\u043d\u0430, \u0431\u0435\u0437\u0431\u0435\u0434\u043d\u0430 \u0438 \u043e\u0440\u0433\u0430\u043d\u0438\u0437\u043e\u0432\u0430\u043d\u0430 \u043f\u0443\u0442\u043e\u0432\u0430\u045a\u0430, \u0431\u0438\u043b\u043e \u0434\u0430 \u043f\u0443\u0442\u0443\u0458\u0435\u0442\u0435 \u0442\u0443\u0440\u0438\u0441\u0442\u0438\u0447\u043a\u0438, \u0437\u0431\u043e\u0433 \u0434\u043e\u0433\u0430\u0452\u0430\u0458\u0430 \u0438\u043b\u0438 \u043f\u043e\u0441\u043b\u043e\u0432\u043d\u0438\u0445 \u043e\u0431\u0430\u0432\u0435\u0437\u0430.\t\t\t\t\t\t\t\t<\/div>\n\t\t\t\t<div class=\"elementor-element elementor-element-f998bee elementor-widget elementor-widget-heading\" data-id=\"f998bee\" data-element_type=\"widget\" data-e-type=\"widget\" data-widget_type=\"heading.default\">\n\t\t\t\t\t<h3 class=\"elementor-heading-title elementor-size-default\">\u041f\u0440\u0438\u043b\u0430\u0433\u043e\u0434\u0459\u0438\u0432\u043e\u0441\u0442 \u0440\u0430\u0437\u043b\u0438\u0447\u0438\u0442\u0438\u043c \u0433\u0440\u0443\u043f\u0430\u043c\u0430<\/h3>\t\t\t\t<\/div>\n\t\t\t\t<div class=\"elementor-element elementor-element-7f980eb elementor-widget elementor-widget-text-editor\" data-id=\"7f980eb\" data-element_type=\"widget\" data-e-type=\"widget\" data-widget_type=\"text-editor.default\">\n\t\t\t\t\t\t\t\t\t\u041d\u0430\u0448\u0438 \u043c\u0438\u043d\u0438\u0431\u0443\u0441\u0435\u0432\u0438 \u0441\u0443 \u0441\u0430\u0432\u0440\u0448\u0435\u043d \u0438\u0437\u0431\u043e\u0440 \u0437\u0430 \u0442\u0443\u0440\u0438\u0441\u0442\u0438\u0447\u043a\u0435 \u0430\u0433\u0435\u043d\u0446\u0438\u0458\u0435, \u043f\u043e\u0440\u043e\u0434\u0438\u0446\u0435, \u0433\u0440\u0443\u043f\u0435 \u043f\u0440\u0438\u0458\u0430\u0442\u0435\u0459\u0430, \u043a\u043e\u043c\u043f\u0430\u043d\u0438\u0458\u0435, \u043e\u0440\u0433\u0430\u043d\u0438\u0437\u0430\u0442\u043e\u0440\u0435 \u0434\u043e\u0433\u0430\u0452\u0430\u0458\u0430 \u0438 \u043e\u043f\u0435\u0440\u0430\u0442\u0435\u0440\u0435 \u043a\u043e\u0458\u0438 \u0442\u0440\u0430\u0436\u0435 \u0440\u0435\u0434\u043e\u0432\u0430\u043d \u0438 \u043f\u0440\u043e\u0444\u0435\u0441\u0438\u043e\u043d\u0430\u043b\u0430\u043d \u043f\u0440\u0435\u0432\u043e\u0437. \u0423 \u0442\u0443\u0440\u0438\u0441\u0442\u0438\u0447\u043a\u043e\u0458 \u0438\u043d\u0434\u0443\u0441\u0442\u0440\u0438\u0458\u0438 \u043d\u0443\u0434\u0438\u043c\u043e \u0444\u043b\u0435\u043a\u0441\u0438\u0431\u0438\u043b\u043d\u0435 \u043c\u0430\u0440\u0448\u0440\u0443\u0442\u0435, \u043e\u043f\u0446\u0438\u043e\u043d\u0435 \u0437\u0430\u0443\u0441\u0442\u0430\u0432\u0459\u0430\u045a\u0430 \u0438 \u0438\u0441\u043a\u0443\u0441\u043d\u0435 \u0432\u043e\u0437\u0430\u0447\u0435 \u043a\u043e\u0458\u0438 \u043f\u043e\u0437\u043d\u0430\u0458\u0443 \u0441\u0432\u0430\u043a\u0438 \u0434\u0435\u043e \u0430\u043b\u0431\u0430\u043d\u0441\u043a\u0438\u0445 \u043f\u0443\u0442\u0435\u0432\u0430. \u0414\u043e\u043a \u0441\u043c\u043e \u0443 \u0438\u043d\u0434\u0443\u0441\u0442\u0440\u0438\u0458\u0438 \u0434\u043e\u0433\u0430\u0452\u0430\u0458\u0430, \u043e\u0441\u0438\u0433\u0443\u0440\u0430\u0432\u0430\u043c\u043e \u0434\u0430 \u0433\u0440\u0443\u043f\u043d\u0438 \u043f\u0440\u0435\u0432\u043e\u0437 \u0431\u0443\u0434\u0435 \u0431\u0435\u0437 \u0441\u0442\u0440\u0435\u0441\u0430 \u2013 \u043e\u0434 \u0432\u0435\u043d\u0447\u0430\u045a\u0430 \u0438 \u043a\u043e\u0440\u043f\u043e\u0440\u0430\u0442\u0438\u0432\u043d\u0438\u0445 \u0434\u043e\u0433\u0430\u0452\u0430\u0458\u0430, \u0434\u043e \u043a\u043e\u043d\u0446\u0435\u0440\u0430\u0442\u0430, \u043a\u043e\u043d\u0444\u0435\u0440\u0435\u043d\u0446\u0438\u0458\u0430, \u043f\u043e\u0440\u043e\u0434\u0438\u0447\u043d\u0438\u0445 \u043f\u0440\u043e\u0441\u043b\u0430\u0432\u0430 \u0438 \u0441\u043f\u043e\u0440\u0442\u0441\u043a\u0438\u0445 \u0430\u043a\u0442\u0438\u0432\u043d\u043e\u0441\u0442\u0438.\t\t\t\t\t\t\t\t<\/div>\n\t\t\t\t<div class=\"elementor-element elementor-element-3f29037 elementor-widget elementor-widget-heading\" data-id=\"3f29037\" data-element_type=\"widget\" data-e-type=\"widget\" data-widget_type=\"heading.default\">\n\t\t\t\t\t<h3 class=\"elementor-heading-title elementor-size-default\">\u0418\u0437\u043d\u0430\u0458\u043c\u0459\u0438\u0432\u0430\u045a\u0435 \u043c\u0438\u043d\u0438\u0431\u0443\u0441\u0430 \u0443 \u0422\u0438\u0440\u0430\u043d\u0438 \u0438 \u043e\u043a\u043e\u043b\u0438\u043d\u0438.<br><\/h3>\t\t\t\t<\/div>\n\t\t\t\t<div class=\"elementor-element elementor-element-8a03359 elementor-widget elementor-widget-text-editor\" data-id=\"8a03359\" data-element_type=\"widget\" data-e-type=\"widget\" data-widget_type=\"text-editor.default\">\n\t\t\t\t\t\t\t\t\t\u041d\u0430\u0448\u0430 \u0443\u0441\u043b\u0443\u0433\u0430 \u0438\u0437\u043d\u0430\u0458\u043c\u0459\u0438\u0432\u0430\u045a\u0430 \u043c\u0438\u043d\u0438\u0431\u0443\u0441\u0435\u0432\u0430 \u043f\u043e\u043a\u0440\u0438\u0432\u0430 \u0433\u043b\u0430\u0432\u043d\u0435 \u0433\u0440\u0430\u0434\u043e\u0432\u0435 \u0410\u043b\u0431\u0430\u043d\u0438\u0458\u0435, \u0443\u043a\u0459\u0443\u0447\u0443\u0458\u0443\u045b\u0438 \u0422\u0438\u0440\u0430\u043d\u0443, \u0414\u0440\u0430\u0447, \u0421\u043a\u0430\u0434\u0430\u0440, \u0412\u0430\u043b\u043e\u043d\u0443, \u0421\u0430\u0440\u0430\u043d\u0434\u0443, \u0411\u0435\u0440\u0430\u0442, \u0402\u0438\u0440\u043e\u043a\u0430\u0441\u0442\u0440\u0443, \u041a\u043e\u0440\u0447\u0443, \u0415\u043b\u0431\u0430\u0441\u0430\u043d \u0438 \u041b\u0435\u0436\u0443. \u041e\u0434 \u0430\u0435\u0440\u043e\u0434\u0440\u043e\u043c\u0430 \u0443 \u0422\u0438\u0440\u0430\u043d\u0438 \u0434\u043e \u0458\u0443\u0436\u043d\u0435 \u043e\u0431\u0430\u043b\u0435 \u0438\u043b\u0438 \u0433\u0440\u0430\u0434\u043e\u0432\u0430 \u043c\u0443\u0437\u0435\u0458\u0430, \u043d\u0443\u0434\u0438\u043c\u043e \u0431\u0435\u0437\u0431\u0435\u0434\u0430\u043d \u0438 \u0441\u0438\u043d\u0445\u0440\u043e\u043d\u0438\u0437\u043e\u0432\u0430\u043d \u043f\u0440\u0435\u0432\u043e\u0437 \u043f\u0440\u0435\u043c\u0430 \u0432\u0430\u0448\u0438\u043c \u0440\u0430\u0441\u043f\u043e\u0440\u0435\u0434\u0438\u043c\u0430 \u0438 \u043f\u043e\u0442\u0440\u0435\u0431\u0430\u043c\u0430.\t\t\t\t\t\t\t\t<\/div>\n\t\t\t\t<div class=\"elementor-element elementor-element-cc8576f elementor-widget elementor-widget-heading\" data-id=\"cc8576f\" data-element_type=\"widget\" data-e-type=\"widget\" data-widget_type=\"heading.default\">\n\t\t\t\t\t<h3 class=\"elementor-heading-title elementor-size-default\">\u041f\u0440\u043e\u0444\u0435\u0441\u0438\u043e\u043d\u0430\u043b\u043d\u0438 \u0432\u043e\u0437\u0430\u0447\u0438 \u0438 \u0431\u0435\u0437\u0431\u0435\u0434\u043d\u043e \u043f\u0443\u0442\u043e\u0432\u0430\u045a\u0435<\/h3>\t\t\t\t<\/div>\n\t\t\t\t<div class=\"elementor-element elementor-element-b75389e elementor-widget elementor-widget-text-editor\" data-id=\"b75389e\" data-element_type=\"widget\" data-e-type=\"widget\" data-widget_type=\"text-editor.default\">\n\t\t\t\t\t\t\t\t\t\u0421\u0432\u0430\u043a\u043e \u043f\u0443\u0442\u043e\u0432\u0430\u045a\u0435 \u043e\u0431\u0430\u0432\u0459\u0430\u0458\u0443 \u043f\u0440\u043e\u0444\u0435\u0441\u0438\u043e\u043d\u0430\u043b\u043d\u0438, \u043e\u0431\u0443\u0447\u0435\u043d\u0438 \u0438 \u043b\u0438\u0446\u0435\u043d\u0446\u0438\u0440\u0430\u043d\u0438 \u0432\u043e\u0437\u0430\u0447\u0438. \u041d\u0430\u0448\u0438 \u043c\u0438\u043d\u0438\u0431\u0443\u0441\u0435\u0432\u0438 \u0433\u0430\u0440\u0430\u043d\u0442\u0443\u0458\u0443 \u0443\u0434\u043e\u0431\u043d\u043e\u0441\u0442, \u043a\u043b\u0438\u043c\u0430 \u0443\u0440\u0435\u0452\u0430\u0458, \u043f\u0440\u043e\u0441\u0442\u043e\u0440 \u0437\u0430 \u043f\u0440\u0442\u0459\u0430\u0433 \u0438 \u043a\u043e\u043c\u043f\u043b\u0435\u0442\u043d\u043e \u0438\u0441\u043a\u0443\u0441\u0442\u0432\u043e \u043f\u0443\u0442\u043e\u0432\u0430\u045a\u0430, \u0447\u0438\u043d\u0435\u045b\u0438 \u0441\u0432\u0430\u043a\u0443 \u0440\u0443\u0442\u0443 \u0433\u043b\u0430\u0442\u043a\u043e\u043c \u0438 \u043f\u0440\u0438\u0458\u0430\u0442\u043d\u043e\u043c.\t\t\t\t\t\t\t\t<\/div>\n\t\t\t\t<div class=\"elementor-element elementor-element-636ac8c elementor-widget elementor-widget-heading\" data-id=\"636ac8c\" data-element_type=\"widget\" data-e-type=\"widget\" data-widget_type=\"heading.default\">\n\t\t\t\t\t<h3 class=\"elementor-heading-title elementor-size-default\">\u0417\u0430\u0448\u0442\u043e minibus.al?<\/h3>\t\t\t\t<\/div>\n\t\t\t\t<div class=\"elementor-element elementor-element-07ca6b1 elementor-widget elementor-widget-text-editor\" data-id=\"07ca6b1\" data-element_type=\"widget\" data-e-type=\"widget\" data-widget_type=\"text-editor.default\">\n\t\t\t\t\t\t\t\t\t\u0420\u0430\u0437\u0443\u043c\u0435\u043c\u043e \u0434\u0430 \u0441\u0432\u0430\u043a\u043e \u043f\u0443\u0442\u043e\u0432\u0430\u045a\u0435 \u0438\u043c\u0430 \u0434\u0440\u0443\u0433\u0430\u0447\u0438\u0458\u0435 \u043f\u043e\u0442\u0440\u0435\u0431\u0435. \u0418\u0437 \u0442\u043e\u0433 \u0440\u0430\u0437\u043b\u043e\u0433\u0430 \u043d\u0443\u0434\u0438\u043c\u043e \u0440\u0430\u0437\u043d\u043e\u0432\u0440\u0441\u043d\u0435 \u043c\u0438\u043d\u0438\u0431\u0443\u0441\u0435\u0432\u0435 \u0437\u0430 \u043c\u0430\u043b\u0435 \u0438 \u0432\u0435\u043b\u0438\u043a\u0435 \u0433\u0440\u0443\u043f\u0435, \u043f\u0435\u0440\u0441\u043e\u043d\u0430\u043b\u0438\u0437\u043e\u0432\u0430\u043d\u0435 \u043c\u0430\u0440\u0448\u0440\u0443\u0442\u0435 \u0438 \u043f\u0440\u043e\u0444\u0435\u0441\u0438\u043e\u043d\u0430\u043b\u043d\u043e \u043e\u0431\u0443\u0447\u0435\u043d\u0435 \u0432\u043e\u0437\u0430\u0447\u0435. \u0411\u0435\u0437\u0431\u0435\u0434\u043d\u043e\u0441\u0442, \u0443\u0434\u043e\u0431\u043d\u043e\u0441\u0442 \u0438 \u043f\u0440\u043e\u0444\u0435\u0441\u0438\u043e\u043d\u0430\u043b\u0438\u0437\u0430\u043c \u0441\u0443 \u043d\u0430\u0448\u0438 \u043e\u0441\u043d\u043e\u0432\u043d\u0438 \u043f\u0440\u0438\u043d\u0446\u0438\u043f\u0438, \u043a\u0430\u043a\u043e \u0431\u0438\u0441\u043c\u043e \u043e\u0441\u0438\u0433\u0443\u0440\u0430\u043b\u0438 \u043f\u0440\u0438\u0458\u0430\u0442\u043d\u043e \u0438 \u0433\u043b\u0430\u0442\u043a\u043e \u0438\u0441\u043a\u0443\u0441\u0442\u0432\u043e \u0437\u0430 \u0441\u0432\u0430\u043a\u043e\u0433 \u043f\u0443\u0442\u043d\u0438\u043aa.\t\t\t\t\t\t\t\t<\/div>\n\t\t\t\t<div class=\"elementor-element elementor-element-911e7de elementor-widget elementor-widget-image\" data-id=\"911e7de\" data-element_type=\"widget\" data-e-type=\"widget\" data-widget_type=\"image.default\">\n\t\t\t\t\t\t\t\t\t\t\t\t\t\t\t<img fetchpriority=\"high\" decoding=\"async\" width=\"800\" height=\"560\" src=\"https:\/\/minibus.al\/wp-content\/uploads\/2024\/01\/Crop800x600-landscape.jpeg\" class=\"attachment-large size-large wp-image-988653\" alt=\"\" srcset=\"https:\/\/minibus.al\/wp-content\/uploads\/2024\/01\/Crop800x600-landscape.jpeg 800w, https:\/\/minibus.al\/wp-content\/uploads\/2024\/01\/Crop800x600-landscape-600x420.jpeg 600w, https:\/\/minibus.al\/wp-content\/uploads\/2024\/01\/Crop800x600-landscape-300x210.jpeg 300w, https:\/\/minibus.al\/wp-content\/uploads\/2024\/01\/Crop800x600-landscape-768x538.jpeg 768w, https:\/\/minibus.al\/wp-content\/uploads\/2024\/01\/Crop800x600-landscape-630x441.jpeg 630w, https:\/\/minibus.al\/wp-content\/uploads\/2024\/01\/Crop800x600-landscape-420x294.jpeg 420w, https:\/\/minibus.al\/wp-content\/uploads\/2024\/01\/Crop800x600-landscape-315x221.jpeg 315w\" sizes=\"(max-width: 800px) 100vw, 800px\" title=\"\">\t\t\t\t\t\t\t\t\t\t\t\t\t\t\t<\/div>\n\t\t\t\t<div class=\"elementor-element elementor-element-89ea343 elementor-widget elementor-widget-heading\" data-id=\"89ea343\" data-element_type=\"widget\" data-e-type=\"widget\" data-widget_type=\"heading.default\">\n\t\t\t\t\t<h3 class=\"elementor-heading-title elementor-size-default\">\u041c\u0430\u043a\u0441\u0438\u043c\u0430\u043b\u043d\u0430 \u0443\u0434\u043e\u0431\u043d\u043e\u0441\u0442 \u0438 \u043f\u0440\u0430\u043a\u0442\u0438\u0447\u043d\u043e\u0441\u0442<\/h3>\t\t\t\t<\/div>\n\t\t\t\t<div class=\"elementor-element elementor-element-c34765b elementor-widget elementor-widget-text-editor\" data-id=\"c34765b\" data-element_type=\"widget\" data-e-type=\"widget\" data-widget_type=\"text-editor.default\">\n\t\t\t\t\t\t\t\t\t<p>\u0410\u043a\u043e \u0432\u0430\u043c \u0458\u0435 \u043f\u043e\u0442\u0440\u0435\u0431\u043d\u0430 \u043f\u043e\u0443\u0437\u0434\u0430\u043d\u0430 \u0443\u0441\u043b\u0443\u0433\u0430 \u043f\u0440\u0435\u0432\u043e\u0437\u0430 \u043e\u0434 \u0432\u0440\u0430\u0442\u0430 \u0434\u043e \u0432\u0440\u0430\u0442\u0430 \u0437\u0430 \u043c\u0430\u045a\u0435 \u0433\u0440\u0443\u043f\u0435, \u043d\u0430\u0448\u0438 \u043c\u0438\u043d\u0438\u0431\u0443\u0441\u0435\u0432\u0438 \u0441\u0430 \u0432\u043e\u0437\u0430\u0447\u0435\u043c \u0441\u0443 \u0438\u0434\u0435\u0430\u043b\u0430\u043d \u0438\u0437\u0431\u043e\u0440. \u0412\u043e\u0434\u0438\u043c\u043e \u0440\u0430\u0447\u0443\u043d\u0430 \u043e \u0441\u0432\u0430\u043a\u043e\u043c \u0434\u0435\u0442\u0430\u0459\u0443 \u2013 \u0440\u0443\u0442\u0438, \u0440\u0435\u0434\u0443 \u0432\u043e\u0436\u045a\u0435, \u0441\u0442\u0430\u0458\u0430\u043b\u0438\u0448\u0442\u0438\u043c\u0430 \u0438 \u0443\u0434\u043e\u0431\u043d\u043e\u0441\u0442\u0438 \u2013 \u0442\u0430\u043a\u043e \u0434\u0430 \u0441\u0435 \u0432\u0438 \u043c\u043e\u0436\u0435\u0442\u0435 \u0444\u043e\u043a\u0443\u0441\u0438\u0440\u0430\u0442\u0438 \u0441\u0430\u043c\u043e \u043d\u0430 \u043f\u0443\u0442\u043e\u0432\u0430\u045a\u0435 \u0438 \u0438\u0441\u043a\u0443\u0441\u0442\u0432\u043e.<\/p>\t\t\t\t\t\t\t\t<\/div>\n\t\t\t\t<\/div>\n\t\t<div class=\"elementor-element elementor-element-5053aa3 e-con-full e-flex e-con e-child\" data-id=\"5053aa3\" data-element_type=\"container\" data-e-type=\"container\">\n\t\t<div class=\"elementor-element elementor-element-d7f78a8 e-flex e-con-boxed e-con e-child\" data-id=\"d7f78a8\" data-element_type=\"container\" data-e-type=\"container\" data-settings=\"{&quot;background_background&quot;:&quot;classic&quot;}\">\n\t\t\t\t\t<div class=\"e-con-inner\">\n\t\t\t\t<div class=\"elementor-element elementor-element-dbfdd6b elementor-widget__width-auto elementor-widget elementor-widget-heading\" data-id=\"dbfdd6b\" data-element_type=\"widget\" data-e-type=\"widget\" data-widget_type=\"heading.default\">\n\t\t\t\t\t<h3 class=\"elementor-heading-title elementor-size-default\">10% \u043f\u043e\u043f\u0443\u0441\u0442\u0430<\/h3>\t\t\t\t<\/div>\n\t\t\t\t<div class=\"elementor-element elementor-element-8915590 elementor-widget__width-auto elementor-widget elementor-widget-heading\" data-id=\"8915590\" data-element_type=\"widget\" data-e-type=\"widget\" data-widget_type=\"heading.default\">\n\t\t\t\t\t<div class=\"elementor-heading-title elementor-size-default\">\u041f\u043e\u043f\u0443\u0441\u0442 \u0434\u043e 10% \u0437\u0430 \u0441\u0432\u0430\u043a\u0443 \u0440\u0435\u0437\u0435\u0440\u0432\u0430\u0446\u0438\u0458\u0443 \u0434\u043e 31. \u043c\u0430\u0458\u0430 2026.!<\/div>\t\t\t\t<\/div>\n\t\t\t\t\t<\/div>\n\t\t\t\t<\/div>\n\t\t<div class=\"elementor-element elementor-element-5681020 e-con-full e-flex e-con e-child\" data-id=\"5681020\" data-element_type=\"container\" data-e-type=\"container\">\n\t\t\t\t<div class=\"elementor-element elementor-element-bab86e4 elementor-widget__width-initial elementor-widget elementor-widget-heading\" data-id=\"bab86e4\" data-element_type=\"widget\" data-e-type=\"widget\" data-widget_type=\"heading.default\">\n\t\t\t\t\t<h3 class=\"elementor-heading-title elementor-size-default\"><a href=\"https:\/\/minibus.al\/sr\/%d0%bc%d0%b8%d0%bd%d0%b8%d0%b1%d1%83%d1%81-%d0%b7%d0%b0-%d0%b8%d0%b7%d0%bd%d0%b0%d1%98%d0%bc%d1%99%d0%b8%d0%b2%d0%b0%d1%9a%d0%b5-%d1%81%d0%b0-%d0%b2%d0%be%d0%b7%d0%b0%d1%87%d0%b5%d0%bc-%d0%b7%d0%b0\/\">\u0418\u0437\u043d\u0430\u0458\u043c\u0459\u0438\u0432\u0430\u045a\u0435 \u043c\u0438\u043d\u0438\u0431\u0443\u0441\u0430 \u0437\u0430 \u0442\u0443\u0440\u0438\u0437\u0430\u043c<\/a><\/h3>\t\t\t\t<\/div>\n\t\t\t\t<\/div>\n\t\t<div class=\"elementor-element elementor-element-aa61225 e-con-full e-flex e-con e-child\" data-id=\"aa61225\" data-element_type=\"container\" data-e-type=\"container\">\n\t\t\t\t<div class=\"elementor-element elementor-element-f9f6754 elementor-widget__width-initial elementor-widget elementor-widget-heading\" data-id=\"f9f6754\" data-element_type=\"widget\" data-e-type=\"widget\" data-widget_type=\"heading.default\">\n\t\t\t\t\t<h3 class=\"elementor-heading-title elementor-size-default\"><a href=\"https:\/\/minibus.al\/sr\/%d0%b8%d0%b7%d0%bd%d0%b0%d1%98%d0%bc%d1%99%d0%b8%d0%b2%d0%b0%d1%9a%d0%b5-%d0%bc%d0%b8%d0%bd%d0%b8%d0%b1%d1%83%d1%81%d0%b0-%d1%81%d0%b0-%d0%b2%d0%be%d0%b7%d0%b0%d1%87%d0%b5%d0%bc-%d0%b7%d0%b0-%d0%b4\/\">\u0418\u0437\u043d\u0430\u0458\u043c\u0459\u0438\u0432\u0430\u045a\u0435 \u043c\u0438\u043d\u0438\u0431\u0443\u0441\u0430 \u0437\u0430 \u0434\u043e\u0433\u0430\u0452\u0430\u0458\u0435<\/a><\/h3>\t\t\t\t<\/div>\n\t\t\t\t<\/div>\n\t\t<div class=\"elementor-element elementor-element-36b1fbe e-con-full e-flex e-con e-child\" data-id=\"36b1fbe\" data-element_type=\"container\" data-e-type=\"container\">\n\t\t\t\t<div class=\"elementor-element elementor-element-8ec7acc elementor-widget__width-initial elementor-widget elementor-widget-heading\" data-id=\"8ec7acc\" data-element_type=\"widget\" data-e-type=\"widget\" data-widget_type=\"heading.default\">\n\t\t\t\t\t<h3 class=\"elementor-heading-title elementor-size-default\"><a href=\"https:\/\/minibus.al\/sr\/%d0%bc%d0%b8%d0%bd%d0%b8%d0%b1%d1%83%d1%81-%d0%b7%d0%b0-%d0%b8%d0%b7%d0%bd%d0%b0%d1%98%d0%bc%d1%99%d0%b8%d0%b2%d0%b0%d1%9a%d0%b5-%d0%bd%d0%b0-%d0%b0%d0%b5%d1%80%d0%be%d0%b4%d1%80%d0%be%d0%bc%d1%83\/\">\u041f\u0440\u0438\u0432\u0430\u0442\u043d\u0438 \u0442\u0440\u0430\u043d\u0441\u0444\u0435\u0440\u0438 \u0441\u0430 \u0430\u0435\u0440\u043e\u0434\u0440\u043e\u043c\u0430<\/a><\/h3>\t\t\t\t<\/div>\n\t\t\t\t<\/div>\n\t\t\t\t<\/div>\n\t\t\t\t\t<\/div>\n\t\t\t\t<\/div>\n\t\t\t\t<\/div>","protected":false},"excerpt":{"rendered":"<p>Minibus me qira me shofer n\u00eb Shqip\u00ebri \u2013 deri n\u00eb 8 pasagjer\u00eb Rezervo tani minibus me shofer n\u00eb Shqip\u00ebri p\u00ebr grupe deri n\u00eb 8 persona. Transport i sigurt dhe i komod n\u00eb Tiran\u00eb, Durr\u00ebs, Shkod\u00ebr dhe destinacione t\u00eb tjera p\u00ebr turiz\u00ebm, evente dhe udh\u00ebtime biznesi.Ne ofrojm\u00eb sh\u00ebrbimin e minibuseve me qira me shofer n\u00eb t\u00eb [&hellip;]<\/p>\n","protected":false},"author":1,"featured_media":988710,"parent":988966,"menu_order":0,"comment_status":"closed","ping_status":"closed","template":"","meta":{"footnotes":""},"class_list":["post-988961","page","type-page","status-publish","has-post-thumbnail","hentry"],"_links":{"self":[{"href":"https:\/\/minibus.al\/sr\/wp-json\/wp\/v2\/pages\/988961","targetHints":{"allow":["GET"]}}],"collection":[{"href":"https:\/\/minibus.al\/sr\/wp-json\/wp\/v2\/pages"}],"about":[{"href":"https:\/\/minibus.al\/sr\/wp-json\/wp\/v2\/types\/page"}],"author":[{"embeddable":true,"href":"https:\/\/minibus.al\/sr\/wp-json\/wp\/v2\/users\/1"}],"replies":[{"embeddable":true,"href":"https:\/\/minibus.al\/sr\/wp-json\/wp\/v2\/comments?post=988961"}],"version-history":[{"count":14,"href":"https:\/\/minibus.al\/sr\/wp-json\/wp\/v2\/pages\/988961\/revisions"}],"predecessor-version":[{"id":989006,"href":"https:\/\/minibus.al\/sr\/wp-json\/wp\/v2\/pages\/988961\/revisions\/989006"}],"up":[{"embeddable":true,"href":"https:\/\/minibus.al\/sr\/wp-json\/wp\/v2\/pages\/988966"}],"wp:featuredmedia":[{"embeddable":true,"href":"https:\/\/minibus.al\/sr\/wp-json\/wp\/v2\/media\/988710"}],"wp:attachment":[{"href":"https:\/\/minibus.al\/sr\/wp-json\/wp\/v2\/media?parent=988961"}],"curies":[{"name":"wp","href":"https:\/\/api.w.org\/{rel}","templated":true}]}}