{"id":988853,"date":"2025-10-15T15:41:19","date_gmt":"2025-10-15T15:41:19","guid":{"rendered":"https:\/\/minibus.al\/?page_id=988853"},"modified":"2025-10-15T15:45:19","modified_gmt":"2025-10-15T15:45:19","slug":"%d0%bc%d0%b8%d0%bd%d0%b8%d0%b1%d1%83%d1%81-%d0%b7%d0%b0-%d0%b8%d0%b7%d0%bd%d0%b0%d1%98%d0%bc%d1%99%d0%b8%d0%b2%d0%b0%d1%9a%d0%b5-%d0%bd%d0%b0-%d0%b0%d0%b5%d1%80%d0%be%d0%b4%d1%80%d0%be%d0%bc%d1%83","status":"publish","type":"page","link":"https:\/\/minibus.al\/sr\/minibus-me-qira-ne-aeroportin-e-tiranes\/","title":{"rendered":"\u0418\u0437\u043d\u0430\u0458\u043c\u0459\u0438\u0432\u0430\u045a\u0435 \u043c\u0438\u043d\u0438\u0431\u0443\u0441\u0430 \u043d\u0430 \u0430\u0435\u0440\u043e\u0434\u0440\u043e\u043c\u0443 \u0443 \u0422\u0438\u0440\u0430\u043d\u0438"},"content":{"rendered":"<div data-elementor-type=\"wp-page\" data-elementor-id=\"988853\" class=\"elementor elementor-988853\">\n\t\t\t\t<div class=\"elementor-element elementor-element-17b14b0 e-flex e-con-boxed e-con e-parent\" data-id=\"17b14b0\" data-element_type=\"container\" data-e-type=\"container\" data-settings=\"{&quot;background_background&quot;:&quot;classic&quot;}\">\n\t\t\t\t\t<div class=\"e-con-inner\">\n\t\t<div class=\"elementor-element elementor-element-da00348 e-con-full e-flex e-con e-child\" data-id=\"da00348\" data-element_type=\"container\" data-e-type=\"container\">\n\t\t\t\t<div class=\"elementor-element elementor-element-e3791e5 elementor-widget elementor-widget-heading\" data-id=\"e3791e5\" data-element_type=\"widget\" data-e-type=\"widget\" data-widget_type=\"heading.default\">\n\t\t\t\t\t<h1 class=\"elementor-heading-title elementor-size-default\">\u0418\u0437\u043d\u0430\u0458\u043c\u0459\u0438\u0432\u0430\u045a\u0435 \u043c\u0438\u043d\u0438\u0431\u0443\u0441\u0430 \u043d\u0430 \u0430\u0435\u0440\u043e\u0434\u0440\u043e\u043c\u0443 \u0443 \u0422\u0438\u0440\u0430\u043d\u0438<\/h1>\t\t\t\t<\/div>\n\t\t\t\t<div class=\"elementor-element elementor-element-98a450a elementor-widget elementor-widget-text-editor\" data-id=\"98a450a\" data-element_type=\"widget\" data-e-type=\"widget\" data-widget_type=\"text-editor.default\">\n\t\t\t\t\t\t\t\t\t\u0420\u0435\u0437\u0435\u0440\u0432\u0438\u0448\u0438\u0442\u0435 \u0438\u0437\u043d\u0430\u0458\u043c\u0459\u0438\u0432\u0430\u045a\u0435 \u043c\u0438\u043d\u0438\u0431\u0443\u0441\u0430 \u043d\u0430 \u0430\u0435\u0440\u043e\u0434\u0440\u043e\u043c\u0443 \u0443 \u0422\u0438\u0440\u0430\u043d\u0438 \u0437\u0430 \u043f\u0440\u0438\u0432\u0430\u0442\u043d\u0435, \u0431\u0435\u0437\u0431\u0435\u0434\u043d\u0435 \u0438 \u0443\u0434\u043e\u0431\u043d\u0435 \u0442\u0440\u0430\u043d\u0441\u0444\u0435\u0440\u0435. \u041f\u0440\u043e\u0444\u0435\u0441\u0438\u043e\u043d\u0430\u043b\u043d\u0438 \u0432\u043e\u0437\u0430\u0447 \u0438 \u043c\u043e\u0434\u0435\u0440\u043d\u0430 \u0432\u043e\u0437\u0438\u043b\u0430 \u0437\u0430 \u0441\u0432\u0430\u043a\u043e \u043f\u0443\u0442\u043e\u0432\u0430\u045a\u0435.\t\t\t\t\t\t\t\t<\/div>\n\t\t\t\t<\/div>\n\t\t\t\t\t<\/div>\n\t\t\t\t<\/div>\n\t\t<div class=\"elementor-element elementor-element-f243bfa e-flex e-con-boxed e-con e-parent\" data-id=\"f243bfa\" data-element_type=\"container\" data-e-type=\"container\" data-settings=\"{&quot;background_background&quot;:&quot;classic&quot;}\">\n\t\t\t\t\t<div class=\"e-con-inner\">\n\t\t<div class=\"elementor-element elementor-element-8ce9177 e-con-full e-flex e-con e-child\" data-id=\"8ce9177\" data-element_type=\"container\" data-e-type=\"container\">\n\t\t\t\t<div class=\"elementor-element elementor-element-2fa15ea elementor-widget elementor-widget-text-editor\" data-id=\"2fa15ea\" data-element_type=\"widget\" data-e-type=\"widget\" data-widget_type=\"text-editor.default\">\n\t\t\t\t\t\t\t\t\t<p>\u0414\u043e\u043b\u0430\u0437\u0430\u043a \u043d\u0430 \u0430\u0435\u0440\u043e\u0434\u0440\u043e\u043c \u0443 \u0422\u0438\u0440\u0430\u043d\u0438 \u043c\u043e\u0436\u0435 \u0431\u0438\u0442\u0438 \u0443\u0437\u0431\u0443\u0434\u0459\u0438\u0432, \u0430\u043b\u0438 \u0447\u0435\u0441\u0442\u043e \u0438 \u0438\u0437\u0430\u0437\u043e\u0432\u0430\u043d, \u043f\u043e\u0441\u0435\u0431\u043d\u043e \u043a\u0430\u0434\u0430 \u043c\u043e\u0440\u0430\u0442\u0435 \u0434\u0430 \u043e\u0440\u0433\u0430\u043d\u0438\u0437\u0443\u0458\u0435\u0442\u0435 \u0442\u0440\u0430\u043d\u0441\u0444\u0435\u0440 \u0434\u043e \u043e\u0434\u0440\u0435\u0434\u0438\u0448\u0442\u0430. \u0423 \u0442\u0438\u043c \u0442\u0440\u0435\u043d\u0443\u0446\u0438\u043c\u0430, \u043f\u0440\u043e\u0444\u0435\u0441\u0438\u043e\u043d\u0430\u043b\u043d\u0430 \u0443\u0441\u043b\u0443\u0433\u0430 \u0438\u0437\u043d\u0430\u0458\u043c\u0459\u0438\u0432\u0430\u045a\u0430 \u043c\u0438\u043d\u0438\u0431\u0443\u0441\u0430 \u043f\u043e\u0441\u0442\u0430\u0458\u0435 \u0438\u0437\u0443\u0437\u0435\u0442\u043d\u0430 \u043f\u043e\u043c\u043e\u045b. \u041e\u043d\u0430 \u043d\u0435 \u0441\u0430\u043c\u043e \u0434\u0430 \u0433\u0430\u0440\u0430\u043d\u0442\u0443\u0458\u0435 \u0443\u0434\u043e\u0431\u043d\u043e\u0441\u0442 \u0438 \u0431\u0435\u0437\u0431\u0435\u0434\u043d\u043e\u0441\u0442, \u0432\u0435\u045b \u0432\u0430\u043c \u043e\u043c\u043e\u0433\u0443\u045b\u0430\u0432\u0430 \u0434\u0430 \u043f\u0443\u0442\u043e\u0432\u0430\u045a\u0435 \u0434\u043e\u0436\u0438\u0432\u0438\u0442\u0435 \u0431\u0435\u0437 \u0441\u0442\u0440\u0435\u0441\u0430 \u0438 \u0441\u0430 \u043f\u043e\u0442\u043f\u0443\u043d\u043e\u043c \u0444\u043b\u0435\u043a\u0441\u0438\u0431\u0438\u043b\u043d\u043e\u0448\u045b\u0443.<\/p><p>\u0423\u0441\u043b\u0443\u0433\u0430 \u0438\u0437\u043d\u0430\u0458\u043c\u0459\u0438\u0432\u0430\u045a\u0430 \u043c\u0438\u043d\u0438\u0431\u0443\u0441\u0435\u0432\u0430 \u043d\u0443\u0434\u0438 \u043d\u043e\u0432\u0430 \u0438 \u0434\u043e\u0431\u0440\u043e \u043e\u0434\u0440\u0436\u0430\u0432\u0430\u043d\u0430 \u0432\u043e\u0437\u0438\u043b\u0430, \u043f\u043e\u0433\u043e\u0434\u043d\u0430 \u0437\u0430 \u0440\u0430\u0437\u043b\u0438\u0447\u0438\u0442\u0435 \u0433\u0440\u0443\u043f\u0435 \u043f\u0443\u0442\u043d\u0438\u043a\u0430. \u0411\u0435\u0437 \u043e\u0431\u0437\u0438\u0440\u0430 \u0434\u0430 \u043b\u0438 \u043f\u0443\u0442\u0443\u0458\u0435\u0442\u0435 \u0441\u0430\u043c\u0438, \u0441\u0430 \u043f\u043e\u0440\u043e\u0434\u0438\u0446\u043e\u043c \u0438\u043b\u0438 \u0433\u0440\u0443\u043f\u043e\u043c \u043f\u0440\u0438\u0458\u0430\u0442\u0435\u0459\u0430, \u043d\u0430\u0448\u0438 \u043c\u0438\u043d\u0438\u0431\u0443\u0441\u0435\u0432\u0438 \u0441\u0443 \u043f\u0440\u043e\u0441\u0442\u0440\u0430\u043d\u0438, \u0443\u0434\u043e\u0431\u043d\u0438 \u0438 \u043e\u043f\u0440\u0435\u043c\u0459\u0435\u043d\u0438 \u0441\u0432\u0438\u043c \u043f\u043e\u0442\u0440\u0435\u0431\u043d\u0438\u043c \u0441\u0430\u0434\u0440\u0436\u0430\u0458\u0438\u043c\u0430 \u0437\u0430 \u043f\u0440\u0438\u0458\u0430\u0442\u043d\u043e \u043f\u0443\u0442\u043e\u0432\u0430\u045a\u0435.<\/p><p>\u0408\u0435\u0434\u043d\u0430 \u043e\u0434 \u043d\u0430\u0458\u0432\u0435\u045b\u0438\u0445 \u043f\u0440\u0435\u0434\u043d\u043e\u0441\u0442\u0438 \u0458\u0435 \u043f\u0440\u043e\u0444\u0435\u0441\u0438\u043e\u043d\u0430\u043b\u043d\u0438 \u0432\u043e\u0437\u0430\u0447. \u041e\u0431\u0443\u0447\u0435\u043d\u0438 \u0434\u0430 \u043f\u0440\u0443\u0436\u0435 \u0431\u0435\u0437\u0431\u0435\u0434\u043d\u0443 \u0438 \u0459\u0443\u0431\u0430\u0437\u043d\u0443 \u0443\u0441\u043b\u0443\u0433\u0443, \u043d\u0430\u0448\u0438 \u0432\u043e\u0437\u0430\u0447\u0438 \u043d\u0435 \u0431\u0440\u0438\u043d\u0443 \u0441\u0430\u043c\u043e \u043e \u0432\u043e\u0436\u045a\u0438 \u0432\u043e\u0437\u0438\u043b\u0430, \u0432\u0435\u045b \u0438 \u043e \u0432\u0430\u0448\u0435\u043c \u0438\u0441\u043a\u0443\u0441\u0442\u0432\u0443 \u0442\u043e\u043a\u043e\u043c \u043f\u0443\u0442\u043e\u0432\u0430\u045a\u0430. \u041e\u043d\u0438 \u0437\u043d\u0430\u0458\u0443 \u043d\u0430\u0458\u0431\u0440\u0436\u0435 \u0438 \u043d\u0430\u0458\u0431\u0435\u0437\u0431\u0435\u0434\u043d\u0438\u0458\u0435 \u0440\u0443\u0442\u0435, \u043f\u0440\u0443\u0436\u0430\u0458\u0443\u045b\u0438 \u0432\u0430\u043c \u043f\u0440\u0438\u043b\u0438\u043a\u0443 \u0434\u0430 \u0443\u0436\u0438\u0432\u0430\u0442\u0435 \u0443 \u043f\u0443\u0442\u043e\u0432\u0430\u045a\u0443 \u0431\u0435\u0437 \u0431\u0440\u0438\u0433\u0435.<\/p><p>\u0420\u0435\u0437\u0435\u0440\u0432\u0430\u0446\u0438\u0458\u0430 \u043c\u0438\u043d\u0438\u0431\u0443\u0441\u0430 \u0458\u0435 \u0458\u0435\u0434\u043d\u043e\u0441\u0442\u0430\u0432\u043d\u0430 \u043a\u0430\u043e \u0438 \u0441\u0430\u043c\u043e \u043f\u0443\u0442\u043e\u0432\u0430\u045a\u0435. \u0421\u0430 \u0441\u0430\u043c\u043e \u043d\u0435\u043a\u043e\u043b\u0438\u043a\u043e \u043a\u043b\u0438\u043a\u043e\u0432\u0430, \u043c\u043e\u0436\u0435\u0442\u0435 \u0431\u0438\u0442\u0438 \u0441\u0438\u0433\u0443\u0440\u043d\u0438 \u0434\u0430 \u0432\u0430\u0441 \u0443 \u0442\u0440\u0435\u043d\u0443\u0442\u043a\u0443 \u043a\u0430\u0434\u0430 \u0441\u0442\u0438\u0433\u043d\u0435\u0442\u0435 \u043d\u0430 \u0430\u0435\u0440\u043e\u0434\u0440\u043e\u043c \u0447\u0435\u043a\u0430 \u0432\u043e\u0437\u0438\u043b\u043e \u0441\u043f\u0440\u0435\u043c\u043d\u043e \u0434\u0430 \u0432\u0430\u0441 \u043e\u0434\u0432\u0435\u0437\u0435 \u0434\u043e \u0432\u0430\u0448\u0435\u0433 \u043e\u0434\u0440\u0435\u0434\u0438\u0448\u0442\u0430. \u041e\u0432\u043e \u043d\u0435 \u0441\u0430\u043c\u043e \u0434\u0430 \u0434\u043e\u043d\u043e\u0441\u0438 \u0443\u0434\u043e\u0431\u043d\u043e\u0441\u0442, \u0432\u0435\u045b \u0438 \u0437\u043d\u0430\u0447\u0430\u0458\u043d\u0443 \u0443\u0448\u0442\u0435\u0434\u0443 \u0432\u0440\u0435\u043c\u0435\u043d\u0430 \u0438 \u0435\u043d\u0435\u0440\u0433\u0438\u0458\u0435.<\/p><p>\u041d\u0430 \u043a\u0440\u0430\u0458\u0443 \u043a\u0440\u0430\u0458\u0435\u0432\u0430, \u0438\u0437\u043d\u0430\u0458\u043c\u0459\u0438\u0432\u0430\u045a\u0435 \u043c\u0438\u043d\u0438\u0431\u0443\u0441\u0430 \u043d\u0430 \u0430\u0435\u0440\u043e\u0434\u0440\u043e\u043c\u0443 \u0443 \u0422\u0438\u0440\u0430\u043d\u0438 \u043d\u0438\u0458\u0435 \u0441\u0430\u043c\u043e \u043f\u0440\u0435\u0432\u043e\u0437\u043d\u043e \u0441\u0440\u0435\u0434\u0441\u0442\u0432\u043e; \u0442\u043e \u0458\u0435 \u0438\u0441\u043a\u0443\u0441\u0442\u0432\u043e \u043a\u043e\u0458\u0435 \u0432\u0430\u0448\u0435 \u043f\u0443\u0442\u043e\u0432\u0430\u045a\u0435 \u0447\u0438\u043d\u0438 \u043b\u0430\u043a\u0448\u0438\u043c, \u0431\u0435\u0437\u0431\u0435\u0434\u043d\u0438\u0458\u0438\u043c \u0438 \u043f\u0440\u0438\u0458\u0430\u0442\u043d\u0438\u0458\u0438\u043c. \u0417\u0430 \u0441\u0432\u0430\u043a\u043e\u0433 \u043f\u0443\u0442\u043d\u0438\u043a\u0430 \u043a\u043e\u0458\u0438 \u0442\u0440\u0430\u0436\u0438 \u0443\u0434\u043e\u0431\u043d\u043e\u0441\u0442, \u0444\u043b\u0435\u043a\u0441\u0438\u0431\u0438\u043b\u043d\u043e\u0441\u0442 \u0438 \u043f\u0440\u043e\u0444\u0435\u0441\u0438\u043e\u043d\u0430\u043b\u0438\u0437\u0430\u043c, \u043e\u0432\u0430 \u0443\u0441\u043b\u0443\u0433\u0430 \u0458\u0435 \u0438\u0434\u0435\u0430\u043b\u043d\u043e \u0440\u0435\u0448\u0435\u045a\u0435.<\/p>\t\t\t\t\t\t\t\t<\/div>\n\t\t\t\t<div class=\"elementor-element elementor-element-cac8ca5 elementor-widget elementor-widget-heading\" data-id=\"cac8ca5\" data-element_type=\"widget\" data-e-type=\"widget\" data-widget_type=\"heading.default\">\n\t\t\t\t\t<h3 class=\"elementor-heading-title elementor-size-default\">\u0417\u0430\u0448\u0442\u043e minibus.al?<\/h3>\t\t\t\t<\/div>\n\t\t\t\t<div class=\"elementor-element elementor-element-44ade06 elementor-view-stacked elementor-position-inline-start elementor-mobile-position-inline-start elementor-shape-circle elementor-widget elementor-widget-icon-box\" data-id=\"44ade06\" data-element_type=\"widget\" data-e-type=\"widget\" data-widget_type=\"icon-box.default\">\n\t\t\t\t\t\t\t<div class=\"elementor-icon-box-wrapper\">\n\n\t\t\t\t\t\t<div class=\"elementor-icon-box-icon\">\n\t\t\t\t<span  class=\"elementor-icon\">\n\t\t\t\t<svg aria-hidden=\"true\" class=\"e-font-icon-svg e-fas-check\" viewbox=\"0 0 512 512\" xmlns=\"http:\/\/www.w3.org\/2000\/svg\"><path d=\"M173.898 439.404l-166.4-166.4c-9.997-9.997-9.997-26.206 0-36.204l36.203-36.204c9.997-9.998 26.207-9.998 36.204 0L192 312.69 432.095 72.596c9.997-9.997 26.207-9.997 36.204 0l36.203 36.204c9.997 9.997 9.997 26.206 0 36.204l-294.4 294.401c-9.998 9.997-26.207 9.997-36.204-.001z\"><\/path><\/svg>\t\t\t\t<\/span>\n\t\t\t<\/div>\n\t\t\t\n\t\t\t\t\t\t<div class=\"elementor-icon-box-content\">\n\n\t\t\t\t\t\t\t\t\t<h3 class=\"elementor-icon-box-title\">\n\t\t\t\t\t\t<span  >\n\t\t\t\t\t\t\t\u0408\u0430\u0441\u043d\u0435 \u0446\u0435\u043d\u0435, \u0431\u0435\u0437 \u0441\u043a\u0440\u0438\u0432\u0435\u043d\u0438\u0445 \u0442\u0440\u043e\u0448\u043a\u043e\u0432\u0430 \u0438\u043b\u0438 \u0432\u0438\u0441\u043e\u043a\u0438\u0445 \u0446\u0435\u043d\u0430.\t\t\t\t\t\t<\/span>\n\t\t\t\t\t<\/h3>\n\t\t\t\t\n\t\t\t\t\n\t\t\t<\/div>\n\t\t\t\n\t\t<\/div>\n\t\t\t\t\t\t<\/div>\n\t\t\t\t<div class=\"elementor-element elementor-element-04fad91 elementor-view-stacked elementor-position-inline-start elementor-mobile-position-inline-start elementor-shape-circle elementor-widget elementor-widget-icon-box\" data-id=\"04fad91\" data-element_type=\"widget\" data-e-type=\"widget\" data-widget_type=\"icon-box.default\">\n\t\t\t\t\t\t\t<div class=\"elementor-icon-box-wrapper\">\n\n\t\t\t\t\t\t<div class=\"elementor-icon-box-icon\">\n\t\t\t\t<span  class=\"elementor-icon\">\n\t\t\t\t<svg aria-hidden=\"true\" class=\"e-font-icon-svg e-fas-check\" viewbox=\"0 0 512 512\" xmlns=\"http:\/\/www.w3.org\/2000\/svg\"><path d=\"M173.898 439.404l-166.4-166.4c-9.997-9.997-9.997-26.206 0-36.204l36.203-36.204c9.997-9.998 26.207-9.998 36.204 0L192 312.69 432.095 72.596c9.997-9.997 26.207-9.997 36.204 0l36.203 36.204c9.997 9.997 9.997 26.206 0 36.204l-294.4 294.401c-9.998 9.997-26.207 9.997-36.204-.001z\"><\/path><\/svg>\t\t\t\t<\/span>\n\t\t\t<\/div>\n\t\t\t\n\t\t\t\t\t\t<div class=\"elementor-icon-box-content\">\n\n\t\t\t\t\t\t\t\t\t<h3 class=\"elementor-icon-box-title\">\n\t\t\t\t\t\t<span  >\n\t\t\t\t\t\t\t\u041f\u0440\u043e\u0444\u0435\u0441\u0438\u043e\u043d\u0430\u043b\u043d\u043e \u043e\u0431\u0443\u0447\u0435\u043d\u0438, \u0441\u0442\u0440\u0443\u0447\u043d\u0438 \u0438 \u0431\u0435\u0437\u0431\u0435\u0434\u043d\u0438 \u0432\u043e\u0437\u0430\u0447\u0438.\t\t\t\t\t\t<\/span>\n\t\t\t\t\t<\/h3>\n\t\t\t\t\n\t\t\t\t\n\t\t\t<\/div>\n\t\t\t\n\t\t<\/div>\n\t\t\t\t\t\t<\/div>\n\t\t\t\t<div class=\"elementor-element elementor-element-0ecc649 elementor-view-stacked elementor-position-inline-start elementor-mobile-position-inline-start elementor-shape-circle elementor-widget elementor-widget-icon-box\" data-id=\"0ecc649\" data-element_type=\"widget\" data-e-type=\"widget\" data-widget_type=\"icon-box.default\">\n\t\t\t\t\t\t\t<div class=\"elementor-icon-box-wrapper\">\n\n\t\t\t\t\t\t<div class=\"elementor-icon-box-icon\">\n\t\t\t\t<span  class=\"elementor-icon\">\n\t\t\t\t<svg aria-hidden=\"true\" class=\"e-font-icon-svg e-fas-check\" viewbox=\"0 0 512 512\" xmlns=\"http:\/\/www.w3.org\/2000\/svg\"><path d=\"M173.898 439.404l-166.4-166.4c-9.997-9.997-9.997-26.206 0-36.204l36.203-36.204c9.997-9.998 26.207-9.998 36.204 0L192 312.69 432.095 72.596c9.997-9.997 26.207-9.997 36.204 0l36.203 36.204c9.997 9.997 9.997 26.206 0 36.204l-294.4 294.401c-9.998 9.997-26.207 9.997-36.204-.001z\"><\/path><\/svg>\t\t\t\t<\/span>\n\t\t\t<\/div>\n\t\t\t\n\t\t\t\t\t\t<div class=\"elementor-icon-box-content\">\n\n\t\t\t\t\t\t\t\t\t<h3 class=\"elementor-icon-box-title\">\n\t\t\t\t\t\t<span  >\n\t\t\t\t\t\t\t\u0408\u0435\u0434\u043d\u043e\u0441\u0442\u0430\u0432\u043d\u0430 \u0438 \u0431\u0435\u0437\u0431\u0435\u0434\u043d\u0430 \u043e\u043d\u043b\u0430\u0458\u043d \u0440\u0435\u0437\u0435\u0440\u0432\u0430\u0446\u0438\u0458\u0430, \u0434\u043e\u0441\u0442\u0443\u043f\u043d\u0430 24\/7.\t\t\t\t\t\t<\/span>\n\t\t\t\t\t<\/h3>\n\t\t\t\t\n\t\t\t\t\n\t\t\t<\/div>\n\t\t\t\n\t\t<\/div>\n\t\t\t\t\t\t<\/div>\n\t\t\t\t<div class=\"elementor-element elementor-element-f499d9f elementor-widget elementor-widget-image\" data-id=\"f499d9f\" data-element_type=\"widget\" data-e-type=\"widget\" data-widget_type=\"image.default\">\n\t\t\t\t\t\t\t\t\t\t\t\t\t\t\t<img fetchpriority=\"high\" decoding=\"async\" width=\"600\" height=\"430\" src=\"https:\/\/minibus.al\/wp-content\/uploads\/2025\/10\/Minibus-me-qira-tirane.webp\" class=\"attachment-full size-full wp-image-988839\" alt=\"\" srcset=\"https:\/\/minibus.al\/wp-content\/uploads\/2025\/10\/Minibus-me-qira-tirane.webp 600w, https:\/\/minibus.al\/wp-content\/uploads\/2025\/10\/Minibus-me-qira-tirane-300x215.webp 300w\" sizes=\"(max-width: 600px) 100vw, 600px\" title=\"\">\t\t\t\t\t\t\t\t\t\t\t\t\t\t\t<\/div>\n\t\t\t\t<div class=\"elementor-element elementor-element-f8adba0 elementor-widget elementor-widget-text-editor\" data-id=\"f8adba0\" data-element_type=\"widget\" data-e-type=\"widget\" data-widget_type=\"text-editor.default\">\n\t\t\t\t\t\t\t\t\t<p>\u0426\u0435\u043d\u0430 \u0438\u0437\u043d\u0430\u0458\u043c\u0459\u0438\u0432\u0430\u045a\u0430 \u043f\u0440\u0438\u0432\u0430\u0442\u043d\u0438\u0445 \u043c\u0438\u043d\u0438\u0431\u0443\u0441\u0435\u0432\u0430 \u0437\u0430\u0432\u0438\u0441\u0438\u045b\u0435 \u043e\u0434 \u0431\u0440\u043e\u0458\u0430 \u0441\u0430\u0442\u0438 \u0438 \u0434\u0430\u043d\u0430 \u0440\u0430\u0434\u0430, \u043a\u0430\u043e \u0438 \u043e\u0434 \u0443\u0434\u0430\u0459\u0435\u043d\u043e\u0441\u0442\u0438 \u043a\u043e\u0458\u0443 \u043c\u0438\u043d\u0438\u0431\u0443\u0441\u0435\u0432\u0438 \u043f\u0440\u0435\u043b\u0430\u0437\u0435.<\/p>\t\t\t\t\t\t\t\t<\/div>\n\t\t\t\t<div class=\"elementor-element elementor-element-5b353ea elementor-widget elementor-widget-heading\" data-id=\"5b353ea\" data-element_type=\"widget\" data-e-type=\"widget\" data-widget_type=\"heading.default\">\n\t\t\t\t\t<h3 class=\"elementor-heading-title elementor-size-default\">\u041a\u0430\u043a\u043e \u0442\u043e \u0444\u0443\u043d\u043a\u0446\u0438\u043e\u043d\u0438\u0448\u0435?<\/h3>\t\t\t\t<\/div>\n\t\t\t\t<div class=\"elementor-element elementor-element-5b114ff elementor-widget elementor-widget-text-editor\" data-id=\"5b114ff\" data-element_type=\"widget\" data-e-type=\"widget\" data-widget_type=\"text-editor.default\">\n\t\t\t\t\t\t\t\t\t<p>\u0420\u0435\u0437\u0435\u0440\u0432\u0430\u0446\u0438\u0458\u0430 \u0458\u0435 \u0458\u0435\u0434\u043d\u043e\u0441\u0442\u0430\u0432\u043d\u0430: \u0438\u0437\u0430\u0431\u0435\u0440\u0438\u0442\u0435 \u0434\u0435\u0441\u0442\u0438\u043d\u0430\u0446\u0438\u0458\u0443, \u0434\u0430\u0442\u0443\u043c \u0438 \u0442\u0438\u043f \u043c\u0438\u043d\u0438\u0431\u0443\u0441\u0430 \u043a\u043e\u0458\u0438 \u0432\u0430\u043c \u0458\u0435 \u043f\u043e\u0442\u0440\u0435\u0431\u0430\u043d. \u041d\u0430\u0448 \u043f\u0440\u043e\u0444\u0435\u0441\u0438\u043e\u043d\u0430\u043b\u043d\u0438 \u0432\u043e\u0437\u0430\u0447 \u045b\u0435 \u0431\u0438\u0442\u0438 \u043d\u0430 \u0434\u043e\u0433\u043e\u0432\u043e\u0440\u0435\u043d\u043e\u043c \u043c\u0435\u0441\u0442\u0443 \u0438 \u0432\u0440\u0435\u043c\u0435\u043d\u0443, \u043e\u0441\u0438\u0433\u0443\u0440\u0430\u0432\u0430\u0458\u0443\u045b\u0438 \u0443\u0434\u043e\u0431\u043d\u043e \u0438 \u0431\u0435\u0437\u0431\u0440\u0438\u0436\u043d\u043e \u043f\u0443\u0442\u043e\u0432\u0430\u045a\u0435.<\/p>\t\t\t\t\t\t\t\t<\/div>\n\t\t\t\t<\/div>\n\t\t<div class=\"elementor-element elementor-element-d6158fa e-con-full e-flex e-con e-child\" data-id=\"d6158fa\" data-element_type=\"container\" data-e-type=\"container\">\n\t\t<div class=\"elementor-element elementor-element-6fa629c e-flex e-con-boxed e-con e-child\" data-id=\"6fa629c\" data-element_type=\"container\" data-e-type=\"container\" data-settings=\"{&quot;background_background&quot;:&quot;classic&quot;}\">\n\t\t\t\t\t<div class=\"e-con-inner\">\n\t\t\t\t<div class=\"elementor-element elementor-element-fa0f848 elementor-widget__width-auto elementor-widget elementor-widget-heading\" data-id=\"fa0f848\" data-element_type=\"widget\" data-e-type=\"widget\" data-widget_type=\"heading.default\">\n\t\t\t\t\t<h3 class=\"elementor-heading-title elementor-size-default\">10% \u043f\u043e\u043f\u0443\u0441\u0442\u0430<\/h3>\t\t\t\t<\/div>\n\t\t\t\t<div class=\"elementor-element elementor-element-8196ec2 elementor-widget__width-auto elementor-widget elementor-widget-heading\" data-id=\"8196ec2\" data-element_type=\"widget\" data-e-type=\"widget\" data-widget_type=\"heading.default\">\n\t\t\t\t\t<div class=\"elementor-heading-title elementor-size-default\">\u041f\u043e\u043f\u0443\u0441\u0442 \u0434\u043e 10% \u0437\u0430 \u0441\u0432\u0430\u043a\u0443 \u0440\u0435\u0437\u0435\u0440\u0432\u0430\u0446\u0438\u0458\u0443 \u0434\u043e 31. \u043c\u0430\u0458\u0430 2026.!<\/div>\t\t\t\t<\/div>\n\t\t\t\t\t<\/div>\n\t\t\t\t<\/div>\n\t\t<div class=\"elementor-element elementor-element-b7f8ed9 e-con-full e-flex e-con e-child\" data-id=\"b7f8ed9\" data-element_type=\"container\" data-e-type=\"container\">\n\t\t\t\t<div class=\"elementor-element elementor-element-5e989ed elementor-widget__width-initial elementor-widget elementor-widget-image\" data-id=\"5e989ed\" data-element_type=\"widget\" data-e-type=\"widget\" data-widget_type=\"image.default\">\n\t\t\t\t\t\t\t\t\t\t\t\t\t\t\t\t<a href=\"#\">\n\t\t\t\t\t\t\t<img decoding=\"async\" width=\"630\" height=\"441\" src=\"https:\/\/minibus.al\/wp-content\/uploads\/2025\/10\/Transfer-416_2268_0182-landscape-630x441-1.jpg\" class=\"attachment-full size-full wp-image-988709\" alt=\"\" srcset=\"https:\/\/minibus.al\/wp-content\/uploads\/2025\/10\/Transfer-416_2268_0182-landscape-630x441-1.jpg 630w, https:\/\/minibus.al\/wp-content\/uploads\/2025\/10\/Transfer-416_2268_0182-landscape-630x441-1-600x420.jpg 600w, https:\/\/minibus.al\/wp-content\/uploads\/2025\/10\/Transfer-416_2268_0182-landscape-630x441-1-300x210.jpg 300w, https:\/\/minibus.al\/wp-content\/uploads\/2025\/10\/Transfer-416_2268_0182-landscape-630x441-1-420x294.jpg 420w, https:\/\/minibus.al\/wp-content\/uploads\/2025\/10\/Transfer-416_2268_0182-landscape-630x441-1-315x221.jpg 315w\" sizes=\"(max-width: 630px) 100vw, 630px\" title=\"\">\t\t\t\t\t\t\t\t<\/a>\n\t\t\t\t\t\t\t\t\t\t\t\t\t\t\t<\/div>\n\t\t\t\t<div class=\"elementor-element elementor-element-721ad33 elementor-widget__width-initial elementor-widget elementor-widget-heading\" data-id=\"721ad33\" data-element_type=\"widget\" data-e-type=\"widget\" data-widget_type=\"heading.default\">\n\t\t\t\t\t<h3 class=\"elementor-heading-title elementor-size-default\"><a href=\"#\">\u041f\u0440\u0438\u0432\u0430\u0442\u043d\u0438 \u0442\u0440\u0430\u043d\u0441\u0444\u0435\u0440\u0438 \u0441\u0430 \u0430\u0435\u0440\u043e\u0434\u0440\u043e\u043c\u0430<\/a><\/h3>\t\t\t\t<\/div>\n\t\t\t\t<\/div>\n\t\t<div class=\"elementor-element elementor-element-c5237fd e-con-full e-flex e-con e-child\" data-id=\"c5237fd\" data-element_type=\"container\" data-e-type=\"container\">\n\t\t\t\t<div class=\"elementor-element elementor-element-7ff0b5e elementor-widget__width-initial elementor-widget elementor-widget-image\" data-id=\"7ff0b5e\" data-element_type=\"widget\" data-e-type=\"widget\" data-widget_type=\"image.default\">\n\t\t\t\t\t\t\t\t\t\t\t\t\t\t\t\t<a href=\"#\">\n\t\t\t\t\t\t\t<img decoding=\"async\" width=\"800\" height=\"560\" src=\"https:\/\/minibus.al\/wp-content\/uploads\/2024\/01\/Crop800x600-landscape.jpeg\" class=\"attachment-full size-full wp-image-988653\" alt=\"\" srcset=\"https:\/\/minibus.al\/wp-content\/uploads\/2024\/01\/Crop800x600-landscape.jpeg 800w, https:\/\/minibus.al\/wp-content\/uploads\/2024\/01\/Crop800x600-landscape-600x420.jpeg 600w, https:\/\/minibus.al\/wp-content\/uploads\/2024\/01\/Crop800x600-landscape-300x210.jpeg 300w, https:\/\/minibus.al\/wp-content\/uploads\/2024\/01\/Crop800x600-landscape-768x538.jpeg 768w, https:\/\/minibus.al\/wp-content\/uploads\/2024\/01\/Crop800x600-landscape-630x441.jpeg 630w, https:\/\/minibus.al\/wp-content\/uploads\/2024\/01\/Crop800x600-landscape-420x294.jpeg 420w, https:\/\/minibus.al\/wp-content\/uploads\/2024\/01\/Crop800x600-landscape-315x221.jpeg 315w\" sizes=\"(max-width: 800px) 100vw, 800px\" title=\"\">\t\t\t\t\t\t\t\t<\/a>\n\t\t\t\t\t\t\t\t\t\t\t\t\t\t\t<\/div>\n\t\t\t\t<div class=\"elementor-element elementor-element-94ea3ff elementor-widget__width-initial elementor-widget elementor-widget-heading\" data-id=\"94ea3ff\" data-element_type=\"widget\" data-e-type=\"widget\" data-widget_type=\"heading.default\">\n\t\t\t\t\t<h3 class=\"elementor-heading-title elementor-size-default\"><a href=\"#\">\u0422\u0440\u0430\u043d\u0441\u0444\u0435\u0440 \u0441\u0430 \u043f\u0440\u0438\u0432\u0430\u0442\u043d\u0438\u043c \u0432\u043e\u0437\u0430\u0447\u0435\u043c<\/a><\/h3>\t\t\t\t<\/div>\n\t\t\t\t<\/div>\n\t\t\t\t<\/div>\n\t\t\t\t\t<\/div>\n\t\t\t\t<\/div>\n\t\t\t\t<\/div>","protected":false},"excerpt":{"rendered":"<p>Minibus me Qira n\u00eb Aeroportin e Tiran\u00ebs Rezervoni minibus me qira n\u00eb Aeroportin e Tiran\u00ebs p\u00ebr transferime private, t\u00eb sigurta dhe t\u00eb rehatshme. Shofer profesional dhe automjete moderne p\u00ebr \u00e7do udh\u00ebtim. Arritja n\u00eb Aeroportin e Tiran\u00ebs mund t\u00eb jet\u00eb emocionuese, por shpeshher\u00eb edhe sfiduese, sidomos kur duhet t\u00eb organizoni transferimin drejt destinacionit tuaj. N\u00eb k\u00ebto [&hellip;]<\/p>\n","protected":false},"author":1,"featured_media":988839,"parent":0,"menu_order":0,"comment_status":"closed","ping_status":"closed","template":"","meta":{"footnotes":""},"class_list":["post-988853","page","type-page","status-publish","has-post-thumbnail","hentry"],"_links":{"self":[{"href":"https:\/\/minibus.al\/sr\/wp-json\/wp\/v2\/pages\/988853","targetHints":{"allow":["GET"]}}],"collection":[{"href":"https:\/\/minibus.al\/sr\/wp-json\/wp\/v2\/pages"}],"about":[{"href":"https:\/\/minibus.al\/sr\/wp-json\/wp\/v2\/types\/page"}],"author":[{"embeddable":true,"href":"https:\/\/minibus.al\/sr\/wp-json\/wp\/v2\/users\/1"}],"replies":[{"embeddable":true,"href":"https:\/\/minibus.al\/sr\/wp-json\/wp\/v2\/comments?post=988853"}],"version-history":[{"count":8,"href":"https:\/\/minibus.al\/sr\/wp-json\/wp\/v2\/pages\/988853\/revisions"}],"predecessor-version":[{"id":988861,"href":"https:\/\/minibus.al\/sr\/wp-json\/wp\/v2\/pages\/988853\/revisions\/988861"}],"wp:featuredmedia":[{"embeddable":true,"href":"https:\/\/minibus.al\/sr\/wp-json\/wp\/v2\/media\/988839"}],"wp:attachment":[{"href":"https:\/\/minibus.al\/sr\/wp-json\/wp\/v2\/media?parent=988853"}],"curies":[{"name":"wp","href":"https:\/\/api.w.org\/{rel}","templated":true}]}}