{"id":988810,"date":"2025-10-15T11:54:59","date_gmt":"2025-10-15T11:54:59","guid":{"rendered":"https:\/\/minibus.al\/?page_id=988810"},"modified":"2025-10-15T15:38:15","modified_gmt":"2025-10-15T15:38:15","slug":"%d0%b8%d0%b7%d0%bd%d0%b0%d1%98%d0%bc%d1%99%d0%b8%d0%b2%d0%b0%d1%9a%d0%b5-%d0%bc%d0%b8%d0%bd%d0%b8%d0%b1%d1%83%d1%81%d0%b0-%d1%81%d0%b0-%d0%b2%d0%be%d0%b7%d0%b0%d1%87%d0%b5%d0%bc-%d0%b7%d0%b0-%d0%b4","status":"publish","type":"page","link":"https:\/\/minibus.al\/sr\/minibus-me-qira-me-shofer-per-evente\/","title":{"rendered":"\u0418\u0437\u043d\u0430\u0458\u043c\u0459\u0438\u0432\u0430\u045a\u0435 \u043c\u0438\u043d\u0438\u0431\u0443\u0441\u0430 \u0441\u0430 \u0432\u043e\u0437\u0430\u0447\u0435\u043c \u0437\u0430 \u0434\u043e\u0433\u0430\u0452\u0430\u0458\u0435."},"content":{"rendered":"<div data-elementor-type=\"wp-page\" data-elementor-id=\"988810\" class=\"elementor elementor-988810\">\n\t\t\t\t<div class=\"elementor-element elementor-element-eba01d9 e-flex e-con-boxed e-con e-parent\" data-id=\"eba01d9\" data-element_type=\"container\" data-e-type=\"container\" data-settings=\"{&quot;background_background&quot;:&quot;classic&quot;}\">\n\t\t\t\t\t<div class=\"e-con-inner\">\n\t\t<div class=\"elementor-element elementor-element-12fae92 e-con-full e-flex e-con e-child\" data-id=\"12fae92\" data-element_type=\"container\" data-e-type=\"container\">\n\t\t\t\t<div class=\"elementor-element elementor-element-81e77af elementor-widget elementor-widget-heading\" data-id=\"81e77af\" data-element_type=\"widget\" data-e-type=\"widget\" data-widget_type=\"heading.default\">\n\t\t\t\t\t<h1 class=\"elementor-heading-title elementor-size-default\">\u0418\u0437\u043d\u0430\u0458\u043c\u0459\u0438\u0432\u0430\u045a\u0435 \u043c\u0438\u043d\u0438\u0431\u0443\u0441\u0430 \u0441\u0430 \u0432\u043e\u0437\u0430\u0447\u0435\u043c \u0437\u0430 \u0434\u043e\u0433\u0430\u0452\u0430\u0458\u0435.\n<\/h1>\t\t\t\t<\/div>\n\t\t\t\t<\/div>\n\t\t\t\t\t<\/div>\n\t\t\t\t<\/div>\n\t\t<div class=\"elementor-element elementor-element-927eb36 e-flex e-con-boxed e-con e-parent\" data-id=\"927eb36\" data-element_type=\"container\" data-e-type=\"container\" data-settings=\"{&quot;background_background&quot;:&quot;classic&quot;}\">\n\t\t\t\t\t<div class=\"e-con-inner\">\n\t\t<div class=\"elementor-element elementor-element-bbfff31 e-con-full e-flex e-con e-child\" data-id=\"bbfff31\" data-element_type=\"container\" data-e-type=\"container\">\n\t\t\t\t<div class=\"elementor-element elementor-element-08410c4 elementor-widget elementor-widget-text-editor\" data-id=\"08410c4\" data-element_type=\"widget\" data-e-type=\"widget\" data-widget_type=\"text-editor.default\">\n\t\t\t\t\t\t\t\t\t\u041e\u0440\u0433\u0430\u043d\u0438\u0437\u0443\u0458\u0442\u0435 \u0441\u0432\u043e\u0458 \u0434\u043e\u0433\u0430\u0452\u0430\u0458 \u0431\u0435\u0437 \u0441\u0442\u0440\u0435\u0441\u0430! \u0418\u0437\u043d\u0430\u0458\u043c\u0459\u0438\u0432\u0430\u045a\u0435 \u043c\u0438\u043d\u0438\u0431\u0443\u0441\u0435\u0432\u0430 \u0441\u0430 \u0432\u043e\u0437\u0430\u0447\u0435\u043c \u043e\u0431\u0435\u0437\u0431\u0435\u0452\u0443\u0458\u0435 \u0431\u0435\u0437\u0431\u0435\u0434\u0430\u043d \u0438 \u0443\u0434\u043e\u0431\u0430\u043d \u043f\u0440\u0435\u0432\u043e\u0437 \u0433\u043e\u0441\u0442\u0438\u043c\u0430, \u043e\u0441\u0438\u0433\u0443\u0440\u0430\u0432\u0430\u0458\u0443\u045b\u0438 \u0434\u0430 \u0441\u0442\u0438\u0433\u043d\u0443 \u043d\u0430 \u043e\u0434\u0440\u0435\u0434\u0438\u0448\u0442\u0435 \u043d\u0430 \u0432\u0440\u0435\u043c\u0435 \u0438 \u0443\u0437 \u043c\u0430\u043a\u0441\u0438\u043c\u0430\u043b\u043d\u0443 \u0443\u0434\u043e\u0431\u043d\u043e\u0441\u0442. \u0418\u0434\u0435\u0430\u043b\u043d\u043e \u0437\u0430 \u0432\u0435\u043d\u0447\u0430\u045a\u0430, \u043a\u043e\u043d\u0444\u0435\u0440\u0435\u043d\u0446\u0438\u0458\u0435 \u0438 \u043f\u0440\u0438\u0432\u0430\u0442\u043d\u0435 \u0434\u043e\u0433\u0430\u0452\u0430\u0458\u0435.\t\t\t\t\t\t\t\t<\/div>\n\t\t\t\t<div class=\"elementor-element elementor-element-ec66470 elementor-widget elementor-widget-heading\" data-id=\"ec66470\" data-element_type=\"widget\" data-e-type=\"widget\" data-widget_type=\"heading.default\">\n\t\t\t\t\t<h3 class=\"elementor-heading-title elementor-size-default\">\u0418\u0437\u043d\u0430\u0458\u043c\u0459\u0438\u0432\u0430\u045a\u0435 \u043c\u0438\u043d\u0438\u0431\u0443\u0441\u0430 \u0441\u0430 \u0432\u043e\u0437\u0430\u0447\u0435\u043c \u0437\u0430 \u0438\u0437\u043b\u0435\u0442\u0435<\/h3>\t\t\t\t<\/div>\n\t\t\t\t<div class=\"elementor-element elementor-element-3f21266 elementor-widget elementor-widget-text-editor\" data-id=\"3f21266\" data-element_type=\"widget\" data-e-type=\"widget\" data-widget_type=\"text-editor.default\">\n\t\t\t\t\t\t\t\t\t\u0423\u0436\u0438\u0432\u0430\u0458\u0442\u0435 \u0443 \u043e\u0440\u0433\u0430\u043d\u0438\u0437\u043e\u0432\u0430\u043d\u0438\u043c \u0438\u0437\u043b\u0435\u0442\u0438\u043c\u0430 \u0443\u0437 \u0443\u0434\u043e\u0431\u043d\u043e\u0441\u0442 \u0438 \u0444\u043b\u0435\u043a\u0441\u0438\u0431\u0438\u043b\u043d\u043e\u0441\u0442! \u0421\u0430 \u043a\u043b\u0438\u043c\u0430\u0442\u0438\u0437\u043e\u0432\u0430\u043d\u0438\u043c \u043c\u0438\u043d\u0438\u0431\u0443\u0441\u0435\u0432\u0438\u043c\u0430 \u0438 \u043e\u0431\u0438\u043b\u043d\u0438\u043c \u043f\u0440\u043e\u0441\u0442\u043e\u0440\u043e\u043c \u0437\u0430 \u043f\u0440\u0442\u0459\u0430\u0433, \u043c\u043e\u0436\u0435\u0442\u0435 \u043f\u043e\u0441\u0435\u0442\u0438\u0442\u0438 \u0442\u0443\u0440\u0438\u0441\u0442\u0438\u0447\u043a\u0435 \u0438 \u043f\u0440\u0438\u0440\u043e\u0434\u043d\u0435 \u0434\u0435\u0441\u0442\u0438\u043d\u0430\u0446\u0438\u0458\u0435 \u0431\u0435\u0437 \u0431\u0440\u0438\u0433\u0435 \u043e \u0432\u043e\u0436\u045a\u0438 \u0438\u043b\u0438 \u043f\u0430\u0440\u043a\u0438\u0440\u0430\u045a\u0443.\t\t\t\t\t\t\t\t<\/div>\n\t\t\t\t<div class=\"elementor-element elementor-element-3e12412 elementor-widget elementor-widget-heading\" data-id=\"3e12412\" data-element_type=\"widget\" data-e-type=\"widget\" data-widget_type=\"heading.default\">\n\t\t\t\t\t<h3 class=\"elementor-heading-title elementor-size-default\"> \u0418\u0437\u043d\u0430\u0458\u043c\u0459\u0438\u0432\u0430\u045a\u0435 \u043c\u0438\u043d\u0438\u0431\u0443\u0441\u0430 \u0441\u0430 \u0432\u043e\u0437\u0430\u0447\u0435\u043c \u0437\u0430 \u0442\u0443\u0440\u0438\u0437\u0430\u043c<\/h3>\t\t\t\t<\/div>\n\t\t\t\t<div class=\"elementor-element elementor-element-0a2c979 elementor-widget elementor-widget-text-editor\" data-id=\"0a2c979\" data-element_type=\"widget\" data-e-type=\"widget\" data-widget_type=\"text-editor.default\">\n\t\t\t\t\t\t\t\t\t\u0418\u0441\u0442\u0440\u0430\u0436\u0438\u0442\u0435 \u0422\u0438\u0440\u0430\u043d\u0443 \u0438 \u0440\u0435\u0433\u0438\u043e\u043d \u0441\u0430 \u0441\u0442\u0438\u043b\u043e\u043c \u0438 \u0431\u0435\u0437\u0431\u0435\u0434\u043d\u043e! \u041c\u0438\u043d\u0438\u0431\u0443\u0441\u0435\u0432\u0438 \u0441\u0430 \u0432\u043e\u0437\u0430\u0447\u0435\u043c \u043d\u0443\u0434\u0435 \u043f\u0435\u0440\u0441\u043e\u043d\u0430\u043b\u0438\u0437\u043e\u0432\u0430\u043d\u0435 \u0442\u0443\u0440\u0435 \u0437\u0430 \u0433\u0440\u0443\u043f\u0435, \u0447\u0438\u043d\u0435\u045b\u0438 \u0441\u0432\u0430\u043a\u0443 \u043a\u0443\u043b\u0442\u0443\u0440\u043d\u0443, \u0438\u0441\u0442\u043e\u0440\u0438\u0458\u0441\u043a\u0443 \u0438\u043b\u0438 \u043f\u0440\u0438\u0440\u043e\u0434\u043d\u0443 \u043f\u043e\u0441\u0435\u0442\u0443 \u043f\u0440\u0438\u0458\u0430\u0442\u043d\u0438\u043c \u0438 \u043c\u0438\u0440\u043d\u0438\u043c \u0438\u0441\u043a\u0443\u0441\u0442\u0432\u043e\u043c.\t\t\t\t\t\t\t\t<\/div>\n\t\t\t\t<div class=\"elementor-element elementor-element-35dae42 elementor-widget elementor-widget-heading\" data-id=\"35dae42\" data-element_type=\"widget\" data-e-type=\"widget\" data-widget_type=\"heading.default\">\n\t\t\t\t\t<h3 class=\"elementor-heading-title elementor-size-default\">\u0418\u0437\u043d\u0430\u0458\u043c\u0459\u0438\u0432\u0430\u045a\u0435 \u043c\u0438\u043d\u0438\u0431\u0443\u0441\u0430 \u0441\u0430 \u0432\u043e\u0437\u0430\u0447\u0435\u043c \u0437\u0430 \u0442\u0440\u0430\u043d\u0441\u0444\u0435\u0440\u0435 \u043e\u0434\/\u0434\u043e \u0430\u0435\u0440\u043e\u0434\u0440\u043e\u043c\u0430<\/h3>\t\t\t\t<\/div>\n\t\t\t\t<div class=\"elementor-element elementor-element-294bddd elementor-widget elementor-widget-text-editor\" data-id=\"294bddd\" data-element_type=\"widget\" data-e-type=\"widget\" data-widget_type=\"text-editor.default\">\n\t\t\t\t\t\t\t\t\t\u0421\u0442\u0438\u0433\u043d\u0438\u0442\u0435 \u043d\u0430 \u0430\u0435\u0440\u043e\u0434\u0440\u043e\u043c \u043d\u0430 \u0432\u0440\u0435\u043c\u0435 \u0438 \u0431\u0435\u0437 \u0441\u0442\u0440\u0435\u0441\u0430! \u0421\u0430 \u043d\u0430\u0448\u0438\u043c \u043c\u0438\u043d\u0438\u0431\u0443\u0441\u0435\u0432\u0438\u043c\u0430 \u0441\u0430 \u043f\u0440\u043e\u0444\u0435\u0441\u0438\u043e\u043d\u0430\u043b\u043d\u0438\u043c \u0432\u043e\u0437\u0430\u0447\u0435\u043c, \u043f\u0440\u0438\u0432\u0430\u0442\u043d\u0438 \u0442\u0440\u0430\u043d\u0441\u0444\u0435\u0440\u0438 \u0434\u043e \u0438 \u043e\u0434 \u0430\u0435\u0440\u043e\u0434\u0440\u043e\u043c\u0430 \u043d\u0443\u0434\u0435 \u043c\u0430\u043a\u0441\u0438\u043c\u0430\u043b\u043d\u0443 \u0443\u0434\u043e\u0431\u043d\u043e\u0441\u0442, \u0431\u0435\u0437\u0431\u0435\u0434\u043d\u043e\u0441\u0442 \u0438 \u0444\u043b\u0435\u043a\u0441\u0438\u0431\u0438\u043b\u043d\u043e\u0441\u0442, \u0437\u0430\u043f\u043e\u0447\u0438\u045a\u0443\u045b\u0438 \u0438\u043b\u0438 \u0437\u0430\u0432\u0440\u0448\u0430\u0432\u0430\u0458\u0443\u045b\u0438 \u0432\u0430\u0448\u0435 \u043f\u0443\u0442\u043e\u0432\u0430\u045a\u0435 \u0443 \u043c\u0438\u0440\u0443.\t\t\t\t\t\t\t\t<\/div>\n\t\t\t\t<div class=\"elementor-element elementor-element-c5926eb elementor-widget elementor-widget-heading\" data-id=\"c5926eb\" data-element_type=\"widget\" data-e-type=\"widget\" data-widget_type=\"heading.default\">\n\t\t\t\t\t<h3 class=\"elementor-heading-title elementor-size-default\">\u0417\u0430\u0448\u0442\u043e minibus.al?<\/h3>\t\t\t\t<\/div>\n\t\t\t\t<div class=\"elementor-element elementor-element-fb6df6e elementor-view-stacked elementor-position-inline-start elementor-mobile-position-inline-start elementor-shape-circle elementor-widget elementor-widget-icon-box\" data-id=\"fb6df6e\" data-element_type=\"widget\" data-e-type=\"widget\" data-widget_type=\"icon-box.default\">\n\t\t\t\t\t\t\t<div class=\"elementor-icon-box-wrapper\">\n\n\t\t\t\t\t\t<div class=\"elementor-icon-box-icon\">\n\t\t\t\t<span  class=\"elementor-icon\">\n\t\t\t\t<svg aria-hidden=\"true\" class=\"e-font-icon-svg e-fas-check\" viewbox=\"0 0 512 512\" xmlns=\"http:\/\/www.w3.org\/2000\/svg\"><path d=\"M173.898 439.404l-166.4-166.4c-9.997-9.997-9.997-26.206 0-36.204l36.203-36.204c9.997-9.998 26.207-9.998 36.204 0L192 312.69 432.095 72.596c9.997-9.997 26.207-9.997 36.204 0l36.203 36.204c9.997 9.997 9.997 26.206 0 36.204l-294.4 294.401c-9.998 9.997-26.207 9.997-36.204-.001z\"><\/path><\/svg>\t\t\t\t<\/span>\n\t\t\t<\/div>\n\t\t\t\n\t\t\t\t\t\t<div class=\"elementor-icon-box-content\">\n\n\t\t\t\t\t\t\t\t\t<h3 class=\"elementor-icon-box-title\">\n\t\t\t\t\t\t<span  >\n\t\t\t\t\t\t\t\u0408\u0430\u0441\u043d\u0435 \u0446\u0435\u043d\u0435, \u0431\u0435\u0437 \u0441\u043a\u0440\u0438\u0432\u0435\u043d\u0438\u0445 \u0442\u0440\u043e\u0448\u043a\u043e\u0432\u0430 \u0438\u043b\u0438 \u0432\u0438\u0441\u043e\u043a\u0438\u0445 \u0446\u0435\u043d\u0430.\t\t\t\t\t\t<\/span>\n\t\t\t\t\t<\/h3>\n\t\t\t\t\n\t\t\t\t\n\t\t\t<\/div>\n\t\t\t\n\t\t<\/div>\n\t\t\t\t\t\t<\/div>\n\t\t\t\t<div class=\"elementor-element elementor-element-b370db4 elementor-view-stacked elementor-position-inline-start elementor-mobile-position-inline-start elementor-shape-circle elementor-widget elementor-widget-icon-box\" data-id=\"b370db4\" data-element_type=\"widget\" data-e-type=\"widget\" data-widget_type=\"icon-box.default\">\n\t\t\t\t\t\t\t<div class=\"elementor-icon-box-wrapper\">\n\n\t\t\t\t\t\t<div class=\"elementor-icon-box-icon\">\n\t\t\t\t<span  class=\"elementor-icon\">\n\t\t\t\t<svg aria-hidden=\"true\" class=\"e-font-icon-svg e-fas-check\" viewbox=\"0 0 512 512\" xmlns=\"http:\/\/www.w3.org\/2000\/svg\"><path d=\"M173.898 439.404l-166.4-166.4c-9.997-9.997-9.997-26.206 0-36.204l36.203-36.204c9.997-9.998 26.207-9.998 36.204 0L192 312.69 432.095 72.596c9.997-9.997 26.207-9.997 36.204 0l36.203 36.204c9.997 9.997 9.997 26.206 0 36.204l-294.4 294.401c-9.998 9.997-26.207 9.997-36.204-.001z\"><\/path><\/svg>\t\t\t\t<\/span>\n\t\t\t<\/div>\n\t\t\t\n\t\t\t\t\t\t<div class=\"elementor-icon-box-content\">\n\n\t\t\t\t\t\t\t\t\t<h3 class=\"elementor-icon-box-title\">\n\t\t\t\t\t\t<span  >\n\t\t\t\t\t\t\t\u041f\u0440\u043e\u0444\u0435\u0441\u0438\u043e\u043d\u0430\u043b\u043d\u043e \u043e\u0431\u0443\u0447\u0435\u043d\u0438, \u0441\u0442\u0440\u0443\u0447\u043d\u0438 \u0438 \u0431\u0435\u0437\u0431\u0435\u0434\u043d\u0438 \u0432\u043e\u0437\u0430\u0447\u0438.\t\t\t\t\t\t<\/span>\n\t\t\t\t\t<\/h3>\n\t\t\t\t\n\t\t\t\t\n\t\t\t<\/div>\n\t\t\t\n\t\t<\/div>\n\t\t\t\t\t\t<\/div>\n\t\t\t\t<div class=\"elementor-element elementor-element-07bfc09 elementor-view-stacked elementor-position-inline-start elementor-mobile-position-inline-start elementor-shape-circle elementor-widget elementor-widget-icon-box\" data-id=\"07bfc09\" data-element_type=\"widget\" data-e-type=\"widget\" data-widget_type=\"icon-box.default\">\n\t\t\t\t\t\t\t<div class=\"elementor-icon-box-wrapper\">\n\n\t\t\t\t\t\t<div class=\"elementor-icon-box-icon\">\n\t\t\t\t<span  class=\"elementor-icon\">\n\t\t\t\t<svg aria-hidden=\"true\" class=\"e-font-icon-svg e-fas-check\" viewbox=\"0 0 512 512\" xmlns=\"http:\/\/www.w3.org\/2000\/svg\"><path d=\"M173.898 439.404l-166.4-166.4c-9.997-9.997-9.997-26.206 0-36.204l36.203-36.204c9.997-9.998 26.207-9.998 36.204 0L192 312.69 432.095 72.596c9.997-9.997 26.207-9.997 36.204 0l36.203 36.204c9.997 9.997 9.997 26.206 0 36.204l-294.4 294.401c-9.998 9.997-26.207 9.997-36.204-.001z\"><\/path><\/svg>\t\t\t\t<\/span>\n\t\t\t<\/div>\n\t\t\t\n\t\t\t\t\t\t<div class=\"elementor-icon-box-content\">\n\n\t\t\t\t\t\t\t\t\t<h3 class=\"elementor-icon-box-title\">\n\t\t\t\t\t\t<span  >\n\t\t\t\t\t\t\t\u0408\u0435\u0434\u043d\u043e\u0441\u0442\u0430\u0432\u043d\u0430 \u0438 \u0431\u0435\u0437\u0431\u0435\u0434\u043d\u0430 \u043e\u043d\u043b\u0430\u0458\u043d \u0440\u0435\u0437\u0435\u0440\u0432\u0430\u0446\u0438\u0458\u0430, \u0434\u043e\u0441\u0442\u0443\u043f\u043d\u0430 24\/7.\t\t\t\t\t\t<\/span>\n\t\t\t\t\t<\/h3>\n\t\t\t\t\n\t\t\t\t\n\t\t\t<\/div>\n\t\t\t\n\t\t<\/div>\n\t\t\t\t\t\t<\/div>\n\t\t\t\t<div class=\"elementor-element elementor-element-5c343dd elementor-widget elementor-widget-image\" data-id=\"5c343dd\" data-element_type=\"widget\" data-e-type=\"widget\" data-widget_type=\"image.default\">\n\t\t\t\t\t\t\t\t\t\t\t\t\t\t\t<img fetchpriority=\"high\" decoding=\"async\" width=\"800\" height=\"560\" src=\"https:\/\/minibus.al\/wp-content\/uploads\/2024\/01\/01-landscape.jpg\" class=\"attachment-large size-large wp-image-988652\" alt=\"\" srcset=\"https:\/\/minibus.al\/wp-content\/uploads\/2024\/01\/01-landscape.jpg 893w, https:\/\/minibus.al\/wp-content\/uploads\/2024\/01\/01-landscape-600x420.jpg 600w, https:\/\/minibus.al\/wp-content\/uploads\/2024\/01\/01-landscape-300x210.jpg 300w, https:\/\/minibus.al\/wp-content\/uploads\/2024\/01\/01-landscape-768x538.jpg 768w, https:\/\/minibus.al\/wp-content\/uploads\/2024\/01\/01-landscape-630x441.jpg 630w, https:\/\/minibus.al\/wp-content\/uploads\/2024\/01\/01-landscape-420x294.jpg 420w, https:\/\/minibus.al\/wp-content\/uploads\/2024\/01\/01-landscape-840x588.jpg 840w, https:\/\/minibus.al\/wp-content\/uploads\/2024\/01\/01-landscape-315x220.jpg 315w\" sizes=\"(max-width: 800px) 100vw, 800px\" title=\"\">\t\t\t\t\t\t\t\t\t\t\t\t\t\t\t<\/div>\n\t\t\t\t<div class=\"elementor-element elementor-element-fed5454 elementor-widget elementor-widget-text-editor\" data-id=\"fed5454\" data-element_type=\"widget\" data-e-type=\"widget\" data-widget_type=\"text-editor.default\">\n\t\t\t\t\t\t\t\t\t<p>\u0426\u0435\u043d\u0430 \u0438\u0437\u043d\u0430\u0458\u043c\u0459\u0438\u0432\u0430\u045a\u0430 \u043f\u0440\u0438\u0432\u0430\u0442\u043d\u0438\u0445 \u043c\u0438\u043d\u0438\u0431\u0443\u0441\u0435\u0432\u0430 \u0437\u0430\u0432\u0438\u0441\u0438\u045b\u0435 \u043e\u0434 \u0431\u0440\u043e\u0458\u0430 \u0441\u0430\u0442\u0438 \u0438 \u0434\u0430\u043d\u0430 \u0440\u0430\u0434\u0430, \u043a\u0430\u043e \u0438 \u043e\u0434 \u0443\u0434\u0430\u0459\u0435\u043d\u043e\u0441\u0442\u0438 \u043a\u043e\u0458\u0443 \u043c\u0438\u043d\u0438\u0431\u0443\u0441\u0435\u0432\u0438 \u043f\u0440\u0435\u043b\u0430\u0437\u0435.<\/p>\t\t\t\t\t\t\t\t<\/div>\n\t\t\t\t<div class=\"elementor-element elementor-element-4a421dd elementor-widget elementor-widget-heading\" data-id=\"4a421dd\" data-element_type=\"widget\" data-e-type=\"widget\" data-widget_type=\"heading.default\">\n\t\t\t\t\t<h3 class=\"elementor-heading-title elementor-size-default\">\u041a\u0430\u043a\u043e \u0442\u043e \u0444\u0443\u043d\u043a\u0446\u0438\u043e\u043d\u0438\u0448\u0435?<\/h3>\t\t\t\t<\/div>\n\t\t\t\t<div class=\"elementor-element elementor-element-bc41101 elementor-widget elementor-widget-text-editor\" data-id=\"bc41101\" data-element_type=\"widget\" data-e-type=\"widget\" data-widget_type=\"text-editor.default\">\n\t\t\t\t\t\t\t\t\t<p>\u0420\u0435\u0437\u0435\u0440\u0432\u0430\u0446\u0438\u0458\u0430 \u0458\u0435 \u0458\u0435\u0434\u043d\u043e\u0441\u0442\u0430\u0432\u043d\u0430: \u0438\u0437\u0430\u0431\u0435\u0440\u0438\u0442\u0435 \u0434\u0435\u0441\u0442\u0438\u043d\u0430\u0446\u0438\u0458\u0443, \u0434\u0430\u0442\u0443\u043c \u0438 \u0442\u0438\u043f \u043c\u0438\u043d\u0438\u0431\u0443\u0441\u0430 \u043a\u043e\u0458\u0438 \u0432\u0430\u043c \u0458\u0435 \u043f\u043e\u0442\u0440\u0435\u0431\u0430\u043d. \u041d\u0430\u0448 \u043f\u0440\u043e\u0444\u0435\u0441\u0438\u043e\u043d\u0430\u043b\u043d\u0438 \u0432\u043e\u0437\u0430\u0447 \u045b\u0435 \u0431\u0438\u0442\u0438 \u043d\u0430 \u0434\u043e\u0433\u043e\u0432\u043e\u0440\u0435\u043d\u043e\u043c \u043c\u0435\u0441\u0442\u0443 \u0438 \u0432\u0440\u0435\u043c\u0435\u043d\u0443, \u043e\u0441\u0438\u0433\u0443\u0440\u0430\u0432\u0430\u0458\u0443\u045b\u0438 \u0443\u0434\u043e\u0431\u043d\u043e \u0438 \u0431\u0435\u0437\u0431\u0440\u0438\u0436\u043d\u043e \u043f\u0443\u0442\u043e\u0432\u0430\u045a\u0435.<\/p>\t\t\t\t\t\t\t\t<\/div>\n\t\t\t\t<\/div>\n\t\t<div class=\"elementor-element elementor-element-232389a e-con-full e-flex e-con e-child\" data-id=\"232389a\" data-element_type=\"container\" data-e-type=\"container\">\n\t\t<div class=\"elementor-element elementor-element-8685ca3 e-flex e-con-boxed e-con e-child\" data-id=\"8685ca3\" data-element_type=\"container\" data-e-type=\"container\" data-settings=\"{&quot;background_background&quot;:&quot;classic&quot;}\">\n\t\t\t\t\t<div class=\"e-con-inner\">\n\t\t\t\t<div class=\"elementor-element elementor-element-6d09919 elementor-widget__width-auto elementor-widget elementor-widget-heading\" data-id=\"6d09919\" data-element_type=\"widget\" data-e-type=\"widget\" data-widget_type=\"heading.default\">\n\t\t\t\t\t<h3 class=\"elementor-heading-title elementor-size-default\">10% \u043f\u043e\u043f\u0443\u0441\u0442\u0430<\/h3>\t\t\t\t<\/div>\n\t\t\t\t<div class=\"elementor-element elementor-element-500b1f7 elementor-widget__width-auto elementor-widget elementor-widget-heading\" data-id=\"500b1f7\" data-element_type=\"widget\" data-e-type=\"widget\" data-widget_type=\"heading.default\">\n\t\t\t\t\t<div class=\"elementor-heading-title elementor-size-default\">\u041f\u043e\u043f\u0443\u0441\u0442 \u0434\u043e 10% \u0437\u0430 \u0441\u0432\u0430\u043a\u0443 \u0440\u0435\u0437\u0435\u0440\u0432\u0430\u0446\u0438\u0458\u0443 \u0434\u043e 31. \u043c\u0430\u0458\u0430 2026.!<\/div>\t\t\t\t<\/div>\n\t\t\t\t\t<\/div>\n\t\t\t\t<\/div>\n\t\t<div class=\"elementor-element elementor-element-69d59ea e-con-full e-flex e-con e-child\" data-id=\"69d59ea\" data-element_type=\"container\" data-e-type=\"container\">\n\t\t\t\t<div class=\"elementor-element elementor-element-dcc7dbc elementor-widget__width-initial elementor-widget elementor-widget-image\" data-id=\"dcc7dbc\" data-element_type=\"widget\" data-e-type=\"widget\" data-widget_type=\"image.default\">\n\t\t\t\t\t\t\t\t\t\t\t\t\t\t\t\t<a href=\"#\">\n\t\t\t\t\t\t\t<img decoding=\"async\" width=\"630\" height=\"441\" src=\"https:\/\/minibus.al\/wp-content\/uploads\/2025\/10\/Transfer-416_2268_0182-landscape-630x441-1.jpg\" class=\"attachment-full size-full wp-image-988709\" alt=\"\" srcset=\"https:\/\/minibus.al\/wp-content\/uploads\/2025\/10\/Transfer-416_2268_0182-landscape-630x441-1.jpg 630w, https:\/\/minibus.al\/wp-content\/uploads\/2025\/10\/Transfer-416_2268_0182-landscape-630x441-1-600x420.jpg 600w, https:\/\/minibus.al\/wp-content\/uploads\/2025\/10\/Transfer-416_2268_0182-landscape-630x441-1-300x210.jpg 300w, https:\/\/minibus.al\/wp-content\/uploads\/2025\/10\/Transfer-416_2268_0182-landscape-630x441-1-420x294.jpg 420w, https:\/\/minibus.al\/wp-content\/uploads\/2025\/10\/Transfer-416_2268_0182-landscape-630x441-1-315x221.jpg 315w\" sizes=\"(max-width: 630px) 100vw, 630px\" title=\"\">\t\t\t\t\t\t\t\t<\/a>\n\t\t\t\t\t\t\t\t\t\t\t\t\t\t\t<\/div>\n\t\t\t\t<div class=\"elementor-element elementor-element-4ebf1bf elementor-widget__width-initial elementor-widget elementor-widget-heading\" data-id=\"4ebf1bf\" data-element_type=\"widget\" data-e-type=\"widget\" data-widget_type=\"heading.default\">\n\t\t\t\t\t<h3 class=\"elementor-heading-title elementor-size-default\"><a href=\"#\">\u041f\u0440\u0438\u0432\u0430\u0442\u043d\u0438 \u0442\u0440\u0430\u043d\u0441\u0444\u0435\u0440\u0438 \u0441\u0430 \u0430\u0435\u0440\u043e\u0434\u0440\u043e\u043c\u0430<\/a><\/h3>\t\t\t\t<\/div>\n\t\t\t\t<\/div>\n\t\t<div class=\"elementor-element elementor-element-919d6c0 e-con-full e-flex e-con e-child\" data-id=\"919d6c0\" data-element_type=\"container\" data-e-type=\"container\">\n\t\t\t\t<div class=\"elementor-element elementor-element-1d2cc58 elementor-widget__width-initial elementor-widget elementor-widget-image\" data-id=\"1d2cc58\" data-element_type=\"widget\" data-e-type=\"widget\" data-widget_type=\"image.default\">\n\t\t\t\t\t\t\t\t\t\t\t\t\t\t\t\t<a href=\"#\">\n\t\t\t\t\t\t\t<img decoding=\"async\" width=\"800\" height=\"560\" src=\"https:\/\/minibus.al\/wp-content\/uploads\/2024\/01\/Crop800x600-landscape.jpeg\" class=\"attachment-full size-full wp-image-988653\" alt=\"\" srcset=\"https:\/\/minibus.al\/wp-content\/uploads\/2024\/01\/Crop800x600-landscape.jpeg 800w, https:\/\/minibus.al\/wp-content\/uploads\/2024\/01\/Crop800x600-landscape-600x420.jpeg 600w, https:\/\/minibus.al\/wp-content\/uploads\/2024\/01\/Crop800x600-landscape-300x210.jpeg 300w, https:\/\/minibus.al\/wp-content\/uploads\/2024\/01\/Crop800x600-landscape-768x538.jpeg 768w, https:\/\/minibus.al\/wp-content\/uploads\/2024\/01\/Crop800x600-landscape-630x441.jpeg 630w, https:\/\/minibus.al\/wp-content\/uploads\/2024\/01\/Crop800x600-landscape-420x294.jpeg 420w, https:\/\/minibus.al\/wp-content\/uploads\/2024\/01\/Crop800x600-landscape-315x221.jpeg 315w\" sizes=\"(max-width: 800px) 100vw, 800px\" title=\"\">\t\t\t\t\t\t\t\t<\/a>\n\t\t\t\t\t\t\t\t\t\t\t\t\t\t\t<\/div>\n\t\t\t\t<div class=\"elementor-element elementor-element-ddc738a elementor-widget__width-initial elementor-widget elementor-widget-heading\" data-id=\"ddc738a\" data-element_type=\"widget\" data-e-type=\"widget\" data-widget_type=\"heading.default\">\n\t\t\t\t\t<h3 class=\"elementor-heading-title elementor-size-default\"><a href=\"#\">\u0422\u0440\u0430\u043d\u0441\u0444\u0435\u0440 \u0441\u0430 \u043f\u0440\u0438\u0432\u0430\u0442\u043d\u0438\u043c \u0432\u043e\u0437\u0430\u0447\u0435\u043c<\/a><\/h3>\t\t\t\t<\/div>\n\t\t\t\t<\/div>\n\t\t\t\t<\/div>\n\t\t\t\t\t<\/div>\n\t\t\t\t<\/div>\n\t\t\t\t<\/div>","protected":false},"excerpt":{"rendered":"<p>Minibus me qira me shofer p\u00ebr evente. Organizoni eventin tuaj pa stres! Minibus\u00ebt me qira me shofer ofrojn\u00eb transport t\u00eb sigurt dhe t\u00eb rehatsh\u00ebm p\u00ebr mysafir\u00ebt, duke garantuar q\u00eb t\u00eb arrijn\u00eb n\u00eb destinacion n\u00eb koh\u00eb dhe n\u00eb komoditet maksimal. Ideal p\u00ebr dasma, konferenca dhe aktivitete private. Minibus me qira me shofer p\u00ebr ekskursione Shijoni ekskursione [&hellip;]<\/p>\n","protected":false},"author":1,"featured_media":0,"parent":0,"menu_order":0,"comment_status":"closed","ping_status":"closed","template":"","meta":{"footnotes":""},"class_list":["post-988810","page","type-page","status-publish","hentry"],"_links":{"self":[{"href":"https:\/\/minibus.al\/sr\/wp-json\/wp\/v2\/pages\/988810","targetHints":{"allow":["GET"]}}],"collection":[{"href":"https:\/\/minibus.al\/sr\/wp-json\/wp\/v2\/pages"}],"about":[{"href":"https:\/\/minibus.al\/sr\/wp-json\/wp\/v2\/types\/page"}],"author":[{"embeddable":true,"href":"https:\/\/minibus.al\/sr\/wp-json\/wp\/v2\/users\/1"}],"replies":[{"embeddable":true,"href":"https:\/\/minibus.al\/sr\/wp-json\/wp\/v2\/comments?post=988810"}],"version-history":[{"count":7,"href":"https:\/\/minibus.al\/sr\/wp-json\/wp\/v2\/pages\/988810\/revisions"}],"predecessor-version":[{"id":988852,"href":"https:\/\/minibus.al\/sr\/wp-json\/wp\/v2\/pages\/988810\/revisions\/988852"}],"wp:attachment":[{"href":"https:\/\/minibus.al\/sr\/wp-json\/wp\/v2\/media?parent=988810"}],"curies":[{"name":"wp","href":"https:\/\/api.w.org\/{rel}","templated":true}]}}