{"id":988803,"date":"2025-10-15T11:48:20","date_gmt":"2025-10-15T11:48:20","guid":{"rendered":"https:\/\/minibus.al\/?page_id=988803"},"modified":"2026-01-14T09:30:38","modified_gmt":"2026-01-14T09:30:38","slug":"%d0%bc%d0%b8%d0%bd%d0%b8%d0%b1%d1%83%d1%81-%d0%b7%d0%b0-%d0%b8%d0%b7%d0%bd%d0%b0%d1%98%d0%bc%d1%99%d0%b8%d0%b2%d0%b0%d1%9a%d0%b5-%d1%81%d0%b0-%d0%b2%d0%be%d0%b7%d0%b0%d1%87%d0%b5%d0%bc-%d0%b7%d0%b0","status":"publish","type":"page","link":"https:\/\/minibus.al\/sr\/minibus-me-qira-me-shofer-per-ekskursion\/","title":{"rendered":"\u0418\u0437\u043d\u0430\u0458\u043c\u0459\u0438\u0432\u0430\u045a\u0435 \u043c\u0438\u043d\u0438\u0431\u0443\u0441\u0430 \u0443 \u0422\u0438\u0440\u0430\u043d\u0438 \u0437\u0430 \u0438\u0437\u043b\u0435\u0442\u0435 \u0438 \u0442\u0443\u0440\u0438\u0437\u0430\u043c"},"content":{"rendered":"<div data-elementor-type=\"wp-page\" data-elementor-id=\"988803\" class=\"elementor elementor-988803\">\n\t\t\t\t<div class=\"elementor-element elementor-element-504a0d6 e-flex e-con-boxed e-con e-parent\" data-id=\"504a0d6\" data-element_type=\"container\" data-e-type=\"container\" data-settings=\"{&quot;background_background&quot;:&quot;classic&quot;}\">\n\t\t\t\t\t<div class=\"e-con-inner\">\n\t\t<div class=\"elementor-element elementor-element-c7ba926 e-con-full e-flex e-con e-child\" data-id=\"c7ba926\" data-element_type=\"container\" data-e-type=\"container\">\n\t\t\t\t<div class=\"elementor-element elementor-element-00203f2 elementor-widget elementor-widget-heading\" data-id=\"00203f2\" data-element_type=\"widget\" data-e-type=\"widget\" data-widget_type=\"heading.default\">\n\t\t\t\t\t<h1 class=\"elementor-heading-title elementor-size-default\">\u0418\u0437\u043d\u0430\u0458\u043c\u0459\u0438\u0432\u0430\u045a\u0435 \u043c\u0438\u043d\u0438\u0431\u0443\u0441\u0430 \u0443 \u0422\u0438\u0440\u0430\u043d\u0438 \u0437\u0430 \u0438\u0437\u043b\u0435\u0442\u0435 \u0438 \u0442\u0443\u0440\u0438\u0437\u0430\u043c<\/h1>\t\t\t\t<\/div>\n\t\t\t\t<\/div>\n\t\t\t\t\t<\/div>\n\t\t\t\t<\/div>\n\t\t<div class=\"elementor-element elementor-element-15974bd e-flex e-con-boxed e-con e-parent\" data-id=\"15974bd\" data-element_type=\"container\" data-e-type=\"container\" data-settings=\"{&quot;background_background&quot;:&quot;classic&quot;}\">\n\t\t\t\t\t<div class=\"e-con-inner\">\n\t\t<div class=\"elementor-element elementor-element-308ad2e e-con-full e-flex e-con e-child\" data-id=\"308ad2e\" data-element_type=\"container\" data-e-type=\"container\">\n\t\t\t\t<div class=\"elementor-element elementor-element-ee716d9 elementor-widget elementor-widget-text-editor\" data-id=\"ee716d9\" data-element_type=\"widget\" data-e-type=\"widget\" data-widget_type=\"text-editor.default\">\n\t\t\t\t\t\t\t\t\t\u041f\u0440\u0438\u043b\u0438\u043a\u043e\u043c \u043f\u043b\u0430\u043d\u0438\u0440\u0430\u045a\u0430 \u0438\u0437\u043b\u0435\u0442\u0430 \u0438\u043b\u0438 \u0442\u0443\u0440\u0438\u0441\u0442\u0438\u0447\u043a\u0435 \u0442\u0443\u0440\u0435, \u0443\u0434\u043e\u0431\u043d\u043e\u0441\u0442 \u0438 \u0431\u0435\u0437\u0431\u0435\u0434\u043d\u043e\u0441\u0442 \u0441\u0443 \u043d\u0435\u043e\u043f\u0445\u043e\u0434\u043d\u0438. \u0418\u0437\u043d\u0430\u0458\u043c\u0459\u0438\u0432\u0430\u045a\u0435 \u043c\u0438\u043d\u0438\u0431\u0443\u0441\u0435\u0432\u0430 \u0441\u0430 \u0432\u043e\u0437\u0430\u0447\u0435\u043c \u043d\u0443\u0434\u0438 \u0438\u0434\u0435\u0430\u043b\u043d\u043e \u0440\u0435\u0448\u0435\u045a\u0435 \u0437\u0430 \u043c\u0430\u043b\u0435 \u0438 \u0432\u0435\u043b\u0438\u043a\u0435 \u0433\u0440\u0443\u043f\u0435, \u0447\u0438\u043d\u0435\u045b\u0438 \u0432\u0430\u0448\u0435 \u043f\u0443\u0442\u043e\u0432\u0430\u045a\u0435 \u0433\u043b\u0430\u0442\u043a\u0438\u043c, \u0443\u0434\u043e\u0431\u043d\u0438\u043c \u0438 \u043f\u0440\u043e\u0444\u0435\u0441\u0438\u043e\u043d\u0430\u043b\u043d\u043e \u043e\u0440\u0433\u0430\u043d\u0438\u0437\u043e\u0432\u0430\u043d\u0438\u043c.\t\t\t\t\t\t\t\t<\/div>\n\t\t\t\t<div class=\"elementor-element elementor-element-d222b61 elementor-widget elementor-widget-heading\" data-id=\"d222b61\" data-element_type=\"widget\" data-e-type=\"widget\" data-widget_type=\"heading.default\">\n\t\t\t\t\t<h3 class=\"elementor-heading-title elementor-size-default\">\u041e\u0440\u0433\u0430\u043d\u0438\u0437\u043e\u0432\u0430\u043d\u0438 \u0438\u0437\u043b\u0435\u0442\u0438 \u0438 \u0442\u0443\u0440\u0438\u0441\u0442\u0438\u0447\u043a\u0435 \u0442\u0443\u0440\u0435<\/h3>\t\t\t\t<\/div>\n\t\t\t\t<div class=\"elementor-element elementor-element-d31e77d elementor-widget elementor-widget-text-editor\" data-id=\"d31e77d\" data-element_type=\"widget\" data-e-type=\"widget\" data-widget_type=\"text-editor.default\">\n\t\t\t\t\t\t\t\t\t\u0421\u0430 \u043c\u0438\u043d\u0438\u0431\u0443\u0441\u043e\u043c \u0441\u0430 \u0432\u043e\u0437\u0430\u0447\u0435\u043c, \u043c\u043e\u0436\u0435\u0442\u0435 \u043f\u043e\u0441\u0435\u0442\u0438\u0442\u0438 \u0442\u0443\u0440\u0438\u0441\u0442\u0438\u0447\u043a\u0435 \u0434\u0435\u0441\u0442\u0438\u043d\u0430\u0446\u0438\u0458\u0435 \u0443 \u0433\u0440\u0430\u0434\u0443 \u0438 \u0432\u0430\u043d \u045a\u0435\u0433\u0430, \u0431\u0435\u0437 \u0431\u0440\u0438\u0433\u0435 \u043e \u0432\u043e\u0436\u045a\u0438 \u0438\u043b\u0438 \u043f\u0430\u0440\u043a\u0438\u0440\u0430\u045a\u0443. \u0411\u0438\u043b\u043e \u0434\u0430 \u0458\u0435 \u0443 \u043f\u0438\u0442\u0430\u045a\u0443 \u043e\u0431\u0438\u043b\u0430\u0437\u0430\u043a \u043f\u0440\u0438\u0440\u043e\u0434\u0435, \u043a\u0443\u043b\u0442\u0443\u0440\u043d\u043e \u043f\u0443\u0442\u043e\u0432\u0430\u045a\u0435 \u0438\u043b\u0438 \u043f\u043e\u0441\u0435\u0442\u0430 \u0438\u0441\u0442\u043e\u0440\u0438\u0458\u0441\u043a\u0438\u043c \u0433\u0440\u0430\u0434\u043e\u0432\u0438\u043c\u0430, \u043d\u0430\u0448\u0438 \u043c\u0438\u043d\u0438\u0431\u0443\u0441\u0435\u0432\u0438 \u043d\u0443\u0434\u0435 \u043c\u0430\u043a\u0441\u0438\u043c\u0430\u043b\u043d\u0443 \u0443\u0434\u043e\u0431\u043d\u043e\u0441\u0442 \u0438 \u0444\u043b\u0435\u043a\u0441\u0438\u0431\u0438\u043b\u043d\u043e\u0441\u0442.\t\t\t\t\t\t\t\t<\/div>\n\t\t\t\t<div class=\"elementor-element elementor-element-48d3409 elementor-widget elementor-widget-heading\" data-id=\"48d3409\" data-element_type=\"widget\" data-e-type=\"widget\" data-widget_type=\"heading.default\">\n\t\t\t\t\t<h3 class=\"elementor-heading-title elementor-size-default\">\u041f\u0440\u0442\u0459\u0430\u0433 \u0438 \u0443\u0434\u043e\u0431\u043d\u043e\u0441\u0442 <\/h3>\t\t\t\t<\/div>\n\t\t\t\t<div class=\"elementor-element elementor-element-2ececf6 elementor-widget elementor-widget-text-editor\" data-id=\"2ececf6\" data-element_type=\"widget\" data-e-type=\"widget\" data-widget_type=\"text-editor.default\">\n\t\t\t\t\t\t\t\t\t\u041d\u0430\u0448\u0430 \u0432\u043e\u0437\u0438\u043b\u0430 \u0441\u0443 \u0434\u043e\u0431\u0440\u043e \u043e\u0434\u0440\u0436\u0430\u0432\u0430\u043d\u0430, \u043a\u043b\u0438\u043c\u0430\u0442\u0438\u0437\u043e\u0432\u0430\u043d\u0430 \u0438 \u0438\u043c\u0430\u0458\u0443 \u0434\u043e\u0441\u0442\u0430 \u043f\u0440\u043e\u0441\u0442\u043e\u0440\u0430 \u0437\u0430 \u043f\u0440\u0442\u0459\u0430\u0433, \u0448\u0442\u043e \u043e\u0441\u0438\u0433\u0443\u0440\u0430\u0432\u0430 \u0434\u0430 \u0441\u0432\u0430\u043a\u0438 \u043f\u0443\u0442\u043d\u0438\u043a \u0443\u0436\u0438\u0432\u0430 \u0443 \u0443\u0434\u043e\u0431\u043d\u043e\u043c \u0438 \u0431\u0435\u0437\u0431\u0440\u0438\u0436\u043d\u043e\u043c \u043f\u0443\u0442\u043e\u0432\u0430\u045a\u0443.\t\t\t\t\t\t\t\t<\/div>\n\t\t\t\t<div class=\"elementor-element elementor-element-6e9e2e1 elementor-widget elementor-widget-heading\" data-id=\"6e9e2e1\" data-element_type=\"widget\" data-e-type=\"widget\" data-widget_type=\"heading.default\">\n\t\t\t\t\t<h3 class=\"elementor-heading-title elementor-size-default\">\u0417\u0430\u0448\u0442\u043e minibus.al?<\/h3>\t\t\t\t<\/div>\n\t\t\t\t<div class=\"elementor-element elementor-element-82f3318 elementor-widget elementor-widget-text-editor\" data-id=\"82f3318\" data-element_type=\"widget\" data-e-type=\"widget\" data-widget_type=\"text-editor.default\">\n\t\t\t\t\t\t\t\t\t\u0420\u0430\u0437\u0443\u043c\u0435\u043c\u043e \u0434\u0430 \u0441\u0432\u0430\u043a\u043e \u043f\u0443\u0442\u043e\u0432\u0430\u045a\u0435 \u0438\u043c\u0430 \u0434\u0440\u0443\u0433\u0430\u0447\u0438\u0458\u0435 \u043f\u043e\u0442\u0440\u0435\u0431\u0435. \u0418\u0437 \u0442\u043e\u0433 \u0440\u0430\u0437\u043b\u043e\u0433\u0430 \u043d\u0443\u0434\u0438\u043c\u043e \u0440\u0430\u0437\u043d\u043e\u0432\u0440\u0441\u043d\u0435 \u043c\u0438\u043d\u0438\u0431\u0443\u0441\u0435\u0432\u0435 \u0437\u0430 \u043c\u0430\u043b\u0435 \u0438 \u0432\u0435\u043b\u0438\u043a\u0435 \u0433\u0440\u0443\u043f\u0435, \u043f\u0435\u0440\u0441\u043e\u043d\u0430\u043b\u0438\u0437\u043e\u0432\u0430\u043d\u0435 \u043c\u0430\u0440\u0448\u0440\u0443\u0442\u0435 \u0438 \u043f\u0440\u043e\u0444\u0435\u0441\u0438\u043e\u043d\u0430\u043b\u043d\u043e \u043e\u0431\u0443\u0447\u0435\u043d\u0435 \u0432\u043e\u0437\u0430\u0447\u0435. \u0411\u0435\u0437\u0431\u0435\u0434\u043d\u043e\u0441\u0442, \u0443\u0434\u043e\u0431\u043d\u043e\u0441\u0442 \u0438 \u043f\u0440\u043e\u0444\u0435\u0441\u0438\u043e\u043d\u0430\u043b\u0438\u0437\u0430\u043c \u0441\u0443 \u043d\u0430\u0448\u0438 \u043e\u0441\u043d\u043e\u0432\u043d\u0438 \u043f\u0440\u0438\u043d\u0446\u0438\u043f\u0438, \u043a\u0430\u043a\u043e \u0431\u0438\u0441\u043c\u043e \u043e\u0441\u0438\u0433\u0443\u0440\u0430\u043b\u0438 \u043f\u0440\u0438\u0458\u0430\u0442\u043d\u043e \u0438 \u0433\u043b\u0430\u0442\u043a\u043e \u0438\u0441\u043a\u0443\u0441\u0442\u0432\u043e \u0437\u0430 \u0441\u0432\u0430\u043a\u043e\u0433 \u043f\u0443\u0442\u043d\u0438\u043aa.\t\t\t\t\t\t\t\t<\/div>\n\t\t\t\t<div class=\"elementor-element elementor-element-838cd6b elementor-widget elementor-widget-image\" data-id=\"838cd6b\" data-element_type=\"widget\" data-e-type=\"widget\" data-widget_type=\"image.default\">\n\t\t\t\t\t\t\t\t\t\t\t\t\t\t\t<img fetchpriority=\"high\" decoding=\"async\" width=\"800\" height=\"560\" src=\"https:\/\/minibus.al\/wp-content\/uploads\/2024\/01\/Crop800x600-landscape.jpeg\" class=\"attachment-large size-large wp-image-988653\" alt=\"\" srcset=\"https:\/\/minibus.al\/wp-content\/uploads\/2024\/01\/Crop800x600-landscape.jpeg 800w, https:\/\/minibus.al\/wp-content\/uploads\/2024\/01\/Crop800x600-landscape-600x420.jpeg 600w, https:\/\/minibus.al\/wp-content\/uploads\/2024\/01\/Crop800x600-landscape-300x210.jpeg 300w, https:\/\/minibus.al\/wp-content\/uploads\/2024\/01\/Crop800x600-landscape-768x538.jpeg 768w, https:\/\/minibus.al\/wp-content\/uploads\/2024\/01\/Crop800x600-landscape-630x441.jpeg 630w, https:\/\/minibus.al\/wp-content\/uploads\/2024\/01\/Crop800x600-landscape-420x294.jpeg 420w, https:\/\/minibus.al\/wp-content\/uploads\/2024\/01\/Crop800x600-landscape-315x221.jpeg 315w\" sizes=\"(max-width: 800px) 100vw, 800px\" title=\"\">\t\t\t\t\t\t\t\t\t\t\t\t\t\t\t<\/div>\n\t\t\t\t<div class=\"elementor-element elementor-element-e4e948b elementor-widget elementor-widget-heading\" data-id=\"e4e948b\" data-element_type=\"widget\" data-e-type=\"widget\" data-widget_type=\"heading.default\">\n\t\t\t\t\t<h3 class=\"elementor-heading-title elementor-size-default\">\u041a\u043e\u043d\u0442\u0430\u043a\u0442\u0438\u0440\u0430\u0458\u0442\u0435 \u043d\u0430\u0441:<\/h3>\t\t\t\t<\/div>\n\t\t\t\t<div class=\"elementor-element elementor-element-4266004 elementor-widget elementor-widget-text-editor\" data-id=\"4266004\" data-element_type=\"widget\" data-e-type=\"widget\" data-widget_type=\"text-editor.default\">\n\t\t\t\t\t\t\t\t\t\u0420\u0435\u0437\u0435\u0440\u0432\u0438\u0448\u0438\u0442\u0435 \u0441\u0432\u043e\u0458 \u043c\u0438\u043d\u0438\u0431\u0443\u0441 \u0441\u0430 \u0432\u043e\u0437\u0430\u0447\u0435\u043c \u0432\u0435\u045b \u0434\u0430\u043d\u0430\u0441 \u0438 \u0443\u0436\u0438\u0432\u0430\u0458\u0442\u0435 \u0443 \u0438\u0441\u043a\u0443\u0441\u0442\u0432\u0443 \u0438\u0437\u043b\u0435\u0442\u0430 \u0438 \u0442\u0443\u0440\u0438\u0441\u0442\u0438\u0447\u043a\u0438\u0445 \u0442\u0443\u0440\u0430 \u043d\u0430 \u0431\u0435\u0437\u0431\u0435\u0434\u0430\u043d \u0438 \u0443\u0434\u043e\u0431\u0430\u043d \u043d\u0430\u0447\u0438\u043d.\t\t\t\t\t\t\t\t<\/div>\n\t\t\t\t<\/div>\n\t\t<div class=\"elementor-element elementor-element-731eeda e-con-full e-flex e-con e-child\" data-id=\"731eeda\" data-element_type=\"container\" data-e-type=\"container\">\n\t\t<div class=\"elementor-element elementor-element-9f03a35 e-flex e-con-boxed e-con e-child\" data-id=\"9f03a35\" data-element_type=\"container\" data-e-type=\"container\" data-settings=\"{&quot;background_background&quot;:&quot;classic&quot;}\">\n\t\t\t\t\t<div class=\"e-con-inner\">\n\t\t\t\t<div class=\"elementor-element elementor-element-6a241b0 elementor-widget__width-auto elementor-widget elementor-widget-heading\" data-id=\"6a241b0\" data-element_type=\"widget\" data-e-type=\"widget\" data-widget_type=\"heading.default\">\n\t\t\t\t\t<h3 class=\"elementor-heading-title elementor-size-default\">10% \u043f\u043e\u043f\u0443\u0441\u0442\u0430<\/h3>\t\t\t\t<\/div>\n\t\t\t\t<div class=\"elementor-element elementor-element-f34cc20 elementor-widget__width-auto elementor-widget elementor-widget-heading\" data-id=\"f34cc20\" data-element_type=\"widget\" data-e-type=\"widget\" data-widget_type=\"heading.default\">\n\t\t\t\t\t<div class=\"elementor-heading-title elementor-size-default\">\u041f\u043e\u043f\u0443\u0441\u0442 \u0434\u043e 10% \u0437\u0430 \u0441\u0432\u0430\u043a\u0443 \u0440\u0435\u0437\u0435\u0440\u0432\u0430\u0446\u0438\u0458\u0443 \u0434\u043e 31. \u043c\u0430\u0458\u0430 2026.!<\/div>\t\t\t\t<\/div>\n\t\t\t\t\t<\/div>\n\t\t\t\t<\/div>\n\t\t<div class=\"elementor-element elementor-element-f9edccc e-con-full e-flex e-con e-child\" data-id=\"f9edccc\" data-element_type=\"container\" data-e-type=\"container\">\n\t\t\t\t<div class=\"elementor-element elementor-element-bd64436 elementor-widget__width-initial elementor-widget elementor-widget-image\" data-id=\"bd64436\" data-element_type=\"widget\" data-e-type=\"widget\" data-widget_type=\"image.default\">\n\t\t\t\t\t\t\t\t\t\t\t\t\t\t\t\t<a href=\"#\">\n\t\t\t\t\t\t\t<img decoding=\"async\" width=\"630\" height=\"441\" src=\"https:\/\/minibus.al\/wp-content\/uploads\/2025\/10\/Transfer-416_2268_0182-landscape-630x441-1.jpg\" class=\"attachment-full size-full wp-image-988709\" alt=\"\" srcset=\"https:\/\/minibus.al\/wp-content\/uploads\/2025\/10\/Transfer-416_2268_0182-landscape-630x441-1.jpg 630w, https:\/\/minibus.al\/wp-content\/uploads\/2025\/10\/Transfer-416_2268_0182-landscape-630x441-1-600x420.jpg 600w, https:\/\/minibus.al\/wp-content\/uploads\/2025\/10\/Transfer-416_2268_0182-landscape-630x441-1-300x210.jpg 300w, https:\/\/minibus.al\/wp-content\/uploads\/2025\/10\/Transfer-416_2268_0182-landscape-630x441-1-420x294.jpg 420w, https:\/\/minibus.al\/wp-content\/uploads\/2025\/10\/Transfer-416_2268_0182-landscape-630x441-1-315x221.jpg 315w\" sizes=\"(max-width: 630px) 100vw, 630px\" title=\"\">\t\t\t\t\t\t\t\t<\/a>\n\t\t\t\t\t\t\t\t\t\t\t\t\t\t\t<\/div>\n\t\t\t\t<div class=\"elementor-element elementor-element-f3c3056 elementor-widget__width-initial elementor-widget elementor-widget-heading\" data-id=\"f3c3056\" data-element_type=\"widget\" data-e-type=\"widget\" data-widget_type=\"heading.default\">\n\t\t\t\t\t<h3 class=\"elementor-heading-title elementor-size-default\"><a href=\"#\">\u041f\u0440\u0438\u0432\u0430\u0442\u043d\u0438 \u0442\u0440\u0430\u043d\u0441\u0444\u0435\u0440\u0438 \u0441\u0430 \u0430\u0435\u0440\u043e\u0434\u0440\u043e\u043c\u0430<\/a><\/h3>\t\t\t\t<\/div>\n\t\t\t\t<\/div>\n\t\t<div class=\"elementor-element elementor-element-570e3a3 e-con-full e-flex e-con e-child\" data-id=\"570e3a3\" data-element_type=\"container\" data-e-type=\"container\">\n\t\t\t\t<div class=\"elementor-element elementor-element-bdb5123 elementor-widget__width-initial elementor-widget elementor-widget-image\" data-id=\"bdb5123\" data-element_type=\"widget\" data-e-type=\"widget\" data-widget_type=\"image.default\">\n\t\t\t\t\t\t\t\t\t\t\t\t\t\t\t\t<a href=\"#\">\n\t\t\t\t\t\t\t<img decoding=\"async\" width=\"800\" height=\"560\" src=\"https:\/\/minibus.al\/wp-content\/uploads\/2024\/01\/Crop800x600-landscape.jpeg\" class=\"attachment-full size-full wp-image-988653\" alt=\"\" srcset=\"https:\/\/minibus.al\/wp-content\/uploads\/2024\/01\/Crop800x600-landscape.jpeg 800w, https:\/\/minibus.al\/wp-content\/uploads\/2024\/01\/Crop800x600-landscape-600x420.jpeg 600w, https:\/\/minibus.al\/wp-content\/uploads\/2024\/01\/Crop800x600-landscape-300x210.jpeg 300w, https:\/\/minibus.al\/wp-content\/uploads\/2024\/01\/Crop800x600-landscape-768x538.jpeg 768w, https:\/\/minibus.al\/wp-content\/uploads\/2024\/01\/Crop800x600-landscape-630x441.jpeg 630w, https:\/\/minibus.al\/wp-content\/uploads\/2024\/01\/Crop800x600-landscape-420x294.jpeg 420w, https:\/\/minibus.al\/wp-content\/uploads\/2024\/01\/Crop800x600-landscape-315x221.jpeg 315w\" sizes=\"(max-width: 800px) 100vw, 800px\" title=\"\">\t\t\t\t\t\t\t\t<\/a>\n\t\t\t\t\t\t\t\t\t\t\t\t\t\t\t<\/div>\n\t\t\t\t<div class=\"elementor-element elementor-element-3cb587a elementor-widget__width-initial elementor-widget elementor-widget-heading\" data-id=\"3cb587a\" data-element_type=\"widget\" data-e-type=\"widget\" data-widget_type=\"heading.default\">\n\t\t\t\t\t<h3 class=\"elementor-heading-title elementor-size-default\"><a href=\"#\">\u0422\u0440\u0430\u043d\u0441\u0444\u0435\u0440 \u0441\u0430 \u043f\u0440\u0438\u0432\u0430\u0442\u043d\u0438\u043c \u0432\u043e\u0437\u0430\u0447\u0435\u043c<\/a><\/h3>\t\t\t\t<\/div>\n\t\t\t\t<\/div>\n\t\t\t\t<\/div>\n\t\t\t\t\t<\/div>\n\t\t\t\t<\/div>\n\t\t\t\t<\/div>","protected":false},"excerpt":{"rendered":"<p>Minibus me qira n\u00eb Tiran\u00eb p\u00ebr Ekskursione dhe Turiz\u00ebm Kur planifikoni nj\u00eb ekskursion apo nj\u00eb ture turistike, rehatia dhe siguria jan\u00eb thelb\u00ebsore. Minibus\u00ebt me qira me shofer ofrojn\u00eb zgjidhjen ideale p\u00ebr grupet e vogla dhe t\u00eb m\u00ebdha, duke b\u00ebr\u00eb udh\u00ebtimin tuaj t\u00eb qet\u00eb, t\u00eb komod dhe t\u00eb organizuar profesionalisht. Ekskursione t\u00eb organizuara dhe ture turistike [&hellip;]<\/p>\n","protected":false},"author":1,"featured_media":0,"parent":0,"menu_order":0,"comment_status":"closed","ping_status":"closed","template":"","meta":{"footnotes":""},"class_list":["post-988803","page","type-page","status-publish","hentry"],"_links":{"self":[{"href":"https:\/\/minibus.al\/sr\/wp-json\/wp\/v2\/pages\/988803","targetHints":{"allow":["GET"]}}],"collection":[{"href":"https:\/\/minibus.al\/sr\/wp-json\/wp\/v2\/pages"}],"about":[{"href":"https:\/\/minibus.al\/sr\/wp-json\/wp\/v2\/types\/page"}],"author":[{"embeddable":true,"href":"https:\/\/minibus.al\/sr\/wp-json\/wp\/v2\/users\/1"}],"replies":[{"embeddable":true,"href":"https:\/\/minibus.al\/sr\/wp-json\/wp\/v2\/comments?post=988803"}],"version-history":[{"count":15,"href":"https:\/\/minibus.al\/sr\/wp-json\/wp\/v2\/pages\/988803\/revisions"}],"predecessor-version":[{"id":989102,"href":"https:\/\/minibus.al\/sr\/wp-json\/wp\/v2\/pages\/988803\/revisions\/989102"}],"wp:attachment":[{"href":"https:\/\/minibus.al\/sr\/wp-json\/wp\/v2\/media?parent=988803"}],"curies":[{"name":"wp","href":"https:\/\/api.w.org\/{rel}","templated":true}]}}