{"id":988794,"date":"2025-10-15T11:45:54","date_gmt":"2025-10-15T11:45:54","guid":{"rendered":"https:\/\/minibus.al\/?page_id=988794"},"modified":"2025-10-15T11:45:55","modified_gmt":"2025-10-15T11:45:55","slug":"%d0%b8%d0%b7%d0%bd%d0%b0%d1%98%d0%bc%d1%99%d0%b8%d0%b2%d0%b0%d1%9a%d0%b5-%d0%bc%d0%b8%d0%bd%d0%b8%d0%b1%d1%83%d1%81%d0%b0-%d1%81%d0%b0-%d0%b2%d0%be%d0%b7%d0%b0%d1%87%d0%b5%d0%bc-%d1%83-%d1%82%d0%b8","status":"publish","type":"page","link":"https:\/\/minibus.al\/sr\/minibus-me-qira-me-shofer-ne-tirane\/","title":{"rendered":"\u0418\u0437\u043d\u0430\u0458\u043c\u0459\u0438\u0432\u0430\u045a\u0435 \u043c\u0438\u043d\u0438\u0431\u0443\u0441\u0430 \u0441\u0430 \u0432\u043e\u0437\u0430\u0447\u0435\u043c \u0443 \u0422\u0438\u0440\u0430\u043d\u0438."},"content":{"rendered":"<div data-elementor-type=\"wp-page\" data-elementor-id=\"988794\" class=\"elementor elementor-988794\">\n\t\t\t\t<div class=\"elementor-element elementor-element-95c19ac e-flex e-con-boxed e-con e-parent\" data-id=\"95c19ac\" data-element_type=\"container\" data-e-type=\"container\" data-settings=\"{&quot;background_background&quot;:&quot;classic&quot;}\">\n\t\t\t\t\t<div class=\"e-con-inner\">\n\t\t<div class=\"elementor-element elementor-element-f318dce e-con-full e-flex e-con e-child\" data-id=\"f318dce\" data-element_type=\"container\" data-e-type=\"container\">\n\t\t\t\t<div class=\"elementor-element elementor-element-f98cf93 elementor-widget elementor-widget-heading\" data-id=\"f98cf93\" data-element_type=\"widget\" data-e-type=\"widget\" data-widget_type=\"heading.default\">\n\t\t\t\t\t<h1 class=\"elementor-heading-title elementor-size-default\">\u0418\u0437\u043d\u0430\u0458\u043c\u0459\u0438\u0432\u0430\u045a\u0435 \u043c\u0438\u043d\u0438\u0431\u0443\u0441\u0430 \u0441\u0430 \u0432\u043e\u0437\u0430\u0447\u0435\u043c \u0443 \u0422\u0438\u0440\u0430\u043d\u0438.\n<\/h1>\t\t\t\t<\/div>\n\t\t\t\t<\/div>\n\t\t\t\t\t<\/div>\n\t\t\t\t<\/div>\n\t\t<div class=\"elementor-element elementor-element-758a64b e-flex e-con-boxed e-con e-parent\" data-id=\"758a64b\" data-element_type=\"container\" data-e-type=\"container\" data-settings=\"{&quot;background_background&quot;:&quot;classic&quot;}\">\n\t\t\t\t\t<div class=\"e-con-inner\">\n\t\t<div class=\"elementor-element elementor-element-e503248 e-con-full e-flex e-con e-child\" data-id=\"e503248\" data-element_type=\"container\" data-e-type=\"container\">\n\t\t\t\t<div class=\"elementor-element elementor-element-aeff267 elementor-widget elementor-widget-text-editor\" data-id=\"aeff267\" data-element_type=\"widget\" data-e-type=\"widget\" data-widget_type=\"text-editor.default\">\n\t\t\t\t\t\t\t\t\t<p>\u041a\u0430\u0434\u0430 \u043f\u043b\u0430\u043d\u0438\u0440\u0430\u0442\u0435 \u043f\u0443\u0442\u043e\u0432\u0430\u045a\u0435, \u0431\u0438\u043b\u043e \u0434\u0430 \u0458\u0435 \u0443 \u043f\u0438\u0442\u0430\u045a\u0443 \u043f\u043e\u0441\u0430\u043e, \u043e\u0434\u043c\u043e\u0440 \u0438\u043b\u0438 \u0434\u0440\u0443\u0448\u0442\u0432\u0435\u043d\u0435 \u0430\u043a\u0442\u0438\u0432\u043d\u043e\u0441\u0442\u0438, \u0438\u0437\u043d\u0430\u0458\u043c\u0459\u0438\u0432\u0430\u045a\u0435 \u043c\u0438\u043d\u0438\u0431\u0443\u0441\u0430 \u0441\u0430 \u0432\u043e\u0437\u0430\u0447\u0435\u043c \u0443 \u0422\u0438\u0440\u0430\u043d\u0438 \u043d\u0443\u0434\u0438 \u0443\u0434\u043e\u0431\u043d\u043e, \u0431\u0435\u0437\u0431\u0435\u0434\u043d\u043e \u0438 \u0444\u043b\u0435\u043a\u0441\u0438\u0431\u0438\u043b\u043d\u043e \u0440\u0435\u0448\u0435\u045a\u0435. \u041e\u0434 \u0442\u0440\u0430\u043d\u0441\u0444\u0435\u0440\u0430 \u043e\u0434\/\u0434\u043e \u0430\u0435\u0440\u043e\u0434\u0440\u043e\u043c\u0430, \u0434\u043e \u043a\u0443\u043b\u0442\u0443\u0440\u043d\u0438\u0445 \u0442\u0443\u0440\u0430 \u0438 \u0438\u0437\u043b\u0435\u0442\u0430 \u0443 \u043f\u0440\u0438\u0440\u043e\u0434\u0443, \u043e\u0432\u0435 \u0443\u0441\u043b\u0443\u0433\u0435 \u0441\u0443 \u043f\u0440\u0438\u043b\u0430\u0433\u043e\u0452\u0435\u043d\u0435 \u0441\u0432\u0430\u043a\u043e\u0458 \u043f\u043e\u0442\u0440\u0435\u0431\u0438 \u0438 \u0433\u0440\u0443\u043f\u0438 \u043f\u0443\u0442\u043d\u0438\u043a\u0430.<\/p>\t\t\t\t\t\t\t\t<\/div>\n\t\t\t\t<div class=\"elementor-element elementor-element-0d53794 elementor-widget elementor-widget-heading\" data-id=\"0d53794\" data-element_type=\"widget\" data-e-type=\"widget\" data-widget_type=\"heading.default\">\n\t\t\t\t\t<h3 class=\"elementor-heading-title elementor-size-default\">\u0418\u0437\u043d\u0430\u0458\u043c\u0459\u0438\u0432\u0430\u045a\u0435 \u043c\u0438\u043d\u0438\u0431\u0443\u0441\u0430 \u0443 \u0422\u0438\u0440\u0430\u043d\u0438 \u0437\u0430 \u0434\u043e\u0433\u0430\u0452\u0430\u0458\u0435.<\/h3>\t\t\t\t<\/div>\n\t\t\t\t<div class=\"elementor-element elementor-element-0463429 elementor-widget elementor-widget-text-editor\" data-id=\"0463429\" data-element_type=\"widget\" data-e-type=\"widget\" data-widget_type=\"text-editor.default\">\n\t\t\t\t\t\t\t\t\t<p>\u041e\u0440\u0433\u0430\u043d\u0438\u0437\u043e\u0432\u0430\u045a\u0435 \u0434\u043e\u0433\u0430\u0452\u0430\u0458\u0430, \u0431\u0438\u043b\u043e \u0434\u0430 \u0458\u0435 \u0443 \u043f\u0438\u0442\u0430\u045a\u0443 \u043f\u043e\u0441\u043b\u043e\u0432\u043d\u0438 \u0441\u0430\u0441\u0442\u0430\u043d\u0430\u043a, \u0432\u0435\u043d\u0447\u0430\u045a\u0435 \u0438\u043b\u0438 \u043f\u043e\u0440\u043e\u0434\u0438\u0447\u043d\u0430 \u0430\u043a\u0442\u0438\u0432\u043d\u043e\u0441\u0442, \u0447\u0435\u0441\u0442\u043e \u0437\u0430\u0445\u0442\u0435\u0432\u0430 \u043a\u043e\u043e\u0440\u0434\u0438\u043d\u0438\u0441\u0430\u043d \u043f\u0440\u0435\u0432\u043e\u0437. \u0421\u0430 \u043c\u0438\u043d\u0438\u0431\u0443\u0441\u043e\u043c \u0441\u0430 \u043f\u0440\u043e\u0444\u0435\u0441\u0438\u043e\u043d\u0430\u043b\u043d\u0438\u043c \u0432\u043e\u0437\u0430\u0447\u0435\u043c, \u043c\u043e\u0436\u0435\u0442\u0435 \u043e\u0441\u0438\u0433\u0443\u0440\u0430\u0442\u0438 \u0434\u0430 \u0441\u0432\u0438 \u0433\u043e\u0441\u0442\u0438 \u0441\u0442\u0438\u0433\u043d\u0443 \u043d\u0430 \u0441\u0432\u043e\u0458\u0435 \u043e\u0434\u0440\u0435\u0434\u0438\u0448\u0442\u0435 \u043d\u0430 \u0432\u0440\u0435\u043c\u0435, \u0431\u0435\u0437 \u0441\u0442\u0440\u0435\u0441\u0430 \u0438 \u0443 \u043c\u0430\u043a\u0441\u0438\u043c\u0430\u043b\u043d\u043e\u0458 \u0443\u0434\u043e\u0431\u043d\u043e\u0441\u0442\u0438. \u041d\u0430\u0448 \u043e\u0431\u0443\u0447\u0435\u043d\u0438 \u0442\u0438\u043c \u043e\u0441\u0438\u0433\u0443\u0440\u0430\u0432\u0430 \u0434\u0430 \u0458\u0435 \u0441\u0432\u0430\u043a\u0438 \u0434\u0435\u0442\u0430\u0459 \u043f\u0443\u0442\u043e\u0432\u0430\u045a\u0430 \u0438\u0441\u043f\u043b\u0430\u043d\u0438\u0440\u0430\u043d \u0438 \u0431\u0435\u0437\u0431\u0435\u0434\u0430\u043d.<\/p>\t\t\t\t\t\t\t\t<\/div>\n\t\t\t\t<div class=\"elementor-element elementor-element-4ce8215 elementor-widget elementor-widget-heading\" data-id=\"4ce8215\" data-element_type=\"widget\" data-e-type=\"widget\" data-widget_type=\"heading.default\">\n\t\t\t\t\t<h3 class=\"elementor-heading-title elementor-size-default\">\u0418\u0437\u043d\u0430\u0458\u043c\u0459\u0438\u0432\u0430\u045a\u0435 \u043c\u0438\u043d\u0438\u0431\u0443\u0441\u0430 \u0443 \u0422\u0438\u0440\u0430\u043d\u0438 \u0437\u0430 \u0438\u0437\u043b\u0435\u0442\u0435 \u0438 \u0442\u0443\u0440\u0438\u0437\u0430\u043c<\/h3>\t\t\t\t<\/div>\n\t\t\t\t<div class=\"elementor-element elementor-element-9d6ee10 elementor-widget elementor-widget-text-editor\" data-id=\"9d6ee10\" data-element_type=\"widget\" data-e-type=\"widget\" data-widget_type=\"text-editor.default\">\n\t\t\t\t\t\t\t\t\t\u0417\u0430 \u0459\u0443\u0431\u0438\u0442\u0435\u0459\u0435 \u043f\u0440\u0438\u0440\u043e\u0434\u0435 \u0438 \u0438\u0441\u0442\u043e\u0440\u0438\u0458\u0435, \u0458\u0435\u0434\u043d\u043e\u0434\u043d\u0435\u0432\u043d\u0438 \u0438\u0437\u043b\u0435\u0442\u0438 \u043f\u043e \u0410\u043b\u0431\u0430\u043d\u0438\u0458\u0438 \u0438 \u0411\u0430\u043b\u043a\u0430\u043d\u0443 \u0441\u0443 \u043b\u0430\u043a\u0448\u0438 \u0438 \u043f\u0440\u0438\u0458\u0430\u0442\u043d\u0438\u0458\u0438 \u0443\u0434\u043e\u0431\u043d\u0438\u043c \u043c\u0438\u043d\u0438\u0431\u0443\u0441\u043e\u043c. \u041c\u043e\u0436\u0435\u0442\u0435 \u043f\u043e\u0441\u0435\u0442\u0438\u0442\u0438 \u0438\u0441\u0442\u043e\u0440\u0438\u0458\u0441\u043a\u0435 \u0433\u0440\u0430\u0434\u043e\u0432\u0435, \u043f\u0440\u0438\u0440\u043e\u0434\u043d\u0435 \u043f\u0430\u0440\u043a\u043e\u0432\u0435 \u0438\u043b\u0438 \u043f\u043e\u0441\u0435\u0431\u043d\u0435 \u0434\u0435\u0441\u0442\u0438\u043d\u0430\u0446\u0438\u0458\u0435 \u0431\u0435\u0437 \u0431\u0440\u0438\u0433\u0435 \u043e \u043f\u0443\u0442\u043e\u0432\u0430\u045a\u0443 \u0438\u043b\u0438 \u043f\u0430\u0440\u043a\u0438\u0440\u0430\u045a\u0443. \u041d\u0430\u0448\u0438 \u043c\u0438\u043d\u0438\u0431\u0443\u0441\u0435\u0432\u0438 \u043d\u0443\u0434\u0435 \u0443\u0434\u043e\u0431\u043d\u043e\u0441\u0442, \u043f\u0440\u043e\u0441\u0442\u043e\u0440 \u0437\u0430 \u043f\u0440\u0442\u0459\u0430\u0433 \u0438 \u043a\u043b\u0438\u043c\u0430 \u0443\u0440\u0435\u0452\u0430\u0458, \u0447\u0438\u043d\u0435\u045b\u0438 \u0441\u0432\u0430\u043a\u043e \u043f\u0443\u0442\u043e\u0432\u0430\u045a\u0435 \u043f\u0440\u0438\u0458\u0430\u0442\u043d\u0438\u043c \u0438\u0441\u043a\u0443\u0441\u0442\u0432\u043e\u043c.\t\t\t\t\t\t\t\t<\/div>\n\t\t\t\t<div class=\"elementor-element elementor-element-7620457 elementor-widget elementor-widget-heading\" data-id=\"7620457\" data-element_type=\"widget\" data-e-type=\"widget\" data-widget_type=\"heading.default\">\n\t\t\t\t\t<h3 class=\"elementor-heading-title elementor-size-default\">\u0418\u0437\u043d\u0430\u0458\u043c\u0459\u0438\u0432\u0430\u045a\u0435 \u043c\u0438\u043d\u0438\u0431\u0443\u0441\u0430 \u0443 \u0422\u0438\u0440\u0430\u043d\u0438 \u0437\u0430 \u043f\u0440\u0438\u0432\u0430\u0442\u043d\u0435 \u0442\u0440\u0430\u043d\u0441\u0444\u0435\u0440\u0435 \u043e\u0434\/\u0434\u043e \u0430\u0435\u0440\u043e\u0434\u0440\u043e\u043c\u0430.<\/h3>\t\t\t\t<\/div>\n\t\t\t\t<div class=\"elementor-element elementor-element-86bb5c8 elementor-widget elementor-widget-text-editor\" data-id=\"86bb5c8\" data-element_type=\"widget\" data-e-type=\"widget\" data-widget_type=\"text-editor.default\">\n\t\t\t\t\t\t\t\t\t\u0411\u0435\u0437 \u043e\u0431\u0437\u0438\u0440\u0430 \u0434\u0430 \u043b\u0438 \u0432\u0430\u0448 \u043b\u0435\u0442 \u043f\u043e\u043b\u0430\u0437\u0438 \u0438\u043b\u0438 \u0441\u0442\u0438\u0436\u0435 \u0443 \u0422\u0438\u0440\u0430\u043d\u0443, \u043f\u0440\u0438\u0432\u0430\u0442\u043d\u0438 \u0430\u0435\u0440\u043e\u0434\u0440\u043e\u043c\u0441\u043a\u0438 \u0442\u0440\u0430\u043d\u0441\u0444\u0435\u0440\u0438 \u0441\u0443 \u043d\u0430\u0458\u0443\u0434\u043e\u0431\u043d\u0438\u0458\u0438 \u0438 \u043d\u0430\u0458\u0431\u0435\u0437\u0431\u0435\u0434\u043d\u0438\u0458\u0438 \u043d\u0430\u0447\u0438\u043d \u0434\u0430 \u0437\u0430\u043f\u043e\u0447\u043d\u0435\u0442\u0435 \u0438\u043b\u0438 \u0437\u0430\u0432\u0440\u0448\u0438\u0442\u0435 \u0441\u0432\u043e\u0458\u0435 \u043f\u0443\u0442\u043e\u0432\u0430\u045a\u0435. \u041d\u0430\u0448\u0430 \u0443\u0441\u043b\u0443\u0433\u0430 \u0441\u0430 \u043e\u0431\u0443\u0447\u0435\u043d\u0438\u043c \u0432\u043e\u0437\u0430\u0447\u0435\u043c \u0433\u0430\u0440\u0430\u043d\u0442\u0443\u0458\u0435 \u0434\u0430 \u045b\u0435\u0442\u0435 \u0441\u0442\u0438\u045b\u0438 \u043d\u0430 \u043e\u0434\u0440\u0435\u0434\u0438\u0448\u0442\u0435 \u043d\u0430 \u0432\u0440\u0435\u043c\u0435, \u0443\u0434\u043e\u0431\u043d\u043e \u0438 \u0431\u0435\u0437 \u0441\u0442\u0440\u0435\u0441\u0430 \u0458\u0430\u0432\u043d\u043e\u0433 \u043f\u0440\u0435\u0432\u043e\u0437\u0430.\t\t\t\t\t\t\t\t<\/div>\n\t\t\t\t<div class=\"elementor-element elementor-element-58b5ae3 elementor-widget elementor-widget-heading\" data-id=\"58b5ae3\" data-element_type=\"widget\" data-e-type=\"widget\" data-widget_type=\"heading.default\">\n\t\t\t\t\t<h3 class=\"elementor-heading-title elementor-size-default\">\u0417\u0430\u0448\u0442\u043e minibus.al?<\/h3>\t\t\t\t<\/div>\n\t\t\t\t<div class=\"elementor-element elementor-element-6fcee1f elementor-widget elementor-widget-text-editor\" data-id=\"6fcee1f\" data-element_type=\"widget\" data-e-type=\"widget\" data-widget_type=\"text-editor.default\">\n\t\t\t\t\t\t\t\t\t\u0420\u0430\u0437\u0443\u043c\u0435\u043c\u043e \u0434\u0430 \u0441\u0432\u0430\u043a\u043e \u043f\u0443\u0442\u043e\u0432\u0430\u045a\u0435 \u0438\u043c\u0430 \u0434\u0440\u0443\u0433\u0430\u0447\u0438\u0458\u0435 \u043f\u043e\u0442\u0440\u0435\u0431\u0435. \u0418\u0437 \u0442\u043e\u0433 \u0440\u0430\u0437\u043b\u043e\u0433\u0430 \u043d\u0443\u0434\u0438\u043c\u043e \u0440\u0430\u0437\u043d\u043e\u0432\u0440\u0441\u043d\u0435 \u043c\u0438\u043d\u0438\u0431\u0443\u0441\u0435\u0432\u0435 \u0437\u0430 \u043c\u0430\u043b\u0435 \u0438 \u0432\u0435\u043b\u0438\u043a\u0435 \u0433\u0440\u0443\u043f\u0435, \u043f\u0435\u0440\u0441\u043e\u043d\u0430\u043b\u0438\u0437\u043e\u0432\u0430\u043d\u0435 \u043c\u0430\u0440\u0448\u0440\u0443\u0442\u0435 \u0438 \u043f\u0440\u043e\u0444\u0435\u0441\u0438\u043e\u043d\u0430\u043b\u043d\u043e \u043e\u0431\u0443\u0447\u0435\u043d\u0435 \u0432\u043e\u0437\u0430\u0447\u0435. \u0411\u0435\u0437\u0431\u0435\u0434\u043d\u043e\u0441\u0442, \u0443\u0434\u043e\u0431\u043d\u043e\u0441\u0442 \u0438 \u043f\u0440\u043e\u0444\u0435\u0441\u0438\u043e\u043d\u0430\u043b\u0438\u0437\u0430\u043c \u0441\u0443 \u043d\u0430\u0448\u0438 \u043e\u0441\u043d\u043e\u0432\u043d\u0438 \u043f\u0440\u0438\u043d\u0446\u0438\u043f\u0438, \u043a\u0430\u043a\u043e \u0431\u0438\u0441\u043c\u043e \u043e\u0441\u0438\u0433\u0443\u0440\u0430\u043b\u0438 \u043f\u0440\u0438\u0458\u0430\u0442\u043d\u043e \u0438 \u0433\u043b\u0430\u0442\u043a\u043e \u0438\u0441\u043a\u0443\u0441\u0442\u0432\u043e \u0437\u0430 \u0441\u0432\u0430\u043a\u043e\u0433 \u043f\u0443\u0442\u043d\u0438\u043aa.\t\t\t\t\t\t\t\t<\/div>\n\t\t\t\t<div class=\"elementor-element elementor-element-720ca0b elementor-widget elementor-widget-image\" data-id=\"720ca0b\" data-element_type=\"widget\" data-e-type=\"widget\" data-widget_type=\"image.default\">\n\t\t\t\t\t\t\t\t\t\t\t\t\t\t\t<img fetchpriority=\"high\" decoding=\"async\" width=\"800\" height=\"560\" src=\"https:\/\/minibus.al\/wp-content\/uploads\/2024\/01\/01-landscape.jpg\" class=\"attachment-large size-large wp-image-988652\" alt=\"\" srcset=\"https:\/\/minibus.al\/wp-content\/uploads\/2024\/01\/01-landscape.jpg 893w, https:\/\/minibus.al\/wp-content\/uploads\/2024\/01\/01-landscape-600x420.jpg 600w, https:\/\/minibus.al\/wp-content\/uploads\/2024\/01\/01-landscape-300x210.jpg 300w, https:\/\/minibus.al\/wp-content\/uploads\/2024\/01\/01-landscape-768x538.jpg 768w, https:\/\/minibus.al\/wp-content\/uploads\/2024\/01\/01-landscape-630x441.jpg 630w, https:\/\/minibus.al\/wp-content\/uploads\/2024\/01\/01-landscape-420x294.jpg 420w, https:\/\/minibus.al\/wp-content\/uploads\/2024\/01\/01-landscape-840x588.jpg 840w, https:\/\/minibus.al\/wp-content\/uploads\/2024\/01\/01-landscape-315x220.jpg 315w\" sizes=\"(max-width: 800px) 100vw, 800px\" title=\"\">\t\t\t\t\t\t\t\t\t\t\t\t\t\t\t<\/div>\n\t\t\t\t<div class=\"elementor-element elementor-element-a1e27ad elementor-widget elementor-widget-heading\" data-id=\"a1e27ad\" data-element_type=\"widget\" data-e-type=\"widget\" data-widget_type=\"heading.default\">\n\t\t\t\t\t<h3 class=\"elementor-heading-title elementor-size-default\">\u041a\u0430\u043a\u043e \u0442\u043e \u0444\u0443\u043d\u043a\u0446\u0438\u043e\u043d\u0438\u0448\u0435?<\/h3>\t\t\t\t<\/div>\n\t\t\t\t<div class=\"elementor-element elementor-element-83c2353 elementor-widget elementor-widget-text-editor\" data-id=\"83c2353\" data-element_type=\"widget\" data-e-type=\"widget\" data-widget_type=\"text-editor.default\">\n\t\t\t\t\t\t\t\t\t<p>\u0420\u0435\u0437\u0435\u0440\u0432\u0430\u0446\u0438\u0458\u0430 \u0458\u0435 \u0458\u0435\u0434\u043d\u043e\u0441\u0442\u0430\u0432\u043d\u0430: \u0438\u0437\u0430\u0431\u0435\u0440\u0438\u0442\u0435 \u0434\u0435\u0441\u0442\u0438\u043d\u0430\u0446\u0438\u0458\u0443, \u0434\u0430\u0442\u0443\u043c \u0438 \u0442\u0438\u043f \u043c\u0438\u043d\u0438\u0431\u0443\u0441\u0430 \u043a\u043e\u0458\u0438 \u0432\u0430\u043c \u0458\u0435 \u043f\u043e\u0442\u0440\u0435\u0431\u0430\u043d. \u041d\u0430\u0448 \u043f\u0440\u043e\u0444\u0435\u0441\u0438\u043e\u043d\u0430\u043b\u043d\u0438 \u0432\u043e\u0437\u0430\u0447 \u045b\u0435 \u0431\u0438\u0442\u0438 \u043d\u0430 \u0434\u043e\u0433\u043e\u0432\u043e\u0440\u0435\u043d\u043e\u043c \u043c\u0435\u0441\u0442\u0443 \u0438 \u0432\u0440\u0435\u043c\u0435\u043d\u0443, \u043e\u0441\u0438\u0433\u0443\u0440\u0430\u0432\u0430\u0458\u0443\u045b\u0438 \u0443\u0434\u043e\u0431\u043d\u043e \u0438 \u0431\u0435\u0437\u0431\u0440\u0438\u0436\u043d\u043e \u043f\u0443\u0442\u043e\u0432\u0430\u045a\u0435. \u041a\u043e\u043d\u0442\u0430\u043a\u0442\u0438\u0440\u0430\u0458\u0442\u0435 \u043d\u0430\u0441 \u0434\u0430\u043d\u0430\u0441 \u0434\u0430 \u0431\u0438\u0441\u0442\u0435 \u0440\u0435\u0437\u0435\u0440\u0432\u0438\u0441\u0430\u043b\u0438 \u043c\u0438\u043d\u0438\u0431\u0443\u0441 \u0441\u0430 \u0432\u043e\u0437\u0430\u0447\u0435\u043c \u0443 \u0422\u0438\u0440\u0430\u043d\u0438 \u0438 \u0443\u0447\u0438\u043d\u0438\u043b\u0438 \u0441\u0432\u0430\u043a\u043e \u043f\u043e\u0441\u0435\u0431\u043d\u043e \u043f\u0443\u0442\u043e\u0432\u0430\u045a\u0435 \u2013 \u0431\u0438\u043b\u043e \u0434\u0430 \u0458\u0435 \u0443 \u043f\u0438\u0442\u0430\u045a\u0443 \u0434\u043e\u0433\u0430\u0452\u0430\u0458, \u0438\u0437\u043b\u0435\u0442 \u0438\u043b\u0438 \u0442\u0440\u0430\u043d\u0441\u0444\u0435\u0440 \u043e\u0434\/\u0434\u043e \u0430\u0435\u0440\u043e\u0434\u0440\u043e\u043c\u0430 \u2013 \u043d\u0435\u0437\u0430\u0431\u043e\u0440\u0430\u0432\u043d\u0438\u043c \u0438\u0441\u043a\u0443\u0441\u0442\u0432\u043e\u043c.<\/p>\t\t\t\t\t\t\t\t<\/div>\n\t\t\t\t<\/div>\n\t\t<div class=\"elementor-element elementor-element-48e150d e-con-full e-flex e-con e-child\" data-id=\"48e150d\" data-element_type=\"container\" data-e-type=\"container\">\n\t\t<div class=\"elementor-element elementor-element-1a9e61a e-flex e-con-boxed e-con e-child\" data-id=\"1a9e61a\" data-element_type=\"container\" data-e-type=\"container\" data-settings=\"{&quot;background_background&quot;:&quot;classic&quot;}\">\n\t\t\t\t\t<div class=\"e-con-inner\">\n\t\t\t\t<div class=\"elementor-element elementor-element-7723e84 elementor-widget__width-auto elementor-widget elementor-widget-heading\" data-id=\"7723e84\" data-element_type=\"widget\" data-e-type=\"widget\" data-widget_type=\"heading.default\">\n\t\t\t\t\t<h3 class=\"elementor-heading-title elementor-size-default\">10% \u043f\u043e\u043f\u0443\u0441\u0442\u0430<\/h3>\t\t\t\t<\/div>\n\t\t\t\t<div class=\"elementor-element elementor-element-c5ce195 elementor-widget__width-auto elementor-widget elementor-widget-heading\" data-id=\"c5ce195\" data-element_type=\"widget\" data-e-type=\"widget\" data-widget_type=\"heading.default\">\n\t\t\t\t\t<div class=\"elementor-heading-title elementor-size-default\">\u041f\u043e\u043f\u0443\u0441\u0442 \u0434\u043e 10% \u0437\u0430 \u0441\u0432\u0430\u043a\u0443 \u0440\u0435\u0437\u0435\u0440\u0432\u0430\u0446\u0438\u0458\u0443 \u0434\u043e 31. \u043c\u0430\u0458\u0430 2026.!<\/div>\t\t\t\t<\/div>\n\t\t\t\t\t<\/div>\n\t\t\t\t<\/div>\n\t\t<div class=\"elementor-element elementor-element-89932a7 e-con-full e-flex e-con e-child\" data-id=\"89932a7\" data-element_type=\"container\" data-e-type=\"container\">\n\t\t\t\t<div class=\"elementor-element elementor-element-08519e8 elementor-widget__width-initial elementor-widget elementor-widget-image\" data-id=\"08519e8\" data-element_type=\"widget\" data-e-type=\"widget\" data-widget_type=\"image.default\">\n\t\t\t\t\t\t\t\t\t\t\t\t\t\t\t\t<a href=\"#\">\n\t\t\t\t\t\t\t<img decoding=\"async\" width=\"630\" height=\"441\" src=\"https:\/\/minibus.al\/wp-content\/uploads\/2025\/10\/Transfer-416_2268_0182-landscape-630x441-1.jpg\" class=\"attachment-full size-full wp-image-988709\" alt=\"\" srcset=\"https:\/\/minibus.al\/wp-content\/uploads\/2025\/10\/Transfer-416_2268_0182-landscape-630x441-1.jpg 630w, https:\/\/minibus.al\/wp-content\/uploads\/2025\/10\/Transfer-416_2268_0182-landscape-630x441-1-600x420.jpg 600w, https:\/\/minibus.al\/wp-content\/uploads\/2025\/10\/Transfer-416_2268_0182-landscape-630x441-1-300x210.jpg 300w, https:\/\/minibus.al\/wp-content\/uploads\/2025\/10\/Transfer-416_2268_0182-landscape-630x441-1-420x294.jpg 420w, https:\/\/minibus.al\/wp-content\/uploads\/2025\/10\/Transfer-416_2268_0182-landscape-630x441-1-315x221.jpg 315w\" sizes=\"(max-width: 630px) 100vw, 630px\" title=\"\">\t\t\t\t\t\t\t\t<\/a>\n\t\t\t\t\t\t\t\t\t\t\t\t\t\t\t<\/div>\n\t\t\t\t<div class=\"elementor-element elementor-element-123d892 elementor-widget__width-initial elementor-widget elementor-widget-heading\" data-id=\"123d892\" data-element_type=\"widget\" data-e-type=\"widget\" data-widget_type=\"heading.default\">\n\t\t\t\t\t<h3 class=\"elementor-heading-title elementor-size-default\"><a href=\"#\">\u041f\u0440\u0438\u0432\u0430\u0442\u043d\u0438 \u0442\u0440\u0430\u043d\u0441\u0444\u0435\u0440\u0438 \u0441\u0430 \u0430\u0435\u0440\u043e\u0434\u0440\u043e\u043c\u0430<\/a><\/h3>\t\t\t\t<\/div>\n\t\t\t\t<\/div>\n\t\t<div class=\"elementor-element elementor-element-2655fa7 e-con-full e-flex e-con e-child\" data-id=\"2655fa7\" data-element_type=\"container\" data-e-type=\"container\">\n\t\t\t\t<div class=\"elementor-element elementor-element-88d6d37 elementor-widget__width-initial elementor-widget elementor-widget-image\" data-id=\"88d6d37\" data-element_type=\"widget\" data-e-type=\"widget\" data-widget_type=\"image.default\">\n\t\t\t\t\t\t\t\t\t\t\t\t\t\t\t\t<a href=\"#\">\n\t\t\t\t\t\t\t<img decoding=\"async\" width=\"800\" height=\"560\" src=\"https:\/\/minibus.al\/wp-content\/uploads\/2024\/01\/Crop800x600-landscape.jpeg\" class=\"attachment-full size-full wp-image-988653\" alt=\"\" srcset=\"https:\/\/minibus.al\/wp-content\/uploads\/2024\/01\/Crop800x600-landscape.jpeg 800w, https:\/\/minibus.al\/wp-content\/uploads\/2024\/01\/Crop800x600-landscape-600x420.jpeg 600w, https:\/\/minibus.al\/wp-content\/uploads\/2024\/01\/Crop800x600-landscape-300x210.jpeg 300w, https:\/\/minibus.al\/wp-content\/uploads\/2024\/01\/Crop800x600-landscape-768x538.jpeg 768w, https:\/\/minibus.al\/wp-content\/uploads\/2024\/01\/Crop800x600-landscape-630x441.jpeg 630w, https:\/\/minibus.al\/wp-content\/uploads\/2024\/01\/Crop800x600-landscape-420x294.jpeg 420w, https:\/\/minibus.al\/wp-content\/uploads\/2024\/01\/Crop800x600-landscape-315x221.jpeg 315w\" sizes=\"(max-width: 800px) 100vw, 800px\" title=\"\">\t\t\t\t\t\t\t\t<\/a>\n\t\t\t\t\t\t\t\t\t\t\t\t\t\t\t<\/div>\n\t\t\t\t<div class=\"elementor-element elementor-element-87f3665 elementor-widget__width-initial elementor-widget elementor-widget-heading\" data-id=\"87f3665\" data-element_type=\"widget\" data-e-type=\"widget\" data-widget_type=\"heading.default\">\n\t\t\t\t\t<h3 class=\"elementor-heading-title elementor-size-default\"><a href=\"#\">\u0422\u0440\u0430\u043d\u0441\u0444\u0435\u0440 \u0441\u0430 \u043f\u0440\u0438\u0432\u0430\u0442\u043d\u0438\u043c \u0432\u043e\u0437\u0430\u0447\u0435\u043c<\/a><\/h3>\t\t\t\t<\/div>\n\t\t\t\t<\/div>\n\t\t\t\t<\/div>\n\t\t\t\t\t<\/div>\n\t\t\t\t<\/div>\n\t\t\t\t<\/div>","protected":false},"excerpt":{"rendered":"<p>Minibus me qira me shofer n\u00eb Tiran\u00eb. Kur planifikoni nj\u00eb udh\u00ebtim, qoft\u00eb p\u00ebr pun\u00eb, pushime apo aktivitete sociale, minibus\u00ebt me qira me shofer n\u00eb Tiran\u00eb ofrojn\u00eb nj\u00eb zgjidhje t\u00eb rehatshme, t\u00eb sigurt dhe fleksib\u00ebl. Nga transfertat n\u00eb aeroport, tek turet kulturore dhe ekskursione n\u00eb natyr\u00eb, k\u00ebto sh\u00ebrbime jan\u00eb t\u00eb p\u00ebrshtatura p\u00ebr \u00e7do nevoj\u00eb dhe grup [&hellip;]<\/p>\n","protected":false},"author":1,"featured_media":0,"parent":0,"menu_order":0,"comment_status":"closed","ping_status":"closed","template":"","meta":{"footnotes":""},"class_list":["post-988794","page","type-page","status-publish","hentry"],"_links":{"self":[{"href":"https:\/\/minibus.al\/sr\/wp-json\/wp\/v2\/pages\/988794","targetHints":{"allow":["GET"]}}],"collection":[{"href":"https:\/\/minibus.al\/sr\/wp-json\/wp\/v2\/pages"}],"about":[{"href":"https:\/\/minibus.al\/sr\/wp-json\/wp\/v2\/types\/page"}],"author":[{"embeddable":true,"href":"https:\/\/minibus.al\/sr\/wp-json\/wp\/v2\/users\/1"}],"replies":[{"embeddable":true,"href":"https:\/\/minibus.al\/sr\/wp-json\/wp\/v2\/comments?post=988794"}],"version-history":[{"count":4,"href":"https:\/\/minibus.al\/sr\/wp-json\/wp\/v2\/pages\/988794\/revisions"}],"predecessor-version":[{"id":988799,"href":"https:\/\/minibus.al\/sr\/wp-json\/wp\/v2\/pages\/988794\/revisions\/988799"}],"wp:attachment":[{"href":"https:\/\/minibus.al\/sr\/wp-json\/wp\/v2\/media?parent=988794"}],"curies":[{"name":"wp","href":"https:\/\/api.w.org\/{rel}","templated":true}]}}