{"id":988417,"date":"2023-04-05T00:18:43","date_gmt":"2023-04-05T00:18:43","guid":{"rendered":"https:\/\/minibus.al\/en\/?page_id=988417"},"modified":"2026-04-07T20:14:12","modified_gmt":"2026-04-07T20:14:12","slug":"%d1%83%d1%81%d0%bb%d0%be%d0%b2%d0%b8-%d0%b8-%d0%be%d0%b4%d1%80%d0%b5%d0%b4%d0%b1%d0%b5-%d0%ba%d0%be%d1%80%d0%b8%d1%88%d1%9b%d0%b5%d1%9a%d0%b0","status":"publish","type":"page","link":"https:\/\/minibus.al\/sr\/kushtet-dhe-rregullat-e-perdorimit\/","title":{"rendered":"\u0423\u0441\u043b\u043e\u0432\u0438 \u043a\u043e\u0440\u0438\u0448\u045b\u0435\u045a\u0430"},"content":{"rendered":"<div data-elementor-type=\"wp-page\" data-elementor-id=\"988417\" class=\"elementor elementor-988417\">\n\t\t\t\t<div class=\"elementor-element elementor-element-4b40c13 e-flex e-con-boxed e-con e-parent\" data-id=\"4b40c13\" data-element_type=\"container\" data-e-type=\"container\" data-settings=\"{&quot;background_background&quot;:&quot;classic&quot;}\">\n\t\t\t\t\t<div class=\"e-con-inner\">\n\t\t<div class=\"elementor-element elementor-element-1762c08 e-con-full e-flex e-con e-child\" data-id=\"1762c08\" data-element_type=\"container\" data-e-type=\"container\">\n\t\t\t\t<div class=\"elementor-element elementor-element-fbc7985 elementor-widget elementor-widget-heading\" data-id=\"fbc7985\" data-element_type=\"widget\" data-e-type=\"widget\" data-widget_type=\"heading.default\">\n\t\t\t\t\t<h1 class=\"elementor-heading-title elementor-size-default\">\u0423\u0441\u043b\u043e\u0432\u0438 \u0438 \u043e\u0434\u0440\u0435\u0434\u0431\u0435 \u043a\u043e\u0440\u0438\u0448\u045b\u0435\u045a\u0430<\/h1>\t\t\t\t<\/div>\n\t\t\t\t<div class=\"elementor-element elementor-element-47d8e14 elementor-widget elementor-widget-text-editor\" data-id=\"47d8e14\" data-element_type=\"widget\" data-e-type=\"widget\" data-widget_type=\"text-editor.default\">\n\t\t\t\t\t\t\t\t\t\u0423\u0441\u043b\u043e\u0432\u0438 \u043a\u043e\u0440\u0438\u0448\u045b\u0435\u045a\u0430 \u2013 \u041f\u0440\u043e\u0447\u0438\u0442\u0430\u0458\u0442\u0435 \u0443\u0441\u043b\u043e\u0432\u0435 \u043a\u043e\u0458\u0438 \u0434\u0435\u0444\u0438\u043d\u0438\u0448\u0443 \u043a\u043e\u0440\u0438\u0448\u045b\u0435\u045a\u0435 \u043d\u0430\u0448\u0435 \u0443\u0441\u043b\u0443\u0433\u0435, \u043f\u0440\u0430\u0432\u0430 \u0438 \u043e\u0431\u0430\u0432\u0435\u0437\u0435 \u043a\u043e\u0440\u0438\u0441\u043d\u0438\u043a\u0430, \u043a\u0430\u043e \u0438 \u043a\u0459\u0443\u0447\u043d\u0435 \u043f\u043e\u043b\u0438\u0442\u0438\u043a\u0435 \u0437\u0430 \u0431\u0435\u0437\u0431\u0435\u0434\u043d\u043e \u0438 \u0442\u0440\u0430\u043d\u0441\u043f\u0430\u0440\u0435\u043d\u0442\u043d\u043e \u0438\u0441\u043a\u0443\u0441\u0442\u0432\u043e.\n\t\t\t\t\t\t\t\t<\/div>\n\t\t\t\t<\/div>\n\t\t\t\t\t<\/div>\n\t\t\t\t<\/div>\n\t\t<div class=\"elementor-element elementor-element-adc86e9 e-flex e-con-boxed e-con e-parent\" data-id=\"adc86e9\" data-element_type=\"container\" data-e-type=\"container\" data-settings=\"{&quot;background_background&quot;:&quot;classic&quot;}\">\n\t\t\t\t\t<div class=\"e-con-inner\">\n\t\t<div class=\"elementor-element elementor-element-088521f e-con-full e-flex e-con e-child\" data-id=\"088521f\" data-element_type=\"container\" data-e-type=\"container\">\n\t\t\t\t<div class=\"elementor-element elementor-element-96c5e98 elementor-widget elementor-widget-text-editor\" data-id=\"96c5e98\" data-element_type=\"widget\" data-e-type=\"widget\" data-widget_type=\"text-editor.default\">\n\t\t\t\t\t\t\t\t\t<p>\u0421\u0432\u0435 \u0440\u0435\u0437\u0435\u0440\u0432\u0430\u0446\u0438\u0458\u0435 \u043a\u043e\u0434 Minibus.al \u043f\u043e\u0434\u043b\u0435\u0436\u0443 \u043e\u0432\u0438\u043c \u0423\u0441\u043b\u043e\u0432\u0438\u043c\u0430 \u0438 \u043e\u0434\u0440\u0435\u0434\u0431\u0430\u043c\u0430. \u0420\u0435\u0437\u0435\u0440\u0432\u0430\u0446\u0438\u0458\u0430 \u0441\u0435 \u0441\u043c\u0430\u0442\u0440\u0430 \u043f\u043e\u0442\u0432\u0440\u0452\u0435\u043d\u043e\u043c \u0438 \u0432\u0430\u0436\u0435\u045b\u043e\u043c \u043a\u0430\u0434\u0430 \u0458\u0435 \u043f\u043e\u0442\u0432\u0440\u0434\u0430 \u043f\u0440\u0438\u043c\u0459\u0435\u043d\u0430 (\u0443 \u043f\u0438\u0441\u0430\u043d\u043e\u0458 \u0438\u043b\u0438 \u0443\u0441\u043c\u0435\u043d\u043e\u0458 \u0444\u043e\u0440\u043c\u0438) \u0438, \u0433\u0434\u0435 \u0458\u0435 \u043f\u0440\u0438\u043c\u0435\u043d\u0459\u0438\u0432\u043e, \u043a\u0430\u0434\u0430 \u0458\u0435 \u0434\u0435\u043f\u043e\u0437\u0438\u0442 \u0443\u043f\u043b\u0430\u045b\u0435\u043d.<\/p><p>\u0423 \u043e\u0432\u0438\u043c \u043e\u043a\u043e\u043b\u043d\u043e\u0441\u0442\u0438\u043c\u0430, \u201c\u041a\u043e\u043c\u043f\u0430\u043d\u0438\u0458\u0430\u201d \u0441\u0435 \u043e\u0434\u043d\u043e\u0441\u0438 \u043d\u0430 Minibus.al, \u043f\u0440\u0435\u0432\u043e\u0437\u043d\u0443 \u0441\u043b\u0443\u0436\u0431\u0443 \u043a\u043e\u0458\u0430 \u043b\u0435\u0433\u0430\u043b\u043d\u043e \u043f\u043e\u0441\u043b\u0443\u0458\u0435 \u0443 \u0410\u043b\u0431\u0430\u043d\u0438\u0458\u0438 \u0438 \u043d\u0430 \u0431\u0430\u043b\u043a\u0430\u043d\u0441\u043a\u043e\u043c \u0440\u0435\u0433\u0438\u043e\u043d\u0443.<\/p><p>\u0423\u0432\u0435\u043a \u043d\u0430\u0441\u0442\u043e\u0458\u0438\u043c\u043e \u0434\u0430 \u043f\u0440\u0443\u0436\u0438\u043c\u043e \u0431\u0435\u0437\u0431\u0435\u0434\u043d\u0443, \u043f\u043e\u0443\u0437\u0434\u0430\u043d\u0443 \u0438 \u043f\u0440\u043e\u0444\u0435\u0441\u0438\u043e\u043d\u0430\u043b\u043d\u0443 \u0443\u0441\u043b\u0443\u0433\u0443. \u041c\u0435\u0452\u0443\u0442\u0438\u043c, \u0443 \u0438\u0437\u0443\u0437\u0435\u0442\u043d\u0438\u043c \u043e\u043a\u043e\u043b\u043d\u043e\u0441\u0442\u0438\u043c\u0430 \u043a\u0430\u043e \u0448\u0442\u043e \u0441\u0443 \u0441\u0430\u043e\u0431\u0440\u0430\u045b\u0430\u0458, \u0437\u0430\u0441\u0442\u043e\u0458\u0438 \u043d\u0430 \u043f\u0443\u0442\u0443 \u0438\u043b\u0438 \u043d\u0435\u043f\u0440\u0435\u0434\u0432\u0438\u0452\u0435\u043d\u0438 \u0434\u043e\u0433\u0430\u0452\u0430\u0458\u0438, \u043c\u043e\u0433\u0443 \u0434\u043e\u045b\u0438 \u0434\u043e \u043f\u0440\u043e\u043c\u0435\u043d\u0430 \u0443 \u0440\u0430\u0441\u043f\u043e\u0440\u0435\u0434\u0443 \u0438\u043b\u0438 \u043c\u0430\u0440\u0448\u0440\u0443\u0442\u0430\u043c\u0430. \u0423 \u0441\u0432\u0430\u043a\u043e\u043c \u0441\u043b\u0443\u0447\u0430\u0458\u0443, \u043d\u0430\u0448 \u0442\u0438\u043c \u045b\u0435 \u0443\u0447\u0438\u043d\u0438\u0442\u0438 \u0441\u0432\u0435 \u0448\u0442\u043e \u0458\u0435 \u043c\u043e\u0433\u0443\u045b\u0435 \u0434\u0430 \u043c\u0438\u043d\u0438\u043c\u0438\u0437\u0443\u0458\u0435 \u0431\u0438\u043b\u043e \u043a\u0430\u043a\u0432\u0435 \u043d\u0435\u043f\u0440\u0438\u0458\u0430\u0442\u043d\u043e\u0441\u0442\u0438 \u0438 \u043f\u0440\u043e\u043d\u0430\u0452\u0435 \u043d\u0430\u0458\u0431\u043e\u0459\u0435 \u0440\u0435\u0448\u0435\u045a\u0435 \u0437\u0430 \u0432\u0430\u0441.<\/p><p>\u0426\u0435\u043d\u0435 \u0441\u0435 \u0437\u0430\u0441\u043d\u0438\u0432\u0430\u0458\u0443 \u043d\u0430 \u0443\u0441\u043b\u043e\u0432\u0438\u043c\u0430 \u0438 \u0442\u0430\u0440\u0438\u0444\u0430\u043c\u0430 \u0443 \u0442\u0440\u0435\u043d\u0443\u0442\u043a\u0443 \u0440\u0435\u0437\u0435\u0440\u0432\u0430\u0446\u0438\u0458\u0435 \u0438 \u043c\u043e\u0433\u0443 \u0441\u0435 \u043c\u0435\u045a\u0430\u0442\u0438 \u0443 \u0437\u0430\u0432\u0438\u0441\u043d\u043e\u0441\u0442\u0438 \u043e\u0434 \u0441\u043f\u043e\u0459\u043d\u0438\u0445 \u0444\u0430\u043a\u0442\u043e\u0440\u0430. \u0421\u0432\u0430 \u043e\u0448\u0442\u0435\u045b\u0435\u045a\u0430 \u0432\u043e\u0437\u0438\u043b\u0430 \u043a\u043e\u0458\u0430 \u043f\u0443\u0442\u043d\u0438\u0446\u0438 \u043d\u0430\u043d\u0435\u0441\u0443 \u0442\u043e\u043a\u043e\u043c \u043f\u0443\u0442\u043e\u0432\u0430\u045a\u0430 \u043e\u0441\u0442\u0430\u0458\u0443 \u0443 \u043e\u0434\u0433\u043e\u0432\u043e\u0440\u043d\u043e\u0441\u0442\u0438 \u043a\u043b\u0438\u0458\u0435\u043d\u0442\u0430.<\/p><p><strong>\u0420\u0435\u0437\u0435\u0440\u0432\u0430\u0446\u0438\u0458\u0430 \u0438 \u043f\u043b\u0430\u045b\u0430\u045a\u0435<\/strong><\/p><p>\u0414\u0430 \u0431\u0438\u0441\u0442\u0435 \u043e\u0431\u0435\u0437\u0431\u0435\u0434\u0438\u043b\u0438 \u0440\u0435\u0437\u0435\u0440\u0432\u0430\u0446\u0438\u0458\u0443, \u043e\u0431\u0438\u0447\u043d\u043e \u0458\u0435 \u043f\u043e\u0442\u0440\u0435\u0431\u0430\u043d \u043d\u0435\u043f\u043e\u0432\u0440\u0430\u0442\u0430\u043d \u0434\u0435\u043f\u043e\u0437\u0438\u0442 \u043e\u0434 20%. \u041f\u0440\u0435\u043e\u0441\u0442\u0430\u043b\u0438 \u0438\u0437\u043d\u043e\u0441 \u043c\u043e\u0436\u0435 \u0431\u0438\u0442\u0438 \u043f\u043b\u0430\u045b\u0435\u043d \u043f\u043e \u0434\u043e\u0433\u043e\u0432\u043e\u0440\u0443. \u0410\u043a\u043e \u043c\u0438 \u043e\u0431\u0435\u0437\u0431\u0435\u0434\u0438\u043c\u043e \u0441\u043c\u0435\u0448\u0442\u0430\u0458 \u0438 \u043e\u0431\u0440\u043e\u043a\u0435 \u0437\u0430 \u0432\u043e\u0437\u0430\u0447\u0430, \u043f\u043b\u0430\u045b\u0430\u045a\u0435 \u0437\u0430 \u0441\u043c\u0435\u0448\u0442\u0430\u0458 \u0438 \u0432\u043e\u0437\u0430\u0447\u0430 \u043c\u043e\u0440\u0430 \u0431\u0438\u0442\u0438 \u0438\u0437\u0432\u0440\u0448\u0435\u043d\u043e \u0443\u043d\u0430\u043f\u0440\u0435\u0434, \u0458\u0435\u0440 \u043c\u043e\u0440\u0430\u043c\u043e \u0440\u0435\u0437\u0435\u0440\u0432\u0438\u0441\u0430\u0442\u0438 \u0441\u043c\u0435\u0448\u0442\u0430\u0458 \u0432\u043e\u0437\u0430\u0447\u0430, \u043f\u043e\u0448\u0442\u043e \u0446\u0435\u043d\u0435 \u0432\u0430\u0440\u0438\u0440\u0430\u0458\u0443.<\/p><p><strong>\u041e\u0442\u043a\u0430\u0437\u0438\u0432\u0430\u045a\u0430<\/strong><\/p><p>\u0410\u043a\u043e \u043c\u043e\u0440\u0430\u0442\u0435 \u0434\u0430 \u043e\u0442\u043a\u0430\u0436\u0435\u0442\u0435 \u0441\u0432\u043e\u0458\u0443 \u0440\u0435\u0437\u0435\u0440\u0432\u0430\u0446\u0438\u0458\u0443, \u043c\u043e\u0433\u0443 \u0441\u0435 \u043f\u0440\u0438\u043c\u0435\u045a\u0438\u0432\u0430\u0442\u0438 \u0442\u0430\u043a\u0441\u0435 \u0443 \u0437\u0430\u0432\u0438\u0441\u043d\u043e\u0441\u0442\u0438 \u043e\u0434 \u0432\u0440\u0435\u043c\u0435\u043d\u0430 \u043e\u0442\u043a\u0430\u0437\u0438\u0432\u0430\u045a\u0430. \u0428\u0442\u043e \u0458\u0435 \u043e\u0442\u043a\u0430\u0437\u0438\u0432\u0430\u045a\u0435 \u0431\u043b\u0438\u0436\u0435 \u0434\u0430\u0442\u0443\u043c\u0443 \u043f\u0443\u0442\u043e\u0432\u0430\u045a\u0430, \u0442\u0430\u043a\u0441\u0430 \u043c\u043e\u0436\u0435 \u0431\u0438\u0442\u0438 \u0432\u0435\u045b\u0430. \u0423 \u0441\u043b\u0443\u0447\u0430\u0458\u0443 \u043d\u0435\u043f\u043e\u0458\u0430\u0432\u0459\u0438\u0432\u0430\u045a\u0430 (\u201cno-show\u201d), \u0440\u0435\u0437\u0435\u0440\u0432\u0430\u0446\u0438\u0458\u0430 \u045b\u0435 \u0441\u0435 \u0441\u043c\u0430\u0442\u0440\u0430\u0442\u0438 \u0440\u0435\u0430\u043b\u0438\u0437\u043e\u0432\u0430\u043d\u043e\u043c \u0438 \u043f\u043e\u0432\u0440\u0430\u045b\u0430\u0458 \u043d\u043e\u0432\u0446\u0430 \u043d\u0435\u045b\u0435 \u0431\u0438\u0442\u0438 \u0438\u0437\u0432\u0440\u0448\u0435\u043d. \u041e\u0431\u0438\u0447\u043d\u043e \u0441\u0435 \u043d\u0430\u043f\u043b\u0430\u045b\u0443\u0458\u0435 \u0441\u0430\u043c\u043e \u0434\u0435\u043f\u043e\u0437\u0438\u0442 \u043e\u0434 20%, \u0458\u0435\u0440 \u043f\u043e\u043a\u0440\u0438\u0432\u0430 \u043d\u0430\u0448\u0435 \u043b\u043e\u0433\u0438\u0441\u0442\u0438\u0447\u043a\u0435 \u0442\u0440\u043e\u0448\u043a\u043e\u0432\u0435.<\/p><p><strong>\u0423\u0441\u043b\u0443\u0433\u0430 \u0438 \u043e\u0434\u0433\u043e\u0432\u043e\u0440\u043d\u043e\u0441\u0442\u0438<\/strong><\/p><p>\u041d\u0430\u0448\u0438 \u0432\u043e\u0437\u0430\u0447\u0438 \u0441\u0443 \u043f\u0440\u043e\u0444\u0435\u0441\u0438\u043e\u043d\u0430\u043b\u0446\u0438 \u0438 \u043e\u0434\u0433\u043e\u0432\u043e\u0440\u043d\u0438 \u0437\u0430 \u0431\u0435\u0437\u0431\u0435\u0434\u043d\u043e\u0441\u0442 \u0442\u043e\u043a\u043e\u043c \u0446\u0435\u043b\u043e\u0433 \u043f\u0443\u0442\u043e\u0432\u0430\u045a\u0430. \u041e\u043d\u0438 \u0438\u043c\u0430\u0458\u0443 \u043f\u0440\u0430\u0432\u043e \u0434\u0430 \u043e\u0434\u0431\u0438\u0458\u0443 \u0443\u0441\u043b\u0443\u0433\u0443 \u0430\u043a\u043e \u0441\u043c\u0430\u0442\u0440\u0430\u0458\u0443 \u0434\u0430 \u0458\u0435 \u0431\u0435\u0437\u0431\u0435\u0434\u043d\u043e\u0441\u0442 \u0443\u0433\u0440\u043e\u0436\u0435\u043d\u0430.<\/p><p><strong>\u041f\u0440\u0430\u0432\u0438\u043b\u0430 \u0442\u043e\u043a\u043e\u043c \u043f\u0443\u0442\u043e\u0432\u0430\u045a\u0430<\/strong><\/p><p>\u0417\u0430 \u043f\u0440\u0438\u0458\u0430\u0442\u043d\u043e \u0438\u0441\u043a\u0443\u0441\u0442\u0432\u043e \u0437\u0430 \u0441\u0432\u0435:<\/p><p>\u041f\u0443\u0448\u0435\u045a\u0435 \u0443 \u0432\u043e\u0437\u0438\u043b\u0443 \u043d\u0438\u0458\u0435 \u0434\u043e\u0437\u0432\u043e\u0459\u0435\u043d\u043e.;<\/p><p>\u041a\u043e\u043d\u0437\u0443\u043c\u0430\u0446\u0438\u0458\u0430 \u0431\u0440\u0437\u0435 \u0445\u0440\u0430\u043d\u0435 \u043d\u0438\u0458\u0435 \u0434\u043e\u0437\u0432\u043e\u0459\u0435\u043d\u0430.;<br \/>\u0410\u043b\u043a\u043e\u0445\u043e\u043b \u0458\u0435 \u0434\u043e\u0437\u0432\u043e\u0459\u0435\u043d \u0441\u0430\u043c\u043e \u0443\u0437 \u043f\u0440\u0435\u0442\u0445\u043e\u0434\u043d\u0438 \u0434\u043e\u0433\u043e\u0432\u043e\u0440.;<br \/>\u041f\u0443\u0442\u043d\u0438\u0446\u0438 \u043c\u043e\u0440\u0430\u0458\u0443 \u0434\u0430 \u043f\u043e\u0448\u0442\u0443\u0458\u0443 \u043f\u0440\u0430\u0432\u0438\u043b\u0430 \u0431\u0435\u0437\u0431\u0435\u0434\u043d\u043e\u0441\u0442\u0438 \u0438 \u0443\u043f\u0443\u0442\u0441\u0442\u0432\u0430 \u0432\u043e\u0437\u0430\u0447\u0430.<\/p><p><strong>\u041f\u0443\u0442\u043d\u0430 \u0442\u043e\u0440\u0431\u0430 \u0438 \u043b\u0438\u0447\u043d\u0430 \u0441\u0442\u0432\u0430\u0440<\/strong><\/p><p>\u041c\u0438 \u0431\u0440\u0438\u043d\u0435\u043c\u043e \u043e \u0432\u0430\u0448\u0435\u043c \u0443\u0434\u043e\u0431\u0441\u0442\u0432\u0443, \u0430\u043b\u0438 \u043d\u0438\u0441\u043c\u043e \u043e\u0434\u0433\u043e\u0432\u043e\u0440\u043d\u0438 \u0437\u0430 \u0431\u0438\u043b\u043e \u043a\u0430\u043a\u0432\u0435 \u043f\u0440\u0435\u0434\u043c\u0435\u0442\u0435 \u0438\u0437\u0433\u0443\u0431\u0459\u0435\u043d\u0435 \u0438\u043b\u0438 \u043e\u0448\u0442\u0435\u045b\u0435\u043d\u0435 \u0442\u043e\u043a\u043e\u043c \u043f\u0443\u0442\u043e\u0432\u0430\u045a\u0430. \u041c\u043e\u043b\u0438\u043c\u043e \u0432\u0430\u0441 \u0434\u0430 \u043f\u0440\u0435 \u0438 \u043f\u043e\u0441\u043b\u0435 \u043f\u0443\u0442\u043e\u0432\u0430\u045a\u0430 \u043f\u0440\u043e\u0432\u0435\u0440\u0438\u0442\u0435 \u0441\u0432\u043e\u0458\u0443 \u043f\u0440\u0442\u0459\u0430\u0433\u0443.<\/p><p><strong>\u041d\u0430\u0448 \u0446\u0438\u0459<\/strong><\/p><p>Minibus.al \u0458\u0435 \u043f\u043e\u0441\u0432\u0435\u045b\u0435\u043d \u043f\u0440\u0443\u0436\u0430\u045a\u0443 \u0431\u0435\u0437\u0431\u0435\u0434\u043d\u043e\u0433, \u0443\u0434\u043e\u0431\u043d\u043e\u0433 \u0438 \u043f\u043e\u0443\u0437\u0434\u0430\u043d\u043e\u0433 \u043f\u0440\u0435\u0432\u043e\u0437\u043d\u043e\u0433 \u0438\u0441\u043a\u0443\u0441\u0442\u0432\u0430. \u0420\u0435\u0437\u0435\u0440\u0432\u0438\u0441\u0430\u045a\u0435\u043c \u043a\u043e\u0434 \u043d\u0430\u0441 \u043f\u0440\u0438\u0445\u0432\u0430\u0442\u0430\u0442\u0435 \u043e\u0432\u0435 \u0443\u0441\u043b\u043e\u0432\u0435.<\/p><p>\u0410\u043a\u043e \u0438\u043c\u0430\u0442\u0435 \u0431\u0438\u043b\u043e \u043a\u0430\u043a\u0432\u0438\u0445 \u043f\u0438\u0442\u0430\u045a\u0430 \u0438\u043b\u0438 \u0432\u0430\u043c \u0458\u0435 \u043f\u043e\u0442\u0440\u0435\u0431\u043d\u043e \u043f\u043e\u0458\u0430\u0448\u045a\u0435\u045a\u0435, \u0443\u0432\u0435\u043a \u0441\u043c\u043e \u0441\u043f\u0440\u0435\u043c\u043d\u0438 \u0434\u0430 \u043f\u043e\u043c\u043e\u0433\u043d\u0435\u043c\u043e. \u041a\u043e\u043d\u0442\u0430\u043a\u0442\u0438\u0440\u0430\u0458\u0442\u0435 \u043d\u0430\u0441 \u043d\u0430 info@minibus.al.<\/p>\t\t\t\t\t\t\t\t<\/div>\n\t\t\t\t<\/div>\n\t\t<div class=\"elementor-element elementor-element-b5b8340 e-con-full e-flex e-con e-child\" data-id=\"b5b8340\" data-element_type=\"container\" data-e-type=\"container\">\n\t\t<div class=\"elementor-element elementor-element-bc2fa1b e-flex e-con-boxed e-con e-child\" data-id=\"bc2fa1b\" data-element_type=\"container\" data-e-type=\"container\" data-settings=\"{&quot;background_background&quot;:&quot;classic&quot;}\">\n\t\t\t\t\t<div class=\"e-con-inner\">\n\t\t\t\t<div class=\"elementor-element elementor-element-5123186 elementor-widget__width-auto elementor-widget elementor-widget-heading\" data-id=\"5123186\" data-element_type=\"widget\" data-e-type=\"widget\" data-widget_type=\"heading.default\">\n\t\t\t\t\t<h3 class=\"elementor-heading-title elementor-size-default\">10% \u043f\u043e\u043f\u0443\u0441\u0442\u0430<\/h3>\t\t\t\t<\/div>\n\t\t\t\t<div class=\"elementor-element elementor-element-87d0a21 elementor-widget__width-auto elementor-widget elementor-widget-heading\" data-id=\"87d0a21\" data-element_type=\"widget\" data-e-type=\"widget\" data-widget_type=\"heading.default\">\n\t\t\t\t\t<div class=\"elementor-heading-title elementor-size-default\">\u041f\u043e\u043f\u0443\u0441\u0442 \u0434\u043e 10% \u0437\u0430 \u0441\u0432\u0430\u043a\u0443 \u0440\u0435\u0437\u0435\u0440\u0432\u0430\u0446\u0438\u0458\u0443 \u0434\u043e 31. \u043c\u0430\u0458\u0430.<\/div>\t\t\t\t<\/div>\n\t\t\t\t\t<\/div>\n\t\t\t\t<\/div>\n\t\t<div class=\"elementor-element elementor-element-ccacd13 e-con-full e-flex e-con e-child\" data-id=\"ccacd13\" data-element_type=\"container\" data-e-type=\"container\">\n\t\t\t\t<div class=\"elementor-element elementor-element-9a3e5a9 elementor-widget__width-initial elementor-widget elementor-widget-image\" data-id=\"9a3e5a9\" data-element_type=\"widget\" data-e-type=\"widget\" data-widget_type=\"image.default\">\n\t\t\t\t\t\t\t\t\t\t\t\t\t\t\t\t<a href=\"#\">\n\t\t\t\t\t\t\t<img fetchpriority=\"high\" decoding=\"async\" width=\"630\" height=\"441\" src=\"https:\/\/minibus.al\/wp-content\/uploads\/2025\/10\/Transfer-416_2268_0182-landscape-630x441-1.jpg\" class=\"attachment-full size-full wp-image-988709\" alt=\"\" srcset=\"https:\/\/minibus.al\/wp-content\/uploads\/2025\/10\/Transfer-416_2268_0182-landscape-630x441-1.jpg 630w, https:\/\/minibus.al\/wp-content\/uploads\/2025\/10\/Transfer-416_2268_0182-landscape-630x441-1-600x420.jpg 600w, https:\/\/minibus.al\/wp-content\/uploads\/2025\/10\/Transfer-416_2268_0182-landscape-630x441-1-300x210.jpg 300w, https:\/\/minibus.al\/wp-content\/uploads\/2025\/10\/Transfer-416_2268_0182-landscape-630x441-1-420x294.jpg 420w, https:\/\/minibus.al\/wp-content\/uploads\/2025\/10\/Transfer-416_2268_0182-landscape-630x441-1-315x221.jpg 315w\" sizes=\"(max-width: 630px) 100vw, 630px\" title=\"\">\t\t\t\t\t\t\t\t<\/a>\n\t\t\t\t\t\t\t\t\t\t\t\t\t\t\t<\/div>\n\t\t\t\t<div class=\"elementor-element elementor-element-7103e44 elementor-widget__width-initial elementor-widget elementor-widget-heading\" data-id=\"7103e44\" data-element_type=\"widget\" data-e-type=\"widget\" data-widget_type=\"heading.default\">\n\t\t\t\t\t<h3 class=\"elementor-heading-title elementor-size-default\"><a href=\"#\">\u041f\u0440\u0438\u0432\u0430\u0442\u043d\u0438 \u0442\u0440\u0430\u043d\u0441\u0444\u0435\u0440\u0438 \u0441\u0430 \u0430\u0435\u0440\u043e\u0434\u0440\u043e\u043c\u0430<\/a><\/h3>\t\t\t\t<\/div>\n\t\t\t\t<\/div>\n\t\t<div class=\"elementor-element elementor-element-ee1ad98 e-con-full e-flex e-con e-child\" data-id=\"ee1ad98\" data-element_type=\"container\" data-e-type=\"container\">\n\t\t\t\t<div class=\"elementor-element elementor-element-5b8e7c3 elementor-widget__width-initial elementor-widget elementor-widget-image\" data-id=\"5b8e7c3\" data-element_type=\"widget\" data-e-type=\"widget\" data-widget_type=\"image.default\">\n\t\t\t\t\t\t\t\t\t\t\t\t\t\t\t\t<a href=\"#\">\n\t\t\t\t\t\t\t<img decoding=\"async\" width=\"800\" height=\"560\" src=\"https:\/\/minibus.al\/wp-content\/uploads\/2024\/01\/Crop800x600-landscape.jpeg\" class=\"attachment-full size-full wp-image-988653\" alt=\"\" srcset=\"https:\/\/minibus.al\/wp-content\/uploads\/2024\/01\/Crop800x600-landscape.jpeg 800w, https:\/\/minibus.al\/wp-content\/uploads\/2024\/01\/Crop800x600-landscape-600x420.jpeg 600w, https:\/\/minibus.al\/wp-content\/uploads\/2024\/01\/Crop800x600-landscape-300x210.jpeg 300w, https:\/\/minibus.al\/wp-content\/uploads\/2024\/01\/Crop800x600-landscape-768x538.jpeg 768w, https:\/\/minibus.al\/wp-content\/uploads\/2024\/01\/Crop800x600-landscape-630x441.jpeg 630w, https:\/\/minibus.al\/wp-content\/uploads\/2024\/01\/Crop800x600-landscape-420x294.jpeg 420w, https:\/\/minibus.al\/wp-content\/uploads\/2024\/01\/Crop800x600-landscape-315x221.jpeg 315w\" sizes=\"(max-width: 800px) 100vw, 800px\" title=\"\">\t\t\t\t\t\t\t\t<\/a>\n\t\t\t\t\t\t\t\t\t\t\t\t\t\t\t<\/div>\n\t\t\t\t<div class=\"elementor-element elementor-element-6a7fc3f elementor-widget__width-initial elementor-widget elementor-widget-heading\" data-id=\"6a7fc3f\" data-element_type=\"widget\" data-e-type=\"widget\" data-widget_type=\"heading.default\">\n\t\t\t\t\t<h3 class=\"elementor-heading-title elementor-size-default\"><a href=\"#\">\u0422\u0440\u0430\u043d\u0441\u0444\u0435\u0440 \u0441\u0430 \u043f\u0440\u0438\u0432\u0430\u0442\u043d\u0438\u043c \u0432\u043e\u0437\u0430\u0447\u0435\u043c<\/a><\/h3>\t\t\t\t<\/div>\n\t\t\t\t<\/div>\n\t\t\t\t<\/div>\n\t\t\t\t\t<\/div>\n\t\t\t\t<\/div>\n\t\t\t\t<\/div>","protected":false},"excerpt":{"rendered":"<p>Kushtet dhe rregullat e p\u00ebrdorimit Kushtet dhe rregullat e p\u00ebrdorimit \u2013 Lexoni termat q\u00eb p\u00ebrcaktojn\u00eb p\u00ebrdorimin e sh\u00ebrbimit ton\u00eb, t\u00eb drejtat dhe detyrimet e p\u00ebrdoruesve, si dhe politikat kryesore p\u00ebr nj\u00eb eksperienc\u00eb t\u00eb sigurt dhe transparente. T\u00eb gjitha rezervimet me Minibus.al i n\u00ebnshtrohen k\u00ebtyre Kushteve dhe Afateve. Nj\u00eb rezervim konsiderohet i konfirmuar dhe i vlefsh\u00ebm [&hellip;]<\/p>\n","protected":false},"author":1,"featured_media":0,"parent":0,"menu_order":0,"comment_status":"closed","ping_status":"closed","template":"","meta":{"footnotes":""},"class_list":["post-988417","page","type-page","status-publish","hentry"],"_links":{"self":[{"href":"https:\/\/minibus.al\/sr\/wp-json\/wp\/v2\/pages\/988417","targetHints":{"allow":["GET"]}}],"collection":[{"href":"https:\/\/minibus.al\/sr\/wp-json\/wp\/v2\/pages"}],"about":[{"href":"https:\/\/minibus.al\/sr\/wp-json\/wp\/v2\/types\/page"}],"author":[{"embeddable":true,"href":"https:\/\/minibus.al\/sr\/wp-json\/wp\/v2\/users\/1"}],"replies":[{"embeddable":true,"href":"https:\/\/minibus.al\/sr\/wp-json\/wp\/v2\/comments?post=988417"}],"version-history":[{"count":8,"href":"https:\/\/minibus.al\/sr\/wp-json\/wp\/v2\/pages\/988417\/revisions"}],"predecessor-version":[{"id":989484,"href":"https:\/\/minibus.al\/sr\/wp-json\/wp\/v2\/pages\/988417\/revisions\/989484"}],"wp:attachment":[{"href":"https:\/\/minibus.al\/sr\/wp-json\/wp\/v2\/media?parent=988417"}],"curies":[{"name":"wp","href":"https:\/\/api.w.org\/{rel}","templated":true}]}}