{"id":989011,"date":"2025-12-16T07:36:43","date_gmt":"2025-12-16T07:36:43","guid":{"rendered":"https:\/\/minibus.al\/?page_id=989011"},"modified":"2025-12-16T07:38:06","modified_gmt":"2025-12-16T07:38:06","slug":"az-18-cestujucich","status":"publish","type":"page","link":"https:\/\/minibus.al\/sk\/flota-jone\/deri-ne-18-pasagjere\/","title":{"rendered":"Pren\u00e1jom minibusu s vodi\u010dom v Alb\u00e1nsku \u2013 a\u017e pre 18 os\u00f4b"},"content":{"rendered":"<div data-elementor-type=\"wp-page\" data-elementor-id=\"989011\" class=\"elementor elementor-989011\">\n\t\t\t\t<div class=\"elementor-element elementor-element-2bde2da e-flex e-con-boxed e-con e-parent\" data-id=\"2bde2da\" data-element_type=\"container\" data-e-type=\"container\" data-settings=\"{&quot;background_background&quot;:&quot;classic&quot;}\">\n\t\t\t\t\t<div class=\"e-con-inner\">\n\t\t<div class=\"elementor-element elementor-element-ee41b66 e-con-full e-flex e-con e-child\" data-id=\"ee41b66\" data-element_type=\"container\" data-e-type=\"container\">\n\t\t\t\t<div class=\"elementor-element elementor-element-abd650d elementor-widget elementor-widget-heading\" data-id=\"abd650d\" data-element_type=\"widget\" data-e-type=\"widget\" data-widget_type=\"heading.default\">\n\t\t\t\t\t<h1 class=\"elementor-heading-title elementor-size-default\">Pren\u00e1jom minibusu s vodi\u010dom v Alb\u00e1nsku \u2013 a\u017e pre 18 os\u00f4b<\/h1>\t\t\t\t<\/div>\n\t\t\t\t<div class=\"elementor-element elementor-element-b53403e elementor-widget elementor-widget-text-editor\" data-id=\"b53403e\" data-element_type=\"widget\" data-e-type=\"widget\" data-widget_type=\"text-editor.default\">\n\t\t\t\t\t\t\t\t\t<p>Rezervujte si teraz minibus s vodi\u010dom v Alb\u00e1nsku pre skupiny do 18 os\u00f4b. Bezpe\u010dn\u00e1 a pohodln\u00e1 preprava v Tirane, Durese, Shkodri a \u010fal\u0161\u00edch destin\u00e1ci\u00e1ch pre turistiku, podujatia a slu\u017eobn\u00e9 cesty.<\/p>\t\t\t\t\t\t\t\t<\/div>\n\t\t\t\t<\/div>\n\t\t\t\t\t<\/div>\n\t\t\t\t<\/div>\n\t\t<div class=\"elementor-element elementor-element-e125e23 e-flex e-con-boxed e-con e-parent\" data-id=\"e125e23\" data-element_type=\"container\" data-e-type=\"container\" data-settings=\"{&quot;background_background&quot;:&quot;classic&quot;}\">\n\t\t\t\t\t<div class=\"e-con-inner\">\n\t\t<div class=\"elementor-element elementor-element-5a9d3ce e-con-full e-flex e-con e-child\" data-id=\"5a9d3ce\" data-element_type=\"container\" data-e-type=\"container\">\n\t\t\t\t<div class=\"elementor-element elementor-element-cf95fae elementor-widget elementor-widget-text-editor\" data-id=\"cf95fae\" data-element_type=\"widget\" data-e-type=\"widget\" data-widget_type=\"text-editor.default\">\n\t\t\t\t\t\t\t\t\t<p>Pon\u00fakame pren\u00e1jom minibusov s vodi\u010dom po celom Alb\u00e1nsku, ide\u00e1lny pre skupiny do 18 os\u00f4b. T\u00e1to slu\u017eba je navrhnut\u00e1 tak, aby v\u00e1m zaru\u010dila pohodln\u00e9, bezpe\u010dn\u00e9 a dobre zorganizovan\u00e9 cesty, \u010di u\u017e cestujete za oddychom, na podujatia alebo v r\u00e1mci pracovn\u00fdch povinnost\u00ed.<\/p>\t\t\t\t\t\t\t\t<\/div>\n\t\t\t\t<div class=\"elementor-element elementor-element-4f2db3b elementor-widget elementor-widget-heading\" data-id=\"4f2db3b\" data-element_type=\"widget\" data-e-type=\"widget\" data-widget_type=\"heading.default\">\n\t\t\t\t\t<h3 class=\"elementor-heading-title elementor-size-default\">Prisp\u00f4sobivos\u0165 pre r\u00f4zne skupiny<\/h3>\t\t\t\t<\/div>\n\t\t\t\t<div class=\"elementor-element elementor-element-30d43d6 elementor-widget elementor-widget-text-editor\" data-id=\"30d43d6\" data-element_type=\"widget\" data-e-type=\"widget\" data-widget_type=\"text-editor.default\">\n\t\t\t\t\t\t\t\t\tNa\u0161e minibusy s\u00fa ide\u00e1lnou vo\u013ebou pre cestovn\u00e9 kancel\u00e1rie, rodiny, skupiny priate\u013eov, firmy, organiz\u00e1torov podujat\u00ed a prev\u00e1dzkovate\u013eov, ktor\u00ed h\u013eadaj\u00fa pravideln\u00fa a profesion\u00e1lnu dopravu. V oblasti cestovn\u00e9ho ruchu pon\u00fakame flexibiln\u00e9 trasy, zast\u00e1vky na mieru a sk\u00fasen\u00fdch vodi\u010dov, ktor\u00ed poznaj\u00fa ka\u017ed\u00fd \u00fasek alb\u00e1nskych ciest. V oblasti organizovania podujat\u00ed zabezpe\u010dujeme bezprobl\u00e9mov\u00fa skupinov\u00fa dopravu \u2013 od svadieb a firemn\u00fdch podujat\u00ed a\u017e po koncerty, konferencie, rodinn\u00e9 oslavy a \u0161portov\u00e9 aktivity.\t\t\t\t\t\t\t\t<\/div>\n\t\t\t\t<div class=\"elementor-element elementor-element-094774e elementor-widget elementor-widget-heading\" data-id=\"094774e\" data-element_type=\"widget\" data-e-type=\"widget\" data-widget_type=\"heading.default\">\n\t\t\t\t\t<h3 class=\"elementor-heading-title elementor-size-default\">Pren\u00e1jom minibusov v Tirane a okol\u00ed.<br><\/h3>\t\t\t\t<\/div>\n\t\t\t\t<div class=\"elementor-element elementor-element-c2badbf elementor-widget elementor-widget-text-editor\" data-id=\"c2badbf\" data-element_type=\"widget\" data-e-type=\"widget\" data-widget_type=\"text-editor.default\">\n\t\t\t\t\t\t\t\t\tNa\u0161e slu\u017eby pren\u00e1jmu minibusov pokr\u00fdvaj\u00fa hlavn\u00e9 mest\u00e1 Alb\u00e1nska, vr\u00e1tane Tirany, Durresu, Shkod\u00ebru, Vlor\u00eb, Sarandy, Beratu, Gjirokastry, Kor\u00e7\u00eb, Elbasanu a Lezh\u00eb. Od letiska v Tirane po ju\u017en\u00e9 pobre\u017eie alebo mest\u00e1 s m\u00fazeami pon\u00fakame bezpe\u010dn\u00e9 transfery prisp\u00f4soben\u00e9 va\u0161im harmonogramom a potreb\u00e1m.\t\t\t\t\t\t\t\t<\/div>\n\t\t\t\t<div class=\"elementor-element elementor-element-0e04ef8 elementor-widget elementor-widget-heading\" data-id=\"0e04ef8\" data-element_type=\"widget\" data-e-type=\"widget\" data-widget_type=\"heading.default\">\n\t\t\t\t\t<h3 class=\"elementor-heading-title elementor-size-default\">Profesion\u00e1lni vodi\u010di a bezpe\u010dn\u00e1 jazda<\/h3>\t\t\t\t<\/div>\n\t\t\t\t<div class=\"elementor-element elementor-element-f2e72c7 elementor-widget elementor-widget-text-editor\" data-id=\"f2e72c7\" data-element_type=\"widget\" data-e-type=\"widget\" data-widget_type=\"text-editor.default\">\n\t\t\t\t\t\t\t\t\tKa\u017ed\u00fa jazdu zabezpe\u010duj\u00fa profesion\u00e1lni, vy\u0161kolen\u00ed vodi\u010di, ktor\u00ed disponuj\u00fa v\u0161etk\u00fdmi potrebn\u00fdmi opr\u00e1vneniami. Na\u0161e minibusy zaru\u010duj\u00fa komfort, klimatiz\u00e1ciu, priestor na bato\u017einu a komplexn\u00fd cestovn\u00fd z\u00e1\u017eitok, v\u010faka \u010domu je ka\u017ed\u00e1 cesta plynul\u00e1 a pr\u00edjemn\u00e1.\t\t\t\t\t\t\t\t<\/div>\n\t\t\t\t<div class=\"elementor-element elementor-element-23592db elementor-widget elementor-widget-heading\" data-id=\"23592db\" data-element_type=\"widget\" data-e-type=\"widget\" data-widget_type=\"heading.default\">\n\t\t\t\t\t<h3 class=\"elementor-heading-title elementor-size-default\">Pre\u010do minibus.al?<\/h3>\t\t\t\t<\/div>\n\t\t\t\t<div class=\"elementor-element elementor-element-288ca7f elementor-widget elementor-widget-text-editor\" data-id=\"288ca7f\" data-element_type=\"widget\" data-e-type=\"widget\" data-widget_type=\"text-editor.default\">\n\t\t\t\t\t\t\t\t\tUvedomujeme si, \u017ee ka\u017ed\u00e1 cesta m\u00e1 svoje \u0161pecifick\u00e9 po\u017eiadavky. Preto pon\u00fakame \u0161irok\u00fa \u0161k\u00e1lu minibusov pre mal\u00e9 aj ve\u013ek\u00e9 skupiny, individu\u00e1lne napl\u00e1novan\u00e9 trasy a profesion\u00e1lne vy\u0161kolen\u00fdch vodi\u010dov. Bezpe\u010dnos\u0165, komfort a profesionalita s\u00fa na\u0161imi z\u00e1kladn\u00fdmi princ\u00edpmi, ktor\u00e9 zaru\u010duj\u00fa pr\u00edjemn\u00fd a pohodov\u00fd z\u00e1\u017eitok pre ka\u017ed\u00e9ho cestuj\u00faceho.\t\t\t\t\t\t\t\t<\/div>\n\t\t\t\t<div class=\"elementor-element elementor-element-6d08aec elementor-widget elementor-widget-image\" data-id=\"6d08aec\" data-element_type=\"widget\" data-e-type=\"widget\" data-widget_type=\"image.default\">\n\t\t\t\t\t\t\t\t\t\t\t\t\t\t\t<img fetchpriority=\"high\" decoding=\"async\" width=\"800\" height=\"560\" src=\"https:\/\/minibus.al\/wp-content\/uploads\/2024\/01\/01-landscape.jpg\" class=\"attachment-large size-large wp-image-988652\" alt=\"\" srcset=\"https:\/\/minibus.al\/wp-content\/uploads\/2024\/01\/01-landscape.jpg 893w, https:\/\/minibus.al\/wp-content\/uploads\/2024\/01\/01-landscape-600x420.jpg 600w, https:\/\/minibus.al\/wp-content\/uploads\/2024\/01\/01-landscape-300x210.jpg 300w, https:\/\/minibus.al\/wp-content\/uploads\/2024\/01\/01-landscape-768x538.jpg 768w, https:\/\/minibus.al\/wp-content\/uploads\/2024\/01\/01-landscape-630x441.jpg 630w, https:\/\/minibus.al\/wp-content\/uploads\/2024\/01\/01-landscape-420x294.jpg 420w, https:\/\/minibus.al\/wp-content\/uploads\/2024\/01\/01-landscape-840x588.jpg 840w, https:\/\/minibus.al\/wp-content\/uploads\/2024\/01\/01-landscape-315x220.jpg 315w\" sizes=\"(max-width: 800px) 100vw, 800px\" title=\"\">\t\t\t\t\t\t\t\t\t\t\t\t\t\t\t<\/div>\n\t\t\t\t<div class=\"elementor-element elementor-element-1e7cd0e elementor-widget elementor-widget-heading\" data-id=\"1e7cd0e\" data-element_type=\"widget\" data-e-type=\"widget\" data-widget_type=\"heading.default\">\n\t\t\t\t\t<h3 class=\"elementor-heading-title elementor-size-default\">Relax a maxim\u00e1lny komfort<\/h3>\t\t\t\t<\/div>\n\t\t\t\t<div class=\"elementor-element elementor-element-61ae5bf elementor-widget elementor-widget-text-editor\" data-id=\"61ae5bf\" data-element_type=\"widget\" data-e-type=\"widget\" data-widget_type=\"text-editor.default\">\n\t\t\t\t\t\t\t\t\t<p>Ak h\u013ead\u00e1te spo\u013eahliv\u00fa dopravu od dver\u00ed k dver\u00e1m pre men\u0161ie skupiny, na\u0161e minibusy so \u0161of\u00e9rom s\u00fa tou spr\u00e1vnou vo\u013ebou. Postar\u00e1me sa o v\u0161etko \u2013 trasu, \u010dasov\u00fd harmonogram, zast\u00e1vky aj pohodlie \u2013, aby ste sa mohli s\u00fastredi\u0165 v\u00fdlu\u010dne na cestu a z\u00e1\u017eitok.<\/p>\t\t\t\t\t\t\t\t<\/div>\n\t\t\t\t<\/div>\n\t\t<div class=\"elementor-element elementor-element-21695eb e-con-full e-flex e-con e-child\" data-id=\"21695eb\" data-element_type=\"container\" data-e-type=\"container\">\n\t\t<div class=\"elementor-element elementor-element-9e6287b e-flex e-con-boxed e-con e-child\" data-id=\"9e6287b\" data-element_type=\"container\" data-e-type=\"container\" data-settings=\"{&quot;background_background&quot;:&quot;classic&quot;}\">\n\t\t\t\t\t<div class=\"e-con-inner\">\n\t\t\t\t<div class=\"elementor-element elementor-element-be48760 elementor-widget__width-auto elementor-widget elementor-widget-heading\" data-id=\"be48760\" data-element_type=\"widget\" data-e-type=\"widget\" data-widget_type=\"heading.default\">\n\t\t\t\t\t<h3 class=\"elementor-heading-title elementor-size-default\">Z\u013eava na model 10%<\/h3>\t\t\t\t<\/div>\n\t\t\t\t<div class=\"elementor-element elementor-element-3de29c3 elementor-widget__width-auto elementor-widget elementor-widget-heading\" data-id=\"3de29c3\" data-element_type=\"widget\" data-e-type=\"widget\" data-widget_type=\"heading.default\">\n\t\t\t\t\t<div class=\"elementor-heading-title elementor-size-default\">Z\u013eava a\u017e 10 % na ka\u017ed\u00fa rezerv\u00e1ciu do 31. m\u00e1ja 2026!<\/div>\t\t\t\t<\/div>\n\t\t\t\t\t<\/div>\n\t\t\t\t<\/div>\n\t\t<div class=\"elementor-element elementor-element-59e80db e-con-full e-flex e-con e-child\" data-id=\"59e80db\" data-element_type=\"container\" data-e-type=\"container\">\n\t\t\t\t<div class=\"elementor-element elementor-element-02125ec elementor-widget__width-initial elementor-widget elementor-widget-heading\" data-id=\"02125ec\" data-element_type=\"widget\" data-e-type=\"widget\" data-widget_type=\"heading.default\">\n\t\t\t\t\t<h3 class=\"elementor-heading-title elementor-size-default\"><a href=\"https:\/\/minibus.al\/sk\/prenajom-minibusu-s-vodicom-na-vylety\/\">Pren\u00e1jom minibusov pre cestovn\u00fd ruch<\/a><\/h3>\t\t\t\t<\/div>\n\t\t\t\t<\/div>\n\t\t<div class=\"elementor-element elementor-element-d78acf1 e-con-full e-flex e-con e-child\" data-id=\"d78acf1\" data-element_type=\"container\" data-e-type=\"container\">\n\t\t\t\t<div class=\"elementor-element elementor-element-7db6655 elementor-widget__width-initial elementor-widget elementor-widget-heading\" data-id=\"7db6655\" data-element_type=\"widget\" data-e-type=\"widget\" data-widget_type=\"heading.default\">\n\t\t\t\t\t<h3 class=\"elementor-heading-title elementor-size-default\"><a href=\"https:\/\/minibus.al\/sk\/prenajom-minibusu-s-vodicom-na-podujatia\/\">Pren\u00e1jom minibusov na podujatia<\/a><\/h3>\t\t\t\t<\/div>\n\t\t\t\t<\/div>\n\t\t<div class=\"elementor-element elementor-element-9e5c0e6 e-con-full e-flex e-con e-child\" data-id=\"9e5c0e6\" data-element_type=\"container\" data-e-type=\"container\">\n\t\t\t\t<div class=\"elementor-element elementor-element-9e8ecef elementor-widget__width-initial elementor-widget elementor-widget-heading\" data-id=\"9e8ecef\" data-element_type=\"widget\" data-e-type=\"widget\" data-widget_type=\"heading.default\">\n\t\t\t\t\t<h3 class=\"elementor-heading-title elementor-size-default\"><a href=\"https:\/\/minibus.al\/sk\/prenajom-minibusov-na-letisku-v-tirane\/\">S\u00fakromn\u00fd transfer z letiska<\/a><\/h3>\t\t\t\t<\/div>\n\t\t\t\t<\/div>\n\t\t\t\t<\/div>\n\t\t\t\t\t<\/div>\n\t\t\t\t<\/div>\n\t\t\t\t<\/div>","protected":false},"excerpt":{"rendered":"<p>Minibus me qira me shofer n\u00eb Shqip\u00ebri \u2013 deri n\u00eb 18 pasagjer\u00eb Rezervo tani minibus me shofer n\u00eb Shqip\u00ebri p\u00ebr grupe deri n\u00eb 18 persona. Transport i sigurt dhe i komod n\u00eb Tiran\u00eb, Durr\u00ebs, Shkod\u00ebr dhe destinacione t\u00eb tjera p\u00ebr turiz\u00ebm, evente dhe udh\u00ebtime biznesi. Ne ofrojm\u00eb sh\u00ebrbimin e minibuseve me qira me shofer n\u00eb [&hellip;]<\/p>\n","protected":false},"author":1,"featured_media":988652,"parent":988966,"menu_order":0,"comment_status":"closed","ping_status":"closed","template":"","meta":{"footnotes":""},"class_list":["post-989011","page","type-page","status-publish","has-post-thumbnail","hentry"],"_links":{"self":[{"href":"https:\/\/minibus.al\/sk\/wp-json\/wp\/v2\/pages\/989011","targetHints":{"allow":["GET"]}}],"collection":[{"href":"https:\/\/minibus.al\/sk\/wp-json\/wp\/v2\/pages"}],"about":[{"href":"https:\/\/minibus.al\/sk\/wp-json\/wp\/v2\/types\/page"}],"author":[{"embeddable":true,"href":"https:\/\/minibus.al\/sk\/wp-json\/wp\/v2\/users\/1"}],"replies":[{"embeddable":true,"href":"https:\/\/minibus.al\/sk\/wp-json\/wp\/v2\/comments?post=989011"}],"version-history":[{"count":8,"href":"https:\/\/minibus.al\/sk\/wp-json\/wp\/v2\/pages\/989011\/revisions"}],"predecessor-version":[{"id":989019,"href":"https:\/\/minibus.al\/sk\/wp-json\/wp\/v2\/pages\/989011\/revisions\/989019"}],"up":[{"embeddable":true,"href":"https:\/\/minibus.al\/sk\/wp-json\/wp\/v2\/pages\/988966"}],"wp:featuredmedia":[{"embeddable":true,"href":"https:\/\/minibus.al\/sk\/wp-json\/wp\/v2\/media\/988652"}],"wp:attachment":[{"href":"https:\/\/minibus.al\/sk\/wp-json\/wp\/v2\/media?parent=989011"}],"curies":[{"name":"wp","href":"https:\/\/api.w.org\/{rel}","templated":true}]}}