{"id":988961,"date":"2025-12-12T07:38:26","date_gmt":"2025-12-12T07:38:26","guid":{"rendered":"https:\/\/minibus.al\/?page_id=988961"},"modified":"2025-12-12T08:13:29","modified_gmt":"2025-12-12T08:13:29","slug":"az-8-osob","status":"publish","type":"page","link":"https:\/\/minibus.al\/sk\/flota-jone\/deri-ne-8-pasagjer\/","title":{"rendered":"Minibus 8+1 me qira me shofer n\u00eb Shqip\u00ebri"},"content":{"rendered":"<div data-elementor-type=\"wp-page\" data-elementor-id=\"988961\" class=\"elementor elementor-988961\">\n\t\t\t\t<div class=\"elementor-element elementor-element-9157af8 e-flex e-con-boxed e-con e-parent\" data-id=\"9157af8\" data-element_type=\"container\" data-e-type=\"container\" data-settings=\"{&quot;background_background&quot;:&quot;classic&quot;}\">\n\t\t\t\t\t<div class=\"e-con-inner\">\n\t\t<div class=\"elementor-element elementor-element-2404e81 e-con-full e-flex e-con e-child\" data-id=\"2404e81\" data-element_type=\"container\" data-e-type=\"container\">\n\t\t\t\t<div class=\"elementor-element elementor-element-543e65c elementor-widget elementor-widget-heading\" data-id=\"543e65c\" data-element_type=\"widget\" data-e-type=\"widget\" data-widget_type=\"heading.default\">\n\t\t\t\t\t<h1 class=\"elementor-heading-title elementor-size-default\">Pren\u00e1jom minibusu s vodi\u010dom v Alb\u00e1nsku \u2013 a\u017e pre 8 os\u00f4b<\/h1>\t\t\t\t<\/div>\n\t\t\t\t<div class=\"elementor-element elementor-element-c4c7f96 elementor-widget elementor-widget-text-editor\" data-id=\"c4c7f96\" data-element_type=\"widget\" data-e-type=\"widget\" data-widget_type=\"text-editor.default\">\n\t\t\t\t\t\t\t\t\tRezervujte si teraz minibus s vodi\u010dom v Alb\u00e1nsku pre skupiny do 8 os\u00f4b. Bezpe\u010dn\u00e1 a pohodln\u00e1 preprava v Tirane, Durese, Shkodri a \u010fal\u0161\u00edch destin\u00e1ci\u00e1ch pre turistiku, podujatia a slu\u017eobn\u00e9 cesty.\t\t\t\t\t\t\t\t<\/div>\n\t\t\t\t<\/div>\n\t\t\t\t\t<\/div>\n\t\t\t\t<\/div>\n\t\t<div class=\"elementor-element elementor-element-d7bac3e e-flex e-con-boxed e-con e-parent\" data-id=\"d7bac3e\" data-element_type=\"container\" data-e-type=\"container\" data-settings=\"{&quot;background_background&quot;:&quot;classic&quot;}\">\n\t\t\t\t\t<div class=\"e-con-inner\">\n\t\t<div class=\"elementor-element elementor-element-50917bb e-con-full e-flex e-con e-child\" data-id=\"50917bb\" data-element_type=\"container\" data-e-type=\"container\">\n\t\t\t\t<div class=\"elementor-element elementor-element-df454eb elementor-widget elementor-widget-text-editor\" data-id=\"df454eb\" data-element_type=\"widget\" data-e-type=\"widget\" data-widget_type=\"text-editor.default\">\n\t\t\t\t\t\t\t\t\tPon\u00fakame pren\u00e1jom minibusov s vodi\u010dom po celom Alb\u00e1nsku, ide\u00e1lny pre skupiny do \u00f4smich os\u00f4b. T\u00e1to slu\u017eba je navrhnut\u00e1 tak, aby v\u00e1m zaru\u010dila pohodln\u00e9, bezpe\u010dn\u00e9 a dobre zorganizovan\u00e9 cesty, \u010di u\u017e cestujete za oddychom, na podujatia alebo v r\u00e1mci pracovn\u00fdch povinnost\u00ed.\t\t\t\t\t\t\t\t<\/div>\n\t\t\t\t<div class=\"elementor-element elementor-element-f998bee elementor-widget elementor-widget-heading\" data-id=\"f998bee\" data-element_type=\"widget\" data-e-type=\"widget\" data-widget_type=\"heading.default\">\n\t\t\t\t\t<h3 class=\"elementor-heading-title elementor-size-default\">Prisp\u00f4sobivos\u0165 pre r\u00f4zne skupiny<\/h3>\t\t\t\t<\/div>\n\t\t\t\t<div class=\"elementor-element elementor-element-7f980eb elementor-widget elementor-widget-text-editor\" data-id=\"7f980eb\" data-element_type=\"widget\" data-e-type=\"widget\" data-widget_type=\"text-editor.default\">\n\t\t\t\t\t\t\t\t\tNa\u0161e minibusy s\u00fa ide\u00e1lnou vo\u013ebou pre cestovn\u00e9 kancel\u00e1rie, rodiny, skupiny priate\u013eov, firmy, organiz\u00e1torov podujat\u00ed a prev\u00e1dzkovate\u013eov, ktor\u00ed h\u013eadaj\u00fa pravideln\u00fa a profesion\u00e1lnu dopravu. V oblasti cestovn\u00e9ho ruchu pon\u00fakame flexibiln\u00e9 trasy, zast\u00e1vky na mieru a sk\u00fasen\u00fdch vodi\u010dov, ktor\u00ed poznaj\u00fa ka\u017ed\u00fd \u00fasek alb\u00e1nskych ciest. V oblasti organizovania podujat\u00ed zabezpe\u010dujeme bezprobl\u00e9mov\u00fa skupinov\u00fa dopravu \u2013 od svadieb a firemn\u00fdch podujat\u00ed a\u017e po koncerty, konferencie, rodinn\u00e9 oslavy a \u0161portov\u00e9 aktivity.\t\t\t\t\t\t\t\t<\/div>\n\t\t\t\t<div class=\"elementor-element elementor-element-3f29037 elementor-widget elementor-widget-heading\" data-id=\"3f29037\" data-element_type=\"widget\" data-e-type=\"widget\" data-widget_type=\"heading.default\">\n\t\t\t\t\t<h3 class=\"elementor-heading-title elementor-size-default\">Pren\u00e1jom minibusov v Tirane a okol\u00ed.<br><\/h3>\t\t\t\t<\/div>\n\t\t\t\t<div class=\"elementor-element elementor-element-8a03359 elementor-widget elementor-widget-text-editor\" data-id=\"8a03359\" data-element_type=\"widget\" data-e-type=\"widget\" data-widget_type=\"text-editor.default\">\n\t\t\t\t\t\t\t\t\tNa\u0161e slu\u017eby pren\u00e1jmu minibusov pokr\u00fdvaj\u00fa hlavn\u00e9 mest\u00e1 Alb\u00e1nska, vr\u00e1tane Tirany, Durresu, Shkod\u00ebru, Vlor\u00eb, Sarandy, Beratu, Gjirokastry, Kor\u00e7\u00eb, Elbasanu a Lezh\u00eb. Od letiska v Tirane po ju\u017en\u00e9 pobre\u017eie alebo mest\u00e1 s m\u00fazeami pon\u00fakame bezpe\u010dn\u00e9 transfery prisp\u00f4soben\u00e9 va\u0161im harmonogramom a potreb\u00e1m.\t\t\t\t\t\t\t\t<\/div>\n\t\t\t\t<div class=\"elementor-element elementor-element-cc8576f elementor-widget elementor-widget-heading\" data-id=\"cc8576f\" data-element_type=\"widget\" data-e-type=\"widget\" data-widget_type=\"heading.default\">\n\t\t\t\t\t<h3 class=\"elementor-heading-title elementor-size-default\">Profesion\u00e1lni vodi\u010di a bezpe\u010dn\u00e1 jazda<\/h3>\t\t\t\t<\/div>\n\t\t\t\t<div class=\"elementor-element elementor-element-b75389e elementor-widget elementor-widget-text-editor\" data-id=\"b75389e\" data-element_type=\"widget\" data-e-type=\"widget\" data-widget_type=\"text-editor.default\">\n\t\t\t\t\t\t\t\t\tKa\u017ed\u00fa jazdu zabezpe\u010duj\u00fa profesion\u00e1lni, vy\u0161kolen\u00ed vodi\u010di, ktor\u00ed disponuj\u00fa v\u0161etk\u00fdmi potrebn\u00fdmi opr\u00e1vneniami. Na\u0161e minibusy zaru\u010duj\u00fa komfort, klimatiz\u00e1ciu, priestor na bato\u017einu a komplexn\u00fd cestovn\u00fd z\u00e1\u017eitok, v\u010faka \u010domu je ka\u017ed\u00e1 cesta plynul\u00e1 a pr\u00edjemn\u00e1.\t\t\t\t\t\t\t\t<\/div>\n\t\t\t\t<div class=\"elementor-element elementor-element-636ac8c elementor-widget elementor-widget-heading\" data-id=\"636ac8c\" data-element_type=\"widget\" data-e-type=\"widget\" data-widget_type=\"heading.default\">\n\t\t\t\t\t<h3 class=\"elementor-heading-title elementor-size-default\">Pre\u010do minibus.al?<\/h3>\t\t\t\t<\/div>\n\t\t\t\t<div class=\"elementor-element elementor-element-07ca6b1 elementor-widget elementor-widget-text-editor\" data-id=\"07ca6b1\" data-element_type=\"widget\" data-e-type=\"widget\" data-widget_type=\"text-editor.default\">\n\t\t\t\t\t\t\t\t\tUvedomujeme si, \u017ee ka\u017ed\u00e1 cesta m\u00e1 svoje \u0161pecifick\u00e9 po\u017eiadavky. Preto pon\u00fakame \u0161irok\u00fa \u0161k\u00e1lu minibusov pre mal\u00e9 aj ve\u013ek\u00e9 skupiny, individu\u00e1lne napl\u00e1novan\u00e9 trasy a profesion\u00e1lne vy\u0161kolen\u00fdch vodi\u010dov. Bezpe\u010dnos\u0165, komfort a profesionalita s\u00fa na\u0161imi z\u00e1kladn\u00fdmi princ\u00edpmi, ktor\u00e9 zaru\u010duj\u00fa pr\u00edjemn\u00fd a pohodov\u00fd z\u00e1\u017eitok pre ka\u017ed\u00e9ho cestuj\u00faceho.\t\t\t\t\t\t\t\t<\/div>\n\t\t\t\t<div class=\"elementor-element elementor-element-911e7de elementor-widget elementor-widget-image\" data-id=\"911e7de\" data-element_type=\"widget\" data-e-type=\"widget\" data-widget_type=\"image.default\">\n\t\t\t\t\t\t\t\t\t\t\t\t\t\t\t<img fetchpriority=\"high\" decoding=\"async\" width=\"800\" height=\"560\" src=\"https:\/\/minibus.al\/wp-content\/uploads\/2024\/01\/Crop800x600-landscape.jpeg\" class=\"attachment-large size-large wp-image-988653\" alt=\"\" srcset=\"https:\/\/minibus.al\/wp-content\/uploads\/2024\/01\/Crop800x600-landscape.jpeg 800w, https:\/\/minibus.al\/wp-content\/uploads\/2024\/01\/Crop800x600-landscape-600x420.jpeg 600w, https:\/\/minibus.al\/wp-content\/uploads\/2024\/01\/Crop800x600-landscape-300x210.jpeg 300w, https:\/\/minibus.al\/wp-content\/uploads\/2024\/01\/Crop800x600-landscape-768x538.jpeg 768w, https:\/\/minibus.al\/wp-content\/uploads\/2024\/01\/Crop800x600-landscape-630x441.jpeg 630w, https:\/\/minibus.al\/wp-content\/uploads\/2024\/01\/Crop800x600-landscape-420x294.jpeg 420w, https:\/\/minibus.al\/wp-content\/uploads\/2024\/01\/Crop800x600-landscape-315x221.jpeg 315w\" sizes=\"(max-width: 800px) 100vw, 800px\" title=\"\">\t\t\t\t\t\t\t\t\t\t\t\t\t\t\t<\/div>\n\t\t\t\t<div class=\"elementor-element elementor-element-89ea343 elementor-widget elementor-widget-heading\" data-id=\"89ea343\" data-element_type=\"widget\" data-e-type=\"widget\" data-widget_type=\"heading.default\">\n\t\t\t\t\t<h3 class=\"elementor-heading-title elementor-size-default\">Relax a maxim\u00e1lny komfort<\/h3>\t\t\t\t<\/div>\n\t\t\t\t<div class=\"elementor-element elementor-element-c34765b elementor-widget elementor-widget-text-editor\" data-id=\"c34765b\" data-element_type=\"widget\" data-e-type=\"widget\" data-widget_type=\"text-editor.default\">\n\t\t\t\t\t\t\t\t\t<p>Ak h\u013ead\u00e1te spo\u013eahliv\u00fa dopravu od dver\u00ed k dver\u00e1m pre men\u0161ie skupiny, na\u0161e minibusy so \u0161of\u00e9rom s\u00fa tou spr\u00e1vnou vo\u013ebou. Postar\u00e1me sa o v\u0161etko \u2013 trasu, \u010dasov\u00fd harmonogram, zast\u00e1vky aj pohodlie \u2013, aby ste sa mohli s\u00fastredi\u0165 v\u00fdlu\u010dne na cestu a z\u00e1\u017eitok.<\/p>\t\t\t\t\t\t\t\t<\/div>\n\t\t\t\t<\/div>\n\t\t<div class=\"elementor-element elementor-element-5053aa3 e-con-full e-flex e-con e-child\" data-id=\"5053aa3\" data-element_type=\"container\" data-e-type=\"container\">\n\t\t<div class=\"elementor-element elementor-element-d7f78a8 e-flex e-con-boxed e-con e-child\" data-id=\"d7f78a8\" data-element_type=\"container\" data-e-type=\"container\" data-settings=\"{&quot;background_background&quot;:&quot;classic&quot;}\">\n\t\t\t\t\t<div class=\"e-con-inner\">\n\t\t\t\t<div class=\"elementor-element elementor-element-dbfdd6b elementor-widget__width-auto elementor-widget elementor-widget-heading\" data-id=\"dbfdd6b\" data-element_type=\"widget\" data-e-type=\"widget\" data-widget_type=\"heading.default\">\n\t\t\t\t\t<h3 class=\"elementor-heading-title elementor-size-default\">Z\u013eava na model 10%<\/h3>\t\t\t\t<\/div>\n\t\t\t\t<div class=\"elementor-element elementor-element-8915590 elementor-widget__width-auto elementor-widget elementor-widget-heading\" data-id=\"8915590\" data-element_type=\"widget\" data-e-type=\"widget\" data-widget_type=\"heading.default\">\n\t\t\t\t\t<div class=\"elementor-heading-title elementor-size-default\">Z\u013eava a\u017e 10 % na ka\u017ed\u00fa rezerv\u00e1ciu do 31. m\u00e1ja 2026!<\/div>\t\t\t\t<\/div>\n\t\t\t\t\t<\/div>\n\t\t\t\t<\/div>\n\t\t<div class=\"elementor-element elementor-element-5681020 e-con-full e-flex e-con e-child\" data-id=\"5681020\" data-element_type=\"container\" data-e-type=\"container\">\n\t\t\t\t<div class=\"elementor-element elementor-element-bab86e4 elementor-widget__width-initial elementor-widget elementor-widget-heading\" data-id=\"bab86e4\" data-element_type=\"widget\" data-e-type=\"widget\" data-widget_type=\"heading.default\">\n\t\t\t\t\t<h3 class=\"elementor-heading-title elementor-size-default\"><a href=\"https:\/\/minibus.al\/sk\/prenajom-minibusu-s-vodicom-na-vylety\/\">Pren\u00e1jom minibusov pre cestovn\u00fd ruch<\/a><\/h3>\t\t\t\t<\/div>\n\t\t\t\t<\/div>\n\t\t<div class=\"elementor-element elementor-element-aa61225 e-con-full e-flex e-con e-child\" data-id=\"aa61225\" data-element_type=\"container\" data-e-type=\"container\">\n\t\t\t\t<div class=\"elementor-element elementor-element-f9f6754 elementor-widget__width-initial elementor-widget elementor-widget-heading\" data-id=\"f9f6754\" data-element_type=\"widget\" data-e-type=\"widget\" data-widget_type=\"heading.default\">\n\t\t\t\t\t<h3 class=\"elementor-heading-title elementor-size-default\"><a href=\"https:\/\/minibus.al\/sk\/prenajom-minibusu-s-vodicom-na-podujatia\/\">Pren\u00e1jom minibusov na podujatia<\/a><\/h3>\t\t\t\t<\/div>\n\t\t\t\t<\/div>\n\t\t<div class=\"elementor-element elementor-element-36b1fbe e-con-full e-flex e-con e-child\" data-id=\"36b1fbe\" data-element_type=\"container\" data-e-type=\"container\">\n\t\t\t\t<div class=\"elementor-element elementor-element-8ec7acc elementor-widget__width-initial elementor-widget elementor-widget-heading\" data-id=\"8ec7acc\" data-element_type=\"widget\" data-e-type=\"widget\" data-widget_type=\"heading.default\">\n\t\t\t\t\t<h3 class=\"elementor-heading-title elementor-size-default\"><a href=\"https:\/\/minibus.al\/sk\/prenajom-minibusov-na-letisku-v-tirane\/\">S\u00fakromn\u00fd transfer z letiska<\/a><\/h3>\t\t\t\t<\/div>\n\t\t\t\t<\/div>\n\t\t\t\t<\/div>\n\t\t\t\t\t<\/div>\n\t\t\t\t<\/div>\n\t\t\t\t<\/div>","protected":false},"excerpt":{"rendered":"<p>Minibus me qira me shofer n\u00eb Shqip\u00ebri \u2013 deri n\u00eb 8 pasagjer\u00eb Rezervo tani minibus me shofer n\u00eb Shqip\u00ebri p\u00ebr grupe deri n\u00eb 8 persona. Transport i sigurt dhe i komod n\u00eb Tiran\u00eb, Durr\u00ebs, Shkod\u00ebr dhe destinacione t\u00eb tjera p\u00ebr turiz\u00ebm, evente dhe udh\u00ebtime biznesi.Ne ofrojm\u00eb sh\u00ebrbimin e minibuseve me qira me shofer n\u00eb t\u00eb [&hellip;]<\/p>\n","protected":false},"author":1,"featured_media":988710,"parent":988966,"menu_order":0,"comment_status":"closed","ping_status":"closed","template":"","meta":{"footnotes":""},"class_list":["post-988961","page","type-page","status-publish","has-post-thumbnail","hentry"],"_links":{"self":[{"href":"https:\/\/minibus.al\/sk\/wp-json\/wp\/v2\/pages\/988961","targetHints":{"allow":["GET"]}}],"collection":[{"href":"https:\/\/minibus.al\/sk\/wp-json\/wp\/v2\/pages"}],"about":[{"href":"https:\/\/minibus.al\/sk\/wp-json\/wp\/v2\/types\/page"}],"author":[{"embeddable":true,"href":"https:\/\/minibus.al\/sk\/wp-json\/wp\/v2\/users\/1"}],"replies":[{"embeddable":true,"href":"https:\/\/minibus.al\/sk\/wp-json\/wp\/v2\/comments?post=988961"}],"version-history":[{"count":14,"href":"https:\/\/minibus.al\/sk\/wp-json\/wp\/v2\/pages\/988961\/revisions"}],"predecessor-version":[{"id":989006,"href":"https:\/\/minibus.al\/sk\/wp-json\/wp\/v2\/pages\/988961\/revisions\/989006"}],"up":[{"embeddable":true,"href":"https:\/\/minibus.al\/sk\/wp-json\/wp\/v2\/pages\/988966"}],"wp:featuredmedia":[{"embeddable":true,"href":"https:\/\/minibus.al\/sk\/wp-json\/wp\/v2\/media\/988710"}],"wp:attachment":[{"href":"https:\/\/minibus.al\/sk\/wp-json\/wp\/v2\/media?parent=988961"}],"curies":[{"name":"wp","href":"https:\/\/api.w.org\/{rel}","templated":true}]}}