{"id":988853,"date":"2025-10-15T15:41:19","date_gmt":"2025-10-15T15:41:19","guid":{"rendered":"https:\/\/minibus.al\/?page_id=988853"},"modified":"2025-10-15T15:45:19","modified_gmt":"2025-10-15T15:45:19","slug":"prenajom-minibusov-na-letisku-v-tirane","status":"publish","type":"page","link":"https:\/\/minibus.al\/sk\/minibus-me-qira-ne-aeroportin-e-tiranes\/","title":{"rendered":"Pren\u00e1jom minibusov na letisku v Tirane"},"content":{"rendered":"<div data-elementor-type=\"wp-page\" data-elementor-id=\"988853\" class=\"elementor elementor-988853\">\n\t\t\t\t<div class=\"elementor-element elementor-element-17b14b0 e-flex e-con-boxed e-con e-parent\" data-id=\"17b14b0\" data-element_type=\"container\" data-e-type=\"container\" data-settings=\"{&quot;background_background&quot;:&quot;classic&quot;}\">\n\t\t\t\t\t<div class=\"e-con-inner\">\n\t\t<div class=\"elementor-element elementor-element-da00348 e-con-full e-flex e-con e-child\" data-id=\"da00348\" data-element_type=\"container\" data-e-type=\"container\">\n\t\t\t\t<div class=\"elementor-element elementor-element-e3791e5 elementor-widget elementor-widget-heading\" data-id=\"e3791e5\" data-element_type=\"widget\" data-e-type=\"widget\" data-widget_type=\"heading.default\">\n\t\t\t\t\t<h1 class=\"elementor-heading-title elementor-size-default\">Pren\u00e1jom minibusov na letisku v Tirane<\/h1>\t\t\t\t<\/div>\n\t\t\t\t<div class=\"elementor-element elementor-element-98a450a elementor-widget elementor-widget-text-editor\" data-id=\"98a450a\" data-element_type=\"widget\" data-e-type=\"widget\" data-widget_type=\"text-editor.default\">\n\t\t\t\t\t\t\t\t\tZarezervujte si pren\u00e1jom minibusu na letisku v Tirane a zabezpe\u010dte si s\u00fakromn\u00fa, bezpe\u010dn\u00fa a pohodln\u00fa prepravu. Profesion\u00e1lni vodi\u010di a modern\u00e9 vozidl\u00e1 pre ka\u017ed\u00fa cestu.\t\t\t\t\t\t\t\t<\/div>\n\t\t\t\t<\/div>\n\t\t\t\t\t<\/div>\n\t\t\t\t<\/div>\n\t\t<div class=\"elementor-element elementor-element-f243bfa e-flex e-con-boxed e-con e-parent\" data-id=\"f243bfa\" data-element_type=\"container\" data-e-type=\"container\" data-settings=\"{&quot;background_background&quot;:&quot;classic&quot;}\">\n\t\t\t\t\t<div class=\"e-con-inner\">\n\t\t<div class=\"elementor-element elementor-element-8ce9177 e-con-full e-flex e-con e-child\" data-id=\"8ce9177\" data-element_type=\"container\" data-e-type=\"container\">\n\t\t\t\t<div class=\"elementor-element elementor-element-2fa15ea elementor-widget elementor-widget-text-editor\" data-id=\"2fa15ea\" data-element_type=\"widget\" data-e-type=\"widget\" data-widget_type=\"text-editor.default\">\n\t\t\t\t\t\t\t\t\t<p>Pr\u00edchod na letisko v Tirane m\u00f4\u017ee by\u0165 vzru\u0161uj\u00faci, ale \u010dasto aj n\u00e1ro\u010dn\u00fd, najm\u00e4 ak si potrebujete zabezpe\u010di\u0165 dopravu do cie\u013ea. V tak\u00fdchto pr\u00edpadoch sa profesion\u00e1lna slu\u017eba pren\u00e1jmu minibusov uk\u00e1\u017ee ako neocenite\u013en\u00e1 pomoc. Nielen\u017ee zaru\u010duje komfort a bezpe\u010dnos\u0165, ale tie\u017e v\u00e1m umo\u017e\u0148uje u\u017ei\u0165 si cestu bez stresu a s \u00faplnou flexibilitou.<\/p><p>Slu\u017eba pren\u00e1jmu minibusov pon\u00faka nov\u00e9, dobre udr\u017eiavan\u00e9 vozidl\u00e1 vhodn\u00e9 pre r\u00f4zne skupiny cestuj\u00facich. \u010ci u\u017e cestujete sami, s rodinou alebo so skupinou priate\u013eov, na\u0161e minibusy s\u00fa priestrann\u00e9, pohodln\u00e9 a vybaven\u00e9 v\u0161etk\u00fdm potrebn\u00fdm pre pr\u00edjemn\u00fa cestu.<\/p><p>Jednou z najv\u00e4\u010d\u0161\u00edch v\u00fdhod je profesion\u00e1lny vodi\u010d. Na\u0161i vodi\u010di s\u00fa vy\u0161kolen\u00ed tak, aby poskytovali bezpe\u010dn\u00fa a pr\u00edjemn\u00fa slu\u017ebu, a staraj\u00fa sa nielen o riadenie vozidla, ale aj o v\u00e1\u0161 z\u00e1\u017eitok po\u010das cesty. Poznaj\u00fa najr\u00fdchlej\u0161ie a najbezpe\u010dnej\u0161ie trasy, v\u010faka \u010domu si m\u00f4\u017eete jazdu vychutna\u0165 bez ak\u00fdchko\u013evek starost\u00ed.<\/p><p>Rezerv\u00e1cia minibusu je rovnako jednoduch\u00e1 ako samotn\u00e1 cesta. Sta\u010d\u00ed p\u00e1r kliknut\u00ed a m\u00f4\u017eete si by\u0165 ist\u00ed, \u017ee hne\u010f po pr\u00edlete na letisko na v\u00e1s bude \u010daka\u0165 vozidlo, ktor\u00e9 v\u00e1s odvezie do cie\u013ea. To v\u00e1m nielen poskytne pohodlie, ale u\u0161etr\u00ed v\u00e1m aj zna\u010dn\u00e9 mno\u017estvo \u010dasu a energie.<\/p><p>V kone\u010dnom d\u00f4sledku nie je slu\u017eba pren\u00e1jmu minibusov na letisku v Tirane len dopravn\u00fdm prostriedkom; je to z\u00e1\u017eitok, ktor\u00fd v\u00e1m u\u013eah\u010d\u00ed cestu, zv\u00fd\u0161i jej bezpe\u010dnos\u0165 a spr\u00edjemn\u00ed ju. Pre ka\u017ed\u00e9ho cestovate\u013ea, ktor\u00fd h\u013ead\u00e1 pohodlie, flexibilitu a profesionalitu, je t\u00e1to slu\u017eba ide\u00e1lnym rie\u0161en\u00edm.<\/p>\t\t\t\t\t\t\t\t<\/div>\n\t\t\t\t<div class=\"elementor-element elementor-element-cac8ca5 elementor-widget elementor-widget-heading\" data-id=\"cac8ca5\" data-element_type=\"widget\" data-e-type=\"widget\" data-widget_type=\"heading.default\">\n\t\t\t\t\t<h3 class=\"elementor-heading-title elementor-size-default\">Pre\u010do minibus.al?<\/h3>\t\t\t\t<\/div>\n\t\t\t\t<div class=\"elementor-element elementor-element-44ade06 elementor-view-stacked elementor-position-inline-start elementor-mobile-position-inline-start elementor-shape-circle elementor-widget elementor-widget-icon-box\" data-id=\"44ade06\" data-element_type=\"widget\" data-e-type=\"widget\" data-widget_type=\"icon-box.default\">\n\t\t\t\t\t\t\t<div class=\"elementor-icon-box-wrapper\">\n\n\t\t\t\t\t\t<div class=\"elementor-icon-box-icon\">\n\t\t\t\t<span  class=\"elementor-icon\">\n\t\t\t\t<svg aria-hidden=\"true\" class=\"e-font-icon-svg e-fas-check\" viewbox=\"0 0 512 512\" xmlns=\"http:\/\/www.w3.org\/2000\/svg\"><path d=\"M173.898 439.404l-166.4-166.4c-9.997-9.997-9.997-26.206 0-36.204l36.203-36.204c9.997-9.998 26.207-9.998 36.204 0L192 312.69 432.095 72.596c9.997-9.997 26.207-9.997 36.204 0l36.203 36.204c9.997 9.997 9.997 26.206 0 36.204l-294.4 294.401c-9.998 9.997-26.207 9.997-36.204-.001z\"><\/path><\/svg>\t\t\t\t<\/span>\n\t\t\t<\/div>\n\t\t\t\n\t\t\t\t\t\t<div class=\"elementor-icon-box-content\">\n\n\t\t\t\t\t\t\t\t\t<h3 class=\"elementor-icon-box-title\">\n\t\t\t\t\t\t<span  >\n\t\t\t\t\t\t\tPreh\u013eadn\u00e9 ceny bez skryt\u00fdch poplatkov alebo prir\u00e1\u017eok.\t\t\t\t\t\t<\/span>\n\t\t\t\t\t<\/h3>\n\t\t\t\t\n\t\t\t\t\n\t\t\t<\/div>\n\t\t\t\n\t\t<\/div>\n\t\t\t\t\t\t<\/div>\n\t\t\t\t<div class=\"elementor-element elementor-element-04fad91 elementor-view-stacked elementor-position-inline-start elementor-mobile-position-inline-start elementor-shape-circle elementor-widget elementor-widget-icon-box\" data-id=\"04fad91\" data-element_type=\"widget\" data-e-type=\"widget\" data-widget_type=\"icon-box.default\">\n\t\t\t\t\t\t\t<div class=\"elementor-icon-box-wrapper\">\n\n\t\t\t\t\t\t<div class=\"elementor-icon-box-icon\">\n\t\t\t\t<span  class=\"elementor-icon\">\n\t\t\t\t<svg aria-hidden=\"true\" class=\"e-font-icon-svg e-fas-check\" viewbox=\"0 0 512 512\" xmlns=\"http:\/\/www.w3.org\/2000\/svg\"><path d=\"M173.898 439.404l-166.4-166.4c-9.997-9.997-9.997-26.206 0-36.204l36.203-36.204c9.997-9.998 26.207-9.998 36.204 0L192 312.69 432.095 72.596c9.997-9.997 26.207-9.997 36.204 0l36.203 36.204c9.997 9.997 9.997 26.206 0 36.204l-294.4 294.401c-9.998 9.997-26.207 9.997-36.204-.001z\"><\/path><\/svg>\t\t\t\t<\/span>\n\t\t\t<\/div>\n\t\t\t\n\t\t\t\t\t\t<div class=\"elementor-icon-box-content\">\n\n\t\t\t\t\t\t\t\t\t<h3 class=\"elementor-icon-box-title\">\n\t\t\t\t\t\t<span  >\n\t\t\t\t\t\t\tProfesion\u00e1lne vy\u0161kolen\u00ed, sk\u00fasen\u00ed a bezpe\u010dn\u00ed vodi\u010di.\t\t\t\t\t\t<\/span>\n\t\t\t\t\t<\/h3>\n\t\t\t\t\n\t\t\t\t\n\t\t\t<\/div>\n\t\t\t\n\t\t<\/div>\n\t\t\t\t\t\t<\/div>\n\t\t\t\t<div class=\"elementor-element elementor-element-0ecc649 elementor-view-stacked elementor-position-inline-start elementor-mobile-position-inline-start elementor-shape-circle elementor-widget elementor-widget-icon-box\" data-id=\"0ecc649\" data-element_type=\"widget\" data-e-type=\"widget\" data-widget_type=\"icon-box.default\">\n\t\t\t\t\t\t\t<div class=\"elementor-icon-box-wrapper\">\n\n\t\t\t\t\t\t<div class=\"elementor-icon-box-icon\">\n\t\t\t\t<span  class=\"elementor-icon\">\n\t\t\t\t<svg aria-hidden=\"true\" class=\"e-font-icon-svg e-fas-check\" viewbox=\"0 0 512 512\" xmlns=\"http:\/\/www.w3.org\/2000\/svg\"><path d=\"M173.898 439.404l-166.4-166.4c-9.997-9.997-9.997-26.206 0-36.204l36.203-36.204c9.997-9.998 26.207-9.998 36.204 0L192 312.69 432.095 72.596c9.997-9.997 26.207-9.997 36.204 0l36.203 36.204c9.997 9.997 9.997 26.206 0 36.204l-294.4 294.401c-9.998 9.997-26.207 9.997-36.204-.001z\"><\/path><\/svg>\t\t\t\t<\/span>\n\t\t\t<\/div>\n\t\t\t\n\t\t\t\t\t\t<div class=\"elementor-icon-box-content\">\n\n\t\t\t\t\t\t\t\t\t<h3 class=\"elementor-icon-box-title\">\n\t\t\t\t\t\t<span  >\n\t\t\t\t\t\t\tJednoduch\u00e1 a bezpe\u010dn\u00e1 online rezerv\u00e1cia, dostupn\u00e1 24 hod\u00edn denne, 7 dn\u00ed v t\u00fd\u017edni.\t\t\t\t\t\t<\/span>\n\t\t\t\t\t<\/h3>\n\t\t\t\t\n\t\t\t\t\n\t\t\t<\/div>\n\t\t\t\n\t\t<\/div>\n\t\t\t\t\t\t<\/div>\n\t\t\t\t<div class=\"elementor-element elementor-element-f499d9f elementor-widget elementor-widget-image\" data-id=\"f499d9f\" data-element_type=\"widget\" data-e-type=\"widget\" data-widget_type=\"image.default\">\n\t\t\t\t\t\t\t\t\t\t\t\t\t\t\t<img fetchpriority=\"high\" decoding=\"async\" width=\"600\" height=\"430\" src=\"https:\/\/minibus.al\/wp-content\/uploads\/2025\/10\/Minibus-me-qira-tirane.webp\" class=\"attachment-full size-full wp-image-988839\" alt=\"\" srcset=\"https:\/\/minibus.al\/wp-content\/uploads\/2025\/10\/Minibus-me-qira-tirane.webp 600w, https:\/\/minibus.al\/wp-content\/uploads\/2025\/10\/Minibus-me-qira-tirane-300x215.webp 300w\" sizes=\"(max-width: 600px) 100vw, 600px\" title=\"\">\t\t\t\t\t\t\t\t\t\t\t\t\t\t\t<\/div>\n\t\t\t\t<div class=\"elementor-element elementor-element-f8adba0 elementor-widget elementor-widget-text-editor\" data-id=\"f8adba0\" data-element_type=\"widget\" data-e-type=\"widget\" data-widget_type=\"text-editor.default\">\n\t\t\t\t\t\t\t\t\t<p>Cena pren\u00e1jmu s\u00fakromn\u00fdch minibusov bude z\u00e1visie\u0165 od po\u010dtu hod\u00edn a dn\u00ed slu\u017eby, ako aj od vzdialenosti, ktor\u00fa minibusy prejd\u00fa.<\/p>\t\t\t\t\t\t\t\t<\/div>\n\t\t\t\t<div class=\"elementor-element elementor-element-5b353ea elementor-widget elementor-widget-heading\" data-id=\"5b353ea\" data-element_type=\"widget\" data-e-type=\"widget\" data-widget_type=\"heading.default\">\n\t\t\t\t\t<h3 class=\"elementor-heading-title elementor-size-default\">Ako to funguje?<\/h3>\t\t\t\t<\/div>\n\t\t\t\t<div class=\"elementor-element elementor-element-5b114ff elementor-widget elementor-widget-text-editor\" data-id=\"5b114ff\" data-element_type=\"widget\" data-e-type=\"widget\" data-widget_type=\"text-editor.default\">\n\t\t\t\t\t\t\t\t\t<p>Rezerv\u00e1cia je jednoduch\u00e1: vyberte si cie\u013eov\u00fa destin\u00e1ciu, term\u00edn a typ minibusu, ktor\u00fd potrebujete. N\u00e1\u0161 profesion\u00e1lny vodi\u010d bude na dohodnutom mieste a v dohodnutom \u010dase, \u010d\u00edm v\u00e1m zaru\u010d\u00ed pohodln\u00fa a bezprobl\u00e9mov\u00fa cestu.<\/p>\t\t\t\t\t\t\t\t<\/div>\n\t\t\t\t<\/div>\n\t\t<div class=\"elementor-element elementor-element-d6158fa e-con-full e-flex e-con e-child\" data-id=\"d6158fa\" data-element_type=\"container\" data-e-type=\"container\">\n\t\t<div class=\"elementor-element elementor-element-6fa629c e-flex e-con-boxed e-con e-child\" data-id=\"6fa629c\" data-element_type=\"container\" data-e-type=\"container\" data-settings=\"{&quot;background_background&quot;:&quot;classic&quot;}\">\n\t\t\t\t\t<div class=\"e-con-inner\">\n\t\t\t\t<div class=\"elementor-element elementor-element-fa0f848 elementor-widget__width-auto elementor-widget elementor-widget-heading\" data-id=\"fa0f848\" data-element_type=\"widget\" data-e-type=\"widget\" data-widget_type=\"heading.default\">\n\t\t\t\t\t<h3 class=\"elementor-heading-title elementor-size-default\">Z\u013eava na model 10%<\/h3>\t\t\t\t<\/div>\n\t\t\t\t<div class=\"elementor-element elementor-element-8196ec2 elementor-widget__width-auto elementor-widget elementor-widget-heading\" data-id=\"8196ec2\" data-element_type=\"widget\" data-e-type=\"widget\" data-widget_type=\"heading.default\">\n\t\t\t\t\t<div class=\"elementor-heading-title elementor-size-default\">Z\u013eava a\u017e 10 % na ka\u017ed\u00fa rezerv\u00e1ciu do 31. m\u00e1ja 2026!<\/div>\t\t\t\t<\/div>\n\t\t\t\t\t<\/div>\n\t\t\t\t<\/div>\n\t\t<div class=\"elementor-element elementor-element-b7f8ed9 e-con-full e-flex e-con e-child\" data-id=\"b7f8ed9\" data-element_type=\"container\" data-e-type=\"container\">\n\t\t\t\t<div class=\"elementor-element elementor-element-5e989ed elementor-widget__width-initial elementor-widget elementor-widget-image\" data-id=\"5e989ed\" data-element_type=\"widget\" data-e-type=\"widget\" data-widget_type=\"image.default\">\n\t\t\t\t\t\t\t\t\t\t\t\t\t\t\t\t<a href=\"#\">\n\t\t\t\t\t\t\t<img decoding=\"async\" width=\"630\" height=\"441\" src=\"https:\/\/minibus.al\/wp-content\/uploads\/2025\/10\/Transfer-416_2268_0182-landscape-630x441-1.jpg\" class=\"attachment-full size-full wp-image-988709\" alt=\"\" srcset=\"https:\/\/minibus.al\/wp-content\/uploads\/2025\/10\/Transfer-416_2268_0182-landscape-630x441-1.jpg 630w, https:\/\/minibus.al\/wp-content\/uploads\/2025\/10\/Transfer-416_2268_0182-landscape-630x441-1-600x420.jpg 600w, https:\/\/minibus.al\/wp-content\/uploads\/2025\/10\/Transfer-416_2268_0182-landscape-630x441-1-300x210.jpg 300w, https:\/\/minibus.al\/wp-content\/uploads\/2025\/10\/Transfer-416_2268_0182-landscape-630x441-1-420x294.jpg 420w, https:\/\/minibus.al\/wp-content\/uploads\/2025\/10\/Transfer-416_2268_0182-landscape-630x441-1-315x221.jpg 315w\" sizes=\"(max-width: 630px) 100vw, 630px\" title=\"\">\t\t\t\t\t\t\t\t<\/a>\n\t\t\t\t\t\t\t\t\t\t\t\t\t\t\t<\/div>\n\t\t\t\t<div class=\"elementor-element elementor-element-721ad33 elementor-widget__width-initial elementor-widget elementor-widget-heading\" data-id=\"721ad33\" data-element_type=\"widget\" data-e-type=\"widget\" data-widget_type=\"heading.default\">\n\t\t\t\t\t<h3 class=\"elementor-heading-title elementor-size-default\"><a href=\"#\">S\u00fakromn\u00fd transfer z letiska<\/a><\/h3>\t\t\t\t<\/div>\n\t\t\t\t<\/div>\n\t\t<div class=\"elementor-element elementor-element-c5237fd e-con-full e-flex e-con e-child\" data-id=\"c5237fd\" data-element_type=\"container\" data-e-type=\"container\">\n\t\t\t\t<div class=\"elementor-element elementor-element-7ff0b5e elementor-widget__width-initial elementor-widget elementor-widget-image\" data-id=\"7ff0b5e\" data-element_type=\"widget\" data-e-type=\"widget\" data-widget_type=\"image.default\">\n\t\t\t\t\t\t\t\t\t\t\t\t\t\t\t\t<a href=\"#\">\n\t\t\t\t\t\t\t<img decoding=\"async\" width=\"800\" height=\"560\" src=\"https:\/\/minibus.al\/wp-content\/uploads\/2024\/01\/Crop800x600-landscape.jpeg\" class=\"attachment-full size-full wp-image-988653\" alt=\"\" srcset=\"https:\/\/minibus.al\/wp-content\/uploads\/2024\/01\/Crop800x600-landscape.jpeg 800w, https:\/\/minibus.al\/wp-content\/uploads\/2024\/01\/Crop800x600-landscape-600x420.jpeg 600w, https:\/\/minibus.al\/wp-content\/uploads\/2024\/01\/Crop800x600-landscape-300x210.jpeg 300w, https:\/\/minibus.al\/wp-content\/uploads\/2024\/01\/Crop800x600-landscape-768x538.jpeg 768w, https:\/\/minibus.al\/wp-content\/uploads\/2024\/01\/Crop800x600-landscape-630x441.jpeg 630w, https:\/\/minibus.al\/wp-content\/uploads\/2024\/01\/Crop800x600-landscape-420x294.jpeg 420w, https:\/\/minibus.al\/wp-content\/uploads\/2024\/01\/Crop800x600-landscape-315x221.jpeg 315w\" sizes=\"(max-width: 800px) 100vw, 800px\" title=\"\">\t\t\t\t\t\t\t\t<\/a>\n\t\t\t\t\t\t\t\t\t\t\t\t\t\t\t<\/div>\n\t\t\t\t<div class=\"elementor-element elementor-element-94ea3ff elementor-widget__width-initial elementor-widget elementor-widget-heading\" data-id=\"94ea3ff\" data-element_type=\"widget\" data-e-type=\"widget\" data-widget_type=\"heading.default\">\n\t\t\t\t\t<h3 class=\"elementor-heading-title elementor-size-default\"><a href=\"#\">Preprava so s\u00fakromn\u00fdm \u0161of\u00e9rom<\/a><\/h3>\t\t\t\t<\/div>\n\t\t\t\t<\/div>\n\t\t\t\t<\/div>\n\t\t\t\t\t<\/div>\n\t\t\t\t<\/div>\n\t\t\t\t<\/div>","protected":false},"excerpt":{"rendered":"<p>Minibus me Qira n\u00eb Aeroportin e Tiran\u00ebs Rezervoni minibus me qira n\u00eb Aeroportin e Tiran\u00ebs p\u00ebr transferime private, t\u00eb sigurta dhe t\u00eb rehatshme. Shofer profesional dhe automjete moderne p\u00ebr \u00e7do udh\u00ebtim. Arritja n\u00eb Aeroportin e Tiran\u00ebs mund t\u00eb jet\u00eb emocionuese, por shpeshher\u00eb edhe sfiduese, sidomos kur duhet t\u00eb organizoni transferimin drejt destinacionit tuaj. N\u00eb k\u00ebto [&hellip;]<\/p>\n","protected":false},"author":1,"featured_media":988839,"parent":0,"menu_order":0,"comment_status":"closed","ping_status":"closed","template":"","meta":{"footnotes":""},"class_list":["post-988853","page","type-page","status-publish","has-post-thumbnail","hentry"],"_links":{"self":[{"href":"https:\/\/minibus.al\/sk\/wp-json\/wp\/v2\/pages\/988853","targetHints":{"allow":["GET"]}}],"collection":[{"href":"https:\/\/minibus.al\/sk\/wp-json\/wp\/v2\/pages"}],"about":[{"href":"https:\/\/minibus.al\/sk\/wp-json\/wp\/v2\/types\/page"}],"author":[{"embeddable":true,"href":"https:\/\/minibus.al\/sk\/wp-json\/wp\/v2\/users\/1"}],"replies":[{"embeddable":true,"href":"https:\/\/minibus.al\/sk\/wp-json\/wp\/v2\/comments?post=988853"}],"version-history":[{"count":8,"href":"https:\/\/minibus.al\/sk\/wp-json\/wp\/v2\/pages\/988853\/revisions"}],"predecessor-version":[{"id":988861,"href":"https:\/\/minibus.al\/sk\/wp-json\/wp\/v2\/pages\/988853\/revisions\/988861"}],"wp:featuredmedia":[{"embeddable":true,"href":"https:\/\/minibus.al\/sk\/wp-json\/wp\/v2\/media\/988839"}],"wp:attachment":[{"href":"https:\/\/minibus.al\/sk\/wp-json\/wp\/v2\/media?parent=988853"}],"curies":[{"name":"wp","href":"https:\/\/api.w.org\/{rel}","templated":true}]}}