{"id":988419,"date":"2023-04-05T00:18:55","date_gmt":"2023-04-05T00:18:55","guid":{"rendered":"https:\/\/minibus.al\/en\/?page_id=988419"},"modified":"2026-01-13T09:20:03","modified_gmt":"2026-01-13T09:20:03","slug":"politikat-e-privatesise","status":"publish","type":"page","link":"https:\/\/minibus.al\/sk\/politikat-e-privatesise\/","title":{"rendered":"Z\u00e1sady ochrany osobn\u00fdch \u00fadajov"},"content":{"rendered":"<div data-elementor-type=\"wp-page\" data-elementor-id=\"988419\" class=\"elementor elementor-988419\">\n\t\t\t\t<div class=\"elementor-element elementor-element-94c02b5 e-flex e-con-boxed e-con e-parent\" data-id=\"94c02b5\" data-element_type=\"container\" data-e-type=\"container\" data-settings=\"{&quot;background_background&quot;:&quot;classic&quot;}\">\n\t\t\t\t\t<div class=\"e-con-inner\">\n\t\t<div class=\"elementor-element elementor-element-6918ea9 e-con-full e-flex e-con e-child\" data-id=\"6918ea9\" data-element_type=\"container\" data-e-type=\"container\">\n\t\t\t\t<div class=\"elementor-element elementor-element-36ff319 elementor-widget elementor-widget-heading\" data-id=\"36ff319\" data-element_type=\"widget\" data-e-type=\"widget\" data-widget_type=\"heading.default\">\n\t\t\t\t\t<h1 class=\"elementor-heading-title elementor-size-default\">Z\u00e1sady ochrany osobn\u00fdch \u00fadajov<\/h1>\t\t\t\t<\/div>\n\t\t\t\t<\/div>\n\t\t\t\t\t<\/div>\n\t\t\t\t<\/div>\n\t\t<div class=\"elementor-element elementor-element-b265df7 e-flex e-con-boxed e-con e-parent\" data-id=\"b265df7\" data-element_type=\"container\" data-e-type=\"container\" data-settings=\"{&quot;background_background&quot;:&quot;classic&quot;}\">\n\t\t\t\t\t<div class=\"e-con-inner\">\n\t\t<div class=\"elementor-element elementor-element-c9c978a e-con-full e-flex e-con e-child\" data-id=\"c9c978a\" data-element_type=\"container\" data-e-type=\"container\">\n\t\t\t\t<div class=\"elementor-element elementor-element-4166847 elementor-widget elementor-widget-text-editor\" data-id=\"4166847\" data-element_type=\"widget\" data-e-type=\"widget\" data-widget_type=\"text-editor.default\">\n\t\t\t\t\t\t\t\t\t<p>Kjo faqe interneti operohet nga ne dhe ne jemi t\u00eb p\u00ebrkushtuar p\u00ebr t\u00eb mbrojtur dhe ruajtur privat\u00ebsin\u00eb e vizitor\u00ebve tan\u00eb kur vizitojn\u00eb faqen ton\u00eb ose komunikojn\u00eb elektronikisht me ne.<\/p><p>Kjo politik\u00eb p\u00ebrcakton se si p\u00ebrpunojm\u00eb t\u00eb dh\u00ebnat personale q\u00eb mbledhim nga ju ose q\u00eb ju na jepni p\u00ebrmes faqes son\u00eb t\u00eb internetit. Ne konfirmojm\u00eb se do ta mbajm\u00eb informacionin tuaj t\u00eb sigurt dhe se do t\u00eb zbatojm\u00eb plot\u00ebsisht t\u00eb gjitha legjislacionet dhe rregulloret p\u00ebrkat\u00ebse t\u00eb Mbret\u00ebris\u00eb s\u00eb Bashkuar p\u00ebr Mbrojtjen e t\u00eb Dh\u00ebnave. Ju lutemi lexoni me kujdes sa vijon p\u00ebr t\u00eb kuptuar se \u00e7far\u00eb ndodh me t\u00eb dh\u00ebnat personale q\u00eb ju zgjidhni t\u00eb na jepni ose q\u00eb ne mbledhim nga ju kur vizitoni k\u00ebt\u00eb faqe interneti. Duke vizituar faqen ton\u00eb t\u00eb internetit, ju pranoni dhe jepni p\u00eblqimin tuaj p\u00ebr praktikat e p\u00ebrshkruara n\u00eb k\u00ebt\u00eb politik\u00eb.<\/p><p>Llojet e informacionit q\u00eb mund t\u00eb mbledhim nga ju<br \/>Ne mund t\u00eb mbledhim, ruajm\u00eb dhe p\u00ebrdorim llojet e m\u00ebposhtme t\u00eb informacionit personal n\u00eb lidhje me individ\u00ebt q\u00eb vizitojn\u00eb dhe p\u00ebrdorin faqen ton\u00eb t\u00eb internetit:<\/p><p><strong>Informacioni q\u00eb na jepni<\/strong><br \/>Ju mund t\u00eb na jepni informacione rreth jush duke plot\u00ebsuar formular\u00ebt n\u00eb faqen ton\u00eb t\u00eb internetit. Kjo p\u00ebrfshin informacionin q\u00eb jepni kur paraqisni nj\u00eb formular kontakti\/k\u00ebrkese. Informacioni q\u00eb na jepni mund t\u00eb p\u00ebrfshij\u00eb emrin, adres\u00ebn, adres\u00ebn e email-it, numrin e telefonit dhe nj\u00eb mesazh t\u00eb shkurt\u00ebr.<\/p><p><strong>Informacion q\u00eb faqja jon\u00eb e internetit mbledh automatikisht rreth jush<\/strong><br \/>Lidhur me secil\u00ebn prej vizitave tuaja n\u00eb faqen ton\u00eb t\u00eb internetit, ne mund t\u00eb mbledhim automatikisht informacione duke p\u00ebrfshir\u00eb sa vijon:<\/p><p>Informacion teknik, duke p\u00ebrfshir\u00eb nj\u00eb version t\u00eb shkurtuar dhe t\u00eb anonimizuar t\u00eb adres\u00ebs suaj t\u00eb protokollit t\u00eb internetit (IP), llojit dhe versionit t\u00eb shfletuesit, sistemit operativ dhe platform\u00ebs;<br \/>Informacion rreth vizit\u00ebs suaj, duke p\u00ebrfshir\u00eb faqet q\u00eb vizitoni, sa koh\u00eb q\u00ebndroni n\u00eb faqe, si keni arritur n\u00eb faqe (duke p\u00ebrfshir\u00eb dat\u00ebn dhe or\u00ebn); koh\u00ebt e reagimit t\u00eb faqes, koh\u00ebzgjatja e vizit\u00ebs, \u00e7far\u00eb klikoni, dokumentet e shkarkuara dhe gabimet e shkarkimit.<br \/><strong>Kukit\u00eb<\/strong><br \/>Uebsajti yn\u00eb p\u00ebrdor cookies p\u00ebr t&#8217;ju dalluar nga p\u00ebrdoruesit e tjer\u00eb t\u00eb faqes son\u00eb t\u00eb internetit. Kjo na ndihmon t&#8217;ju ofrojm\u00eb nj\u00eb p\u00ebrvoj\u00eb t\u00eb mir\u00eb kur shfletoni faqen ton\u00eb t\u00eb internetit dhe gjithashtu na lejon t\u00eb p\u00ebrmir\u00ebsojm\u00eb faqen ton\u00eb. P\u00ebr informacion t\u00eb detajuar mbi cookies q\u00eb p\u00ebrdorim dhe q\u00ebllimet p\u00ebr t\u00eb cilat i p\u00ebrdorim ato, shihni Politik\u00ebn ton\u00eb t\u00eb Cookies.<\/p><p><strong>Si mund ta p\u00ebrdorim informacionin q\u00eb mbledhim<\/strong><br \/>Informacion q\u00eb na jepni p\u00ebr t&#8217;ju ofruar informacion dhe\/ose sh\u00ebrbime q\u00eb k\u00ebrkoni prej nesh; ne mbledhim \u00e7do t\u00eb dh\u00ebn\u00eb personale shtes\u00eb q\u00eb mund t\u00eb na jepni her\u00eb pas here n\u00ebse na kontaktoni me email, let\u00ebr ose telefon, p\u00ebrmes faqes son\u00eb t\u00eb internetit, duke paraqitur nj\u00eb koment n\u00eb faqen ton\u00eb t\u00eb internetit ose me \u00e7do mjet tjet\u00ebr; P\u00ebrgjigjet e anketave n\u00eb m\u00ebnyr\u00eb q\u00eb t\u00eb mund t\u00eb shqyrtojm\u00eb dhe t\u00eb vazhdojm\u00eb t\u00eb p\u00ebrmir\u00ebsojm\u00eb sh\u00ebrbimet tona.<\/p><p>Informacion q\u00eb mbledhim automatikisht rreth jush<br \/><strong>Ne do ta p\u00ebrdorim k\u00ebt\u00eb informacion:<\/strong><\/p><p>P\u00ebr t\u00eb administruar faqen ton\u00eb t\u00eb internetit, duke p\u00ebrfshir\u00eb zgjidhjen e problemeve dhe q\u00ebllime statistikore;<br \/>P\u00ebr t\u00eb p\u00ebrmir\u00ebsuar faqen ton\u00eb t\u00eb internetit p\u00ebr t\u00eb siguruar q\u00eb p\u00ebrmbajtja t\u00eb paraqitet n\u00eb m\u00ebnyr\u00ebn m\u00eb efektive p\u00ebr ju dhe p\u00ebr kompjuterin tuaj;<br \/>Siguria dhe korrigjimi i gabimeve si pjes\u00eb e p\u00ebrpjekjeve tona p\u00ebr ta mbajtur faqen ton\u00eb t\u00eb sigurt.<\/p><p>Ky informacion mblidhet n\u00eb m\u00ebnyr\u00eb anonime dhe nuk lidhet me informacion q\u00eb ju identifikon si individ. Ne p\u00ebrdorim Google Analytics p\u00ebr t\u00eb ndjekur k\u00ebt\u00eb informacion. Zbuloni se si Google i p\u00ebrdor t\u00eb dh\u00ebnat tuaja n\u00eb Google Analytics .<\/p><p><strong>Zbulimi i Informacionit Tuaj<\/strong><br \/>\u00c7do informacion q\u00eb na jepni do t\u00eb na d\u00ebrgohet direkt me email ose mund t\u00eb ruhet n\u00eb nj\u00eb server t\u00eb sigurt duke p\u00ebrdorur nj\u00eb faqe interneti t\u00eb pal\u00ebs s\u00eb tret\u00eb t\u00eb besueshme dhe nj\u00eb ofrues hosting p\u00ebr t\u00eb leht\u00ebsuar funksionimin dhe menaxhimin e k\u00ebsaj faqeje interneti.<\/p><p>Ne nuk japim me qira, shesim ose ndajm\u00eb informacione personale rreth jush me persona t\u00eb tjer\u00eb ose kompani jo t\u00eb lidhura. T\u00eb dh\u00ebnat tuaja mund t\u00eb ndahen me sistemet tona operative t\u00eb pal\u00ebve t\u00eb treta t\u00eb besueshme, t\u00eb cilat i p\u00ebrdorim p\u00ebr t\u00eb menaxhuar sh\u00ebrbimet tona dhe p\u00ebr t\u00eb mbajtur kontakt me ju.<\/p><p>Ne do t\u00eb b\u00ebjm\u00eb t\u00eb gjitha p\u00ebrpjekjet e arsyeshme p\u00ebr t\u00eb siguruar q\u00eb t\u00eb dh\u00ebnat tuaja personale t\u00eb mos u zbulohen institucioneve dhe autoriteteve rajonale\/komb\u00ebtare, p\u00ebrve\u00e7 n\u00ebse k\u00ebrkohet me ligj ose rregullore t\u00eb tjera.<\/p><p>Fatkeq\u00ebsisht, transmetimi i informacionit n\u00ebp\u00ebrmjet internetit nuk \u00ebsht\u00eb plot\u00ebsisht i sigurt. Edhe pse do t\u00eb b\u00ebjm\u00eb \u00e7mos p\u00ebr t\u00eb mbrojtur t\u00eb dh\u00ebnat tuaja personale, nuk mund t\u00eb garantojm\u00eb sigurin\u00eb e t\u00eb dh\u00ebnave tuaja t\u00eb transmetuara n\u00eb faqen ton\u00eb; \u00e7do transmetim \u00ebsht\u00eb n\u00eb rrezikun tuaj. Pasi t\u00eb kemi marr\u00eb informacionin tuaj, do t\u00eb p\u00ebrdorim procedura dhe ve\u00e7ori t\u00eb rrepta sigurie p\u00ebr t\u00eb parandaluar aksesin e paautorizuar.<\/p><p><strong>Lidhje t\u00eb pal\u00ebve t\u00eb treta<\/strong><br \/>Faqja jon\u00eb mund t\u00eb p\u00ebrmbaj\u00eb, her\u00eb pas here, lidhje p\u00ebr dhe nga faqet e internetit t\u00eb pal\u00ebve t\u00eb treta. N\u00ebse ndiqni nj\u00eb lidhje p\u00ebr n\u00eb ndonj\u00eb nga k\u00ebto faqe interneti, ju lutemi vini re se k\u00ebto faqe interneti kan\u00eb politikat e tyre t\u00eb privat\u00ebsis\u00eb dhe se ne nuk pranojm\u00eb asnj\u00eb p\u00ebrgjegj\u00ebsi ose detyrim p\u00ebr k\u00ebto politika. Ju lutemi kontrolloni k\u00ebto politika p\u00ebrpara se t\u00eb d\u00ebrgoni ndonj\u00eb t\u00eb dh\u00ebn\u00eb personale n\u00eb k\u00ebto faqe interneti.<\/p><p><strong>T\u00eb Drejtat Tuaja \u2013 Qasja n\u00eb t\u00eb Dh\u00ebnat Tuaja Personale<\/strong><br \/>Ju keni t\u00eb drejt\u00eb t\u00eb siguroheni q\u00eb t\u00eb dh\u00ebnat tuaja personale p\u00ebrpunohen n\u00eb m\u00ebnyr\u00eb t\u00eb ligjshme (&#8220;E Drejta e Qasjes s\u00eb Subjektit&#8221;). E drejta juaj e qasjes si subjekt mund t\u00eb ushtrohet n\u00eb p\u00ebrputhje me ligjet dhe rregulloret e mbrojtjes s\u00eb t\u00eb dh\u00ebnave. \u00c7do k\u00ebrkes\u00eb p\u00ebr qasje nga subjekti duhet t\u00eb na b\u00ebhet me shkrim. Ne do t&#8217;ju ofrojm\u00eb t\u00eb dh\u00ebnat tuaja personale brenda afateve ligjore. P\u00ebr t\u00eb na mund\u00ebsuar t\u00eb gjurmojm\u00eb \u00e7do t\u00eb dh\u00ebn\u00eb tuaj\u00ebn personale q\u00eb mund t\u00eb mbajm\u00eb, mund t\u00eb na duhet t\u00eb k\u00ebrkojm\u00eb informacione t\u00eb m\u00ebtejshme nga ju. N\u00ebse keni nj\u00eb ankes\u00eb n\u00eb lidhje me m\u00ebnyr\u00ebn se si e kemi p\u00ebrdorur informacionin tuaj, keni t\u00eb drejt\u00eb t\u00eb ankoheni n\u00eb Zyr\u00ebn e Komisionerit t\u00eb Informacionit (ICO).<\/p><p><strong>Ndryshime n\u00eb Politik\u00ebn ton\u00eb t\u00eb Privat\u00ebsis\u00eb<\/strong><br \/>\u00c7do ndryshim q\u00eb mund t\u00eb b\u00ebjm\u00eb n\u00eb politik\u00ebn ton\u00eb t\u00eb privat\u00ebsis\u00eb n\u00eb t\u00eb ardhmen do t\u00eb postohet n\u00eb k\u00ebt\u00eb faqe dhe, kur \u00ebsht\u00eb e p\u00ebrshtatshme, do t&#8217;ju njoftohet me email. Ju lutemi kontrolloni shpesh p\u00ebr t\u00eb par\u00eb \u00e7do p\u00ebrdit\u00ebsim ose ndryshim n\u00eb politik\u00ebn ton\u00eb t\u00eb privat\u00ebsis\u00eb.<\/p><p><strong>Kontakti<\/strong><br \/>Pyetjet, komentet dhe k\u00ebrkesat n\u00eb lidhje me k\u00ebt\u00eb politik\u00eb privat\u00ebsie jan\u00eb t\u00eb mir\u00ebseardhura dhe duhet t\u00eb na drejtohen.<\/p>\t\t\t\t\t\t\t\t<\/div>\n\t\t\t\t<\/div>\n\t\t<div class=\"elementor-element elementor-element-37eb297 e-con-full e-flex e-con e-child\" data-id=\"37eb297\" data-element_type=\"container\" data-e-type=\"container\">\n\t\t<div class=\"elementor-element elementor-element-125d2cc e-flex e-con-boxed e-con e-child\" data-id=\"125d2cc\" data-element_type=\"container\" data-e-type=\"container\" data-settings=\"{&quot;background_background&quot;:&quot;classic&quot;}\">\n\t\t\t\t\t<div class=\"e-con-inner\">\n\t\t\t\t<div class=\"elementor-element elementor-element-fd6ac3b elementor-widget__width-auto elementor-widget elementor-widget-heading\" data-id=\"fd6ac3b\" data-element_type=\"widget\" data-e-type=\"widget\" data-widget_type=\"heading.default\">\n\t\t\t\t\t<h3 class=\"elementor-heading-title elementor-size-default\">Z\u013eava na model 10%<\/h3>\t\t\t\t<\/div>\n\t\t\t\t<div class=\"elementor-element elementor-element-03eb19d elementor-widget__width-auto elementor-widget elementor-widget-heading\" data-id=\"03eb19d\" data-element_type=\"widget\" data-e-type=\"widget\" data-widget_type=\"heading.default\">\n\t\t\t\t\t<div class=\"elementor-heading-title elementor-size-default\">Z\u013eava a\u017e 10 % na ka\u017ed\u00fa rezerv\u00e1ciu do 31. m\u00e1ja 2026!<\/div>\t\t\t\t<\/div>\n\t\t\t\t\t<\/div>\n\t\t\t\t<\/div>\n\t\t<div class=\"elementor-element elementor-element-1c0c59c e-con-full e-flex e-con e-child\" data-id=\"1c0c59c\" data-element_type=\"container\" data-e-type=\"container\">\n\t\t\t\t<div class=\"elementor-element elementor-element-052ea68 elementor-widget__width-initial elementor-widget elementor-widget-image\" data-id=\"052ea68\" data-element_type=\"widget\" data-e-type=\"widget\" data-widget_type=\"image.default\">\n\t\t\t\t\t\t\t\t\t\t\t\t\t\t\t\t<a href=\"#\">\n\t\t\t\t\t\t\t<img fetchpriority=\"high\" decoding=\"async\" width=\"630\" height=\"441\" src=\"https:\/\/minibus.al\/wp-content\/uploads\/2025\/10\/Transfer-416_2268_0182-landscape-630x441-1.jpg\" class=\"attachment-full size-full wp-image-988709\" alt=\"\" srcset=\"https:\/\/minibus.al\/wp-content\/uploads\/2025\/10\/Transfer-416_2268_0182-landscape-630x441-1.jpg 630w, https:\/\/minibus.al\/wp-content\/uploads\/2025\/10\/Transfer-416_2268_0182-landscape-630x441-1-600x420.jpg 600w, https:\/\/minibus.al\/wp-content\/uploads\/2025\/10\/Transfer-416_2268_0182-landscape-630x441-1-300x210.jpg 300w, https:\/\/minibus.al\/wp-content\/uploads\/2025\/10\/Transfer-416_2268_0182-landscape-630x441-1-420x294.jpg 420w, https:\/\/minibus.al\/wp-content\/uploads\/2025\/10\/Transfer-416_2268_0182-landscape-630x441-1-315x221.jpg 315w\" sizes=\"(max-width: 630px) 100vw, 630px\" title=\"\">\t\t\t\t\t\t\t\t<\/a>\n\t\t\t\t\t\t\t\t\t\t\t\t\t\t\t<\/div>\n\t\t\t\t<div class=\"elementor-element elementor-element-30ac6db elementor-widget__width-initial elementor-widget elementor-widget-heading\" data-id=\"30ac6db\" data-element_type=\"widget\" data-e-type=\"widget\" data-widget_type=\"heading.default\">\n\t\t\t\t\t<h3 class=\"elementor-heading-title elementor-size-default\"><a href=\"#\">S\u00fakromn\u00fd transfer z letiska<\/a><\/h3>\t\t\t\t<\/div>\n\t\t\t\t<\/div>\n\t\t<div class=\"elementor-element elementor-element-f70a358 e-con-full e-flex e-con e-child\" data-id=\"f70a358\" data-element_type=\"container\" data-e-type=\"container\">\n\t\t\t\t<div class=\"elementor-element elementor-element-d3483e2 elementor-widget__width-initial elementor-widget elementor-widget-image\" data-id=\"d3483e2\" data-element_type=\"widget\" data-e-type=\"widget\" data-widget_type=\"image.default\">\n\t\t\t\t\t\t\t\t\t\t\t\t\t\t\t\t<a href=\"#\">\n\t\t\t\t\t\t\t<img decoding=\"async\" width=\"800\" height=\"560\" src=\"https:\/\/minibus.al\/wp-content\/uploads\/2024\/01\/Crop800x600-landscape.jpeg\" class=\"attachment-full size-full wp-image-988653\" alt=\"\" srcset=\"https:\/\/minibus.al\/wp-content\/uploads\/2024\/01\/Crop800x600-landscape.jpeg 800w, https:\/\/minibus.al\/wp-content\/uploads\/2024\/01\/Crop800x600-landscape-600x420.jpeg 600w, https:\/\/minibus.al\/wp-content\/uploads\/2024\/01\/Crop800x600-landscape-300x210.jpeg 300w, https:\/\/minibus.al\/wp-content\/uploads\/2024\/01\/Crop800x600-landscape-768x538.jpeg 768w, https:\/\/minibus.al\/wp-content\/uploads\/2024\/01\/Crop800x600-landscape-630x441.jpeg 630w, https:\/\/minibus.al\/wp-content\/uploads\/2024\/01\/Crop800x600-landscape-420x294.jpeg 420w, https:\/\/minibus.al\/wp-content\/uploads\/2024\/01\/Crop800x600-landscape-315x221.jpeg 315w\" sizes=\"(max-width: 800px) 100vw, 800px\" title=\"\">\t\t\t\t\t\t\t\t<\/a>\n\t\t\t\t\t\t\t\t\t\t\t\t\t\t\t<\/div>\n\t\t\t\t<div class=\"elementor-element elementor-element-fc2951b elementor-widget__width-initial elementor-widget elementor-widget-heading\" data-id=\"fc2951b\" data-element_type=\"widget\" data-e-type=\"widget\" data-widget_type=\"heading.default\">\n\t\t\t\t\t<h3 class=\"elementor-heading-title elementor-size-default\"><a href=\"#\">Preprava so s\u00fakromn\u00fdm \u0161of\u00e9rom<\/a><\/h3>\t\t\t\t<\/div>\n\t\t\t\t<\/div>\n\t\t\t\t<\/div>\n\t\t\t\t\t<\/div>\n\t\t\t\t<\/div>\n\t\t\t\t<\/div>","protected":false},"excerpt":{"rendered":"<p>Politikat e Privat\u00ebsis\u00eb Kjo faqe interneti operohet nga ne dhe ne jemi t\u00eb p\u00ebrkushtuar p\u00ebr t\u00eb mbrojtur dhe ruajtur privat\u00ebsin\u00eb e vizitor\u00ebve tan\u00eb kur vizitojn\u00eb faqen ton\u00eb ose komunikojn\u00eb elektronikisht me ne. Kjo politik\u00eb p\u00ebrcakton se si p\u00ebrpunojm\u00eb t\u00eb dh\u00ebnat personale q\u00eb mbledhim nga ju ose q\u00eb ju na jepni p\u00ebrmes faqes son\u00eb t\u00eb internetit. [&hellip;]<\/p>\n","protected":false},"author":1,"featured_media":0,"parent":0,"menu_order":0,"comment_status":"closed","ping_status":"closed","template":"","meta":{"footnotes":""},"class_list":["post-988419","page","type-page","status-publish","hentry"],"_links":{"self":[{"href":"https:\/\/minibus.al\/sk\/wp-json\/wp\/v2\/pages\/988419","targetHints":{"allow":["GET"]}}],"collection":[{"href":"https:\/\/minibus.al\/sk\/wp-json\/wp\/v2\/pages"}],"about":[{"href":"https:\/\/minibus.al\/sk\/wp-json\/wp\/v2\/types\/page"}],"author":[{"embeddable":true,"href":"https:\/\/minibus.al\/sk\/wp-json\/wp\/v2\/users\/1"}],"replies":[{"embeddable":true,"href":"https:\/\/minibus.al\/sk\/wp-json\/wp\/v2\/comments?post=988419"}],"version-history":[{"count":4,"href":"https:\/\/minibus.al\/sk\/wp-json\/wp\/v2\/pages\/988419\/revisions"}],"predecessor-version":[{"id":989088,"href":"https:\/\/minibus.al\/sk\/wp-json\/wp\/v2\/pages\/988419\/revisions\/989088"}],"wp:attachment":[{"href":"https:\/\/minibus.al\/sk\/wp-json\/wp\/v2\/media?parent=988419"}],"curies":[{"name":"wp","href":"https:\/\/api.w.org\/{rel}","templated":true}]}}