{"id":988417,"date":"2023-04-05T00:18:43","date_gmt":"2023-04-05T00:18:43","guid":{"rendered":"https:\/\/minibus.al\/en\/?page_id=988417"},"modified":"2026-04-07T20:14:12","modified_gmt":"2026-04-07T20:14:12","slug":"kushtet-dhe-rregullat-e-perdorimit","status":"publish","type":"page","link":"https:\/\/minibus.al\/sk\/kushtet-dhe-rregullat-e-perdorimit\/","title":{"rendered":"Kushtet e P\u00ebrdorimit"},"content":{"rendered":"<div data-elementor-type=\"wp-page\" data-elementor-id=\"988417\" class=\"elementor elementor-988417\">\n\t\t\t\t<div class=\"elementor-element elementor-element-4b40c13 e-flex e-con-boxed e-con e-parent\" data-id=\"4b40c13\" data-element_type=\"container\" data-e-type=\"container\" data-settings=\"{&quot;background_background&quot;:&quot;classic&quot;}\">\n\t\t\t\t\t<div class=\"e-con-inner\">\n\t\t<div class=\"elementor-element elementor-element-1762c08 e-con-full e-flex e-con e-child\" data-id=\"1762c08\" data-element_type=\"container\" data-e-type=\"container\">\n\t\t\t\t<div class=\"elementor-element elementor-element-fbc7985 elementor-widget elementor-widget-heading\" data-id=\"fbc7985\" data-element_type=\"widget\" data-e-type=\"widget\" data-widget_type=\"heading.default\">\n\t\t\t\t\t<h1 class=\"elementor-heading-title elementor-size-default\">Kushtet dhe rregullat e p\u00ebrdorimit<\/h1>\t\t\t\t<\/div>\n\t\t\t\t<div class=\"elementor-element elementor-element-47d8e14 elementor-widget elementor-widget-text-editor\" data-id=\"47d8e14\" data-element_type=\"widget\" data-e-type=\"widget\" data-widget_type=\"text-editor.default\">\n\t\t\t\t\t\t\t\t\tKushtet dhe rregullat e p\u00ebrdorimit \u2013 Lexoni termat q\u00eb p\u00ebrcaktojn\u00eb p\u00ebrdorimin e sh\u00ebrbimit ton\u00eb, t\u00eb drejtat dhe detyrimet e p\u00ebrdoruesve, si dhe politikat kryesore p\u00ebr nj\u00eb eksperienc\u00eb t\u00eb sigurt dhe transparente.\n\t\t\t\t\t\t\t\t<\/div>\n\t\t\t\t<\/div>\n\t\t\t\t\t<\/div>\n\t\t\t\t<\/div>\n\t\t<div class=\"elementor-element elementor-element-adc86e9 e-flex e-con-boxed e-con e-parent\" data-id=\"adc86e9\" data-element_type=\"container\" data-e-type=\"container\" data-settings=\"{&quot;background_background&quot;:&quot;classic&quot;}\">\n\t\t\t\t\t<div class=\"e-con-inner\">\n\t\t<div class=\"elementor-element elementor-element-088521f e-con-full e-flex e-con e-child\" data-id=\"088521f\" data-element_type=\"container\" data-e-type=\"container\">\n\t\t\t\t<div class=\"elementor-element elementor-element-96c5e98 elementor-widget elementor-widget-text-editor\" data-id=\"96c5e98\" data-element_type=\"widget\" data-e-type=\"widget\" data-widget_type=\"text-editor.default\">\n\t\t\t\t\t\t\t\t\t<p>T\u00eb gjitha rezervimet me Minibus.al i n\u00ebnshtrohen k\u00ebtyre Kushteve dhe Afateve. Nj\u00eb rezervim konsiderohet i konfirmuar dhe i vlefsh\u00ebm pasi t\u00eb jet\u00eb marr\u00eb konfirmimi (me shkrim ose me goj\u00eb) dhe, kur \u00ebsht\u00eb e aplikueshme, t\u00eb jet\u00eb b\u00ebr\u00eb pagesa e depozit\u00ebs.<\/p><p>N\u00eb k\u00ebto kushte, &#8220;Kompania&#8221; i referohet Minibus.al, nj\u00eb sh\u00ebrbim transporti q\u00eb operon ligj\u00ebrisht n\u00eb Shqip\u00ebri dhe rajonin e Ballkanit.<\/p><p>Ne p\u00ebrpiqemi gjithmon\u00eb t\u00eb ofrojm\u00eb nj\u00eb sh\u00ebrbim t\u00eb sigurt, t\u00eb besuesh\u00ebm dhe profesional. Megjithat\u00eb, n\u00eb rrethana t\u00eb jasht\u00ebzakonshme si trafiku, vonesat n\u00eb rrug\u00eb ose situata t\u00eb paparashikuara, mund t\u00eb ket\u00eb ndryshime n\u00eb orare ose itinerare. N\u00eb \u00e7do rast, ekipi yn\u00eb do t\u00eb b\u00ebj\u00eb gjith\u00e7ka q\u00eb \u00ebsht\u00eb e mundur p\u00ebr t\u00eb minimizuar \u00e7do shqet\u00ebsim dhe p\u00ebr t\u00eb gjetur zgjidhjen m\u00eb t\u00eb mir\u00eb p\u00ebr ju.<\/p><p>\u00c7mimet bazohen n\u00eb kushtet dhe tarifat n\u00eb koh\u00ebn e rezervimit dhe mund t\u00eb ndryshojn\u00eb n\u00eb var\u00ebsi t\u00eb faktor\u00ebve t\u00eb jasht\u00ebm. \u00c7do d\u00ebmtim i shkaktuar n\u00eb automjet nga pasagjer\u00ebt gjat\u00eb udh\u00ebtimit mbetet p\u00ebrgjegj\u00ebsi e klientit.<\/p><p><strong>Rezervimi dhe Pagesa<\/strong><\/p><p>P\u00ebr t\u00eb siguruar rezervimin tuaj, zakonisht k\u00ebrkohet nj\u00eb depozit\u00eb prej 20%, e cila nuk rimbursohet. Shuma e mbetur mund t\u00eb paguhet sipas marr\u00ebveshjes. N\u00ebse akomodimi dhe ushqimi p\u00ebr shoferin ofrohen nga ne, pagesa p\u00ebr akomodimin dhe shoferin b\u00ebhet paraprakisht sepse ne duhet t\u00eb rezervojm\u00eb akomodimin e shoferit pasi \u00e7mimet luhaten.<\/p><p><strong>Anulimet<\/strong><\/p><p>N\u00ebse duhet t\u00eb anuloni rezervimin tuaj, mund t\u00eb aplikohen tarifa n\u00eb var\u00ebsi t\u00eb koh\u00ebs s\u00eb anulimit. Sa m\u00eb af\u00ebr dat\u00ebs s\u00eb udh\u00ebtimit t\u00eb b\u00ebhet anulimi, aq m\u00eb e lart\u00eb mund t\u00eb jet\u00eb tarifa. N\u00eb rast t\u00eb &#8220;mosparaqitjes&#8221;, rezervimi konsiderohet i p\u00ebrfunduar dhe nuk do t\u00eb ofrohet rimbursim. Zakonisht ngarkohet vet\u00ebm depozita prej 20% sepse mbulon kostot tona logjistike.<\/p><p><strong>Sh\u00ebrbimi dhe P\u00ebrgjegj\u00ebsit\u00eb<\/strong><\/p><p>Shofer\u00ebt tan\u00eb jan\u00eb profesionist\u00eb dhe p\u00ebrgjegj\u00ebs p\u00ebr sigurin\u00eb gjat\u00eb gjith\u00eb udh\u00ebtimit. Ata kan\u00eb t\u00eb drejt\u00eb t\u00eb refuzojn\u00eb sh\u00ebrbimin n\u00ebse besojn\u00eb se siguria \u00ebsht\u00eb n\u00eb rrezik.<\/p><p><strong>Rregullat gjat\u00eb udh\u00ebtimit<\/strong><\/p><p>P\u00ebr nj\u00eb p\u00ebrvoj\u00eb t\u00eb k\u00ebndshme p\u00ebr t\u00eb gjith\u00eb:<\/p><p>Pirja e duhanit nuk lejohet n\u00eb automjet.;<\/p><p>Konsumi i ushqimit t\u00eb shpejt\u00eb nuk lejohet.;<br \/>Alkooli lejohet vet\u00ebm me marr\u00ebveshje paraprake.;<br \/>Pasagjer\u00ebt duhet t\u00eb zbatojn\u00eb rregullat e siguris\u00eb dhe udh\u00ebzimet e shoferit.<\/p><p><strong>Bagazhet dhe sendet personale<\/strong><\/p><p>Ne kujdesemi p\u00ebr rehatin\u00eb tuaj, por nuk jemi p\u00ebrgjegj\u00ebs p\u00ebr asnj\u00eb send t\u00eb humbur ose t\u00eb d\u00ebmtuar gjat\u00eb udh\u00ebtimit. Ju lutemi sigurohuni q\u00eb t\u00eb kontrolloni bagazhet tuaja para dhe pas udh\u00ebtimit.<\/p><p><strong>Q\u00ebllimi yn\u00eb<\/strong><\/p><p>Minibus.al \u00ebsht\u00eb i p\u00ebrkushtuar p\u00ebr t\u00eb ofruar nj\u00eb p\u00ebrvoj\u00eb transporti t\u00eb sigurt, t\u00eb rehatshme dhe t\u00eb besueshme. Duke b\u00ebr\u00eb nj\u00eb rezervim me ne, ju pranoni k\u00ebto kushte.<\/p><p>N\u00ebse keni ndonj\u00eb pyetje ose keni nevoj\u00eb p\u00ebr sqarime, ne jemi gjithmon\u00eb t\u00eb gatsh\u00ebm t&#8217;ju ndihmojm\u00eb. Na kontaktoni n\u00eb info@minibus.al.<\/p>\t\t\t\t\t\t\t\t<\/div>\n\t\t\t\t<\/div>\n\t\t<div class=\"elementor-element elementor-element-b5b8340 e-con-full e-flex e-con e-child\" data-id=\"b5b8340\" data-element_type=\"container\" data-e-type=\"container\">\n\t\t<div class=\"elementor-element elementor-element-bc2fa1b e-flex e-con-boxed e-con e-child\" data-id=\"bc2fa1b\" data-element_type=\"container\" data-e-type=\"container\" data-settings=\"{&quot;background_background&quot;:&quot;classic&quot;}\">\n\t\t\t\t\t<div class=\"e-con-inner\">\n\t\t\t\t<div class=\"elementor-element elementor-element-5123186 elementor-widget__width-auto elementor-widget elementor-widget-heading\" data-id=\"5123186\" data-element_type=\"widget\" data-e-type=\"widget\" data-widget_type=\"heading.default\">\n\t\t\t\t\t<h3 class=\"elementor-heading-title elementor-size-default\">Z\u013eava na model 10%<\/h3>\t\t\t\t<\/div>\n\t\t\t\t<div class=\"elementor-element elementor-element-87d0a21 elementor-widget__width-auto elementor-widget elementor-widget-heading\" data-id=\"87d0a21\" data-element_type=\"widget\" data-e-type=\"widget\" data-widget_type=\"heading.default\">\n\t\t\t\t\t<div class=\"elementor-heading-title elementor-size-default\">Z\u013eava a\u017e 10 % na ka\u017ed\u00fa rezerv\u00e1ciu do 31. m\u00e1ja.<\/div>\t\t\t\t<\/div>\n\t\t\t\t\t<\/div>\n\t\t\t\t<\/div>\n\t\t<div class=\"elementor-element elementor-element-ccacd13 e-con-full e-flex e-con e-child\" data-id=\"ccacd13\" data-element_type=\"container\" data-e-type=\"container\">\n\t\t\t\t<div class=\"elementor-element elementor-element-9a3e5a9 elementor-widget__width-initial elementor-widget elementor-widget-image\" data-id=\"9a3e5a9\" data-element_type=\"widget\" data-e-type=\"widget\" data-widget_type=\"image.default\">\n\t\t\t\t\t\t\t\t\t\t\t\t\t\t\t\t<a href=\"#\">\n\t\t\t\t\t\t\t<img fetchpriority=\"high\" decoding=\"async\" width=\"630\" height=\"441\" src=\"https:\/\/minibus.al\/wp-content\/uploads\/2025\/10\/Transfer-416_2268_0182-landscape-630x441-1.jpg\" class=\"attachment-full size-full wp-image-988709\" alt=\"\" srcset=\"https:\/\/minibus.al\/wp-content\/uploads\/2025\/10\/Transfer-416_2268_0182-landscape-630x441-1.jpg 630w, https:\/\/minibus.al\/wp-content\/uploads\/2025\/10\/Transfer-416_2268_0182-landscape-630x441-1-600x420.jpg 600w, https:\/\/minibus.al\/wp-content\/uploads\/2025\/10\/Transfer-416_2268_0182-landscape-630x441-1-300x210.jpg 300w, https:\/\/minibus.al\/wp-content\/uploads\/2025\/10\/Transfer-416_2268_0182-landscape-630x441-1-420x294.jpg 420w, https:\/\/minibus.al\/wp-content\/uploads\/2025\/10\/Transfer-416_2268_0182-landscape-630x441-1-315x221.jpg 315w\" sizes=\"(max-width: 630px) 100vw, 630px\" title=\"\">\t\t\t\t\t\t\t\t<\/a>\n\t\t\t\t\t\t\t\t\t\t\t\t\t\t\t<\/div>\n\t\t\t\t<div class=\"elementor-element elementor-element-7103e44 elementor-widget__width-initial elementor-widget elementor-widget-heading\" data-id=\"7103e44\" data-element_type=\"widget\" data-e-type=\"widget\" data-widget_type=\"heading.default\">\n\t\t\t\t\t<h3 class=\"elementor-heading-title elementor-size-default\"><a href=\"#\">S\u00fakromn\u00fd transfer z letiska<\/a><\/h3>\t\t\t\t<\/div>\n\t\t\t\t<\/div>\n\t\t<div class=\"elementor-element elementor-element-ee1ad98 e-con-full e-flex e-con e-child\" data-id=\"ee1ad98\" data-element_type=\"container\" data-e-type=\"container\">\n\t\t\t\t<div class=\"elementor-element elementor-element-5b8e7c3 elementor-widget__width-initial elementor-widget elementor-widget-image\" data-id=\"5b8e7c3\" data-element_type=\"widget\" data-e-type=\"widget\" data-widget_type=\"image.default\">\n\t\t\t\t\t\t\t\t\t\t\t\t\t\t\t\t<a href=\"#\">\n\t\t\t\t\t\t\t<img decoding=\"async\" width=\"800\" height=\"560\" src=\"https:\/\/minibus.al\/wp-content\/uploads\/2024\/01\/Crop800x600-landscape.jpeg\" class=\"attachment-full size-full wp-image-988653\" alt=\"\" srcset=\"https:\/\/minibus.al\/wp-content\/uploads\/2024\/01\/Crop800x600-landscape.jpeg 800w, https:\/\/minibus.al\/wp-content\/uploads\/2024\/01\/Crop800x600-landscape-600x420.jpeg 600w, https:\/\/minibus.al\/wp-content\/uploads\/2024\/01\/Crop800x600-landscape-300x210.jpeg 300w, https:\/\/minibus.al\/wp-content\/uploads\/2024\/01\/Crop800x600-landscape-768x538.jpeg 768w, https:\/\/minibus.al\/wp-content\/uploads\/2024\/01\/Crop800x600-landscape-630x441.jpeg 630w, https:\/\/minibus.al\/wp-content\/uploads\/2024\/01\/Crop800x600-landscape-420x294.jpeg 420w, https:\/\/minibus.al\/wp-content\/uploads\/2024\/01\/Crop800x600-landscape-315x221.jpeg 315w\" sizes=\"(max-width: 800px) 100vw, 800px\" title=\"\">\t\t\t\t\t\t\t\t<\/a>\n\t\t\t\t\t\t\t\t\t\t\t\t\t\t\t<\/div>\n\t\t\t\t<div class=\"elementor-element elementor-element-6a7fc3f elementor-widget__width-initial elementor-widget elementor-widget-heading\" data-id=\"6a7fc3f\" data-element_type=\"widget\" data-e-type=\"widget\" data-widget_type=\"heading.default\">\n\t\t\t\t\t<h3 class=\"elementor-heading-title elementor-size-default\"><a href=\"#\">Preprava so s\u00fakromn\u00fdm \u0161of\u00e9rom<\/a><\/h3>\t\t\t\t<\/div>\n\t\t\t\t<\/div>\n\t\t\t\t<\/div>\n\t\t\t\t\t<\/div>\n\t\t\t\t<\/div>\n\t\t\t\t<\/div>","protected":false},"excerpt":{"rendered":"<p>Kushtet dhe rregullat e p\u00ebrdorimit Kushtet dhe rregullat e p\u00ebrdorimit \u2013 Lexoni termat q\u00eb p\u00ebrcaktojn\u00eb p\u00ebrdorimin e sh\u00ebrbimit ton\u00eb, t\u00eb drejtat dhe detyrimet e p\u00ebrdoruesve, si dhe politikat kryesore p\u00ebr nj\u00eb eksperienc\u00eb t\u00eb sigurt dhe transparente. T\u00eb gjitha rezervimet me Minibus.al i n\u00ebnshtrohen k\u00ebtyre Kushteve dhe Afateve. Nj\u00eb rezervim konsiderohet i konfirmuar dhe i vlefsh\u00ebm [&hellip;]<\/p>\n","protected":false},"author":1,"featured_media":0,"parent":0,"menu_order":0,"comment_status":"closed","ping_status":"closed","template":"","meta":{"footnotes":""},"class_list":["post-988417","page","type-page","status-publish","hentry"],"_links":{"self":[{"href":"https:\/\/minibus.al\/sk\/wp-json\/wp\/v2\/pages\/988417","targetHints":{"allow":["GET"]}}],"collection":[{"href":"https:\/\/minibus.al\/sk\/wp-json\/wp\/v2\/pages"}],"about":[{"href":"https:\/\/minibus.al\/sk\/wp-json\/wp\/v2\/types\/page"}],"author":[{"embeddable":true,"href":"https:\/\/minibus.al\/sk\/wp-json\/wp\/v2\/users\/1"}],"replies":[{"embeddable":true,"href":"https:\/\/minibus.al\/sk\/wp-json\/wp\/v2\/comments?post=988417"}],"version-history":[{"count":8,"href":"https:\/\/minibus.al\/sk\/wp-json\/wp\/v2\/pages\/988417\/revisions"}],"predecessor-version":[{"id":989484,"href":"https:\/\/minibus.al\/sk\/wp-json\/wp\/v2\/pages\/988417\/revisions\/989484"}],"wp:attachment":[{"href":"https:\/\/minibus.al\/sk\/wp-json\/wp\/v2\/media?parent=988417"}],"curies":[{"name":"wp","href":"https:\/\/api.w.org\/{rel}","templated":true}]}}