{"id":989399,"date":"2026-04-02T20:20:54","date_gmt":"2026-04-02T20:20:54","guid":{"rendered":"https:\/\/minibus.al\/?page_id=989399"},"modified":"2026-04-08T19:49:01","modified_gmt":"2026-04-08T19:49:01","slug":"transfery-z-lotniska-w-tiranie-tia","status":"publish","type":"page","link":"https:\/\/minibus.al\/pl\/transferta-nga-aeroporti-i-tiranes-tia\/","title":{"rendered":"Transfery minibusem z lotniska w Tiranie (TIA)"},"content":{"rendered":"<div data-elementor-type=\"wp-page\" data-elementor-id=\"989399\" class=\"elementor elementor-989399\">\n\t\t\t\t<div class=\"elementor-element elementor-element-d2a2d9f e-flex e-con-boxed e-con e-parent\" data-id=\"d2a2d9f\" data-element_type=\"container\" data-e-type=\"container\" data-settings=\"{&quot;background_background&quot;:&quot;classic&quot;}\">\n\t\t\t\t\t<div class=\"e-con-inner\">\n\t\t<div class=\"elementor-element elementor-element-4a2d7e0 e-con-full e-flex e-con e-child\" data-id=\"4a2d7e0\" data-element_type=\"container\" data-e-type=\"container\">\n\t\t\t\t<div class=\"elementor-element elementor-element-2fd6357 elementor-widget elementor-widget-heading\" data-id=\"2fd6357\" data-element_type=\"widget\" data-e-type=\"widget\" data-widget_type=\"heading.default\">\n\t\t\t\t\t<h1 class=\"elementor-heading-title elementor-size-default\">Transfery minibusem z lotniska w Tiranie (TIA)<\/h1>\t\t\t\t<\/div>\n\t\t\t\t<div class=\"elementor-element elementor-element-99da440 elementor-widget elementor-widget-text-editor\" data-id=\"99da440\" data-element_type=\"widget\" data-e-type=\"widget\" data-widget_type=\"text-editor.default\">\n\t\t\t\t\t\t\t\t\t<p>Transfery minibusem z lotniska w Tiranie (TIA) \u2013 bezpieczny, komfortowy i punktualny transport dla grup. Zarezerwuj profesjonalny transport w konkurencyjnych cenach.<\/p>\t\t\t\t\t\t\t\t<\/div>\n\t\t\t\t<\/div>\n\t\t\t\t\t<\/div>\n\t\t\t\t<\/div>\n\t\t<div class=\"elementor-element elementor-element-8e8fcaa e-flex e-con-boxed e-con e-parent\" data-id=\"8e8fcaa\" data-element_type=\"container\" data-e-type=\"container\" data-settings=\"{&quot;background_background&quot;:&quot;classic&quot;}\">\n\t\t\t\t\t<div class=\"e-con-inner\">\n\t\t<div class=\"elementor-element elementor-element-3278585 e-con-full e-flex e-con e-child\" data-id=\"3278585\" data-element_type=\"container\" data-e-type=\"container\">\n\t\t\t\t<div class=\"elementor-element elementor-element-a91c24d elementor-widget elementor-widget-text-editor\" data-id=\"a91c24d\" data-element_type=\"widget\" data-e-type=\"widget\" data-widget_type=\"text-editor.default\">\n\t\t\t\t\t\t\t\t\t<p>Us\u0142uga transferu minibusem na mi\u0119dzynarodowe lotnisko im. Matki Teresy w Tiranie to nowoczesne i wydajne rozwi\u0105zanie dla zorganizowanego transportu grupowego, \u0142\u0105cz\u0105ce komfort, bezpiecze\u0144stwo i precyzj\u0119 w ka\u017cdym calu. Zaprojektowana z my\u015bl\u0105 o potrzebach podr\u00f3\u017cnych krajowych i mi\u0119dzynarodowych, us\u0142uga ta gwarantuje p\u0142ynny przebieg podr\u00f3\u017cy od momentu przylotu na lotnisko do miejsca docelowego.<\/p><p>Transfery minibusami s\u0105 szczeg\u00f3lnie polecane grupom turystycznym, rodzinom, delegacjom biznesowym i organizacjom eventowym, oferuj\u0105c elastyczno\u015b\u0107 i efektywno\u015b\u0107 w zarz\u0105dzaniu ruchem. Dzi\u0119ki flocie regularnie serwisowanych i wyposa\u017conych w najnowocze\u015bniejsze rozwi\u0105zania pojazd\u00f3w, ka\u017cda podr\u00f3\u017c odbywa si\u0119 w optymalnych warunkach komfortu, a du\u017ca przestrze\u0144 zapewnia maksymaln\u0105 wygod\u0119 pasa\u017cerom i ich baga\u017com.<\/p><p>Jednym z g\u0142\u00f3wnych element\u00f3w wyr\u00f3\u017cniaj\u0105cych t\u0119 us\u0142ug\u0119 jest profesjonalizm personelu. Kierowcy s\u0105 przeszkoleni, do\u015bwiadczeni w transporcie os\u00f3b i posiadaj\u0105 doskona\u0142\u0105 znajomo\u015b\u0107 g\u0142\u00f3wnych tras w Albanii. Oferuj\u0105 nie tylko bezpieczn\u0105 jazd\u0119, ale tak\u017ce sta\u0142\u0105 pomoc w razie potrzeby, gwarantuj\u0105c niezawodno\u015b\u0107 i organizacj\u0119 na ka\u017cdym etapie.<\/p><p>Ponadto us\u0142uga transferu lotniskowego opiera si\u0119 na zasadzie przejrzysto\u015bci i precyzyjnego planowania. Cena obejmuje wszystkie koszty operacyjne, takie jak paliwo, wynagrodzenie kierowcy i op\u0142aty drogowe, co pozwala unikn\u0105\u0107 niepotrzebnych niespodzianek i zapewnia klientowi pe\u0142n\u0105 przejrzysto\u015b\u0107.<\/p>\t\t\t\t\t\t\t\t<\/div>\n\t\t\t\t<div class=\"elementor-element elementor-element-548f5b6 elementor-widget elementor-widget-heading\" data-id=\"548f5b6\" data-element_type=\"widget\" data-e-type=\"widget\" data-widget_type=\"heading.default\">\n\t\t\t\t\t<h3 class=\"elementor-heading-title elementor-size-default\">Dlaczego minibus.al?<\/h3>\t\t\t\t<\/div>\n\t\t\t\t<div class=\"elementor-element elementor-element-0ec8830 elementor-view-stacked elementor-position-inline-start elementor-mobile-position-inline-start elementor-shape-circle elementor-widget elementor-widget-icon-box\" data-id=\"0ec8830\" data-element_type=\"widget\" data-e-type=\"widget\" data-widget_type=\"icon-box.default\">\n\t\t\t\t\t\t\t<div class=\"elementor-icon-box-wrapper\">\n\n\t\t\t\t\t\t<div class=\"elementor-icon-box-icon\">\n\t\t\t\t<span  class=\"elementor-icon\">\n\t\t\t\t<svg aria-hidden=\"true\" class=\"e-font-icon-svg e-fas-check\" viewbox=\"0 0 512 512\" xmlns=\"http:\/\/www.w3.org\/2000\/svg\"><path d=\"M173.898 439.404l-166.4-166.4c-9.997-9.997-9.997-26.206 0-36.204l36.203-36.204c9.997-9.998 26.207-9.998 36.204 0L192 312.69 432.095 72.596c9.997-9.997 26.207-9.997 36.204 0l36.203 36.204c9.997 9.997 9.997 26.206 0 36.204l-294.4 294.401c-9.998 9.997-26.207 9.997-36.204-.001z\"><\/path><\/svg>\t\t\t\t<\/span>\n\t\t\t<\/div>\n\t\t\t\n\t\t\t\t\t\t<div class=\"elementor-icon-box-content\">\n\n\t\t\t\t\t\t\t\t\t<h3 class=\"elementor-icon-box-title\">\n\t\t\t\t\t\t<span  >\n\t\t\t\t\t\t\tPrzejrzyste ceny, bez ukrytych op\u0142at i wysokich cen.\t\t\t\t\t\t<\/span>\n\t\t\t\t\t<\/h3>\n\t\t\t\t\n\t\t\t\t\n\t\t\t<\/div>\n\t\t\t\n\t\t<\/div>\n\t\t\t\t\t\t<\/div>\n\t\t\t\t<div class=\"elementor-element elementor-element-946d278 elementor-view-stacked elementor-position-inline-start elementor-mobile-position-inline-start elementor-shape-circle elementor-widget elementor-widget-icon-box\" data-id=\"946d278\" data-element_type=\"widget\" data-e-type=\"widget\" data-widget_type=\"icon-box.default\">\n\t\t\t\t\t\t\t<div class=\"elementor-icon-box-wrapper\">\n\n\t\t\t\t\t\t<div class=\"elementor-icon-box-icon\">\n\t\t\t\t<span  class=\"elementor-icon\">\n\t\t\t\t<svg aria-hidden=\"true\" class=\"e-font-icon-svg e-fas-check\" viewbox=\"0 0 512 512\" xmlns=\"http:\/\/www.w3.org\/2000\/svg\"><path d=\"M173.898 439.404l-166.4-166.4c-9.997-9.997-9.997-26.206 0-36.204l36.203-36.204c9.997-9.998 26.207-9.998 36.204 0L192 312.69 432.095 72.596c9.997-9.997 26.207-9.997 36.204 0l36.203 36.204c9.997 9.997 9.997 26.206 0 36.204l-294.4 294.401c-9.998 9.997-26.207 9.997-36.204-.001z\"><\/path><\/svg>\t\t\t\t<\/span>\n\t\t\t<\/div>\n\t\t\t\n\t\t\t\t\t\t<div class=\"elementor-icon-box-content\">\n\n\t\t\t\t\t\t\t\t\t<h3 class=\"elementor-icon-box-title\">\n\t\t\t\t\t\t<span  >\n\t\t\t\t\t\t\tProfesjonalnie przeszkoleni, kompetentni i bezpieczni kierowcy.\t\t\t\t\t\t<\/span>\n\t\t\t\t\t<\/h3>\n\t\t\t\t\n\t\t\t\t\n\t\t\t<\/div>\n\t\t\t\n\t\t<\/div>\n\t\t\t\t\t\t<\/div>\n\t\t\t\t<div class=\"elementor-element elementor-element-eb78e8d elementor-view-stacked elementor-position-inline-start elementor-mobile-position-inline-start elementor-shape-circle elementor-widget elementor-widget-icon-box\" data-id=\"eb78e8d\" data-element_type=\"widget\" data-e-type=\"widget\" data-widget_type=\"icon-box.default\">\n\t\t\t\t\t\t\t<div class=\"elementor-icon-box-wrapper\">\n\n\t\t\t\t\t\t<div class=\"elementor-icon-box-icon\">\n\t\t\t\t<span  class=\"elementor-icon\">\n\t\t\t\t<svg aria-hidden=\"true\" class=\"e-font-icon-svg e-fas-check\" viewbox=\"0 0 512 512\" xmlns=\"http:\/\/www.w3.org\/2000\/svg\"><path d=\"M173.898 439.404l-166.4-166.4c-9.997-9.997-9.997-26.206 0-36.204l36.203-36.204c9.997-9.998 26.207-9.998 36.204 0L192 312.69 432.095 72.596c9.997-9.997 26.207-9.997 36.204 0l36.203 36.204c9.997 9.997 9.997 26.206 0 36.204l-294.4 294.401c-9.998 9.997-26.207 9.997-36.204-.001z\"><\/path><\/svg>\t\t\t\t<\/span>\n\t\t\t<\/div>\n\t\t\t\n\t\t\t\t\t\t<div class=\"elementor-icon-box-content\">\n\n\t\t\t\t\t\t\t\t\t<h3 class=\"elementor-icon-box-title\">\n\t\t\t\t\t\t<span  >\n\t\t\t\t\t\t\t\u0141atwa i bezpieczna rezerwacja online, dost\u0119pna 24\/7.\t\t\t\t\t\t<\/span>\n\t\t\t\t\t<\/h3>\n\t\t\t\t\n\t\t\t\t\n\t\t\t<\/div>\n\t\t\t\n\t\t<\/div>\n\t\t\t\t\t\t<\/div>\n\t\t\t\t<div class=\"elementor-element elementor-element-843de5d elementor-widget elementor-widget-image\" data-id=\"843de5d\" data-element_type=\"widget\" data-e-type=\"widget\" data-widget_type=\"image.default\">\n\t\t\t\t\t\t\t\t\t\t\t\t\t\t\t<img fetchpriority=\"high\" decoding=\"async\" width=\"800\" height=\"560\" src=\"https:\/\/minibus.al\/wp-content\/uploads\/2024\/01\/01-landscape.jpg\" class=\"attachment-large size-large wp-image-988652\" alt=\"\" srcset=\"https:\/\/minibus.al\/wp-content\/uploads\/2024\/01\/01-landscape.jpg 893w, https:\/\/minibus.al\/wp-content\/uploads\/2024\/01\/01-landscape-600x420.jpg 600w, https:\/\/minibus.al\/wp-content\/uploads\/2024\/01\/01-landscape-300x210.jpg 300w, https:\/\/minibus.al\/wp-content\/uploads\/2024\/01\/01-landscape-768x538.jpg 768w, https:\/\/minibus.al\/wp-content\/uploads\/2024\/01\/01-landscape-630x441.jpg 630w, https:\/\/minibus.al\/wp-content\/uploads\/2024\/01\/01-landscape-420x294.jpg 420w, https:\/\/minibus.al\/wp-content\/uploads\/2024\/01\/01-landscape-840x588.jpg 840w, https:\/\/minibus.al\/wp-content\/uploads\/2024\/01\/01-landscape-315x220.jpg 315w\" sizes=\"(max-width: 800px) 100vw, 800px\" title=\"\">\t\t\t\t\t\t\t\t\t\t\t\t\t\t\t<\/div>\n\t\t\t\t<div class=\"elementor-element elementor-element-1e367ce elementor-widget elementor-widget-heading\" data-id=\"1e367ce\" data-element_type=\"widget\" data-e-type=\"widget\" data-widget_type=\"heading.default\">\n\t\t\t\t\t<h3 class=\"elementor-heading-title elementor-size-default\">Jak to dzia\u0142a?<\/h3>\t\t\t\t<\/div>\n\t\t\t\t<div class=\"elementor-element elementor-element-839d4cd elementor-widget elementor-widget-text-editor\" data-id=\"839d4cd\" data-element_type=\"widget\" data-e-type=\"widget\" data-widget_type=\"text-editor.default\">\n\t\t\t\t\t\t\t\t\t<p>Rezerwacji dokonuje si\u0119 \u0142atwo i z wyprzedzeniem, co daje pewno\u015b\u0107, \u017ce ka\u017cdy szczeg\u00f3\u0142 zostanie potwierdzony przed wyjazdem.<\/p>\t\t\t\t\t\t\t\t<\/div>\n\t\t\t\t<\/div>\n\t\t<div class=\"elementor-element elementor-element-14e938a e-con-full e-flex e-con e-child\" data-id=\"14e938a\" data-element_type=\"container\" data-e-type=\"container\">\n\t\t<div class=\"elementor-element elementor-element-9fbad5a e-flex e-con-boxed e-con e-child\" data-id=\"9fbad5a\" data-element_type=\"container\" data-e-type=\"container\" data-settings=\"{&quot;background_background&quot;:&quot;classic&quot;}\">\n\t\t\t\t\t<div class=\"e-con-inner\">\n\t\t\t\t<div class=\"elementor-element elementor-element-4122ed1 elementor-widget__width-auto elementor-widget elementor-widget-heading\" data-id=\"4122ed1\" data-element_type=\"widget\" data-e-type=\"widget\" data-widget_type=\"heading.default\">\n\t\t\t\t\t<h3 class=\"elementor-heading-title elementor-size-default\">10% zni\u017cki<\/h3>\t\t\t\t<\/div>\n\t\t\t\t<div class=\"elementor-element elementor-element-63e7bd7 elementor-widget__width-auto elementor-widget elementor-widget-heading\" data-id=\"63e7bd7\" data-element_type=\"widget\" data-e-type=\"widget\" data-widget_type=\"heading.default\">\n\t\t\t\t\t<div class=\"elementor-heading-title elementor-size-default\">Do 10% zni\u017cki na ka\u017cd\u0105 rezerwacj\u0119 do 31 maja.<\/div>\t\t\t\t<\/div>\n\t\t\t\t\t<\/div>\n\t\t\t\t<\/div>\n\t\t<div class=\"elementor-element elementor-element-8de9231 e-con-full e-flex e-con e-child\" data-id=\"8de9231\" data-element_type=\"container\" data-e-type=\"container\">\n\t\t\t\t<div class=\"elementor-element elementor-element-48258c4 elementor-widget__width-initial elementor-widget elementor-widget-image\" data-id=\"48258c4\" data-element_type=\"widget\" data-e-type=\"widget\" data-widget_type=\"image.default\">\n\t\t\t\t\t\t\t\t\t\t\t\t\t\t\t\t<a href=\"#\">\n\t\t\t\t\t\t\t<img decoding=\"async\" width=\"630\" height=\"441\" src=\"https:\/\/minibus.al\/wp-content\/uploads\/2025\/10\/Transfer-416_2268_0182-landscape-630x441-1.jpg\" class=\"attachment-full size-full wp-image-988709\" alt=\"\" srcset=\"https:\/\/minibus.al\/wp-content\/uploads\/2025\/10\/Transfer-416_2268_0182-landscape-630x441-1.jpg 630w, https:\/\/minibus.al\/wp-content\/uploads\/2025\/10\/Transfer-416_2268_0182-landscape-630x441-1-600x420.jpg 600w, https:\/\/minibus.al\/wp-content\/uploads\/2025\/10\/Transfer-416_2268_0182-landscape-630x441-1-300x210.jpg 300w, https:\/\/minibus.al\/wp-content\/uploads\/2025\/10\/Transfer-416_2268_0182-landscape-630x441-1-420x294.jpg 420w, https:\/\/minibus.al\/wp-content\/uploads\/2025\/10\/Transfer-416_2268_0182-landscape-630x441-1-315x221.jpg 315w\" sizes=\"(max-width: 630px) 100vw, 630px\" title=\"\">\t\t\t\t\t\t\t\t<\/a>\n\t\t\t\t\t\t\t\t\t\t\t\t\t\t\t<\/div>\n\t\t\t\t<div class=\"elementor-element elementor-element-3730970 elementor-widget__width-initial elementor-widget elementor-widget-heading\" data-id=\"3730970\" data-element_type=\"widget\" data-e-type=\"widget\" data-widget_type=\"heading.default\">\n\t\t\t\t\t<h3 class=\"elementor-heading-title elementor-size-default\"><a href=\"#\">Prywatne transfery z lotniska<\/a><\/h3>\t\t\t\t<\/div>\n\t\t\t\t<\/div>\n\t\t<div class=\"elementor-element elementor-element-3d4b246 e-con-full e-flex e-con e-child\" data-id=\"3d4b246\" data-element_type=\"container\" data-e-type=\"container\">\n\t\t\t\t<div class=\"elementor-element elementor-element-4ba7087 elementor-widget__width-initial elementor-widget elementor-widget-image\" data-id=\"4ba7087\" data-element_type=\"widget\" data-e-type=\"widget\" data-widget_type=\"image.default\">\n\t\t\t\t\t\t\t\t\t\t\t\t\t\t\t\t<a href=\"#\">\n\t\t\t\t\t\t\t<img decoding=\"async\" width=\"800\" height=\"560\" src=\"https:\/\/minibus.al\/wp-content\/uploads\/2024\/01\/Crop800x600-landscape.jpeg\" class=\"attachment-full size-full wp-image-988653\" alt=\"\" srcset=\"https:\/\/minibus.al\/wp-content\/uploads\/2024\/01\/Crop800x600-landscape.jpeg 800w, https:\/\/minibus.al\/wp-content\/uploads\/2024\/01\/Crop800x600-landscape-600x420.jpeg 600w, https:\/\/minibus.al\/wp-content\/uploads\/2024\/01\/Crop800x600-landscape-300x210.jpeg 300w, https:\/\/minibus.al\/wp-content\/uploads\/2024\/01\/Crop800x600-landscape-768x538.jpeg 768w, https:\/\/minibus.al\/wp-content\/uploads\/2024\/01\/Crop800x600-landscape-630x441.jpeg 630w, https:\/\/minibus.al\/wp-content\/uploads\/2024\/01\/Crop800x600-landscape-420x294.jpeg 420w, https:\/\/minibus.al\/wp-content\/uploads\/2024\/01\/Crop800x600-landscape-315x221.jpeg 315w\" sizes=\"(max-width: 800px) 100vw, 800px\" title=\"\">\t\t\t\t\t\t\t\t<\/a>\n\t\t\t\t\t\t\t\t\t\t\t\t\t\t\t<\/div>\n\t\t\t\t<div class=\"elementor-element elementor-element-9b316ee elementor-widget__width-initial elementor-widget elementor-widget-heading\" data-id=\"9b316ee\" data-element_type=\"widget\" data-e-type=\"widget\" data-widget_type=\"heading.default\">\n\t\t\t\t\t<h3 class=\"elementor-heading-title elementor-size-default\"><a href=\"#\">Transfer z prywatnym kierowc\u0105<\/a><\/h3>\t\t\t\t<\/div>\n\t\t\t\t<\/div>\n\t\t\t\t<\/div>\n\t\t\t\t\t<\/div>\n\t\t\t\t<\/div>\n\t\t\t\t<\/div>","protected":false},"excerpt":{"rendered":"<p>Transferta me Minibus nga Aeroporti i Tiran\u00ebs (TIA) Transferta me minibus nga Aeroporti i Tiran\u00ebs (TIA) \u2013 sh\u00ebrbim i sigurt, komod dhe n\u00eb koh\u00eb p\u00ebr grupe. Rezervoni leht\u00ebsisht transport profesional me \u00e7mime konkurruese. Sh\u00ebrbimi i transfertave me minibus nga Tirana International Airport N\u00ebn\u00eb Tereza p\u00ebrfaq\u00ebson nj\u00eb zgjidhje moderne dhe efikase p\u00ebr transportin e organizuar t\u00eb [&hellip;]<\/p>\n","protected":false},"author":1,"featured_media":989409,"parent":0,"menu_order":0,"comment_status":"closed","ping_status":"closed","template":"","meta":{"footnotes":""},"class_list":["post-989399","page","type-page","status-publish","has-post-thumbnail","hentry"],"_links":{"self":[{"href":"https:\/\/minibus.al\/pl\/wp-json\/wp\/v2\/pages\/989399","targetHints":{"allow":["GET"]}}],"collection":[{"href":"https:\/\/minibus.al\/pl\/wp-json\/wp\/v2\/pages"}],"about":[{"href":"https:\/\/minibus.al\/pl\/wp-json\/wp\/v2\/types\/page"}],"author":[{"embeddable":true,"href":"https:\/\/minibus.al\/pl\/wp-json\/wp\/v2\/users\/1"}],"replies":[{"embeddable":true,"href":"https:\/\/minibus.al\/pl\/wp-json\/wp\/v2\/comments?post=989399"}],"version-history":[{"count":11,"href":"https:\/\/minibus.al\/pl\/wp-json\/wp\/v2\/pages\/989399\/revisions"}],"predecessor-version":[{"id":989491,"href":"https:\/\/minibus.al\/pl\/wp-json\/wp\/v2\/pages\/989399\/revisions\/989491"}],"wp:featuredmedia":[{"embeddable":true,"href":"https:\/\/minibus.al\/pl\/wp-json\/wp\/v2\/media\/989409"}],"wp:attachment":[{"href":"https:\/\/minibus.al\/pl\/wp-json\/wp\/v2\/media?parent=989399"}],"curies":[{"name":"wp","href":"https:\/\/api.w.org\/{rel}","templated":true}]}}