{"id":989011,"date":"2025-12-16T07:36:43","date_gmt":"2025-12-16T07:36:43","guid":{"rendered":"https:\/\/minibus.al\/?page_id=989011"},"modified":"2025-12-16T07:38:06","modified_gmt":"2025-12-16T07:38:06","slug":"do-18-pasazerow","status":"publish","type":"page","link":"https:\/\/minibus.al\/pl\/flota-jone\/deri-ne-18-pasagjere\/","title":{"rendered":"Wynajem minibusa z kierowc\u0105 w Albanii \u2013 do 18 pasa\u017cer\u00f3w"},"content":{"rendered":"<div data-elementor-type=\"wp-page\" data-elementor-id=\"989011\" class=\"elementor elementor-989011\">\n\t\t\t\t<div class=\"elementor-element elementor-element-2bde2da e-flex e-con-boxed e-con e-parent\" data-id=\"2bde2da\" data-element_type=\"container\" data-e-type=\"container\" data-settings=\"{&quot;background_background&quot;:&quot;classic&quot;}\">\n\t\t\t\t\t<div class=\"e-con-inner\">\n\t\t<div class=\"elementor-element elementor-element-ee41b66 e-con-full e-flex e-con e-child\" data-id=\"ee41b66\" data-element_type=\"container\" data-e-type=\"container\">\n\t\t\t\t<div class=\"elementor-element elementor-element-abd650d elementor-widget elementor-widget-heading\" data-id=\"abd650d\" data-element_type=\"widget\" data-e-type=\"widget\" data-widget_type=\"heading.default\">\n\t\t\t\t\t<h1 class=\"elementor-heading-title elementor-size-default\">Wynajem minibusa z kierowc\u0105 w Albanii \u2013 do 18 pasa\u017cer\u00f3w<\/h1>\t\t\t\t<\/div>\n\t\t\t\t<div class=\"elementor-element elementor-element-b53403e elementor-widget elementor-widget-text-editor\" data-id=\"b53403e\" data-element_type=\"widget\" data-e-type=\"widget\" data-widget_type=\"text-editor.default\">\n\t\t\t\t\t\t\t\t\t<p>Zarezerwuj ju\u017c teraz minibus z kierowc\u0105 w Albanii dla grup do 18 os\u00f3b. Bezpieczny i komfortowy transport w Tiranie, Durr\u00ebs, Szkodrze i innych destynacjach turystycznych, eventowych i s\u0142u\u017cbowych.<\/p>\t\t\t\t\t\t\t\t<\/div>\n\t\t\t\t<\/div>\n\t\t\t\t\t<\/div>\n\t\t\t\t<\/div>\n\t\t<div class=\"elementor-element elementor-element-e125e23 e-flex e-con-boxed e-con e-parent\" data-id=\"e125e23\" data-element_type=\"container\" data-e-type=\"container\" data-settings=\"{&quot;background_background&quot;:&quot;classic&quot;}\">\n\t\t\t\t\t<div class=\"e-con-inner\">\n\t\t<div class=\"elementor-element elementor-element-5a9d3ce e-con-full e-flex e-con e-child\" data-id=\"5a9d3ce\" data-element_type=\"container\" data-e-type=\"container\">\n\t\t\t\t<div class=\"elementor-element elementor-element-cf95fae elementor-widget elementor-widget-text-editor\" data-id=\"cf95fae\" data-element_type=\"widget\" data-e-type=\"widget\" data-widget_type=\"text-editor.default\">\n\t\t\t\t\t\t\t\t\t<p>Oferujemy wynajem minibus\u00f3w z kierowc\u0105 na terenie ca\u0142ej Albanii, idealny dla grup do 18 pasa\u017cer\u00f3w. Us\u0142uga ta zosta\u0142a zaprojektowana, aby zagwarantowa\u0107 Pa\u0144stwu komfortow\u0105, bezpieczn\u0105 i zorganizowan\u0105 podr\u00f3\u017c, niezale\u017cnie od tego, czy podr\u00f3\u017cuj\u0105 Pa\u0144stwo w celach turystycznych, na imprezy, czy w zwi\u0105zku z obowi\u0105zkami s\u0142u\u017cbowymi.<\/p>\t\t\t\t\t\t\t\t<\/div>\n\t\t\t\t<div class=\"elementor-element elementor-element-4f2db3b elementor-widget elementor-widget-heading\" data-id=\"4f2db3b\" data-element_type=\"widget\" data-e-type=\"widget\" data-widget_type=\"heading.default\">\n\t\t\t\t\t<h3 class=\"elementor-heading-title elementor-size-default\">Adaptowalno\u015b\u0107 dla r\u00f3\u017cnych grup<\/h3>\t\t\t\t<\/div>\n\t\t\t\t<div class=\"elementor-element elementor-element-30d43d6 elementor-widget elementor-widget-text-editor\" data-id=\"30d43d6\" data-element_type=\"widget\" data-e-type=\"widget\" data-widget_type=\"text-editor.default\">\n\t\t\t\t\t\t\t\t\tNasze minibusy to idealny wyb\u00f3r dla biur podr\u00f3\u017cy, rodzin, grup przyjaci\u00f3\u0142, firm, organizator\u00f3w imprez i operator\u00f3w poszukuj\u0105cych regularnego i profesjonalnego transportu. W bran\u017cy turystycznej oferujemy elastyczne trasy, opcjonalne przystanki i do\u015bwiadczonych kierowc\u00f3w, kt\u00f3rzy znaj\u0105 ka\u017cdy odcinek alba\u0144skich dr\u00f3g. W bran\u017cy eventowej dbamy o to, aby transport grupowy przebiega\u0142 bezstresowo \u2013 od wesel i imprez firmowych, po koncerty, konferencje, uroczysto\u015bci rodzinne i zaj\u0119cia sportowe.\t\t\t\t\t\t\t\t<\/div>\n\t\t\t\t<div class=\"elementor-element elementor-element-094774e elementor-widget elementor-widget-heading\" data-id=\"094774e\" data-element_type=\"widget\" data-e-type=\"widget\" data-widget_type=\"heading.default\">\n\t\t\t\t\t<h3 class=\"elementor-heading-title elementor-size-default\">Wynajem minibus\u00f3w w Tiranie i okolicach.<br><\/h3>\t\t\t\t<\/div>\n\t\t\t\t<div class=\"elementor-element elementor-element-c2badbf elementor-widget elementor-widget-text-editor\" data-id=\"c2badbf\" data-element_type=\"widget\" data-e-type=\"widget\" data-widget_type=\"text-editor.default\">\n\t\t\t\t\t\t\t\t\tNasza us\u0142uga wynajmu minibus\u00f3w obejmuje g\u0142\u00f3wne miasta Albanii, takie jak Tirana, Durr\u00ebs, Szkodra, Wlora, Sarand, Berat, Gjirokastra, Korcza, Elbasan i Le\u017ca. Z lotniska w Tiranie do miast-muze\u00f3w na po\u0142udniowym wybrze\u017cu oferujemy bezpieczny i zsynchronizowany transport, dopasowany do Twojego harmonogramu i potrzeb.\t\t\t\t\t\t\t\t<\/div>\n\t\t\t\t<div class=\"elementor-element elementor-element-0e04ef8 elementor-widget elementor-widget-heading\" data-id=\"0e04ef8\" data-element_type=\"widget\" data-e-type=\"widget\" data-widget_type=\"heading.default\">\n\t\t\t\t\t<h3 class=\"elementor-heading-title elementor-size-default\">Kierowcy zawodowi i bezpieczna podr\u00f3\u017c<\/h3>\t\t\t\t<\/div>\n\t\t\t\t<div class=\"elementor-element elementor-element-f2e72c7 elementor-widget elementor-widget-text-editor\" data-id=\"f2e72c7\" data-element_type=\"widget\" data-e-type=\"widget\" data-widget_type=\"text-editor.default\">\n\t\t\t\t\t\t\t\t\tKa\u017cda podr\u00f3\u017c odbywa si\u0119 pod okiem profesjonalnych, przeszkolonych i licencjonowanych kierowc\u00f3w. Nasze minibusy gwarantuj\u0105 komfort, klimatyzacj\u0119, przestrze\u0144 baga\u017cow\u0105 i pe\u0142ne do\u015bwiadczenie podr\u00f3\u017cy, dzi\u0119ki czemu ka\u017cda trasa przebiega sprawnie i przyjemnie.\t\t\t\t\t\t\t\t<\/div>\n\t\t\t\t<div class=\"elementor-element elementor-element-23592db elementor-widget elementor-widget-heading\" data-id=\"23592db\" data-element_type=\"widget\" data-e-type=\"widget\" data-widget_type=\"heading.default\">\n\t\t\t\t\t<h3 class=\"elementor-heading-title elementor-size-default\">Dlaczego minibus.al?<\/h3>\t\t\t\t<\/div>\n\t\t\t\t<div class=\"elementor-element elementor-element-288ca7f elementor-widget elementor-widget-text-editor\" data-id=\"288ca7f\" data-element_type=\"widget\" data-e-type=\"widget\" data-widget_type=\"text-editor.default\">\n\t\t\t\t\t\t\t\t\tRozumiemy, \u017ce ka\u017cda podr\u00f3\u017c ma inne potrzeby. Dlatego oferujemy szeroki wyb\u00f3r minibus\u00f3w dla ma\u0142ych i du\u017cych grup, spersonalizowane trasy i profesjonalnie przeszkolonych kierowc\u00f3w. Bezpiecze\u0144stwo, komfort i profesjonalizm to nasze podstawowe zasady, kt\u00f3re gwarantuj\u0105 przyjemne i bezproblemowe podr\u00f3\u017cowanie ka\u017cdemu pasa\u017cerowi.\t\t\t\t\t\t\t\t<\/div>\n\t\t\t\t<div class=\"elementor-element elementor-element-6d08aec elementor-widget elementor-widget-image\" data-id=\"6d08aec\" data-element_type=\"widget\" data-e-type=\"widget\" data-widget_type=\"image.default\">\n\t\t\t\t\t\t\t\t\t\t\t\t\t\t\t<img fetchpriority=\"high\" decoding=\"async\" width=\"800\" height=\"560\" src=\"https:\/\/minibus.al\/wp-content\/uploads\/2024\/01\/01-landscape.jpg\" class=\"attachment-large size-large wp-image-988652\" alt=\"\" srcset=\"https:\/\/minibus.al\/wp-content\/uploads\/2024\/01\/01-landscape.jpg 893w, https:\/\/minibus.al\/wp-content\/uploads\/2024\/01\/01-landscape-600x420.jpg 600w, https:\/\/minibus.al\/wp-content\/uploads\/2024\/01\/01-landscape-300x210.jpg 300w, https:\/\/minibus.al\/wp-content\/uploads\/2024\/01\/01-landscape-768x538.jpg 768w, https:\/\/minibus.al\/wp-content\/uploads\/2024\/01\/01-landscape-630x441.jpg 630w, https:\/\/minibus.al\/wp-content\/uploads\/2024\/01\/01-landscape-420x294.jpg 420w, https:\/\/minibus.al\/wp-content\/uploads\/2024\/01\/01-landscape-840x588.jpg 840w, https:\/\/minibus.al\/wp-content\/uploads\/2024\/01\/01-landscape-315x220.jpg 315w\" sizes=\"(max-width: 800px) 100vw, 800px\" title=\"\">\t\t\t\t\t\t\t\t\t\t\t\t\t\t\t<\/div>\n\t\t\t\t<div class=\"elementor-element elementor-element-1e7cd0e elementor-widget elementor-widget-heading\" data-id=\"1e7cd0e\" data-element_type=\"widget\" data-e-type=\"widget\" data-widget_type=\"heading.default\">\n\t\t\t\t\t<h3 class=\"elementor-heading-title elementor-size-default\">Maksymalny komfort i wygoda<\/h3>\t\t\t\t<\/div>\n\t\t\t\t<div class=\"elementor-element elementor-element-61ae5bf elementor-widget elementor-widget-text-editor\" data-id=\"61ae5bf\" data-element_type=\"widget\" data-e-type=\"widget\" data-widget_type=\"text-editor.default\">\n\t\t\t\t\t\t\t\t\t<p>Je\u015bli potrzebujesz niezawodnego transportu \u201eod drzwi do drzwi\u201d dla ma\u0142ych grup, nasze minibusy z szoferem to idealny wyb\u00f3r. Dbamy o ka\u017cdy szczeg\u00f3\u0142 \u2013 tras\u0119, rozk\u0142ad jazdy, przystanki i komfort \u2013 dzi\u0119ki czemu mo\u017cesz skupi\u0107 si\u0119 wy\u0142\u0105cznie na podr\u00f3\u017cy i doznaniach.<\/p>\t\t\t\t\t\t\t\t<\/div>\n\t\t\t\t<\/div>\n\t\t<div class=\"elementor-element elementor-element-21695eb e-con-full e-flex e-con e-child\" data-id=\"21695eb\" data-element_type=\"container\" data-e-type=\"container\">\n\t\t<div class=\"elementor-element elementor-element-9e6287b e-flex e-con-boxed e-con e-child\" data-id=\"9e6287b\" data-element_type=\"container\" data-e-type=\"container\" data-settings=\"{&quot;background_background&quot;:&quot;classic&quot;}\">\n\t\t\t\t\t<div class=\"e-con-inner\">\n\t\t\t\t<div class=\"elementor-element elementor-element-be48760 elementor-widget__width-auto elementor-widget elementor-widget-heading\" data-id=\"be48760\" data-element_type=\"widget\" data-e-type=\"widget\" data-widget_type=\"heading.default\">\n\t\t\t\t\t<h3 class=\"elementor-heading-title elementor-size-default\">10% zni\u017cki<\/h3>\t\t\t\t<\/div>\n\t\t\t\t<div class=\"elementor-element elementor-element-3de29c3 elementor-widget__width-auto elementor-widget elementor-widget-heading\" data-id=\"3de29c3\" data-element_type=\"widget\" data-e-type=\"widget\" data-widget_type=\"heading.default\">\n\t\t\t\t\t<div class=\"elementor-heading-title elementor-size-default\">Do 10% zni\u017cki na ka\u017cd\u0105 rezerwacj\u0119 do 31 maja 2026!<\/div>\t\t\t\t<\/div>\n\t\t\t\t\t<\/div>\n\t\t\t\t<\/div>\n\t\t<div class=\"elementor-element elementor-element-59e80db e-con-full e-flex e-con e-child\" data-id=\"59e80db\" data-element_type=\"container\" data-e-type=\"container\">\n\t\t\t\t<div class=\"elementor-element elementor-element-02125ec elementor-widget__width-initial elementor-widget elementor-widget-heading\" data-id=\"02125ec\" data-element_type=\"widget\" data-e-type=\"widget\" data-widget_type=\"heading.default\">\n\t\t\t\t\t<h3 class=\"elementor-heading-title elementor-size-default\"><a href=\"https:\/\/minibus.al\/pl\/minibus-do-wynajecia-z-kierowca-na-wycieczki-turystyczne\/\">Wynajem minibusa dla turystyki<\/a><\/h3>\t\t\t\t<\/div>\n\t\t\t\t<\/div>\n\t\t<div class=\"elementor-element elementor-element-d78acf1 e-con-full e-flex e-con e-child\" data-id=\"d78acf1\" data-element_type=\"container\" data-e-type=\"container\">\n\t\t\t\t<div class=\"elementor-element elementor-element-7db6655 elementor-widget__width-initial elementor-widget elementor-widget-heading\" data-id=\"7db6655\" data-element_type=\"widget\" data-e-type=\"widget\" data-widget_type=\"heading.default\">\n\t\t\t\t\t<h3 class=\"elementor-heading-title elementor-size-default\"><a href=\"https:\/\/minibus.al\/pl\/minibus-do-wynajecia-z-kierowca-na-imprezy\/\">Wynajem minibus\u00f3w na imprezy<\/a><\/h3>\t\t\t\t<\/div>\n\t\t\t\t<\/div>\n\t\t<div class=\"elementor-element elementor-element-9e5c0e6 e-con-full e-flex e-con e-child\" data-id=\"9e5c0e6\" data-element_type=\"container\" data-e-type=\"container\">\n\t\t\t\t<div class=\"elementor-element elementor-element-9e8ecef elementor-widget__width-initial elementor-widget elementor-widget-heading\" data-id=\"9e8ecef\" data-element_type=\"widget\" data-e-type=\"widget\" data-widget_type=\"heading.default\">\n\t\t\t\t\t<h3 class=\"elementor-heading-title elementor-size-default\"><a href=\"https:\/\/minibus.al\/pl\/minibus-do-wynajecia-na-lotnisku-w-tiranie\/\">Prywatne transfery z lotniska<\/a><\/h3>\t\t\t\t<\/div>\n\t\t\t\t<\/div>\n\t\t\t\t<\/div>\n\t\t\t\t\t<\/div>\n\t\t\t\t<\/div>\n\t\t\t\t<\/div>","protected":false},"excerpt":{"rendered":"<p>Minibus me qira me shofer n\u00eb Shqip\u00ebri \u2013 deri n\u00eb 18 pasagjer\u00eb Rezervo tani minibus me shofer n\u00eb Shqip\u00ebri p\u00ebr grupe deri n\u00eb 18 persona. Transport i sigurt dhe i komod n\u00eb Tiran\u00eb, Durr\u00ebs, Shkod\u00ebr dhe destinacione t\u00eb tjera p\u00ebr turiz\u00ebm, evente dhe udh\u00ebtime biznesi. Ne ofrojm\u00eb sh\u00ebrbimin e minibuseve me qira me shofer n\u00eb [&hellip;]<\/p>\n","protected":false},"author":1,"featured_media":988652,"parent":988966,"menu_order":0,"comment_status":"closed","ping_status":"closed","template":"","meta":{"footnotes":""},"class_list":["post-989011","page","type-page","status-publish","has-post-thumbnail","hentry"],"_links":{"self":[{"href":"https:\/\/minibus.al\/pl\/wp-json\/wp\/v2\/pages\/989011","targetHints":{"allow":["GET"]}}],"collection":[{"href":"https:\/\/minibus.al\/pl\/wp-json\/wp\/v2\/pages"}],"about":[{"href":"https:\/\/minibus.al\/pl\/wp-json\/wp\/v2\/types\/page"}],"author":[{"embeddable":true,"href":"https:\/\/minibus.al\/pl\/wp-json\/wp\/v2\/users\/1"}],"replies":[{"embeddable":true,"href":"https:\/\/minibus.al\/pl\/wp-json\/wp\/v2\/comments?post=989011"}],"version-history":[{"count":8,"href":"https:\/\/minibus.al\/pl\/wp-json\/wp\/v2\/pages\/989011\/revisions"}],"predecessor-version":[{"id":989019,"href":"https:\/\/minibus.al\/pl\/wp-json\/wp\/v2\/pages\/989011\/revisions\/989019"}],"up":[{"embeddable":true,"href":"https:\/\/minibus.al\/pl\/wp-json\/wp\/v2\/pages\/988966"}],"wp:featuredmedia":[{"embeddable":true,"href":"https:\/\/minibus.al\/pl\/wp-json\/wp\/v2\/media\/988652"}],"wp:attachment":[{"href":"https:\/\/minibus.al\/pl\/wp-json\/wp\/v2\/media?parent=989011"}],"curies":[{"name":"wp","href":"https:\/\/api.w.org\/{rel}","templated":true}]}}