{"id":988961,"date":"2025-12-12T07:38:26","date_gmt":"2025-12-12T07:38:26","guid":{"rendered":"https:\/\/minibus.al\/?page_id=988961"},"modified":"2025-12-12T08:13:29","modified_gmt":"2025-12-12T08:13:29","slug":"do-8-pasazerow","status":"publish","type":"page","link":"https:\/\/minibus.al\/pl\/flota-jone\/deri-ne-8-pasagjer\/","title":{"rendered":"Wynajem minibusa 8+1 z kierowc\u0105 w Albanii"},"content":{"rendered":"<div data-elementor-type=\"wp-page\" data-elementor-id=\"988961\" class=\"elementor elementor-988961\">\n\t\t\t\t<div class=\"elementor-element elementor-element-9157af8 e-flex e-con-boxed e-con e-parent\" data-id=\"9157af8\" data-element_type=\"container\" data-e-type=\"container\" data-settings=\"{&quot;background_background&quot;:&quot;classic&quot;}\">\n\t\t\t\t\t<div class=\"e-con-inner\">\n\t\t<div class=\"elementor-element elementor-element-2404e81 e-con-full e-flex e-con e-child\" data-id=\"2404e81\" data-element_type=\"container\" data-e-type=\"container\">\n\t\t\t\t<div class=\"elementor-element elementor-element-543e65c elementor-widget elementor-widget-heading\" data-id=\"543e65c\" data-element_type=\"widget\" data-e-type=\"widget\" data-widget_type=\"heading.default\">\n\t\t\t\t\t<h1 class=\"elementor-heading-title elementor-size-default\">Wynajem minibusa z kierowc\u0105 w Albanii - do 8 pasa\u017cer\u00f3w<\/h1>\t\t\t\t<\/div>\n\t\t\t\t<div class=\"elementor-element elementor-element-c4c7f96 elementor-widget elementor-widget-text-editor\" data-id=\"c4c7f96\" data-element_type=\"widget\" data-e-type=\"widget\" data-widget_type=\"text-editor.default\">\n\t\t\t\t\t\t\t\t\tZarezerwuj ju\u017c teraz minibus z kierowc\u0105 w Albanii dla grup do 8 os\u00f3b. Bezpieczny i komfortowy transport w Tiranie, Durr\u00ebs, Szkodrze i innych destynacjach turystycznych, eventowych i s\u0142u\u017cbowych.\t\t\t\t\t\t\t\t<\/div>\n\t\t\t\t<\/div>\n\t\t\t\t\t<\/div>\n\t\t\t\t<\/div>\n\t\t<div class=\"elementor-element elementor-element-d7bac3e e-flex e-con-boxed e-con e-parent\" data-id=\"d7bac3e\" data-element_type=\"container\" data-e-type=\"container\" data-settings=\"{&quot;background_background&quot;:&quot;classic&quot;}\">\n\t\t\t\t\t<div class=\"e-con-inner\">\n\t\t<div class=\"elementor-element elementor-element-50917bb e-con-full e-flex e-con e-child\" data-id=\"50917bb\" data-element_type=\"container\" data-e-type=\"container\">\n\t\t\t\t<div class=\"elementor-element elementor-element-df454eb elementor-widget elementor-widget-text-editor\" data-id=\"df454eb\" data-element_type=\"widget\" data-e-type=\"widget\" data-widget_type=\"text-editor.default\">\n\t\t\t\t\t\t\t\t\tOferujemy wynajem minibus\u00f3w z kierowc\u0105 w ca\u0142ej Albanii, idealny dla grup do 8 pasa\u017cer\u00f3w. Us\u0142uga ta zosta\u0142a zaprojektowana, aby zagwarantowa\u0107 Pa\u0144stwu komfortow\u0105, bezpieczn\u0105 i zorganizowan\u0105 podr\u00f3\u017c, niezale\u017cnie od tego, czy podr\u00f3\u017cuj\u0105 Pa\u0144stwo w celach turystycznych, na wydarzenia, czy w zwi\u0105zku z obowi\u0105zkami s\u0142u\u017cbowymi.\t\t\t\t\t\t\t\t<\/div>\n\t\t\t\t<div class=\"elementor-element elementor-element-f998bee elementor-widget elementor-widget-heading\" data-id=\"f998bee\" data-element_type=\"widget\" data-e-type=\"widget\" data-widget_type=\"heading.default\">\n\t\t\t\t\t<h3 class=\"elementor-heading-title elementor-size-default\">Adaptowalno\u015b\u0107 dla r\u00f3\u017cnych grup<\/h3>\t\t\t\t<\/div>\n\t\t\t\t<div class=\"elementor-element elementor-element-7f980eb elementor-widget elementor-widget-text-editor\" data-id=\"7f980eb\" data-element_type=\"widget\" data-e-type=\"widget\" data-widget_type=\"text-editor.default\">\n\t\t\t\t\t\t\t\t\tNasze minibusy to idealny wyb\u00f3r dla biur podr\u00f3\u017cy, rodzin, grup przyjaci\u00f3\u0142, firm, organizator\u00f3w imprez i operator\u00f3w poszukuj\u0105cych regularnego i profesjonalnego transportu. W bran\u017cy turystycznej oferujemy elastyczne trasy, opcjonalne przystanki i do\u015bwiadczonych kierowc\u00f3w, kt\u00f3rzy znaj\u0105 ka\u017cdy odcinek alba\u0144skich dr\u00f3g. W bran\u017cy eventowej dbamy o to, aby transport grupowy przebiega\u0142 bezstresowo \u2013 od wesel i imprez firmowych, po koncerty, konferencje, uroczysto\u015bci rodzinne i zaj\u0119cia sportowe.\t\t\t\t\t\t\t\t<\/div>\n\t\t\t\t<div class=\"elementor-element elementor-element-3f29037 elementor-widget elementor-widget-heading\" data-id=\"3f29037\" data-element_type=\"widget\" data-e-type=\"widget\" data-widget_type=\"heading.default\">\n\t\t\t\t\t<h3 class=\"elementor-heading-title elementor-size-default\">Wynajem minibus\u00f3w w Tiranie i okolicach.<br><\/h3>\t\t\t\t<\/div>\n\t\t\t\t<div class=\"elementor-element elementor-element-8a03359 elementor-widget elementor-widget-text-editor\" data-id=\"8a03359\" data-element_type=\"widget\" data-e-type=\"widget\" data-widget_type=\"text-editor.default\">\n\t\t\t\t\t\t\t\t\tNasza us\u0142uga wynajmu minibus\u00f3w obejmuje g\u0142\u00f3wne miasta Albanii, takie jak Tirana, Durr\u00ebs, Szkodra, Wlora, Sarand, Berat, Gjirokastra, Korcza, Elbasan i Le\u017ca. Z lotniska w Tiranie do miast-muze\u00f3w na po\u0142udniowym wybrze\u017cu oferujemy bezpieczny i zsynchronizowany transport, dopasowany do Twojego harmonogramu i potrzeb.\t\t\t\t\t\t\t\t<\/div>\n\t\t\t\t<div class=\"elementor-element elementor-element-cc8576f elementor-widget elementor-widget-heading\" data-id=\"cc8576f\" data-element_type=\"widget\" data-e-type=\"widget\" data-widget_type=\"heading.default\">\n\t\t\t\t\t<h3 class=\"elementor-heading-title elementor-size-default\">Kierowcy zawodowi i bezpieczna podr\u00f3\u017c<\/h3>\t\t\t\t<\/div>\n\t\t\t\t<div class=\"elementor-element elementor-element-b75389e elementor-widget elementor-widget-text-editor\" data-id=\"b75389e\" data-element_type=\"widget\" data-e-type=\"widget\" data-widget_type=\"text-editor.default\">\n\t\t\t\t\t\t\t\t\tKa\u017cda podr\u00f3\u017c odbywa si\u0119 pod okiem profesjonalnych, przeszkolonych i licencjonowanych kierowc\u00f3w. Nasze minibusy gwarantuj\u0105 komfort, klimatyzacj\u0119, przestrze\u0144 baga\u017cow\u0105 i pe\u0142ne do\u015bwiadczenie podr\u00f3\u017cy, dzi\u0119ki czemu ka\u017cda trasa przebiega sprawnie i przyjemnie.\t\t\t\t\t\t\t\t<\/div>\n\t\t\t\t<div class=\"elementor-element elementor-element-636ac8c elementor-widget elementor-widget-heading\" data-id=\"636ac8c\" data-element_type=\"widget\" data-e-type=\"widget\" data-widget_type=\"heading.default\">\n\t\t\t\t\t<h3 class=\"elementor-heading-title elementor-size-default\">Dlaczego minibus.al?<\/h3>\t\t\t\t<\/div>\n\t\t\t\t<div class=\"elementor-element elementor-element-07ca6b1 elementor-widget elementor-widget-text-editor\" data-id=\"07ca6b1\" data-element_type=\"widget\" data-e-type=\"widget\" data-widget_type=\"text-editor.default\">\n\t\t\t\t\t\t\t\t\tRozumiemy, \u017ce ka\u017cda podr\u00f3\u017c ma inne potrzeby. Dlatego oferujemy szeroki wyb\u00f3r minibus\u00f3w dla ma\u0142ych i du\u017cych grup, spersonalizowane trasy i profesjonalnie przeszkolonych kierowc\u00f3w. Bezpiecze\u0144stwo, komfort i profesjonalizm to nasze podstawowe zasady, kt\u00f3re gwarantuj\u0105 przyjemne i bezproblemowe podr\u00f3\u017cowanie ka\u017cdemu pasa\u017cerowi.\t\t\t\t\t\t\t\t<\/div>\n\t\t\t\t<div class=\"elementor-element elementor-element-911e7de elementor-widget elementor-widget-image\" data-id=\"911e7de\" data-element_type=\"widget\" data-e-type=\"widget\" data-widget_type=\"image.default\">\n\t\t\t\t\t\t\t\t\t\t\t\t\t\t\t<img fetchpriority=\"high\" decoding=\"async\" width=\"800\" height=\"560\" src=\"https:\/\/minibus.al\/wp-content\/uploads\/2024\/01\/Crop800x600-landscape.jpeg\" class=\"attachment-large size-large wp-image-988653\" alt=\"\" srcset=\"https:\/\/minibus.al\/wp-content\/uploads\/2024\/01\/Crop800x600-landscape.jpeg 800w, https:\/\/minibus.al\/wp-content\/uploads\/2024\/01\/Crop800x600-landscape-600x420.jpeg 600w, https:\/\/minibus.al\/wp-content\/uploads\/2024\/01\/Crop800x600-landscape-300x210.jpeg 300w, https:\/\/minibus.al\/wp-content\/uploads\/2024\/01\/Crop800x600-landscape-768x538.jpeg 768w, https:\/\/minibus.al\/wp-content\/uploads\/2024\/01\/Crop800x600-landscape-630x441.jpeg 630w, https:\/\/minibus.al\/wp-content\/uploads\/2024\/01\/Crop800x600-landscape-420x294.jpeg 420w, https:\/\/minibus.al\/wp-content\/uploads\/2024\/01\/Crop800x600-landscape-315x221.jpeg 315w\" sizes=\"(max-width: 800px) 100vw, 800px\" title=\"\">\t\t\t\t\t\t\t\t\t\t\t\t\t\t\t<\/div>\n\t\t\t\t<div class=\"elementor-element elementor-element-89ea343 elementor-widget elementor-widget-heading\" data-id=\"89ea343\" data-element_type=\"widget\" data-e-type=\"widget\" data-widget_type=\"heading.default\">\n\t\t\t\t\t<h3 class=\"elementor-heading-title elementor-size-default\">Maksymalny komfort i wygoda<\/h3>\t\t\t\t<\/div>\n\t\t\t\t<div class=\"elementor-element elementor-element-c34765b elementor-widget elementor-widget-text-editor\" data-id=\"c34765b\" data-element_type=\"widget\" data-e-type=\"widget\" data-widget_type=\"text-editor.default\">\n\t\t\t\t\t\t\t\t\t<p>Je\u015bli potrzebujesz niezawodnego transportu \u201eod drzwi do drzwi\u201d dla ma\u0142ych grup, nasze minibusy z szoferem to idealny wyb\u00f3r. Dbamy o ka\u017cdy szczeg\u00f3\u0142 \u2013 tras\u0119, rozk\u0142ad jazdy, przystanki i komfort \u2013 dzi\u0119ki czemu mo\u017cesz skupi\u0107 si\u0119 wy\u0142\u0105cznie na podr\u00f3\u017cy i doznaniach.<\/p>\t\t\t\t\t\t\t\t<\/div>\n\t\t\t\t<\/div>\n\t\t<div class=\"elementor-element elementor-element-5053aa3 e-con-full e-flex e-con e-child\" data-id=\"5053aa3\" data-element_type=\"container\" data-e-type=\"container\">\n\t\t<div class=\"elementor-element elementor-element-d7f78a8 e-flex e-con-boxed e-con e-child\" data-id=\"d7f78a8\" data-element_type=\"container\" data-e-type=\"container\" data-settings=\"{&quot;background_background&quot;:&quot;classic&quot;}\">\n\t\t\t\t\t<div class=\"e-con-inner\">\n\t\t\t\t<div class=\"elementor-element elementor-element-dbfdd6b elementor-widget__width-auto elementor-widget elementor-widget-heading\" data-id=\"dbfdd6b\" data-element_type=\"widget\" data-e-type=\"widget\" data-widget_type=\"heading.default\">\n\t\t\t\t\t<h3 class=\"elementor-heading-title elementor-size-default\">10% zni\u017cki<\/h3>\t\t\t\t<\/div>\n\t\t\t\t<div class=\"elementor-element elementor-element-8915590 elementor-widget__width-auto elementor-widget elementor-widget-heading\" data-id=\"8915590\" data-element_type=\"widget\" data-e-type=\"widget\" data-widget_type=\"heading.default\">\n\t\t\t\t\t<div class=\"elementor-heading-title elementor-size-default\">Do 10% zni\u017cki na ka\u017cd\u0105 rezerwacj\u0119 do 31 maja 2026!<\/div>\t\t\t\t<\/div>\n\t\t\t\t\t<\/div>\n\t\t\t\t<\/div>\n\t\t<div class=\"elementor-element elementor-element-5681020 e-con-full e-flex e-con e-child\" data-id=\"5681020\" data-element_type=\"container\" data-e-type=\"container\">\n\t\t\t\t<div class=\"elementor-element elementor-element-bab86e4 elementor-widget__width-initial elementor-widget elementor-widget-heading\" data-id=\"bab86e4\" data-element_type=\"widget\" data-e-type=\"widget\" data-widget_type=\"heading.default\">\n\t\t\t\t\t<h3 class=\"elementor-heading-title elementor-size-default\"><a href=\"https:\/\/minibus.al\/pl\/minibus-do-wynajecia-z-kierowca-na-wycieczki-turystyczne\/\">Wynajem minibusa dla turystyki<\/a><\/h3>\t\t\t\t<\/div>\n\t\t\t\t<\/div>\n\t\t<div class=\"elementor-element elementor-element-aa61225 e-con-full e-flex e-con e-child\" data-id=\"aa61225\" data-element_type=\"container\" data-e-type=\"container\">\n\t\t\t\t<div class=\"elementor-element elementor-element-f9f6754 elementor-widget__width-initial elementor-widget elementor-widget-heading\" data-id=\"f9f6754\" data-element_type=\"widget\" data-e-type=\"widget\" data-widget_type=\"heading.default\">\n\t\t\t\t\t<h3 class=\"elementor-heading-title elementor-size-default\"><a href=\"https:\/\/minibus.al\/pl\/minibus-do-wynajecia-z-kierowca-na-imprezy\/\">Wynajem minibus\u00f3w na imprezy<\/a><\/h3>\t\t\t\t<\/div>\n\t\t\t\t<\/div>\n\t\t<div class=\"elementor-element elementor-element-36b1fbe e-con-full e-flex e-con e-child\" data-id=\"36b1fbe\" data-element_type=\"container\" data-e-type=\"container\">\n\t\t\t\t<div class=\"elementor-element elementor-element-8ec7acc elementor-widget__width-initial elementor-widget elementor-widget-heading\" data-id=\"8ec7acc\" data-element_type=\"widget\" data-e-type=\"widget\" data-widget_type=\"heading.default\">\n\t\t\t\t\t<h3 class=\"elementor-heading-title elementor-size-default\"><a href=\"https:\/\/minibus.al\/pl\/minibus-do-wynajecia-na-lotnisku-w-tiranie\/\">Prywatne transfery z lotniska<\/a><\/h3>\t\t\t\t<\/div>\n\t\t\t\t<\/div>\n\t\t\t\t<\/div>\n\t\t\t\t\t<\/div>\n\t\t\t\t<\/div>\n\t\t\t\t<\/div>","protected":false},"excerpt":{"rendered":"<p>Minibus me qira me shofer n\u00eb Shqip\u00ebri \u2013 deri n\u00eb 8 pasagjer\u00eb Rezervo tani minibus me shofer n\u00eb Shqip\u00ebri p\u00ebr grupe deri n\u00eb 8 persona. Transport i sigurt dhe i komod n\u00eb Tiran\u00eb, Durr\u00ebs, Shkod\u00ebr dhe destinacione t\u00eb tjera p\u00ebr turiz\u00ebm, evente dhe udh\u00ebtime biznesi.Ne ofrojm\u00eb sh\u00ebrbimin e minibuseve me qira me shofer n\u00eb t\u00eb [&hellip;]<\/p>\n","protected":false},"author":1,"featured_media":988710,"parent":988966,"menu_order":0,"comment_status":"closed","ping_status":"closed","template":"","meta":{"footnotes":""},"class_list":["post-988961","page","type-page","status-publish","has-post-thumbnail","hentry"],"_links":{"self":[{"href":"https:\/\/minibus.al\/pl\/wp-json\/wp\/v2\/pages\/988961","targetHints":{"allow":["GET"]}}],"collection":[{"href":"https:\/\/minibus.al\/pl\/wp-json\/wp\/v2\/pages"}],"about":[{"href":"https:\/\/minibus.al\/pl\/wp-json\/wp\/v2\/types\/page"}],"author":[{"embeddable":true,"href":"https:\/\/minibus.al\/pl\/wp-json\/wp\/v2\/users\/1"}],"replies":[{"embeddable":true,"href":"https:\/\/minibus.al\/pl\/wp-json\/wp\/v2\/comments?post=988961"}],"version-history":[{"count":14,"href":"https:\/\/minibus.al\/pl\/wp-json\/wp\/v2\/pages\/988961\/revisions"}],"predecessor-version":[{"id":989006,"href":"https:\/\/minibus.al\/pl\/wp-json\/wp\/v2\/pages\/988961\/revisions\/989006"}],"up":[{"embeddable":true,"href":"https:\/\/minibus.al\/pl\/wp-json\/wp\/v2\/pages\/988966"}],"wp:featuredmedia":[{"embeddable":true,"href":"https:\/\/minibus.al\/pl\/wp-json\/wp\/v2\/media\/988710"}],"wp:attachment":[{"href":"https:\/\/minibus.al\/pl\/wp-json\/wp\/v2\/media?parent=988961"}],"curies":[{"name":"wp","href":"https:\/\/api.w.org\/{rel}","templated":true}]}}