{"id":988882,"date":"2025-10-17T18:38:51","date_gmt":"2025-10-17T18:38:51","guid":{"rendered":"https:\/\/minibus.al\/?page_id=988882"},"modified":"2025-10-17T18:44:38","modified_gmt":"2025-10-17T18:44:38","slug":"minibus-do-wynajecia-z-kierowca-w-szkodrze","status":"publish","type":"page","link":"https:\/\/minibus.al\/pl\/minibus-me-qira-me-shofer-ne-shkoder\/","title":{"rendered":"Wynajem minibusa z kierowc\u0105 w Szkodrze."},"content":{"rendered":"<div data-elementor-type=\"wp-page\" data-elementor-id=\"988882\" class=\"elementor elementor-988882\">\n\t\t\t\t<div class=\"elementor-element elementor-element-3eb81e3 e-flex e-con-boxed e-con e-parent\" data-id=\"3eb81e3\" data-element_type=\"container\" data-e-type=\"container\" data-settings=\"{&quot;background_background&quot;:&quot;classic&quot;}\">\n\t\t\t\t\t<div class=\"e-con-inner\">\n\t\t<div class=\"elementor-element elementor-element-a9c2e8c e-con-full e-flex e-con e-child\" data-id=\"a9c2e8c\" data-element_type=\"container\" data-e-type=\"container\">\n\t\t\t\t<div class=\"elementor-element elementor-element-690a1bf elementor-widget elementor-widget-heading\" data-id=\"690a1bf\" data-element_type=\"widget\" data-e-type=\"widget\" data-widget_type=\"heading.default\">\n\t\t\t\t\t<h1 class=\"elementor-heading-title elementor-size-default\">Wynajem minibusa z kierowc\u0105 w Szkodrze.\n<\/h1>\t\t\t\t<\/div>\n\t\t\t\t<\/div>\n\t\t\t\t\t<\/div>\n\t\t\t\t<\/div>\n\t\t<div class=\"elementor-element elementor-element-205d263 e-flex e-con-boxed e-con e-parent\" data-id=\"205d263\" data-element_type=\"container\" data-e-type=\"container\" data-settings=\"{&quot;background_background&quot;:&quot;classic&quot;}\">\n\t\t\t\t\t<div class=\"e-con-inner\">\n\t\t<div class=\"elementor-element elementor-element-344d019 e-con-full e-flex e-con e-child\" data-id=\"344d019\" data-element_type=\"container\" data-e-type=\"container\">\n\t\t\t\t<div class=\"elementor-element elementor-element-987ead1 elementor-widget elementor-widget-text-editor\" data-id=\"987ead1\" data-element_type=\"widget\" data-e-type=\"widget\" data-widget_type=\"text-editor.default\">\n\t\t\t\t\t\t\t\t\tJe\u015bli istnieje prosty, wygodny i praktyczny spos\u00f3b na odkrycie pi\u0119kna p\u00f3\u0142nocnej Albanii, to bez w\u0105tpienia jest to podr\u00f3\u017c wynaj\u0119tym minibusem z kierowc\u0105 w Szkodrze. W mie\u015bcie, kt\u00f3re \u0142\u0105czy histori\u0119, kultur\u0119 i dzik\u0105 przyrod\u0119 Alp, zorganizowany transport i do\u015bwiadczony kierowca to wygoda, kt\u00f3ra robi r\u00f3\u017cnic\u0119.\t\t\t\t\t\t\t\t<\/div>\n\t\t\t\t<div class=\"elementor-element elementor-element-3148f1d elementor-widget elementor-widget-heading\" data-id=\"3148f1d\" data-element_type=\"widget\" data-e-type=\"widget\" data-widget_type=\"heading.default\">\n\t\t\t\t\t<h3 class=\"elementor-heading-title elementor-size-default\">Dlaczego warto wybra\u0107 minibus z kierowc\u0105 w Szkodrze?<\/h3>\t\t\t\t<\/div>\n\t\t\t\t<div class=\"elementor-element elementor-element-8ea637f elementor-widget elementor-widget-text-editor\" data-id=\"8ea637f\" data-element_type=\"widget\" data-e-type=\"widget\" data-widget_type=\"text-editor.default\">\n\t\t\t\t\t\t\t\t\tSzkodra to nie tylko miasto, ale brama do przygody. Od Jeziora Szkoderskiego i zamku Rozafa, po g\u00f3rskie drogi prowadz\u0105ce do Theth lub Valbony, podr\u00f3\u017c wymaga koordynacji, bezpiecze\u0144stwa i kogo\u015b, kto zna teren.\nLokalny kierowca to co\u015b wi\u0119cej ni\u017c kierowca \u2013 to cichy przewodnik, kt\u00f3ry zna ka\u017cdy zakr\u0119t, ka\u017cde miejsce odpoczynku, ka\u017cd\u0105 uliczk\u0119, w kt\u00f3rej mo\u017cna zatrzyma\u0107 si\u0119 na tradycyjn\u0105 kaw\u0119 lub zrobi\u0107 zdj\u0119cie, kt\u00f3rego nie zaoferuje \u017caden przewodnik turystyczny.\t\t\t\t\t\t\t\t<\/div>\n\t\t\t\t<div class=\"elementor-element elementor-element-0f5c701 elementor-widget elementor-widget-heading\" data-id=\"0f5c701\" data-element_type=\"widget\" data-e-type=\"widget\" data-widget_type=\"heading.default\">\n\t\t\t\t\t<h3 class=\"elementor-heading-title elementor-size-default\">Udogodnienia dla ka\u017cdej grupy i kierunku<\/h3>\t\t\t\t<\/div>\n\t\t\t\t<div class=\"elementor-element elementor-element-4ed6aaa elementor-widget elementor-widget-text-editor\" data-id=\"4ed6aaa\" data-element_type=\"widget\" data-e-type=\"widget\" data-widget_type=\"text-editor.default\">\n\t\t\t\t\t\t\t\t\tMinibusy s\u0105 idealne dla grup przyjaci\u00f3\u0142, rodzin lub zespo\u0142\u00f3w roboczych, kt\u00f3re chc\u0105 podr\u00f3\u017cowa\u0107 razem bez stresu zwi\u0105zanego z konieczno\u015bci\u0105 koordynowania kilku samochod\u00f3w. Wyposa\u017cone w klimatyzacj\u0119, wygodne siedzenia, du\u017cy baga\u017cnik i Wi-Fi, pojazdy te zapewniaj\u0105 komfortow\u0105 podr\u00f3\u017c, niezale\u017cnie od tego, czy jest to transfer z lotniska w Tiranie, jednodniowa wycieczka w Alpy, czy kilkudniowa podr\u00f3\u017c po p\u00f3\u0142nocnej Albanii.\t\t\t\t\t\t\t\t<\/div>\n\t\t\t\t<div class=\"elementor-element elementor-element-b43ba81 elementor-widget elementor-widget-heading\" data-id=\"b43ba81\" data-element_type=\"widget\" data-e-type=\"widget\" data-widget_type=\"heading.default\">\n\t\t\t\t\t<h3 class=\"elementor-heading-title elementor-size-default\">Do\u015bwiadczeni i uprzejmi kierowcy<\/h3>\t\t\t\t<\/div>\n\t\t\t\t<div class=\"elementor-element elementor-element-3869852 elementor-widget elementor-widget-text-editor\" data-id=\"3869852\" data-element_type=\"widget\" data-e-type=\"widget\" data-widget_type=\"text-editor.default\">\n\t\t\t\t\t\t\t\t\tNa g\u00f3rskich drogach p\u00f3\u0142nocy do\u015bwiadczenie kierowcy ma ogromne znaczenie. Profesjonalny kierowca ze Szkodry zna ka\u017cdy szczeg\u00f3\u0142 trasy \u2013 od nat\u0119\u017cenia ruchu, tras alternatywnych, po najlepsze miejsca na lunch czy zdj\u0119cia panoramiczne. Co wi\u0119cej, zawsze jest uprzejmy, punktualny i elastycznie dostosowuje si\u0119 do potrzeb pasa\u017cer\u00f3w.\t\t\t\t\t\t\t\t<\/div>\n\t\t\t\t<div class=\"elementor-element elementor-element-41768af elementor-widget elementor-widget-heading\" data-id=\"41768af\" data-element_type=\"widget\" data-e-type=\"widget\" data-widget_type=\"heading.default\">\n\t\t\t\t\t<h3 class=\"elementor-heading-title elementor-size-default\">Idealny dla turyst\u00f3w, biur podr\u00f3\u017cy i lokalnych grup<\/h3>\t\t\t\t<\/div>\n\t\t\t\t<div class=\"elementor-element elementor-element-1a27095 elementor-widget elementor-widget-text-editor\" data-id=\"1a27095\" data-element_type=\"widget\" data-e-type=\"widget\" data-widget_type=\"text-editor.default\">\n\t\t\t\t\t\t\t\t\tNiezale\u017cnie od tego, czy jeste\u015b turyst\u0105 szukaj\u0105cym autentycznych wra\u017ce\u0144, agencj\u0105 turystyczn\u0105, czy firm\u0105 potrzebuj\u0105c\u0105 transportu grupowego, wynaj\u0119cie minibusa z kierowc\u0105 to najrozs\u0105dniejszy wyb\u00f3r.\nNie musisz martwi\u0107 si\u0119 o parking, paliwo ani potencjalnie trudne drogi \u2013 ka\u017cdy szczeg\u00f3\u0142 jest dopilnowany za Ciebie.\t\t\t\t\t\t\t\t<\/div>\n\t\t\t\t<div class=\"elementor-element elementor-element-5caf2cc elementor-widget elementor-widget-heading\" data-id=\"5caf2cc\" data-element_type=\"widget\" data-e-type=\"widget\" data-widget_type=\"heading.default\">\n\t\t\t\t\t<h3 class=\"elementor-heading-title elementor-size-default\">Dlaczego minibus.al?<\/h3>\t\t\t\t<\/div>\n\t\t\t\t<div class=\"elementor-element elementor-element-5ad1945 elementor-view-stacked elementor-position-inline-start elementor-mobile-position-inline-start elementor-shape-circle elementor-widget elementor-widget-icon-box\" data-id=\"5ad1945\" data-element_type=\"widget\" data-e-type=\"widget\" data-widget_type=\"icon-box.default\">\n\t\t\t\t\t\t\t<div class=\"elementor-icon-box-wrapper\">\n\n\t\t\t\t\t\t<div class=\"elementor-icon-box-icon\">\n\t\t\t\t<span  class=\"elementor-icon\">\n\t\t\t\t<svg aria-hidden=\"true\" class=\"e-font-icon-svg e-fas-check\" viewbox=\"0 0 512 512\" xmlns=\"http:\/\/www.w3.org\/2000\/svg\"><path d=\"M173.898 439.404l-166.4-166.4c-9.997-9.997-9.997-26.206 0-36.204l36.203-36.204c9.997-9.998 26.207-9.998 36.204 0L192 312.69 432.095 72.596c9.997-9.997 26.207-9.997 36.204 0l36.203 36.204c9.997 9.997 9.997 26.206 0 36.204l-294.4 294.401c-9.998 9.997-26.207 9.997-36.204-.001z\"><\/path><\/svg>\t\t\t\t<\/span>\n\t\t\t<\/div>\n\t\t\t\n\t\t\t\t\t\t<div class=\"elementor-icon-box-content\">\n\n\t\t\t\t\t\t\t\t\t<h3 class=\"elementor-icon-box-title\">\n\t\t\t\t\t\t<span  >\n\t\t\t\t\t\t\tPrzejrzyste ceny, bez ukrytych op\u0142at i wysokich cen.\t\t\t\t\t\t<\/span>\n\t\t\t\t\t<\/h3>\n\t\t\t\t\n\t\t\t\t\n\t\t\t<\/div>\n\t\t\t\n\t\t<\/div>\n\t\t\t\t\t\t<\/div>\n\t\t\t\t<div class=\"elementor-element elementor-element-0e0518c elementor-view-stacked elementor-position-inline-start elementor-mobile-position-inline-start elementor-shape-circle elementor-widget elementor-widget-icon-box\" data-id=\"0e0518c\" data-element_type=\"widget\" data-e-type=\"widget\" data-widget_type=\"icon-box.default\">\n\t\t\t\t\t\t\t<div class=\"elementor-icon-box-wrapper\">\n\n\t\t\t\t\t\t<div class=\"elementor-icon-box-icon\">\n\t\t\t\t<span  class=\"elementor-icon\">\n\t\t\t\t<svg aria-hidden=\"true\" class=\"e-font-icon-svg e-fas-check\" viewbox=\"0 0 512 512\" xmlns=\"http:\/\/www.w3.org\/2000\/svg\"><path d=\"M173.898 439.404l-166.4-166.4c-9.997-9.997-9.997-26.206 0-36.204l36.203-36.204c9.997-9.998 26.207-9.998 36.204 0L192 312.69 432.095 72.596c9.997-9.997 26.207-9.997 36.204 0l36.203 36.204c9.997 9.997 9.997 26.206 0 36.204l-294.4 294.401c-9.998 9.997-26.207 9.997-36.204-.001z\"><\/path><\/svg>\t\t\t\t<\/span>\n\t\t\t<\/div>\n\t\t\t\n\t\t\t\t\t\t<div class=\"elementor-icon-box-content\">\n\n\t\t\t\t\t\t\t\t\t<h3 class=\"elementor-icon-box-title\">\n\t\t\t\t\t\t<span  >\n\t\t\t\t\t\t\tProfesjonalnie przeszkoleni, kompetentni i bezpieczni kierowcy.\t\t\t\t\t\t<\/span>\n\t\t\t\t\t<\/h3>\n\t\t\t\t\n\t\t\t\t\n\t\t\t<\/div>\n\t\t\t\n\t\t<\/div>\n\t\t\t\t\t\t<\/div>\n\t\t\t\t<div class=\"elementor-element elementor-element-293364f elementor-view-stacked elementor-position-inline-start elementor-mobile-position-inline-start elementor-shape-circle elementor-widget elementor-widget-icon-box\" data-id=\"293364f\" data-element_type=\"widget\" data-e-type=\"widget\" data-widget_type=\"icon-box.default\">\n\t\t\t\t\t\t\t<div class=\"elementor-icon-box-wrapper\">\n\n\t\t\t\t\t\t<div class=\"elementor-icon-box-icon\">\n\t\t\t\t<span  class=\"elementor-icon\">\n\t\t\t\t<svg aria-hidden=\"true\" class=\"e-font-icon-svg e-fas-check\" viewbox=\"0 0 512 512\" xmlns=\"http:\/\/www.w3.org\/2000\/svg\"><path d=\"M173.898 439.404l-166.4-166.4c-9.997-9.997-9.997-26.206 0-36.204l36.203-36.204c9.997-9.998 26.207-9.998 36.204 0L192 312.69 432.095 72.596c9.997-9.997 26.207-9.997 36.204 0l36.203 36.204c9.997 9.997 9.997 26.206 0 36.204l-294.4 294.401c-9.998 9.997-26.207 9.997-36.204-.001z\"><\/path><\/svg>\t\t\t\t<\/span>\n\t\t\t<\/div>\n\t\t\t\n\t\t\t\t\t\t<div class=\"elementor-icon-box-content\">\n\n\t\t\t\t\t\t\t\t\t<h3 class=\"elementor-icon-box-title\">\n\t\t\t\t\t\t<span  >\n\t\t\t\t\t\t\t\u0141atwa i bezpieczna rezerwacja online, dost\u0119pna 24\/7.\t\t\t\t\t\t<\/span>\n\t\t\t\t\t<\/h3>\n\t\t\t\t\n\t\t\t\t\n\t\t\t<\/div>\n\t\t\t\n\t\t<\/div>\n\t\t\t\t\t\t<\/div>\n\t\t\t\t<div class=\"elementor-element elementor-element-c7b921c elementor-widget elementor-widget-image\" data-id=\"c7b921c\" data-element_type=\"widget\" data-e-type=\"widget\" data-widget_type=\"image.default\">\n\t\t\t\t\t\t\t\t\t\t\t\t\t\t\t<img fetchpriority=\"high\" decoding=\"async\" width=\"800\" height=\"560\" src=\"https:\/\/minibus.al\/wp-content\/uploads\/2024\/01\/01-landscape.jpg\" class=\"attachment-large size-large wp-image-988652\" alt=\"\" srcset=\"https:\/\/minibus.al\/wp-content\/uploads\/2024\/01\/01-landscape.jpg 893w, https:\/\/minibus.al\/wp-content\/uploads\/2024\/01\/01-landscape-600x420.jpg 600w, https:\/\/minibus.al\/wp-content\/uploads\/2024\/01\/01-landscape-300x210.jpg 300w, https:\/\/minibus.al\/wp-content\/uploads\/2024\/01\/01-landscape-768x538.jpg 768w, https:\/\/minibus.al\/wp-content\/uploads\/2024\/01\/01-landscape-630x441.jpg 630w, https:\/\/minibus.al\/wp-content\/uploads\/2024\/01\/01-landscape-420x294.jpg 420w, https:\/\/minibus.al\/wp-content\/uploads\/2024\/01\/01-landscape-840x588.jpg 840w, https:\/\/minibus.al\/wp-content\/uploads\/2024\/01\/01-landscape-315x220.jpg 315w\" sizes=\"(max-width: 800px) 100vw, 800px\" title=\"\">\t\t\t\t\t\t\t\t\t\t\t\t\t\t\t<\/div>\n\t\t\t\t<div class=\"elementor-element elementor-element-2544499 elementor-widget elementor-widget-text-editor\" data-id=\"2544499\" data-element_type=\"widget\" data-e-type=\"widget\" data-widget_type=\"text-editor.default\">\n\t\t\t\t\t\t\t\t\tWynaj\u0119cie minibusa z kierowc\u0105 w Szkodrze to nie tylko us\u0142uga transportowa \u2014 to najlepszy spos\u00f3b na poznanie p\u00f3\u0142nocnej Albanii w komforcie, bezpiecze\u0144stwie i stylu.\t\t\t\t\t\t\t\t<\/div>\n\t\t\t\t<\/div>\n\t\t<div class=\"elementor-element elementor-element-4d90f73 e-con-full e-flex e-con e-child\" data-id=\"4d90f73\" data-element_type=\"container\" data-e-type=\"container\">\n\t\t<div class=\"elementor-element elementor-element-cc1afe9 e-flex e-con-boxed e-con e-child\" data-id=\"cc1afe9\" data-element_type=\"container\" data-e-type=\"container\" data-settings=\"{&quot;background_background&quot;:&quot;classic&quot;}\">\n\t\t\t\t\t<div class=\"e-con-inner\">\n\t\t\t\t<div class=\"elementor-element elementor-element-c002388 elementor-widget__width-auto elementor-widget elementor-widget-heading\" data-id=\"c002388\" data-element_type=\"widget\" data-e-type=\"widget\" data-widget_type=\"heading.default\">\n\t\t\t\t\t<h3 class=\"elementor-heading-title elementor-size-default\">10% zni\u017cki<\/h3>\t\t\t\t<\/div>\n\t\t\t\t<div class=\"elementor-element elementor-element-b8863f6 elementor-widget__width-auto elementor-widget elementor-widget-heading\" data-id=\"b8863f6\" data-element_type=\"widget\" data-e-type=\"widget\" data-widget_type=\"heading.default\">\n\t\t\t\t\t<div class=\"elementor-heading-title elementor-size-default\">Do 10% zni\u017cki na ka\u017cd\u0105 rezerwacj\u0119 do 31 maja 2026!<\/div>\t\t\t\t<\/div>\n\t\t\t\t\t<\/div>\n\t\t\t\t<\/div>\n\t\t<div class=\"elementor-element elementor-element-c5ef137 e-con-full e-flex e-con e-child\" data-id=\"c5ef137\" data-element_type=\"container\" data-e-type=\"container\">\n\t\t\t\t<div class=\"elementor-element elementor-element-cba866c elementor-widget__width-initial elementor-widget elementor-widget-image\" data-id=\"cba866c\" data-element_type=\"widget\" data-e-type=\"widget\" data-widget_type=\"image.default\">\n\t\t\t\t\t\t\t\t\t\t\t\t\t\t\t\t<a href=\"#\">\n\t\t\t\t\t\t\t<img decoding=\"async\" width=\"630\" height=\"441\" src=\"https:\/\/minibus.al\/wp-content\/uploads\/2025\/10\/Transfer-416_2268_0182-landscape-630x441-1.jpg\" class=\"attachment-full size-full wp-image-988709\" alt=\"\" srcset=\"https:\/\/minibus.al\/wp-content\/uploads\/2025\/10\/Transfer-416_2268_0182-landscape-630x441-1.jpg 630w, https:\/\/minibus.al\/wp-content\/uploads\/2025\/10\/Transfer-416_2268_0182-landscape-630x441-1-600x420.jpg 600w, https:\/\/minibus.al\/wp-content\/uploads\/2025\/10\/Transfer-416_2268_0182-landscape-630x441-1-300x210.jpg 300w, https:\/\/minibus.al\/wp-content\/uploads\/2025\/10\/Transfer-416_2268_0182-landscape-630x441-1-420x294.jpg 420w, https:\/\/minibus.al\/wp-content\/uploads\/2025\/10\/Transfer-416_2268_0182-landscape-630x441-1-315x221.jpg 315w\" sizes=\"(max-width: 630px) 100vw, 630px\" title=\"\">\t\t\t\t\t\t\t\t<\/a>\n\t\t\t\t\t\t\t\t\t\t\t\t\t\t\t<\/div>\n\t\t\t\t<div class=\"elementor-element elementor-element-bcdb653 elementor-widget__width-initial elementor-widget elementor-widget-heading\" data-id=\"bcdb653\" data-element_type=\"widget\" data-e-type=\"widget\" data-widget_type=\"heading.default\">\n\t\t\t\t\t<h3 class=\"elementor-heading-title elementor-size-default\"><a href=\"#\">Prywatne transfery z lotniska<\/a><\/h3>\t\t\t\t<\/div>\n\t\t\t\t<\/div>\n\t\t<div class=\"elementor-element elementor-element-89c331f e-con-full e-flex e-con e-child\" data-id=\"89c331f\" data-element_type=\"container\" data-e-type=\"container\">\n\t\t\t\t<div class=\"elementor-element elementor-element-812ad16 elementor-widget__width-initial elementor-widget elementor-widget-image\" data-id=\"812ad16\" data-element_type=\"widget\" data-e-type=\"widget\" data-widget_type=\"image.default\">\n\t\t\t\t\t\t\t\t\t\t\t\t\t\t\t\t<a href=\"#\">\n\t\t\t\t\t\t\t<img decoding=\"async\" width=\"800\" height=\"560\" src=\"https:\/\/minibus.al\/wp-content\/uploads\/2024\/01\/Crop800x600-landscape.jpeg\" class=\"attachment-full size-full wp-image-988653\" alt=\"\" srcset=\"https:\/\/minibus.al\/wp-content\/uploads\/2024\/01\/Crop800x600-landscape.jpeg 800w, https:\/\/minibus.al\/wp-content\/uploads\/2024\/01\/Crop800x600-landscape-600x420.jpeg 600w, https:\/\/minibus.al\/wp-content\/uploads\/2024\/01\/Crop800x600-landscape-300x210.jpeg 300w, https:\/\/minibus.al\/wp-content\/uploads\/2024\/01\/Crop800x600-landscape-768x538.jpeg 768w, https:\/\/minibus.al\/wp-content\/uploads\/2024\/01\/Crop800x600-landscape-630x441.jpeg 630w, https:\/\/minibus.al\/wp-content\/uploads\/2024\/01\/Crop800x600-landscape-420x294.jpeg 420w, https:\/\/minibus.al\/wp-content\/uploads\/2024\/01\/Crop800x600-landscape-315x221.jpeg 315w\" sizes=\"(max-width: 800px) 100vw, 800px\" title=\"\">\t\t\t\t\t\t\t\t<\/a>\n\t\t\t\t\t\t\t\t\t\t\t\t\t\t\t<\/div>\n\t\t\t\t<div class=\"elementor-element elementor-element-079e581 elementor-widget__width-initial elementor-widget elementor-widget-heading\" data-id=\"079e581\" data-element_type=\"widget\" data-e-type=\"widget\" data-widget_type=\"heading.default\">\n\t\t\t\t\t<h3 class=\"elementor-heading-title elementor-size-default\"><a href=\"#\">Transfer z prywatnym kierowc\u0105<\/a><\/h3>\t\t\t\t<\/div>\n\t\t\t\t<\/div>\n\t\t\t\t<\/div>\n\t\t\t\t\t<\/div>\n\t\t\t\t<\/div>\n\t\t\t\t<\/div>","protected":false},"excerpt":{"rendered":"<p>Minibus me qira me shofer n\u00eb Shkod\u00ebr. N\u00ebse ka nj\u00eb m\u00ebnyr\u00eb t\u00eb thjesht\u00eb, t\u00eb rehatshme dhe praktike p\u00ebr t\u00eb zbuluar bukurit\u00eb e veriut t\u00eb Shqip\u00ebris\u00eb, ajo \u00ebsht\u00eb pa dyshim udh\u00ebtimi me minibus me qira me shofer n\u00eb Shkod\u00ebr. N\u00eb nj\u00eb qytet q\u00eb nd\u00ebrthur historin\u00eb, kultur\u00ebn dhe natyr\u00ebn e eg\u00ebr t\u00eb Alpeve, t\u00eb kesh nj\u00eb transport [&hellip;]<\/p>\n","protected":false},"author":1,"featured_media":988890,"parent":0,"menu_order":0,"comment_status":"closed","ping_status":"closed","template":"","meta":{"footnotes":""},"class_list":["post-988882","page","type-page","status-publish","has-post-thumbnail","hentry"],"_links":{"self":[{"href":"https:\/\/minibus.al\/pl\/wp-json\/wp\/v2\/pages\/988882","targetHints":{"allow":["GET"]}}],"collection":[{"href":"https:\/\/minibus.al\/pl\/wp-json\/wp\/v2\/pages"}],"about":[{"href":"https:\/\/minibus.al\/pl\/wp-json\/wp\/v2\/types\/page"}],"author":[{"embeddable":true,"href":"https:\/\/minibus.al\/pl\/wp-json\/wp\/v2\/users\/1"}],"replies":[{"embeddable":true,"href":"https:\/\/minibus.al\/pl\/wp-json\/wp\/v2\/comments?post=988882"}],"version-history":[{"count":7,"href":"https:\/\/minibus.al\/pl\/wp-json\/wp\/v2\/pages\/988882\/revisions"}],"predecessor-version":[{"id":988889,"href":"https:\/\/minibus.al\/pl\/wp-json\/wp\/v2\/pages\/988882\/revisions\/988889"}],"wp:featuredmedia":[{"embeddable":true,"href":"https:\/\/minibus.al\/pl\/wp-json\/wp\/v2\/media\/988890"}],"wp:attachment":[{"href":"https:\/\/minibus.al\/pl\/wp-json\/wp\/v2\/media?parent=988882"}],"curies":[{"name":"wp","href":"https:\/\/api.w.org\/{rel}","templated":true}]}}