{"id":988417,"date":"2023-04-05T00:18:43","date_gmt":"2023-04-05T00:18:43","guid":{"rendered":"https:\/\/minibus.al\/en\/?page_id=988417"},"modified":"2026-04-07T20:14:12","modified_gmt":"2026-04-07T20:14:12","slug":"warunki-korzystania","status":"publish","type":"page","link":"https:\/\/minibus.al\/pl\/kushtet-dhe-rregullat-e-perdorimit\/","title":{"rendered":"Warunki u\u017cytkowania"},"content":{"rendered":"<div data-elementor-type=\"wp-page\" data-elementor-id=\"988417\" class=\"elementor elementor-988417\">\n\t\t\t\t<div class=\"elementor-element elementor-element-4b40c13 e-flex e-con-boxed e-con e-parent\" data-id=\"4b40c13\" data-element_type=\"container\" data-e-type=\"container\" data-settings=\"{&quot;background_background&quot;:&quot;classic&quot;}\">\n\t\t\t\t\t<div class=\"e-con-inner\">\n\t\t<div class=\"elementor-element elementor-element-1762c08 e-con-full e-flex e-con e-child\" data-id=\"1762c08\" data-element_type=\"container\" data-e-type=\"container\">\n\t\t\t\t<div class=\"elementor-element elementor-element-fbc7985 elementor-widget elementor-widget-heading\" data-id=\"fbc7985\" data-element_type=\"widget\" data-e-type=\"widget\" data-widget_type=\"heading.default\">\n\t\t\t\t\t<h1 class=\"elementor-heading-title elementor-size-default\">Warunki korzystania<\/h1>\t\t\t\t<\/div>\n\t\t\t\t<div class=\"elementor-element elementor-element-47d8e14 elementor-widget elementor-widget-text-editor\" data-id=\"47d8e14\" data-element_type=\"widget\" data-e-type=\"widget\" data-widget_type=\"text-editor.default\">\n\t\t\t\t\t\t\t\t\tWarunki korzystania z serwisu \u2013 zapoznaj si\u0119 z warunkami okre\u015blaj\u0105cymi zasady korzystania z naszego serwisu, prawa i obowi\u0105zki u\u017cytkownik\u00f3w, a tak\u017ce najwa\u017cniejsze zasady zapewniaj\u0105ce bezpieczne i przejrzyste korzystanie z serwisu.\n\t\t\t\t\t\t\t\t<\/div>\n\t\t\t\t<\/div>\n\t\t\t\t\t<\/div>\n\t\t\t\t<\/div>\n\t\t<div class=\"elementor-element elementor-element-adc86e9 e-flex e-con-boxed e-con e-parent\" data-id=\"adc86e9\" data-element_type=\"container\" data-e-type=\"container\" data-settings=\"{&quot;background_background&quot;:&quot;classic&quot;}\">\n\t\t\t\t\t<div class=\"e-con-inner\">\n\t\t<div class=\"elementor-element elementor-element-088521f e-con-full e-flex e-con e-child\" data-id=\"088521f\" data-element_type=\"container\" data-e-type=\"container\">\n\t\t\t\t<div class=\"elementor-element elementor-element-96c5e98 elementor-widget elementor-widget-text-editor\" data-id=\"96c5e98\" data-element_type=\"widget\" data-e-type=\"widget\" data-widget_type=\"text-editor.default\">\n\t\t\t\t\t\t\t\t\t<p>Wszystkie rezerwacje dokonywane za po\u015brednictwem serwisu Minibus.al podlegaj\u0105 niniejszym Warunkom. Rezerwacja uznaje si\u0119 za potwierdzon\u0105 i wa\u017cn\u0105 po otrzymaniu potwierdzenia (pisemnego lub ustnego) oraz, w stosownych przypadkach, po wp\u0142aceniu zaliczki.<\/p><p>W tym kontek\u015bcie termin \u201cSp\u00f3\u0142ka\u201d odnosi si\u0119 do Minibus.al, przedsi\u0119biorstwa transportowego prowadz\u0105cego legaln\u0105 dzia\u0142alno\u015b\u0107 w Albanii i regionie Ba\u0142kan\u00f3w.<\/p><p>Zawsze staramy si\u0119 zapewni\u0107 bezpieczn\u0105, niezawodn\u0105 i profesjonaln\u0105 obs\u0142ug\u0119. Jednak w wyj\u0105tkowych okoliczno\u015bciach, takich jak nat\u0119\u017cenie ruchu, utrudnienia na drogach lub nieprzewidziane sytuacje, mog\u0105 wyst\u0105pi\u0107 zmiany w rozk\u0142adach jazdy lub trasach. W ka\u017cdym przypadku nasz zesp\u00f3\u0142 do\u0142o\u017cy wszelkich stara\u0144, aby zminimalizowa\u0107 wszelkie niedogodno\u015bci i znale\u017a\u0107 dla Pa\u0144stwa najlepsze rozwi\u0105zanie.<\/p><p>Ceny opieraj\u0105 si\u0119 na warunkach i stawkach obowi\u0105zuj\u0105cych w momencie rezerwacji i mog\u0105 ulec zmianie w zale\u017cno\u015bci od czynnik\u00f3w zewn\u0119trznych. Za wszelkie uszkodzenia pojazdu spowodowane przez pasa\u017cer\u00f3w podczas podr\u00f3\u017cy odpowiedzialno\u015b\u0107 ponosi klient.<\/p><p><strong>Rezerwacja i p\u0142atno\u015b\u0107<\/strong><\/p><p>Aby zagwarantowa\u0107 rezerwacj\u0119, zazwyczaj wymagana jest bezzwrotna zaliczka w wysoko\u015bci 20%. Pozosta\u0142\u0105 kwot\u0119 mo\u017cna ui\u015bci\u0107 zgodnie z ustaleniami. Je\u015bli zapewniamy zakwaterowanie i wy\u017cywienie dla kierowcy, op\u0142ata za zakwaterowanie i kierowc\u0119 musi zosta\u0107 uiszczona z g\u00f3ry, poniewa\u017c musimy zarezerwowa\u0107 zakwaterowanie dla kierowcy, a ceny ulegaj\u0105 wahaniom.<\/p><p><strong>Anulowanie rezerwacji<\/strong><\/p><p>Je\u015bli chcesz anulowa\u0107 rezerwacj\u0119, mog\u0105 zosta\u0107 naliczone op\u0142aty w zale\u017cno\u015bci od terminu anulowania. Im bli\u017cej daty wyjazdu nast\u0105pi anulowanie, tym wy\u017csza mo\u017ce by\u0107 op\u0142ata. W przypadku niepojawienia si\u0119 rezerwacja zostanie uznana za zrealizowan\u0105 i nie przys\u0142uguje zwrot koszt\u00f3w. Zazwyczaj pobierana jest jedynie zaliczka w wysoko\u015bci 20%, poniewa\u017c pokrywa ona nasze koszty logistyczne.<\/p><p><strong>Us\u0142ugi i obowi\u0105zki<\/strong><\/p><p>Nasi kierowcy to profesjonali\u015bci, kt\u00f3rzy dbaj\u0105 o bezpiecze\u0144stwo przez ca\u0142\u0105 podr\u00f3\u017c. Maj\u0105 prawo odm\u00f3wi\u0107 wykonania us\u0142ugi, je\u015bli uznaj\u0105, \u017ce bezpiecze\u0144stwo jest zagro\u017cone.<\/p><p><strong>Zasady obowi\u0105zuj\u0105ce podczas podr\u00f3\u017cy<\/strong><\/p><p>Aby zapewni\u0107 wszystkim mi\u0142e wra\u017cenia:<\/p><p>W poje\u017adzie obowi\u0105zuje zakaz palenia.;<\/p><p>Nie wolno spo\u017cywa\u0107 fast food\u00f3w.;<br \/>Alkohol jest dozwolony wy\u0142\u0105cznie po wcze\u015bniejszym uzgodnieniu.;<br \/>Pasa\u017cerowie musz\u0105 przestrzega\u0107 zasad bezpiecze\u0144stwa oraz polece\u0144 kierowcy.<\/p><p><strong>Baga\u017c i rzeczy osobiste<\/strong><\/p><p>Zale\u017cy nam na Twoim komforcie, jednak nie ponosimy odpowiedzialno\u015bci za przedmioty zagubione lub uszkodzone podczas podr\u00f3\u017cy. Prosimy o sprawdzenie baga\u017cu przed i po podr\u00f3\u017cy.<\/p><p><strong>Nasz cel<\/strong><\/p><p>Minibus.al dok\u0142ada wszelkich stara\u0144, aby zapewni\u0107 Pa\u0144stwu bezpieczny, komfortowy i niezawodny transport. Dokonuj\u0105c rezerwacji w naszej firmie, wyra\u017caj\u0105 Pa\u0144stwo zgod\u0119 na niniejsze warunki.<\/p><p>Je\u015bli masz jakie\u015b pytania lub potrzebujesz dodatkowych wyja\u015bnie\u0144, zawsze ch\u0119tnie Ci pomo\u017cemy. Skontaktuj si\u0119 z nami pod adresem info@minibus.al.<\/p>\t\t\t\t\t\t\t\t<\/div>\n\t\t\t\t<\/div>\n\t\t<div class=\"elementor-element elementor-element-b5b8340 e-con-full e-flex e-con e-child\" data-id=\"b5b8340\" data-element_type=\"container\" data-e-type=\"container\">\n\t\t<div class=\"elementor-element elementor-element-bc2fa1b e-flex e-con-boxed e-con e-child\" data-id=\"bc2fa1b\" data-element_type=\"container\" data-e-type=\"container\" data-settings=\"{&quot;background_background&quot;:&quot;classic&quot;}\">\n\t\t\t\t\t<div class=\"e-con-inner\">\n\t\t\t\t<div class=\"elementor-element elementor-element-5123186 elementor-widget__width-auto elementor-widget elementor-widget-heading\" data-id=\"5123186\" data-element_type=\"widget\" data-e-type=\"widget\" data-widget_type=\"heading.default\">\n\t\t\t\t\t<h3 class=\"elementor-heading-title elementor-size-default\">10% zni\u017cki<\/h3>\t\t\t\t<\/div>\n\t\t\t\t<div class=\"elementor-element elementor-element-87d0a21 elementor-widget__width-auto elementor-widget elementor-widget-heading\" data-id=\"87d0a21\" data-element_type=\"widget\" data-e-type=\"widget\" data-widget_type=\"heading.default\">\n\t\t\t\t\t<div class=\"elementor-heading-title elementor-size-default\">Do 10% zni\u017cki na ka\u017cd\u0105 rezerwacj\u0119 do 31 maja.<\/div>\t\t\t\t<\/div>\n\t\t\t\t\t<\/div>\n\t\t\t\t<\/div>\n\t\t<div class=\"elementor-element elementor-element-ccacd13 e-con-full e-flex e-con e-child\" data-id=\"ccacd13\" data-element_type=\"container\" data-e-type=\"container\">\n\t\t\t\t<div class=\"elementor-element elementor-element-9a3e5a9 elementor-widget__width-initial elementor-widget elementor-widget-image\" data-id=\"9a3e5a9\" data-element_type=\"widget\" data-e-type=\"widget\" data-widget_type=\"image.default\">\n\t\t\t\t\t\t\t\t\t\t\t\t\t\t\t\t<a href=\"#\">\n\t\t\t\t\t\t\t<img fetchpriority=\"high\" decoding=\"async\" width=\"630\" height=\"441\" src=\"https:\/\/minibus.al\/wp-content\/uploads\/2025\/10\/Transfer-416_2268_0182-landscape-630x441-1.jpg\" class=\"attachment-full size-full wp-image-988709\" alt=\"\" srcset=\"https:\/\/minibus.al\/wp-content\/uploads\/2025\/10\/Transfer-416_2268_0182-landscape-630x441-1.jpg 630w, https:\/\/minibus.al\/wp-content\/uploads\/2025\/10\/Transfer-416_2268_0182-landscape-630x441-1-600x420.jpg 600w, https:\/\/minibus.al\/wp-content\/uploads\/2025\/10\/Transfer-416_2268_0182-landscape-630x441-1-300x210.jpg 300w, https:\/\/minibus.al\/wp-content\/uploads\/2025\/10\/Transfer-416_2268_0182-landscape-630x441-1-420x294.jpg 420w, https:\/\/minibus.al\/wp-content\/uploads\/2025\/10\/Transfer-416_2268_0182-landscape-630x441-1-315x221.jpg 315w\" sizes=\"(max-width: 630px) 100vw, 630px\" title=\"\">\t\t\t\t\t\t\t\t<\/a>\n\t\t\t\t\t\t\t\t\t\t\t\t\t\t\t<\/div>\n\t\t\t\t<div class=\"elementor-element elementor-element-7103e44 elementor-widget__width-initial elementor-widget elementor-widget-heading\" data-id=\"7103e44\" data-element_type=\"widget\" data-e-type=\"widget\" data-widget_type=\"heading.default\">\n\t\t\t\t\t<h3 class=\"elementor-heading-title elementor-size-default\"><a href=\"#\">Prywatne transfery z lotniska<\/a><\/h3>\t\t\t\t<\/div>\n\t\t\t\t<\/div>\n\t\t<div class=\"elementor-element elementor-element-ee1ad98 e-con-full e-flex e-con e-child\" data-id=\"ee1ad98\" data-element_type=\"container\" data-e-type=\"container\">\n\t\t\t\t<div class=\"elementor-element elementor-element-5b8e7c3 elementor-widget__width-initial elementor-widget elementor-widget-image\" data-id=\"5b8e7c3\" data-element_type=\"widget\" data-e-type=\"widget\" data-widget_type=\"image.default\">\n\t\t\t\t\t\t\t\t\t\t\t\t\t\t\t\t<a href=\"#\">\n\t\t\t\t\t\t\t<img decoding=\"async\" width=\"800\" height=\"560\" src=\"https:\/\/minibus.al\/wp-content\/uploads\/2024\/01\/Crop800x600-landscape.jpeg\" class=\"attachment-full size-full wp-image-988653\" alt=\"\" srcset=\"https:\/\/minibus.al\/wp-content\/uploads\/2024\/01\/Crop800x600-landscape.jpeg 800w, https:\/\/minibus.al\/wp-content\/uploads\/2024\/01\/Crop800x600-landscape-600x420.jpeg 600w, https:\/\/minibus.al\/wp-content\/uploads\/2024\/01\/Crop800x600-landscape-300x210.jpeg 300w, https:\/\/minibus.al\/wp-content\/uploads\/2024\/01\/Crop800x600-landscape-768x538.jpeg 768w, https:\/\/minibus.al\/wp-content\/uploads\/2024\/01\/Crop800x600-landscape-630x441.jpeg 630w, https:\/\/minibus.al\/wp-content\/uploads\/2024\/01\/Crop800x600-landscape-420x294.jpeg 420w, https:\/\/minibus.al\/wp-content\/uploads\/2024\/01\/Crop800x600-landscape-315x221.jpeg 315w\" sizes=\"(max-width: 800px) 100vw, 800px\" title=\"\">\t\t\t\t\t\t\t\t<\/a>\n\t\t\t\t\t\t\t\t\t\t\t\t\t\t\t<\/div>\n\t\t\t\t<div class=\"elementor-element elementor-element-6a7fc3f elementor-widget__width-initial elementor-widget elementor-widget-heading\" data-id=\"6a7fc3f\" data-element_type=\"widget\" data-e-type=\"widget\" data-widget_type=\"heading.default\">\n\t\t\t\t\t<h3 class=\"elementor-heading-title elementor-size-default\"><a href=\"#\">Transfer z prywatnym kierowc\u0105<\/a><\/h3>\t\t\t\t<\/div>\n\t\t\t\t<\/div>\n\t\t\t\t<\/div>\n\t\t\t\t\t<\/div>\n\t\t\t\t<\/div>\n\t\t\t\t<\/div>","protected":false},"excerpt":{"rendered":"<p>Kushtet dhe rregullat e p\u00ebrdorimit Kushtet dhe rregullat e p\u00ebrdorimit \u2013 Lexoni termat q\u00eb p\u00ebrcaktojn\u00eb p\u00ebrdorimin e sh\u00ebrbimit ton\u00eb, t\u00eb drejtat dhe detyrimet e p\u00ebrdoruesve, si dhe politikat kryesore p\u00ebr nj\u00eb eksperienc\u00eb t\u00eb sigurt dhe transparente. T\u00eb gjitha rezervimet me Minibus.al i n\u00ebnshtrohen k\u00ebtyre Kushteve dhe Afateve. Nj\u00eb rezervim konsiderohet i konfirmuar dhe i vlefsh\u00ebm [&hellip;]<\/p>\n","protected":false},"author":1,"featured_media":0,"parent":0,"menu_order":0,"comment_status":"closed","ping_status":"closed","template":"","meta":{"footnotes":""},"class_list":["post-988417","page","type-page","status-publish","hentry"],"_links":{"self":[{"href":"https:\/\/minibus.al\/pl\/wp-json\/wp\/v2\/pages\/988417","targetHints":{"allow":["GET"]}}],"collection":[{"href":"https:\/\/minibus.al\/pl\/wp-json\/wp\/v2\/pages"}],"about":[{"href":"https:\/\/minibus.al\/pl\/wp-json\/wp\/v2\/types\/page"}],"author":[{"embeddable":true,"href":"https:\/\/minibus.al\/pl\/wp-json\/wp\/v2\/users\/1"}],"replies":[{"embeddable":true,"href":"https:\/\/minibus.al\/pl\/wp-json\/wp\/v2\/comments?post=988417"}],"version-history":[{"count":8,"href":"https:\/\/minibus.al\/pl\/wp-json\/wp\/v2\/pages\/988417\/revisions"}],"predecessor-version":[{"id":989484,"href":"https:\/\/minibus.al\/pl\/wp-json\/wp\/v2\/pages\/988417\/revisions\/989484"}],"wp:attachment":[{"href":"https:\/\/minibus.al\/pl\/wp-json\/wp\/v2\/media?parent=988417"}],"curies":[{"name":"wp","href":"https:\/\/api.w.org\/{rel}","templated":true}]}}