{"id":989194,"date":"2026-02-06T12:22:01","date_gmt":"2026-02-06T12:22:01","guid":{"rendered":"https:\/\/minibus.al\/?post_type=product&#038;p=989194"},"modified":"2026-02-06T12:24:32","modified_gmt":"2026-02-06T12:24:32","slug":"kiri-ta-minibus-bsewwieq-minn-tirana-ghal-berat","status":"publish","type":"product","link":"https:\/\/minibus.al\/mt\/produkt\/minibus-me-qira-me-shofer-nga-tirana-ne-berat\/","title":{"rendered":"Kiri ta' minibus b'sewwieq minn Tirana g\u0127al Berat"},"content":{"rendered":"<p>Organizza vja\u0121\u0121 ta\u201c jum komdu u sigur billi tikri minibus b'sewwieq minn Tirana g\u0127al Berat, wa\u0127da mill-iktar bliet sbie\u0127 u stori\u010bi fl-Albanija, mag\u0127rufa b\u0127ala \u201dBelt ta' Elf Twieqi\" u sit tal-Wirt Dinji tal-UNESCO. Din hija d-destinazzjoni perfetta g\u0127al vja\u0121\u0121 ta' jum, fejn tista' tg\u0127aqqad l-istorja, il-kultura u n-natura f'esperjenza li ma tintesiex.<\/p>\n<p>Il-vja\u0121\u0121 minn Tirana g\u0127al Berat jie\u0127u madwar 2 sa 2.5 sig\u0127at u jsir f'minibus komdu b'kondizzjonatur tal-arja u b'sewwieq professjonali li ji\u017cgura s-sigurt\u00e0 u l-kumdit\u00e0 matul il-vja\u0121\u0121 kollu. Is-servizz huwa ideali g\u0127al gruppi turisti\u010bi, familji, avvenimenti jew vja\u0121\u0121i organizzati.<\/p>","protected":false},"excerpt":{"rendered":"<p>Organizza vja\u0121\u0121 ta' jum komdu u sigur billi tikri minibus b'sewwieq minn Tirana g\u0127al Berat, wa\u0127da mill-iktar bliet sbie\u0127 u stori\u010bi fl-Albanija.<\/p>","protected":false},"featured_media":989195,"comment_status":"open","ping_status":"closed","template":"","meta":[],"product_brand":[],"product_cat":[140],"product_tag":[],"class_list":{"0":"post-989194","1":"product","2":"type-product","3":"status-publish","4":"has-post-thumbnail","6":"product_cat-transport","8":"first","9":"instock","10":"shipping-taxable","11":"product-type-external"},"_links":{"self":[{"href":"https:\/\/minibus.al\/mt\/wp-json\/wp\/v2\/product\/989194","targetHints":{"allow":["GET"]}}],"collection":[{"href":"https:\/\/minibus.al\/mt\/wp-json\/wp\/v2\/product"}],"about":[{"href":"https:\/\/minibus.al\/mt\/wp-json\/wp\/v2\/types\/product"}],"replies":[{"embeddable":true,"href":"https:\/\/minibus.al\/mt\/wp-json\/wp\/v2\/comments?post=989194"}],"wp:featuredmedia":[{"embeddable":true,"href":"https:\/\/minibus.al\/mt\/wp-json\/wp\/v2\/media\/989195"}],"wp:attachment":[{"href":"https:\/\/minibus.al\/mt\/wp-json\/wp\/v2\/media?parent=989194"}],"wp:term":[{"taxonomy":"product_brand","embeddable":true,"href":"https:\/\/minibus.al\/mt\/wp-json\/wp\/v2\/product_brand?post=989194"},{"taxonomy":"product_cat","embeddable":true,"href":"https:\/\/minibus.al\/mt\/wp-json\/wp\/v2\/product_cat?post=989194"},{"taxonomy":"product_tag","embeddable":true,"href":"https:\/\/minibus.al\/mt\/wp-json\/wp\/v2\/product_tag?post=989194"}],"curies":[{"name":"wp","href":"https:\/\/api.w.org\/{rel}","templated":true}]}}