{"id":989170,"date":"2026-02-02T15:05:15","date_gmt":"2026-02-02T15:05:15","guid":{"rendered":"https:\/\/minibus.al\/?post_type=product&#038;p=989170"},"modified":"2026-02-02T15:05:15","modified_gmt":"2026-02-02T15:05:15","slug":"minibus-me-qira-dhe-shofer-nga-tirana-ne-theth","status":"publish","type":"product","link":"https:\/\/minibus.al\/mt\/produkt\/minibus-me-qira-dhe-shofer-nga-tirana-ne-theth\/","title":{"rendered":"Kiri ta' minibus b'sewwieq minn Tirana g\u0127al Theth"},"content":{"rendered":"<p>Ne ofrojm\u00eb Minibus me qira dhe shofer nga Tirana n\u00eb Theth duke realizuar nj\u00eb m\u00ebnyr\u00eb komode dhe t\u00eb sigurt p\u00ebr t\u00eb udh\u00ebtuar drejt zemr\u00ebs s\u00eb Alpeve shqiptare. Sh\u00ebrbimi \u00ebsht\u00eb i p\u00ebrshtatur p\u00ebr grupe, zyra\u00a0 ose familje dhe siguron udh\u00ebtim direkt door-to-door, pa nd\u00ebrprerje. Minibusi \u00ebsht\u00eb i rehatsh\u00ebm, i mir\u00ebmbajtur dhe i p\u00ebrshtatsh\u00ebm p\u00ebr rrug\u00ebt malore, nd\u00ebrsa shoferi me p\u00ebrvoj\u00eb garanton nj\u00eb udh\u00ebtim t\u00eb sigurt dhe t\u00eb qet\u00eb. Ky transfer \u00ebsht\u00eb ideal p\u00ebr ata q\u00eb d\u00ebshirojn\u00eb t\u00eb shijojn\u00eb peizazhet e mrekullueshme t\u00eb Thethit pa stresin e planifikimit t\u00eb transportit publik.<\/p>","protected":false},"excerpt":{"rendered":"<p>Ne ofrojm\u00eb minibus me qira dhe shofer nga Tirana drejt Theth duke realizuar nj\u00eb m\u00ebnyr\u00eb komode dhe t\u00eb sigurt p\u00ebr t\u00eb udh\u00ebtuar drejt zemr\u00ebs s\u00eb Alpeve shqiptare.<\/p>","protected":false},"featured_media":989171,"comment_status":"open","ping_status":"closed","template":"","meta":[],"product_brand":[],"product_cat":[140],"product_tag":[],"class_list":{"0":"post-989170","1":"product","2":"type-product","3":"status-publish","4":"has-post-thumbnail","6":"product_cat-transport","8":"first","9":"instock","10":"shipping-taxable","11":"product-type-external"},"_links":{"self":[{"href":"https:\/\/minibus.al\/mt\/wp-json\/wp\/v2\/product\/989170","targetHints":{"allow":["GET"]}}],"collection":[{"href":"https:\/\/minibus.al\/mt\/wp-json\/wp\/v2\/product"}],"about":[{"href":"https:\/\/minibus.al\/mt\/wp-json\/wp\/v2\/types\/product"}],"replies":[{"embeddable":true,"href":"https:\/\/minibus.al\/mt\/wp-json\/wp\/v2\/comments?post=989170"}],"wp:featuredmedia":[{"embeddable":true,"href":"https:\/\/minibus.al\/mt\/wp-json\/wp\/v2\/media\/989171"}],"wp:attachment":[{"href":"https:\/\/minibus.al\/mt\/wp-json\/wp\/v2\/media?parent=989170"}],"wp:term":[{"taxonomy":"product_brand","embeddable":true,"href":"https:\/\/minibus.al\/mt\/wp-json\/wp\/v2\/product_brand?post=989170"},{"taxonomy":"product_cat","embeddable":true,"href":"https:\/\/minibus.al\/mt\/wp-json\/wp\/v2\/product_cat?post=989170"},{"taxonomy":"product_tag","embeddable":true,"href":"https:\/\/minibus.al\/mt\/wp-json\/wp\/v2\/product_tag?post=989170"}],"curies":[{"name":"wp","href":"https:\/\/api.w.org\/{rel}","templated":true}]}}