{"id":989168,"date":"2026-02-02T14:47:44","date_gmt":"2026-02-02T14:47:44","guid":{"rendered":"https:\/\/minibus.al\/?post_type=product&#038;p=989168"},"modified":"2026-02-02T14:47:45","modified_gmt":"2026-02-02T14:47:45","slug":"minibus-bsewwieq-minn-tirana-ghal-brezovice","status":"publish","type":"product","link":"https:\/\/minibus.al\/mt\/produkt\/minibus-me-shofer-nga-tirana-ne-brezovice\/","title":{"rendered":"Minibus b'sewwieq minn Tirana g\u0127al Brezovica"},"content":{"rendered":"<p>Minibus b'sewwieq g\u0127all-kiri minn Tirana g\u0127al Brezovica huwa s-soluzzjoni ideali g\u0127al gruppi li jfittxu vja\u0121\u0121 komdu, sigur u ming\u0127ajr stress. Noffru minibus modern b'sewwieq professjonali, adattat g\u0127al familji, gruppi ta' \u0127bieb jew gruppi turisti\u010bi li qed jivvja\u0121\u0121aw lejn Brezovica g\u0127as-ski, vaganzi jew avvenimenti spe\u010bjali.<\/p>\n<p>It-tluq huwa kompletament flessibbli skont l-iskeda tieg\u0127ek, kemm kmieni filg\u0127odu kif ukoll matul il-\u0121urnata, u l-itinerarju jista' ji\u0121i adattat g\u0127all-b\u017connijiet tal-grupp. Is-sewwieqa tag\u0127na jafu tajjeb ir-rotta u ji\u017cguraw vja\u0121\u0121 bla xkiel u sikur matul il-vja\u0121\u0121 kollu, sabiex tkun tista' tgawdi l-vja\u0121\u0121 ming\u0127ajr ebda t\u0127assib.<\/p>\n<p>Dan is-servizz huwa esklussivament g\u0127al gruppi u jiggarantixxi spazju kbir g\u0127all-passi\u0121\u0121ieri u l-bagalji, u jag\u0127mel il-vja\u0121\u0121 minn Tirana g\u0127al Brezovica kemm jista' jkun komdu u effi\u010bjenti.<\/p>","protected":false},"excerpt":{"rendered":"<p>Kiri ta' minibus b'sewwieq minn Tirana g\u0127al Brezovica huwa s-soluzzjoni ideali g\u0127al gruppi li qed ifittxu vja\u0121\u0121 komdu, sigur u ming\u0127ajr stress.<\/p>","protected":false},"featured_media":989169,"comment_status":"open","ping_status":"closed","template":"","meta":[],"product_brand":[],"product_cat":[140],"product_tag":[],"class_list":{"0":"post-989168","1":"product","2":"type-product","3":"status-publish","4":"has-post-thumbnail","6":"product_cat-transport","8":"first","9":"instock","10":"shipping-taxable","11":"product-type-external"},"_links":{"self":[{"href":"https:\/\/minibus.al\/mt\/wp-json\/wp\/v2\/product\/989168","targetHints":{"allow":["GET"]}}],"collection":[{"href":"https:\/\/minibus.al\/mt\/wp-json\/wp\/v2\/product"}],"about":[{"href":"https:\/\/minibus.al\/mt\/wp-json\/wp\/v2\/types\/product"}],"replies":[{"embeddable":true,"href":"https:\/\/minibus.al\/mt\/wp-json\/wp\/v2\/comments?post=989168"}],"wp:featuredmedia":[{"embeddable":true,"href":"https:\/\/minibus.al\/mt\/wp-json\/wp\/v2\/media\/989169"}],"wp:attachment":[{"href":"https:\/\/minibus.al\/mt\/wp-json\/wp\/v2\/media?parent=989168"}],"wp:term":[{"taxonomy":"product_brand","embeddable":true,"href":"https:\/\/minibus.al\/mt\/wp-json\/wp\/v2\/product_brand?post=989168"},{"taxonomy":"product_cat","embeddable":true,"href":"https:\/\/minibus.al\/mt\/wp-json\/wp\/v2\/product_cat?post=989168"},{"taxonomy":"product_tag","embeddable":true,"href":"https:\/\/minibus.al\/mt\/wp-json\/wp\/v2\/product_tag?post=989168"}],"curies":[{"name":"wp","href":"https:\/\/api.w.org\/{rel}","templated":true}]}}