{"id":989164,"date":"2026-02-02T07:20:11","date_gmt":"2026-02-02T07:20:11","guid":{"rendered":"https:\/\/minibus.al\/?post_type=product&#038;p=989164"},"modified":"2026-02-19T08:29:22","modified_gmt":"2026-02-19T08:29:22","slug":"transfer-nga-tirana-aeroport-ne-tirane","status":"publish","type":"product","link":"https:\/\/minibus.al\/mt\/produkt\/transfer-nga-tirana-aeroport-ne-tirane\/","title":{"rendered":"Trasferiment mill-Ajruport ta' Tirana g\u0127al Tirana"},"content":{"rendered":"<p>Ne ofrojm\u00eb sh\u00ebrbim profesional transferi nga Aeroporti Nd\u00ebrkomb\u00ebtar \u201cN\u00ebn\u00eb Tereza\u201d drejt Tiran\u00ebs, i p\u00ebrshtatur p\u00ebr \u00e7do lloj udh\u00ebtari dhe grupi. Sh\u00ebrbimi yn\u00eb p\u00ebrfshin transferta private p\u00ebr individ\u00eb dhe \u00e7ifte, si edhe mjete m\u00eb t\u00eb m\u00ebdha si van, minibus dhe autobus p\u00ebr grupe t\u00eb organizuara, familje apo udh\u00ebtime biznesi. T\u00eb gjitha transfertat realizohen me shofer\u00eb t\u00eb kualifikuar, mjete komode dhe t\u00eb mir\u00ebmbajtura, duke garantuar siguri, korrekt\u00ebsi dhe komoditet gjat\u00eb gjith\u00eb udh\u00ebtimit. Ne operojm\u00eb \u00e7do dit\u00eb, 24\/7, duke siguruar mb\u00ebrritje t\u00eb qet\u00eb dhe pa stres nga aeroporti drejt \u00e7do zone n\u00eb Tiran\u00eb.<\/p>","protected":false},"excerpt":{"rendered":"<p>Ne ofrojm\u00eb sh\u00ebrbim profesional transferi nga Aeroporti Nd\u00ebrkomb\u00ebtar \u201cN\u00ebn\u00eb Tereza\u201d drejt Tiran\u00ebs, i p\u00ebrshtatur p\u00ebr \u00e7do lloj udh\u00ebtari dhe grupi. Ne operojm\u00eb \u00e7do dit\u00eb, 24\/7, duke siguruar mb\u00ebrritje t\u00eb qet\u00eb dhe pa stres nga aeroporti drejt \u00e7do zone n\u00eb Tiran\u00eb.<\/p>","protected":false},"featured_media":988576,"comment_status":"open","ping_status":"closed","template":"","meta":[],"product_brand":[],"product_cat":[140],"product_tag":[],"class_list":{"0":"post-989164","1":"product","2":"type-product","3":"status-publish","4":"has-post-thumbnail","6":"product_cat-transport","8":"first","9":"instock","10":"shipping-taxable","11":"product-type-external"},"_links":{"self":[{"href":"https:\/\/minibus.al\/mt\/wp-json\/wp\/v2\/product\/989164","targetHints":{"allow":["GET"]}}],"collection":[{"href":"https:\/\/minibus.al\/mt\/wp-json\/wp\/v2\/product"}],"about":[{"href":"https:\/\/minibus.al\/mt\/wp-json\/wp\/v2\/types\/product"}],"replies":[{"embeddable":true,"href":"https:\/\/minibus.al\/mt\/wp-json\/wp\/v2\/comments?post=989164"}],"wp:featuredmedia":[{"embeddable":true,"href":"https:\/\/minibus.al\/mt\/wp-json\/wp\/v2\/media\/988576"}],"wp:attachment":[{"href":"https:\/\/minibus.al\/mt\/wp-json\/wp\/v2\/media?parent=989164"}],"wp:term":[{"taxonomy":"product_brand","embeddable":true,"href":"https:\/\/minibus.al\/mt\/wp-json\/wp\/v2\/product_brand?post=989164"},{"taxonomy":"product_cat","embeddable":true,"href":"https:\/\/minibus.al\/mt\/wp-json\/wp\/v2\/product_cat?post=989164"},{"taxonomy":"product_tag","embeddable":true,"href":"https:\/\/minibus.al\/mt\/wp-json\/wp\/v2\/product_tag?post=989164"}],"curies":[{"name":"wp","href":"https:\/\/api.w.org\/{rel}","templated":true}]}}