{"id":989201,"date":"2026-02-11T07:31:11","date_gmt":"2026-02-11T07:31:11","guid":{"rendered":"https:\/\/minibus.al\/?page_id=989201"},"modified":"2026-02-11T07:55:45","modified_gmt":"2026-02-11T07:55:45","slug":"ikri-minibus-bsewwieq-ghal-zwiegijiet","status":"publish","type":"page","link":"https:\/\/minibus.al\/mt\/minibus-me-qira-me-shofer-per-dasma\/","title":{"rendered":"Kiri ta' minibus b'sewwieq g\u0127al \u017cwie\u0121 fl-Albanija"},"content":{"rendered":"<div data-elementor-type=\"wp-page\" data-elementor-id=\"989201\" class=\"elementor elementor-989201\">\n\t\t\t\t<div class=\"elementor-element elementor-element-d9393f0 e-flex e-con-boxed e-con e-parent\" data-id=\"d9393f0\" data-element_type=\"container\" data-e-type=\"container\" data-settings=\"{&quot;background_background&quot;:&quot;classic&quot;}\">\n\t\t\t\t\t<div class=\"e-con-inner\">\n\t\t<div class=\"elementor-element elementor-element-4e411c7 e-con-full e-flex e-con e-child\" data-id=\"4e411c7\" data-element_type=\"container\" data-e-type=\"container\">\n\t\t\t\t<div class=\"elementor-element elementor-element-dbac1ef elementor-widget elementor-widget-heading\" data-id=\"dbac1ef\" data-element_type=\"widget\" data-e-type=\"widget\" data-widget_type=\"heading.default\">\n\t\t\t\t\t<h1 class=\"elementor-heading-title elementor-size-default\">Kiri ta' minibus b'sewwieq g\u0127al \u017cwie\u0121 fl-Albanija\n<\/h1>\t\t\t\t<\/div>\n\t\t\t\t<div class=\"elementor-element elementor-element-dca023d elementor-widget elementor-widget-text-editor\" data-id=\"dca023d\" data-element_type=\"widget\" data-e-type=\"widget\" data-widget_type=\"text-editor.default\">\n\t\t\t\t\t\t\t\t\t<p>Kiri ta' minibus b'sewwieq professjonali g\u0127al \u017cwie\u0121 fl-Albanija. Trasport komdu u sigur g\u0127all-membri tal-familja u l-mistednin, b'servizz puntwali u flessibbli g\u0127al kwalunkwe destinazzjoni.<\/p>\t\t\t\t\t\t\t\t<\/div>\n\t\t\t\t<\/div>\n\t\t\t\t\t<\/div>\n\t\t\t\t<\/div>\n\t\t<div class=\"elementor-element elementor-element-125a687 e-flex e-con-boxed e-con e-parent\" data-id=\"125a687\" data-element_type=\"container\" data-e-type=\"container\" data-settings=\"{&quot;background_background&quot;:&quot;classic&quot;}\">\n\t\t\t\t\t<div class=\"e-con-inner\">\n\t\t<div class=\"elementor-element elementor-element-dcdda8c e-con-full e-flex e-con e-child\" data-id=\"dcdda8c\" data-element_type=\"container\" data-e-type=\"container\">\n\t\t\t\t<div class=\"elementor-element elementor-element-4a41c72 elementor-widget elementor-widget-text-editor\" data-id=\"4a41c72\" data-element_type=\"widget\" data-e-type=\"widget\" data-widget_type=\"text-editor.default\">\n\t\t\t\t\t\t\t\t\t<p>L-organizzazzjoni ta' \u017cwie\u0121 te\u0127tie\u0121 l-iktar kura f'kull dettall, u t-trasport tal-mistednin huwa wie\u0127ed mill-aktar elementi importanti g\u0127al avveniment ta' su\u010b\u010bess. Is-servizz tag\u0127na joffri kera ta' minibus b'sewwieq professjonali, li ji\u017cgura kumdit\u00e0, sigurt\u00e0 u trasport organizzat g\u0127all-koppja u l-mistednin tag\u0127hom.<\/p><p>\u00a0<\/p>\t\t\t\t\t\t\t\t<\/div>\n\t\t\t\t<div class=\"elementor-element elementor-element-51c92d5 elementor-widget elementor-widget-heading\" data-id=\"51c92d5\" data-element_type=\"widget\" data-e-type=\"widget\" data-widget_type=\"heading.default\">\n\t\t\t\t\t<h3 class=\"elementor-heading-title elementor-size-default\">Ideali g\u0127at-trasport<\/h3>\t\t\t\t<\/div>\n\t\t\t\t<div class=\"elementor-element elementor-element-f79b130 elementor-widget elementor-widget-text-editor\" data-id=\"f79b130\" data-element_type=\"widget\" data-e-type=\"widget\" data-widget_type=\"text-editor.default\">\n\t\t\t\t\t\t\t\t\t<p>Dan is-servizz huwa ideali biex jittrasporta membri tal-familja, \u0127bieb jew gruppi ta' mistednin mid-dar g\u0127all-\u010berimonja, mill-\u010berimonja g\u0127ar-ristorant, jew g\u0127al diversi trasferimenti matul il-jum tat-tie\u0121.\u00a0<\/p>\t\t\t\t\t\t\t\t<\/div>\n\t\t\t\t<div class=\"elementor-element elementor-element-38b7393 elementor-widget elementor-widget-heading\" data-id=\"38b7393\" data-element_type=\"widget\" data-e-type=\"widget\" data-widget_type=\"heading.default\">\n\t\t\t\t\t<h3 class=\"elementor-heading-title elementor-size-default\">Trasport organizzat<\/h3>\t\t\t\t<\/div>\n\t\t\t\t<div class=\"elementor-element elementor-element-aa9849d elementor-widget elementor-widget-text-editor\" data-id=\"aa9849d\" data-element_type=\"widget\" data-e-type=\"widget\" data-widget_type=\"text-editor.default\">\n\t\t\t\t\t\t\t\t\t<p data-start=\"738\" data-end=\"1052\">Il-provvista ta' trasport organizzat tg\u0127in tevita dewmien u to\u0127loq esperjenza aktar pja\u010bevoli g\u0127al kull parte\u010bipant. Bl-istess mod, it-trasport organizzat bil-minibus g\u0127a\u017c-\u017cwie\u0121 jg\u0127in tevita dewmien, inaqqas il-konfu\u017cjoni dwar il-parke\u0121\u0121 u jo\u0127loq esperjenza aktar pja\u010bevoli g\u0127al kull mistieden. Il-provvista ta' dan is-servizz tippermettilek tiffoka fuq il-mumenti importanti ta\u017c-\u017cwie\u0121, filwaqt li t-trasport ji\u0121i mmani\u0121\u0121jat b'mod professjonali.<\/p>\t\t\t\t\t\t\t\t<\/div>\n\t\t\t\t<div class=\"elementor-element elementor-element-525f06c elementor-widget elementor-widget-heading\" data-id=\"525f06c\" data-element_type=\"widget\" data-e-type=\"widget\" data-widget_type=\"heading.default\">\n\t\t\t\t\t<h3 class=\"elementor-heading-title elementor-size-default\">Ri\u017cervazzjonijiet personalizzati<\/h3>\t\t\t\t<\/div>\n\t\t\t\t<div class=\"elementor-element elementor-element-232b010 elementor-widget elementor-widget-text-editor\" data-id=\"232b010\" data-element_type=\"widget\" data-e-type=\"widget\" data-widget_type=\"text-editor.default\">\n\t\t\t\t\t\t\t\t\t<p>Ir-ri\u017cervazzjonijiet jistg\u0127u ji\u0121u adattati g\u0127all-\u0127ti\u0121ijiet tieg\u0127ek, inklu\u017ci skedi flessibbli, diversi destinazzjonijiet u servizz professjonali matul l-avveniment kollu. Jekk trid li l-jum spe\u010bjali tieg\u0127ek ikun organizzat u ming\u0127ajr stress, it-trasport bil-minibus b'sewwieq huwa s-soluzzjoni ideali.<\/p>\t\t\t\t\t\t\t\t<\/div>\n\t\t\t\t<div class=\"elementor-element elementor-element-0892306 elementor-widget elementor-widget-heading\" data-id=\"0892306\" data-element_type=\"widget\" data-e-type=\"widget\" data-widget_type=\"heading.default\">\n\t\t\t\t\t<h3 class=\"elementor-heading-title elementor-size-default\">G\u0127aliex minibus.al?<\/h3>\t\t\t\t<\/div>\n\t\t\t\t<div class=\"elementor-element elementor-element-710f8b2 elementor-view-stacked elementor-position-inline-start elementor-mobile-position-inline-start elementor-shape-circle elementor-widget elementor-widget-icon-box\" data-id=\"710f8b2\" data-element_type=\"widget\" data-e-type=\"widget\" data-widget_type=\"icon-box.default\">\n\t\t\t\t\t\t\t<div class=\"elementor-icon-box-wrapper\">\n\n\t\t\t\t\t\t<div class=\"elementor-icon-box-icon\">\n\t\t\t\t<span  class=\"elementor-icon\">\n\t\t\t\t<svg aria-hidden=\"true\" class=\"e-font-icon-svg e-fas-check\" viewbox=\"0 0 512 512\" xmlns=\"http:\/\/www.w3.org\/2000\/svg\"><path d=\"M173.898 439.404l-166.4-166.4c-9.997-9.997-9.997-26.206 0-36.204l36.203-36.204c9.997-9.998 26.207-9.998 36.204 0L192 312.69 432.095 72.596c9.997-9.997 26.207-9.997 36.204 0l36.203 36.204c9.997 9.997 9.997 26.206 0 36.204l-294.4 294.401c-9.998 9.997-26.207 9.997-36.204-.001z\"><\/path><\/svg>\t\t\t\t<\/span>\n\t\t\t<\/div>\n\t\t\t\n\t\t\t\t\t\t<div class=\"elementor-icon-box-content\">\n\n\t\t\t\t\t\t\t\t\t<h3 class=\"elementor-icon-box-title\">\n\t\t\t\t\t\t<span  >\n\t\t\t\t\t\t\tPrezzijiet \u010bari, ming\u0127ajr \u0127lasijiet mo\u0127bija jew \u017cidiet fil-prezz.\t\t\t\t\t\t<\/span>\n\t\t\t\t\t<\/h3>\n\t\t\t\t\n\t\t\t\t\n\t\t\t<\/div>\n\t\t\t\n\t\t<\/div>\n\t\t\t\t\t\t<\/div>\n\t\t\t\t<div class=\"elementor-element elementor-element-97968f5 elementor-view-stacked elementor-position-inline-start elementor-mobile-position-inline-start elementor-shape-circle elementor-widget elementor-widget-icon-box\" data-id=\"97968f5\" data-element_type=\"widget\" data-e-type=\"widget\" data-widget_type=\"icon-box.default\">\n\t\t\t\t\t\t\t<div class=\"elementor-icon-box-wrapper\">\n\n\t\t\t\t\t\t<div class=\"elementor-icon-box-icon\">\n\t\t\t\t<span  class=\"elementor-icon\">\n\t\t\t\t<svg aria-hidden=\"true\" class=\"e-font-icon-svg e-fas-check\" viewbox=\"0 0 512 512\" xmlns=\"http:\/\/www.w3.org\/2000\/svg\"><path d=\"M173.898 439.404l-166.4-166.4c-9.997-9.997-9.997-26.206 0-36.204l36.203-36.204c9.997-9.998 26.207-9.998 36.204 0L192 312.69 432.095 72.596c9.997-9.997 26.207-9.997 36.204 0l36.203 36.204c9.997 9.997 9.997 26.206 0 36.204l-294.4 294.401c-9.998 9.997-26.207 9.997-36.204-.001z\"><\/path><\/svg>\t\t\t\t<\/span>\n\t\t\t<\/div>\n\t\t\t\n\t\t\t\t\t\t<div class=\"elementor-icon-box-content\">\n\n\t\t\t\t\t\t\t\t\t<h3 class=\"elementor-icon-box-title\">\n\t\t\t\t\t\t<span  >\n\t\t\t\t\t\t\tSewwieqa m\u0127arr\u0121a b'mod professjonali, b'g\u0127arfien u sikuri.\t\t\t\t\t\t<\/span>\n\t\t\t\t\t<\/h3>\n\t\t\t\t\n\t\t\t\t\n\t\t\t<\/div>\n\t\t\t\n\t\t<\/div>\n\t\t\t\t\t\t<\/div>\n\t\t\t\t<div class=\"elementor-element elementor-element-ac3c1ef elementor-view-stacked elementor-position-inline-start elementor-mobile-position-inline-start elementor-shape-circle elementor-widget elementor-widget-icon-box\" data-id=\"ac3c1ef\" data-element_type=\"widget\" data-e-type=\"widget\" data-widget_type=\"icon-box.default\">\n\t\t\t\t\t\t\t<div class=\"elementor-icon-box-wrapper\">\n\n\t\t\t\t\t\t<div class=\"elementor-icon-box-icon\">\n\t\t\t\t<span  class=\"elementor-icon\">\n\t\t\t\t<svg aria-hidden=\"true\" class=\"e-font-icon-svg e-fas-check\" viewbox=\"0 0 512 512\" xmlns=\"http:\/\/www.w3.org\/2000\/svg\"><path d=\"M173.898 439.404l-166.4-166.4c-9.997-9.997-9.997-26.206 0-36.204l36.203-36.204c9.997-9.998 26.207-9.998 36.204 0L192 312.69 432.095 72.596c9.997-9.997 26.207-9.997 36.204 0l36.203 36.204c9.997 9.997 9.997 26.206 0 36.204l-294.4 294.401c-9.998 9.997-26.207 9.997-36.204-.001z\"><\/path><\/svg>\t\t\t\t<\/span>\n\t\t\t<\/div>\n\t\t\t\n\t\t\t\t\t\t<div class=\"elementor-icon-box-content\">\n\n\t\t\t\t\t\t\t\t\t<h3 class=\"elementor-icon-box-title\">\n\t\t\t\t\t\t<span  >\n\t\t\t\t\t\t\tRe\u017cervazzjoni onlajn fa\u010bli u sigura, disponibbli 24\/7.\t\t\t\t\t\t<\/span>\n\t\t\t\t\t<\/h3>\n\t\t\t\t\n\t\t\t\t\n\t\t\t<\/div>\n\t\t\t\n\t\t<\/div>\n\t\t\t\t\t\t<\/div>\n\t\t\t\t<div class=\"elementor-element elementor-element-49d163a elementor-widget elementor-widget-image\" data-id=\"49d163a\" data-element_type=\"widget\" data-e-type=\"widget\" data-widget_type=\"image.default\">\n\t\t\t\t\t\t\t\t\t\t\t\t\t\t\t<img fetchpriority=\"high\" decoding=\"async\" width=\"800\" height=\"560\" src=\"https:\/\/minibus.al\/wp-content\/uploads\/2024\/01\/01-landscape.jpg\" class=\"attachment-large size-large wp-image-988652\" alt=\"\" srcset=\"https:\/\/minibus.al\/wp-content\/uploads\/2024\/01\/01-landscape.jpg 893w, https:\/\/minibus.al\/wp-content\/uploads\/2024\/01\/01-landscape-600x420.jpg 600w, https:\/\/minibus.al\/wp-content\/uploads\/2024\/01\/01-landscape-300x210.jpg 300w, https:\/\/minibus.al\/wp-content\/uploads\/2024\/01\/01-landscape-768x538.jpg 768w, https:\/\/minibus.al\/wp-content\/uploads\/2024\/01\/01-landscape-630x441.jpg 630w, https:\/\/minibus.al\/wp-content\/uploads\/2024\/01\/01-landscape-420x294.jpg 420w, https:\/\/minibus.al\/wp-content\/uploads\/2024\/01\/01-landscape-840x588.jpg 840w, https:\/\/minibus.al\/wp-content\/uploads\/2024\/01\/01-landscape-315x220.jpg 315w\" sizes=\"(max-width: 800px) 100vw, 800px\" title=\"\">\t\t\t\t\t\t\t\t\t\t\t\t\t\t\t<\/div>\n\t\t\t\t<div class=\"elementor-element elementor-element-a5397a0 elementor-widget elementor-widget-text-editor\" data-id=\"a5397a0\" data-element_type=\"widget\" data-e-type=\"widget\" data-widget_type=\"text-editor.default\">\n\t\t\t\t\t\t\t\t\t<p>Il-prezz tal-kiri ta' minibuses privati se jiddependi fuq in-numru ta' sig\u0127at u jiem tas-servizz, kif ukoll fuq id-distanza li jivvja\u0121\u0121aw il-minibuses.<\/p>\t\t\t\t\t\t\t\t<\/div>\n\t\t\t\t<\/div>\n\t\t<div class=\"elementor-element elementor-element-0ae99af e-con-full e-flex e-con e-child\" data-id=\"0ae99af\" data-element_type=\"container\" data-e-type=\"container\">\n\t\t<div class=\"elementor-element elementor-element-e66310a e-flex e-con-boxed e-con e-child\" data-id=\"e66310a\" data-element_type=\"container\" data-e-type=\"container\" data-settings=\"{&quot;background_background&quot;:&quot;classic&quot;}\">\n\t\t\t\t\t<div class=\"e-con-inner\">\n\t\t\t\t<div class=\"elementor-element elementor-element-5c9286f elementor-widget__width-auto elementor-widget elementor-widget-heading\" data-id=\"5c9286f\" data-element_type=\"widget\" data-e-type=\"widget\" data-widget_type=\"heading.default\">\n\t\t\t\t\t<h3 class=\"elementor-heading-title elementor-size-default\">Skont 10%<\/h3>\t\t\t\t<\/div>\n\t\t\t\t<div class=\"elementor-element elementor-element-b5bec6b elementor-widget__width-auto elementor-widget elementor-widget-heading\" data-id=\"b5bec6b\" data-element_type=\"widget\" data-e-type=\"widget\" data-widget_type=\"heading.default\">\n\t\t\t\t\t<div class=\"elementor-heading-title elementor-size-default\">Sa skont ta' 10% fuq kull prenotazzjoni sa 31 ta' Mejju 2026!<\/div>\t\t\t\t<\/div>\n\t\t\t\t\t<\/div>\n\t\t\t\t<\/div>\n\t\t<div class=\"elementor-element elementor-element-66f3a63 e-con-full e-flex e-con e-child\" data-id=\"66f3a63\" data-element_type=\"container\" data-e-type=\"container\">\n\t\t\t\t<div class=\"elementor-element elementor-element-5ebdc8b elementor-widget__width-initial elementor-widget elementor-widget-image\" data-id=\"5ebdc8b\" data-element_type=\"widget\" data-e-type=\"widget\" data-widget_type=\"image.default\">\n\t\t\t\t\t\t\t\t\t\t\t\t\t\t\t\t<a href=\"#\">\n\t\t\t\t\t\t\t<img decoding=\"async\" width=\"630\" height=\"441\" src=\"https:\/\/minibus.al\/wp-content\/uploads\/2025\/10\/Transfer-416_2268_0182-landscape-630x441-1.jpg\" class=\"attachment-full size-full wp-image-988709\" alt=\"\" srcset=\"https:\/\/minibus.al\/wp-content\/uploads\/2025\/10\/Transfer-416_2268_0182-landscape-630x441-1.jpg 630w, https:\/\/minibus.al\/wp-content\/uploads\/2025\/10\/Transfer-416_2268_0182-landscape-630x441-1-600x420.jpg 600w, https:\/\/minibus.al\/wp-content\/uploads\/2025\/10\/Transfer-416_2268_0182-landscape-630x441-1-300x210.jpg 300w, https:\/\/minibus.al\/wp-content\/uploads\/2025\/10\/Transfer-416_2268_0182-landscape-630x441-1-420x294.jpg 420w, https:\/\/minibus.al\/wp-content\/uploads\/2025\/10\/Transfer-416_2268_0182-landscape-630x441-1-315x221.jpg 315w\" sizes=\"(max-width: 630px) 100vw, 630px\" title=\"\">\t\t\t\t\t\t\t\t<\/a>\n\t\t\t\t\t\t\t\t\t\t\t\t\t\t\t<\/div>\n\t\t\t\t<div class=\"elementor-element elementor-element-867a971 elementor-widget__width-initial elementor-widget elementor-widget-heading\" data-id=\"867a971\" data-element_type=\"widget\" data-e-type=\"widget\" data-widget_type=\"heading.default\">\n\t\t\t\t\t<h3 class=\"elementor-heading-title elementor-size-default\"><a href=\"#\">Trasferiment privat mill-ajruport<\/a><\/h3>\t\t\t\t<\/div>\n\t\t\t\t<\/div>\n\t\t<div class=\"elementor-element elementor-element-8c208b4 e-con-full e-flex e-con e-child\" data-id=\"8c208b4\" data-element_type=\"container\" data-e-type=\"container\">\n\t\t\t\t<div class=\"elementor-element elementor-element-d63e825 elementor-widget__width-initial elementor-widget elementor-widget-image\" data-id=\"d63e825\" data-element_type=\"widget\" data-e-type=\"widget\" data-widget_type=\"image.default\">\n\t\t\t\t\t\t\t\t\t\t\t\t\t\t\t\t<a href=\"#\">\n\t\t\t\t\t\t\t<img decoding=\"async\" width=\"800\" height=\"560\" src=\"https:\/\/minibus.al\/wp-content\/uploads\/2024\/01\/Crop800x600-landscape.jpeg\" class=\"attachment-full size-full wp-image-988653\" alt=\"\" srcset=\"https:\/\/minibus.al\/wp-content\/uploads\/2024\/01\/Crop800x600-landscape.jpeg 800w, https:\/\/minibus.al\/wp-content\/uploads\/2024\/01\/Crop800x600-landscape-600x420.jpeg 600w, https:\/\/minibus.al\/wp-content\/uploads\/2024\/01\/Crop800x600-landscape-300x210.jpeg 300w, https:\/\/minibus.al\/wp-content\/uploads\/2024\/01\/Crop800x600-landscape-768x538.jpeg 768w, https:\/\/minibus.al\/wp-content\/uploads\/2024\/01\/Crop800x600-landscape-630x441.jpeg 630w, https:\/\/minibus.al\/wp-content\/uploads\/2024\/01\/Crop800x600-landscape-420x294.jpeg 420w, https:\/\/minibus.al\/wp-content\/uploads\/2024\/01\/Crop800x600-landscape-315x221.jpeg 315w\" sizes=\"(max-width: 800px) 100vw, 800px\" title=\"\">\t\t\t\t\t\t\t\t<\/a>\n\t\t\t\t\t\t\t\t\t\t\t\t\t\t\t<\/div>\n\t\t\t\t<div class=\"elementor-element elementor-element-d895fd0 elementor-widget__width-initial elementor-widget elementor-widget-heading\" data-id=\"d895fd0\" data-element_type=\"widget\" data-e-type=\"widget\" data-widget_type=\"heading.default\">\n\t\t\t\t\t<h3 class=\"elementor-heading-title elementor-size-default\"><a href=\"#\">Trasferiment privat bis-sewwieq<\/a><\/h3>\t\t\t\t<\/div>\n\t\t\t\t<\/div>\n\t\t\t\t<\/div>\n\t\t\t\t\t<\/div>\n\t\t\t\t<\/div>\n\t\t\t\t<\/div>","protected":false},"excerpt":{"rendered":"<p>Minibus me qira me shofer p\u00ebr dasma n\u00eb Shqip\u00ebri Minibus me qira me shofer profesional p\u00ebr dasma n\u00eb Shqip\u00ebri. Transport i rehatsh\u00ebm dhe i sigurt p\u00ebr familjar\u00ebt dhe t\u00eb ftuarit, me sh\u00ebrbim korrekt dhe fleksib\u00ebl n\u00eb \u00e7do destinacion. Organizimi i nj\u00eb dasme k\u00ebrkon kujdes maksimal n\u00eb \u00e7do detaj, dhe transporti i t\u00eb ftuarve \u00ebsht\u00eb nj\u00eb [&hellip;]<\/p>\n","protected":false},"author":1,"featured_media":989212,"parent":0,"menu_order":0,"comment_status":"closed","ping_status":"closed","template":"","meta":{"footnotes":""},"class_list":["post-989201","page","type-page","status-publish","has-post-thumbnail","hentry"],"_links":{"self":[{"href":"https:\/\/minibus.al\/mt\/wp-json\/wp\/v2\/pages\/989201","targetHints":{"allow":["GET"]}}],"collection":[{"href":"https:\/\/minibus.al\/mt\/wp-json\/wp\/v2\/pages"}],"about":[{"href":"https:\/\/minibus.al\/mt\/wp-json\/wp\/v2\/types\/page"}],"author":[{"embeddable":true,"href":"https:\/\/minibus.al\/mt\/wp-json\/wp\/v2\/users\/1"}],"replies":[{"embeddable":true,"href":"https:\/\/minibus.al\/mt\/wp-json\/wp\/v2\/comments?post=989201"}],"version-history":[{"count":14,"href":"https:\/\/minibus.al\/mt\/wp-json\/wp\/v2\/pages\/989201\/revisions"}],"predecessor-version":[{"id":989216,"href":"https:\/\/minibus.al\/mt\/wp-json\/wp\/v2\/pages\/989201\/revisions\/989216"}],"wp:featuredmedia":[{"embeddable":true,"href":"https:\/\/minibus.al\/mt\/wp-json\/wp\/v2\/media\/989212"}],"wp:attachment":[{"href":"https:\/\/minibus.al\/mt\/wp-json\/wp\/v2\/media?parent=989201"}],"curies":[{"name":"wp","href":"https:\/\/api.w.org\/{rel}","templated":true}]}}