{"id":989022,"date":"2025-12-16T08:07:03","date_gmt":"2025-12-16T08:07:03","guid":{"rendered":"https:\/\/minibus.al\/?page_id=989022"},"modified":"2025-12-16T08:13:25","modified_gmt":"2025-12-16T08:13:25","slug":"minivan-ghall-kiri-fl-albanija","status":"publish","type":"page","link":"https:\/\/minibus.al\/mt\/minivan-me-qira-ne-shqiperi\/","title":{"rendered":"Minivan g\u0127all-kiri fl-Albanija"},"content":{"rendered":"<div data-elementor-type=\"wp-page\" data-elementor-id=\"989022\" class=\"elementor elementor-989022\">\n\t\t\t\t<div class=\"elementor-element elementor-element-595d5a2 e-flex e-con-boxed e-con e-parent\" data-id=\"595d5a2\" data-element_type=\"container\" data-e-type=\"container\" data-settings=\"{&quot;background_background&quot;:&quot;classic&quot;}\">\n\t\t\t\t\t<div class=\"e-con-inner\">\n\t\t<div class=\"elementor-element elementor-element-55e7994 e-con-full e-flex e-con e-child\" data-id=\"55e7994\" data-element_type=\"container\" data-e-type=\"container\">\n\t\t\t\t<div class=\"elementor-element elementor-element-79ea7ae elementor-widget elementor-widget-heading\" data-id=\"79ea7ae\" data-element_type=\"widget\" data-e-type=\"widget\" data-widget_type=\"heading.default\">\n\t\t\t\t\t<h1 class=\"elementor-heading-title elementor-size-default\">Minivan g\u0127all-kiri b'sewwieq fl-Albanija<\/h1>\t\t\t\t<\/div>\n\t\t\t\t<div class=\"elementor-element elementor-element-ace1c10 elementor-widget elementor-widget-text-editor\" data-id=\"ace1c10\" data-element_type=\"widget\" data-e-type=\"widget\" data-widget_type=\"text-editor.default\">\n\t\t\t\t\t\t\t\t\tKiri ta' minivan b'sewwieq fl-Albanija g\u0127al vja\u0121\u0121i sikuri u komdi. Servizz professjonali g\u0127at-trasferimenti, it-tours u l-avvenimenti madwar il-pajji\u017c.\t\t\t\t\t\t\t\t<\/div>\n\t\t\t\t<\/div>\n\t\t\t\t\t<\/div>\n\t\t\t\t<\/div>\n\t\t<div class=\"elementor-element elementor-element-5289dd7 e-flex e-con-boxed e-con e-parent\" data-id=\"5289dd7\" data-element_type=\"container\" data-e-type=\"container\" data-settings=\"{&quot;background_background&quot;:&quot;classic&quot;}\">\n\t\t\t\t\t<div class=\"e-con-inner\">\n\t\t<div class=\"elementor-element elementor-element-3623150 e-con-full e-flex e-con e-child\" data-id=\"3623150\" data-element_type=\"container\" data-e-type=\"container\">\n\t\t\t\t<div class=\"elementor-element elementor-element-2a98dc9 elementor-widget elementor-widget-text-editor\" data-id=\"2a98dc9\" data-element_type=\"widget\" data-e-type=\"widget\" data-widget_type=\"text-editor.default\">\n\t\t\t\t\t\t\t\t\tNoffru trasport komdu u sigur g\u0127al gruppi \u017cg\u0127ar u medji. Il-minivans tag\u0127na huma moderni, mi\u017cmuma tajjeb u mmexxija minn sewwieqa professjonali b'esperjenza madwar l-Albanija.\t\t\t\t\t\t\t\t<\/div>\n\t\t\t\t<div class=\"elementor-element elementor-element-7175e0d elementor-widget elementor-widget-heading\" data-id=\"7175e0d\" data-element_type=\"widget\" data-e-type=\"widget\" data-widget_type=\"heading.default\">\n\t\t\t\t\t<h3 class=\"elementor-heading-title elementor-size-default\">Vja\u0121\u0121i turisti\u010bi madwar l-Albanija<\/h3>\t\t\t\t<\/div>\n\t\t\t\t<div class=\"elementor-element elementor-element-0153596 elementor-widget elementor-widget-text-editor\" data-id=\"0153596\" data-element_type=\"widget\" data-e-type=\"widget\" data-widget_type=\"text-editor.default\">\n\t\t\t\t\t\t\t\t\t<p>A\u0127na norganizzaw vja\u0121\u0121i ta' jum u vja\u0121\u0121i ta' diversi ijiem lejn id-destinazzjonijiet l-aktar \u017carati b\u0127al Tirana, Durres, Berat, Gjirokastra, Vlora u lil hinn. Int tivvja\u0121\u0121a ming\u0127ajr stress; a\u0127na nie\u0127du \u0127sieb kollox.<\/p>\t\t\t\t\t\t\t\t<\/div>\n\t\t\t\t<div class=\"elementor-element elementor-element-4754aab elementor-widget elementor-widget-heading\" data-id=\"4754aab\" data-element_type=\"widget\" data-e-type=\"widget\" data-widget_type=\"heading.default\">\n\t\t\t\t\t<h3 class=\"elementor-heading-title elementor-size-default\">Trasferimenti lejn u mill-ajruport<\/h3>\t\t\t\t<\/div>\n\t\t\t\t<div class=\"elementor-element elementor-element-cdcaadf elementor-widget elementor-widget-text-editor\" data-id=\"cdcaadf\" data-element_type=\"widget\" data-e-type=\"widget\" data-widget_type=\"text-editor.default\">\n\t\t\t\t\t\t\t\t\tTrasferimenti pre\u010bi\u017ci u affidabbli mill-Ajruport ta' Tirana g\u0127al kwalunkwe belt. Ideali g\u0127al familji, gruppi ta' \u0127bieb jew vja\u0121\u0121i tan-negozju, b'spazju kbir g\u0127all-bagalji.\t\t\t\t\t\t\t\t<\/div>\n\t\t\t\t<div class=\"elementor-element elementor-element-48380da elementor-widget elementor-widget-heading\" data-id=\"48380da\" data-element_type=\"widget\" data-e-type=\"widget\" data-widget_type=\"heading.default\">\n\t\t\t\t\t<h3 class=\"elementor-heading-title elementor-size-default\"> Trasport g\u0127al avvenimenti u negozju<\/h3>\t\t\t\t<\/div>\n\t\t\t\t<div class=\"elementor-element elementor-element-265135c elementor-widget elementor-widget-text-editor\" data-id=\"265135c\" data-element_type=\"widget\" data-e-type=\"widget\" data-widget_type=\"text-editor.default\">\n\t\t\t\t\t\t\t\t\tSoluzzjonijiet pratti\u010bi g\u0127al avvenimenti, konferenzi, \u017cwie\u0121 u vja\u0121\u0121i tan-negozju. Wasla fil-\u0127in, kumdit\u00e0 u servizz kordjali g\u0127al kull okka\u017cjoni.\t\t\t\t\t\t\t\t<\/div>\n\t\t\t\t<div class=\"elementor-element elementor-element-1673691 elementor-widget elementor-widget-heading\" data-id=\"1673691\" data-element_type=\"widget\" data-e-type=\"widget\" data-widget_type=\"heading.default\">\n\t\t\t\t\t<h3 class=\"elementor-heading-title elementor-size-default\">Sewwieqa professjonali u servizz affidabbli<\/h3>\t\t\t\t<\/div>\n\t\t\t\t<div class=\"elementor-element elementor-element-4dc72d1 elementor-widget elementor-widget-text-editor\" data-id=\"4dc72d1\" data-element_type=\"widget\" data-e-type=\"widget\" data-widget_type=\"text-editor.default\">\n\t\t\t\t\t\t\t\t\tIs-sewwieqa tag\u0127na huma dedikati, \u0121entili u g\u0127andhom g\u0127arfien e\u010b\u010bellenti tat-toroq. Is-sigurt\u00e0 u s-sodisfazzjon tal-klijent huma l-prijorit\u00e0 ewlenija tag\u0127na.\t\t\t\t\t\t\t\t<\/div>\n\t\t\t\t<div class=\"elementor-element elementor-element-a85f525 elementor-widget elementor-widget-image\" data-id=\"a85f525\" data-element_type=\"widget\" data-e-type=\"widget\" data-widget_type=\"image.default\">\n\t\t\t\t\t\t\t\t\t\t\t\t\t\t\t<img fetchpriority=\"high\" decoding=\"async\" width=\"800\" height=\"560\" src=\"https:\/\/minibus.al\/wp-content\/uploads\/2024\/01\/Crop800x600-landscape.jpeg\" class=\"attachment-full size-full wp-image-988653\" alt=\"\" srcset=\"https:\/\/minibus.al\/wp-content\/uploads\/2024\/01\/Crop800x600-landscape.jpeg 800w, https:\/\/minibus.al\/wp-content\/uploads\/2024\/01\/Crop800x600-landscape-600x420.jpeg 600w, https:\/\/minibus.al\/wp-content\/uploads\/2024\/01\/Crop800x600-landscape-300x210.jpeg 300w, https:\/\/minibus.al\/wp-content\/uploads\/2024\/01\/Crop800x600-landscape-768x538.jpeg 768w, https:\/\/minibus.al\/wp-content\/uploads\/2024\/01\/Crop800x600-landscape-630x441.jpeg 630w, https:\/\/minibus.al\/wp-content\/uploads\/2024\/01\/Crop800x600-landscape-420x294.jpeg 420w, https:\/\/minibus.al\/wp-content\/uploads\/2024\/01\/Crop800x600-landscape-315x221.jpeg 315w\" sizes=\"(max-width: 800px) 100vw, 800px\" title=\"\">\t\t\t\t\t\t\t\t\t\t\t\t\t\t\t<\/div>\n\t\t\t\t<div class=\"elementor-element elementor-element-f01b681 elementor-widget elementor-widget-text-editor\" data-id=\"f01b681\" data-element_type=\"widget\" data-e-type=\"widget\" data-widget_type=\"text-editor.default\">\n\t\t\t\t\t\t\t\t\t<p>Il-prezz tal-kiri ta' minivanijiet privati se jiddependi fuq in-numru ta' sig\u0127at u jiem tas-servizz, kif ukoll fuq id-distanza li jivvja\u0121\u0121aw il-minibuses.<\/p>\t\t\t\t\t\t\t\t<\/div>\n\t\t\t\t<div class=\"elementor-element elementor-element-e936afe elementor-widget elementor-widget-heading\" data-id=\"e936afe\" data-element_type=\"widget\" data-e-type=\"widget\" data-widget_type=\"heading.default\">\n\t\t\t\t\t<h3 class=\"elementor-heading-title elementor-size-default\">Kif ta\u0127dem?<\/h3>\t\t\t\t<\/div>\n\t\t\t\t<div class=\"elementor-element elementor-element-6bac633 elementor-widget elementor-widget-text-editor\" data-id=\"6bac633\" data-element_type=\"widget\" data-e-type=\"widget\" data-widget_type=\"text-editor.default\">\n\t\t\t\t\t\t\t\t\t<p>Il-prenotazzjoni hija sempli\u010bi: ag\u0127\u017cel id-destinazzjoni tieg\u0127ek, id-data u t-tip ta' minivan li g\u0127andek b\u017conn. Is-sewwieq professjonali tag\u0127na se jkun fil-post u fil-\u0127in spe\u010bifikati, u ji\u017cgura vja\u0121\u0121 komdu u ming\u0127ajr stress.<\/p>\t\t\t\t\t\t\t\t<\/div>\n\t\t\t\t<\/div>\n\t\t<div class=\"elementor-element elementor-element-4f6ae39 e-con-full e-flex e-con e-child\" data-id=\"4f6ae39\" data-element_type=\"container\" data-e-type=\"container\">\n\t\t<div class=\"elementor-element elementor-element-d631ffe e-flex e-con-boxed e-con e-child\" data-id=\"d631ffe\" data-element_type=\"container\" data-e-type=\"container\" data-settings=\"{&quot;background_background&quot;:&quot;classic&quot;}\">\n\t\t\t\t\t<div class=\"e-con-inner\">\n\t\t\t\t<div class=\"elementor-element elementor-element-44fd95b elementor-widget__width-auto elementor-widget elementor-widget-heading\" data-id=\"44fd95b\" data-element_type=\"widget\" data-e-type=\"widget\" data-widget_type=\"heading.default\">\n\t\t\t\t\t<h3 class=\"elementor-heading-title elementor-size-default\">Skont 10%<\/h3>\t\t\t\t<\/div>\n\t\t\t\t<div class=\"elementor-element elementor-element-5f07339 elementor-widget__width-auto elementor-widget elementor-widget-heading\" data-id=\"5f07339\" data-element_type=\"widget\" data-e-type=\"widget\" data-widget_type=\"heading.default\">\n\t\t\t\t\t<div class=\"elementor-heading-title elementor-size-default\">Sa 10% skont g\u0127al kull prenotazzjoni sa 31 ta' Mejju 2026!<\/div>\t\t\t\t<\/div>\n\t\t\t\t\t<\/div>\n\t\t\t\t<\/div>\n\t\t<div class=\"elementor-element elementor-element-792a6ac e-con-full e-flex e-con e-child\" data-id=\"792a6ac\" data-element_type=\"container\" data-e-type=\"container\">\n\t\t\t\t<div class=\"elementor-element elementor-element-a4e3c30 elementor-widget__width-initial elementor-widget elementor-widget-image\" data-id=\"a4e3c30\" data-element_type=\"widget\" data-e-type=\"widget\" data-widget_type=\"image.default\">\n\t\t\t\t\t\t\t\t\t\t\t\t\t\t\t\t<a href=\"#\">\n\t\t\t\t\t\t\t<img decoding=\"async\" width=\"630\" height=\"441\" src=\"https:\/\/minibus.al\/wp-content\/uploads\/2025\/10\/Transfer-416_2268_0182-landscape-630x441-1.jpg\" class=\"attachment-full size-full wp-image-988709\" alt=\"\" srcset=\"https:\/\/minibus.al\/wp-content\/uploads\/2025\/10\/Transfer-416_2268_0182-landscape-630x441-1.jpg 630w, https:\/\/minibus.al\/wp-content\/uploads\/2025\/10\/Transfer-416_2268_0182-landscape-630x441-1-600x420.jpg 600w, https:\/\/minibus.al\/wp-content\/uploads\/2025\/10\/Transfer-416_2268_0182-landscape-630x441-1-300x210.jpg 300w, https:\/\/minibus.al\/wp-content\/uploads\/2025\/10\/Transfer-416_2268_0182-landscape-630x441-1-420x294.jpg 420w, https:\/\/minibus.al\/wp-content\/uploads\/2025\/10\/Transfer-416_2268_0182-landscape-630x441-1-315x221.jpg 315w\" sizes=\"(max-width: 630px) 100vw, 630px\" title=\"\">\t\t\t\t\t\t\t\t<\/a>\n\t\t\t\t\t\t\t\t\t\t\t\t\t\t\t<\/div>\n\t\t\t\t<div class=\"elementor-element elementor-element-f9cab44 elementor-widget__width-initial elementor-widget elementor-widget-heading\" data-id=\"f9cab44\" data-element_type=\"widget\" data-e-type=\"widget\" data-widget_type=\"heading.default\">\n\t\t\t\t\t<h3 class=\"elementor-heading-title elementor-size-default\"><a href=\"#\">Trasferiment privat mill-ajruport<\/a><\/h3>\t\t\t\t<\/div>\n\t\t\t\t<\/div>\n\t\t<div class=\"elementor-element elementor-element-09ec8ca e-con-full e-flex e-con e-child\" data-id=\"09ec8ca\" data-element_type=\"container\" data-e-type=\"container\">\n\t\t\t\t<div class=\"elementor-element elementor-element-5d808b5 elementor-widget__width-initial elementor-widget elementor-widget-image\" data-id=\"5d808b5\" data-element_type=\"widget\" data-e-type=\"widget\" data-widget_type=\"image.default\">\n\t\t\t\t\t\t\t\t\t\t\t\t\t\t\t\t<a href=\"#\">\n\t\t\t\t\t\t\t<img fetchpriority=\"high\" decoding=\"async\" width=\"800\" height=\"560\" src=\"https:\/\/minibus.al\/wp-content\/uploads\/2024\/01\/Crop800x600-landscape.jpeg\" class=\"attachment-full size-full wp-image-988653\" alt=\"\" srcset=\"https:\/\/minibus.al\/wp-content\/uploads\/2024\/01\/Crop800x600-landscape.jpeg 800w, https:\/\/minibus.al\/wp-content\/uploads\/2024\/01\/Crop800x600-landscape-600x420.jpeg 600w, https:\/\/minibus.al\/wp-content\/uploads\/2024\/01\/Crop800x600-landscape-300x210.jpeg 300w, https:\/\/minibus.al\/wp-content\/uploads\/2024\/01\/Crop800x600-landscape-768x538.jpeg 768w, https:\/\/minibus.al\/wp-content\/uploads\/2024\/01\/Crop800x600-landscape-630x441.jpeg 630w, https:\/\/minibus.al\/wp-content\/uploads\/2024\/01\/Crop800x600-landscape-420x294.jpeg 420w, https:\/\/minibus.al\/wp-content\/uploads\/2024\/01\/Crop800x600-landscape-315x221.jpeg 315w\" sizes=\"(max-width: 800px) 100vw, 800px\" title=\"\">\t\t\t\t\t\t\t\t<\/a>\n\t\t\t\t\t\t\t\t\t\t\t\t\t\t\t<\/div>\n\t\t\t\t<div class=\"elementor-element elementor-element-0cb496b elementor-widget__width-initial elementor-widget elementor-widget-heading\" data-id=\"0cb496b\" data-element_type=\"widget\" data-e-type=\"widget\" data-widget_type=\"heading.default\">\n\t\t\t\t\t<h3 class=\"elementor-heading-title elementor-size-default\"><a href=\"#\">Trasferiment privat bis-sewwieq<\/a><\/h3>\t\t\t\t<\/div>\n\t\t\t\t<\/div>\n\t\t\t\t<\/div>\n\t\t\t\t\t<\/div>\n\t\t\t\t<\/div>\n\t\t\t\t<\/div>","protected":false},"excerpt":{"rendered":"<p>Minivan me Qira dhe me shofer n\u00eb Shqip\u00ebri Minivan me qira me shofer n\u00eb Shqip\u00ebri p\u00ebr udh\u00ebtime t\u00eb sigurta dhe komode. Sh\u00ebrbim profesional p\u00ebr transferime, ture dhe evente n\u00eb t\u00eb gjith\u00eb vendin.Ne ofrojm\u00eb transport t\u00eb rehatsh\u00ebm dhe t\u00eb sigurt p\u00ebr grupe t\u00eb vogla dhe t\u00eb mesme. Minivan\u00ebt tan\u00eb jan\u00eb modern\u00eb, t\u00eb mir\u00ebmbajtur dhe t\u00eb drejtuar [&hellip;]<\/p>\n","protected":false},"author":1,"featured_media":988710,"parent":0,"menu_order":0,"comment_status":"closed","ping_status":"closed","template":"","meta":{"footnotes":""},"class_list":["post-989022","page","type-page","status-publish","has-post-thumbnail","hentry"],"_links":{"self":[{"href":"https:\/\/minibus.al\/mt\/wp-json\/wp\/v2\/pages\/989022","targetHints":{"allow":["GET"]}}],"collection":[{"href":"https:\/\/minibus.al\/mt\/wp-json\/wp\/v2\/pages"}],"about":[{"href":"https:\/\/minibus.al\/mt\/wp-json\/wp\/v2\/types\/page"}],"author":[{"embeddable":true,"href":"https:\/\/minibus.al\/mt\/wp-json\/wp\/v2\/users\/1"}],"replies":[{"embeddable":true,"href":"https:\/\/minibus.al\/mt\/wp-json\/wp\/v2\/comments?post=989022"}],"version-history":[{"count":7,"href":"https:\/\/minibus.al\/mt\/wp-json\/wp\/v2\/pages\/989022\/revisions"}],"predecessor-version":[{"id":989029,"href":"https:\/\/minibus.al\/mt\/wp-json\/wp\/v2\/pages\/989022\/revisions\/989029"}],"wp:featuredmedia":[{"embeddable":true,"href":"https:\/\/minibus.al\/mt\/wp-json\/wp\/v2\/media\/988710"}],"wp:attachment":[{"href":"https:\/\/minibus.al\/mt\/wp-json\/wp\/v2\/media?parent=989022"}],"curies":[{"name":"wp","href":"https:\/\/api.w.org\/{rel}","templated":true}]}}