{"id":989011,"date":"2025-12-16T07:36:43","date_gmt":"2025-12-16T07:36:43","guid":{"rendered":"https:\/\/minibus.al\/?page_id=989011"},"modified":"2025-12-16T07:38:06","modified_gmt":"2025-12-16T07:38:06","slug":"sa-18-il-passiggier","status":"publish","type":"page","link":"https:\/\/minibus.al\/mt\/flota-jone\/deri-ne-18-pasagjere\/","title":{"rendered":"Kiri ta' minibus b'sewwieq fl-Albanija \u2013 sa 18-il passi\u0121\u0121ier"},"content":{"rendered":"<div data-elementor-type=\"wp-page\" data-elementor-id=\"989011\" class=\"elementor elementor-989011\">\n\t\t\t\t<div class=\"elementor-element elementor-element-2bde2da e-flex e-con-boxed e-con e-parent\" data-id=\"2bde2da\" data-element_type=\"container\" data-e-type=\"container\" data-settings=\"{&quot;background_background&quot;:&quot;classic&quot;}\">\n\t\t\t\t\t<div class=\"e-con-inner\">\n\t\t<div class=\"elementor-element elementor-element-ee41b66 e-con-full e-flex e-con e-child\" data-id=\"ee41b66\" data-element_type=\"container\" data-e-type=\"container\">\n\t\t\t\t<div class=\"elementor-element elementor-element-abd650d elementor-widget elementor-widget-heading\" data-id=\"abd650d\" data-element_type=\"widget\" data-e-type=\"widget\" data-widget_type=\"heading.default\">\n\t\t\t\t\t<h1 class=\"elementor-heading-title elementor-size-default\">Kiri ta' minibus b'sewwieq fl-Albanija \u2013 sa 18-il passi\u0121\u0121ier<\/h1>\t\t\t\t<\/div>\n\t\t\t\t<div class=\"elementor-element elementor-element-b53403e elementor-widget elementor-widget-text-editor\" data-id=\"b53403e\" data-element_type=\"widget\" data-e-type=\"widget\" data-widget_type=\"text-editor.default\">\n\t\t\t\t\t\t\t\t\t<p>Irri\u017cerva issa minibus b'sewwieq fl-Albanija g\u0127al gruppi sa 18-il persuna. Trasport sikur u komdu f'Tirana, Durr\u00ebs, Shkod\u00ebr u destinazzjonijiet o\u0127ra g\u0127at-turi\u017cmu, avvenimenti u vja\u0121\u0121i tan-negozju.<\/p>\t\t\t\t\t\t\t\t<\/div>\n\t\t\t\t<\/div>\n\t\t\t\t\t<\/div>\n\t\t\t\t<\/div>\n\t\t<div class=\"elementor-element elementor-element-e125e23 e-flex e-con-boxed e-con e-parent\" data-id=\"e125e23\" data-element_type=\"container\" data-e-type=\"container\" data-settings=\"{&quot;background_background&quot;:&quot;classic&quot;}\">\n\t\t\t\t\t<div class=\"e-con-inner\">\n\t\t<div class=\"elementor-element elementor-element-5a9d3ce e-con-full e-flex e-con e-child\" data-id=\"5a9d3ce\" data-element_type=\"container\" data-e-type=\"container\">\n\t\t\t\t<div class=\"elementor-element elementor-element-cf95fae elementor-widget elementor-widget-text-editor\" data-id=\"cf95fae\" data-element_type=\"widget\" data-e-type=\"widget\" data-widget_type=\"text-editor.default\">\n\t\t\t\t\t\t\t\t\t<p>Noffru kera ta' minibus b'sewwieq madwar l-Albanija, ideali g\u0127al gruppi sa 18-il passaggier. Dan is-servizz huwa mfassal biex jiggarantikom vja\u0121\u0121i komdi, sikuri u organizzati tajjeb, kemm jekk qed tivvja\u0121\u0121a g\u0127all-pja\u010bir, g\u0127al avvenimenti jew g\u0127al impenji tan-negozju.<\/p>\t\t\t\t\t\t\t\t<\/div>\n\t\t\t\t<div class=\"elementor-element elementor-element-4f2db3b elementor-widget elementor-widget-heading\" data-id=\"4f2db3b\" data-element_type=\"widget\" data-e-type=\"widget\" data-widget_type=\"heading.default\">\n\t\t\t\t\t<h3 class=\"elementor-heading-title elementor-size-default\">Adattabilit\u00e0 g\u0127al gruppi differenti<\/h3>\t\t\t\t<\/div>\n\t\t\t\t<div class=\"elementor-element elementor-element-30d43d6 elementor-widget elementor-widget-text-editor\" data-id=\"30d43d6\" data-element_type=\"widget\" data-e-type=\"widget\" data-widget_type=\"text-editor.default\">\n\t\t\t\t\t\t\t\t\tIl-minibuses tag\u0127na huma l-g\u0127a\u017cla perfetta g\u0127al a\u0121enziji tat-turi\u017cmu, familji, gruppi ta' \u0127bieb, kumpaniji, organizzaturi ta' avvenimenti u operaturi li qed ifittxu trasport regolari u professjonali. Fl-industrija tat-turi\u017cmu, noffru itinerarji flessibbli, waqfiet kif mixtieq, u sewwieqa b'esperjenza li jafu kull sezzjoni tat-toroq tal-Albanija. Fl-industrija tal-avvenimenti, ni\u017cguraw li t-trasport tal-grupp imur ming\u0127ajr stress \u2013 minn \u017cwie\u0121 u avvenimenti korporattivi sa kun\u010berti, konferenzi, \u010belebrazzjonijiet familjari u attivitajiet sportivi.\t\t\t\t\t\t\t\t<\/div>\n\t\t\t\t<div class=\"elementor-element elementor-element-094774e elementor-widget elementor-widget-heading\" data-id=\"094774e\" data-element_type=\"widget\" data-e-type=\"widget\" data-widget_type=\"heading.default\">\n\t\t\t\t\t<h3 class=\"elementor-heading-title elementor-size-default\">Kiri ta' minibus f'Tirana u fl-in\u0127awi madwarha.<br><\/h3>\t\t\t\t<\/div>\n\t\t\t\t<div class=\"elementor-element elementor-element-c2badbf elementor-widget elementor-widget-text-editor\" data-id=\"c2badbf\" data-element_type=\"widget\" data-e-type=\"widget\" data-widget_type=\"text-editor.default\">\n\t\t\t\t\t\t\t\t\tIs-servizz tag\u0127na ta' kera ta' minibbusi jkopri l-ibliet ewlenin tal-Albanija, inklu\u017ci Tirana, Durr\u00ebs, Shkod\u00ebr, Vlor\u00eb, Saranda, Berat, Gjirokastra, Kor\u00e7a, Elbasan u Lezh\u00eb. Minn l-Ajruport ta' Tirana sal-kosta tan-nofsinhar jew lejn il-bliet tal-mu\u017cewijiet, noffru trasferimenti sikuri sinkronizzati mal-iskedi u l-b\u017connijiet tieg\u0127ek.\t\t\t\t\t\t\t\t<\/div>\n\t\t\t\t<div class=\"elementor-element elementor-element-0e04ef8 elementor-widget elementor-widget-heading\" data-id=\"0e04ef8\" data-element_type=\"widget\" data-e-type=\"widget\" data-widget_type=\"heading.default\">\n\t\t\t\t\t<h3 class=\"elementor-heading-title elementor-size-default\">Sewwieqa professjonali u vja\u0121\u0121ar sikur<\/h3>\t\t\t\t<\/div>\n\t\t\t\t<div class=\"elementor-element elementor-element-f2e72c7 elementor-widget elementor-widget-text-editor\" data-id=\"f2e72c7\" data-element_type=\"widget\" data-e-type=\"widget\" data-widget_type=\"text-editor.default\">\n\t\t\t\t\t\t\t\t\tKull vja\u0121\u0121 isir minn sewwieqa professjonali u m\u0127arr\u0121a li g\u0127andhom il-li\u010benzji kollha me\u0127tie\u0121a. Il-minibuses tag\u0127na jiggarantixxu kumdit\u00e0, kondizzjonatur tal-arja, spazju g\u0127all-bagalji u esperjenza ta' vja\u0121\u0121 kompluta, u jag\u0127mlu kull itinerarju bla xkiel u pja\u010bevoli.\t\t\t\t\t\t\t\t<\/div>\n\t\t\t\t<div class=\"elementor-element elementor-element-23592db elementor-widget elementor-widget-heading\" data-id=\"23592db\" data-element_type=\"widget\" data-e-type=\"widget\" data-widget_type=\"heading.default\">\n\t\t\t\t\t<h3 class=\"elementor-heading-title elementor-size-default\">G\u0127aliex minibus.al?<\/h3>\t\t\t\t<\/div>\n\t\t\t\t<div class=\"elementor-element elementor-element-288ca7f elementor-widget elementor-widget-text-editor\" data-id=\"288ca7f\" data-element_type=\"widget\" data-e-type=\"widget\" data-widget_type=\"text-editor.default\">\n\t\t\t\t\t\t\t\t\tNifhmu li kull vja\u0121\u0121 g\u0127andu b\u017connijiet differenti. G\u0127alhekk, noffru firxa ta' minibuses g\u0127al gruppi \u017cg\u0127ar u kbar, itinerarji personalizzati u sewwieqa m\u0127arr\u0121a b'mod professjonali. Is-sigurt\u00e0, il-kumdit\u00e0 u l-professjonalit\u00e0 huma l-prin\u010bipji ewlenin tag\u0127na, li ji\u017cguraw esperjenza pja\u010bevoli u rilassata g\u0127al kull passaggier.\t\t\t\t\t\t\t\t<\/div>\n\t\t\t\t<div class=\"elementor-element elementor-element-6d08aec elementor-widget elementor-widget-image\" data-id=\"6d08aec\" data-element_type=\"widget\" data-e-type=\"widget\" data-widget_type=\"image.default\">\n\t\t\t\t\t\t\t\t\t\t\t\t\t\t\t<img fetchpriority=\"high\" decoding=\"async\" width=\"800\" height=\"560\" src=\"https:\/\/minibus.al\/wp-content\/uploads\/2024\/01\/01-landscape.jpg\" class=\"attachment-large size-large wp-image-988652\" alt=\"\" srcset=\"https:\/\/minibus.al\/wp-content\/uploads\/2024\/01\/01-landscape.jpg 893w, https:\/\/minibus.al\/wp-content\/uploads\/2024\/01\/01-landscape-600x420.jpg 600w, https:\/\/minibus.al\/wp-content\/uploads\/2024\/01\/01-landscape-300x210.jpg 300w, https:\/\/minibus.al\/wp-content\/uploads\/2024\/01\/01-landscape-768x538.jpg 768w, https:\/\/minibus.al\/wp-content\/uploads\/2024\/01\/01-landscape-630x441.jpg 630w, https:\/\/minibus.al\/wp-content\/uploads\/2024\/01\/01-landscape-420x294.jpg 420w, https:\/\/minibus.al\/wp-content\/uploads\/2024\/01\/01-landscape-840x588.jpg 840w, https:\/\/minibus.al\/wp-content\/uploads\/2024\/01\/01-landscape-315x220.jpg 315w\" sizes=\"(max-width: 800px) 100vw, 800px\" title=\"\">\t\t\t\t\t\t\t\t\t\t\t\t\t\t\t<\/div>\n\t\t\t\t<div class=\"elementor-element elementor-element-1e7cd0e elementor-widget elementor-widget-heading\" data-id=\"1e7cd0e\" data-element_type=\"widget\" data-e-type=\"widget\" data-widget_type=\"heading.default\">\n\t\t\t\t\t<h3 class=\"elementor-heading-title elementor-size-default\">Rilassament u kumdit\u00e0 massima<\/h3>\t\t\t\t<\/div>\n\t\t\t\t<div class=\"elementor-element elementor-element-61ae5bf elementor-widget elementor-widget-text-editor\" data-id=\"61ae5bf\" data-element_type=\"widget\" data-e-type=\"widget\" data-widget_type=\"text-editor.default\">\n\t\t\t\t\t\t\t\t\t<p>Jekk g\u0127andek b\u017conn servizz affidabbli minn bieb g\u0127al bieb g\u0127al gruppi \u017cg\u0127ar, il-minibuses tag\u0127na b'\u010bauffeur huma l-g\u0127a\u017cla ideali. A\u0127na nie\u0127du \u0127sieb kull dettall \u2013 ir-rotta, l-iskedi, il-waqfiet u l-kumdit\u00e0 \u2013 sabiex tkun tista\u201c tiffoka biss fuq il-vja\u0121\u0121 u l-esperjenza.<\/p>\t\t\t\t\t\t\t\t<\/div>\n\t\t\t\t<\/div>\n\t\t<div class=\"elementor-element elementor-element-21695eb e-con-full e-flex e-con e-child\" data-id=\"21695eb\" data-element_type=\"container\" data-e-type=\"container\">\n\t\t<div class=\"elementor-element elementor-element-9e6287b e-flex e-con-boxed e-con e-child\" data-id=\"9e6287b\" data-element_type=\"container\" data-e-type=\"container\" data-settings=\"{&quot;background_background&quot;:&quot;classic&quot;}\">\n\t\t\t\t\t<div class=\"e-con-inner\">\n\t\t\t\t<div class=\"elementor-element elementor-element-be48760 elementor-widget__width-auto elementor-widget elementor-widget-heading\" data-id=\"be48760\" data-element_type=\"widget\" data-e-type=\"widget\" data-widget_type=\"heading.default\">\n\t\t\t\t\t<h3 class=\"elementor-heading-title elementor-size-default\">Skont 10%<\/h3>\t\t\t\t<\/div>\n\t\t\t\t<div class=\"elementor-element elementor-element-3de29c3 elementor-widget__width-auto elementor-widget elementor-widget-heading\" data-id=\"3de29c3\" data-element_type=\"widget\" data-e-type=\"widget\" data-widget_type=\"heading.default\">\n\t\t\t\t\t<div class=\"elementor-heading-title elementor-size-default\">Sa 10% skont g\u0127al kull prenotazzjoni sa 31 ta' Mejju 2026!<\/div>\t\t\t\t<\/div>\n\t\t\t\t\t<\/div>\n\t\t\t\t<\/div>\n\t\t<div class=\"elementor-element elementor-element-59e80db e-con-full e-flex e-con e-child\" data-id=\"59e80db\" data-element_type=\"container\" data-e-type=\"container\">\n\t\t\t\t<div class=\"elementor-element elementor-element-02125ec elementor-widget__width-initial elementor-widget elementor-widget-heading\" data-id=\"02125ec\" data-element_type=\"widget\" data-e-type=\"widget\" data-widget_type=\"heading.default\">\n\t\t\t\t\t<h3 class=\"elementor-heading-title elementor-size-default\"><a href=\"https:\/\/minibus.al\/mt\/kiri-ta-minibus-bsewwieq-ghal-eskursjonijiet\/\">Kiri ta' minibus g\u0127at-turi\u017cmu<\/a><\/h3>\t\t\t\t<\/div>\n\t\t\t\t<\/div>\n\t\t<div class=\"elementor-element elementor-element-d78acf1 e-con-full e-flex e-con e-child\" data-id=\"d78acf1\" data-element_type=\"container\" data-e-type=\"container\">\n\t\t\t\t<div class=\"elementor-element elementor-element-7db6655 elementor-widget__width-initial elementor-widget elementor-widget-heading\" data-id=\"7db6655\" data-element_type=\"widget\" data-e-type=\"widget\" data-widget_type=\"heading.default\">\n\t\t\t\t\t<h3 class=\"elementor-heading-title elementor-size-default\"><a href=\"https:\/\/minibus.al\/mt\/kiri-ta-minibus-bsewwieq-ghal-avvenimenti\/\">Kiri ta' minibus g\u0127al avvenimenti<\/a><\/h3>\t\t\t\t<\/div>\n\t\t\t\t<\/div>\n\t\t<div class=\"elementor-element elementor-element-9e5c0e6 e-con-full e-flex e-con e-child\" data-id=\"9e5c0e6\" data-element_type=\"container\" data-e-type=\"container\">\n\t\t\t\t<div class=\"elementor-element elementor-element-9e8ecef elementor-widget__width-initial elementor-widget elementor-widget-heading\" data-id=\"9e8ecef\" data-element_type=\"widget\" data-e-type=\"widget\" data-widget_type=\"heading.default\">\n\t\t\t\t\t<h3 class=\"elementor-heading-title elementor-size-default\"><a href=\"https:\/\/minibus.al\/mt\/kiri-ta-minibus-fl-ajruport-ta-tirana\/\">Trasferiment privat mill-ajruport<\/a><\/h3>\t\t\t\t<\/div>\n\t\t\t\t<\/div>\n\t\t\t\t<\/div>\n\t\t\t\t\t<\/div>\n\t\t\t\t<\/div>\n\t\t\t\t<\/div>","protected":false},"excerpt":{"rendered":"<p>Minibus me qira me shofer n\u00eb Shqip\u00ebri \u2013 deri n\u00eb 18 pasagjer\u00eb Rezervo tani minibus me shofer n\u00eb Shqip\u00ebri p\u00ebr grupe deri n\u00eb 18 persona. Transport i sigurt dhe i komod n\u00eb Tiran\u00eb, Durr\u00ebs, Shkod\u00ebr dhe destinacione t\u00eb tjera p\u00ebr turiz\u00ebm, evente dhe udh\u00ebtime biznesi. Ne ofrojm\u00eb sh\u00ebrbimin e minibuseve me qira me shofer n\u00eb [&hellip;]<\/p>\n","protected":false},"author":1,"featured_media":988652,"parent":988966,"menu_order":0,"comment_status":"closed","ping_status":"closed","template":"","meta":{"footnotes":""},"class_list":["post-989011","page","type-page","status-publish","has-post-thumbnail","hentry"],"_links":{"self":[{"href":"https:\/\/minibus.al\/mt\/wp-json\/wp\/v2\/pages\/989011","targetHints":{"allow":["GET"]}}],"collection":[{"href":"https:\/\/minibus.al\/mt\/wp-json\/wp\/v2\/pages"}],"about":[{"href":"https:\/\/minibus.al\/mt\/wp-json\/wp\/v2\/types\/page"}],"author":[{"embeddable":true,"href":"https:\/\/minibus.al\/mt\/wp-json\/wp\/v2\/users\/1"}],"replies":[{"embeddable":true,"href":"https:\/\/minibus.al\/mt\/wp-json\/wp\/v2\/comments?post=989011"}],"version-history":[{"count":8,"href":"https:\/\/minibus.al\/mt\/wp-json\/wp\/v2\/pages\/989011\/revisions"}],"predecessor-version":[{"id":989019,"href":"https:\/\/minibus.al\/mt\/wp-json\/wp\/v2\/pages\/989011\/revisions\/989019"}],"up":[{"embeddable":true,"href":"https:\/\/minibus.al\/mt\/wp-json\/wp\/v2\/pages\/988966"}],"wp:featuredmedia":[{"embeddable":true,"href":"https:\/\/minibus.al\/mt\/wp-json\/wp\/v2\/media\/988652"}],"wp:attachment":[{"href":"https:\/\/minibus.al\/mt\/wp-json\/wp\/v2\/media?parent=989011"}],"curies":[{"name":"wp","href":"https:\/\/api.w.org\/{rel}","templated":true}]}}