{"id":988961,"date":"2025-12-12T07:38:26","date_gmt":"2025-12-12T07:38:26","guid":{"rendered":"https:\/\/minibus.al\/?page_id=988961"},"modified":"2025-12-12T08:13:29","modified_gmt":"2025-12-12T08:13:29","slug":"sa-8-passiggieri","status":"publish","type":"page","link":"https:\/\/minibus.al\/mt\/flota-jone\/deri-ne-8-pasagjer\/","title":{"rendered":"Minibus ta' 8+1 g\u0127all-kiri b'sewwieq fl-Albanija"},"content":{"rendered":"<div data-elementor-type=\"wp-page\" data-elementor-id=\"988961\" class=\"elementor elementor-988961\">\n\t\t\t\t<div class=\"elementor-element elementor-element-9157af8 e-flex e-con-boxed e-con e-parent\" data-id=\"9157af8\" data-element_type=\"container\" data-e-type=\"container\" data-settings=\"{&quot;background_background&quot;:&quot;classic&quot;}\">\n\t\t\t\t\t<div class=\"e-con-inner\">\n\t\t<div class=\"elementor-element elementor-element-2404e81 e-con-full e-flex e-con e-child\" data-id=\"2404e81\" data-element_type=\"container\" data-e-type=\"container\">\n\t\t\t\t<div class=\"elementor-element elementor-element-543e65c elementor-widget elementor-widget-heading\" data-id=\"543e65c\" data-element_type=\"widget\" data-e-type=\"widget\" data-widget_type=\"heading.default\">\n\t\t\t\t\t<h1 class=\"elementor-heading-title elementor-size-default\">Kiri ta' minibus b'sewwieq fl-Albanija \u2013 sa 8 passi\u0121\u0121ieri<\/h1>\t\t\t\t<\/div>\n\t\t\t\t<div class=\"elementor-element elementor-element-c4c7f96 elementor-widget elementor-widget-text-editor\" data-id=\"c4c7f96\" data-element_type=\"widget\" data-e-type=\"widget\" data-widget_type=\"text-editor.default\">\n\t\t\t\t\t\t\t\t\tIrri\u017cerva issa minibus b'sewwieq fl-Albanija g\u0127al gruppi sa tmien persuni. Trasport sikur u komdu f'Tirana, Durr\u00ebs, Shkod\u00ebr u destinazzjonijiet o\u0127ra g\u0127at-turi\u017cmu, avvenimenti u vja\u0121\u0121i tan-negozju.\t\t\t\t\t\t\t\t<\/div>\n\t\t\t\t<\/div>\n\t\t\t\t\t<\/div>\n\t\t\t\t<\/div>\n\t\t<div class=\"elementor-element elementor-element-d7bac3e e-flex e-con-boxed e-con e-parent\" data-id=\"d7bac3e\" data-element_type=\"container\" data-e-type=\"container\" data-settings=\"{&quot;background_background&quot;:&quot;classic&quot;}\">\n\t\t\t\t\t<div class=\"e-con-inner\">\n\t\t<div class=\"elementor-element elementor-element-50917bb e-con-full e-flex e-con e-child\" data-id=\"50917bb\" data-element_type=\"container\" data-e-type=\"container\">\n\t\t\t\t<div class=\"elementor-element elementor-element-df454eb elementor-widget elementor-widget-text-editor\" data-id=\"df454eb\" data-element_type=\"widget\" data-e-type=\"widget\" data-widget_type=\"text-editor.default\">\n\t\t\t\t\t\t\t\t\tNoffru kera ta' minibus b'sewwieq madwar l-Albanija, ideali g\u0127al gruppi sa tmien passi\u0121\u0121ieri. Dan is-servizz huwa mfassal biex jiggarantixxi vja\u0121\u0121i komdi, sikuri u organizzati tajjeb, kemm jekk qed tivvja\u0121\u0121a g\u0127all-pja\u010bir, g\u0127al avvenimenti jew g\u0127al impenji tan-negozju.\t\t\t\t\t\t\t\t<\/div>\n\t\t\t\t<div class=\"elementor-element elementor-element-f998bee elementor-widget elementor-widget-heading\" data-id=\"f998bee\" data-element_type=\"widget\" data-e-type=\"widget\" data-widget_type=\"heading.default\">\n\t\t\t\t\t<h3 class=\"elementor-heading-title elementor-size-default\">Adattabilit\u00e0 g\u0127al gruppi differenti<\/h3>\t\t\t\t<\/div>\n\t\t\t\t<div class=\"elementor-element elementor-element-7f980eb elementor-widget elementor-widget-text-editor\" data-id=\"7f980eb\" data-element_type=\"widget\" data-e-type=\"widget\" data-widget_type=\"text-editor.default\">\n\t\t\t\t\t\t\t\t\tIl-minibuses tag\u0127na huma l-g\u0127a\u017cla perfetta g\u0127al a\u0121enziji tat-turi\u017cmu, familji, gruppi ta' \u0127bieb, kumpaniji, organizzaturi ta' avvenimenti u operaturi li qed ifittxu trasport regolari u professjonali. Fl-industrija tat-turi\u017cmu, noffru itinerarji flessibbli, waqfiet kif mixtieq, u sewwieqa b'esperjenza li jafu kull sezzjoni tat-toroq tal-Albanija. Fl-industrija tal-avvenimenti, ni\u017cguraw li t-trasport tal-grupp imur ming\u0127ajr stress \u2013 minn \u017cwie\u0121 u avvenimenti korporattivi sa kun\u010berti, konferenzi, \u010belebrazzjonijiet familjari u attivitajiet sportivi.\t\t\t\t\t\t\t\t<\/div>\n\t\t\t\t<div class=\"elementor-element elementor-element-3f29037 elementor-widget elementor-widget-heading\" data-id=\"3f29037\" data-element_type=\"widget\" data-e-type=\"widget\" data-widget_type=\"heading.default\">\n\t\t\t\t\t<h3 class=\"elementor-heading-title elementor-size-default\">Kiri ta' minibus f'Tirana u fl-in\u0127awi madwarha.<br><\/h3>\t\t\t\t<\/div>\n\t\t\t\t<div class=\"elementor-element elementor-element-8a03359 elementor-widget elementor-widget-text-editor\" data-id=\"8a03359\" data-element_type=\"widget\" data-e-type=\"widget\" data-widget_type=\"text-editor.default\">\n\t\t\t\t\t\t\t\t\tIs-servizz tag\u0127na ta' kera ta' minibbusi jkopri l-ibliet ewlenin tal-Albanija, inklu\u017ci Tirana, Durr\u00ebs, Shkod\u00ebr, Vlor\u00eb, Saranda, Berat, Gjirokastra, Kor\u00e7a, Elbasan u Lezh\u00eb. Minn l-Ajruport ta' Tirana sal-kosta tan-nofsinhar jew lejn il-bliet tal-mu\u017cewijiet, noffru trasferimenti sikuri sinkronizzati mal-iskedi u l-b\u017connijiet tieg\u0127ek.\t\t\t\t\t\t\t\t<\/div>\n\t\t\t\t<div class=\"elementor-element elementor-element-cc8576f elementor-widget elementor-widget-heading\" data-id=\"cc8576f\" data-element_type=\"widget\" data-e-type=\"widget\" data-widget_type=\"heading.default\">\n\t\t\t\t\t<h3 class=\"elementor-heading-title elementor-size-default\">Sewwieqa professjonali u vja\u0121\u0121ar sikur<\/h3>\t\t\t\t<\/div>\n\t\t\t\t<div class=\"elementor-element elementor-element-b75389e elementor-widget elementor-widget-text-editor\" data-id=\"b75389e\" data-element_type=\"widget\" data-e-type=\"widget\" data-widget_type=\"text-editor.default\">\n\t\t\t\t\t\t\t\t\tKull vja\u0121\u0121 isir minn sewwieqa professjonali u m\u0127arr\u0121a li g\u0127andhom il-li\u010benzji kollha me\u0127tie\u0121a. Il-minibuses tag\u0127na jiggarantixxu kumdit\u00e0, kondizzjonatur tal-arja, spazju g\u0127all-bagalji u esperjenza ta' vja\u0121\u0121 kompluta, u jag\u0127mlu kull itinerarju bla xkiel u pja\u010bevoli.\t\t\t\t\t\t\t\t<\/div>\n\t\t\t\t<div class=\"elementor-element elementor-element-636ac8c elementor-widget elementor-widget-heading\" data-id=\"636ac8c\" data-element_type=\"widget\" data-e-type=\"widget\" data-widget_type=\"heading.default\">\n\t\t\t\t\t<h3 class=\"elementor-heading-title elementor-size-default\">G\u0127aliex minibus.al?<\/h3>\t\t\t\t<\/div>\n\t\t\t\t<div class=\"elementor-element elementor-element-07ca6b1 elementor-widget elementor-widget-text-editor\" data-id=\"07ca6b1\" data-element_type=\"widget\" data-e-type=\"widget\" data-widget_type=\"text-editor.default\">\n\t\t\t\t\t\t\t\t\tNifhmu li kull vja\u0121\u0121 g\u0127andu b\u017connijiet differenti. G\u0127alhekk, noffru firxa ta' minibuses g\u0127al gruppi \u017cg\u0127ar u kbar, itinerarji personalizzati u sewwieqa m\u0127arr\u0121a b'mod professjonali. Is-sigurt\u00e0, il-kumdit\u00e0 u l-professjonalit\u00e0 huma l-prin\u010bipji ewlenin tag\u0127na, li ji\u017cguraw esperjenza pja\u010bevoli u rilassata g\u0127al kull passaggier.\t\t\t\t\t\t\t\t<\/div>\n\t\t\t\t<div class=\"elementor-element elementor-element-911e7de elementor-widget elementor-widget-image\" data-id=\"911e7de\" data-element_type=\"widget\" data-e-type=\"widget\" data-widget_type=\"image.default\">\n\t\t\t\t\t\t\t\t\t\t\t\t\t\t\t<img fetchpriority=\"high\" decoding=\"async\" width=\"800\" height=\"560\" src=\"https:\/\/minibus.al\/wp-content\/uploads\/2024\/01\/Crop800x600-landscape.jpeg\" class=\"attachment-large size-large wp-image-988653\" alt=\"\" srcset=\"https:\/\/minibus.al\/wp-content\/uploads\/2024\/01\/Crop800x600-landscape.jpeg 800w, https:\/\/minibus.al\/wp-content\/uploads\/2024\/01\/Crop800x600-landscape-600x420.jpeg 600w, https:\/\/minibus.al\/wp-content\/uploads\/2024\/01\/Crop800x600-landscape-300x210.jpeg 300w, https:\/\/minibus.al\/wp-content\/uploads\/2024\/01\/Crop800x600-landscape-768x538.jpeg 768w, https:\/\/minibus.al\/wp-content\/uploads\/2024\/01\/Crop800x600-landscape-630x441.jpeg 630w, https:\/\/minibus.al\/wp-content\/uploads\/2024\/01\/Crop800x600-landscape-420x294.jpeg 420w, https:\/\/minibus.al\/wp-content\/uploads\/2024\/01\/Crop800x600-landscape-315x221.jpeg 315w\" sizes=\"(max-width: 800px) 100vw, 800px\" title=\"\">\t\t\t\t\t\t\t\t\t\t\t\t\t\t\t<\/div>\n\t\t\t\t<div class=\"elementor-element elementor-element-89ea343 elementor-widget elementor-widget-heading\" data-id=\"89ea343\" data-element_type=\"widget\" data-e-type=\"widget\" data-widget_type=\"heading.default\">\n\t\t\t\t\t<h3 class=\"elementor-heading-title elementor-size-default\">Rilassament u kumdit\u00e0 massima<\/h3>\t\t\t\t<\/div>\n\t\t\t\t<div class=\"elementor-element elementor-element-c34765b elementor-widget elementor-widget-text-editor\" data-id=\"c34765b\" data-element_type=\"widget\" data-e-type=\"widget\" data-widget_type=\"text-editor.default\">\n\t\t\t\t\t\t\t\t\t<p>Jekk g\u0127andek b\u017conn servizz affidabbli minn bieb g\u0127al bieb g\u0127al gruppi \u017cg\u0127ar, il-minibuses tag\u0127na b'\u010bauffeur huma l-g\u0127a\u017cla ideali. A\u0127na nie\u0127du \u0127sieb kull dettall \u2013 ir-rotta, l-iskedi, il-waqfiet u l-kumdit\u00e0 \u2013 sabiex tkun tista\u201c tiffoka biss fuq il-vja\u0121\u0121 u l-esperjenza.<\/p>\t\t\t\t\t\t\t\t<\/div>\n\t\t\t\t<\/div>\n\t\t<div class=\"elementor-element elementor-element-5053aa3 e-con-full e-flex e-con e-child\" data-id=\"5053aa3\" data-element_type=\"container\" data-e-type=\"container\">\n\t\t<div class=\"elementor-element elementor-element-d7f78a8 e-flex e-con-boxed e-con e-child\" data-id=\"d7f78a8\" data-element_type=\"container\" data-e-type=\"container\" data-settings=\"{&quot;background_background&quot;:&quot;classic&quot;}\">\n\t\t\t\t\t<div class=\"e-con-inner\">\n\t\t\t\t<div class=\"elementor-element elementor-element-dbfdd6b elementor-widget__width-auto elementor-widget elementor-widget-heading\" data-id=\"dbfdd6b\" data-element_type=\"widget\" data-e-type=\"widget\" data-widget_type=\"heading.default\">\n\t\t\t\t\t<h3 class=\"elementor-heading-title elementor-size-default\">Skont 10%<\/h3>\t\t\t\t<\/div>\n\t\t\t\t<div class=\"elementor-element elementor-element-8915590 elementor-widget__width-auto elementor-widget elementor-widget-heading\" data-id=\"8915590\" data-element_type=\"widget\" data-e-type=\"widget\" data-widget_type=\"heading.default\">\n\t\t\t\t\t<div class=\"elementor-heading-title elementor-size-default\">Sa 10% skont g\u0127al kull prenotazzjoni sa 31 ta' Mejju 2026!<\/div>\t\t\t\t<\/div>\n\t\t\t\t\t<\/div>\n\t\t\t\t<\/div>\n\t\t<div class=\"elementor-element elementor-element-5681020 e-con-full e-flex e-con e-child\" data-id=\"5681020\" data-element_type=\"container\" data-e-type=\"container\">\n\t\t\t\t<div class=\"elementor-element elementor-element-bab86e4 elementor-widget__width-initial elementor-widget elementor-widget-heading\" data-id=\"bab86e4\" data-element_type=\"widget\" data-e-type=\"widget\" data-widget_type=\"heading.default\">\n\t\t\t\t\t<h3 class=\"elementor-heading-title elementor-size-default\"><a href=\"https:\/\/minibus.al\/mt\/kiri-ta-minibus-bsewwieq-ghal-eskursjonijiet\/\">Kiri ta' minibus g\u0127at-turi\u017cmu<\/a><\/h3>\t\t\t\t<\/div>\n\t\t\t\t<\/div>\n\t\t<div class=\"elementor-element elementor-element-aa61225 e-con-full e-flex e-con e-child\" data-id=\"aa61225\" data-element_type=\"container\" data-e-type=\"container\">\n\t\t\t\t<div class=\"elementor-element elementor-element-f9f6754 elementor-widget__width-initial elementor-widget elementor-widget-heading\" data-id=\"f9f6754\" data-element_type=\"widget\" data-e-type=\"widget\" data-widget_type=\"heading.default\">\n\t\t\t\t\t<h3 class=\"elementor-heading-title elementor-size-default\"><a href=\"https:\/\/minibus.al\/mt\/kiri-ta-minibus-bsewwieq-ghal-avvenimenti\/\">Kiri ta' minibus g\u0127al avvenimenti<\/a><\/h3>\t\t\t\t<\/div>\n\t\t\t\t<\/div>\n\t\t<div class=\"elementor-element elementor-element-36b1fbe e-con-full e-flex e-con e-child\" data-id=\"36b1fbe\" data-element_type=\"container\" data-e-type=\"container\">\n\t\t\t\t<div class=\"elementor-element elementor-element-8ec7acc elementor-widget__width-initial elementor-widget elementor-widget-heading\" data-id=\"8ec7acc\" data-element_type=\"widget\" data-e-type=\"widget\" data-widget_type=\"heading.default\">\n\t\t\t\t\t<h3 class=\"elementor-heading-title elementor-size-default\"><a href=\"https:\/\/minibus.al\/mt\/kiri-ta-minibus-fl-ajruport-ta-tirana\/\">Trasferiment privat mill-ajruport<\/a><\/h3>\t\t\t\t<\/div>\n\t\t\t\t<\/div>\n\t\t\t\t<\/div>\n\t\t\t\t\t<\/div>\n\t\t\t\t<\/div>\n\t\t\t\t<\/div>","protected":false},"excerpt":{"rendered":"<p>Minibus me qira me shofer n\u00eb Shqip\u00ebri \u2013 deri n\u00eb 8 pasagjer\u00eb Rezervo tani minibus me shofer n\u00eb Shqip\u00ebri p\u00ebr grupe deri n\u00eb 8 persona. Transport i sigurt dhe i komod n\u00eb Tiran\u00eb, Durr\u00ebs, Shkod\u00ebr dhe destinacione t\u00eb tjera p\u00ebr turiz\u00ebm, evente dhe udh\u00ebtime biznesi.Ne ofrojm\u00eb sh\u00ebrbimin e minibuseve me qira me shofer n\u00eb t\u00eb [&hellip;]<\/p>\n","protected":false},"author":1,"featured_media":988710,"parent":988966,"menu_order":0,"comment_status":"closed","ping_status":"closed","template":"","meta":{"footnotes":""},"class_list":["post-988961","page","type-page","status-publish","has-post-thumbnail","hentry"],"_links":{"self":[{"href":"https:\/\/minibus.al\/mt\/wp-json\/wp\/v2\/pages\/988961","targetHints":{"allow":["GET"]}}],"collection":[{"href":"https:\/\/minibus.al\/mt\/wp-json\/wp\/v2\/pages"}],"about":[{"href":"https:\/\/minibus.al\/mt\/wp-json\/wp\/v2\/types\/page"}],"author":[{"embeddable":true,"href":"https:\/\/minibus.al\/mt\/wp-json\/wp\/v2\/users\/1"}],"replies":[{"embeddable":true,"href":"https:\/\/minibus.al\/mt\/wp-json\/wp\/v2\/comments?post=988961"}],"version-history":[{"count":14,"href":"https:\/\/minibus.al\/mt\/wp-json\/wp\/v2\/pages\/988961\/revisions"}],"predecessor-version":[{"id":989006,"href":"https:\/\/minibus.al\/mt\/wp-json\/wp\/v2\/pages\/988961\/revisions\/989006"}],"up":[{"embeddable":true,"href":"https:\/\/minibus.al\/mt\/wp-json\/wp\/v2\/pages\/988966"}],"wp:featuredmedia":[{"embeddable":true,"href":"https:\/\/minibus.al\/mt\/wp-json\/wp\/v2\/media\/988710"}],"wp:attachment":[{"href":"https:\/\/minibus.al\/mt\/wp-json\/wp\/v2\/media?parent=988961"}],"curies":[{"name":"wp","href":"https:\/\/api.w.org\/{rel}","templated":true}]}}