{"id":988882,"date":"2025-10-17T18:38:51","date_gmt":"2025-10-17T18:38:51","guid":{"rendered":"https:\/\/minibus.al\/?page_id=988882"},"modified":"2025-10-17T18:44:38","modified_gmt":"2025-10-17T18:44:38","slug":"kiri-ta-minibus-bsewwieq-fshkoder","status":"publish","type":"page","link":"https:\/\/minibus.al\/mt\/minibus-me-qira-me-shofer-ne-shkoder\/","title":{"rendered":"Kiri ta' minibus b'sewwieq f'Shkod\u00ebr."},"content":{"rendered":"<div data-elementor-type=\"wp-page\" data-elementor-id=\"988882\" class=\"elementor elementor-988882\">\n\t\t\t\t<div class=\"elementor-element elementor-element-3eb81e3 e-flex e-con-boxed e-con e-parent\" data-id=\"3eb81e3\" data-element_type=\"container\" data-e-type=\"container\" data-settings=\"{&quot;background_background&quot;:&quot;classic&quot;}\">\n\t\t\t\t\t<div class=\"e-con-inner\">\n\t\t<div class=\"elementor-element elementor-element-a9c2e8c e-con-full e-flex e-con e-child\" data-id=\"a9c2e8c\" data-element_type=\"container\" data-e-type=\"container\">\n\t\t\t\t<div class=\"elementor-element elementor-element-690a1bf elementor-widget elementor-widget-heading\" data-id=\"690a1bf\" data-element_type=\"widget\" data-e-type=\"widget\" data-widget_type=\"heading.default\">\n\t\t\t\t\t<h1 class=\"elementor-heading-title elementor-size-default\">Kiri ta' minibus b'sewwieq f'Shkod\u00ebr.\n<\/h1>\t\t\t\t<\/div>\n\t\t\t\t<\/div>\n\t\t\t\t\t<\/div>\n\t\t\t\t<\/div>\n\t\t<div class=\"elementor-element elementor-element-205d263 e-flex e-con-boxed e-con e-parent\" data-id=\"205d263\" data-element_type=\"container\" data-e-type=\"container\" data-settings=\"{&quot;background_background&quot;:&quot;classic&quot;}\">\n\t\t\t\t\t<div class=\"e-con-inner\">\n\t\t<div class=\"elementor-element elementor-element-344d019 e-con-full e-flex e-con e-child\" data-id=\"344d019\" data-element_type=\"container\" data-e-type=\"container\">\n\t\t\t\t<div class=\"elementor-element elementor-element-987ead1 elementor-widget elementor-widget-text-editor\" data-id=\"987ead1\" data-element_type=\"widget\" data-e-type=\"widget\" data-widget_type=\"text-editor.default\">\n\t\t\t\t\t\t\t\t\tJekk hemm mod sempli\u010bi, komdu u prattiku biex tiskopri s-sbu\u0127ijiet ta' Albania ta' Fuq, huwa bla dubju l-kiri ta' minibus b'sewwieq f'Shkod\u00ebr. F'belt li tg\u0127aqqad flimkien l-istorja, il-kultura u s-sbu\u0127ija selva\u0121\u0121a tal-Alpi, li jkollok trasport organizzat u sewwieq b'esperjenza huwa ser\u0127an li jag\u0127mel id-differenza kollha.\t\t\t\t\t\t\t\t<\/div>\n\t\t\t\t<div class=\"elementor-element elementor-element-3148f1d elementor-widget elementor-widget-heading\" data-id=\"3148f1d\" data-element_type=\"widget\" data-e-type=\"widget\" data-widget_type=\"heading.default\">\n\t\t\t\t\t<h3 class=\"elementor-heading-title elementor-size-default\">G\u0127aliex tag\u0127\u017cel minibus b'sewwieq f'Shkod\u00ebr?<\/h3>\t\t\t\t<\/div>\n\t\t\t\t<div class=\"elementor-element elementor-element-8ea637f elementor-widget elementor-widget-text-editor\" data-id=\"8ea637f\" data-element_type=\"widget\" data-e-type=\"widget\" data-widget_type=\"text-editor.default\">\n\t\t\t\t\t\t\t\t\tShkodra mhix biss belt, i\u017cda bieb g\u0127all-avventura. Mill-Lag ta' Shkodra u l-Kastell ta' Rozafa sal-mog\u0127dijiet muntanju\u017ci li jwasslu g\u0127al Theth jew Valbona, il-vja\u0121\u0121 je\u0127tie\u0121 koordinazzjoni, sigurt\u00e0 u xi \u0127add li jaf it-terren.\nSewwieq lokali huwa aktar minn sempli\u010bi sewwieq \u2013 huwa gwida siekta li taf kull kurva, kull post ta' mistrie\u0127, kull triq \u017cg\u0127ira fejn tista' tieqaf g\u0127al kaf\u00e8 tradizzjonali jew tie\u0127u ritratt li l-ebda gwida turistika ma tista' toffri.\t\t\t\t\t\t\t\t<\/div>\n\t\t\t\t<div class=\"elementor-element elementor-element-0f5c701 elementor-widget elementor-widget-heading\" data-id=\"0f5c701\" data-element_type=\"widget\" data-e-type=\"widget\" data-widget_type=\"heading.default\">\n\t\t\t\t\t<h3 class=\"elementor-heading-title elementor-size-default\">Konvenjenza g\u0127al kull grupp u destinazzjoni.<\/h3>\t\t\t\t<\/div>\n\t\t\t\t<div class=\"elementor-element elementor-element-4ed6aaa elementor-widget elementor-widget-text-editor\" data-id=\"4ed6aaa\" data-element_type=\"widget\" data-e-type=\"widget\" data-widget_type=\"text-editor.default\">\n\t\t\t\t\t\t\t\t\tMinibuses huma ideali g\u0127al gruppi ta' \u0127bieb, familji jew timijiet tax-xog\u0127ol li jridu jivvja\u0121\u0121aw flimkien ming\u0127ajr l-istress tal-koordinazzjoni ta' diversi karozzi.\n mg\u0127ammra b'kondizzjonatur tal-arja, si\u0121\u0121ijiet komdi, spazju kbir g\u0127all-bagalji u Wi-Fi, dawn il-vetturi joffru vja\u0121\u0121 bla xkiel, kemm jekk trasferiment mill-Ajruport ta' Tirana, vja\u0121\u0121 ta' \u0121urnata lejn l-Alpi, jew vja\u0121\u0121 ta' diversi ijiem matul it-tramuntana tal-Albanija.\t\t\t\t\t\t\t\t<\/div>\n\t\t\t\t<div class=\"elementor-element elementor-element-b43ba81 elementor-widget elementor-widget-heading\" data-id=\"b43ba81\" data-element_type=\"widget\" data-e-type=\"widget\" data-widget_type=\"heading.default\">\n\t\t\t\t\t<h3 class=\"elementor-heading-title elementor-size-default\">Sewwieqa esperjenzati u affidabbli<\/h3>\t\t\t\t<\/div>\n\t\t\t\t<div class=\"elementor-element elementor-element-3869852 elementor-widget elementor-widget-text-editor\" data-id=\"3869852\" data-element_type=\"widget\" data-e-type=\"widget\" data-widget_type=\"text-editor.default\">\n\t\t\t\t\t\t\t\t\tFit-toroq tal-muntanji fit-tramuntana, l-esperjenza tas-sewwieq hija ta' importanza kbira. Sewwieq professjonali minn Shkodra jaf kull dettall tal-itinerarju \u2013 mit-traffiku u rotot alternattivi sal-a\u0127jar waqfiet g\u0127all-pranzu jew ritratti panorami\u010bi. Barra minn hekk, huma dejjem \u0121entili, puntwali u flessibbli g\u0127all-b\u017connijiet tal-vja\u0121\u0121aturi.\t\t\t\t\t\t\t\t<\/div>\n\t\t\t\t<div class=\"elementor-element elementor-element-41768af elementor-widget elementor-widget-heading\" data-id=\"41768af\" data-element_type=\"widget\" data-e-type=\"widget\" data-widget_type=\"heading.default\">\n\t\t\t\t\t<h3 class=\"elementor-heading-title elementor-size-default\">Ideali g\u0127al turisti, a\u0121enziji u gruppi lokali<\/h3>\t\t\t\t<\/div>\n\t\t\t\t<div class=\"elementor-element elementor-element-1a27095 elementor-widget elementor-widget-text-editor\" data-id=\"1a27095\" data-element_type=\"widget\" data-e-type=\"widget\" data-widget_type=\"text-editor.default\">\n\t\t\t\t\t\t\t\t\tJekk intom turisti li qed ifittxu esperjenza awtentika, operatur tat-turi\u017cmu jew negozji li je\u0127tie\u0121u trasport g\u0127all-grupp, l-ikera ta' minibus b'sewwieq hija l-g\u0127a\u017cla l-iktar intelli\u0121enti.\nMa g\u0127andekx g\u0127alfejn tinkwieta dwar il-parke\u0121\u0121, il-fjuwil jew toroq li jistg\u0127u jkunu ta' sfida \u2013 kull dettall hu m\u0127ares g\u0127alik.\t\t\t\t\t\t\t\t<\/div>\n\t\t\t\t<div class=\"elementor-element elementor-element-5caf2cc elementor-widget elementor-widget-heading\" data-id=\"5caf2cc\" data-element_type=\"widget\" data-e-type=\"widget\" data-widget_type=\"heading.default\">\n\t\t\t\t\t<h3 class=\"elementor-heading-title elementor-size-default\">G\u0127aliex minibus.al?<\/h3>\t\t\t\t<\/div>\n\t\t\t\t<div class=\"elementor-element elementor-element-5ad1945 elementor-view-stacked elementor-position-inline-start elementor-mobile-position-inline-start elementor-shape-circle elementor-widget elementor-widget-icon-box\" data-id=\"5ad1945\" data-element_type=\"widget\" data-e-type=\"widget\" data-widget_type=\"icon-box.default\">\n\t\t\t\t\t\t\t<div class=\"elementor-icon-box-wrapper\">\n\n\t\t\t\t\t\t<div class=\"elementor-icon-box-icon\">\n\t\t\t\t<span  class=\"elementor-icon\">\n\t\t\t\t<svg aria-hidden=\"true\" class=\"e-font-icon-svg e-fas-check\" viewbox=\"0 0 512 512\" xmlns=\"http:\/\/www.w3.org\/2000\/svg\"><path d=\"M173.898 439.404l-166.4-166.4c-9.997-9.997-9.997-26.206 0-36.204l36.203-36.204c9.997-9.998 26.207-9.998 36.204 0L192 312.69 432.095 72.596c9.997-9.997 26.207-9.997 36.204 0l36.203 36.204c9.997 9.997 9.997 26.206 0 36.204l-294.4 294.401c-9.998 9.997-26.207 9.997-36.204-.001z\"><\/path><\/svg>\t\t\t\t<\/span>\n\t\t\t<\/div>\n\t\t\t\n\t\t\t\t\t\t<div class=\"elementor-icon-box-content\">\n\n\t\t\t\t\t\t\t\t\t<h3 class=\"elementor-icon-box-title\">\n\t\t\t\t\t\t<span  >\n\t\t\t\t\t\t\tPrezzijiet \u010bari, ming\u0127ajr \u0127lasijiet mo\u0127bija jew \u017cidiet fil-prezz.\t\t\t\t\t\t<\/span>\n\t\t\t\t\t<\/h3>\n\t\t\t\t\n\t\t\t\t\n\t\t\t<\/div>\n\t\t\t\n\t\t<\/div>\n\t\t\t\t\t\t<\/div>\n\t\t\t\t<div class=\"elementor-element elementor-element-0e0518c elementor-view-stacked elementor-position-inline-start elementor-mobile-position-inline-start elementor-shape-circle elementor-widget elementor-widget-icon-box\" data-id=\"0e0518c\" data-element_type=\"widget\" data-e-type=\"widget\" data-widget_type=\"icon-box.default\">\n\t\t\t\t\t\t\t<div class=\"elementor-icon-box-wrapper\">\n\n\t\t\t\t\t\t<div class=\"elementor-icon-box-icon\">\n\t\t\t\t<span  class=\"elementor-icon\">\n\t\t\t\t<svg aria-hidden=\"true\" class=\"e-font-icon-svg e-fas-check\" viewbox=\"0 0 512 512\" xmlns=\"http:\/\/www.w3.org\/2000\/svg\"><path d=\"M173.898 439.404l-166.4-166.4c-9.997-9.997-9.997-26.206 0-36.204l36.203-36.204c9.997-9.998 26.207-9.998 36.204 0L192 312.69 432.095 72.596c9.997-9.997 26.207-9.997 36.204 0l36.203 36.204c9.997 9.997 9.997 26.206 0 36.204l-294.4 294.401c-9.998 9.997-26.207 9.997-36.204-.001z\"><\/path><\/svg>\t\t\t\t<\/span>\n\t\t\t<\/div>\n\t\t\t\n\t\t\t\t\t\t<div class=\"elementor-icon-box-content\">\n\n\t\t\t\t\t\t\t\t\t<h3 class=\"elementor-icon-box-title\">\n\t\t\t\t\t\t<span  >\n\t\t\t\t\t\t\tSewwieqa m\u0127arr\u0121a b'mod professjonali, b'g\u0127arfien u sikuri.\t\t\t\t\t\t<\/span>\n\t\t\t\t\t<\/h3>\n\t\t\t\t\n\t\t\t\t\n\t\t\t<\/div>\n\t\t\t\n\t\t<\/div>\n\t\t\t\t\t\t<\/div>\n\t\t\t\t<div class=\"elementor-element elementor-element-293364f elementor-view-stacked elementor-position-inline-start elementor-mobile-position-inline-start elementor-shape-circle elementor-widget elementor-widget-icon-box\" data-id=\"293364f\" data-element_type=\"widget\" data-e-type=\"widget\" data-widget_type=\"icon-box.default\">\n\t\t\t\t\t\t\t<div class=\"elementor-icon-box-wrapper\">\n\n\t\t\t\t\t\t<div class=\"elementor-icon-box-icon\">\n\t\t\t\t<span  class=\"elementor-icon\">\n\t\t\t\t<svg aria-hidden=\"true\" class=\"e-font-icon-svg e-fas-check\" viewbox=\"0 0 512 512\" xmlns=\"http:\/\/www.w3.org\/2000\/svg\"><path d=\"M173.898 439.404l-166.4-166.4c-9.997-9.997-9.997-26.206 0-36.204l36.203-36.204c9.997-9.998 26.207-9.998 36.204 0L192 312.69 432.095 72.596c9.997-9.997 26.207-9.997 36.204 0l36.203 36.204c9.997 9.997 9.997 26.206 0 36.204l-294.4 294.401c-9.998 9.997-26.207 9.997-36.204-.001z\"><\/path><\/svg>\t\t\t\t<\/span>\n\t\t\t<\/div>\n\t\t\t\n\t\t\t\t\t\t<div class=\"elementor-icon-box-content\">\n\n\t\t\t\t\t\t\t\t\t<h3 class=\"elementor-icon-box-title\">\n\t\t\t\t\t\t<span  >\n\t\t\t\t\t\t\tRe\u017cervazzjoni onlajn fa\u010bli u sigura, disponibbli 24\/7.\t\t\t\t\t\t<\/span>\n\t\t\t\t\t<\/h3>\n\t\t\t\t\n\t\t\t\t\n\t\t\t<\/div>\n\t\t\t\n\t\t<\/div>\n\t\t\t\t\t\t<\/div>\n\t\t\t\t<div class=\"elementor-element elementor-element-c7b921c elementor-widget elementor-widget-image\" data-id=\"c7b921c\" data-element_type=\"widget\" data-e-type=\"widget\" data-widget_type=\"image.default\">\n\t\t\t\t\t\t\t\t\t\t\t\t\t\t\t<img fetchpriority=\"high\" decoding=\"async\" width=\"800\" height=\"560\" src=\"https:\/\/minibus.al\/wp-content\/uploads\/2024\/01\/01-landscape.jpg\" class=\"attachment-large size-large wp-image-988652\" alt=\"\" srcset=\"https:\/\/minibus.al\/wp-content\/uploads\/2024\/01\/01-landscape.jpg 893w, https:\/\/minibus.al\/wp-content\/uploads\/2024\/01\/01-landscape-600x420.jpg 600w, https:\/\/minibus.al\/wp-content\/uploads\/2024\/01\/01-landscape-300x210.jpg 300w, https:\/\/minibus.al\/wp-content\/uploads\/2024\/01\/01-landscape-768x538.jpg 768w, https:\/\/minibus.al\/wp-content\/uploads\/2024\/01\/01-landscape-630x441.jpg 630w, https:\/\/minibus.al\/wp-content\/uploads\/2024\/01\/01-landscape-420x294.jpg 420w, https:\/\/minibus.al\/wp-content\/uploads\/2024\/01\/01-landscape-840x588.jpg 840w, https:\/\/minibus.al\/wp-content\/uploads\/2024\/01\/01-landscape-315x220.jpg 315w\" sizes=\"(max-width: 800px) 100vw, 800px\" title=\"\">\t\t\t\t\t\t\t\t\t\t\t\t\t\t\t<\/div>\n\t\t\t\t<div class=\"elementor-element elementor-element-2544499 elementor-widget elementor-widget-text-editor\" data-id=\"2544499\" data-element_type=\"widget\" data-e-type=\"widget\" data-widget_type=\"text-editor.default\">\n\t\t\t\t\t\t\t\t\tIl-kiri ta' minibus b'sewwieq f'Shkod\u00ebr mhuwiex biss servizz ta' trasport \u2014 huwa l-a\u0127jar mod biex tesperjenza l-Albanija ta' fuq b'kumdit\u00e0, sigurt\u00e0 u stil.\t\t\t\t\t\t\t\t<\/div>\n\t\t\t\t<\/div>\n\t\t<div class=\"elementor-element elementor-element-4d90f73 e-con-full e-flex e-con e-child\" data-id=\"4d90f73\" data-element_type=\"container\" data-e-type=\"container\">\n\t\t<div class=\"elementor-element elementor-element-cc1afe9 e-flex e-con-boxed e-con e-child\" data-id=\"cc1afe9\" data-element_type=\"container\" data-e-type=\"container\" data-settings=\"{&quot;background_background&quot;:&quot;classic&quot;}\">\n\t\t\t\t\t<div class=\"e-con-inner\">\n\t\t\t\t<div class=\"elementor-element elementor-element-c002388 elementor-widget__width-auto elementor-widget elementor-widget-heading\" data-id=\"c002388\" data-element_type=\"widget\" data-e-type=\"widget\" data-widget_type=\"heading.default\">\n\t\t\t\t\t<h3 class=\"elementor-heading-title elementor-size-default\">Skont 10%<\/h3>\t\t\t\t<\/div>\n\t\t\t\t<div class=\"elementor-element elementor-element-b8863f6 elementor-widget__width-auto elementor-widget elementor-widget-heading\" data-id=\"b8863f6\" data-element_type=\"widget\" data-e-type=\"widget\" data-widget_type=\"heading.default\">\n\t\t\t\t\t<div class=\"elementor-heading-title elementor-size-default\">Sa 10% skont g\u0127al kull prenotazzjoni sa 31 ta' Mejju 2026!<\/div>\t\t\t\t<\/div>\n\t\t\t\t\t<\/div>\n\t\t\t\t<\/div>\n\t\t<div class=\"elementor-element elementor-element-c5ef137 e-con-full e-flex e-con e-child\" data-id=\"c5ef137\" data-element_type=\"container\" data-e-type=\"container\">\n\t\t\t\t<div class=\"elementor-element elementor-element-cba866c elementor-widget__width-initial elementor-widget elementor-widget-image\" data-id=\"cba866c\" data-element_type=\"widget\" data-e-type=\"widget\" data-widget_type=\"image.default\">\n\t\t\t\t\t\t\t\t\t\t\t\t\t\t\t\t<a href=\"#\">\n\t\t\t\t\t\t\t<img decoding=\"async\" width=\"630\" height=\"441\" src=\"https:\/\/minibus.al\/wp-content\/uploads\/2025\/10\/Transfer-416_2268_0182-landscape-630x441-1.jpg\" class=\"attachment-full size-full wp-image-988709\" alt=\"\" srcset=\"https:\/\/minibus.al\/wp-content\/uploads\/2025\/10\/Transfer-416_2268_0182-landscape-630x441-1.jpg 630w, https:\/\/minibus.al\/wp-content\/uploads\/2025\/10\/Transfer-416_2268_0182-landscape-630x441-1-600x420.jpg 600w, https:\/\/minibus.al\/wp-content\/uploads\/2025\/10\/Transfer-416_2268_0182-landscape-630x441-1-300x210.jpg 300w, https:\/\/minibus.al\/wp-content\/uploads\/2025\/10\/Transfer-416_2268_0182-landscape-630x441-1-420x294.jpg 420w, https:\/\/minibus.al\/wp-content\/uploads\/2025\/10\/Transfer-416_2268_0182-landscape-630x441-1-315x221.jpg 315w\" sizes=\"(max-width: 630px) 100vw, 630px\" title=\"\">\t\t\t\t\t\t\t\t<\/a>\n\t\t\t\t\t\t\t\t\t\t\t\t\t\t\t<\/div>\n\t\t\t\t<div class=\"elementor-element elementor-element-bcdb653 elementor-widget__width-initial elementor-widget elementor-widget-heading\" data-id=\"bcdb653\" data-element_type=\"widget\" data-e-type=\"widget\" data-widget_type=\"heading.default\">\n\t\t\t\t\t<h3 class=\"elementor-heading-title elementor-size-default\"><a href=\"#\">Trasferiment privat mill-ajruport<\/a><\/h3>\t\t\t\t<\/div>\n\t\t\t\t<\/div>\n\t\t<div class=\"elementor-element elementor-element-89c331f e-con-full e-flex e-con e-child\" data-id=\"89c331f\" data-element_type=\"container\" data-e-type=\"container\">\n\t\t\t\t<div class=\"elementor-element elementor-element-812ad16 elementor-widget__width-initial elementor-widget elementor-widget-image\" data-id=\"812ad16\" data-element_type=\"widget\" data-e-type=\"widget\" data-widget_type=\"image.default\">\n\t\t\t\t\t\t\t\t\t\t\t\t\t\t\t\t<a href=\"#\">\n\t\t\t\t\t\t\t<img decoding=\"async\" width=\"800\" height=\"560\" src=\"https:\/\/minibus.al\/wp-content\/uploads\/2024\/01\/Crop800x600-landscape.jpeg\" class=\"attachment-full size-full wp-image-988653\" alt=\"\" srcset=\"https:\/\/minibus.al\/wp-content\/uploads\/2024\/01\/Crop800x600-landscape.jpeg 800w, https:\/\/minibus.al\/wp-content\/uploads\/2024\/01\/Crop800x600-landscape-600x420.jpeg 600w, https:\/\/minibus.al\/wp-content\/uploads\/2024\/01\/Crop800x600-landscape-300x210.jpeg 300w, https:\/\/minibus.al\/wp-content\/uploads\/2024\/01\/Crop800x600-landscape-768x538.jpeg 768w, https:\/\/minibus.al\/wp-content\/uploads\/2024\/01\/Crop800x600-landscape-630x441.jpeg 630w, https:\/\/minibus.al\/wp-content\/uploads\/2024\/01\/Crop800x600-landscape-420x294.jpeg 420w, https:\/\/minibus.al\/wp-content\/uploads\/2024\/01\/Crop800x600-landscape-315x221.jpeg 315w\" sizes=\"(max-width: 800px) 100vw, 800px\" title=\"\">\t\t\t\t\t\t\t\t<\/a>\n\t\t\t\t\t\t\t\t\t\t\t\t\t\t\t<\/div>\n\t\t\t\t<div class=\"elementor-element elementor-element-079e581 elementor-widget__width-initial elementor-widget elementor-widget-heading\" data-id=\"079e581\" data-element_type=\"widget\" data-e-type=\"widget\" data-widget_type=\"heading.default\">\n\t\t\t\t\t<h3 class=\"elementor-heading-title elementor-size-default\"><a href=\"#\">Trasferiment privat bis-sewwieq<\/a><\/h3>\t\t\t\t<\/div>\n\t\t\t\t<\/div>\n\t\t\t\t<\/div>\n\t\t\t\t\t<\/div>\n\t\t\t\t<\/div>\n\t\t\t\t<\/div>","protected":false},"excerpt":{"rendered":"<p>Minibus me qira me shofer n\u00eb Shkod\u00ebr. N\u00ebse ka nj\u00eb m\u00ebnyr\u00eb t\u00eb thjesht\u00eb, t\u00eb rehatshme dhe praktike p\u00ebr t\u00eb zbuluar bukurit\u00eb e veriut t\u00eb Shqip\u00ebris\u00eb, ajo \u00ebsht\u00eb pa dyshim udh\u00ebtimi me minibus me qira me shofer n\u00eb Shkod\u00ebr. N\u00eb nj\u00eb qytet q\u00eb nd\u00ebrthur historin\u00eb, kultur\u00ebn dhe natyr\u00ebn e eg\u00ebr t\u00eb Alpeve, t\u00eb kesh nj\u00eb transport [&hellip;]<\/p>\n","protected":false},"author":1,"featured_media":988890,"parent":0,"menu_order":0,"comment_status":"closed","ping_status":"closed","template":"","meta":{"footnotes":""},"class_list":["post-988882","page","type-page","status-publish","has-post-thumbnail","hentry"],"_links":{"self":[{"href":"https:\/\/minibus.al\/mt\/wp-json\/wp\/v2\/pages\/988882","targetHints":{"allow":["GET"]}}],"collection":[{"href":"https:\/\/minibus.al\/mt\/wp-json\/wp\/v2\/pages"}],"about":[{"href":"https:\/\/minibus.al\/mt\/wp-json\/wp\/v2\/types\/page"}],"author":[{"embeddable":true,"href":"https:\/\/minibus.al\/mt\/wp-json\/wp\/v2\/users\/1"}],"replies":[{"embeddable":true,"href":"https:\/\/minibus.al\/mt\/wp-json\/wp\/v2\/comments?post=988882"}],"version-history":[{"count":7,"href":"https:\/\/minibus.al\/mt\/wp-json\/wp\/v2\/pages\/988882\/revisions"}],"predecessor-version":[{"id":988889,"href":"https:\/\/minibus.al\/mt\/wp-json\/wp\/v2\/pages\/988882\/revisions\/988889"}],"wp:featuredmedia":[{"embeddable":true,"href":"https:\/\/minibus.al\/mt\/wp-json\/wp\/v2\/media\/988890"}],"wp:attachment":[{"href":"https:\/\/minibus.al\/mt\/wp-json\/wp\/v2\/media?parent=988882"}],"curies":[{"name":"wp","href":"https:\/\/api.w.org\/{rel}","templated":true}]}}