{"id":988853,"date":"2025-10-15T15:41:19","date_gmt":"2025-10-15T15:41:19","guid":{"rendered":"https:\/\/minibus.al\/?page_id=988853"},"modified":"2025-10-15T15:45:19","modified_gmt":"2025-10-15T15:45:19","slug":"kiri-ta-minibus-fl-ajruport-ta-tirana","status":"publish","type":"page","link":"https:\/\/minibus.al\/mt\/minibus-me-qira-ne-aeroportin-e-tiranes\/","title":{"rendered":"Kiri ta' minibus fl-Ajruport ta' Tirana"},"content":{"rendered":"<div data-elementor-type=\"wp-page\" data-elementor-id=\"988853\" class=\"elementor elementor-988853\">\n\t\t\t\t<div class=\"elementor-element elementor-element-17b14b0 e-flex e-con-boxed e-con e-parent\" data-id=\"17b14b0\" data-element_type=\"container\" data-e-type=\"container\" data-settings=\"{&quot;background_background&quot;:&quot;classic&quot;}\">\n\t\t\t\t\t<div class=\"e-con-inner\">\n\t\t<div class=\"elementor-element elementor-element-da00348 e-con-full e-flex e-con e-child\" data-id=\"da00348\" data-element_type=\"container\" data-e-type=\"container\">\n\t\t\t\t<div class=\"elementor-element elementor-element-e3791e5 elementor-widget elementor-widget-heading\" data-id=\"e3791e5\" data-element_type=\"widget\" data-e-type=\"widget\" data-widget_type=\"heading.default\">\n\t\t\t\t\t<h1 class=\"elementor-heading-title elementor-size-default\">Kiri ta' minibus fl-Ajruport ta' Tirana<\/h1>\t\t\t\t<\/div>\n\t\t\t\t<div class=\"elementor-element elementor-element-98a450a elementor-widget elementor-widget-text-editor\" data-id=\"98a450a\" data-element_type=\"widget\" data-e-type=\"widget\" data-widget_type=\"text-editor.default\">\n\t\t\t\t\t\t\t\t\tIrri\u017cerva minibus g\u0127all-kiri fl-Ajruport ta' Tirana g\u0127al trasferimenti privati, sikuri u komdi. Sejjie\u0127a professjonali u vetturi moderni g\u0127al kull vja\u0121\u0121.\t\t\t\t\t\t\t\t<\/div>\n\t\t\t\t<\/div>\n\t\t\t\t\t<\/div>\n\t\t\t\t<\/div>\n\t\t<div class=\"elementor-element elementor-element-f243bfa e-flex e-con-boxed e-con e-parent\" data-id=\"f243bfa\" data-element_type=\"container\" data-e-type=\"container\" data-settings=\"{&quot;background_background&quot;:&quot;classic&quot;}\">\n\t\t\t\t\t<div class=\"e-con-inner\">\n\t\t<div class=\"elementor-element elementor-element-8ce9177 e-con-full e-flex e-con e-child\" data-id=\"8ce9177\" data-element_type=\"container\" data-e-type=\"container\">\n\t\t\t\t<div class=\"elementor-element elementor-element-2fa15ea elementor-widget elementor-widget-text-editor\" data-id=\"2fa15ea\" data-element_type=\"widget\" data-e-type=\"widget\" data-widget_type=\"text-editor.default\">\n\t\t\t\t\t\t\t\t\t<p>Il-wasla fl-Ajruport ta' Tirana tista' tkun e\u010b\u010bitanti, i\u017cda spiss tkun ta' sfida, spe\u010bjalment meta jkollok b\u017conn torganizza t-trasferiment tieg\u0127ek lejn id-destinazzjoni tieg\u0127ek. F'dawn il-mumenti, servizz professjonali ta' kera ta' minibus jipprova assistenza prezzju\u017ca. Mhux biss jiggarantixxi kumdit\u00e0 u sigurt\u00e0, i\u017cda wkoll jippermettilek tgawdi l-vja\u0121\u0121 tieg\u0127ek ming\u0127ajr stress u b'flessibbilt\u00e0 s\u0127i\u0127a.<\/p><p>Is-servizz ta' kera ta' minibuses joffri vetturi \u0121odda u m\u0127arsa tajjeb, adattati g\u0127al gruppi differenti ta' passi\u0121\u0121ieri. Kemm jekk qed tivvja\u0121\u0121a wa\u0127dek, mal-familja tieg\u0127ek jew ma' grupp ta' \u0127bieb, il-minibuses tag\u0127na huma spazju\u017ci, komdi u mg\u0127ammra b'kull amenit\u00e0 me\u0127tie\u0121a g\u0127al vja\u0121\u0121 pja\u010bevoli.<\/p><p>Wie\u0127ed mill-akbar vanta\u0121\u0121i huwa s-sewwieq professjonali. Im\u0127arr\u0121a biex jipprovdu servizz sigur u \u0127abiri, is-sewwieqa tag\u0127na mhux biss jie\u0127du \u0127sieb is-sewqan tal-vettura i\u017cda wkoll l-esperjenza tieg\u0127ek matul il-vja\u0121\u0121. Huma jafu l-iktar rotot velo\u010bi u sikuri, u b'hekk tista' tgawdi l-vja\u0121\u0121 ming\u0127ajr ebda t\u0127assib.<\/p><p>Il-prenotazzjoni ta' minibus hija daqshekk sempli\u010bi daqs il-vja\u0121\u0121 innifsu. Bi ftit klikks biss, tista' ti\u017cgura li fil-mument li tasal fl-ajruport, vettura tkun qed tistenna biex tie\u0127u inti fid-destinazzjoni tieg\u0127ek. Dan mhux biss joffri konvenjenza, i\u017cda wkoll jiffrankalek \u0127afna \u0127in u ener\u0121ija.<\/p><p>Fl-a\u0127\u0127ar mill-a\u0127\u0127ar, is-servizzi ta' kera ta' minibbusi fl-Ajruport ta' Tirana mhumiex biss mezz ta' trasport; huma esperjenza li tag\u0127mel il-vja\u0121\u0121 tieg\u0127ek aktar fa\u010bli, aktar sigur u aktar pja\u010bevoli. G\u0127al kull vja\u0121\u0121atur li qed ifittex kumdit\u00e0, flessibilit\u00e0 u professjonalit\u00e0, dan is-servizz huwa s-soluzzjoni ideali.<\/p>\t\t\t\t\t\t\t\t<\/div>\n\t\t\t\t<div class=\"elementor-element elementor-element-cac8ca5 elementor-widget elementor-widget-heading\" data-id=\"cac8ca5\" data-element_type=\"widget\" data-e-type=\"widget\" data-widget_type=\"heading.default\">\n\t\t\t\t\t<h3 class=\"elementor-heading-title elementor-size-default\">G\u0127aliex minibus.al?<\/h3>\t\t\t\t<\/div>\n\t\t\t\t<div class=\"elementor-element elementor-element-44ade06 elementor-view-stacked elementor-position-inline-start elementor-mobile-position-inline-start elementor-shape-circle elementor-widget elementor-widget-icon-box\" data-id=\"44ade06\" data-element_type=\"widget\" data-e-type=\"widget\" data-widget_type=\"icon-box.default\">\n\t\t\t\t\t\t\t<div class=\"elementor-icon-box-wrapper\">\n\n\t\t\t\t\t\t<div class=\"elementor-icon-box-icon\">\n\t\t\t\t<span  class=\"elementor-icon\">\n\t\t\t\t<svg aria-hidden=\"true\" class=\"e-font-icon-svg e-fas-check\" viewbox=\"0 0 512 512\" xmlns=\"http:\/\/www.w3.org\/2000\/svg\"><path d=\"M173.898 439.404l-166.4-166.4c-9.997-9.997-9.997-26.206 0-36.204l36.203-36.204c9.997-9.998 26.207-9.998 36.204 0L192 312.69 432.095 72.596c9.997-9.997 26.207-9.997 36.204 0l36.203 36.204c9.997 9.997 9.997 26.206 0 36.204l-294.4 294.401c-9.998 9.997-26.207 9.997-36.204-.001z\"><\/path><\/svg>\t\t\t\t<\/span>\n\t\t\t<\/div>\n\t\t\t\n\t\t\t\t\t\t<div class=\"elementor-icon-box-content\">\n\n\t\t\t\t\t\t\t\t\t<h3 class=\"elementor-icon-box-title\">\n\t\t\t\t\t\t<span  >\n\t\t\t\t\t\t\tPrezzijiet \u010bari, ming\u0127ajr \u0127lasijiet mo\u0127bija jew \u017cidiet fil-prezz.\t\t\t\t\t\t<\/span>\n\t\t\t\t\t<\/h3>\n\t\t\t\t\n\t\t\t\t\n\t\t\t<\/div>\n\t\t\t\n\t\t<\/div>\n\t\t\t\t\t\t<\/div>\n\t\t\t\t<div class=\"elementor-element elementor-element-04fad91 elementor-view-stacked elementor-position-inline-start elementor-mobile-position-inline-start elementor-shape-circle elementor-widget elementor-widget-icon-box\" data-id=\"04fad91\" data-element_type=\"widget\" data-e-type=\"widget\" data-widget_type=\"icon-box.default\">\n\t\t\t\t\t\t\t<div class=\"elementor-icon-box-wrapper\">\n\n\t\t\t\t\t\t<div class=\"elementor-icon-box-icon\">\n\t\t\t\t<span  class=\"elementor-icon\">\n\t\t\t\t<svg aria-hidden=\"true\" class=\"e-font-icon-svg e-fas-check\" viewbox=\"0 0 512 512\" xmlns=\"http:\/\/www.w3.org\/2000\/svg\"><path d=\"M173.898 439.404l-166.4-166.4c-9.997-9.997-9.997-26.206 0-36.204l36.203-36.204c9.997-9.998 26.207-9.998 36.204 0L192 312.69 432.095 72.596c9.997-9.997 26.207-9.997 36.204 0l36.203 36.204c9.997 9.997 9.997 26.206 0 36.204l-294.4 294.401c-9.998 9.997-26.207 9.997-36.204-.001z\"><\/path><\/svg>\t\t\t\t<\/span>\n\t\t\t<\/div>\n\t\t\t\n\t\t\t\t\t\t<div class=\"elementor-icon-box-content\">\n\n\t\t\t\t\t\t\t\t\t<h3 class=\"elementor-icon-box-title\">\n\t\t\t\t\t\t<span  >\n\t\t\t\t\t\t\tSewwieqa m\u0127arr\u0121a b'mod professjonali, b'g\u0127arfien u sikuri.\t\t\t\t\t\t<\/span>\n\t\t\t\t\t<\/h3>\n\t\t\t\t\n\t\t\t\t\n\t\t\t<\/div>\n\t\t\t\n\t\t<\/div>\n\t\t\t\t\t\t<\/div>\n\t\t\t\t<div class=\"elementor-element elementor-element-0ecc649 elementor-view-stacked elementor-position-inline-start elementor-mobile-position-inline-start elementor-shape-circle elementor-widget elementor-widget-icon-box\" data-id=\"0ecc649\" data-element_type=\"widget\" data-e-type=\"widget\" data-widget_type=\"icon-box.default\">\n\t\t\t\t\t\t\t<div class=\"elementor-icon-box-wrapper\">\n\n\t\t\t\t\t\t<div class=\"elementor-icon-box-icon\">\n\t\t\t\t<span  class=\"elementor-icon\">\n\t\t\t\t<svg aria-hidden=\"true\" class=\"e-font-icon-svg e-fas-check\" viewbox=\"0 0 512 512\" xmlns=\"http:\/\/www.w3.org\/2000\/svg\"><path d=\"M173.898 439.404l-166.4-166.4c-9.997-9.997-9.997-26.206 0-36.204l36.203-36.204c9.997-9.998 26.207-9.998 36.204 0L192 312.69 432.095 72.596c9.997-9.997 26.207-9.997 36.204 0l36.203 36.204c9.997 9.997 9.997 26.206 0 36.204l-294.4 294.401c-9.998 9.997-26.207 9.997-36.204-.001z\"><\/path><\/svg>\t\t\t\t<\/span>\n\t\t\t<\/div>\n\t\t\t\n\t\t\t\t\t\t<div class=\"elementor-icon-box-content\">\n\n\t\t\t\t\t\t\t\t\t<h3 class=\"elementor-icon-box-title\">\n\t\t\t\t\t\t<span  >\n\t\t\t\t\t\t\tRe\u017cervazzjoni onlajn fa\u010bli u sigura, disponibbli 24\/7.\t\t\t\t\t\t<\/span>\n\t\t\t\t\t<\/h3>\n\t\t\t\t\n\t\t\t\t\n\t\t\t<\/div>\n\t\t\t\n\t\t<\/div>\n\t\t\t\t\t\t<\/div>\n\t\t\t\t<div class=\"elementor-element elementor-element-f499d9f elementor-widget elementor-widget-image\" data-id=\"f499d9f\" data-element_type=\"widget\" data-e-type=\"widget\" data-widget_type=\"image.default\">\n\t\t\t\t\t\t\t\t\t\t\t\t\t\t\t<img fetchpriority=\"high\" decoding=\"async\" width=\"600\" height=\"430\" src=\"https:\/\/minibus.al\/wp-content\/uploads\/2025\/10\/Minibus-me-qira-tirane.webp\" class=\"attachment-full size-full wp-image-988839\" alt=\"\" srcset=\"https:\/\/minibus.al\/wp-content\/uploads\/2025\/10\/Minibus-me-qira-tirane.webp 600w, https:\/\/minibus.al\/wp-content\/uploads\/2025\/10\/Minibus-me-qira-tirane-300x215.webp 300w\" sizes=\"(max-width: 600px) 100vw, 600px\" title=\"\">\t\t\t\t\t\t\t\t\t\t\t\t\t\t\t<\/div>\n\t\t\t\t<div class=\"elementor-element elementor-element-f8adba0 elementor-widget elementor-widget-text-editor\" data-id=\"f8adba0\" data-element_type=\"widget\" data-e-type=\"widget\" data-widget_type=\"text-editor.default\">\n\t\t\t\t\t\t\t\t\t<p>Il-prezz tal-kiri ta' minibuses privati se jiddependi fuq in-numru ta' sig\u0127at u jiem tas-servizz, kif ukoll fuq id-distanza li jivvja\u0121\u0121aw il-minibuses.<\/p>\t\t\t\t\t\t\t\t<\/div>\n\t\t\t\t<div class=\"elementor-element elementor-element-5b353ea elementor-widget elementor-widget-heading\" data-id=\"5b353ea\" data-element_type=\"widget\" data-e-type=\"widget\" data-widget_type=\"heading.default\">\n\t\t\t\t\t<h3 class=\"elementor-heading-title elementor-size-default\">Kif ta\u0127dem?<\/h3>\t\t\t\t<\/div>\n\t\t\t\t<div class=\"elementor-element elementor-element-5b114ff elementor-widget elementor-widget-text-editor\" data-id=\"5b114ff\" data-element_type=\"widget\" data-e-type=\"widget\" data-widget_type=\"text-editor.default\">\n\t\t\t\t\t\t\t\t\t<p>Il-prenotazzjoni hija sempli\u010bi: ag\u0127\u017cel id-destinazzjoni tieg\u0127ek, id-data u t-tip ta' minibus li g\u0127andek b\u017conn. Is-sewwieq professjonali tag\u0127na se jkun fil-post u fil-\u0127in spe\u010bifikati, u ji\u017cgura vja\u0121\u0121 komdu u ming\u0127ajr stress.<\/p>\t\t\t\t\t\t\t\t<\/div>\n\t\t\t\t<\/div>\n\t\t<div class=\"elementor-element elementor-element-d6158fa e-con-full e-flex e-con e-child\" data-id=\"d6158fa\" data-element_type=\"container\" data-e-type=\"container\">\n\t\t<div class=\"elementor-element elementor-element-6fa629c e-flex e-con-boxed e-con e-child\" data-id=\"6fa629c\" data-element_type=\"container\" data-e-type=\"container\" data-settings=\"{&quot;background_background&quot;:&quot;classic&quot;}\">\n\t\t\t\t\t<div class=\"e-con-inner\">\n\t\t\t\t<div class=\"elementor-element elementor-element-fa0f848 elementor-widget__width-auto elementor-widget elementor-widget-heading\" data-id=\"fa0f848\" data-element_type=\"widget\" data-e-type=\"widget\" data-widget_type=\"heading.default\">\n\t\t\t\t\t<h3 class=\"elementor-heading-title elementor-size-default\">Skont 10%<\/h3>\t\t\t\t<\/div>\n\t\t\t\t<div class=\"elementor-element elementor-element-8196ec2 elementor-widget__width-auto elementor-widget elementor-widget-heading\" data-id=\"8196ec2\" data-element_type=\"widget\" data-e-type=\"widget\" data-widget_type=\"heading.default\">\n\t\t\t\t\t<div class=\"elementor-heading-title elementor-size-default\">Sa 10% skont g\u0127al kull prenotazzjoni sa 31 ta' Mejju 2026!<\/div>\t\t\t\t<\/div>\n\t\t\t\t\t<\/div>\n\t\t\t\t<\/div>\n\t\t<div class=\"elementor-element elementor-element-b7f8ed9 e-con-full e-flex e-con e-child\" data-id=\"b7f8ed9\" data-element_type=\"container\" data-e-type=\"container\">\n\t\t\t\t<div class=\"elementor-element elementor-element-5e989ed elementor-widget__width-initial elementor-widget elementor-widget-image\" data-id=\"5e989ed\" data-element_type=\"widget\" data-e-type=\"widget\" data-widget_type=\"image.default\">\n\t\t\t\t\t\t\t\t\t\t\t\t\t\t\t\t<a href=\"#\">\n\t\t\t\t\t\t\t<img decoding=\"async\" width=\"630\" height=\"441\" src=\"https:\/\/minibus.al\/wp-content\/uploads\/2025\/10\/Transfer-416_2268_0182-landscape-630x441-1.jpg\" class=\"attachment-full size-full wp-image-988709\" alt=\"\" srcset=\"https:\/\/minibus.al\/wp-content\/uploads\/2025\/10\/Transfer-416_2268_0182-landscape-630x441-1.jpg 630w, https:\/\/minibus.al\/wp-content\/uploads\/2025\/10\/Transfer-416_2268_0182-landscape-630x441-1-600x420.jpg 600w, https:\/\/minibus.al\/wp-content\/uploads\/2025\/10\/Transfer-416_2268_0182-landscape-630x441-1-300x210.jpg 300w, https:\/\/minibus.al\/wp-content\/uploads\/2025\/10\/Transfer-416_2268_0182-landscape-630x441-1-420x294.jpg 420w, https:\/\/minibus.al\/wp-content\/uploads\/2025\/10\/Transfer-416_2268_0182-landscape-630x441-1-315x221.jpg 315w\" sizes=\"(max-width: 630px) 100vw, 630px\" title=\"\">\t\t\t\t\t\t\t\t<\/a>\n\t\t\t\t\t\t\t\t\t\t\t\t\t\t\t<\/div>\n\t\t\t\t<div class=\"elementor-element elementor-element-721ad33 elementor-widget__width-initial elementor-widget elementor-widget-heading\" data-id=\"721ad33\" data-element_type=\"widget\" data-e-type=\"widget\" data-widget_type=\"heading.default\">\n\t\t\t\t\t<h3 class=\"elementor-heading-title elementor-size-default\"><a href=\"#\">Trasferiment privat mill-ajruport<\/a><\/h3>\t\t\t\t<\/div>\n\t\t\t\t<\/div>\n\t\t<div class=\"elementor-element elementor-element-c5237fd e-con-full e-flex e-con e-child\" data-id=\"c5237fd\" data-element_type=\"container\" data-e-type=\"container\">\n\t\t\t\t<div class=\"elementor-element elementor-element-7ff0b5e elementor-widget__width-initial elementor-widget elementor-widget-image\" data-id=\"7ff0b5e\" data-element_type=\"widget\" data-e-type=\"widget\" data-widget_type=\"image.default\">\n\t\t\t\t\t\t\t\t\t\t\t\t\t\t\t\t<a href=\"#\">\n\t\t\t\t\t\t\t<img decoding=\"async\" width=\"800\" height=\"560\" src=\"https:\/\/minibus.al\/wp-content\/uploads\/2024\/01\/Crop800x600-landscape.jpeg\" class=\"attachment-full size-full wp-image-988653\" alt=\"\" srcset=\"https:\/\/minibus.al\/wp-content\/uploads\/2024\/01\/Crop800x600-landscape.jpeg 800w, https:\/\/minibus.al\/wp-content\/uploads\/2024\/01\/Crop800x600-landscape-600x420.jpeg 600w, https:\/\/minibus.al\/wp-content\/uploads\/2024\/01\/Crop800x600-landscape-300x210.jpeg 300w, https:\/\/minibus.al\/wp-content\/uploads\/2024\/01\/Crop800x600-landscape-768x538.jpeg 768w, https:\/\/minibus.al\/wp-content\/uploads\/2024\/01\/Crop800x600-landscape-630x441.jpeg 630w, https:\/\/minibus.al\/wp-content\/uploads\/2024\/01\/Crop800x600-landscape-420x294.jpeg 420w, https:\/\/minibus.al\/wp-content\/uploads\/2024\/01\/Crop800x600-landscape-315x221.jpeg 315w\" sizes=\"(max-width: 800px) 100vw, 800px\" title=\"\">\t\t\t\t\t\t\t\t<\/a>\n\t\t\t\t\t\t\t\t\t\t\t\t\t\t\t<\/div>\n\t\t\t\t<div class=\"elementor-element elementor-element-94ea3ff elementor-widget__width-initial elementor-widget elementor-widget-heading\" data-id=\"94ea3ff\" data-element_type=\"widget\" data-e-type=\"widget\" data-widget_type=\"heading.default\">\n\t\t\t\t\t<h3 class=\"elementor-heading-title elementor-size-default\"><a href=\"#\">Trasferiment privat bis-sewwieq<\/a><\/h3>\t\t\t\t<\/div>\n\t\t\t\t<\/div>\n\t\t\t\t<\/div>\n\t\t\t\t\t<\/div>\n\t\t\t\t<\/div>\n\t\t\t\t<\/div>","protected":false},"excerpt":{"rendered":"<p>Minibus me Qira n\u00eb Aeroportin e Tiran\u00ebs Rezervoni minibus me qira n\u00eb Aeroportin e Tiran\u00ebs p\u00ebr transferime private, t\u00eb sigurta dhe t\u00eb rehatshme. Shofer profesional dhe automjete moderne p\u00ebr \u00e7do udh\u00ebtim. Arritja n\u00eb Aeroportin e Tiran\u00ebs mund t\u00eb jet\u00eb emocionuese, por shpeshher\u00eb edhe sfiduese, sidomos kur duhet t\u00eb organizoni transferimin drejt destinacionit tuaj. N\u00eb k\u00ebto [&hellip;]<\/p>\n","protected":false},"author":1,"featured_media":988839,"parent":0,"menu_order":0,"comment_status":"closed","ping_status":"closed","template":"","meta":{"footnotes":""},"class_list":["post-988853","page","type-page","status-publish","has-post-thumbnail","hentry"],"_links":{"self":[{"href":"https:\/\/minibus.al\/mt\/wp-json\/wp\/v2\/pages\/988853","targetHints":{"allow":["GET"]}}],"collection":[{"href":"https:\/\/minibus.al\/mt\/wp-json\/wp\/v2\/pages"}],"about":[{"href":"https:\/\/minibus.al\/mt\/wp-json\/wp\/v2\/types\/page"}],"author":[{"embeddable":true,"href":"https:\/\/minibus.al\/mt\/wp-json\/wp\/v2\/users\/1"}],"replies":[{"embeddable":true,"href":"https:\/\/minibus.al\/mt\/wp-json\/wp\/v2\/comments?post=988853"}],"version-history":[{"count":8,"href":"https:\/\/minibus.al\/mt\/wp-json\/wp\/v2\/pages\/988853\/revisions"}],"predecessor-version":[{"id":988861,"href":"https:\/\/minibus.al\/mt\/wp-json\/wp\/v2\/pages\/988853\/revisions\/988861"}],"wp:featuredmedia":[{"embeddable":true,"href":"https:\/\/minibus.al\/mt\/wp-json\/wp\/v2\/media\/988839"}],"wp:attachment":[{"href":"https:\/\/minibus.al\/mt\/wp-json\/wp\/v2\/media?parent=988853"}],"curies":[{"name":"wp","href":"https:\/\/api.w.org\/{rel}","templated":true}]}}