{"id":988417,"date":"2023-04-05T00:18:43","date_gmt":"2023-04-05T00:18:43","guid":{"rendered":"https:\/\/minibus.al\/en\/?page_id=988417"},"modified":"2026-04-07T20:14:12","modified_gmt":"2026-04-07T20:14:12","slug":"termini-u-kundizzjonijiet-ta-uzu","status":"publish","type":"page","link":"https:\/\/minibus.al\/mt\/kushtet-dhe-rregullat-e-perdorimit\/","title":{"rendered":"Kundizzjonijiet ta' U\u017cu"},"content":{"rendered":"<div data-elementor-type=\"wp-page\" data-elementor-id=\"988417\" class=\"elementor elementor-988417\">\n\t\t\t\t<div class=\"elementor-element elementor-element-4b40c13 e-flex e-con-boxed e-con e-parent\" data-id=\"4b40c13\" data-element_type=\"container\" data-e-type=\"container\" data-settings=\"{&quot;background_background&quot;:&quot;classic&quot;}\">\n\t\t\t\t\t<div class=\"e-con-inner\">\n\t\t<div class=\"elementor-element elementor-element-1762c08 e-con-full e-flex e-con e-child\" data-id=\"1762c08\" data-element_type=\"container\" data-e-type=\"container\">\n\t\t\t\t<div class=\"elementor-element elementor-element-fbc7985 elementor-widget elementor-widget-heading\" data-id=\"fbc7985\" data-element_type=\"widget\" data-e-type=\"widget\" data-widget_type=\"heading.default\">\n\t\t\t\t\t<h1 class=\"elementor-heading-title elementor-size-default\">Termini u Kundizzjonijiet ta' U\u017cu<\/h1>\t\t\t\t<\/div>\n\t\t\t\t<div class=\"elementor-element elementor-element-47d8e14 elementor-widget elementor-widget-text-editor\" data-id=\"47d8e14\" data-element_type=\"widget\" data-e-type=\"widget\" data-widget_type=\"text-editor.default\">\n\t\t\t\t\t\t\t\t\tTermini u Kundizzjonijiet ta' U\u017cu \u2013 Aqra t-termini li jiddeterminaw l-u\u017cu tas-servizz tag\u0127na, id-drittijiet u l-obbligi tal-utenti, kif ukoll il-politiki ewlenin g\u0127al esperjenza sikura u trasparenti.\n\t\t\t\t\t\t\t\t<\/div>\n\t\t\t\t<\/div>\n\t\t\t\t\t<\/div>\n\t\t\t\t<\/div>\n\t\t<div class=\"elementor-element elementor-element-adc86e9 e-flex e-con-boxed e-con e-parent\" data-id=\"adc86e9\" data-element_type=\"container\" data-e-type=\"container\" data-settings=\"{&quot;background_background&quot;:&quot;classic&quot;}\">\n\t\t\t\t\t<div class=\"e-con-inner\">\n\t\t<div class=\"elementor-element elementor-element-088521f e-con-full e-flex e-con e-child\" data-id=\"088521f\" data-element_type=\"container\" data-e-type=\"container\">\n\t\t\t\t<div class=\"elementor-element elementor-element-96c5e98 elementor-widget elementor-widget-text-editor\" data-id=\"96c5e98\" data-element_type=\"widget\" data-e-type=\"widget\" data-widget_type=\"text-editor.default\">\n\t\t\t\t\t\t\t\t\t<p>Kull prenotazzjoni ma' Minibus.al hija su\u0121\u0121etta g\u0127al dawn it-Termini u Kundizzjonijiet. Prenotazzjoni titqies kkonfermata u valida ladarba tkun ir\u010bevuta l-konferma (bil-miktub jew verbalment) u, fejn applikabbli, id-depo\u017citu jkun m\u0127allas.<\/p><p>F'dawn i\u010b-\u010birkostanzi, \u201cil-Kumpanija\u201d tirreferi g\u0127al Minibus.al, servizz tat-trasport li jopera b'mod legali fl-Albanija u fir-re\u0121jun tal-Balkani.<\/p><p>A\u0127na dejjem nistinkaw li nipprovdu servizz sigur, affidabbli u professjonali. Madankollu, f'\u010birkostanzi e\u010b\u010bezzjonali b\u0127al traffiku, dewmien fit-triq jew sitwazzjonijiet mhux previsti, jista' jkun hemm bidliet fl-iskedi jew fl-itinerarji. F'kull ka\u017c, it-tim tag\u0127na se jag\u0127mel kollox possibbli biex jimminimizza kwalunkwe inkonvenjenza u jsib l-a\u0127jar soluzzjoni g\u0127alik.<\/p><p>Il-prezzijiet huma bba\u017cati fuq it-termini u r-rati fil-\u0127in tal-prenotazzjoni u jistg\u0127u jinbidlu skont fatturi esterni. Kull \u0127sara li jikkaw\u017caw il-passi\u0121\u0121ieri lill-vettura matul il-vja\u0121\u0121 tibqa' responsabbilt\u00e0 tal-klijent.<\/p><p><strong>Ri\u017cervazzjoni u \u0126las<\/strong><\/p><p>Biex ti\u017cgura l-prenotazzjoni tieg\u0127ek, normalment huwa me\u0127tie\u0121 depo\u017citu mhux rimborsabbli ta' 20%. Il-bqija tista' tit\u0127allas kif miftiehem. Jekk a\u0127na nipprovdu l-akkomodazzjoni u l-ikliet g\u0127as-sewwieq, il-\u0127las g\u0127all-akkomodazzjoni u g\u0127as-sewwieq g\u0127andu jsir minn qabel, peress li rridu nirri\u017cervaw l-akkomodazzjoni tas-sewwieq, g\u0127ax il-prezzijiet jinbidlu.<\/p><p><strong>Kan\u010bellazzjonijiet<\/strong><\/p><p>Jekk g\u0127andek b\u017conn tikkansella l-prenotazzjoni tieg\u0127ek, jista\u201c jkollok t\u0127allas mi\u017cati skont il-\u0127in tal-kan\u010bellazzjoni. Kemm tkun qrib id-data tal-vja\u0121\u0121 meta ssir il-kan\u010bellazzjoni, daqshekk tista\u201d tkun og\u0127la l-mi\u017cata. F'ka\u017c ta' \"no-show\", il-prenotazzjoni titqies b\u0127ala kompluta u ma jing\u0127ata l-ebda rifu\u017cjoni. Normalment ji\u0121i \u010b\u010bar\u0121jat biss id-depo\u017citu ta' 20%, peress li jkopri l-ispejje\u017c lo\u0121isti\u010bi tag\u0127na.<\/p><p><strong>Servizz u Responsabbiltajiet<\/strong><\/p><p>Is-sewwieqa tag\u0127na huma professjonisti u responsabbli g\u0127as-sigurt\u00e0 matul il-vja\u0121\u0121 kollu. G\u0127andhom id-dritt jirrifjutaw is-servizz jekk ja\u0127sbu li s-sigurt\u00e0 tinsab f'riskju.<\/p><p><strong>Regoli waqt il-vja\u0121\u0121ar<\/strong><\/p><p>G\u0127al esperjenza pja\u010bevoli g\u0127al kul\u0127add:<\/p><p>It-tisjir mhux permess fil-vettura.;<\/p><p>Il-konsum ta' ikel mg\u0127a\u0121\u0121el mhuwiex permess.;<br \/>L-alko\u0127ol huwa permess biss b'arran\u0121ament minn qabel.;<br \/>Il-passi\u0121\u0121ieri jridu jikkonformaw mar-regoli tas-sigurt\u00e0 u mal-istruzzjonijiet tas-sewwieq.<\/p><p><strong>Bagalji u o\u0121\u0121etti personali<\/strong><\/p><p>A\u0127na nie\u0127du \u0127sieb il-kumdit\u00e0 tieg\u0127ek, imma a\u0127na mhux responsabbli g\u0127al kwalunkwe o\u0121\u0121ett mitluf jew im\u0127assar matul il-vja\u0121\u0121. Jekk jog\u0127\u0121bok kun \u017cgur li ti\u010b\u010bekkja l-bagalji tieg\u0127ek qabel u wara l-vja\u0121\u0121.<\/p><p><strong>L-g\u0127an tag\u0127na<\/strong><\/p><p>Minibus.al hija impenjata li tipprovdi esperjenza ta' trasport sikura, komda u affidabbli. Billi tag\u0127mel prenotazzjoni mag\u0127na, ta\u010b\u010betta dawn it-termini.<\/p><p>N\u00ebse keni ndonj\u00eb pyetje ose keni nevoj\u00eb p\u00ebr sqarime, ne jemi gjithmon\u00eb t\u00eb gatsh\u00ebm t&#8217;ju ndihmojm\u00eb. Na kontaktoni n\u00eb info@minibus.al.<\/p>\t\t\t\t\t\t\t\t<\/div>\n\t\t\t\t<\/div>\n\t\t<div class=\"elementor-element elementor-element-b5b8340 e-con-full e-flex e-con e-child\" data-id=\"b5b8340\" data-element_type=\"container\" data-e-type=\"container\">\n\t\t<div class=\"elementor-element elementor-element-bc2fa1b e-flex e-con-boxed e-con e-child\" data-id=\"bc2fa1b\" data-element_type=\"container\" data-e-type=\"container\" data-settings=\"{&quot;background_background&quot;:&quot;classic&quot;}\">\n\t\t\t\t\t<div class=\"e-con-inner\">\n\t\t\t\t<div class=\"elementor-element elementor-element-5123186 elementor-widget__width-auto elementor-widget elementor-widget-heading\" data-id=\"5123186\" data-element_type=\"widget\" data-e-type=\"widget\" data-widget_type=\"heading.default\">\n\t\t\t\t\t<h3 class=\"elementor-heading-title elementor-size-default\">Skont 10%<\/h3>\t\t\t\t<\/div>\n\t\t\t\t<div class=\"elementor-element elementor-element-87d0a21 elementor-widget__width-auto elementor-widget elementor-widget-heading\" data-id=\"87d0a21\" data-element_type=\"widget\" data-e-type=\"widget\" data-widget_type=\"heading.default\">\n\t\t\t\t\t<div class=\"elementor-heading-title elementor-size-default\">Sa 10% skont g\u0127al kull prenotazzjoni sa 31 ta' Mejju.<\/div>\t\t\t\t<\/div>\n\t\t\t\t\t<\/div>\n\t\t\t\t<\/div>\n\t\t<div class=\"elementor-element elementor-element-ccacd13 e-con-full e-flex e-con e-child\" data-id=\"ccacd13\" data-element_type=\"container\" data-e-type=\"container\">\n\t\t\t\t<div class=\"elementor-element elementor-element-9a3e5a9 elementor-widget__width-initial elementor-widget elementor-widget-image\" data-id=\"9a3e5a9\" data-element_type=\"widget\" data-e-type=\"widget\" data-widget_type=\"image.default\">\n\t\t\t\t\t\t\t\t\t\t\t\t\t\t\t\t<a href=\"#\">\n\t\t\t\t\t\t\t<img fetchpriority=\"high\" decoding=\"async\" width=\"630\" height=\"441\" src=\"https:\/\/minibus.al\/wp-content\/uploads\/2025\/10\/Transfer-416_2268_0182-landscape-630x441-1.jpg\" class=\"attachment-full size-full wp-image-988709\" alt=\"\" srcset=\"https:\/\/minibus.al\/wp-content\/uploads\/2025\/10\/Transfer-416_2268_0182-landscape-630x441-1.jpg 630w, https:\/\/minibus.al\/wp-content\/uploads\/2025\/10\/Transfer-416_2268_0182-landscape-630x441-1-600x420.jpg 600w, https:\/\/minibus.al\/wp-content\/uploads\/2025\/10\/Transfer-416_2268_0182-landscape-630x441-1-300x210.jpg 300w, https:\/\/minibus.al\/wp-content\/uploads\/2025\/10\/Transfer-416_2268_0182-landscape-630x441-1-420x294.jpg 420w, https:\/\/minibus.al\/wp-content\/uploads\/2025\/10\/Transfer-416_2268_0182-landscape-630x441-1-315x221.jpg 315w\" sizes=\"(max-width: 630px) 100vw, 630px\" title=\"\">\t\t\t\t\t\t\t\t<\/a>\n\t\t\t\t\t\t\t\t\t\t\t\t\t\t\t<\/div>\n\t\t\t\t<div class=\"elementor-element elementor-element-7103e44 elementor-widget__width-initial elementor-widget elementor-widget-heading\" data-id=\"7103e44\" data-element_type=\"widget\" data-e-type=\"widget\" data-widget_type=\"heading.default\">\n\t\t\t\t\t<h3 class=\"elementor-heading-title elementor-size-default\"><a href=\"#\">Trasferiment privat mill-ajruport<\/a><\/h3>\t\t\t\t<\/div>\n\t\t\t\t<\/div>\n\t\t<div class=\"elementor-element elementor-element-ee1ad98 e-con-full e-flex e-con e-child\" data-id=\"ee1ad98\" data-element_type=\"container\" data-e-type=\"container\">\n\t\t\t\t<div class=\"elementor-element elementor-element-5b8e7c3 elementor-widget__width-initial elementor-widget elementor-widget-image\" data-id=\"5b8e7c3\" data-element_type=\"widget\" data-e-type=\"widget\" data-widget_type=\"image.default\">\n\t\t\t\t\t\t\t\t\t\t\t\t\t\t\t\t<a href=\"#\">\n\t\t\t\t\t\t\t<img decoding=\"async\" width=\"800\" height=\"560\" src=\"https:\/\/minibus.al\/wp-content\/uploads\/2024\/01\/Crop800x600-landscape.jpeg\" class=\"attachment-full size-full wp-image-988653\" alt=\"\" srcset=\"https:\/\/minibus.al\/wp-content\/uploads\/2024\/01\/Crop800x600-landscape.jpeg 800w, https:\/\/minibus.al\/wp-content\/uploads\/2024\/01\/Crop800x600-landscape-600x420.jpeg 600w, https:\/\/minibus.al\/wp-content\/uploads\/2024\/01\/Crop800x600-landscape-300x210.jpeg 300w, https:\/\/minibus.al\/wp-content\/uploads\/2024\/01\/Crop800x600-landscape-768x538.jpeg 768w, https:\/\/minibus.al\/wp-content\/uploads\/2024\/01\/Crop800x600-landscape-630x441.jpeg 630w, https:\/\/minibus.al\/wp-content\/uploads\/2024\/01\/Crop800x600-landscape-420x294.jpeg 420w, https:\/\/minibus.al\/wp-content\/uploads\/2024\/01\/Crop800x600-landscape-315x221.jpeg 315w\" sizes=\"(max-width: 800px) 100vw, 800px\" title=\"\">\t\t\t\t\t\t\t\t<\/a>\n\t\t\t\t\t\t\t\t\t\t\t\t\t\t\t<\/div>\n\t\t\t\t<div class=\"elementor-element elementor-element-6a7fc3f elementor-widget__width-initial elementor-widget elementor-widget-heading\" data-id=\"6a7fc3f\" data-element_type=\"widget\" data-e-type=\"widget\" data-widget_type=\"heading.default\">\n\t\t\t\t\t<h3 class=\"elementor-heading-title elementor-size-default\"><a href=\"#\">Trasferiment privat bis-sewwieq<\/a><\/h3>\t\t\t\t<\/div>\n\t\t\t\t<\/div>\n\t\t\t\t<\/div>\n\t\t\t\t\t<\/div>\n\t\t\t\t<\/div>\n\t\t\t\t<\/div>","protected":false},"excerpt":{"rendered":"<p>Kushtet dhe rregullat e p\u00ebrdorimit Kushtet dhe rregullat e p\u00ebrdorimit \u2013 Lexoni termat q\u00eb p\u00ebrcaktojn\u00eb p\u00ebrdorimin e sh\u00ebrbimit ton\u00eb, t\u00eb drejtat dhe detyrimet e p\u00ebrdoruesve, si dhe politikat kryesore p\u00ebr nj\u00eb eksperienc\u00eb t\u00eb sigurt dhe transparente. T\u00eb gjitha rezervimet me Minibus.al i n\u00ebnshtrohen k\u00ebtyre Kushteve dhe Afateve. Nj\u00eb rezervim konsiderohet i konfirmuar dhe i vlefsh\u00ebm [&hellip;]<\/p>\n","protected":false},"author":1,"featured_media":0,"parent":0,"menu_order":0,"comment_status":"closed","ping_status":"closed","template":"","meta":{"footnotes":""},"class_list":["post-988417","page","type-page","status-publish","hentry"],"_links":{"self":[{"href":"https:\/\/minibus.al\/mt\/wp-json\/wp\/v2\/pages\/988417","targetHints":{"allow":["GET"]}}],"collection":[{"href":"https:\/\/minibus.al\/mt\/wp-json\/wp\/v2\/pages"}],"about":[{"href":"https:\/\/minibus.al\/mt\/wp-json\/wp\/v2\/types\/page"}],"author":[{"embeddable":true,"href":"https:\/\/minibus.al\/mt\/wp-json\/wp\/v2\/users\/1"}],"replies":[{"embeddable":true,"href":"https:\/\/minibus.al\/mt\/wp-json\/wp\/v2\/comments?post=988417"}],"version-history":[{"count":8,"href":"https:\/\/minibus.al\/mt\/wp-json\/wp\/v2\/pages\/988417\/revisions"}],"predecessor-version":[{"id":989484,"href":"https:\/\/minibus.al\/mt\/wp-json\/wp\/v2\/pages\/988417\/revisions\/989484"}],"wp:attachment":[{"href":"https:\/\/minibus.al\/mt\/wp-json\/wp\/v2\/media?parent=988417"}],"curies":[{"name":"wp","href":"https:\/\/api.w.org\/{rel}","templated":true}]}}