{"id":989113,"date":"2026-02-01T07:18:05","date_gmt":"2026-02-01T07:18:05","guid":{"rendered":"https:\/\/minibus.al\/?post_type=product&#038;p=989113"},"modified":"2026-02-05T12:56:24","modified_gmt":"2026-02-05T12:56:24","slug":"minibus-a-noleggio-per-gruppi-da-tirana-a-kolasin","status":"publish","type":"product","link":"https:\/\/minibus.al\/it\/produkt\/minibus-me-qira-per-grupe-nga-tirana-ne-kolasin\/","title":{"rendered":"Minibus con autista da Tirana a Kola\u0161in"},"content":{"rendered":"<p>Il servizio di trasporto di 1 giorno da Tirana a Kola\u0161in \u00e8 offerto solo per gruppi e viene effettuato in minibus con autista, garantendo comfort e sicurezza durante tutto il viaggio. La partenza avviene da Tirana all'orario concordato, con veicoli confortevoli e ben tenuti, adatti anche a lunghi viaggi. L'itinerario \u00e8 selezionato in modo ottimale, con possibilit\u00e0 di brevi soste per il riposo in base alle esigenze del gruppo.<\/p>\n<p>All'arrivo a Kola\u0161in, il gruppo avr\u00e0 tempo libero per passeggiate, pranzo o attivit\u00e0 turistiche, mentre il rientro a Tirana avverr\u00e0 secondo il programma concordato. Il servizio \u00e8 flessibile e personalizzabile in base alle esigenze del gruppo.<\/p>","protected":false},"excerpt":{"rendered":"<p>Il servizio di trasporto per un viaggio di 1 giorno da Tirana a Kola\u0161in \u00e8 offerto solo per gruppi e viene effettuato con minibus con autista, garantendo comfort e sicurezza durante tutto il viaggio.<\/p>","protected":false},"featured_media":989114,"comment_status":"open","ping_status":"closed","template":"","meta":[],"product_brand":[],"product_cat":[140],"product_tag":[],"class_list":{"0":"post-989113","1":"product","2":"type-product","3":"status-publish","4":"has-post-thumbnail","6":"product_cat-transport","8":"first","9":"instock","10":"shipping-taxable","11":"product-type-external"},"_links":{"self":[{"href":"https:\/\/minibus.al\/it\/wp-json\/wp\/v2\/product\/989113","targetHints":{"allow":["GET"]}}],"collection":[{"href":"https:\/\/minibus.al\/it\/wp-json\/wp\/v2\/product"}],"about":[{"href":"https:\/\/minibus.al\/it\/wp-json\/wp\/v2\/types\/product"}],"replies":[{"embeddable":true,"href":"https:\/\/minibus.al\/it\/wp-json\/wp\/v2\/comments?post=989113"}],"wp:featuredmedia":[{"embeddable":true,"href":"https:\/\/minibus.al\/it\/wp-json\/wp\/v2\/media\/989114"}],"wp:attachment":[{"href":"https:\/\/minibus.al\/it\/wp-json\/wp\/v2\/media?parent=989113"}],"wp:term":[{"taxonomy":"product_brand","embeddable":true,"href":"https:\/\/minibus.al\/it\/wp-json\/wp\/v2\/product_brand?post=989113"},{"taxonomy":"product_cat","embeddable":true,"href":"https:\/\/minibus.al\/it\/wp-json\/wp\/v2\/product_cat?post=989113"},{"taxonomy":"product_tag","embeddable":true,"href":"https:\/\/minibus.al\/it\/wp-json\/wp\/v2\/product_tag?post=989113"}],"curies":[{"name":"WordPress","href":"https:\/\/api.w.org\/{rel}","templated":true}]}}