{"id":989022,"date":"2025-12-16T08:07:03","date_gmt":"2025-12-16T08:07:03","guid":{"rendered":"https:\/\/minibus.al\/?page_id=989022"},"modified":"2025-12-16T08:13:25","modified_gmt":"2025-12-16T08:13:25","slug":"minivan-in-affitto-in-albania","status":"publish","type":"page","link":"https:\/\/minibus.al\/it\/minivan-me-qira-ne-shqiperi\/","title":{"rendered":"Noleggio minivan in Albania"},"content":{"rendered":"<div data-elementor-type=\"wp-page\" data-elementor-id=\"989022\" class=\"elementor elementor-989022\">\n\t\t\t\t<div class=\"elementor-element elementor-element-595d5a2 e-flex e-con-boxed e-con e-parent\" data-id=\"595d5a2\" data-element_type=\"container\" data-e-type=\"container\" data-settings=\"{&quot;background_background&quot;:&quot;classic&quot;}\">\n\t\t\t\t\t<div class=\"e-con-inner\">\n\t\t<div class=\"elementor-element elementor-element-55e7994 e-con-full e-flex e-con e-child\" data-id=\"55e7994\" data-element_type=\"container\" data-e-type=\"container\">\n\t\t\t\t<div class=\"elementor-element elementor-element-79ea7ae elementor-widget elementor-widget-heading\" data-id=\"79ea7ae\" data-element_type=\"widget\" data-e-type=\"widget\" data-widget_type=\"heading.default\">\n\t\t\t\t\t<h1 class=\"elementor-heading-title elementor-size-default\">Noleggio minivan con conducente in Albania<\/h1>\t\t\t\t<\/div>\n\t\t\t\t<div class=\"elementor-element elementor-element-ace1c10 elementor-widget elementor-widget-text-editor\" data-id=\"ace1c10\" data-element_type=\"widget\" data-e-type=\"widget\" data-widget_type=\"text-editor.default\">\n\t\t\t\t\t\t\t\t\tNoleggio minivan con autista in Albania per viaggi sicuri e confortevoli. Servizio professionale per trasferimenti, tour ed eventi in tutto il Paese.\t\t\t\t\t\t\t\t<\/div>\n\t\t\t\t<\/div>\n\t\t\t\t\t<\/div>\n\t\t\t\t<\/div>\n\t\t<div class=\"elementor-element elementor-element-5289dd7 e-flex e-con-boxed e-con e-parent\" data-id=\"5289dd7\" data-element_type=\"container\" data-e-type=\"container\" data-settings=\"{&quot;background_background&quot;:&quot;classic&quot;}\">\n\t\t\t\t\t<div class=\"e-con-inner\">\n\t\t<div class=\"elementor-element elementor-element-3623150 e-con-full e-flex e-con e-child\" data-id=\"3623150\" data-element_type=\"container\" data-e-type=\"container\">\n\t\t\t\t<div class=\"elementor-element elementor-element-2a98dc9 elementor-widget elementor-widget-text-editor\" data-id=\"2a98dc9\" data-element_type=\"widget\" data-e-type=\"widget\" data-widget_type=\"text-editor.default\">\n\t\t\t\t\t\t\t\t\tOffriamo trasporti comodi e sicuri per gruppi di piccole e medie dimensioni. I nostri minivan sono moderni, ben tenuti e guidati da autisti professionisti con esperienza in tutta l'Albania.\t\t\t\t\t\t\t\t<\/div>\n\t\t\t\t<div class=\"elementor-element elementor-element-7175e0d elementor-widget elementor-widget-heading\" data-id=\"7175e0d\" data-element_type=\"widget\" data-e-type=\"widget\" data-widget_type=\"heading.default\">\n\t\t\t\t\t<h3 class=\"elementor-heading-title elementor-size-default\">Viaggi turistici in tutta l'Albania<\/h3>\t\t\t\t<\/div>\n\t\t\t\t<div class=\"elementor-element elementor-element-0153596 elementor-widget elementor-widget-text-editor\" data-id=\"0153596\" data-element_type=\"widget\" data-e-type=\"widget\" data-widget_type=\"text-editor.default\">\n\t\t\t\t\t\t\t\t\t<p>Organizziamo tour giornalieri e di pi\u00f9 giorni verso le destinazioni pi\u00f9 visitate come Tirana, Durazzo, Berat, Argirocastro, Valona e oltre. Viaggiate senza stress, pensiamo a tutto noi.<\/p>\t\t\t\t\t\t\t\t<\/div>\n\t\t\t\t<div class=\"elementor-element elementor-element-4754aab elementor-widget elementor-widget-heading\" data-id=\"4754aab\" data-element_type=\"widget\" data-e-type=\"widget\" data-widget_type=\"heading.default\">\n\t\t\t\t\t<h3 class=\"elementor-heading-title elementor-size-default\">Trasferimenti da e per l'aeroporto<\/h3>\t\t\t\t<\/div>\n\t\t\t\t<div class=\"elementor-element elementor-element-cdcaadf elementor-widget elementor-widget-text-editor\" data-id=\"cdcaadf\" data-element_type=\"widget\" data-e-type=\"widget\" data-widget_type=\"text-editor.default\">\n\t\t\t\t\t\t\t\t\tTrasferimenti precisi e affidabili dall'aeroporto di Tirana verso qualsiasi citt\u00e0. Ideali per famiglie, gruppi di amici o viaggi d'affari, con ampio spazio per i bagagli.\t\t\t\t\t\t\t\t<\/div>\n\t\t\t\t<div class=\"elementor-element elementor-element-48380da elementor-widget elementor-widget-heading\" data-id=\"48380da\" data-element_type=\"widget\" data-e-type=\"widget\" data-widget_type=\"heading.default\">\n\t\t\t\t\t<h3 class=\"elementor-heading-title elementor-size-default\"> Trasporti per eventi e affari<\/h3>\t\t\t\t<\/div>\n\t\t\t\t<div class=\"elementor-element elementor-element-265135c elementor-widget elementor-widget-text-editor\" data-id=\"265135c\" data-element_type=\"widget\" data-e-type=\"widget\" data-widget_type=\"text-editor.default\">\n\t\t\t\t\t\t\t\t\tSoluzioni pratiche per eventi, congressi, matrimoni e viaggi d'affari. Arrivo puntuale, comodit\u00e0 e servizio impeccabile per ogni occasione.\t\t\t\t\t\t\t\t<\/div>\n\t\t\t\t<div class=\"elementor-element elementor-element-1673691 elementor-widget elementor-widget-heading\" data-id=\"1673691\" data-element_type=\"widget\" data-e-type=\"widget\" data-widget_type=\"heading.default\">\n\t\t\t\t\t<h3 class=\"elementor-heading-title elementor-size-default\">Autisti professionisti e servizio affidabile<\/h3>\t\t\t\t<\/div>\n\t\t\t\t<div class=\"elementor-element elementor-element-4dc72d1 elementor-widget elementor-widget-text-editor\" data-id=\"4dc72d1\" data-element_type=\"widget\" data-e-type=\"widget\" data-widget_type=\"text-editor.default\">\n\t\t\t\t\t\t\t\t\tI nostri autisti sono dedicati, cortesi e conoscono molto bene le strade. La sicurezza e la soddisfazione del cliente sono la nostra massima priorit\u00e0.\t\t\t\t\t\t\t\t<\/div>\n\t\t\t\t<div class=\"elementor-element elementor-element-a85f525 elementor-widget elementor-widget-image\" data-id=\"a85f525\" data-element_type=\"widget\" data-e-type=\"widget\" data-widget_type=\"image.default\">\n\t\t\t\t\t\t\t\t\t\t\t\t\t\t\t<img fetchpriority=\"high\" decoding=\"async\" width=\"800\" height=\"560\" src=\"https:\/\/minibus.al\/wp-content\/uploads\/2024\/01\/Crop800x600-landscape.jpeg\" class=\"attachment-full size-full wp-image-988653\" alt=\"\" srcset=\"https:\/\/minibus.al\/wp-content\/uploads\/2024\/01\/Crop800x600-landscape.jpeg 800w, https:\/\/minibus.al\/wp-content\/uploads\/2024\/01\/Crop800x600-landscape-600x420.jpeg 600w, https:\/\/minibus.al\/wp-content\/uploads\/2024\/01\/Crop800x600-landscape-300x210.jpeg 300w, https:\/\/minibus.al\/wp-content\/uploads\/2024\/01\/Crop800x600-landscape-768x538.jpeg 768w, https:\/\/minibus.al\/wp-content\/uploads\/2024\/01\/Crop800x600-landscape-630x441.jpeg 630w, https:\/\/minibus.al\/wp-content\/uploads\/2024\/01\/Crop800x600-landscape-420x294.jpeg 420w, https:\/\/minibus.al\/wp-content\/uploads\/2024\/01\/Crop800x600-landscape-315x221.jpeg 315w\" sizes=\"(max-width: 800px) 100vw, 800px\" title=\"\">\t\t\t\t\t\t\t\t\t\t\t\t\t\t\t<\/div>\n\t\t\t\t<div class=\"elementor-element elementor-element-f01b681 elementor-widget elementor-widget-text-editor\" data-id=\"f01b681\" data-element_type=\"widget\" data-e-type=\"widget\" data-widget_type=\"text-editor.default\">\n\t\t\t\t\t\t\t\t\t<p>Il prezzo del noleggio di minivan privati \u200b\u200bdipender\u00e0 dal numero di ore e giorni di servizio, nonch\u00e9 dalla distanza percorsa dai minibus.<\/p>\t\t\t\t\t\t\t\t<\/div>\n\t\t\t\t<div class=\"elementor-element elementor-element-e936afe elementor-widget elementor-widget-heading\" data-id=\"e936afe\" data-element_type=\"widget\" data-e-type=\"widget\" data-widget_type=\"heading.default\">\n\t\t\t\t\t<h3 class=\"elementor-heading-title elementor-size-default\">Come funziona?<\/h3>\t\t\t\t<\/div>\n\t\t\t\t<div class=\"elementor-element elementor-element-6bac633 elementor-widget elementor-widget-text-editor\" data-id=\"6bac633\" data-element_type=\"widget\" data-e-type=\"widget\" data-widget_type=\"text-editor.default\">\n\t\t\t\t\t\t\t\t\t<p>Prenotare \u00e8 semplice: seleziona la destinazione, la data e il tipo di minivan di cui hai bisogno. Il nostro autista professionista sar\u00e0 al luogo e all'orario concordati, garantendoti un viaggio confortevole e senza stress.<\/p>\t\t\t\t\t\t\t\t<\/div>\n\t\t\t\t<\/div>\n\t\t<div class=\"elementor-element elementor-element-4f6ae39 e-con-full e-flex e-con e-child\" data-id=\"4f6ae39\" data-element_type=\"container\" data-e-type=\"container\">\n\t\t<div class=\"elementor-element elementor-element-d631ffe e-flex e-con-boxed e-con e-child\" data-id=\"d631ffe\" data-element_type=\"container\" data-e-type=\"container\" data-settings=\"{&quot;background_background&quot;:&quot;classic&quot;}\">\n\t\t\t\t\t<div class=\"e-con-inner\">\n\t\t\t\t<div class=\"elementor-element elementor-element-44fd95b elementor-widget__width-auto elementor-widget elementor-widget-heading\" data-id=\"44fd95b\" data-element_type=\"widget\" data-e-type=\"widget\" data-widget_type=\"heading.default\">\n\t\t\t\t\t<h3 class=\"elementor-heading-title elementor-size-default\">Sconto del 10%<\/h3>\t\t\t\t<\/div>\n\t\t\t\t<div class=\"elementor-element elementor-element-5f07339 elementor-widget__width-auto elementor-widget elementor-widget-heading\" data-id=\"5f07339\" data-element_type=\"widget\" data-e-type=\"widget\" data-widget_type=\"heading.default\">\n\t\t\t\t\t<div class=\"elementor-heading-title elementor-size-default\">Fino al 10% di sconto per ogni prenotazione entro il 31 maggio 2026!<\/div>\t\t\t\t<\/div>\n\t\t\t\t\t<\/div>\n\t\t\t\t<\/div>\n\t\t<div class=\"elementor-element elementor-element-792a6ac e-con-full e-flex e-con e-child\" data-id=\"792a6ac\" data-element_type=\"container\" data-e-type=\"container\">\n\t\t\t\t<div class=\"elementor-element elementor-element-a4e3c30 elementor-widget__width-initial elementor-widget elementor-widget-image\" data-id=\"a4e3c30\" data-element_type=\"widget\" data-e-type=\"widget\" data-widget_type=\"image.default\">\n\t\t\t\t\t\t\t\t\t\t\t\t\t\t\t\t<a href=\"#\">\n\t\t\t\t\t\t\t<img decoding=\"async\" width=\"630\" height=\"441\" src=\"https:\/\/minibus.al\/wp-content\/uploads\/2025\/10\/Transfer-416_2268_0182-landscape-630x441-1.jpg\" class=\"attachment-full size-full wp-image-988709\" alt=\"\" srcset=\"https:\/\/minibus.al\/wp-content\/uploads\/2025\/10\/Transfer-416_2268_0182-landscape-630x441-1.jpg 630w, https:\/\/minibus.al\/wp-content\/uploads\/2025\/10\/Transfer-416_2268_0182-landscape-630x441-1-600x420.jpg 600w, https:\/\/minibus.al\/wp-content\/uploads\/2025\/10\/Transfer-416_2268_0182-landscape-630x441-1-300x210.jpg 300w, https:\/\/minibus.al\/wp-content\/uploads\/2025\/10\/Transfer-416_2268_0182-landscape-630x441-1-420x294.jpg 420w, https:\/\/minibus.al\/wp-content\/uploads\/2025\/10\/Transfer-416_2268_0182-landscape-630x441-1-315x221.jpg 315w\" sizes=\"(max-width: 630px) 100vw, 630px\" title=\"\">\t\t\t\t\t\t\t\t<\/a>\n\t\t\t\t\t\t\t\t\t\t\t\t\t\t\t<\/div>\n\t\t\t\t<div class=\"elementor-element elementor-element-f9cab44 elementor-widget__width-initial elementor-widget elementor-widget-heading\" data-id=\"f9cab44\" data-element_type=\"widget\" data-e-type=\"widget\" data-widget_type=\"heading.default\">\n\t\t\t\t\t<h3 class=\"elementor-heading-title elementor-size-default\"><a href=\"#\">Trasferimenti privati \u200b\u200bdall'aeroporto<\/a><\/h3>\t\t\t\t<\/div>\n\t\t\t\t<\/div>\n\t\t<div class=\"elementor-element elementor-element-09ec8ca e-con-full e-flex e-con e-child\" data-id=\"09ec8ca\" data-element_type=\"container\" data-e-type=\"container\">\n\t\t\t\t<div class=\"elementor-element elementor-element-5d808b5 elementor-widget__width-initial elementor-widget elementor-widget-image\" data-id=\"5d808b5\" data-element_type=\"widget\" data-e-type=\"widget\" data-widget_type=\"image.default\">\n\t\t\t\t\t\t\t\t\t\t\t\t\t\t\t\t<a href=\"#\">\n\t\t\t\t\t\t\t<img fetchpriority=\"high\" decoding=\"async\" width=\"800\" height=\"560\" src=\"https:\/\/minibus.al\/wp-content\/uploads\/2024\/01\/Crop800x600-landscape.jpeg\" class=\"attachment-full size-full wp-image-988653\" alt=\"\" srcset=\"https:\/\/minibus.al\/wp-content\/uploads\/2024\/01\/Crop800x600-landscape.jpeg 800w, https:\/\/minibus.al\/wp-content\/uploads\/2024\/01\/Crop800x600-landscape-600x420.jpeg 600w, https:\/\/minibus.al\/wp-content\/uploads\/2024\/01\/Crop800x600-landscape-300x210.jpeg 300w, https:\/\/minibus.al\/wp-content\/uploads\/2024\/01\/Crop800x600-landscape-768x538.jpeg 768w, https:\/\/minibus.al\/wp-content\/uploads\/2024\/01\/Crop800x600-landscape-630x441.jpeg 630w, https:\/\/minibus.al\/wp-content\/uploads\/2024\/01\/Crop800x600-landscape-420x294.jpeg 420w, https:\/\/minibus.al\/wp-content\/uploads\/2024\/01\/Crop800x600-landscape-315x221.jpeg 315w\" sizes=\"(max-width: 800px) 100vw, 800px\" title=\"\">\t\t\t\t\t\t\t\t<\/a>\n\t\t\t\t\t\t\t\t\t\t\t\t\t\t\t<\/div>\n\t\t\t\t<div class=\"elementor-element elementor-element-0cb496b elementor-widget__width-initial elementor-widget elementor-widget-heading\" data-id=\"0cb496b\" data-element_type=\"widget\" data-e-type=\"widget\" data-widget_type=\"heading.default\">\n\t\t\t\t\t<h3 class=\"elementor-heading-title elementor-size-default\"><a href=\"#\">Trasferimento con autista privato<\/a><\/h3>\t\t\t\t<\/div>\n\t\t\t\t<\/div>\n\t\t\t\t<\/div>\n\t\t\t\t\t<\/div>\n\t\t\t\t<\/div>\n\t\t\t\t<\/div>","protected":false},"excerpt":{"rendered":"<p>Minivan me Qira dhe me shofer n\u00eb Shqip\u00ebri Minivan me qira me shofer n\u00eb Shqip\u00ebri p\u00ebr udh\u00ebtime t\u00eb sigurta dhe komode. Sh\u00ebrbim profesional p\u00ebr transferime, ture dhe evente n\u00eb t\u00eb gjith\u00eb vendin.Ne ofrojm\u00eb transport t\u00eb rehatsh\u00ebm dhe t\u00eb sigurt p\u00ebr grupe t\u00eb vogla dhe t\u00eb mesme. Minivan\u00ebt tan\u00eb jan\u00eb modern\u00eb, t\u00eb mir\u00ebmbajtur dhe t\u00eb drejtuar [&hellip;]<\/p>\n","protected":false},"author":1,"featured_media":988710,"parent":0,"menu_order":0,"comment_status":"closed","ping_status":"closed","template":"","meta":{"footnotes":""},"class_list":["post-989022","page","type-page","status-publish","has-post-thumbnail","hentry"],"_links":{"self":[{"href":"https:\/\/minibus.al\/it\/wp-json\/wp\/v2\/pages\/989022","targetHints":{"allow":["GET"]}}],"collection":[{"href":"https:\/\/minibus.al\/it\/wp-json\/wp\/v2\/pages"}],"about":[{"href":"https:\/\/minibus.al\/it\/wp-json\/wp\/v2\/types\/page"}],"author":[{"embeddable":true,"href":"https:\/\/minibus.al\/it\/wp-json\/wp\/v2\/users\/1"}],"replies":[{"embeddable":true,"href":"https:\/\/minibus.al\/it\/wp-json\/wp\/v2\/comments?post=989022"}],"version-history":[{"count":7,"href":"https:\/\/minibus.al\/it\/wp-json\/wp\/v2\/pages\/989022\/revisions"}],"predecessor-version":[{"id":989029,"href":"https:\/\/minibus.al\/it\/wp-json\/wp\/v2\/pages\/989022\/revisions\/989029"}],"wp:featuredmedia":[{"embeddable":true,"href":"https:\/\/minibus.al\/it\/wp-json\/wp\/v2\/media\/988710"}],"wp:attachment":[{"href":"https:\/\/minibus.al\/it\/wp-json\/wp\/v2\/media?parent=989022"}],"curies":[{"name":"WordPress","href":"https:\/\/api.w.org\/{rel}","templated":true}]}}