{"id":988803,"date":"2025-10-15T11:48:20","date_gmt":"2025-10-15T11:48:20","guid":{"rendered":"https:\/\/minibus.al\/?page_id=988803"},"modified":"2026-01-14T09:30:38","modified_gmt":"2026-01-14T09:30:38","slug":"noleggio-minibus-con-autista-per-escursioni-turistiche","status":"publish","type":"page","link":"https:\/\/minibus.al\/it\/minibus-me-qira-me-shofer-per-ekskursion\/","title":{"rendered":"Noleggio minibus a Tirana per escursioni e turismo"},"content":{"rendered":"<div data-elementor-type=\"wp-page\" data-elementor-id=\"988803\" class=\"elementor elementor-988803\">\n\t\t\t\t<div class=\"elementor-element elementor-element-504a0d6 e-flex e-con-boxed e-con e-parent\" data-id=\"504a0d6\" data-element_type=\"container\" data-e-type=\"container\" data-settings=\"{&quot;background_background&quot;:&quot;classic&quot;}\">\n\t\t\t\t\t<div class=\"e-con-inner\">\n\t\t<div class=\"elementor-element elementor-element-c7ba926 e-con-full e-flex e-con e-child\" data-id=\"c7ba926\" data-element_type=\"container\" data-e-type=\"container\">\n\t\t\t\t<div class=\"elementor-element elementor-element-00203f2 elementor-widget elementor-widget-heading\" data-id=\"00203f2\" data-element_type=\"widget\" data-e-type=\"widget\" data-widget_type=\"heading.default\">\n\t\t\t\t\t<h1 class=\"elementor-heading-title elementor-size-default\">Noleggio minibus con conducente a Tirana per escursioni e turismo<\/h1>\t\t\t\t<\/div>\n\t\t\t\t<\/div>\n\t\t\t\t\t<\/div>\n\t\t\t\t<\/div>\n\t\t<div class=\"elementor-element elementor-element-15974bd e-flex e-con-boxed e-con e-parent\" data-id=\"15974bd\" data-element_type=\"container\" data-e-type=\"container\" data-settings=\"{&quot;background_background&quot;:&quot;classic&quot;}\">\n\t\t\t\t\t<div class=\"e-con-inner\">\n\t\t<div class=\"elementor-element elementor-element-308ad2e e-con-full e-flex e-con e-child\" data-id=\"308ad2e\" data-element_type=\"container\" data-e-type=\"container\">\n\t\t\t\t<div class=\"elementor-element elementor-element-ee716d9 elementor-widget elementor-widget-text-editor\" data-id=\"ee716d9\" data-element_type=\"widget\" data-e-type=\"widget\" data-widget_type=\"text-editor.default\">\n\t\t\t\t\t\t\t\t\tQuando si pianifica un'escursione o un tour turistico, comfort e sicurezza sono essenziali. I minibus a noleggio con conducente offrono la soluzione ideale per gruppi piccoli e grandi, rendendo il vostro viaggio fluido, confortevole e organizzato professionalmente.\t\t\t\t\t\t\t\t<\/div>\n\t\t\t\t<div class=\"elementor-element elementor-element-d222b61 elementor-widget elementor-widget-heading\" data-id=\"d222b61\" data-element_type=\"widget\" data-e-type=\"widget\" data-widget_type=\"heading.default\">\n\t\t\t\t\t<h3 class=\"elementor-heading-title elementor-size-default\">Escursioni organizzate e tour turistici<\/h3>\t\t\t\t<\/div>\n\t\t\t\t<div class=\"elementor-element elementor-element-d31e77d elementor-widget elementor-widget-text-editor\" data-id=\"d31e77d\" data-element_type=\"widget\" data-e-type=\"widget\" data-widget_type=\"text-editor.default\">\n\t\t\t\t\t\t\t\t\tCon un minibus con autista, puoi visitare mete turistiche dentro e fuori citt\u00e0, senza preoccuparti di guidare o parcheggiare. Che si tratti di un tour naturalistico, di un viaggio culturale o di una visita a citt\u00e0 storiche, i nostri minibus offrono il massimo comfort e flessibilit\u00e0.\t\t\t\t\t\t\t\t<\/div>\n\t\t\t\t<div class=\"elementor-element elementor-element-48d3409 elementor-widget elementor-widget-heading\" data-id=\"48d3409\" data-element_type=\"widget\" data-e-type=\"widget\" data-widget_type=\"heading.default\">\n\t\t\t\t\t<h3 class=\"elementor-heading-title elementor-size-default\">Bagagli e comfort <\/h3>\t\t\t\t<\/div>\n\t\t\t\t<div class=\"elementor-element elementor-element-2ececf6 elementor-widget elementor-widget-text-editor\" data-id=\"2ececf6\" data-element_type=\"widget\" data-e-type=\"widget\" data-widget_type=\"text-editor.default\">\n\t\t\t\t\t\t\t\t\tI nostri veicoli sono ben tenuti, dotati di aria condizionata e ampio spazio per i bagagli, garantendo a ogni passeggero un viaggio confortevole e senza stress.\t\t\t\t\t\t\t\t<\/div>\n\t\t\t\t<div class=\"elementor-element elementor-element-6e9e2e1 elementor-widget elementor-widget-heading\" data-id=\"6e9e2e1\" data-element_type=\"widget\" data-e-type=\"widget\" data-widget_type=\"heading.default\">\n\t\t\t\t\t<h3 class=\"elementor-heading-title elementor-size-default\">Perch\u00e9 minibus.al?<\/h3>\t\t\t\t<\/div>\n\t\t\t\t<div class=\"elementor-element elementor-element-82f3318 elementor-widget elementor-widget-text-editor\" data-id=\"82f3318\" data-element_type=\"widget\" data-e-type=\"widget\" data-widget_type=\"text-editor.default\">\n\t\t\t\t\t\t\t\t\tSappiamo che ogni viaggio ha esigenze diverse. Per questo motivo, offriamo una variet\u00e0 di minibus per gruppi piccoli e grandi, itinerari personalizzati e autisti professionisti. Sicurezza, comfort e professionalit\u00e0 sono i nostri principi fondamentali, per garantire un'esperienza piacevole e senza intoppi a ogni passeggero.\t\t\t\t\t\t\t\t<\/div>\n\t\t\t\t<div class=\"elementor-element elementor-element-838cd6b elementor-widget elementor-widget-image\" data-id=\"838cd6b\" data-element_type=\"widget\" data-e-type=\"widget\" data-widget_type=\"image.default\">\n\t\t\t\t\t\t\t\t\t\t\t\t\t\t\t<img fetchpriority=\"high\" decoding=\"async\" width=\"800\" height=\"560\" src=\"https:\/\/minibus.al\/wp-content\/uploads\/2024\/01\/Crop800x600-landscape.jpeg\" class=\"attachment-large size-large wp-image-988653\" alt=\"\" srcset=\"https:\/\/minibus.al\/wp-content\/uploads\/2024\/01\/Crop800x600-landscape.jpeg 800w, https:\/\/minibus.al\/wp-content\/uploads\/2024\/01\/Crop800x600-landscape-600x420.jpeg 600w, https:\/\/minibus.al\/wp-content\/uploads\/2024\/01\/Crop800x600-landscape-300x210.jpeg 300w, https:\/\/minibus.al\/wp-content\/uploads\/2024\/01\/Crop800x600-landscape-768x538.jpeg 768w, https:\/\/minibus.al\/wp-content\/uploads\/2024\/01\/Crop800x600-landscape-630x441.jpeg 630w, https:\/\/minibus.al\/wp-content\/uploads\/2024\/01\/Crop800x600-landscape-420x294.jpeg 420w, https:\/\/minibus.al\/wp-content\/uploads\/2024\/01\/Crop800x600-landscape-315x221.jpeg 315w\" sizes=\"(max-width: 800px) 100vw, 800px\" title=\"\">\t\t\t\t\t\t\t\t\t\t\t\t\t\t\t<\/div>\n\t\t\t\t<div class=\"elementor-element elementor-element-e4e948b elementor-widget elementor-widget-heading\" data-id=\"e4e948b\" data-element_type=\"widget\" data-e-type=\"widget\" data-widget_type=\"heading.default\">\n\t\t\t\t\t<h3 class=\"elementor-heading-title elementor-size-default\">Contattaci:<\/h3>\t\t\t\t<\/div>\n\t\t\t\t<div class=\"elementor-element elementor-element-4266004 elementor-widget elementor-widget-text-editor\" data-id=\"4266004\" data-element_type=\"widget\" data-e-type=\"widget\" data-widget_type=\"text-editor.default\">\n\t\t\t\t\t\t\t\t\tPrenota oggi stesso il tuo minibus con autista e vivi l'esperienza di escursioni e tour turistici in modo sicuro e confortevole.\t\t\t\t\t\t\t\t<\/div>\n\t\t\t\t<\/div>\n\t\t<div class=\"elementor-element elementor-element-731eeda e-con-full e-flex e-con e-child\" data-id=\"731eeda\" data-element_type=\"container\" data-e-type=\"container\">\n\t\t<div class=\"elementor-element elementor-element-9f03a35 e-flex e-con-boxed e-con e-child\" data-id=\"9f03a35\" data-element_type=\"container\" data-e-type=\"container\" data-settings=\"{&quot;background_background&quot;:&quot;classic&quot;}\">\n\t\t\t\t\t<div class=\"e-con-inner\">\n\t\t\t\t<div class=\"elementor-element elementor-element-6a241b0 elementor-widget__width-auto elementor-widget elementor-widget-heading\" data-id=\"6a241b0\" data-element_type=\"widget\" data-e-type=\"widget\" data-widget_type=\"heading.default\">\n\t\t\t\t\t<h3 class=\"elementor-heading-title elementor-size-default\">Sconto del 10%<\/h3>\t\t\t\t<\/div>\n\t\t\t\t<div class=\"elementor-element elementor-element-f34cc20 elementor-widget__width-auto elementor-widget elementor-widget-heading\" data-id=\"f34cc20\" data-element_type=\"widget\" data-e-type=\"widget\" data-widget_type=\"heading.default\">\n\t\t\t\t\t<div class=\"elementor-heading-title elementor-size-default\">Fino al 10% di sconto per ogni prenotazione entro il 31 maggio 2026!<\/div>\t\t\t\t<\/div>\n\t\t\t\t\t<\/div>\n\t\t\t\t<\/div>\n\t\t<div class=\"elementor-element elementor-element-f9edccc e-con-full e-flex e-con e-child\" data-id=\"f9edccc\" data-element_type=\"container\" data-e-type=\"container\">\n\t\t\t\t<div class=\"elementor-element elementor-element-bd64436 elementor-widget__width-initial elementor-widget elementor-widget-image\" data-id=\"bd64436\" data-element_type=\"widget\" data-e-type=\"widget\" data-widget_type=\"image.default\">\n\t\t\t\t\t\t\t\t\t\t\t\t\t\t\t\t<a href=\"#\">\n\t\t\t\t\t\t\t<img decoding=\"async\" width=\"630\" height=\"441\" src=\"https:\/\/minibus.al\/wp-content\/uploads\/2025\/10\/Transfer-416_2268_0182-landscape-630x441-1.jpg\" class=\"attachment-full size-full wp-image-988709\" alt=\"\" srcset=\"https:\/\/minibus.al\/wp-content\/uploads\/2025\/10\/Transfer-416_2268_0182-landscape-630x441-1.jpg 630w, https:\/\/minibus.al\/wp-content\/uploads\/2025\/10\/Transfer-416_2268_0182-landscape-630x441-1-600x420.jpg 600w, https:\/\/minibus.al\/wp-content\/uploads\/2025\/10\/Transfer-416_2268_0182-landscape-630x441-1-300x210.jpg 300w, https:\/\/minibus.al\/wp-content\/uploads\/2025\/10\/Transfer-416_2268_0182-landscape-630x441-1-420x294.jpg 420w, https:\/\/minibus.al\/wp-content\/uploads\/2025\/10\/Transfer-416_2268_0182-landscape-630x441-1-315x221.jpg 315w\" sizes=\"(max-width: 630px) 100vw, 630px\" title=\"\">\t\t\t\t\t\t\t\t<\/a>\n\t\t\t\t\t\t\t\t\t\t\t\t\t\t\t<\/div>\n\t\t\t\t<div class=\"elementor-element elementor-element-f3c3056 elementor-widget__width-initial elementor-widget elementor-widget-heading\" data-id=\"f3c3056\" data-element_type=\"widget\" data-e-type=\"widget\" data-widget_type=\"heading.default\">\n\t\t\t\t\t<h3 class=\"elementor-heading-title elementor-size-default\"><a href=\"#\">Trasferimenti privati \u200b\u200bdall'aeroporto<\/a><\/h3>\t\t\t\t<\/div>\n\t\t\t\t<\/div>\n\t\t<div class=\"elementor-element elementor-element-570e3a3 e-con-full e-flex e-con e-child\" data-id=\"570e3a3\" data-element_type=\"container\" data-e-type=\"container\">\n\t\t\t\t<div class=\"elementor-element elementor-element-bdb5123 elementor-widget__width-initial elementor-widget elementor-widget-image\" data-id=\"bdb5123\" data-element_type=\"widget\" data-e-type=\"widget\" data-widget_type=\"image.default\">\n\t\t\t\t\t\t\t\t\t\t\t\t\t\t\t\t<a href=\"#\">\n\t\t\t\t\t\t\t<img decoding=\"async\" width=\"800\" height=\"560\" src=\"https:\/\/minibus.al\/wp-content\/uploads\/2024\/01\/Crop800x600-landscape.jpeg\" class=\"attachment-full size-full wp-image-988653\" alt=\"\" srcset=\"https:\/\/minibus.al\/wp-content\/uploads\/2024\/01\/Crop800x600-landscape.jpeg 800w, https:\/\/minibus.al\/wp-content\/uploads\/2024\/01\/Crop800x600-landscape-600x420.jpeg 600w, https:\/\/minibus.al\/wp-content\/uploads\/2024\/01\/Crop800x600-landscape-300x210.jpeg 300w, https:\/\/minibus.al\/wp-content\/uploads\/2024\/01\/Crop800x600-landscape-768x538.jpeg 768w, https:\/\/minibus.al\/wp-content\/uploads\/2024\/01\/Crop800x600-landscape-630x441.jpeg 630w, https:\/\/minibus.al\/wp-content\/uploads\/2024\/01\/Crop800x600-landscape-420x294.jpeg 420w, https:\/\/minibus.al\/wp-content\/uploads\/2024\/01\/Crop800x600-landscape-315x221.jpeg 315w\" sizes=\"(max-width: 800px) 100vw, 800px\" title=\"\">\t\t\t\t\t\t\t\t<\/a>\n\t\t\t\t\t\t\t\t\t\t\t\t\t\t\t<\/div>\n\t\t\t\t<div class=\"elementor-element elementor-element-3cb587a elementor-widget__width-initial elementor-widget elementor-widget-heading\" data-id=\"3cb587a\" data-element_type=\"widget\" data-e-type=\"widget\" data-widget_type=\"heading.default\">\n\t\t\t\t\t<h3 class=\"elementor-heading-title elementor-size-default\"><a href=\"#\">Trasferimento con autista privato<\/a><\/h3>\t\t\t\t<\/div>\n\t\t\t\t<\/div>\n\t\t\t\t<\/div>\n\t\t\t\t\t<\/div>\n\t\t\t\t<\/div>\n\t\t\t\t<\/div>","protected":false},"excerpt":{"rendered":"<p>Minibus me qira n\u00eb Tiran\u00eb p\u00ebr Ekskursione dhe Turiz\u00ebm Kur planifikoni nj\u00eb ekskursion apo nj\u00eb ture turistike, rehatia dhe siguria jan\u00eb thelb\u00ebsore. Minibus\u00ebt me qira me shofer ofrojn\u00eb zgjidhjen ideale p\u00ebr grupet e vogla dhe t\u00eb m\u00ebdha, duke b\u00ebr\u00eb udh\u00ebtimin tuaj t\u00eb qet\u00eb, t\u00eb komod dhe t\u00eb organizuar profesionalisht. Ekskursione t\u00eb organizuara dhe ture turistike [&hellip;]<\/p>\n","protected":false},"author":1,"featured_media":0,"parent":0,"menu_order":0,"comment_status":"closed","ping_status":"closed","template":"","meta":{"footnotes":""},"class_list":["post-988803","page","type-page","status-publish","hentry"],"_links":{"self":[{"href":"https:\/\/minibus.al\/it\/wp-json\/wp\/v2\/pages\/988803","targetHints":{"allow":["GET"]}}],"collection":[{"href":"https:\/\/minibus.al\/it\/wp-json\/wp\/v2\/pages"}],"about":[{"href":"https:\/\/minibus.al\/it\/wp-json\/wp\/v2\/types\/page"}],"author":[{"embeddable":true,"href":"https:\/\/minibus.al\/it\/wp-json\/wp\/v2\/users\/1"}],"replies":[{"embeddable":true,"href":"https:\/\/minibus.al\/it\/wp-json\/wp\/v2\/comments?post=988803"}],"version-history":[{"count":15,"href":"https:\/\/minibus.al\/it\/wp-json\/wp\/v2\/pages\/988803\/revisions"}],"predecessor-version":[{"id":989102,"href":"https:\/\/minibus.al\/it\/wp-json\/wp\/v2\/pages\/988803\/revisions\/989102"}],"wp:attachment":[{"href":"https:\/\/minibus.al\/it\/wp-json\/wp\/v2\/media?parent=988803"}],"curies":[{"name":"wp","href":"https:\/\/api.w.org\/{rel}","templated":true}]}}