{"id":988794,"date":"2025-10-15T11:45:54","date_gmt":"2025-10-15T11:45:54","guid":{"rendered":"https:\/\/minibus.al\/?page_id=988794"},"modified":"2025-10-15T11:45:55","modified_gmt":"2025-10-15T11:45:55","slug":"minibus-a-noleggio-con-autista-a-tirana","status":"publish","type":"page","link":"https:\/\/minibus.al\/it\/minibus-me-qira-me-shofer-ne-tirane\/","title":{"rendered":"Noleggio minibus con autista a Tirana."},"content":{"rendered":"<div data-elementor-type=\"wp-page\" data-elementor-id=\"988794\" class=\"elementor elementor-988794\">\n\t\t\t\t<div class=\"elementor-element elementor-element-95c19ac e-flex e-con-boxed e-con e-parent\" data-id=\"95c19ac\" data-element_type=\"container\" data-e-type=\"container\" data-settings=\"{&quot;background_background&quot;:&quot;classic&quot;}\">\n\t\t\t\t\t<div class=\"e-con-inner\">\n\t\t<div class=\"elementor-element elementor-element-f318dce e-con-full e-flex e-con e-child\" data-id=\"f318dce\" data-element_type=\"container\" data-e-type=\"container\">\n\t\t\t\t<div class=\"elementor-element elementor-element-f98cf93 elementor-widget elementor-widget-heading\" data-id=\"f98cf93\" data-element_type=\"widget\" data-e-type=\"widget\" data-widget_type=\"heading.default\">\n\t\t\t\t\t<h1 class=\"elementor-heading-title elementor-size-default\">Noleggio minibus con autista a Tirana.\n<\/h1>\t\t\t\t<\/div>\n\t\t\t\t<\/div>\n\t\t\t\t\t<\/div>\n\t\t\t\t<\/div>\n\t\t<div class=\"elementor-element elementor-element-758a64b e-flex e-con-boxed e-con e-parent\" data-id=\"758a64b\" data-element_type=\"container\" data-e-type=\"container\" data-settings=\"{&quot;background_background&quot;:&quot;classic&quot;}\">\n\t\t\t\t\t<div class=\"e-con-inner\">\n\t\t<div class=\"elementor-element elementor-element-e503248 e-con-full e-flex e-con e-child\" data-id=\"e503248\" data-element_type=\"container\" data-e-type=\"container\">\n\t\t\t\t<div class=\"elementor-element elementor-element-aeff267 elementor-widget elementor-widget-text-editor\" data-id=\"aeff267\" data-element_type=\"widget\" data-e-type=\"widget\" data-widget_type=\"text-editor.default\">\n\t\t\t\t\t\t\t\t\t<p>Quando si pianifica un viaggio, che sia per lavoro, vacanza o attivit\u00e0 sociali, il noleggio di minibus con autista a Tirana offre una soluzione comoda, sicura e flessibile. Dai trasferimenti aeroportuali ai tour culturali e alle escursioni naturalistiche, questi servizi sono personalizzati per ogni esigenza e gruppo di viaggiatori.<\/p>\t\t\t\t\t\t\t\t<\/div>\n\t\t\t\t<div class=\"elementor-element elementor-element-0d53794 elementor-widget elementor-widget-heading\" data-id=\"0d53794\" data-element_type=\"widget\" data-e-type=\"widget\" data-widget_type=\"heading.default\">\n\t\t\t\t\t<h3 class=\"elementor-heading-title elementor-size-default\">Noleggio minibus a Tirana per eventi.<\/h3>\t\t\t\t<\/div>\n\t\t\t\t<div class=\"elementor-element elementor-element-0463429 elementor-widget elementor-widget-text-editor\" data-id=\"0463429\" data-element_type=\"widget\" data-e-type=\"widget\" data-widget_type=\"text-editor.default\">\n\t\t\t\t\t\t\t\t\t<p>Organizzare un evento, che si tratti di un meeting aziendale, un matrimonio o un'attivit\u00e0 familiare, spesso richiede un trasporto coordinato. Con un minibus con autista professionista, puoi garantire che tutti gli ospiti arrivino a destinazione puntuali, senza stress e nel massimo comfort. Il nostro team qualificato garantisce che ogni dettaglio del viaggio sia pianificato e sicuro.<\/p>\t\t\t\t\t\t\t\t<\/div>\n\t\t\t\t<div class=\"elementor-element elementor-element-4ce8215 elementor-widget elementor-widget-heading\" data-id=\"4ce8215\" data-element_type=\"widget\" data-e-type=\"widget\" data-widget_type=\"heading.default\">\n\t\t\t\t\t<h3 class=\"elementor-heading-title elementor-size-default\">Noleggio minibus a Tirana per escursioni e turismo<\/h3>\t\t\t\t<\/div>\n\t\t\t\t<div class=\"elementor-element elementor-element-9d6ee10 elementor-widget elementor-widget-text-editor\" data-id=\"9d6ee10\" data-element_type=\"widget\" data-e-type=\"widget\" data-widget_type=\"text-editor.default\">\n\t\t\t\t\t\t\t\t\tPer gli amanti della natura e della storia, le gite di un giorno in Albania e nei Balcani sono pi\u00f9 facili e piacevoli con un comodo minibus. Potete visitare citt\u00e0 storiche, parchi naturali o destinazioni speciali senza preoccuparvi di spostamenti o parcheggio. I nostri minibus offrono comfort, spazio per i bagagli e aria condizionata, rendendo ogni viaggio un'esperienza piacevole.\t\t\t\t\t\t\t\t<\/div>\n\t\t\t\t<div class=\"elementor-element elementor-element-7620457 elementor-widget elementor-widget-heading\" data-id=\"7620457\" data-element_type=\"widget\" data-e-type=\"widget\" data-widget_type=\"heading.default\">\n\t\t\t\t\t<h3 class=\"elementor-heading-title elementor-size-default\">Noleggio minibus a Tirana per trasferimenti privati \u200b\u200bda e per l'aeroporto.<\/h3>\t\t\t\t<\/div>\n\t\t\t\t<div class=\"elementor-element elementor-element-86bb5c8 elementor-widget elementor-widget-text-editor\" data-id=\"86bb5c8\" data-element_type=\"widget\" data-e-type=\"widget\" data-widget_type=\"text-editor.default\">\n\t\t\t\t\t\t\t\t\tChe il tuo volo parta o arrivi a Tirana, i trasferimenti aeroportuali privati \u200b\u200bsono il modo pi\u00f9 comodo e sicuro per iniziare o terminare il tuo viaggio. Il nostro servizio con autista qualificato ti garantisce di raggiungere la tua destinazione in tempo, nel comfort e senza lo stress dei trasporti pubblici.\t\t\t\t\t\t\t\t<\/div>\n\t\t\t\t<div class=\"elementor-element elementor-element-58b5ae3 elementor-widget elementor-widget-heading\" data-id=\"58b5ae3\" data-element_type=\"widget\" data-e-type=\"widget\" data-widget_type=\"heading.default\">\n\t\t\t\t\t<h3 class=\"elementor-heading-title elementor-size-default\">Perch\u00e9 minibus.al?<\/h3>\t\t\t\t<\/div>\n\t\t\t\t<div class=\"elementor-element elementor-element-6fcee1f elementor-widget elementor-widget-text-editor\" data-id=\"6fcee1f\" data-element_type=\"widget\" data-e-type=\"widget\" data-widget_type=\"text-editor.default\">\n\t\t\t\t\t\t\t\t\tSappiamo che ogni viaggio ha esigenze diverse. Per questo motivo, offriamo una variet\u00e0 di minibus per gruppi piccoli e grandi, itinerari personalizzati e autisti professionisti. Sicurezza, comfort e professionalit\u00e0 sono i nostri principi fondamentali, per garantire un'esperienza piacevole e senza intoppi a ogni passeggero.\t\t\t\t\t\t\t\t<\/div>\n\t\t\t\t<div class=\"elementor-element elementor-element-720ca0b elementor-widget elementor-widget-image\" data-id=\"720ca0b\" data-element_type=\"widget\" data-e-type=\"widget\" data-widget_type=\"image.default\">\n\t\t\t\t\t\t\t\t\t\t\t\t\t\t\t<img fetchpriority=\"high\" decoding=\"async\" width=\"800\" height=\"560\" src=\"https:\/\/minibus.al\/wp-content\/uploads\/2024\/01\/01-landscape.jpg\" class=\"attachment-large size-large wp-image-988652\" alt=\"\" srcset=\"https:\/\/minibus.al\/wp-content\/uploads\/2024\/01\/01-landscape.jpg 893w, https:\/\/minibus.al\/wp-content\/uploads\/2024\/01\/01-landscape-600x420.jpg 600w, https:\/\/minibus.al\/wp-content\/uploads\/2024\/01\/01-landscape-300x210.jpg 300w, https:\/\/minibus.al\/wp-content\/uploads\/2024\/01\/01-landscape-768x538.jpg 768w, https:\/\/minibus.al\/wp-content\/uploads\/2024\/01\/01-landscape-630x441.jpg 630w, https:\/\/minibus.al\/wp-content\/uploads\/2024\/01\/01-landscape-420x294.jpg 420w, https:\/\/minibus.al\/wp-content\/uploads\/2024\/01\/01-landscape-840x588.jpg 840w, https:\/\/minibus.al\/wp-content\/uploads\/2024\/01\/01-landscape-315x220.jpg 315w\" sizes=\"(max-width: 800px) 100vw, 800px\" title=\"\">\t\t\t\t\t\t\t\t\t\t\t\t\t\t\t<\/div>\n\t\t\t\t<div class=\"elementor-element elementor-element-a1e27ad elementor-widget elementor-widget-heading\" data-id=\"a1e27ad\" data-element_type=\"widget\" data-e-type=\"widget\" data-widget_type=\"heading.default\">\n\t\t\t\t\t<h3 class=\"elementor-heading-title elementor-size-default\">Come funziona?<\/h3>\t\t\t\t<\/div>\n\t\t\t\t<div class=\"elementor-element elementor-element-83c2353 elementor-widget elementor-widget-text-editor\" data-id=\"83c2353\" data-element_type=\"widget\" data-e-type=\"widget\" data-widget_type=\"text-editor.default\">\n\t\t\t\t\t\t\t\t\t<p>Prenotare \u00e8 semplice: scegli la destinazione, la data e il tipo di minibus di cui hai bisogno. Il nostro autista professionista sar\u00e0 al luogo e all'orario concordati, garantendo un viaggio confortevole e senza stress. Contattaci oggi stesso per prenotare il tuo minibus con autista a Tirana e rendere ogni viaggio speciale, che si tratti di un evento, un'escursione o un trasferimento aeroportuale, un'esperienza indimenticabile.<\/p>\t\t\t\t\t\t\t\t<\/div>\n\t\t\t\t<\/div>\n\t\t<div class=\"elementor-element elementor-element-48e150d e-con-full e-flex e-con e-child\" data-id=\"48e150d\" data-element_type=\"container\" data-e-type=\"container\">\n\t\t<div class=\"elementor-element elementor-element-1a9e61a e-flex e-con-boxed e-con e-child\" data-id=\"1a9e61a\" data-element_type=\"container\" data-e-type=\"container\" data-settings=\"{&quot;background_background&quot;:&quot;classic&quot;}\">\n\t\t\t\t\t<div class=\"e-con-inner\">\n\t\t\t\t<div class=\"elementor-element elementor-element-7723e84 elementor-widget__width-auto elementor-widget elementor-widget-heading\" data-id=\"7723e84\" data-element_type=\"widget\" data-e-type=\"widget\" data-widget_type=\"heading.default\">\n\t\t\t\t\t<h3 class=\"elementor-heading-title elementor-size-default\">Sconto del 10%<\/h3>\t\t\t\t<\/div>\n\t\t\t\t<div class=\"elementor-element elementor-element-c5ce195 elementor-widget__width-auto elementor-widget elementor-widget-heading\" data-id=\"c5ce195\" data-element_type=\"widget\" data-e-type=\"widget\" data-widget_type=\"heading.default\">\n\t\t\t\t\t<div class=\"elementor-heading-title elementor-size-default\">Fino al 10% di sconto per ogni prenotazione entro il 31 maggio 2026!<\/div>\t\t\t\t<\/div>\n\t\t\t\t\t<\/div>\n\t\t\t\t<\/div>\n\t\t<div class=\"elementor-element elementor-element-89932a7 e-con-full e-flex e-con e-child\" data-id=\"89932a7\" data-element_type=\"container\" data-e-type=\"container\">\n\t\t\t\t<div class=\"elementor-element elementor-element-08519e8 elementor-widget__width-initial elementor-widget elementor-widget-image\" data-id=\"08519e8\" data-element_type=\"widget\" data-e-type=\"widget\" data-widget_type=\"image.default\">\n\t\t\t\t\t\t\t\t\t\t\t\t\t\t\t\t<a href=\"#\">\n\t\t\t\t\t\t\t<img decoding=\"async\" width=\"630\" height=\"441\" src=\"https:\/\/minibus.al\/wp-content\/uploads\/2025\/10\/Transfer-416_2268_0182-landscape-630x441-1.jpg\" class=\"attachment-full size-full wp-image-988709\" alt=\"\" srcset=\"https:\/\/minibus.al\/wp-content\/uploads\/2025\/10\/Transfer-416_2268_0182-landscape-630x441-1.jpg 630w, https:\/\/minibus.al\/wp-content\/uploads\/2025\/10\/Transfer-416_2268_0182-landscape-630x441-1-600x420.jpg 600w, https:\/\/minibus.al\/wp-content\/uploads\/2025\/10\/Transfer-416_2268_0182-landscape-630x441-1-300x210.jpg 300w, https:\/\/minibus.al\/wp-content\/uploads\/2025\/10\/Transfer-416_2268_0182-landscape-630x441-1-420x294.jpg 420w, https:\/\/minibus.al\/wp-content\/uploads\/2025\/10\/Transfer-416_2268_0182-landscape-630x441-1-315x221.jpg 315w\" sizes=\"(max-width: 630px) 100vw, 630px\" title=\"\">\t\t\t\t\t\t\t\t<\/a>\n\t\t\t\t\t\t\t\t\t\t\t\t\t\t\t<\/div>\n\t\t\t\t<div class=\"elementor-element elementor-element-123d892 elementor-widget__width-initial elementor-widget elementor-widget-heading\" data-id=\"123d892\" data-element_type=\"widget\" data-e-type=\"widget\" data-widget_type=\"heading.default\">\n\t\t\t\t\t<h3 class=\"elementor-heading-title elementor-size-default\"><a href=\"#\">Trasferimenti privati \u200b\u200bdall'aeroporto<\/a><\/h3>\t\t\t\t<\/div>\n\t\t\t\t<\/div>\n\t\t<div class=\"elementor-element elementor-element-2655fa7 e-con-full e-flex e-con e-child\" data-id=\"2655fa7\" data-element_type=\"container\" data-e-type=\"container\">\n\t\t\t\t<div class=\"elementor-element elementor-element-88d6d37 elementor-widget__width-initial elementor-widget elementor-widget-image\" data-id=\"88d6d37\" data-element_type=\"widget\" data-e-type=\"widget\" data-widget_type=\"image.default\">\n\t\t\t\t\t\t\t\t\t\t\t\t\t\t\t\t<a href=\"#\">\n\t\t\t\t\t\t\t<img decoding=\"async\" width=\"800\" height=\"560\" src=\"https:\/\/minibus.al\/wp-content\/uploads\/2024\/01\/Crop800x600-landscape.jpeg\" class=\"attachment-full size-full wp-image-988653\" alt=\"\" srcset=\"https:\/\/minibus.al\/wp-content\/uploads\/2024\/01\/Crop800x600-landscape.jpeg 800w, https:\/\/minibus.al\/wp-content\/uploads\/2024\/01\/Crop800x600-landscape-600x420.jpeg 600w, https:\/\/minibus.al\/wp-content\/uploads\/2024\/01\/Crop800x600-landscape-300x210.jpeg 300w, https:\/\/minibus.al\/wp-content\/uploads\/2024\/01\/Crop800x600-landscape-768x538.jpeg 768w, https:\/\/minibus.al\/wp-content\/uploads\/2024\/01\/Crop800x600-landscape-630x441.jpeg 630w, https:\/\/minibus.al\/wp-content\/uploads\/2024\/01\/Crop800x600-landscape-420x294.jpeg 420w, https:\/\/minibus.al\/wp-content\/uploads\/2024\/01\/Crop800x600-landscape-315x221.jpeg 315w\" sizes=\"(max-width: 800px) 100vw, 800px\" title=\"\">\t\t\t\t\t\t\t\t<\/a>\n\t\t\t\t\t\t\t\t\t\t\t\t\t\t\t<\/div>\n\t\t\t\t<div class=\"elementor-element elementor-element-87f3665 elementor-widget__width-initial elementor-widget elementor-widget-heading\" data-id=\"87f3665\" data-element_type=\"widget\" data-e-type=\"widget\" data-widget_type=\"heading.default\">\n\t\t\t\t\t<h3 class=\"elementor-heading-title elementor-size-default\"><a href=\"#\">Trasferimento con autista privato<\/a><\/h3>\t\t\t\t<\/div>\n\t\t\t\t<\/div>\n\t\t\t\t<\/div>\n\t\t\t\t\t<\/div>\n\t\t\t\t<\/div>\n\t\t\t\t<\/div>","protected":false},"excerpt":{"rendered":"<p>Minibus me qira me shofer n\u00eb Tiran\u00eb. Kur planifikoni nj\u00eb udh\u00ebtim, qoft\u00eb p\u00ebr pun\u00eb, pushime apo aktivitete sociale, minibus\u00ebt me qira me shofer n\u00eb Tiran\u00eb ofrojn\u00eb nj\u00eb zgjidhje t\u00eb rehatshme, t\u00eb sigurt dhe fleksib\u00ebl. Nga transfertat n\u00eb aeroport, tek turet kulturore dhe ekskursione n\u00eb natyr\u00eb, k\u00ebto sh\u00ebrbime jan\u00eb t\u00eb p\u00ebrshtatura p\u00ebr \u00e7do nevoj\u00eb dhe grup [&hellip;]<\/p>\n","protected":false},"author":1,"featured_media":0,"parent":0,"menu_order":0,"comment_status":"closed","ping_status":"closed","template":"","meta":{"footnotes":""},"class_list":["post-988794","page","type-page","status-publish","hentry"],"_links":{"self":[{"href":"https:\/\/minibus.al\/it\/wp-json\/wp\/v2\/pages\/988794","targetHints":{"allow":["GET"]}}],"collection":[{"href":"https:\/\/minibus.al\/it\/wp-json\/wp\/v2\/pages"}],"about":[{"href":"https:\/\/minibus.al\/it\/wp-json\/wp\/v2\/types\/page"}],"author":[{"embeddable":true,"href":"https:\/\/minibus.al\/it\/wp-json\/wp\/v2\/users\/1"}],"replies":[{"embeddable":true,"href":"https:\/\/minibus.al\/it\/wp-json\/wp\/v2\/comments?post=988794"}],"version-history":[{"count":4,"href":"https:\/\/minibus.al\/it\/wp-json\/wp\/v2\/pages\/988794\/revisions"}],"predecessor-version":[{"id":988799,"href":"https:\/\/minibus.al\/it\/wp-json\/wp\/v2\/pages\/988794\/revisions\/988799"}],"wp:attachment":[{"href":"https:\/\/minibus.al\/it\/wp-json\/wp\/v2\/media?parent=988794"}],"curies":[{"name":"wp","href":"https:\/\/api.w.org\/{rel}","templated":true}]}}