{"id":989194,"date":"2026-02-06T12:22:01","date_gmt":"2026-02-06T12:22:01","guid":{"rendered":"https:\/\/minibus.al\/?post_type=product&#038;p=989194"},"modified":"2026-02-06T12:24:32","modified_gmt":"2026-02-06T12:24:32","slug":"minibus-me-qira-me-shofer-nga-tirana-ne-berat","status":"publish","type":"product","link":"https:\/\/minibus.al\/hu\/produkt\/minibus-me-qira-me-shofer-nga-tirana-ne-berat\/","title":{"rendered":"Minibus me Qira me Shofer nga Tirana n\u00eb Berat"},"content":{"rendered":"<p>Organizoni nj\u00eb udh\u00ebtim ditor t\u00eb rehatsh\u00ebm dhe t\u00eb sigurt me minibus me qira me shofer nga Tirana n\u00eb Berat, nj\u00eb nga qytetet m\u00eb t\u00eb bukura dhe historike n\u00eb Shqip\u00ebri, i njohur si \u201cQyteti i Nj\u00eb mbi Nj\u00eb Dritareve\u201d dhe pjes\u00eb e trash\u00ebgimis\u00eb bot\u00ebrore UNESCO. Ky \u00ebsht\u00eb nj\u00eb destinacion perfekt p\u00ebr nj\u00eb day trip, ku mund t\u00eb kombinoni historin\u00eb, kultur\u00ebn dhe natyr\u00ebn n\u00eb nj\u00eb eksperienc\u00eb t\u00eb paharrueshme.<\/p>\n<p>Udh\u00ebtimi nga Tirana drejt Beratit zgjat rreth 2 \u2013 2.5 or\u00eb dhe realizohet me minibus komod, me aj\u00ebr t\u00eb kondicionuar dhe shofer profesionist q\u00eb garanton siguri dhe komoditet gjat\u00eb gjith\u00eb itinerarit. Sh\u00ebrbimi \u00ebsht\u00eb ideal p\u00ebr grupe turist\u00ebsh, familje, evente apo udh\u00ebtime organizative.<\/p>","protected":false},"excerpt":{"rendered":"<p>Organizoni nj\u00eb udh\u00ebtim ditor t\u00eb rehatsh\u00ebm dhe t\u00eb sigurt me minibus me qira me shofer nga Tirana n\u00eb Berat, nj\u00eb nga qytetet m\u00eb t\u00eb bukura dhe historike n\u00eb Shqip\u00ebri<\/p>","protected":false},"featured_media":989195,"comment_status":"open","ping_status":"closed","template":"","meta":[],"product_brand":[],"product_cat":[140],"product_tag":[],"class_list":{"0":"post-989194","1":"product","2":"type-product","3":"status-publish","4":"has-post-thumbnail","6":"product_cat-transport","8":"first","9":"instock","10":"shipping-taxable","11":"product-type-external"},"_links":{"self":[{"href":"https:\/\/minibus.al\/hu\/wp-json\/wp\/v2\/product\/989194","targetHints":{"allow":["GET"]}}],"collection":[{"href":"https:\/\/minibus.al\/hu\/wp-json\/wp\/v2\/product"}],"about":[{"href":"https:\/\/minibus.al\/hu\/wp-json\/wp\/v2\/types\/product"}],"replies":[{"embeddable":true,"href":"https:\/\/minibus.al\/hu\/wp-json\/wp\/v2\/comments?post=989194"}],"wp:featuredmedia":[{"embeddable":true,"href":"https:\/\/minibus.al\/hu\/wp-json\/wp\/v2\/media\/989195"}],"wp:attachment":[{"href":"https:\/\/minibus.al\/hu\/wp-json\/wp\/v2\/media?parent=989194"}],"wp:term":[{"taxonomy":"product_brand","embeddable":true,"href":"https:\/\/minibus.al\/hu\/wp-json\/wp\/v2\/product_brand?post=989194"},{"taxonomy":"product_cat","embeddable":true,"href":"https:\/\/minibus.al\/hu\/wp-json\/wp\/v2\/product_cat?post=989194"},{"taxonomy":"product_tag","embeddable":true,"href":"https:\/\/minibus.al\/hu\/wp-json\/wp\/v2\/product_tag?post=989194"}],"curies":[{"name":"wp","href":"https:\/\/api.w.org\/{rel}","templated":true}]}}