{"id":989113,"date":"2026-02-01T07:18:05","date_gmt":"2026-02-01T07:18:05","guid":{"rendered":"https:\/\/minibus.al\/?post_type=product&#038;p=989113"},"modified":"2026-02-05T12:56:24","modified_gmt":"2026-02-05T12:56:24","slug":"minibus-me-qira-per-grupe-nga-tirana-ne-kolasin","status":"publish","type":"product","link":"https:\/\/minibus.al\/hu\/produkt\/minibus-me-qira-per-grupe-nga-tirana-ne-kolasin\/","title":{"rendered":"Minibus me shofer nga Tirana n\u00eb Kola\u0161in"},"content":{"rendered":"<p>Sh\u00ebrbimi i transportit p\u00ebr udh\u00ebtim 1-ditor nga Tirana n\u00eb Kola\u0161in ofrohet vet\u00ebm p\u00ebr grupe dhe realizohet me minibus me shofer, duke garantuar rehati dhe siguri gjat\u00eb gjith\u00eb udh\u00ebtimit. Nisja b\u00ebhet nga Tirana n\u00eb orar t\u00eb dakord\u00ebsuar, me mjete komode dhe t\u00eb mir\u00ebmbajtura, t\u00eb p\u00ebrshtatshme p\u00ebr udh\u00ebtime t\u00eb gjata. Itinerari p\u00ebrzgjidhet n\u00eb m\u00ebnyr\u00eb optimale, me mund\u00ebsi ndalesash t\u00eb shkurtra p\u00ebr pushim sipas nevoj\u00ebs s\u00eb grupit.<\/p>\n<p>Pas mb\u00ebrritjes n\u00eb Kola\u0161in, grupi ka koh\u00eb t\u00eb lir\u00eb p\u00ebr sh\u00ebtitje, drek\u00eb apo aktivitete turistike, nd\u00ebrsa kthimi n\u00eb Tiran\u00eb realizohet, sipas programit t\u00eb r\u00ebn\u00eb dakord. Sh\u00ebrbimi \u00ebsht\u00eb fleksib\u00ebl dhe i personalizuesh\u00ebm sipas k\u00ebrkesave t\u00eb grupit.<\/p>","protected":false},"excerpt":{"rendered":"<p>Sh\u00ebrbimi i transportit p\u00ebr udh\u00ebtim 1-ditor nga Tirana n\u00eb Kola\u0161in ofrohet vet\u00ebm p\u00ebr grupe dhe realizohet me minibus me shofer, duke garantuar rehati dhe siguri gjat\u00eb gjith\u00eb udh\u00ebtimit.<\/p>","protected":false},"featured_media":989114,"comment_status":"open","ping_status":"closed","template":"","meta":[],"product_brand":[],"product_cat":[140],"product_tag":[],"class_list":{"0":"post-989113","1":"product","2":"type-product","3":"status-publish","4":"has-post-thumbnail","6":"product_cat-transport","8":"first","9":"instock","10":"shipping-taxable","11":"product-type-external"},"_links":{"self":[{"href":"https:\/\/minibus.al\/hu\/wp-json\/wp\/v2\/product\/989113","targetHints":{"allow":["GET"]}}],"collection":[{"href":"https:\/\/minibus.al\/hu\/wp-json\/wp\/v2\/product"}],"about":[{"href":"https:\/\/minibus.al\/hu\/wp-json\/wp\/v2\/types\/product"}],"replies":[{"embeddable":true,"href":"https:\/\/minibus.al\/hu\/wp-json\/wp\/v2\/comments?post=989113"}],"wp:featuredmedia":[{"embeddable":true,"href":"https:\/\/minibus.al\/hu\/wp-json\/wp\/v2\/media\/989114"}],"wp:attachment":[{"href":"https:\/\/minibus.al\/hu\/wp-json\/wp\/v2\/media?parent=989113"}],"wp:term":[{"taxonomy":"product_brand","embeddable":true,"href":"https:\/\/minibus.al\/hu\/wp-json\/wp\/v2\/product_brand?post=989113"},{"taxonomy":"product_cat","embeddable":true,"href":"https:\/\/minibus.al\/hu\/wp-json\/wp\/v2\/product_cat?post=989113"},{"taxonomy":"product_tag","embeddable":true,"href":"https:\/\/minibus.al\/hu\/wp-json\/wp\/v2\/product_tag?post=989113"}],"curies":[{"name":"wp","href":"https:\/\/api.w.org\/{rel}","templated":true}]}}