{"id":988961,"date":"2025-12-12T07:38:26","date_gmt":"2025-12-12T07:38:26","guid":{"rendered":"https:\/\/minibus.al\/?page_id=988961"},"modified":"2025-12-12T08:13:29","modified_gmt":"2025-12-12T08:13:29","slug":"legfeljebb-8-utas","status":"publish","type":"page","link":"https:\/\/minibus.al\/hu\/flota-jone\/deri-ne-8-pasagjer\/","title":{"rendered":"8+1 f\u0151s kisbusz b\u00e9rl\u00e9s sof\u0151rrel Alb\u00e1ni\u00e1ban"},"content":{"rendered":"<div data-elementor-type=\"wp-page\" data-elementor-id=\"988961\" class=\"elementor elementor-988961\">\n\t\t\t\t<div class=\"elementor-element elementor-element-9157af8 e-flex e-con-boxed e-con e-parent\" data-id=\"9157af8\" data-element_type=\"container\" data-e-type=\"container\" data-settings=\"{&quot;background_background&quot;:&quot;classic&quot;}\">\n\t\t\t\t\t<div class=\"e-con-inner\">\n\t\t<div class=\"elementor-element elementor-element-2404e81 e-con-full e-flex e-con e-child\" data-id=\"2404e81\" data-element_type=\"container\" data-e-type=\"container\">\n\t\t\t\t<div class=\"elementor-element elementor-element-543e65c elementor-widget elementor-widget-heading\" data-id=\"543e65c\" data-element_type=\"widget\" data-e-type=\"widget\" data-widget_type=\"heading.default\">\n\t\t\t\t\t<h1 class=\"elementor-heading-title elementor-size-default\">Minibusz b\u00e9rl\u00e9s sof\u0151rrel Alb\u00e1ni\u00e1ban \u2013 maximum 8 utas<\/h1>\t\t\t\t<\/div>\n\t\t\t\t<div class=\"elementor-element elementor-element-c4c7f96 elementor-widget elementor-widget-text-editor\" data-id=\"c4c7f96\" data-element_type=\"widget\" data-e-type=\"widget\" data-widget_type=\"text-editor.default\">\n\t\t\t\t\t\t\t\t\tFoglaljon most sof\u0151rrel ell\u00e1tott kisbuszt Alb\u00e1ni\u00e1ban legfeljebb 8 f\u0151s csoportok sz\u00e1m\u00e1ra. Biztons\u00e1gos \u00e9s k\u00e9nyelmes sz\u00e1ll\u00edt\u00e1s Tiran\u00e1ban, Durr\u00ebsben, Shkod\u00ebrben \u00e9s m\u00e1s \u00fati c\u00e9lokon turisztikai, rendezv\u00e9ny- \u00e9s \u00fczleti utaz\u00e1sokhoz.\t\t\t\t\t\t\t\t<\/div>\n\t\t\t\t<\/div>\n\t\t\t\t\t<\/div>\n\t\t\t\t<\/div>\n\t\t<div class=\"elementor-element elementor-element-d7bac3e e-flex e-con-boxed e-con e-parent\" data-id=\"d7bac3e\" data-element_type=\"container\" data-e-type=\"container\" data-settings=\"{&quot;background_background&quot;:&quot;classic&quot;}\">\n\t\t\t\t\t<div class=\"e-con-inner\">\n\t\t<div class=\"elementor-element elementor-element-50917bb e-con-full e-flex e-con e-child\" data-id=\"50917bb\" data-element_type=\"container\" data-e-type=\"container\">\n\t\t\t\t<div class=\"elementor-element elementor-element-df454eb elementor-widget elementor-widget-text-editor\" data-id=\"df454eb\" data-element_type=\"widget\" data-e-type=\"widget\" data-widget_type=\"text-editor.default\">\n\t\t\t\t\t\t\t\t\tAlb\u00e1nia eg\u00e9sz ter\u00fclet\u00e9n sof\u0151rrel ell\u00e1tott kisbusz-b\u00e9rl\u00e9st k\u00edn\u00e1lunk, amely ide\u00e1lis legfeljebb nyolc f\u0151s csoportok sz\u00e1m\u00e1ra. Szolg\u00e1ltat\u00e1sunk c\u00e9lja, hogy k\u00e9nyelmes, biztons\u00e1gos \u00e9s j\u00f3l szervezett utaz\u00e1st biztos\u00edtson \u00d6nnek, f\u00fcggetlen\u00fcl att\u00f3l, hogy szabadid\u0151s c\u00e9lb\u00f3l, rendezv\u00e9nyre vagy \u00fczleti \u00fcgyben utazik.\t\t\t\t\t\t\t\t<\/div>\n\t\t\t\t<div class=\"elementor-element elementor-element-f998bee elementor-widget elementor-widget-heading\" data-id=\"f998bee\" data-element_type=\"widget\" data-e-type=\"widget\" data-widget_type=\"heading.default\">\n\t\t\t\t\t<h3 class=\"elementor-heading-title elementor-size-default\">K\u00fcl\u00f6nb\u00f6z\u0151 csoportokhoz val\u00f3 alkalmazkod\u00f3k\u00e9pess\u00e9g<\/h3>\t\t\t\t<\/div>\n\t\t\t\t<div class=\"elementor-element elementor-element-7f980eb elementor-widget elementor-widget-text-editor\" data-id=\"7f980eb\" data-element_type=\"widget\" data-e-type=\"widget\" data-widget_type=\"text-editor.default\">\n\t\t\t\t\t\t\t\t\tMinibuszaink t\u00f6k\u00e9letes v\u00e1laszt\u00e1st jelentenek utaz\u00e1si irod\u00e1k, csal\u00e1dok, bar\u00e1ti t\u00e1rsas\u00e1gok, c\u00e9gek, rendezv\u00e9nyszervez\u0151k \u00e9s olyan szolg\u00e1ltat\u00f3k sz\u00e1m\u00e1ra, akik rendszeres, professzion\u00e1lis sz\u00e1ll\u00edt\u00e1st keresnek. Az idegenforgalmi \u00e1gazatban rugalmas \u00fatvonalakat, ig\u00e9ny szerinti meg\u00e1ll\u00e1sokat \u00e9s tapasztalt sof\u0151r\u00f6ket k\u00edn\u00e1lunk, akik az alb\u00e1n utak minden szakasz\u00e1t ismerik. A rendezv\u00e9nyiparban gondoskodunk arr\u00f3l, hogy a csoportos sz\u00e1ll\u00edt\u00e1s z\u00f6kken\u0151mentesen zajl\u00f3djon \u2013 esk\u00fcv\u0151kt\u0151l \u00e9s c\u00e9ges rendezv\u00e9nyekt\u0151l kezdve koncertekig, konferenci\u00e1kig, csal\u00e1di \u00fcnneps\u00e9gekig \u00e9s sportesem\u00e9nyekig.\t\t\t\t\t\t\t\t<\/div>\n\t\t\t\t<div class=\"elementor-element elementor-element-3f29037 elementor-widget elementor-widget-heading\" data-id=\"3f29037\" data-element_type=\"widget\" data-e-type=\"widget\" data-widget_type=\"heading.default\">\n\t\t\t\t\t<h3 class=\"elementor-heading-title elementor-size-default\">Minibusz-b\u00e9rl\u00e9s Tiran\u00e1ban \u00e9s k\u00f6rny\u00e9k\u00e9n.<br><\/h3>\t\t\t\t<\/div>\n\t\t\t\t<div class=\"elementor-element elementor-element-8a03359 elementor-widget elementor-widget-text-editor\" data-id=\"8a03359\" data-element_type=\"widget\" data-e-type=\"widget\" data-widget_type=\"text-editor.default\">\n\t\t\t\t\t\t\t\t\tMinibusz-b\u00e9rl\u00e9si szolg\u00e1ltat\u00e1sunk Alb\u00e1nia f\u0151bb v\u00e1rosaira terjed ki, ide\u00e9rtve Tiran\u00e1t, Durr\u00ebszt, Shkod\u00ebrt, Vlor\u00e9t, Sarand\u00e1t, Beratot, Gjirokastr\u00e1t, Kor\u00e7\u00e1t, Elbasant \u00e9s Lezh\u00e9t. A tir\u00e1nai rep\u00fcl\u0151t\u00e9rt\u0151l a d\u00e9li partig vagy a m\u00fazeumv\u00e1rosokig biztons\u00e1gos transzfert k\u00edn\u00e1lunk, az \u00d6n\u00f6k menetrendj\u00e9hez \u00e9s ig\u00e9nyeihez igazodva.\t\t\t\t\t\t\t\t<\/div>\n\t\t\t\t<div class=\"elementor-element elementor-element-cc8576f elementor-widget elementor-widget-heading\" data-id=\"cc8576f\" data-element_type=\"widget\" data-e-type=\"widget\" data-widget_type=\"heading.default\">\n\t\t\t\t\t<h3 class=\"elementor-heading-title elementor-size-default\">Hivat\u00e1sos j\u00e1rm\u0171vezet\u0151k \u00e9s a biztons\u00e1gos utaz\u00e1s<\/h3>\t\t\t\t<\/div>\n\t\t\t\t<div class=\"elementor-element elementor-element-b75389e elementor-widget elementor-widget-text-editor\" data-id=\"b75389e\" data-element_type=\"widget\" data-e-type=\"widget\" data-widget_type=\"text-editor.default\">\n\t\t\t\t\t\t\t\t\tMinden utaz\u00e1st olyan profi, k\u00e9pzett sof\u0151r\u00f6k vezetnek, akik rendelkeznek az \u00f6sszes sz\u00fcks\u00e9ges enged\u00e9llyel. Minibuszaink k\u00e9nyelmet, l\u00e9gkondicion\u00e1l\u00e1st, csomagt\u00e9rrel \u00e9s teljes k\u00f6r\u0171 utaz\u00e1si \u00e9lm\u00e9nyt garant\u00e1lnak, \u00edgy minden \u00fat z\u00f6kken\u0151mentes \u00e9s \u00e9lvezetes lesz.\t\t\t\t\t\t\t\t<\/div>\n\t\t\t\t<div class=\"elementor-element elementor-element-636ac8c elementor-widget elementor-widget-heading\" data-id=\"636ac8c\" data-element_type=\"widget\" data-e-type=\"widget\" data-widget_type=\"heading.default\">\n\t\t\t\t\t<h3 class=\"elementor-heading-title elementor-size-default\">Mi\u00e9rt a minibus.al?<\/h3>\t\t\t\t<\/div>\n\t\t\t\t<div class=\"elementor-element elementor-element-07ca6b1 elementor-widget elementor-widget-text-editor\" data-id=\"07ca6b1\" data-element_type=\"widget\" data-e-type=\"widget\" data-widget_type=\"text-editor.default\">\n\t\t\t\t\t\t\t\t\tTiszt\u00e1ban vagyunk azzal, hogy minden utaz\u00e1snak megvannak a maga saj\u00e1tos ig\u00e9nyei. \u00c9ppen ez\u00e9rt kis \u00e9s nagy csoportok sz\u00e1m\u00e1ra egyar\u00e1nt k\u00edn\u00e1lunk minibuszokat, szem\u00e9lyre szabott \u00fatvonalakat \u00e9s szakszer\u0171en k\u00e9pzett sof\u0151r\u00f6ket. A biztons\u00e1g, a k\u00e9nyelem \u00e9s a professzionalizmus alapelveink, amelyek minden utas sz\u00e1m\u00e1ra kellemes \u00e9s nyugodt \u00e9lm\u00e9nyt biztos\u00edtanak.\t\t\t\t\t\t\t\t<\/div>\n\t\t\t\t<div class=\"elementor-element elementor-element-911e7de elementor-widget elementor-widget-image\" data-id=\"911e7de\" data-element_type=\"widget\" data-e-type=\"widget\" data-widget_type=\"image.default\">\n\t\t\t\t\t\t\t\t\t\t\t\t\t\t\t<img fetchpriority=\"high\" decoding=\"async\" width=\"800\" height=\"560\" src=\"https:\/\/minibus.al\/wp-content\/uploads\/2024\/01\/Crop800x600-landscape.jpeg\" class=\"attachment-large size-large wp-image-988653\" alt=\"\" srcset=\"https:\/\/minibus.al\/wp-content\/uploads\/2024\/01\/Crop800x600-landscape.jpeg 800w, https:\/\/minibus.al\/wp-content\/uploads\/2024\/01\/Crop800x600-landscape-600x420.jpeg 600w, https:\/\/minibus.al\/wp-content\/uploads\/2024\/01\/Crop800x600-landscape-300x210.jpeg 300w, https:\/\/minibus.al\/wp-content\/uploads\/2024\/01\/Crop800x600-landscape-768x538.jpeg 768w, https:\/\/minibus.al\/wp-content\/uploads\/2024\/01\/Crop800x600-landscape-630x441.jpeg 630w, https:\/\/minibus.al\/wp-content\/uploads\/2024\/01\/Crop800x600-landscape-420x294.jpeg 420w, https:\/\/minibus.al\/wp-content\/uploads\/2024\/01\/Crop800x600-landscape-315x221.jpeg 315w\" sizes=\"(max-width: 800px) 100vw, 800px\" title=\"\">\t\t\t\t\t\t\t\t\t\t\t\t\t\t\t<\/div>\n\t\t\t\t<div class=\"elementor-element elementor-element-89ea343 elementor-widget elementor-widget-heading\" data-id=\"89ea343\" data-element_type=\"widget\" data-e-type=\"widget\" data-widget_type=\"heading.default\">\n\t\t\t\t\t<h3 class=\"elementor-heading-title elementor-size-default\">Pihen\u00e9s \u00e9s maxim\u00e1lis k\u00e9nyelem<\/h3>\t\t\t\t<\/div>\n\t\t\t\t<div class=\"elementor-element elementor-element-c34765b elementor-widget elementor-widget-text-editor\" data-id=\"c34765b\" data-element_type=\"widget\" data-e-type=\"widget\" data-widget_type=\"text-editor.default\">\n\t\t\t\t\t\t\t\t\t<p>Ha kis csoportok sz\u00e1m\u00e1ra megb\u00edzhat\u00f3, h\u00e1zt\u00f3l h\u00e1zig tart\u00f3 szolg\u00e1ltat\u00e1st keres, sof\u0151rrel ell\u00e1tott kisbuszaink az ide\u00e1lis v\u00e1laszt\u00e1s. Mi gondoskodunk minden apr\u00f3 r\u00e9szletr\u0151l \u2013 az \u00fatvonalr\u00f3l, az id\u0151beoszt\u00e1sr\u00f3l, a meg\u00e1ll\u00e1sokr\u00f3l \u00e9s a k\u00e9nyelemr\u0151l \u2013, \u00edgy \u00d6n kiz\u00e1r\u00f3lag az utaz\u00e1sra \u00e9s az \u00e9lm\u00e9nyre koncentr\u00e1lhat.<\/p>\t\t\t\t\t\t\t\t<\/div>\n\t\t\t\t<\/div>\n\t\t<div class=\"elementor-element elementor-element-5053aa3 e-con-full e-flex e-con e-child\" data-id=\"5053aa3\" data-element_type=\"container\" data-e-type=\"container\">\n\t\t<div class=\"elementor-element elementor-element-d7f78a8 e-flex e-con-boxed e-con e-child\" data-id=\"d7f78a8\" data-element_type=\"container\" data-e-type=\"container\" data-settings=\"{&quot;background_background&quot;:&quot;classic&quot;}\">\n\t\t\t\t\t<div class=\"e-con-inner\">\n\t\t\t\t<div class=\"elementor-element elementor-element-dbfdd6b elementor-widget__width-auto elementor-widget elementor-widget-heading\" data-id=\"dbfdd6b\" data-element_type=\"widget\" data-e-type=\"widget\" data-widget_type=\"heading.default\">\n\t\t\t\t\t<h3 class=\"elementor-heading-title elementor-size-default\">10% kedvezm\u00e9ny<\/h3>\t\t\t\t<\/div>\n\t\t\t\t<div class=\"elementor-element elementor-element-8915590 elementor-widget__width-auto elementor-widget elementor-widget-heading\" data-id=\"8915590\" data-element_type=\"widget\" data-e-type=\"widget\" data-widget_type=\"heading.default\">\n\t\t\t\t\t<div class=\"elementor-heading-title elementor-size-default\">Ak\u00e1r 10% kedvezm\u00e9ny foglal\u00e1sonk\u00e9nt 2026. m\u00e1jus 31-ig!<\/div>\t\t\t\t<\/div>\n\t\t\t\t\t<\/div>\n\t\t\t\t<\/div>\n\t\t<div class=\"elementor-element elementor-element-5681020 e-con-full e-flex e-con e-child\" data-id=\"5681020\" data-element_type=\"container\" data-e-type=\"container\">\n\t\t\t\t<div class=\"elementor-element elementor-element-bab86e4 elementor-widget__width-initial elementor-widget elementor-widget-heading\" data-id=\"bab86e4\" data-element_type=\"widget\" data-e-type=\"widget\" data-widget_type=\"heading.default\">\n\t\t\t\t\t<h3 class=\"elementor-heading-title elementor-size-default\"><a href=\"https:\/\/minibus.al\/hu\/minibus-me-qira-me-shofer-per-ekskursion\/\">Minibusz-b\u00e9rl\u00e9s turisztikai c\u00e9lokra<\/a><\/h3>\t\t\t\t<\/div>\n\t\t\t\t<\/div>\n\t\t<div class=\"elementor-element elementor-element-aa61225 e-con-full e-flex e-con e-child\" data-id=\"aa61225\" data-element_type=\"container\" data-e-type=\"container\">\n\t\t\t\t<div class=\"elementor-element elementor-element-f9f6754 elementor-widget__width-initial elementor-widget elementor-widget-heading\" data-id=\"f9f6754\" data-element_type=\"widget\" data-e-type=\"widget\" data-widget_type=\"heading.default\">\n\t\t\t\t\t<h3 class=\"elementor-heading-title elementor-size-default\"><a href=\"https:\/\/minibus.al\/hu\/minibusz-berles-soforrel-rendezvenyekhez\/\">Minibusz b\u00e9rl\u00e9s rendezv\u00e9nyekhez<\/a><\/h3>\t\t\t\t<\/div>\n\t\t\t\t<\/div>\n\t\t<div class=\"elementor-element elementor-element-36b1fbe e-con-full e-flex e-con e-child\" data-id=\"36b1fbe\" data-element_type=\"container\" data-e-type=\"container\">\n\t\t\t\t<div class=\"elementor-element elementor-element-8ec7acc elementor-widget__width-initial elementor-widget elementor-widget-heading\" data-id=\"8ec7acc\" data-element_type=\"widget\" data-e-type=\"widget\" data-widget_type=\"heading.default\">\n\t\t\t\t\t<h3 class=\"elementor-heading-title elementor-size-default\"><a href=\"https:\/\/minibus.al\/hu\/minibusz-berles-a-tiranai-repuloteren\/\">Mag\u00e1nrep\u00fcl\u0151t\u00e9ri transzfer<\/a><\/h3>\t\t\t\t<\/div>\n\t\t\t\t<\/div>\n\t\t\t\t<\/div>\n\t\t\t\t\t<\/div>\n\t\t\t\t<\/div>\n\t\t\t\t<\/div>","protected":false},"excerpt":{"rendered":"<p>Minibus me qira me shofer n\u00eb Shqip\u00ebri \u2013 deri n\u00eb 8 pasagjer\u00eb Rezervo tani minibus me shofer n\u00eb Shqip\u00ebri p\u00ebr grupe deri n\u00eb 8 persona. Transport i sigurt dhe i komod n\u00eb Tiran\u00eb, Durr\u00ebs, Shkod\u00ebr dhe destinacione t\u00eb tjera p\u00ebr turiz\u00ebm, evente dhe udh\u00ebtime biznesi.Ne ofrojm\u00eb sh\u00ebrbimin e minibuseve me qira me shofer n\u00eb t\u00eb [&hellip;]<\/p>\n","protected":false},"author":1,"featured_media":988710,"parent":988966,"menu_order":0,"comment_status":"closed","ping_status":"closed","template":"","meta":{"footnotes":""},"class_list":["post-988961","page","type-page","status-publish","has-post-thumbnail","hentry"],"_links":{"self":[{"href":"https:\/\/minibus.al\/hu\/wp-json\/wp\/v2\/pages\/988961","targetHints":{"allow":["GET"]}}],"collection":[{"href":"https:\/\/minibus.al\/hu\/wp-json\/wp\/v2\/pages"}],"about":[{"href":"https:\/\/minibus.al\/hu\/wp-json\/wp\/v2\/types\/page"}],"author":[{"embeddable":true,"href":"https:\/\/minibus.al\/hu\/wp-json\/wp\/v2\/users\/1"}],"replies":[{"embeddable":true,"href":"https:\/\/minibus.al\/hu\/wp-json\/wp\/v2\/comments?post=988961"}],"version-history":[{"count":14,"href":"https:\/\/minibus.al\/hu\/wp-json\/wp\/v2\/pages\/988961\/revisions"}],"predecessor-version":[{"id":989006,"href":"https:\/\/minibus.al\/hu\/wp-json\/wp\/v2\/pages\/988961\/revisions\/989006"}],"up":[{"embeddable":true,"href":"https:\/\/minibus.al\/hu\/wp-json\/wp\/v2\/pages\/988966"}],"wp:featuredmedia":[{"embeddable":true,"href":"https:\/\/minibus.al\/hu\/wp-json\/wp\/v2\/media\/988710"}],"wp:attachment":[{"href":"https:\/\/minibus.al\/hu\/wp-json\/wp\/v2\/media?parent=988961"}],"curies":[{"name":"wp","href":"https:\/\/api.w.org\/{rel}","templated":true}]}}