{"id":988882,"date":"2025-10-17T18:38:51","date_gmt":"2025-10-17T18:38:51","guid":{"rendered":"https:\/\/minibus.al\/?page_id=988882"},"modified":"2025-10-17T18:44:38","modified_gmt":"2025-10-17T18:44:38","slug":"minibusz-berles-soforrel-shkoderben","status":"publish","type":"page","link":"https:\/\/minibus.al\/hu\/minibus-me-qira-me-shofer-ne-shkoder\/","title":{"rendered":"Minibusz b\u00e9rl\u00e9s sof\u0151rrel Shkod\u00ebrben."},"content":{"rendered":"<div data-elementor-type=\"wp-page\" data-elementor-id=\"988882\" class=\"elementor elementor-988882\">\n\t\t\t\t<div class=\"elementor-element elementor-element-3eb81e3 e-flex e-con-boxed e-con e-parent\" data-id=\"3eb81e3\" data-element_type=\"container\" data-e-type=\"container\" data-settings=\"{&quot;background_background&quot;:&quot;classic&quot;}\">\n\t\t\t\t\t<div class=\"e-con-inner\">\n\t\t<div class=\"elementor-element elementor-element-a9c2e8c e-con-full e-flex e-con e-child\" data-id=\"a9c2e8c\" data-element_type=\"container\" data-e-type=\"container\">\n\t\t\t\t<div class=\"elementor-element elementor-element-690a1bf elementor-widget elementor-widget-heading\" data-id=\"690a1bf\" data-element_type=\"widget\" data-e-type=\"widget\" data-widget_type=\"heading.default\">\n\t\t\t\t\t<h1 class=\"elementor-heading-title elementor-size-default\">Minibusz b\u00e9rl\u00e9s sof\u0151rrel Shkod\u00ebrben.\n<\/h1>\t\t\t\t<\/div>\n\t\t\t\t<\/div>\n\t\t\t\t\t<\/div>\n\t\t\t\t<\/div>\n\t\t<div class=\"elementor-element elementor-element-205d263 e-flex e-con-boxed e-con e-parent\" data-id=\"205d263\" data-element_type=\"container\" data-e-type=\"container\" data-settings=\"{&quot;background_background&quot;:&quot;classic&quot;}\">\n\t\t\t\t\t<div class=\"e-con-inner\">\n\t\t<div class=\"elementor-element elementor-element-344d019 e-con-full e-flex e-con e-child\" data-id=\"344d019\" data-element_type=\"container\" data-e-type=\"container\">\n\t\t\t\t<div class=\"elementor-element elementor-element-987ead1 elementor-widget elementor-widget-text-editor\" data-id=\"987ead1\" data-element_type=\"widget\" data-e-type=\"widget\" data-widget_type=\"text-editor.default\">\n\t\t\t\t\t\t\t\t\tHa van egyszer\u0171, k\u00e9nyelmes \u00e9s praktikus m\u00f3dja \u00c9szak-Alb\u00e1nia sz\u00e9ps\u00e9geinek felfedez\u00e9s\u00e9re, az k\u00e9ts\u00e9gk\u00edv\u00fcl egy sof\u0151rrel b\u00e9relhet\u0151 kisbusz Shkod\u00ebrben. Egy olyan v\u00e1rosban, ahol a t\u00f6rt\u00e9nelem, a kult\u00fara \u00e9s az Alpok vad sz\u00e9ps\u00e9ge \u00f6tv\u00f6z\u0151dik, a szervezett k\u00f6zleked\u00e9s \u00e9s egy tapasztalt sof\u0151r megl\u00e9te olyan megk\u00f6nnyebb\u00fcl\u00e9s, amely mindent megv\u00e1ltoztat.\t\t\t\t\t\t\t\t<\/div>\n\t\t\t\t<div class=\"elementor-element elementor-element-3148f1d elementor-widget elementor-widget-heading\" data-id=\"3148f1d\" data-element_type=\"widget\" data-e-type=\"widget\" data-widget_type=\"heading.default\">\n\t\t\t\t\t<h3 class=\"elementor-heading-title elementor-size-default\">Mi\u00e9rt \u00e9rdemes sof\u0151rrel b\u00e9relni minibuszot Shkod\u00ebrben?<\/h3>\t\t\t\t<\/div>\n\t\t\t\t<div class=\"elementor-element elementor-element-8ea637f elementor-widget elementor-widget-text-editor\" data-id=\"8ea637f\" data-element_type=\"widget\" data-e-type=\"widget\" data-widget_type=\"text-editor.default\">\n\t\t\t\t\t\t\t\t\tSzkodra nem csup\u00e1n egy v\u00e1ros, hanem a kalandok kapuja. A Szkodra-t\u00f3t\u00f3l \u00e9s a Rozafa-kast\u00e9lyt\u00f3l kezdve a Thethbe vagy Valbon\u00e1ba vezet\u0151 hegyi utakon \u00e1t az \u00fat megk\u00f6veteli a j\u00f3 szervez\u00e9st, a biztons\u00e1got \u00e9s egy olyan szem\u00e9lyt, aki j\u00f3l ismeri a terepet.\nA helyi sof\u0151r t\u00f6bb, mint egyszer\u0171 sof\u0151r \u2013 \u0151 egy csendes idegenvezet\u0151, aki ismer minden kanyart, minden pihen\u0151helyet, minden kis sik\u00e1tort, ahol meg\u00e1llhatunk egy hagyom\u00e1nyos k\u00e1v\u00e9ra vagy k\u00e9sz\u00edthet\u00fcnk egy fot\u00f3t, amit egyetlen idegenvezet\u0151 sem tudna aj\u00e1nlani.\t\t\t\t\t\t\t\t<\/div>\n\t\t\t\t<div class=\"elementor-element elementor-element-0f5c701 elementor-widget elementor-widget-heading\" data-id=\"0f5c701\" data-element_type=\"widget\" data-e-type=\"widget\" data-widget_type=\"heading.default\">\n\t\t\t\t\t<h3 class=\"elementor-heading-title elementor-size-default\">K\u00e9nyelem minden csoport \u00e9s \u00fati c\u00e9l sz\u00e1m\u00e1ra.<\/h3>\t\t\t\t<\/div>\n\t\t\t\t<div class=\"elementor-element elementor-element-4ed6aaa elementor-widget elementor-widget-text-editor\" data-id=\"4ed6aaa\" data-element_type=\"widget\" data-e-type=\"widget\" data-widget_type=\"text-editor.default\">\n\t\t\t\t\t\t\t\t\tA kisbuszok ide\u00e1lisak bar\u00e1ti t\u00e1rsas\u00e1gok, csal\u00e1dok vagy munkat\u00e1rsak sz\u00e1m\u00e1ra, akik egy\u00fctt szeretn\u00e9nek utazni an\u00e9lk\u00fcl, hogy t\u00f6bb aut\u00f3 \u00f6sszehangol\u00e1s\u00e1val kellene bajl\u00f3dniuk.\nL\u00e9gkondicion\u00e1l\u00f3val, k\u00e9nyelmes \u00fcl\u00e9sekkel, b\u0151s\u00e9ges csomagt\u00e9rrel \u00e9s Wi-Fi-vel felszerelve ezek a j\u00e1rm\u0171vek z\u00f6kken\u0151mentes utaz\u00e1st biztos\u00edtanak, legyen sz\u00f3 transzferr\u0151l a tir\u00e1nai rep\u00fcl\u0151t\u00e9rr\u0151l, egynapos kir\u00e1ndul\u00e1sr\u00f3l az Alpokba vagy t\u00f6bbnapos utaz\u00e1sr\u00f3l \u00c9szak-Alb\u00e1ni\u00e1ban.\t\t\t\t\t\t\t\t<\/div>\n\t\t\t\t<div class=\"elementor-element elementor-element-b43ba81 elementor-widget elementor-widget-heading\" data-id=\"b43ba81\" data-element_type=\"widget\" data-e-type=\"widget\" data-widget_type=\"heading.default\">\n\t\t\t\t\t<h3 class=\"elementor-heading-title elementor-size-default\">Tapasztalt \u00e9s megb\u00edzhat\u00f3 sof\u0151r\u00f6k<\/h3>\t\t\t\t<\/div>\n\t\t\t\t<div class=\"elementor-element elementor-element-3869852 elementor-widget elementor-widget-text-editor\" data-id=\"3869852\" data-element_type=\"widget\" data-e-type=\"widget\" data-widget_type=\"text-editor.default\">\n\t\t\t\t\t\t\t\t\tAz \u00e9szaki hegyi utakon a sof\u0151r tapasztalata rendk\u00edv\u00fcl fontos. A Shkodr\u00e1b\u00f3l sz\u00e1rmaz\u00f3 profi sof\u0151r\u00f6k az \u00fatvonal minden r\u00e9szlet\u00e9t ismerik \u2013 a forgalomt\u00f3l \u00e9s az alternat\u00edv \u00fatvonalakt\u00f3l kezdve a legjobb eb\u00e9dsz\u00fcneti helyekig vagy a panor\u00e1mak\u00e9pek k\u00e9sz\u00edt\u00e9s\u00e9re alkalmas helyekig. Ezen fel\u00fcl mindig udvariasak, pontosak \u00e9s rugalmasan alkalmazkodnak az utaz\u00f3k ig\u00e9nyeihez.\t\t\t\t\t\t\t\t<\/div>\n\t\t\t\t<div class=\"elementor-element elementor-element-41768af elementor-widget elementor-widget-heading\" data-id=\"41768af\" data-element_type=\"widget\" data-e-type=\"widget\" data-widget_type=\"heading.default\">\n\t\t\t\t\t<h3 class=\"elementor-heading-title elementor-size-default\">Ide\u00e1lis turist\u00e1k, utaz\u00e1si irod\u00e1k \u00e9s helyi csoportok sz\u00e1m\u00e1ra<\/h3>\t\t\t\t<\/div>\n\t\t\t\t<div class=\"elementor-element elementor-element-1a27095 elementor-widget elementor-widget-text-editor\" data-id=\"1a27095\" data-element_type=\"widget\" data-e-type=\"widget\" data-widget_type=\"text-editor.default\">\n\t\t\t\t\t\t\t\t\tAk\u00e1r autentikus \u00e9lm\u00e9nyre v\u00e1gy\u00f3 turist\u00e1k, ak\u00e1r utaz\u00e1sszervez\u0151 vagy csapatok sz\u00e1ll\u00edt\u00e1s\u00e1ra szorul\u00f3 v\u00e1llalkoz\u00e1s vagytok, a sof\u0151rrel ell\u00e1tott kisbusz b\u00e9rl\u00e9se a legokosabb v\u00e1laszt\u00e1s.\nNem kell agg\u00f3dnia a parkol\u00e1s, az \u00fczemanyag vagy az esetlegesen nehezen j\u00e1rhat\u00f3 utak miatt \u2013 minden apr\u00f3 r\u00e9szletr\u0151l gondoskodunk \u00d6n helyett.\t\t\t\t\t\t\t\t<\/div>\n\t\t\t\t<div class=\"elementor-element elementor-element-5caf2cc elementor-widget elementor-widget-heading\" data-id=\"5caf2cc\" data-element_type=\"widget\" data-e-type=\"widget\" data-widget_type=\"heading.default\">\n\t\t\t\t\t<h3 class=\"elementor-heading-title elementor-size-default\">Mi\u00e9rt a minibus.al?<\/h3>\t\t\t\t<\/div>\n\t\t\t\t<div class=\"elementor-element elementor-element-5ad1945 elementor-view-stacked elementor-position-inline-start elementor-mobile-position-inline-start elementor-shape-circle elementor-widget elementor-widget-icon-box\" data-id=\"5ad1945\" data-element_type=\"widget\" data-e-type=\"widget\" data-widget_type=\"icon-box.default\">\n\t\t\t\t\t\t\t<div class=\"elementor-icon-box-wrapper\">\n\n\t\t\t\t\t\t<div class=\"elementor-icon-box-icon\">\n\t\t\t\t<span  class=\"elementor-icon\">\n\t\t\t\t<svg aria-hidden=\"true\" class=\"e-font-icon-svg e-fas-check\" viewbox=\"0 0 512 512\" xmlns=\"http:\/\/www.w3.org\/2000\/svg\"><path d=\"M173.898 439.404l-166.4-166.4c-9.997-9.997-9.997-26.206 0-36.204l36.203-36.204c9.997-9.998 26.207-9.998 36.204 0L192 312.69 432.095 72.596c9.997-9.997 26.207-9.997 36.204 0l36.203 36.204c9.997 9.997 9.997 26.206 0 36.204l-294.4 294.401c-9.998 9.997-26.207 9.997-36.204-.001z\"><\/path><\/svg>\t\t\t\t<\/span>\n\t\t\t<\/div>\n\t\t\t\n\t\t\t\t\t\t<div class=\"elementor-icon-box-content\">\n\n\t\t\t\t\t\t\t\t\t<h3 class=\"elementor-icon-box-title\">\n\t\t\t\t\t\t<span  >\n\t\t\t\t\t\t\t\u00c1tl\u00e1that\u00f3 \u00e1rak, rejtett d\u00edjak \u00e9s fel\u00e1rak n\u00e9lk\u00fcl.\t\t\t\t\t\t<\/span>\n\t\t\t\t\t<\/h3>\n\t\t\t\t\n\t\t\t\t\n\t\t\t<\/div>\n\t\t\t\n\t\t<\/div>\n\t\t\t\t\t\t<\/div>\n\t\t\t\t<div class=\"elementor-element elementor-element-0e0518c elementor-view-stacked elementor-position-inline-start elementor-mobile-position-inline-start elementor-shape-circle elementor-widget elementor-widget-icon-box\" data-id=\"0e0518c\" data-element_type=\"widget\" data-e-type=\"widget\" data-widget_type=\"icon-box.default\">\n\t\t\t\t\t\t\t<div class=\"elementor-icon-box-wrapper\">\n\n\t\t\t\t\t\t<div class=\"elementor-icon-box-icon\">\n\t\t\t\t<span  class=\"elementor-icon\">\n\t\t\t\t<svg aria-hidden=\"true\" class=\"e-font-icon-svg e-fas-check\" viewbox=\"0 0 512 512\" xmlns=\"http:\/\/www.w3.org\/2000\/svg\"><path d=\"M173.898 439.404l-166.4-166.4c-9.997-9.997-9.997-26.206 0-36.204l36.203-36.204c9.997-9.998 26.207-9.998 36.204 0L192 312.69 432.095 72.596c9.997-9.997 26.207-9.997 36.204 0l36.203 36.204c9.997 9.997 9.997 26.206 0 36.204l-294.4 294.401c-9.998 9.997-26.207 9.997-36.204-.001z\"><\/path><\/svg>\t\t\t\t<\/span>\n\t\t\t<\/div>\n\t\t\t\n\t\t\t\t\t\t<div class=\"elementor-icon-box-content\">\n\n\t\t\t\t\t\t\t\t\t<h3 class=\"elementor-icon-box-title\">\n\t\t\t\t\t\t<span  >\n\t\t\t\t\t\t\tSzakmailag k\u00e9pzett, tapasztalt \u00e9s biztons\u00e1gosan vezet\u0151 sof\u0151r\u00f6k.\t\t\t\t\t\t<\/span>\n\t\t\t\t\t<\/h3>\n\t\t\t\t\n\t\t\t\t\n\t\t\t<\/div>\n\t\t\t\n\t\t<\/div>\n\t\t\t\t\t\t<\/div>\n\t\t\t\t<div class=\"elementor-element elementor-element-293364f elementor-view-stacked elementor-position-inline-start elementor-mobile-position-inline-start elementor-shape-circle elementor-widget elementor-widget-icon-box\" data-id=\"293364f\" data-element_type=\"widget\" data-e-type=\"widget\" data-widget_type=\"icon-box.default\">\n\t\t\t\t\t\t\t<div class=\"elementor-icon-box-wrapper\">\n\n\t\t\t\t\t\t<div class=\"elementor-icon-box-icon\">\n\t\t\t\t<span  class=\"elementor-icon\">\n\t\t\t\t<svg aria-hidden=\"true\" class=\"e-font-icon-svg e-fas-check\" viewbox=\"0 0 512 512\" xmlns=\"http:\/\/www.w3.org\/2000\/svg\"><path d=\"M173.898 439.404l-166.4-166.4c-9.997-9.997-9.997-26.206 0-36.204l36.203-36.204c9.997-9.998 26.207-9.998 36.204 0L192 312.69 432.095 72.596c9.997-9.997 26.207-9.997 36.204 0l36.203 36.204c9.997 9.997 9.997 26.206 0 36.204l-294.4 294.401c-9.998 9.997-26.207 9.997-36.204-.001z\"><\/path><\/svg>\t\t\t\t<\/span>\n\t\t\t<\/div>\n\t\t\t\n\t\t\t\t\t\t<div class=\"elementor-icon-box-content\">\n\n\t\t\t\t\t\t\t\t\t<h3 class=\"elementor-icon-box-title\">\n\t\t\t\t\t\t<span  >\n\t\t\t\t\t\t\tEgyszer\u0171 \u00e9s biztons\u00e1gos online foglal\u00e1s, a nap 24 \u00f3r\u00e1j\u00e1ban el\u00e9rhet\u0151.\t\t\t\t\t\t<\/span>\n\t\t\t\t\t<\/h3>\n\t\t\t\t\n\t\t\t\t\n\t\t\t<\/div>\n\t\t\t\n\t\t<\/div>\n\t\t\t\t\t\t<\/div>\n\t\t\t\t<div class=\"elementor-element elementor-element-c7b921c elementor-widget elementor-widget-image\" data-id=\"c7b921c\" data-element_type=\"widget\" data-e-type=\"widget\" data-widget_type=\"image.default\">\n\t\t\t\t\t\t\t\t\t\t\t\t\t\t\t<img fetchpriority=\"high\" decoding=\"async\" width=\"800\" height=\"560\" src=\"https:\/\/minibus.al\/wp-content\/uploads\/2024\/01\/01-landscape.jpg\" class=\"attachment-large size-large wp-image-988652\" alt=\"\" srcset=\"https:\/\/minibus.al\/wp-content\/uploads\/2024\/01\/01-landscape.jpg 893w, https:\/\/minibus.al\/wp-content\/uploads\/2024\/01\/01-landscape-600x420.jpg 600w, https:\/\/minibus.al\/wp-content\/uploads\/2024\/01\/01-landscape-300x210.jpg 300w, https:\/\/minibus.al\/wp-content\/uploads\/2024\/01\/01-landscape-768x538.jpg 768w, https:\/\/minibus.al\/wp-content\/uploads\/2024\/01\/01-landscape-630x441.jpg 630w, https:\/\/minibus.al\/wp-content\/uploads\/2024\/01\/01-landscape-420x294.jpg 420w, https:\/\/minibus.al\/wp-content\/uploads\/2024\/01\/01-landscape-840x588.jpg 840w, https:\/\/minibus.al\/wp-content\/uploads\/2024\/01\/01-landscape-315x220.jpg 315w\" sizes=\"(max-width: 800px) 100vw, 800px\" title=\"\">\t\t\t\t\t\t\t\t\t\t\t\t\t\t\t<\/div>\n\t\t\t\t<div class=\"elementor-element elementor-element-2544499 elementor-widget elementor-widget-text-editor\" data-id=\"2544499\" data-element_type=\"widget\" data-e-type=\"widget\" data-widget_type=\"text-editor.default\">\n\t\t\t\t\t\t\t\t\tMinibusz sof\u0151rrel val\u00f3 b\u00e9rl\u00e9se Shkod\u00ebrben nem csup\u00e1n egy k\u00f6zleked\u00e9si szolg\u00e1ltat\u00e1s \u2013 ez a legjobb m\u00f3dja annak, hogy k\u00e9nyelmesen, biztons\u00e1gosan \u00e9s st\u00edlusosan fedezze fel \u00c9szak-Alb\u00e1ni\u00e1t.\t\t\t\t\t\t\t\t<\/div>\n\t\t\t\t<\/div>\n\t\t<div class=\"elementor-element elementor-element-4d90f73 e-con-full e-flex e-con e-child\" data-id=\"4d90f73\" data-element_type=\"container\" data-e-type=\"container\">\n\t\t<div class=\"elementor-element elementor-element-cc1afe9 e-flex e-con-boxed e-con e-child\" data-id=\"cc1afe9\" data-element_type=\"container\" data-e-type=\"container\" data-settings=\"{&quot;background_background&quot;:&quot;classic&quot;}\">\n\t\t\t\t\t<div class=\"e-con-inner\">\n\t\t\t\t<div class=\"elementor-element elementor-element-c002388 elementor-widget__width-auto elementor-widget elementor-widget-heading\" data-id=\"c002388\" data-element_type=\"widget\" data-e-type=\"widget\" data-widget_type=\"heading.default\">\n\t\t\t\t\t<h3 class=\"elementor-heading-title elementor-size-default\">10% kedvezm\u00e9ny<\/h3>\t\t\t\t<\/div>\n\t\t\t\t<div class=\"elementor-element elementor-element-b8863f6 elementor-widget__width-auto elementor-widget elementor-widget-heading\" data-id=\"b8863f6\" data-element_type=\"widget\" data-e-type=\"widget\" data-widget_type=\"heading.default\">\n\t\t\t\t\t<div class=\"elementor-heading-title elementor-size-default\">Ak\u00e1r 10% kedvezm\u00e9ny foglal\u00e1sonk\u00e9nt 2026. m\u00e1jus 31-ig!<\/div>\t\t\t\t<\/div>\n\t\t\t\t\t<\/div>\n\t\t\t\t<\/div>\n\t\t<div class=\"elementor-element elementor-element-c5ef137 e-con-full e-flex e-con e-child\" data-id=\"c5ef137\" data-element_type=\"container\" data-e-type=\"container\">\n\t\t\t\t<div class=\"elementor-element elementor-element-cba866c elementor-widget__width-initial elementor-widget elementor-widget-image\" data-id=\"cba866c\" data-element_type=\"widget\" data-e-type=\"widget\" data-widget_type=\"image.default\">\n\t\t\t\t\t\t\t\t\t\t\t\t\t\t\t\t<a href=\"#\">\n\t\t\t\t\t\t\t<img decoding=\"async\" width=\"630\" height=\"441\" src=\"https:\/\/minibus.al\/wp-content\/uploads\/2025\/10\/Transfer-416_2268_0182-landscape-630x441-1.jpg\" class=\"attachment-full size-full wp-image-988709\" alt=\"\" srcset=\"https:\/\/minibus.al\/wp-content\/uploads\/2025\/10\/Transfer-416_2268_0182-landscape-630x441-1.jpg 630w, https:\/\/minibus.al\/wp-content\/uploads\/2025\/10\/Transfer-416_2268_0182-landscape-630x441-1-600x420.jpg 600w, https:\/\/minibus.al\/wp-content\/uploads\/2025\/10\/Transfer-416_2268_0182-landscape-630x441-1-300x210.jpg 300w, https:\/\/minibus.al\/wp-content\/uploads\/2025\/10\/Transfer-416_2268_0182-landscape-630x441-1-420x294.jpg 420w, https:\/\/minibus.al\/wp-content\/uploads\/2025\/10\/Transfer-416_2268_0182-landscape-630x441-1-315x221.jpg 315w\" sizes=\"(max-width: 630px) 100vw, 630px\" title=\"\">\t\t\t\t\t\t\t\t<\/a>\n\t\t\t\t\t\t\t\t\t\t\t\t\t\t\t<\/div>\n\t\t\t\t<div class=\"elementor-element elementor-element-bcdb653 elementor-widget__width-initial elementor-widget elementor-widget-heading\" data-id=\"bcdb653\" data-element_type=\"widget\" data-e-type=\"widget\" data-widget_type=\"heading.default\">\n\t\t\t\t\t<h3 class=\"elementor-heading-title elementor-size-default\"><a href=\"#\">Mag\u00e1nrep\u00fcl\u0151t\u00e9ri transzfer<\/a><\/h3>\t\t\t\t<\/div>\n\t\t\t\t<\/div>\n\t\t<div class=\"elementor-element elementor-element-89c331f e-con-full e-flex e-con e-child\" data-id=\"89c331f\" data-element_type=\"container\" data-e-type=\"container\">\n\t\t\t\t<div class=\"elementor-element elementor-element-812ad16 elementor-widget__width-initial elementor-widget elementor-widget-image\" data-id=\"812ad16\" data-element_type=\"widget\" data-e-type=\"widget\" data-widget_type=\"image.default\">\n\t\t\t\t\t\t\t\t\t\t\t\t\t\t\t\t<a href=\"#\">\n\t\t\t\t\t\t\t<img decoding=\"async\" width=\"800\" height=\"560\" src=\"https:\/\/minibus.al\/wp-content\/uploads\/2024\/01\/Crop800x600-landscape.jpeg\" class=\"attachment-full size-full wp-image-988653\" alt=\"\" srcset=\"https:\/\/minibus.al\/wp-content\/uploads\/2024\/01\/Crop800x600-landscape.jpeg 800w, https:\/\/minibus.al\/wp-content\/uploads\/2024\/01\/Crop800x600-landscape-600x420.jpeg 600w, https:\/\/minibus.al\/wp-content\/uploads\/2024\/01\/Crop800x600-landscape-300x210.jpeg 300w, https:\/\/minibus.al\/wp-content\/uploads\/2024\/01\/Crop800x600-landscape-768x538.jpeg 768w, https:\/\/minibus.al\/wp-content\/uploads\/2024\/01\/Crop800x600-landscape-630x441.jpeg 630w, https:\/\/minibus.al\/wp-content\/uploads\/2024\/01\/Crop800x600-landscape-420x294.jpeg 420w, https:\/\/minibus.al\/wp-content\/uploads\/2024\/01\/Crop800x600-landscape-315x221.jpeg 315w\" sizes=\"(max-width: 800px) 100vw, 800px\" title=\"\">\t\t\t\t\t\t\t\t<\/a>\n\t\t\t\t\t\t\t\t\t\t\t\t\t\t\t<\/div>\n\t\t\t\t<div class=\"elementor-element elementor-element-079e581 elementor-widget__width-initial elementor-widget elementor-widget-heading\" data-id=\"079e581\" data-element_type=\"widget\" data-e-type=\"widget\" data-widget_type=\"heading.default\">\n\t\t\t\t\t<h3 class=\"elementor-heading-title elementor-size-default\"><a href=\"#\">Szem\u00e9lyes sof\u0151rrel t\u00f6rt\u00e9n\u0151 transzfer<\/a><\/h3>\t\t\t\t<\/div>\n\t\t\t\t<\/div>\n\t\t\t\t<\/div>\n\t\t\t\t\t<\/div>\n\t\t\t\t<\/div>\n\t\t\t\t<\/div>","protected":false},"excerpt":{"rendered":"<p>Minibus me qira me shofer n\u00eb Shkod\u00ebr. N\u00ebse ka nj\u00eb m\u00ebnyr\u00eb t\u00eb thjesht\u00eb, t\u00eb rehatshme dhe praktike p\u00ebr t\u00eb zbuluar bukurit\u00eb e veriut t\u00eb Shqip\u00ebris\u00eb, ajo \u00ebsht\u00eb pa dyshim udh\u00ebtimi me minibus me qira me shofer n\u00eb Shkod\u00ebr. N\u00eb nj\u00eb qytet q\u00eb nd\u00ebrthur historin\u00eb, kultur\u00ebn dhe natyr\u00ebn e eg\u00ebr t\u00eb Alpeve, t\u00eb kesh nj\u00eb transport [&hellip;]<\/p>\n","protected":false},"author":1,"featured_media":988890,"parent":0,"menu_order":0,"comment_status":"closed","ping_status":"closed","template":"","meta":{"footnotes":""},"class_list":["post-988882","page","type-page","status-publish","has-post-thumbnail","hentry"],"_links":{"self":[{"href":"https:\/\/minibus.al\/hu\/wp-json\/wp\/v2\/pages\/988882","targetHints":{"allow":["GET"]}}],"collection":[{"href":"https:\/\/minibus.al\/hu\/wp-json\/wp\/v2\/pages"}],"about":[{"href":"https:\/\/minibus.al\/hu\/wp-json\/wp\/v2\/types\/page"}],"author":[{"embeddable":true,"href":"https:\/\/minibus.al\/hu\/wp-json\/wp\/v2\/users\/1"}],"replies":[{"embeddable":true,"href":"https:\/\/minibus.al\/hu\/wp-json\/wp\/v2\/comments?post=988882"}],"version-history":[{"count":7,"href":"https:\/\/minibus.al\/hu\/wp-json\/wp\/v2\/pages\/988882\/revisions"}],"predecessor-version":[{"id":988889,"href":"https:\/\/minibus.al\/hu\/wp-json\/wp\/v2\/pages\/988882\/revisions\/988889"}],"wp:featuredmedia":[{"embeddable":true,"href":"https:\/\/minibus.al\/hu\/wp-json\/wp\/v2\/media\/988890"}],"wp:attachment":[{"href":"https:\/\/minibus.al\/hu\/wp-json\/wp\/v2\/media?parent=988882"}],"curies":[{"name":"wp","href":"https:\/\/api.w.org\/{rel}","templated":true}]}}