{"id":988853,"date":"2025-10-15T15:41:19","date_gmt":"2025-10-15T15:41:19","guid":{"rendered":"https:\/\/minibus.al\/?page_id=988853"},"modified":"2025-10-15T15:45:19","modified_gmt":"2025-10-15T15:45:19","slug":"minibusz-berles-a-tiranai-repuloteren","status":"publish","type":"page","link":"https:\/\/minibus.al\/hu\/minibus-me-qira-ne-aeroportin-e-tiranes\/","title":{"rendered":"Minibuszb\u00e9rl\u00e9s a tir\u00e1nai rep\u00fcl\u0151t\u00e9ren"},"content":{"rendered":"<div data-elementor-type=\"wp-page\" data-elementor-id=\"988853\" class=\"elementor elementor-988853\">\n\t\t\t\t<div class=\"elementor-element elementor-element-17b14b0 e-flex e-con-boxed e-con e-parent\" data-id=\"17b14b0\" data-element_type=\"container\" data-e-type=\"container\" data-settings=\"{&quot;background_background&quot;:&quot;classic&quot;}\">\n\t\t\t\t\t<div class=\"e-con-inner\">\n\t\t<div class=\"elementor-element elementor-element-da00348 e-con-full e-flex e-con e-child\" data-id=\"da00348\" data-element_type=\"container\" data-e-type=\"container\">\n\t\t\t\t<div class=\"elementor-element elementor-element-e3791e5 elementor-widget elementor-widget-heading\" data-id=\"e3791e5\" data-element_type=\"widget\" data-e-type=\"widget\" data-widget_type=\"heading.default\">\n\t\t\t\t\t<h1 class=\"elementor-heading-title elementor-size-default\">Minibuszb\u00e9rl\u00e9s a tir\u00e1nai rep\u00fcl\u0151t\u00e9ren<\/h1>\t\t\t\t<\/div>\n\t\t\t\t<div class=\"elementor-element elementor-element-98a450a elementor-widget elementor-widget-text-editor\" data-id=\"98a450a\" data-element_type=\"widget\" data-e-type=\"widget\" data-widget_type=\"text-editor.default\">\n\t\t\t\t\t\t\t\t\tFoglaljon kisbuszt a tir\u00e1nai rep\u00fcl\u0151t\u00e9ren, \u00e9s \u00e9lvezze a mag\u00e1njelleg\u0171, biztons\u00e1gos \u00e9s k\u00e9nyelmes transzfert. Szakmai sof\u0151r\u00f6k \u00e9s modern j\u00e1rm\u0171vek minden utaz\u00e1shoz.\t\t\t\t\t\t\t\t<\/div>\n\t\t\t\t<\/div>\n\t\t\t\t\t<\/div>\n\t\t\t\t<\/div>\n\t\t<div class=\"elementor-element elementor-element-f243bfa e-flex e-con-boxed e-con e-parent\" data-id=\"f243bfa\" data-element_type=\"container\" data-e-type=\"container\" data-settings=\"{&quot;background_background&quot;:&quot;classic&quot;}\">\n\t\t\t\t\t<div class=\"e-con-inner\">\n\t\t<div class=\"elementor-element elementor-element-8ce9177 e-con-full e-flex e-con e-child\" data-id=\"8ce9177\" data-element_type=\"container\" data-e-type=\"container\">\n\t\t\t\t<div class=\"elementor-element elementor-element-2fa15ea elementor-widget elementor-widget-text-editor\" data-id=\"2fa15ea\" data-element_type=\"widget\" data-e-type=\"widget\" data-widget_type=\"text-editor.default\">\n\t\t\t\t\t\t\t\t\t<p>A tir\u00e1nai rep\u00fcl\u0151t\u00e9rre \u00e9rkez\u00e9s izgalmas \u00e9lm\u00e9ny lehet, de gyakran kih\u00edv\u00e1sokkal is j\u00e1r, k\u00fcl\u00f6n\u00f6sen akkor, ha meg kell szervezni az utaz\u00e1st a c\u00e9l\u00e1llom\u00e1sig. Ilyenkor egy professzion\u00e1lis kisbusz-b\u00e9rl\u00e9si szolg\u00e1ltat\u00e1s felbecs\u00fclhetetlen seg\u00edts\u00e9get ny\u00fajt. Nemcsak a k\u00e9nyelmet \u00e9s a biztons\u00e1got garant\u00e1lja, hanem lehet\u0151v\u00e9 teszi, hogy stresszmentesen \u00e9s teljes rugalmass\u00e1ggal \u00e9lvezze az utaz\u00e1st.<\/p><p>Minibusz-b\u00e9rl\u00e9si szolg\u00e1ltat\u00e1sunk \u00faj, gondosan karbantartott j\u00e1rm\u0171veket k\u00edn\u00e1l, amelyek k\u00fcl\u00f6nf\u00e9le utascsoportok ig\u00e9nyeinek is megfelelnek. Ak\u00e1r egyed\u00fcl, csal\u00e1dj\u00e1val vagy bar\u00e1ti t\u00e1rsas\u00e1ggal utazik, minibuszaink t\u00e1gasak, k\u00e9nyelmesek \u00e9s minden sz\u00fcks\u00e9ges felszerelts\u00e9ggel rendelkeznek a kellemes utaz\u00e1shoz.<\/p><p>Az egyik legnagyobb el\u0151ny a profi sof\u0151r. K\u00e9pzett, biztons\u00e1gos \u00e9s bar\u00e1ts\u00e1gos szolg\u00e1ltat\u00e1st ny\u00fajt\u00f3 sof\u0151rjeink nem csak a j\u00e1rm\u0171 vezet\u00e9s\u00e9r\u0151l gondoskodnak, hanem az utaz\u00e1s sor\u00e1n az \u00d6n k\u00e9nyelm\u00e9r\u0151l is. Ismerik a leggyorsabb \u00e9s legbiztons\u00e1gosabb \u00fatvonalakat, \u00edgy \u00d6n gondtalanul \u00e9lvezheti az utaz\u00e1st.<\/p><p>A kisbusz lefoglal\u00e1sa \u00e9pp olyan egyszer\u0171, mint maga az utaz\u00e1s. N\u00e9h\u00e1ny kattint\u00e1ssal gondoskodhat arr\u00f3l, hogy a rep\u00fcl\u0151t\u00e9rre \u00e9rkez\u00e9skor m\u00e1r v\u00e1rjon egy j\u00e1rm\u0171, amely elviszi \u00d6nt a c\u00e9l\u00e1llom\u00e1sra. Ez nem csup\u00e1n k\u00e9nyelmet ny\u00fajt, hanem jelent\u0151s id\u0151t \u00e9s energi\u00e1t is megtakar\u00edt \u00d6nnek.<\/p><p>V\u00e9g\u00fcl is a tir\u00e1nai rep\u00fcl\u0151t\u00e9ren ig\u00e9nybe vehet\u0151 minibusz-b\u00e9rl\u00e9si szolg\u00e1ltat\u00e1s nem csup\u00e1n egy k\u00f6zleked\u00e9si eszk\u00f6z; hanem egy olyan \u00e9lm\u00e9ny, amely k\u00e9nyelmesebb\u00e9, biztons\u00e1gosabb\u00e1 \u00e9s \u00e9lvezetesebb\u00e9 teszi utaz\u00e1s\u00e1t. Minden utaz\u00f3 sz\u00e1m\u00e1ra, aki k\u00e9nyelmet, rugalmass\u00e1got \u00e9s professzion\u00e1lis szolg\u00e1ltat\u00e1st keres, ez a szolg\u00e1ltat\u00e1s az ide\u00e1lis megold\u00e1s.<\/p>\t\t\t\t\t\t\t\t<\/div>\n\t\t\t\t<div class=\"elementor-element elementor-element-cac8ca5 elementor-widget elementor-widget-heading\" data-id=\"cac8ca5\" data-element_type=\"widget\" data-e-type=\"widget\" data-widget_type=\"heading.default\">\n\t\t\t\t\t<h3 class=\"elementor-heading-title elementor-size-default\">Mi\u00e9rt a minibus.al?<\/h3>\t\t\t\t<\/div>\n\t\t\t\t<div class=\"elementor-element elementor-element-44ade06 elementor-view-stacked elementor-position-inline-start elementor-mobile-position-inline-start elementor-shape-circle elementor-widget elementor-widget-icon-box\" data-id=\"44ade06\" data-element_type=\"widget\" data-e-type=\"widget\" data-widget_type=\"icon-box.default\">\n\t\t\t\t\t\t\t<div class=\"elementor-icon-box-wrapper\">\n\n\t\t\t\t\t\t<div class=\"elementor-icon-box-icon\">\n\t\t\t\t<span  class=\"elementor-icon\">\n\t\t\t\t<svg aria-hidden=\"true\" class=\"e-font-icon-svg e-fas-check\" viewbox=\"0 0 512 512\" xmlns=\"http:\/\/www.w3.org\/2000\/svg\"><path d=\"M173.898 439.404l-166.4-166.4c-9.997-9.997-9.997-26.206 0-36.204l36.203-36.204c9.997-9.998 26.207-9.998 36.204 0L192 312.69 432.095 72.596c9.997-9.997 26.207-9.997 36.204 0l36.203 36.204c9.997 9.997 9.997 26.206 0 36.204l-294.4 294.401c-9.998 9.997-26.207 9.997-36.204-.001z\"><\/path><\/svg>\t\t\t\t<\/span>\n\t\t\t<\/div>\n\t\t\t\n\t\t\t\t\t\t<div class=\"elementor-icon-box-content\">\n\n\t\t\t\t\t\t\t\t\t<h3 class=\"elementor-icon-box-title\">\n\t\t\t\t\t\t<span  >\n\t\t\t\t\t\t\t\u00c1tl\u00e1that\u00f3 \u00e1rak, rejtett d\u00edjak \u00e9s fel\u00e1rak n\u00e9lk\u00fcl.\t\t\t\t\t\t<\/span>\n\t\t\t\t\t<\/h3>\n\t\t\t\t\n\t\t\t\t\n\t\t\t<\/div>\n\t\t\t\n\t\t<\/div>\n\t\t\t\t\t\t<\/div>\n\t\t\t\t<div class=\"elementor-element elementor-element-04fad91 elementor-view-stacked elementor-position-inline-start elementor-mobile-position-inline-start elementor-shape-circle elementor-widget elementor-widget-icon-box\" data-id=\"04fad91\" data-element_type=\"widget\" data-e-type=\"widget\" data-widget_type=\"icon-box.default\">\n\t\t\t\t\t\t\t<div class=\"elementor-icon-box-wrapper\">\n\n\t\t\t\t\t\t<div class=\"elementor-icon-box-icon\">\n\t\t\t\t<span  class=\"elementor-icon\">\n\t\t\t\t<svg aria-hidden=\"true\" class=\"e-font-icon-svg e-fas-check\" viewbox=\"0 0 512 512\" xmlns=\"http:\/\/www.w3.org\/2000\/svg\"><path d=\"M173.898 439.404l-166.4-166.4c-9.997-9.997-9.997-26.206 0-36.204l36.203-36.204c9.997-9.998 26.207-9.998 36.204 0L192 312.69 432.095 72.596c9.997-9.997 26.207-9.997 36.204 0l36.203 36.204c9.997 9.997 9.997 26.206 0 36.204l-294.4 294.401c-9.998 9.997-26.207 9.997-36.204-.001z\"><\/path><\/svg>\t\t\t\t<\/span>\n\t\t\t<\/div>\n\t\t\t\n\t\t\t\t\t\t<div class=\"elementor-icon-box-content\">\n\n\t\t\t\t\t\t\t\t\t<h3 class=\"elementor-icon-box-title\">\n\t\t\t\t\t\t<span  >\n\t\t\t\t\t\t\tSzakmailag k\u00e9pzett, tapasztalt \u00e9s biztons\u00e1gosan vezet\u0151 sof\u0151r\u00f6k.\t\t\t\t\t\t<\/span>\n\t\t\t\t\t<\/h3>\n\t\t\t\t\n\t\t\t\t\n\t\t\t<\/div>\n\t\t\t\n\t\t<\/div>\n\t\t\t\t\t\t<\/div>\n\t\t\t\t<div class=\"elementor-element elementor-element-0ecc649 elementor-view-stacked elementor-position-inline-start elementor-mobile-position-inline-start elementor-shape-circle elementor-widget elementor-widget-icon-box\" data-id=\"0ecc649\" data-element_type=\"widget\" data-e-type=\"widget\" data-widget_type=\"icon-box.default\">\n\t\t\t\t\t\t\t<div class=\"elementor-icon-box-wrapper\">\n\n\t\t\t\t\t\t<div class=\"elementor-icon-box-icon\">\n\t\t\t\t<span  class=\"elementor-icon\">\n\t\t\t\t<svg aria-hidden=\"true\" class=\"e-font-icon-svg e-fas-check\" viewbox=\"0 0 512 512\" xmlns=\"http:\/\/www.w3.org\/2000\/svg\"><path d=\"M173.898 439.404l-166.4-166.4c-9.997-9.997-9.997-26.206 0-36.204l36.203-36.204c9.997-9.998 26.207-9.998 36.204 0L192 312.69 432.095 72.596c9.997-9.997 26.207-9.997 36.204 0l36.203 36.204c9.997 9.997 9.997 26.206 0 36.204l-294.4 294.401c-9.998 9.997-26.207 9.997-36.204-.001z\"><\/path><\/svg>\t\t\t\t<\/span>\n\t\t\t<\/div>\n\t\t\t\n\t\t\t\t\t\t<div class=\"elementor-icon-box-content\">\n\n\t\t\t\t\t\t\t\t\t<h3 class=\"elementor-icon-box-title\">\n\t\t\t\t\t\t<span  >\n\t\t\t\t\t\t\tEgyszer\u0171 \u00e9s biztons\u00e1gos online foglal\u00e1s, a nap 24 \u00f3r\u00e1j\u00e1ban el\u00e9rhet\u0151.\t\t\t\t\t\t<\/span>\n\t\t\t\t\t<\/h3>\n\t\t\t\t\n\t\t\t\t\n\t\t\t<\/div>\n\t\t\t\n\t\t<\/div>\n\t\t\t\t\t\t<\/div>\n\t\t\t\t<div class=\"elementor-element elementor-element-f499d9f elementor-widget elementor-widget-image\" data-id=\"f499d9f\" data-element_type=\"widget\" data-e-type=\"widget\" data-widget_type=\"image.default\">\n\t\t\t\t\t\t\t\t\t\t\t\t\t\t\t<img fetchpriority=\"high\" decoding=\"async\" width=\"600\" height=\"430\" src=\"https:\/\/minibus.al\/wp-content\/uploads\/2025\/10\/Minibus-me-qira-tirane.webp\" class=\"attachment-full size-full wp-image-988839\" alt=\"\" srcset=\"https:\/\/minibus.al\/wp-content\/uploads\/2025\/10\/Minibus-me-qira-tirane.webp 600w, https:\/\/minibus.al\/wp-content\/uploads\/2025\/10\/Minibus-me-qira-tirane-300x215.webp 300w\" sizes=\"(max-width: 600px) 100vw, 600px\" title=\"\">\t\t\t\t\t\t\t\t\t\t\t\t\t\t\t<\/div>\n\t\t\t\t<div class=\"elementor-element elementor-element-f8adba0 elementor-widget elementor-widget-text-editor\" data-id=\"f8adba0\" data-element_type=\"widget\" data-e-type=\"widget\" data-widget_type=\"text-editor.default\">\n\t\t\t\t\t\t\t\t\t<p>A mag\u00e1nminibuszok b\u00e9rl\u00e9s\u00e9nek \u00e1ra a szolg\u00e1ltat\u00e1s \u00f3r\u00e1inak \u00e9s napjainak sz\u00e1m\u00e1t\u00f3l, valamint a minibuszok \u00e1ltal megtett t\u00e1vols\u00e1gt\u00f3l f\u00fcgg.<\/p>\t\t\t\t\t\t\t\t<\/div>\n\t\t\t\t<div class=\"elementor-element elementor-element-5b353ea elementor-widget elementor-widget-heading\" data-id=\"5b353ea\" data-element_type=\"widget\" data-e-type=\"widget\" data-widget_type=\"heading.default\">\n\t\t\t\t\t<h3 class=\"elementor-heading-title elementor-size-default\">Hogyan m\u0171k\u00f6dik?<\/h3>\t\t\t\t<\/div>\n\t\t\t\t<div class=\"elementor-element elementor-element-5b114ff elementor-widget elementor-widget-text-editor\" data-id=\"5b114ff\" data-element_type=\"widget\" data-e-type=\"widget\" data-widget_type=\"text-editor.default\">\n\t\t\t\t\t\t\t\t\t<p>A foglal\u00e1s egyszer\u0171: v\u00e1lassza ki az \u00fati c\u00e9lt, az id\u0151pontot \u00e9s a k\u00edv\u00e1nt kisbusz t\u00edpus\u00e1t. Szakmai sof\u0151r\u00fcnk a megadott helyen \u00e9s id\u0151pontban v\u00e1rja \u00d6nt, hogy k\u00e9nyelmes \u00e9s gondtalan utaz\u00e1st biztos\u00edtson.<\/p>\t\t\t\t\t\t\t\t<\/div>\n\t\t\t\t<\/div>\n\t\t<div class=\"elementor-element elementor-element-d6158fa e-con-full e-flex e-con e-child\" data-id=\"d6158fa\" data-element_type=\"container\" data-e-type=\"container\">\n\t\t<div class=\"elementor-element elementor-element-6fa629c e-flex e-con-boxed e-con e-child\" data-id=\"6fa629c\" data-element_type=\"container\" data-e-type=\"container\" data-settings=\"{&quot;background_background&quot;:&quot;classic&quot;}\">\n\t\t\t\t\t<div class=\"e-con-inner\">\n\t\t\t\t<div class=\"elementor-element elementor-element-fa0f848 elementor-widget__width-auto elementor-widget elementor-widget-heading\" data-id=\"fa0f848\" data-element_type=\"widget\" data-e-type=\"widget\" data-widget_type=\"heading.default\">\n\t\t\t\t\t<h3 class=\"elementor-heading-title elementor-size-default\">10% kedvezm\u00e9ny<\/h3>\t\t\t\t<\/div>\n\t\t\t\t<div class=\"elementor-element elementor-element-8196ec2 elementor-widget__width-auto elementor-widget elementor-widget-heading\" data-id=\"8196ec2\" data-element_type=\"widget\" data-e-type=\"widget\" data-widget_type=\"heading.default\">\n\t\t\t\t\t<div class=\"elementor-heading-title elementor-size-default\">Ak\u00e1r 10% kedvezm\u00e9ny foglal\u00e1sonk\u00e9nt 2026. m\u00e1jus 31-ig!<\/div>\t\t\t\t<\/div>\n\t\t\t\t\t<\/div>\n\t\t\t\t<\/div>\n\t\t<div class=\"elementor-element elementor-element-b7f8ed9 e-con-full e-flex e-con e-child\" data-id=\"b7f8ed9\" data-element_type=\"container\" data-e-type=\"container\">\n\t\t\t\t<div class=\"elementor-element elementor-element-5e989ed elementor-widget__width-initial elementor-widget elementor-widget-image\" data-id=\"5e989ed\" data-element_type=\"widget\" data-e-type=\"widget\" data-widget_type=\"image.default\">\n\t\t\t\t\t\t\t\t\t\t\t\t\t\t\t\t<a href=\"#\">\n\t\t\t\t\t\t\t<img decoding=\"async\" width=\"630\" height=\"441\" src=\"https:\/\/minibus.al\/wp-content\/uploads\/2025\/10\/Transfer-416_2268_0182-landscape-630x441-1.jpg\" class=\"attachment-full size-full wp-image-988709\" alt=\"\" srcset=\"https:\/\/minibus.al\/wp-content\/uploads\/2025\/10\/Transfer-416_2268_0182-landscape-630x441-1.jpg 630w, https:\/\/minibus.al\/wp-content\/uploads\/2025\/10\/Transfer-416_2268_0182-landscape-630x441-1-600x420.jpg 600w, https:\/\/minibus.al\/wp-content\/uploads\/2025\/10\/Transfer-416_2268_0182-landscape-630x441-1-300x210.jpg 300w, https:\/\/minibus.al\/wp-content\/uploads\/2025\/10\/Transfer-416_2268_0182-landscape-630x441-1-420x294.jpg 420w, https:\/\/minibus.al\/wp-content\/uploads\/2025\/10\/Transfer-416_2268_0182-landscape-630x441-1-315x221.jpg 315w\" sizes=\"(max-width: 630px) 100vw, 630px\" title=\"\">\t\t\t\t\t\t\t\t<\/a>\n\t\t\t\t\t\t\t\t\t\t\t\t\t\t\t<\/div>\n\t\t\t\t<div class=\"elementor-element elementor-element-721ad33 elementor-widget__width-initial elementor-widget elementor-widget-heading\" data-id=\"721ad33\" data-element_type=\"widget\" data-e-type=\"widget\" data-widget_type=\"heading.default\">\n\t\t\t\t\t<h3 class=\"elementor-heading-title elementor-size-default\"><a href=\"#\">Mag\u00e1nrep\u00fcl\u0151t\u00e9ri transzfer<\/a><\/h3>\t\t\t\t<\/div>\n\t\t\t\t<\/div>\n\t\t<div class=\"elementor-element elementor-element-c5237fd e-con-full e-flex e-con e-child\" data-id=\"c5237fd\" data-element_type=\"container\" data-e-type=\"container\">\n\t\t\t\t<div class=\"elementor-element elementor-element-7ff0b5e elementor-widget__width-initial elementor-widget elementor-widget-image\" data-id=\"7ff0b5e\" data-element_type=\"widget\" data-e-type=\"widget\" data-widget_type=\"image.default\">\n\t\t\t\t\t\t\t\t\t\t\t\t\t\t\t\t<a href=\"#\">\n\t\t\t\t\t\t\t<img decoding=\"async\" width=\"800\" height=\"560\" src=\"https:\/\/minibus.al\/wp-content\/uploads\/2024\/01\/Crop800x600-landscape.jpeg\" class=\"attachment-full size-full wp-image-988653\" alt=\"\" srcset=\"https:\/\/minibus.al\/wp-content\/uploads\/2024\/01\/Crop800x600-landscape.jpeg 800w, https:\/\/minibus.al\/wp-content\/uploads\/2024\/01\/Crop800x600-landscape-600x420.jpeg 600w, https:\/\/minibus.al\/wp-content\/uploads\/2024\/01\/Crop800x600-landscape-300x210.jpeg 300w, https:\/\/minibus.al\/wp-content\/uploads\/2024\/01\/Crop800x600-landscape-768x538.jpeg 768w, https:\/\/minibus.al\/wp-content\/uploads\/2024\/01\/Crop800x600-landscape-630x441.jpeg 630w, https:\/\/minibus.al\/wp-content\/uploads\/2024\/01\/Crop800x600-landscape-420x294.jpeg 420w, https:\/\/minibus.al\/wp-content\/uploads\/2024\/01\/Crop800x600-landscape-315x221.jpeg 315w\" sizes=\"(max-width: 800px) 100vw, 800px\" title=\"\">\t\t\t\t\t\t\t\t<\/a>\n\t\t\t\t\t\t\t\t\t\t\t\t\t\t\t<\/div>\n\t\t\t\t<div class=\"elementor-element elementor-element-94ea3ff elementor-widget__width-initial elementor-widget elementor-widget-heading\" data-id=\"94ea3ff\" data-element_type=\"widget\" data-e-type=\"widget\" data-widget_type=\"heading.default\">\n\t\t\t\t\t<h3 class=\"elementor-heading-title elementor-size-default\"><a href=\"#\">Szem\u00e9lyes sof\u0151rrel t\u00f6rt\u00e9n\u0151 transzfer<\/a><\/h3>\t\t\t\t<\/div>\n\t\t\t\t<\/div>\n\t\t\t\t<\/div>\n\t\t\t\t\t<\/div>\n\t\t\t\t<\/div>\n\t\t\t\t<\/div>","protected":false},"excerpt":{"rendered":"<p>Minibus me Qira n\u00eb Aeroportin e Tiran\u00ebs Rezervoni minibus me qira n\u00eb Aeroportin e Tiran\u00ebs p\u00ebr transferime private, t\u00eb sigurta dhe t\u00eb rehatshme. Shofer profesional dhe automjete moderne p\u00ebr \u00e7do udh\u00ebtim. Arritja n\u00eb Aeroportin e Tiran\u00ebs mund t\u00eb jet\u00eb emocionuese, por shpeshher\u00eb edhe sfiduese, sidomos kur duhet t\u00eb organizoni transferimin drejt destinacionit tuaj. N\u00eb k\u00ebto [&hellip;]<\/p>\n","protected":false},"author":1,"featured_media":988839,"parent":0,"menu_order":0,"comment_status":"closed","ping_status":"closed","template":"","meta":{"footnotes":""},"class_list":["post-988853","page","type-page","status-publish","has-post-thumbnail","hentry"],"_links":{"self":[{"href":"https:\/\/minibus.al\/hu\/wp-json\/wp\/v2\/pages\/988853","targetHints":{"allow":["GET"]}}],"collection":[{"href":"https:\/\/minibus.al\/hu\/wp-json\/wp\/v2\/pages"}],"about":[{"href":"https:\/\/minibus.al\/hu\/wp-json\/wp\/v2\/types\/page"}],"author":[{"embeddable":true,"href":"https:\/\/minibus.al\/hu\/wp-json\/wp\/v2\/users\/1"}],"replies":[{"embeddable":true,"href":"https:\/\/minibus.al\/hu\/wp-json\/wp\/v2\/comments?post=988853"}],"version-history":[{"count":8,"href":"https:\/\/minibus.al\/hu\/wp-json\/wp\/v2\/pages\/988853\/revisions"}],"predecessor-version":[{"id":988861,"href":"https:\/\/minibus.al\/hu\/wp-json\/wp\/v2\/pages\/988853\/revisions\/988861"}],"wp:featuredmedia":[{"embeddable":true,"href":"https:\/\/minibus.al\/hu\/wp-json\/wp\/v2\/media\/988839"}],"wp:attachment":[{"href":"https:\/\/minibus.al\/hu\/wp-json\/wp\/v2\/media?parent=988853"}],"curies":[{"name":"wp","href":"https:\/\/api.w.org\/{rel}","templated":true}]}}