{"id":988810,"date":"2025-10-15T11:54:59","date_gmt":"2025-10-15T11:54:59","guid":{"rendered":"https:\/\/minibus.al\/?page_id=988810"},"modified":"2025-10-15T15:38:15","modified_gmt":"2025-10-15T15:38:15","slug":"minibusz-berles-soforrel-rendezvenyekhez","status":"publish","type":"page","link":"https:\/\/minibus.al\/hu\/minibus-me-qira-me-shofer-per-evente\/","title":{"rendered":"Minibusz b\u00e9rl\u00e9s sof\u0151rrel rendezv\u00e9nyekhez."},"content":{"rendered":"<div data-elementor-type=\"wp-page\" data-elementor-id=\"988810\" class=\"elementor elementor-988810\">\n\t\t\t\t<div class=\"elementor-element elementor-element-eba01d9 e-flex e-con-boxed e-con e-parent\" data-id=\"eba01d9\" data-element_type=\"container\" data-e-type=\"container\" data-settings=\"{&quot;background_background&quot;:&quot;classic&quot;}\">\n\t\t\t\t\t<div class=\"e-con-inner\">\n\t\t<div class=\"elementor-element elementor-element-12fae92 e-con-full e-flex e-con e-child\" data-id=\"12fae92\" data-element_type=\"container\" data-e-type=\"container\">\n\t\t\t\t<div class=\"elementor-element elementor-element-81e77af elementor-widget elementor-widget-heading\" data-id=\"81e77af\" data-element_type=\"widget\" data-e-type=\"widget\" data-widget_type=\"heading.default\">\n\t\t\t\t\t<h1 class=\"elementor-heading-title elementor-size-default\">Minibusz b\u00e9rl\u00e9s sof\u0151rrel rendezv\u00e9nyekhez.\n<\/h1>\t\t\t\t<\/div>\n\t\t\t\t<\/div>\n\t\t\t\t\t<\/div>\n\t\t\t\t<\/div>\n\t\t<div class=\"elementor-element elementor-element-927eb36 e-flex e-con-boxed e-con e-parent\" data-id=\"927eb36\" data-element_type=\"container\" data-e-type=\"container\" data-settings=\"{&quot;background_background&quot;:&quot;classic&quot;}\">\n\t\t\t\t\t<div class=\"e-con-inner\">\n\t\t<div class=\"elementor-element elementor-element-bbfff31 e-con-full e-flex e-con e-child\" data-id=\"bbfff31\" data-element_type=\"container\" data-e-type=\"container\">\n\t\t\t\t<div class=\"elementor-element elementor-element-08410c4 elementor-widget elementor-widget-text-editor\" data-id=\"08410c4\" data-element_type=\"widget\" data-e-type=\"widget\" data-widget_type=\"text-editor.default\">\n\t\t\t\t\t\t\t\t\tRendezze meg rendezv\u00e9ny\u00e9t gondtalanul! Sof\u0151rrel b\u00e9relhet\u0151 kisbuszaink biztons\u00e1gos \u00e9s k\u00e9nyelmes sz\u00e1ll\u00edt\u00e1st ny\u00fajtanak vend\u00e9geinek, \u00edgy garant\u00e1lva, hogy id\u0151ben \u00e9s a lehet\u0151 legk\u00e9nyelmesebben \u00e9rkezzenek meg a c\u00e9l\u00e1llom\u00e1sra. Ide\u00e1lis esk\u00fcv\u0151kh\u00f6z, konferenci\u00e1khoz \u00e9s mag\u00e1nrendezv\u00e9nyekhez.\t\t\t\t\t\t\t\t<\/div>\n\t\t\t\t<div class=\"elementor-element elementor-element-ec66470 elementor-widget elementor-widget-heading\" data-id=\"ec66470\" data-element_type=\"widget\" data-e-type=\"widget\" data-widget_type=\"heading.default\">\n\t\t\t\t\t<h3 class=\"elementor-heading-title elementor-size-default\">Minibusz b\u00e9rl\u00e9s sof\u0151rrel kir\u00e1ndul\u00e1sokhoz<\/h3>\t\t\t\t<\/div>\n\t\t\t\t<div class=\"elementor-element elementor-element-3f21266 elementor-widget elementor-widget-text-editor\" data-id=\"3f21266\" data-element_type=\"widget\" data-e-type=\"widget\" data-widget_type=\"text-editor.default\">\n\t\t\t\t\t\t\t\t\t\u00c9lvezze a szervezett kir\u00e1ndul\u00e1sokat k\u00e9nyelmesen \u00e9s rugalmasan! L\u00e9gkondicion\u00e1lt kisbuszainkkal \u00e9s b\u0151s\u00e9ges csomagt\u00e9rrel a vezet\u00e9s \u00e9s a parkol\u00e1s gondja n\u00e9lk\u00fcl l\u00e1togathatja meg a turisztikai \u00e9s term\u00e9szeti l\u00e1tnival\u00f3kat.\t\t\t\t\t\t\t\t<\/div>\n\t\t\t\t<div class=\"elementor-element elementor-element-3e12412 elementor-widget elementor-widget-heading\" data-id=\"3e12412\" data-element_type=\"widget\" data-e-type=\"widget\" data-widget_type=\"heading.default\">\n\t\t\t\t\t<h3 class=\"elementor-heading-title elementor-size-default\"> Minibusz b\u00e9rl\u00e9s sof\u0151rrel turisztikai c\u00e9lokra<\/h3>\t\t\t\t<\/div>\n\t\t\t\t<div class=\"elementor-element elementor-element-0a2c979 elementor-widget elementor-widget-text-editor\" data-id=\"0a2c979\" data-element_type=\"widget\" data-e-type=\"widget\" data-widget_type=\"text-editor.default\">\n\t\t\t\t\t\t\t\t\tFedezze fel Tiran\u00e1t \u00e9s a k\u00f6rny\u00e9ket st\u00edlusosan \u00e9s biztons\u00e1gosan! Sof\u0151rrel ell\u00e1tott kisbuszaink szem\u00e9lyre szabott t\u00far\u00e1kat k\u00edn\u00e1lnak csoportok sz\u00e1m\u00e1ra, \u00edgy minden kultur\u00e1lis, t\u00f6rt\u00e9nelmi vagy term\u00e9szeti l\u00e1togat\u00e1s kellemes \u00e9s nyugodt \u00e9lm\u00e9nny\u00e9 v\u00e1lik.\t\t\t\t\t\t\t\t<\/div>\n\t\t\t\t<div class=\"elementor-element elementor-element-35dae42 elementor-widget elementor-widget-heading\" data-id=\"35dae42\" data-element_type=\"widget\" data-e-type=\"widget\" data-widget_type=\"heading.default\">\n\t\t\t\t\t<h3 class=\"elementor-heading-title elementor-size-default\">Minibusz b\u00e9rl\u00e9s sof\u0151rrel rep\u00fcl\u0151t\u00e9ri transzferhez<\/h3>\t\t\t\t<\/div>\n\t\t\t\t<div class=\"elementor-element elementor-element-294bddd elementor-widget elementor-widget-text-editor\" data-id=\"294bddd\" data-element_type=\"widget\" data-e-type=\"widget\" data-widget_type=\"text-editor.default\">\n\t\t\t\t\t\t\t\t\t\u00c9rkezzen id\u0151ben \u00e9s stresszmentesen a rep\u00fcl\u0151t\u00e9rre! Minibuszainkkal \u00e9s profi sof\u0151reinkkel a rep\u00fcl\u0151t\u00e9rre \u00e9s onnan indul\u00f3 mag\u00e1ntranszfer k\u00e9nyelmet, biztons\u00e1got \u00e9s maxim\u00e1lis rugalmass\u00e1got k\u00edn\u00e1l, \u00edgy teljes nyugalommal kezdheti vagy z\u00e1rhatja utaz\u00e1s\u00e1t.\t\t\t\t\t\t\t\t<\/div>\n\t\t\t\t<div class=\"elementor-element elementor-element-c5926eb elementor-widget elementor-widget-heading\" data-id=\"c5926eb\" data-element_type=\"widget\" data-e-type=\"widget\" data-widget_type=\"heading.default\">\n\t\t\t\t\t<h3 class=\"elementor-heading-title elementor-size-default\">Mi\u00e9rt a minibus.al?<\/h3>\t\t\t\t<\/div>\n\t\t\t\t<div class=\"elementor-element elementor-element-fb6df6e elementor-view-stacked elementor-position-inline-start elementor-mobile-position-inline-start elementor-shape-circle elementor-widget elementor-widget-icon-box\" data-id=\"fb6df6e\" data-element_type=\"widget\" data-e-type=\"widget\" data-widget_type=\"icon-box.default\">\n\t\t\t\t\t\t\t<div class=\"elementor-icon-box-wrapper\">\n\n\t\t\t\t\t\t<div class=\"elementor-icon-box-icon\">\n\t\t\t\t<span  class=\"elementor-icon\">\n\t\t\t\t<svg aria-hidden=\"true\" class=\"e-font-icon-svg e-fas-check\" viewbox=\"0 0 512 512\" xmlns=\"http:\/\/www.w3.org\/2000\/svg\"><path d=\"M173.898 439.404l-166.4-166.4c-9.997-9.997-9.997-26.206 0-36.204l36.203-36.204c9.997-9.998 26.207-9.998 36.204 0L192 312.69 432.095 72.596c9.997-9.997 26.207-9.997 36.204 0l36.203 36.204c9.997 9.997 9.997 26.206 0 36.204l-294.4 294.401c-9.998 9.997-26.207 9.997-36.204-.001z\"><\/path><\/svg>\t\t\t\t<\/span>\n\t\t\t<\/div>\n\t\t\t\n\t\t\t\t\t\t<div class=\"elementor-icon-box-content\">\n\n\t\t\t\t\t\t\t\t\t<h3 class=\"elementor-icon-box-title\">\n\t\t\t\t\t\t<span  >\n\t\t\t\t\t\t\t\u00c1tl\u00e1that\u00f3 \u00e1rak, rejtett d\u00edjak \u00e9s fel\u00e1rak n\u00e9lk\u00fcl.\t\t\t\t\t\t<\/span>\n\t\t\t\t\t<\/h3>\n\t\t\t\t\n\t\t\t\t\n\t\t\t<\/div>\n\t\t\t\n\t\t<\/div>\n\t\t\t\t\t\t<\/div>\n\t\t\t\t<div class=\"elementor-element elementor-element-b370db4 elementor-view-stacked elementor-position-inline-start elementor-mobile-position-inline-start elementor-shape-circle elementor-widget elementor-widget-icon-box\" data-id=\"b370db4\" data-element_type=\"widget\" data-e-type=\"widget\" data-widget_type=\"icon-box.default\">\n\t\t\t\t\t\t\t<div class=\"elementor-icon-box-wrapper\">\n\n\t\t\t\t\t\t<div class=\"elementor-icon-box-icon\">\n\t\t\t\t<span  class=\"elementor-icon\">\n\t\t\t\t<svg aria-hidden=\"true\" class=\"e-font-icon-svg e-fas-check\" viewbox=\"0 0 512 512\" xmlns=\"http:\/\/www.w3.org\/2000\/svg\"><path d=\"M173.898 439.404l-166.4-166.4c-9.997-9.997-9.997-26.206 0-36.204l36.203-36.204c9.997-9.998 26.207-9.998 36.204 0L192 312.69 432.095 72.596c9.997-9.997 26.207-9.997 36.204 0l36.203 36.204c9.997 9.997 9.997 26.206 0 36.204l-294.4 294.401c-9.998 9.997-26.207 9.997-36.204-.001z\"><\/path><\/svg>\t\t\t\t<\/span>\n\t\t\t<\/div>\n\t\t\t\n\t\t\t\t\t\t<div class=\"elementor-icon-box-content\">\n\n\t\t\t\t\t\t\t\t\t<h3 class=\"elementor-icon-box-title\">\n\t\t\t\t\t\t<span  >\n\t\t\t\t\t\t\tSzakmailag k\u00e9pzett, tapasztalt \u00e9s biztons\u00e1gosan vezet\u0151 sof\u0151r\u00f6k.\t\t\t\t\t\t<\/span>\n\t\t\t\t\t<\/h3>\n\t\t\t\t\n\t\t\t\t\n\t\t\t<\/div>\n\t\t\t\n\t\t<\/div>\n\t\t\t\t\t\t<\/div>\n\t\t\t\t<div class=\"elementor-element elementor-element-07bfc09 elementor-view-stacked elementor-position-inline-start elementor-mobile-position-inline-start elementor-shape-circle elementor-widget elementor-widget-icon-box\" data-id=\"07bfc09\" data-element_type=\"widget\" data-e-type=\"widget\" data-widget_type=\"icon-box.default\">\n\t\t\t\t\t\t\t<div class=\"elementor-icon-box-wrapper\">\n\n\t\t\t\t\t\t<div class=\"elementor-icon-box-icon\">\n\t\t\t\t<span  class=\"elementor-icon\">\n\t\t\t\t<svg aria-hidden=\"true\" class=\"e-font-icon-svg e-fas-check\" viewbox=\"0 0 512 512\" xmlns=\"http:\/\/www.w3.org\/2000\/svg\"><path d=\"M173.898 439.404l-166.4-166.4c-9.997-9.997-9.997-26.206 0-36.204l36.203-36.204c9.997-9.998 26.207-9.998 36.204 0L192 312.69 432.095 72.596c9.997-9.997 26.207-9.997 36.204 0l36.203 36.204c9.997 9.997 9.997 26.206 0 36.204l-294.4 294.401c-9.998 9.997-26.207 9.997-36.204-.001z\"><\/path><\/svg>\t\t\t\t<\/span>\n\t\t\t<\/div>\n\t\t\t\n\t\t\t\t\t\t<div class=\"elementor-icon-box-content\">\n\n\t\t\t\t\t\t\t\t\t<h3 class=\"elementor-icon-box-title\">\n\t\t\t\t\t\t<span  >\n\t\t\t\t\t\t\tEgyszer\u0171 \u00e9s biztons\u00e1gos online foglal\u00e1s, a nap 24 \u00f3r\u00e1j\u00e1ban el\u00e9rhet\u0151.\t\t\t\t\t\t<\/span>\n\t\t\t\t\t<\/h3>\n\t\t\t\t\n\t\t\t\t\n\t\t\t<\/div>\n\t\t\t\n\t\t<\/div>\n\t\t\t\t\t\t<\/div>\n\t\t\t\t<div class=\"elementor-element elementor-element-5c343dd elementor-widget elementor-widget-image\" data-id=\"5c343dd\" data-element_type=\"widget\" data-e-type=\"widget\" data-widget_type=\"image.default\">\n\t\t\t\t\t\t\t\t\t\t\t\t\t\t\t<img fetchpriority=\"high\" decoding=\"async\" width=\"800\" height=\"560\" src=\"https:\/\/minibus.al\/wp-content\/uploads\/2024\/01\/01-landscape.jpg\" class=\"attachment-large size-large wp-image-988652\" alt=\"\" srcset=\"https:\/\/minibus.al\/wp-content\/uploads\/2024\/01\/01-landscape.jpg 893w, https:\/\/minibus.al\/wp-content\/uploads\/2024\/01\/01-landscape-600x420.jpg 600w, https:\/\/minibus.al\/wp-content\/uploads\/2024\/01\/01-landscape-300x210.jpg 300w, https:\/\/minibus.al\/wp-content\/uploads\/2024\/01\/01-landscape-768x538.jpg 768w, https:\/\/minibus.al\/wp-content\/uploads\/2024\/01\/01-landscape-630x441.jpg 630w, https:\/\/minibus.al\/wp-content\/uploads\/2024\/01\/01-landscape-420x294.jpg 420w, https:\/\/minibus.al\/wp-content\/uploads\/2024\/01\/01-landscape-840x588.jpg 840w, https:\/\/minibus.al\/wp-content\/uploads\/2024\/01\/01-landscape-315x220.jpg 315w\" sizes=\"(max-width: 800px) 100vw, 800px\" title=\"\">\t\t\t\t\t\t\t\t\t\t\t\t\t\t\t<\/div>\n\t\t\t\t<div class=\"elementor-element elementor-element-fed5454 elementor-widget elementor-widget-text-editor\" data-id=\"fed5454\" data-element_type=\"widget\" data-e-type=\"widget\" data-widget_type=\"text-editor.default\">\n\t\t\t\t\t\t\t\t\t<p>A mag\u00e1nminibuszok b\u00e9rl\u00e9s\u00e9nek \u00e1ra a szolg\u00e1ltat\u00e1s \u00f3r\u00e1inak \u00e9s napjainak sz\u00e1m\u00e1t\u00f3l, valamint a minibuszok \u00e1ltal megtett t\u00e1vols\u00e1gt\u00f3l f\u00fcgg.<\/p>\t\t\t\t\t\t\t\t<\/div>\n\t\t\t\t<div class=\"elementor-element elementor-element-4a421dd elementor-widget elementor-widget-heading\" data-id=\"4a421dd\" data-element_type=\"widget\" data-e-type=\"widget\" data-widget_type=\"heading.default\">\n\t\t\t\t\t<h3 class=\"elementor-heading-title elementor-size-default\">Hogyan m\u0171k\u00f6dik?<\/h3>\t\t\t\t<\/div>\n\t\t\t\t<div class=\"elementor-element elementor-element-bc41101 elementor-widget elementor-widget-text-editor\" data-id=\"bc41101\" data-element_type=\"widget\" data-e-type=\"widget\" data-widget_type=\"text-editor.default\">\n\t\t\t\t\t\t\t\t\t<p>A foglal\u00e1s egyszer\u0171: v\u00e1lassza ki az \u00fati c\u00e9lt, az id\u0151pontot \u00e9s a k\u00edv\u00e1nt kisbusz t\u00edpus\u00e1t. Szakmai sof\u0151r\u00fcnk a megadott helyen \u00e9s id\u0151pontban v\u00e1rja \u00d6nt, hogy k\u00e9nyelmes \u00e9s gondtalan utaz\u00e1st biztos\u00edtson.<\/p>\t\t\t\t\t\t\t\t<\/div>\n\t\t\t\t<\/div>\n\t\t<div class=\"elementor-element elementor-element-232389a e-con-full e-flex e-con e-child\" data-id=\"232389a\" data-element_type=\"container\" data-e-type=\"container\">\n\t\t<div class=\"elementor-element elementor-element-8685ca3 e-flex e-con-boxed e-con e-child\" data-id=\"8685ca3\" data-element_type=\"container\" data-e-type=\"container\" data-settings=\"{&quot;background_background&quot;:&quot;classic&quot;}\">\n\t\t\t\t\t<div class=\"e-con-inner\">\n\t\t\t\t<div class=\"elementor-element elementor-element-6d09919 elementor-widget__width-auto elementor-widget elementor-widget-heading\" data-id=\"6d09919\" data-element_type=\"widget\" data-e-type=\"widget\" data-widget_type=\"heading.default\">\n\t\t\t\t\t<h3 class=\"elementor-heading-title elementor-size-default\">10% kedvezm\u00e9ny<\/h3>\t\t\t\t<\/div>\n\t\t\t\t<div class=\"elementor-element elementor-element-500b1f7 elementor-widget__width-auto elementor-widget elementor-widget-heading\" data-id=\"500b1f7\" data-element_type=\"widget\" data-e-type=\"widget\" data-widget_type=\"heading.default\">\n\t\t\t\t\t<div class=\"elementor-heading-title elementor-size-default\">Ak\u00e1r 10% kedvezm\u00e9ny foglal\u00e1sonk\u00e9nt 2026. m\u00e1jus 31-ig!<\/div>\t\t\t\t<\/div>\n\t\t\t\t\t<\/div>\n\t\t\t\t<\/div>\n\t\t<div class=\"elementor-element elementor-element-69d59ea e-con-full e-flex e-con e-child\" data-id=\"69d59ea\" data-element_type=\"container\" data-e-type=\"container\">\n\t\t\t\t<div class=\"elementor-element elementor-element-dcc7dbc elementor-widget__width-initial elementor-widget elementor-widget-image\" data-id=\"dcc7dbc\" data-element_type=\"widget\" data-e-type=\"widget\" data-widget_type=\"image.default\">\n\t\t\t\t\t\t\t\t\t\t\t\t\t\t\t\t<a href=\"#\">\n\t\t\t\t\t\t\t<img decoding=\"async\" width=\"630\" height=\"441\" src=\"https:\/\/minibus.al\/wp-content\/uploads\/2025\/10\/Transfer-416_2268_0182-landscape-630x441-1.jpg\" class=\"attachment-full size-full wp-image-988709\" alt=\"\" srcset=\"https:\/\/minibus.al\/wp-content\/uploads\/2025\/10\/Transfer-416_2268_0182-landscape-630x441-1.jpg 630w, https:\/\/minibus.al\/wp-content\/uploads\/2025\/10\/Transfer-416_2268_0182-landscape-630x441-1-600x420.jpg 600w, https:\/\/minibus.al\/wp-content\/uploads\/2025\/10\/Transfer-416_2268_0182-landscape-630x441-1-300x210.jpg 300w, https:\/\/minibus.al\/wp-content\/uploads\/2025\/10\/Transfer-416_2268_0182-landscape-630x441-1-420x294.jpg 420w, https:\/\/minibus.al\/wp-content\/uploads\/2025\/10\/Transfer-416_2268_0182-landscape-630x441-1-315x221.jpg 315w\" sizes=\"(max-width: 630px) 100vw, 630px\" title=\"\">\t\t\t\t\t\t\t\t<\/a>\n\t\t\t\t\t\t\t\t\t\t\t\t\t\t\t<\/div>\n\t\t\t\t<div class=\"elementor-element elementor-element-4ebf1bf elementor-widget__width-initial elementor-widget elementor-widget-heading\" data-id=\"4ebf1bf\" data-element_type=\"widget\" data-e-type=\"widget\" data-widget_type=\"heading.default\">\n\t\t\t\t\t<h3 class=\"elementor-heading-title elementor-size-default\"><a href=\"#\">Mag\u00e1nrep\u00fcl\u0151t\u00e9ri transzfer<\/a><\/h3>\t\t\t\t<\/div>\n\t\t\t\t<\/div>\n\t\t<div class=\"elementor-element elementor-element-919d6c0 e-con-full e-flex e-con e-child\" data-id=\"919d6c0\" data-element_type=\"container\" data-e-type=\"container\">\n\t\t\t\t<div class=\"elementor-element elementor-element-1d2cc58 elementor-widget__width-initial elementor-widget elementor-widget-image\" data-id=\"1d2cc58\" data-element_type=\"widget\" data-e-type=\"widget\" data-widget_type=\"image.default\">\n\t\t\t\t\t\t\t\t\t\t\t\t\t\t\t\t<a href=\"#\">\n\t\t\t\t\t\t\t<img decoding=\"async\" width=\"800\" height=\"560\" src=\"https:\/\/minibus.al\/wp-content\/uploads\/2024\/01\/Crop800x600-landscape.jpeg\" class=\"attachment-full size-full wp-image-988653\" alt=\"\" srcset=\"https:\/\/minibus.al\/wp-content\/uploads\/2024\/01\/Crop800x600-landscape.jpeg 800w, https:\/\/minibus.al\/wp-content\/uploads\/2024\/01\/Crop800x600-landscape-600x420.jpeg 600w, https:\/\/minibus.al\/wp-content\/uploads\/2024\/01\/Crop800x600-landscape-300x210.jpeg 300w, https:\/\/minibus.al\/wp-content\/uploads\/2024\/01\/Crop800x600-landscape-768x538.jpeg 768w, https:\/\/minibus.al\/wp-content\/uploads\/2024\/01\/Crop800x600-landscape-630x441.jpeg 630w, https:\/\/minibus.al\/wp-content\/uploads\/2024\/01\/Crop800x600-landscape-420x294.jpeg 420w, https:\/\/minibus.al\/wp-content\/uploads\/2024\/01\/Crop800x600-landscape-315x221.jpeg 315w\" sizes=\"(max-width: 800px) 100vw, 800px\" title=\"\">\t\t\t\t\t\t\t\t<\/a>\n\t\t\t\t\t\t\t\t\t\t\t\t\t\t\t<\/div>\n\t\t\t\t<div class=\"elementor-element elementor-element-ddc738a elementor-widget__width-initial elementor-widget elementor-widget-heading\" data-id=\"ddc738a\" data-element_type=\"widget\" data-e-type=\"widget\" data-widget_type=\"heading.default\">\n\t\t\t\t\t<h3 class=\"elementor-heading-title elementor-size-default\"><a href=\"#\">Szem\u00e9lyes sof\u0151rrel t\u00f6rt\u00e9n\u0151 transzfer<\/a><\/h3>\t\t\t\t<\/div>\n\t\t\t\t<\/div>\n\t\t\t\t<\/div>\n\t\t\t\t\t<\/div>\n\t\t\t\t<\/div>\n\t\t\t\t<\/div>","protected":false},"excerpt":{"rendered":"<p>Minibus me qira me shofer p\u00ebr evente. Organizoni eventin tuaj pa stres! Minibus\u00ebt me qira me shofer ofrojn\u00eb transport t\u00eb sigurt dhe t\u00eb rehatsh\u00ebm p\u00ebr mysafir\u00ebt, duke garantuar q\u00eb t\u00eb arrijn\u00eb n\u00eb destinacion n\u00eb koh\u00eb dhe n\u00eb komoditet maksimal. Ideal p\u00ebr dasma, konferenca dhe aktivitete private. Minibus me qira me shofer p\u00ebr ekskursione Shijoni ekskursione [&hellip;]<\/p>\n","protected":false},"author":1,"featured_media":0,"parent":0,"menu_order":0,"comment_status":"closed","ping_status":"closed","template":"","meta":{"footnotes":""},"class_list":["post-988810","page","type-page","status-publish","hentry"],"_links":{"self":[{"href":"https:\/\/minibus.al\/hu\/wp-json\/wp\/v2\/pages\/988810","targetHints":{"allow":["GET"]}}],"collection":[{"href":"https:\/\/minibus.al\/hu\/wp-json\/wp\/v2\/pages"}],"about":[{"href":"https:\/\/minibus.al\/hu\/wp-json\/wp\/v2\/types\/page"}],"author":[{"embeddable":true,"href":"https:\/\/minibus.al\/hu\/wp-json\/wp\/v2\/users\/1"}],"replies":[{"embeddable":true,"href":"https:\/\/minibus.al\/hu\/wp-json\/wp\/v2\/comments?post=988810"}],"version-history":[{"count":7,"href":"https:\/\/minibus.al\/hu\/wp-json\/wp\/v2\/pages\/988810\/revisions"}],"predecessor-version":[{"id":988852,"href":"https:\/\/minibus.al\/hu\/wp-json\/wp\/v2\/pages\/988810\/revisions\/988852"}],"wp:attachment":[{"href":"https:\/\/minibus.al\/hu\/wp-json\/wp\/v2\/media?parent=988810"}],"curies":[{"name":"wp","href":"https:\/\/api.w.org\/{rel}","templated":true}]}}