{"id":988794,"date":"2025-10-15T11:45:54","date_gmt":"2025-10-15T11:45:54","guid":{"rendered":"https:\/\/minibus.al\/?page_id=988794"},"modified":"2025-10-15T11:45:55","modified_gmt":"2025-10-15T11:45:55","slug":"minibusz-berles-soforrel-tiranaban","status":"publish","type":"page","link":"https:\/\/minibus.al\/hu\/minibus-me-qira-me-shofer-ne-tirane\/","title":{"rendered":"Minibusz b\u00e9rl\u00e9s sof\u0151rrel Tiran\u00e1ban."},"content":{"rendered":"<div data-elementor-type=\"wp-page\" data-elementor-id=\"988794\" class=\"elementor elementor-988794\">\n\t\t\t\t<div class=\"elementor-element elementor-element-95c19ac e-flex e-con-boxed e-con e-parent\" data-id=\"95c19ac\" data-element_type=\"container\" data-e-type=\"container\" data-settings=\"{&quot;background_background&quot;:&quot;classic&quot;}\">\n\t\t\t\t\t<div class=\"e-con-inner\">\n\t\t<div class=\"elementor-element elementor-element-f318dce e-con-full e-flex e-con e-child\" data-id=\"f318dce\" data-element_type=\"container\" data-e-type=\"container\">\n\t\t\t\t<div class=\"elementor-element elementor-element-f98cf93 elementor-widget elementor-widget-heading\" data-id=\"f98cf93\" data-element_type=\"widget\" data-e-type=\"widget\" data-widget_type=\"heading.default\">\n\t\t\t\t\t<h1 class=\"elementor-heading-title elementor-size-default\">Minibusz b\u00e9rl\u00e9s sof\u0151rrel Tiran\u00e1ban.\n<\/h1>\t\t\t\t<\/div>\n\t\t\t\t<\/div>\n\t\t\t\t\t<\/div>\n\t\t\t\t<\/div>\n\t\t<div class=\"elementor-element elementor-element-758a64b e-flex e-con-boxed e-con e-parent\" data-id=\"758a64b\" data-element_type=\"container\" data-e-type=\"container\" data-settings=\"{&quot;background_background&quot;:&quot;classic&quot;}\">\n\t\t\t\t\t<div class=\"e-con-inner\">\n\t\t<div class=\"elementor-element elementor-element-e503248 e-con-full e-flex e-con e-child\" data-id=\"e503248\" data-element_type=\"container\" data-e-type=\"container\">\n\t\t\t\t<div class=\"elementor-element elementor-element-aeff267 elementor-widget elementor-widget-text-editor\" data-id=\"aeff267\" data-element_type=\"widget\" data-e-type=\"widget\" data-widget_type=\"text-editor.default\">\n\t\t\t\t\t\t\t\t\t<p>Ak\u00e1r \u00fczleti, szabadid\u0151s vagy t\u00e1rsas\u00e1gi c\u00e9l\u00fa utaz\u00e1st tervez, a sof\u0151rrel ell\u00e1tott kisbusz b\u00e9rl\u00e9se Tiran\u00e1ban k\u00e9nyelmes, biztons\u00e1gos \u00e9s rugalmas megold\u00e1st k\u00edn\u00e1l. A rep\u00fcl\u0151t\u00e9ri transzfert\u0151l a kultur\u00e1lis t\u00far\u00e1kig \u00e9s a szabadt\u00e9ri kir\u00e1ndul\u00e1sokig, ezek a szolg\u00e1ltat\u00e1sok minden ig\u00e9nyhez \u00e9s utaz\u00f3i csoporthoz igazodnak.<\/p>\t\t\t\t\t\t\t\t<\/div>\n\t\t\t\t<div class=\"elementor-element elementor-element-0d53794 elementor-widget elementor-widget-heading\" data-id=\"0d53794\" data-element_type=\"widget\" data-e-type=\"widget\" data-widget_type=\"heading.default\">\n\t\t\t\t\t<h3 class=\"elementor-heading-title elementor-size-default\">Minibusz-b\u00e9rl\u00e9s Tiran\u00e1ban rendezv\u00e9nyekhez.<\/h3>\t\t\t\t<\/div>\n\t\t\t\t<div class=\"elementor-element elementor-element-0463429 elementor-widget elementor-widget-text-editor\" data-id=\"0463429\" data-element_type=\"widget\" data-e-type=\"widget\" data-widget_type=\"text-editor.default\">\n\t\t\t\t\t\t\t\t\t<p>Egy rendezv\u00e9ny megszervez\u00e9se \u2013 legyen sz\u00f3 \u00fczleti tal\u00e1lkoz\u00f3r\u00f3l, esk\u00fcv\u0151r\u0151l vagy csal\u00e1di \u00f6sszej\u00f6vetelr\u0151l \u2013 gyakran \u00f6sszehangolt sz\u00e1ll\u00edt\u00e1st ig\u00e9nyel. Egy kisbusz \u00e9s egy profi sof\u0151r seg\u00edts\u00e9g\u00e9vel biztos\u00edthatja, hogy minden vend\u00e9g id\u0151ben, stresszmentesen \u00e9s a lehet\u0151 legnagyobb k\u00e9nyelemben \u00e9rkezzen meg a helysz\u00ednre. K\u00e9pzett csapatunk gondoskodik arr\u00f3l, hogy az utaz\u00e1s minden r\u00e9szlet\u00e9t megtervezz\u00fck \u00e9s biztons\u00e1gos legyen.<\/p>\t\t\t\t\t\t\t\t<\/div>\n\t\t\t\t<div class=\"elementor-element elementor-element-4ce8215 elementor-widget elementor-widget-heading\" data-id=\"4ce8215\" data-element_type=\"widget\" data-e-type=\"widget\" data-widget_type=\"heading.default\">\n\t\t\t\t\t<h3 class=\"elementor-heading-title elementor-size-default\">Minibusz-b\u00e9rl\u00e9s Tiran\u00e1ban kir\u00e1ndul\u00e1sokhoz \u00e9s turisztikai c\u00e9lokra<\/h3>\t\t\t\t<\/div>\n\t\t\t\t<div class=\"elementor-element elementor-element-9d6ee10 elementor-widget elementor-widget-text-editor\" data-id=\"9d6ee10\" data-element_type=\"widget\" data-e-type=\"widget\" data-widget_type=\"text-editor.default\">\n\t\t\t\t\t\t\t\t\tA term\u00e9szet \u00e9s a t\u00f6rt\u00e9nelem ir\u00e1nt \u00e9rdekl\u0151d\u0151k sz\u00e1m\u00e1ra az alb\u00e1niai \u00e9s balk\u00e1ni egynapos kir\u00e1ndul\u00e1sok k\u00e9nyelmes minibusszal egyszer\u0171bbek \u00e9s \u00e9lvezetesebbek. Megl\u00e1togathatja a t\u00f6rt\u00e9nelmi v\u00e1rosokat, a term\u00e9szeti parkokat vagy a k\u00fcl\u00f6nleges \u00fati c\u00e9lokat an\u00e9lk\u00fcl, hogy az utaz\u00e1ssal vagy a parkol\u00e1ssal kellene foglalkoznia. Minibuszaink k\u00e9nyelmet, b\u0151s\u00e9ges csomagt\u00e9rrel \u00e9s l\u00e9gkondicion\u00e1l\u00f3val rendelkeznek, \u00edgy minden utaz\u00e1s kellemes \u00e9lm\u00e9nny\u00e9 v\u00e1lik.\t\t\t\t\t\t\t\t<\/div>\n\t\t\t\t<div class=\"elementor-element elementor-element-7620457 elementor-widget elementor-widget-heading\" data-id=\"7620457\" data-element_type=\"widget\" data-e-type=\"widget\" data-widget_type=\"heading.default\">\n\t\t\t\t\t<h3 class=\"elementor-heading-title elementor-size-default\">Minibuszb\u00e9rl\u00e9s Tiran\u00e1ban mag\u00e1nrep\u00fcl\u0151t\u00e9ri transzferekhez.<\/h3>\t\t\t\t<\/div>\n\t\t\t\t<div class=\"elementor-element elementor-element-86bb5c8 elementor-widget elementor-widget-text-editor\" data-id=\"86bb5c8\" data-element_type=\"widget\" data-e-type=\"widget\" data-widget_type=\"text-editor.default\">\n\t\t\t\t\t\t\t\t\tHa j\u00e1ratod Tiran\u00e1b\u00f3l indul vagy oda \u00e9rkezik, a mag\u00e1nrep\u00fcl\u0151t\u00e9ri transzfer a legk\u00e9nyelmesebb \u00e9s legbiztons\u00e1gosabb m\u00f3dja utaz\u00e1sod megkezd\u00e9s\u00e9nek vagy befejez\u00e9s\u00e9nek. Szolg\u00e1ltat\u00e1sunk, amely j\u00f3l k\u00e9pzett sof\u0151rrel \u00e1ll rendelkez\u00e9sedre, garant\u00e1lja, hogy id\u0151ben, k\u00e9nyelmesen \u00e9s a t\u00f6megk\u00f6zleked\u00e9ssel j\u00e1r\u00f3 stressz n\u00e9lk\u00fcl \u00e9rkezz meg c\u00e9l\u00e1llom\u00e1sodra.\t\t\t\t\t\t\t\t<\/div>\n\t\t\t\t<div class=\"elementor-element elementor-element-58b5ae3 elementor-widget elementor-widget-heading\" data-id=\"58b5ae3\" data-element_type=\"widget\" data-e-type=\"widget\" data-widget_type=\"heading.default\">\n\t\t\t\t\t<h3 class=\"elementor-heading-title elementor-size-default\">Mi\u00e9rt a minibus.al?<\/h3>\t\t\t\t<\/div>\n\t\t\t\t<div class=\"elementor-element elementor-element-6fcee1f elementor-widget elementor-widget-text-editor\" data-id=\"6fcee1f\" data-element_type=\"widget\" data-e-type=\"widget\" data-widget_type=\"text-editor.default\">\n\t\t\t\t\t\t\t\t\tTiszt\u00e1ban vagyunk azzal, hogy minden utaz\u00e1snak megvannak a maga saj\u00e1tos ig\u00e9nyei. \u00c9ppen ez\u00e9rt kis \u00e9s nagy csoportok sz\u00e1m\u00e1ra egyar\u00e1nt k\u00edn\u00e1lunk minibuszokat, szem\u00e9lyre szabott \u00fatvonalakat \u00e9s szakszer\u0171en k\u00e9pzett sof\u0151r\u00f6ket. A biztons\u00e1g, a k\u00e9nyelem \u00e9s a professzionalizmus alapelveink, amelyek minden utas sz\u00e1m\u00e1ra kellemes \u00e9s nyugodt \u00e9lm\u00e9nyt biztos\u00edtanak.\t\t\t\t\t\t\t\t<\/div>\n\t\t\t\t<div class=\"elementor-element elementor-element-720ca0b elementor-widget elementor-widget-image\" data-id=\"720ca0b\" data-element_type=\"widget\" data-e-type=\"widget\" data-widget_type=\"image.default\">\n\t\t\t\t\t\t\t\t\t\t\t\t\t\t\t<img fetchpriority=\"high\" decoding=\"async\" width=\"800\" height=\"560\" src=\"https:\/\/minibus.al\/wp-content\/uploads\/2024\/01\/01-landscape.jpg\" class=\"attachment-large size-large wp-image-988652\" alt=\"\" srcset=\"https:\/\/minibus.al\/wp-content\/uploads\/2024\/01\/01-landscape.jpg 893w, https:\/\/minibus.al\/wp-content\/uploads\/2024\/01\/01-landscape-600x420.jpg 600w, https:\/\/minibus.al\/wp-content\/uploads\/2024\/01\/01-landscape-300x210.jpg 300w, https:\/\/minibus.al\/wp-content\/uploads\/2024\/01\/01-landscape-768x538.jpg 768w, https:\/\/minibus.al\/wp-content\/uploads\/2024\/01\/01-landscape-630x441.jpg 630w, https:\/\/minibus.al\/wp-content\/uploads\/2024\/01\/01-landscape-420x294.jpg 420w, https:\/\/minibus.al\/wp-content\/uploads\/2024\/01\/01-landscape-840x588.jpg 840w, https:\/\/minibus.al\/wp-content\/uploads\/2024\/01\/01-landscape-315x220.jpg 315w\" sizes=\"(max-width: 800px) 100vw, 800px\" title=\"\">\t\t\t\t\t\t\t\t\t\t\t\t\t\t\t<\/div>\n\t\t\t\t<div class=\"elementor-element elementor-element-a1e27ad elementor-widget elementor-widget-heading\" data-id=\"a1e27ad\" data-element_type=\"widget\" data-e-type=\"widget\" data-widget_type=\"heading.default\">\n\t\t\t\t\t<h3 class=\"elementor-heading-title elementor-size-default\">Hogyan m\u0171k\u00f6dik?<\/h3>\t\t\t\t<\/div>\n\t\t\t\t<div class=\"elementor-element elementor-element-83c2353 elementor-widget elementor-widget-text-editor\" data-id=\"83c2353\" data-element_type=\"widget\" data-e-type=\"widget\" data-widget_type=\"text-editor.default\">\n\t\t\t\t\t\t\t\t\t<p>A foglal\u00e1s egyszer\u0171: v\u00e1lassza ki az \u00fati c\u00e9lt, az id\u0151pontot \u00e9s a k\u00edv\u00e1nt kisbusz t\u00edpus\u00e1t. Szakmai sof\u0151r\u00fcnk a megadott helyen \u00e9s id\u0151pontban v\u00e1rja \u00d6nt, hogy k\u00e9nyelmes \u00e9s gondtalan utaz\u00e1st biztos\u00edtson. Vegye fel vel\u00fcnk a kapcsolatot m\u00e9g ma, hogy lefoglalja sof\u0151rrel ell\u00e1tott minibusz\u00e1t Tiran\u00e1ban, \u00e9s tegye minden utaz\u00e1s\u00e1t \u2013 legyen az rendezv\u00e9ny, kir\u00e1ndul\u00e1s vagy rep\u00fcl\u0151t\u00e9ri transzfer \u2013 felejthetetlen \u00e9lm\u00e9nny\u00e9.<\/p>\t\t\t\t\t\t\t\t<\/div>\n\t\t\t\t<\/div>\n\t\t<div class=\"elementor-element elementor-element-48e150d e-con-full e-flex e-con e-child\" data-id=\"48e150d\" data-element_type=\"container\" data-e-type=\"container\">\n\t\t<div class=\"elementor-element elementor-element-1a9e61a e-flex e-con-boxed e-con e-child\" data-id=\"1a9e61a\" data-element_type=\"container\" data-e-type=\"container\" data-settings=\"{&quot;background_background&quot;:&quot;classic&quot;}\">\n\t\t\t\t\t<div class=\"e-con-inner\">\n\t\t\t\t<div class=\"elementor-element elementor-element-7723e84 elementor-widget__width-auto elementor-widget elementor-widget-heading\" data-id=\"7723e84\" data-element_type=\"widget\" data-e-type=\"widget\" data-widget_type=\"heading.default\">\n\t\t\t\t\t<h3 class=\"elementor-heading-title elementor-size-default\">10% kedvezm\u00e9ny<\/h3>\t\t\t\t<\/div>\n\t\t\t\t<div class=\"elementor-element elementor-element-c5ce195 elementor-widget__width-auto elementor-widget elementor-widget-heading\" data-id=\"c5ce195\" data-element_type=\"widget\" data-e-type=\"widget\" data-widget_type=\"heading.default\">\n\t\t\t\t\t<div class=\"elementor-heading-title elementor-size-default\">Ak\u00e1r 10% kedvezm\u00e9ny foglal\u00e1sonk\u00e9nt 2026. m\u00e1jus 31-ig!<\/div>\t\t\t\t<\/div>\n\t\t\t\t\t<\/div>\n\t\t\t\t<\/div>\n\t\t<div class=\"elementor-element elementor-element-89932a7 e-con-full e-flex e-con e-child\" data-id=\"89932a7\" data-element_type=\"container\" data-e-type=\"container\">\n\t\t\t\t<div class=\"elementor-element elementor-element-08519e8 elementor-widget__width-initial elementor-widget elementor-widget-image\" data-id=\"08519e8\" data-element_type=\"widget\" data-e-type=\"widget\" data-widget_type=\"image.default\">\n\t\t\t\t\t\t\t\t\t\t\t\t\t\t\t\t<a href=\"#\">\n\t\t\t\t\t\t\t<img decoding=\"async\" width=\"630\" height=\"441\" src=\"https:\/\/minibus.al\/wp-content\/uploads\/2025\/10\/Transfer-416_2268_0182-landscape-630x441-1.jpg\" class=\"attachment-full size-full wp-image-988709\" alt=\"\" srcset=\"https:\/\/minibus.al\/wp-content\/uploads\/2025\/10\/Transfer-416_2268_0182-landscape-630x441-1.jpg 630w, https:\/\/minibus.al\/wp-content\/uploads\/2025\/10\/Transfer-416_2268_0182-landscape-630x441-1-600x420.jpg 600w, https:\/\/minibus.al\/wp-content\/uploads\/2025\/10\/Transfer-416_2268_0182-landscape-630x441-1-300x210.jpg 300w, https:\/\/minibus.al\/wp-content\/uploads\/2025\/10\/Transfer-416_2268_0182-landscape-630x441-1-420x294.jpg 420w, https:\/\/minibus.al\/wp-content\/uploads\/2025\/10\/Transfer-416_2268_0182-landscape-630x441-1-315x221.jpg 315w\" sizes=\"(max-width: 630px) 100vw, 630px\" title=\"\">\t\t\t\t\t\t\t\t<\/a>\n\t\t\t\t\t\t\t\t\t\t\t\t\t\t\t<\/div>\n\t\t\t\t<div class=\"elementor-element elementor-element-123d892 elementor-widget__width-initial elementor-widget elementor-widget-heading\" data-id=\"123d892\" data-element_type=\"widget\" data-e-type=\"widget\" data-widget_type=\"heading.default\">\n\t\t\t\t\t<h3 class=\"elementor-heading-title elementor-size-default\"><a href=\"#\">Mag\u00e1nrep\u00fcl\u0151t\u00e9ri transzfer<\/a><\/h3>\t\t\t\t<\/div>\n\t\t\t\t<\/div>\n\t\t<div class=\"elementor-element elementor-element-2655fa7 e-con-full e-flex e-con e-child\" data-id=\"2655fa7\" data-element_type=\"container\" data-e-type=\"container\">\n\t\t\t\t<div class=\"elementor-element elementor-element-88d6d37 elementor-widget__width-initial elementor-widget elementor-widget-image\" data-id=\"88d6d37\" data-element_type=\"widget\" data-e-type=\"widget\" data-widget_type=\"image.default\">\n\t\t\t\t\t\t\t\t\t\t\t\t\t\t\t\t<a href=\"#\">\n\t\t\t\t\t\t\t<img decoding=\"async\" width=\"800\" height=\"560\" src=\"https:\/\/minibus.al\/wp-content\/uploads\/2024\/01\/Crop800x600-landscape.jpeg\" class=\"attachment-full size-full wp-image-988653\" alt=\"\" srcset=\"https:\/\/minibus.al\/wp-content\/uploads\/2024\/01\/Crop800x600-landscape.jpeg 800w, https:\/\/minibus.al\/wp-content\/uploads\/2024\/01\/Crop800x600-landscape-600x420.jpeg 600w, https:\/\/minibus.al\/wp-content\/uploads\/2024\/01\/Crop800x600-landscape-300x210.jpeg 300w, https:\/\/minibus.al\/wp-content\/uploads\/2024\/01\/Crop800x600-landscape-768x538.jpeg 768w, https:\/\/minibus.al\/wp-content\/uploads\/2024\/01\/Crop800x600-landscape-630x441.jpeg 630w, https:\/\/minibus.al\/wp-content\/uploads\/2024\/01\/Crop800x600-landscape-420x294.jpeg 420w, https:\/\/minibus.al\/wp-content\/uploads\/2024\/01\/Crop800x600-landscape-315x221.jpeg 315w\" sizes=\"(max-width: 800px) 100vw, 800px\" title=\"\">\t\t\t\t\t\t\t\t<\/a>\n\t\t\t\t\t\t\t\t\t\t\t\t\t\t\t<\/div>\n\t\t\t\t<div class=\"elementor-element elementor-element-87f3665 elementor-widget__width-initial elementor-widget elementor-widget-heading\" data-id=\"87f3665\" data-element_type=\"widget\" data-e-type=\"widget\" data-widget_type=\"heading.default\">\n\t\t\t\t\t<h3 class=\"elementor-heading-title elementor-size-default\"><a href=\"#\">Szem\u00e9lyes sof\u0151rrel t\u00f6rt\u00e9n\u0151 transzfer<\/a><\/h3>\t\t\t\t<\/div>\n\t\t\t\t<\/div>\n\t\t\t\t<\/div>\n\t\t\t\t\t<\/div>\n\t\t\t\t<\/div>\n\t\t\t\t<\/div>","protected":false},"excerpt":{"rendered":"<p>Minibus me qira me shofer n\u00eb Tiran\u00eb. Kur planifikoni nj\u00eb udh\u00ebtim, qoft\u00eb p\u00ebr pun\u00eb, pushime apo aktivitete sociale, minibus\u00ebt me qira me shofer n\u00eb Tiran\u00eb ofrojn\u00eb nj\u00eb zgjidhje t\u00eb rehatshme, t\u00eb sigurt dhe fleksib\u00ebl. Nga transfertat n\u00eb aeroport, tek turet kulturore dhe ekskursione n\u00eb natyr\u00eb, k\u00ebto sh\u00ebrbime jan\u00eb t\u00eb p\u00ebrshtatura p\u00ebr \u00e7do nevoj\u00eb dhe grup [&hellip;]<\/p>\n","protected":false},"author":1,"featured_media":0,"parent":0,"menu_order":0,"comment_status":"closed","ping_status":"closed","template":"","meta":{"footnotes":""},"class_list":["post-988794","page","type-page","status-publish","hentry"],"_links":{"self":[{"href":"https:\/\/minibus.al\/hu\/wp-json\/wp\/v2\/pages\/988794","targetHints":{"allow":["GET"]}}],"collection":[{"href":"https:\/\/minibus.al\/hu\/wp-json\/wp\/v2\/pages"}],"about":[{"href":"https:\/\/minibus.al\/hu\/wp-json\/wp\/v2\/types\/page"}],"author":[{"embeddable":true,"href":"https:\/\/minibus.al\/hu\/wp-json\/wp\/v2\/users\/1"}],"replies":[{"embeddable":true,"href":"https:\/\/minibus.al\/hu\/wp-json\/wp\/v2\/comments?post=988794"}],"version-history":[{"count":4,"href":"https:\/\/minibus.al\/hu\/wp-json\/wp\/v2\/pages\/988794\/revisions"}],"predecessor-version":[{"id":988799,"href":"https:\/\/minibus.al\/hu\/wp-json\/wp\/v2\/pages\/988794\/revisions\/988799"}],"wp:attachment":[{"href":"https:\/\/minibus.al\/hu\/wp-json\/wp\/v2\/media?parent=988794"}],"curies":[{"name":"wp","href":"https:\/\/api.w.org\/{rel}","templated":true}]}}