{"id":989279,"date":"2026-03-04T20:03:22","date_gmt":"2026-03-04T20:03:22","guid":{"rendered":"https:\/\/minibus.al\/?page_id=989279"},"modified":"2026-03-05T08:10:37","modified_gmt":"2026-03-05T08:10:37","slug":"%d7%a6%d7%a8%d7%95-%d7%a7%d7%a9%d7%a8","status":"publish","type":"page","link":"https:\/\/minibus.al\/he\/na-kontaktoni\/","title":{"rendered":"\u05e6\u05d5\u05e8\u05d5 \u05e7\u05e9\u05e8"},"content":{"rendered":"<div data-elementor-type=\"wp-page\" data-elementor-id=\"989279\" class=\"elementor elementor-989279\">\n\t\t\t\t<div class=\"elementor-element elementor-element-2088335 e-flex e-con-boxed e-con e-parent\" data-id=\"2088335\" data-element_type=\"container\" data-e-type=\"container\" data-settings=\"{&quot;background_background&quot;:&quot;classic&quot;}\">\n\t\t\t\t\t<div class=\"e-con-inner\">\n\t\t<div class=\"elementor-element elementor-element-834185c e-con-full e-flex e-con e-child\" data-id=\"834185c\" data-element_type=\"container\" data-e-type=\"container\">\n\t\t\t\t<div class=\"elementor-element elementor-element-f5d67ae elementor-widget elementor-widget-heading\" data-id=\"f5d67ae\" data-element_type=\"widget\" data-e-type=\"widget\" data-widget_type=\"heading.default\">\n\t\t\t\t\t<h1 class=\"elementor-heading-title elementor-size-default\">\u05e6\u05e8\u05d5 \u05e7\u05e9\u05e8:<\/h1>\t\t\t\t<\/div>\n\t\t\t\t<div class=\"elementor-element elementor-element-489fe06 elementor-widget elementor-widget-text-editor\" data-id=\"489fe06\" data-element_type=\"widget\" data-e-type=\"widget\" data-widget_type=\"text-editor.default\">\n\t\t\t\t\t\t\t\t\t<p>\u05e6\u05e8\u05d5 \u05e7\u05e9\u05e8 \u05dc\u05d4\u05d6\u05de\u05e0\u05ea \u05de\u05d9\u05e0\u05d9\u05d1\u05d5\u05e1 \u05e2\u05dd \u05e0\u05d4\u05d2 \u05de\u05e7\u05e6\u05d5\u05e2\u05d9 \u05dc\u05d4\u05e1\u05e2\u05d5\u05ea \u05d1\u05d8\u05d5\u05d7\u05d5\u05ea \u05d5\u05e0\u05d5\u05d7\u05d5\u05ea. \u05e9\u05d9\u05e8\u05d5\u05ea \u05de\u05d4\u05d9\u05e8, \u05de\u05d7\u05d9\u05e8\u05d9\u05dd \u05ea\u05d7\u05e8\u05d5\u05ea\u05d9\u05d9\u05dd \u05d5\u05d6\u05de\u05d9\u05e0\u05d5\u05ea \u05d2\u05de\u05d9\u05e9\u05d4 \u05dc\u05e0\u05e1\u05d9\u05e2\u05d5\u05ea \u05e4\u05e0\u05d9\u05de\u05d9\u05d5\u05ea \u05d5\u05d1\u05d9\u05e0\u05dc\u05d0\u05d5\u05de\u05d9\u05d5\u05ea.<\/p>\t\t\t\t\t\t\t\t<\/div>\n\t\t\t\t<\/div>\n\t\t\t\t\t<\/div>\n\t\t\t\t<\/div>\n\t\t<div class=\"elementor-element elementor-element-ede4cba e-flex e-con-boxed e-con e-parent\" data-id=\"ede4cba\" data-element_type=\"container\" data-e-type=\"container\">\n\t\t\t\t\t<div class=\"e-con-inner\">\n\t\t<div class=\"elementor-element elementor-element-c6b18e3 e-con-full e-flex e-con e-child\" data-id=\"c6b18e3\" data-element_type=\"container\" data-e-type=\"container\">\n\t\t\t\t<\/div>\n\t\t<div class=\"elementor-element elementor-element-ada8551 e-con-full e-flex e-con e-child\" data-id=\"ada8551\" data-element_type=\"container\" data-e-type=\"container\">\n\t\t\t\t<div class=\"elementor-element elementor-element-b284cbd elementor-widget elementor-widget-html\" data-id=\"b284cbd\" data-element_type=\"widget\" data-e-type=\"widget\" data-widget_type=\"html.default\">\n\t\t\t\t\t<style>\n  @import url('https:\/\/fonts.googleapis.com\/css2?family=Montserrat:wght@300;400;500;600&display=swap');\n\n  .contact-widget {\n    font-family: 'Montserrat', sans-serif;\n    width: 100%;\n  }\n\n  .contact-widget .cw-label {\n    display: block;\n    font-size: 9px;\n    letter-spacing: 2px;\n    text-transform: uppercase;\n    color: #333;\n    margin-bottom: 5px;\n    font-weight: 600;\n  }\n\n  .contact-widget .cw-field {\n    margin-bottom: 12px;\n  }\n\n  .contact-widget .cw-input,\n  .contact-widget .cw-textarea {\n    width: 100%;\n    padding: 10px 12px;\n    border: 1px solid #ddd;\n    border-radius: 6px;\n    font-family: 'Montserrat', sans-serif;\n    font-size: 13px;\n    font-weight: 300;\n    color: #555;\n    background: #f7f7f7;\n    outline: none;\n    transition: border-color 0.2s, box-shadow 0.2s;\n    box-sizing: border-box;\n  }\n\n  .contact-widget .cw-input::placeholder,\n  .contact-widget .cw-textarea::placeholder {\n    color: #aaa;\n    font-weight: 300;\n  }\n\n  .contact-widget .cw-input:focus,\n  .contact-widget .cw-textarea:focus {\n    border-color: #333;\n    background: #fff;\n    box-shadow: 0 0 0 3px rgba(0,0,0,0.06);\n    color: #111;\n  }\n\n  .contact-widget .cw-textarea {\n    resize: vertical;\n    min-height: 80px;\n  }\n\n  .contact-widget .cw-btn {\n    width: 100%;\n    padding: 12px;\n    background: #111;\n    border: none;\n    border-radius: 6px;\n    color: #fff;\n    font-family: 'Montserrat', sans-serif;\n    font-size: 10px;\n    font-weight: 700;\n    letter-spacing: 2.5px;\n    text-transform: uppercase;\n    cursor: pointer;\n    transition: opacity 0.2s, transform 0.2s;\n    margin-top: 4px;\n  }\n\n  .contact-widget .cw-btn:hover {\n    opacity: 0.85;\n    transform: translateY(-1px);\n  }\n<\/style>\n\n<div class=\"contact-widget\">\n  <form action=\"https:\/\/api.web3forms.com\/submit\" method=\"POST\">\n    <input type=\"hidden\" name=\"access_key\" value=\"079bf77f-e2a8-43d5-9296-15e7c2c5d863\">\n\n    <div class=\"cw-field\">\n      <label class=\"cw-label\">\u05e9\u05dd \u05de\u05dc\u05d0<\/label>\n      <input class=\"cw-input\" type=\"text\" name=\"name\" placeholder=\"\u05e9\u05de\u05da \u05d4\u05de\u05dc\u05d0\" required>\n    <\/div>\n\n    <div class=\"cw-field\">\n      <label class=\"cw-label\">\u05db\u05ea\u05d5\u05d1\u05ea \u05d3\u05d5\u05d0\"\u05dc<\/label>\n      <input class=\"cw-input\" type=\"email\" name=\"email\" placeholder=\"ju@email.com\" required>\n    <\/div>\n\n    <div class=\"cw-field\">\n      <label class=\"cw-label\">\u05de\u05e1\u05e4\u05e8 \u05d5\u05d5\u05d0\u05d8\u05e1\u05d0\u05e4<\/label>\n      <input class=\"cw-input\" type=\"tel\" name=\"phone\" placeholder=\"+355 6X XXX XXXX\" required>\n    <\/div>\n\n    <div class=\"cw-field\">\n      <label class=\"cw-label\">\u05de\u05e1\u05e4\u05e8 \u05e0\u05d5\u05e1\u05e2\u05d9\u05dd<\/label>\n      <input class=\"cw-input\" type=\"number\" name=\"passengers\" placeholder=\"\u05dc\u05de\u05e9\u05dc 2\" min=\"1\" required>\n    <\/div>\n\n    <div class=\"cw-field\">\n      <label class=\"cw-label\">\u05d4\u05d5\u05d3\u05e2\u05d4<\/label>\n      <textarea class=\"cw-textarea\" name=\"message\" placeholder=\"\u05e8\u05d7\u05d5\u05d1, \u05ea\u05d0\u05e8\u05d9\u05da, \u05e9\u05e2\u05d4...\" required><\/textarea>\n    <\/div>\n\n    <button class=\"cw-btn\" type=\"submit\">\u05e9\u05dc\u05d7 \u05d1\u05e7\u05e9\u05d4<\/button>\n  <\/form>\n<\/div>\t\t\t\t<\/div>\n\t\t\t\t<\/div>\n\t\t<div class=\"elementor-element elementor-element-25718be e-con-full e-flex e-con e-child\" data-id=\"25718be\" data-element_type=\"container\" data-e-type=\"container\">\n\t\t\t\t<\/div>\n\t\t\t\t\t<\/div>\n\t\t\t\t<\/div>\n\t\t\t\t<\/div>","protected":false},"excerpt":{"rendered":"<p>Na kontaktoni: Kontaktoni me ne p\u00ebr t\u00eb rezervuar nj\u00eb minibus me shofer profesional p\u00ebr transferime t\u00eb sigurta dhe komode. Sh\u00ebrbim i shpejt\u00eb, \u00e7mime konkurruese dhe disponueshm\u00ebri fleksibile p\u00ebr udh\u00ebtime brenda dhe jasht\u00eb vendit. Emri i Plot\u00eb Adresa Email Numri WhatsApp Numri i Pasagjer\u00ebve Mesazhi D\u00ebrgo K\u00ebrkes\u00ebn<\/p>","protected":false},"author":1,"featured_media":0,"parent":0,"menu_order":0,"comment_status":"closed","ping_status":"closed","template":"elementor_header_footer","meta":{"footnotes":""},"class_list":["post-989279","page","type-page","status-publish","hentry"],"_links":{"self":[{"href":"https:\/\/minibus.al\/he\/wp-json\/wp\/v2\/pages\/989279","targetHints":{"allow":["GET"]}}],"collection":[{"href":"https:\/\/minibus.al\/he\/wp-json\/wp\/v2\/pages"}],"about":[{"href":"https:\/\/minibus.al\/he\/wp-json\/wp\/v2\/types\/page"}],"author":[{"embeddable":true,"href":"https:\/\/minibus.al\/he\/wp-json\/wp\/v2\/users\/1"}],"replies":[{"embeddable":true,"href":"https:\/\/minibus.al\/he\/wp-json\/wp\/v2\/comments?post=989279"}],"version-history":[{"count":48,"href":"https:\/\/minibus.al\/he\/wp-json\/wp\/v2\/pages\/989279\/revisions"}],"predecessor-version":[{"id":989358,"href":"https:\/\/minibus.al\/he\/wp-json\/wp\/v2\/pages\/989279\/revisions\/989358"}],"wp:attachment":[{"href":"https:\/\/minibus.al\/he\/wp-json\/wp\/v2\/media?parent=989279"}],"curies":[{"name":"wp","href":"https:\/\/api.w.org\/{rel}","templated":true}]}}