{"id":989011,"date":"2025-12-16T07:36:43","date_gmt":"2025-12-16T07:36:43","guid":{"rendered":"https:\/\/minibus.al\/?page_id=989011"},"modified":"2025-12-16T07:38:06","modified_gmt":"2025-12-16T07:38:06","slug":"%d7%a2%d7%93-18-%d7%a0%d7%95%d7%a1%d7%a2%d7%99%d7%9d","status":"publish","type":"page","link":"https:\/\/minibus.al\/he\/flota-jone\/deri-ne-18-pasagjere\/","title":{"rendered":"\u05d4\u05e9\u05db\u05e8\u05ea \u05de\u05d9\u05e0\u05d9\u05d1\u05d5\u05e1 \u05e2\u05dd \u05e0\u05d4\u05d2 \u05d1\u05d0\u05dc\u05d1\u05e0\u05d9\u05d4 \u2013 \u05e2\u05d3 18 \u05e0\u05d5\u05e1\u05e2\u05d9\u05dd"},"content":{"rendered":"<div data-elementor-type=\"wp-page\" data-elementor-id=\"989011\" class=\"elementor elementor-989011\">\n\t\t\t\t<div class=\"elementor-element elementor-element-2bde2da e-flex e-con-boxed e-con e-parent\" data-id=\"2bde2da\" data-element_type=\"container\" data-e-type=\"container\" data-settings=\"{&quot;background_background&quot;:&quot;classic&quot;}\">\n\t\t\t\t\t<div class=\"e-con-inner\">\n\t\t<div class=\"elementor-element elementor-element-ee41b66 e-con-full e-flex e-con e-child\" data-id=\"ee41b66\" data-element_type=\"container\" data-e-type=\"container\">\n\t\t\t\t<div class=\"elementor-element elementor-element-abd650d elementor-widget elementor-widget-heading\" data-id=\"abd650d\" data-element_type=\"widget\" data-e-type=\"widget\" data-widget_type=\"heading.default\">\n\t\t\t\t\t<h1 class=\"elementor-heading-title elementor-size-default\">\u05d4\u05e9\u05db\u05e8\u05ea \u05de\u05d9\u05e0\u05d9\u05d1\u05d5\u05e1 \u05e2\u05dd \u05e0\u05d4\u05d2 \u05d1\u05d0\u05dc\u05d1\u05e0\u05d9\u05d4 \u2013 \u05e2\u05d3 18 \u05e0\u05d5\u05e1\u05e2\u05d9\u05dd<\/h1>\t\t\t\t<\/div>\n\t\t\t\t<div class=\"elementor-element elementor-element-b53403e elementor-widget elementor-widget-text-editor\" data-id=\"b53403e\" data-element_type=\"widget\" data-e-type=\"widget\" data-widget_type=\"text-editor.default\">\n\t\t\t\t\t\t\t\t\t<p>\u05d4\u05d6\u05de\u05d9\u05e0\u05d5 \u05e2\u05db\u05e9\u05d9\u05d5 \u05de\u05d9\u05e0\u05d9\u05d1\u05d5\u05e1 \u05e2\u05dd \u05e0\u05d4\u05d2 \u05d1\u05d0\u05dc\u05d1\u05e0\u05d9\u05d4 \u05dc\u05e7\u05d1\u05d5\u05e6\u05d5\u05ea \u05e9\u05dc \u05e2\u05d3 18 \u05d0\u05d9\u05e9. \u05ea\u05d7\u05d1\u05d5\u05e8\u05d4 \u05d1\u05d8\u05d5\u05d7\u05d4 \u05d5\u05e0\u05d5\u05d7\u05d4 \u05d1\u05d8\u05d9\u05e8\u05e0\u05d4, \u05d3\u05d5\u05e8\u05e1, \u05e9\u05e7\u05d5\u05d3\u05e8 \u05d5\u05d9\u05e2\u05d3\u05d9\u05dd \u05d0\u05d7\u05e8\u05d9\u05dd \u05dc\u05ea\u05d9\u05d9\u05e8\u05d5\u05ea, \u05d0\u05d9\u05e8\u05d5\u05e2\u05d9\u05dd \u05d5\u05e0\u05e1\u05d9\u05e2\u05d5\u05ea \u05e2\u05e1\u05e7\u05d9\u05dd.<\/p>\t\t\t\t\t\t\t\t<\/div>\n\t\t\t\t<\/div>\n\t\t\t\t\t<\/div>\n\t\t\t\t<\/div>\n\t\t<div class=\"elementor-element elementor-element-e125e23 e-flex e-con-boxed e-con e-parent\" data-id=\"e125e23\" data-element_type=\"container\" data-e-type=\"container\" data-settings=\"{&quot;background_background&quot;:&quot;classic&quot;}\">\n\t\t\t\t\t<div class=\"e-con-inner\">\n\t\t<div class=\"elementor-element elementor-element-5a9d3ce e-con-full e-flex e-con e-child\" data-id=\"5a9d3ce\" data-element_type=\"container\" data-e-type=\"container\">\n\t\t\t\t<div class=\"elementor-element elementor-element-cf95fae elementor-widget elementor-widget-text-editor\" data-id=\"cf95fae\" data-element_type=\"widget\" data-e-type=\"widget\" data-widget_type=\"text-editor.default\">\n\t\t\t\t\t\t\t\t\t<p>\u05d0\u05e0\u05d5 \u05de\u05e6\u05d9\u05e2\u05d9\u05dd \u05e9\u05d9\u05e8\u05d5\u05ea \u05d4\u05e9\u05db\u05e8\u05ea \u05de\u05d9\u05e0\u05d9\u05d1\u05d5\u05e1 \u05e2\u05dd \u05e0\u05d4\u05d2 \u05d1\u05e8\u05d7\u05d1\u05d9 \u05d0\u05dc\u05d1\u05e0\u05d9\u05d4, \u05d0\u05d9\u05d3\u05d9\u05d0\u05dc\u05d9 \u05dc\u05e7\u05d1\u05d5\u05e6\u05d5\u05ea \u05e9\u05dc \u05e2\u05d3 18 \u05e0\u05d5\u05e1\u05e2\u05d9\u05dd. \u05e9\u05d9\u05e8\u05d5\u05ea \u05d6\u05d4 \u05e0\u05d5\u05e2\u05d3 \u05dc\u05d4\u05d1\u05d8\u05d9\u05d7 \u05dc\u05db\u05dd \u05d8\u05d9\u05d5\u05dc\u05d9\u05dd \u05e0\u05d5\u05d7\u05d9\u05dd, \u05d1\u05d8\u05d5\u05d7\u05d9\u05dd \u05d5\u05de\u05d0\u05d5\u05e8\u05d2\u05e0\u05d9\u05dd, \u05d1\u05d9\u05df \u05d0\u05dd \u05d0\u05ea\u05dd \u05e0\u05d5\u05e1\u05e2\u05d9\u05dd \u05dc\u05de\u05d8\u05e8\u05d5\u05ea \u05ea\u05d9\u05d9\u05e8\u05d5\u05ea, \u05d0\u05d9\u05e8\u05d5\u05e2\u05d9\u05dd \u05d0\u05d5 \u05d4\u05ea\u05d7\u05d9\u05d9\u05d1\u05d5\u05d9\u05d5\u05ea \u05e2\u05d1\u05d5\u05d3\u05d4.<\/p>\t\t\t\t\t\t\t\t<\/div>\n\t\t\t\t<div class=\"elementor-element elementor-element-4f2db3b elementor-widget elementor-widget-heading\" data-id=\"4f2db3b\" data-element_type=\"widget\" data-e-type=\"widget\" data-widget_type=\"heading.default\">\n\t\t\t\t\t<h3 class=\"elementor-heading-title elementor-size-default\">\u05d9\u05db\u05d5\u05dc\u05ea \u05d4\u05e1\u05ea\u05d2\u05dc\u05d5\u05ea \u05dc\u05e7\u05d1\u05d5\u05e6\u05d5\u05ea \u05e9\u05d5\u05e0\u05d5\u05ea<\/h3>\t\t\t\t<\/div>\n\t\t\t\t<div class=\"elementor-element elementor-element-30d43d6 elementor-widget elementor-widget-text-editor\" data-id=\"30d43d6\" data-element_type=\"widget\" data-e-type=\"widget\" data-widget_type=\"text-editor.default\">\n\t\t\t\t\t\t\t\t\t\u05d4\u05de\u05d9\u05e0\u05d9\u05d1\u05d5\u05e1\u05d9\u05dd \u05e9\u05dc\u05e0\u05d5 \u05d4\u05dd \u05d4\u05d1\u05d7\u05d9\u05e8\u05d4 \u05d4\u05de\u05d5\u05e9\u05dc\u05de\u05ea \u05e2\u05d1\u05d5\u05e8 \u05e1\u05d5\u05db\u05e0\u05d5\u05d9\u05d5\u05ea \u05e0\u05e1\u05d9\u05e2\u05d5\u05ea, \u05de\u05e9\u05e4\u05d7\u05d5\u05ea, \u05e7\u05d1\u05d5\u05e6\u05d5\u05ea \u05d7\u05d1\u05e8\u05d9\u05dd, \u05d7\u05d1\u05e8\u05d5\u05ea, \u05de\u05d0\u05e8\u05d2\u05e0\u05d9 \u05d0\u05d9\u05e8\u05d5\u05e2\u05d9\u05dd \u05d5\u05de\u05d0\u05e8\u05d2\u05e0\u05d9 \u05e4\u05e2\u05d9\u05dc\u05d5\u05d9\u05d5\u05ea \u05d4\u05de\u05d7\u05e4\u05e9\u05d9\u05dd \u05ea\u05d7\u05d1\u05d5\u05e8\u05d4 \u05e1\u05d3\u05d9\u05e8\u05d4 \u05d5\u05de\u05e7\u05e6\u05d5\u05e2\u05d9\u05ea. \u05d1\u05ea\u05e2\u05e9\u05d9\u05d9\u05ea \u05d4\u05ea\u05d9\u05d9\u05e8\u05d5\u05ea, \u05d0\u05e0\u05d5 \u05de\u05e6\u05d9\u05e2\u05d9\u05dd \u05de\u05e1\u05dc\u05d5\u05dc\u05d9 \u05e0\u05e1\u05d9\u05e2\u05d4 \u05d2\u05de\u05d9\u05e9\u05d9\u05dd, \u05e2\u05e6\u05d9\u05e8\u05d5\u05ea \u05d0\u05d5\u05e4\u05e6\u05d9\u05d5\u05e0\u05dc\u05d9\u05d5\u05ea \u05d5\u05e0\u05d4\u05d2\u05d9\u05dd \u05de\u05e0\u05d5\u05e1\u05d9\u05dd \u05d4\u05de\u05db\u05d9\u05e8\u05d9\u05dd \u05db\u05dc \u05e7\u05d8\u05e2 \u05d1\u05db\u05d1\u05d9\u05e9\u05d9\u05dd \u05d4\u05d0\u05dc\u05d1\u05e0\u05d9\u05d9\u05dd. \u05d1\u05e2\u05d5\u05d3 \u05e9\u05d1\u05ea\u05e2\u05e9\u05d9\u05d9\u05ea \u05d4\u05d0\u05d9\u05e8\u05d5\u05e2\u05d9\u05dd, \u05d0\u05e0\u05d5 \u05de\u05d1\u05d8\u05d9\u05d7\u05d9\u05dd \u05e9\u05d4\u05e1\u05e2\u05d5\u05ea \u05e7\u05d1\u05d5\u05e6\u05d5\u05ea \u05d9\u05d4\u05d9\u05d5 \u05e0\u05d8\u05d5\u05dc\u05d5\u05ea \u05d3\u05d0\u05d2\u05d5\u05ea - \u05d4\u05d7\u05dc \u05de\u05d7\u05ea\u05d5\u05e0\u05d5\u05ea \u05d5\u05d0\u05d9\u05e8\u05d5\u05e2\u05d9\u05dd \u05e2\u05e1\u05e7\u05d9\u05d9\u05dd, \u05d5\u05e2\u05d3 \u05e7\u05d5\u05e0\u05e6\u05e8\u05d8\u05d9\u05dd, \u05db\u05e0\u05e1\u05d9\u05dd, \u05d7\u05d2\u05d9\u05d2\u05d5\u05ea \u05de\u05e9\u05e4\u05d7\u05ea\u05d9\u05d5\u05ea \u05d5\u05e4\u05e2\u05d9\u05dc\u05d5\u05d9\u05d5\u05ea \u05e1\u05e4\u05d5\u05e8\u05d8.\t\t\t\t\t\t\t\t<\/div>\n\t\t\t\t<div class=\"elementor-element elementor-element-094774e elementor-widget elementor-widget-heading\" data-id=\"094774e\" data-element_type=\"widget\" data-e-type=\"widget\" data-widget_type=\"heading.default\">\n\t\t\t\t\t<h3 class=\"elementor-heading-title elementor-size-default\">\u05de\u05d9\u05e0\u05d9\u05d1\u05d5\u05e1 \u05dc\u05d4\u05e9\u05db\u05e8\u05d4 \u05d1\u05d8\u05d9\u05e8\u05e0\u05d4 \u05d5\u05d4\u05e1\u05d1\u05d9\u05d1\u05d4.<br><\/h3>\t\t\t\t<\/div>\n\t\t\t\t<div class=\"elementor-element elementor-element-c2badbf elementor-widget elementor-widget-text-editor\" data-id=\"c2badbf\" data-element_type=\"widget\" data-e-type=\"widget\" data-widget_type=\"text-editor.default\">\n\t\t\t\t\t\t\t\t\t\u05e9\u05d9\u05e8\u05d5\u05ea \u05d4\u05e9\u05db\u05e8\u05ea \u05d4\u05de\u05d9\u05e0\u05d9\u05d1\u05d5\u05e1 \u05e9\u05dc\u05e0\u05d5 \u05de\u05db\u05e1\u05d4 \u05d0\u05ea \u05d4\u05e2\u05e8\u05d9\u05dd \u05d4\u05de\u05e8\u05db\u05d6\u05d9\u05d5\u05ea \u05e9\u05dc \u05d0\u05dc\u05d1\u05e0\u05d9\u05d4, \u05db\u05d5\u05dc\u05dc \u05d8\u05d9\u05e8\u05e0\u05d4, \u05d3\u05d5\u05e8\u05e1, \u05e9\u05e7\u05d5\u05d3\u05e8\u05d4, \u05d5\u05dc\u05d5\u05e8\u05d4, \u05e1\u05e8\u05e0\u05d3\u05d4, \u05d1\u05e8\u05d0\u05d8, \u05d2'\u05d9\u05e8\u05d5\u05e7\u05e1\u05d8\u05e8\u05d4, \u05e7\u05d5\u05e8\u05e6\u05d4, \u05d0\u05dc\u05d1\u05e1\u05d0\u05df \u05d5\u05dc\u05d6\u05d4. \u05de\u05e9\u05d3\u05d4 \u05d4\u05ea\u05e2\u05d5\u05e4\u05d4 \u05e9\u05dc \u05d8\u05d9\u05e8\u05e0\u05d4 \u05d5\u05e2\u05d3 \u05dc\u05d7\u05d5\u05e3 \u05d4\u05d3\u05e8\u05d5\u05de\u05d9 \u05d0\u05d5 \u05dc\u05e2\u05e8\u05d9 \u05de\u05d5\u05d6\u05d9\u05d0\u05d5\u05e0\u05d9\u05dd, \u05d0\u05e0\u05d5 \u05de\u05e6\u05d9\u05e2\u05d9\u05dd \u05d4\u05e1\u05e2\u05d5\u05ea \u05d1\u05d8\u05d5\u05d7\u05d5\u05ea \u05d5\u05de\u05d5\u05ea\u05d0\u05de\u05d5\u05ea \u05dc\u05dc\u05d5\u05d7\u05d5\u05ea \u05d4\u05d6\u05de\u05e0\u05d9\u05dd \u05d5\u05dc\u05e6\u05e8\u05db\u05d9\u05dd \u05e9\u05dc\u05db\u05dd.\t\t\t\t\t\t\t\t<\/div>\n\t\t\t\t<div class=\"elementor-element elementor-element-0e04ef8 elementor-widget elementor-widget-heading\" data-id=\"0e04ef8\" data-element_type=\"widget\" data-e-type=\"widget\" data-widget_type=\"heading.default\">\n\t\t\t\t\t<h3 class=\"elementor-heading-title elementor-size-default\">\u05e0\u05d4\u05d2\u05d9\u05dd \u05de\u05e7\u05e6\u05d5\u05e2\u05d9\u05d9\u05dd \u05d5\u05e0\u05e1\u05d9\u05e2\u05d4 \u05d1\u05d8\u05d5\u05d7\u05d4<\/h3>\t\t\t\t<\/div>\n\t\t\t\t<div class=\"elementor-element elementor-element-f2e72c7 elementor-widget elementor-widget-text-editor\" data-id=\"f2e72c7\" data-element_type=\"widget\" data-e-type=\"widget\" data-widget_type=\"text-editor.default\">\n\t\t\t\t\t\t\t\t\t\u05db\u05dc \u05e0\u05e1\u05d9\u05e2\u05d4 \u05de\u05ea\u05d1\u05e6\u05e2\u05ea \u05e2\u05dc \u05d9\u05d3\u05d9 \u05e0\u05d4\u05d2\u05d9\u05dd \u05de\u05e7\u05e6\u05d5\u05e2\u05d9\u05d9\u05dd, \u05de\u05d9\u05d5\u05de\u05e0\u05d9\u05dd \u05d5\u05d1\u05e2\u05dc\u05d9 \u05e8\u05d9\u05e9\u05d9\u05d5\u05df. \u05d4\u05de\u05d9\u05e0\u05d9\u05d1\u05d5\u05e1\u05d9\u05dd \u05e9\u05dc\u05e0\u05d5 \u05de\u05d1\u05d8\u05d9\u05d7\u05d9\u05dd \u05e0\u05d5\u05d7\u05d5\u05ea, \u05de\u05d9\u05d6\u05d5\u05d2 \u05d0\u05d5\u05d5\u05d9\u05e8, \u05de\u05e7\u05d5\u05dd \u05dc\u05de\u05d8\u05e2\u05df \u05d5\u05d7\u05d5\u05d5\u05d9\u05d9\u05ea \u05e0\u05e1\u05d9\u05e2\u05d4 \u05de\u05dc\u05d0\u05d4, \u05de\u05d4 \u05e9\u05d4\u05d5\u05e4\u05da \u05db\u05dc \u05de\u05e1\u05dc\u05d5\u05dc \u05dc\u05d7\u05dc\u05e7 \u05d5\u05de\u05d4\u05e0\u05d4.\t\t\t\t\t\t\t\t<\/div>\n\t\t\t\t<div class=\"elementor-element elementor-element-23592db elementor-widget elementor-widget-heading\" data-id=\"23592db\" data-element_type=\"widget\" data-e-type=\"widget\" data-widget_type=\"heading.default\">\n\t\t\t\t\t<h3 class=\"elementor-heading-title elementor-size-default\">\u05dc\u05de\u05d4 minibus.al?<\/h3>\t\t\t\t<\/div>\n\t\t\t\t<div class=\"elementor-element elementor-element-288ca7f elementor-widget elementor-widget-text-editor\" data-id=\"288ca7f\" data-element_type=\"widget\" data-e-type=\"widget\" data-widget_type=\"text-editor.default\">\n\t\t\t\t\t\t\t\t\t\u05d0\u05e0\u05d5 \u05de\u05d1\u05d9\u05e0\u05d9\u05dd \u05e9\u05dc\u05db\u05dc \u05e0\u05e1\u05d9\u05e2\u05d4 \u05d9\u05e9 \u05e6\u05e8\u05db\u05d9\u05dd \u05e9\u05d5\u05e0\u05d9\u05dd. \u05de\u05e1\u05d9\u05d1\u05d4 \u05d6\u05d5, \u05d0\u05e0\u05d5 \u05de\u05e6\u05d9\u05e2\u05d9\u05dd \u05de\u05d2\u05d5\u05d5\u05df \u05de\u05d9\u05e0\u05d9\u05d1\u05d5\u05e1\u05d9\u05dd \u05dc\u05e7\u05d1\u05d5\u05e6\u05d5\u05ea \u05e7\u05d8\u05e0\u05d5\u05ea \u05d5\u05d2\u05d3\u05d5\u05dc\u05d5\u05ea, \u05de\u05e1\u05dc\u05d5\u05dc\u05d9 \u05d8\u05d9\u05d5\u05dc \u05de\u05d5\u05ea\u05d0\u05de\u05d9\u05dd \u05d0\u05d9\u05e9\u05d9\u05ea \u05d5\u05e0\u05d4\u05d2\u05d9\u05dd \u05de\u05d0\u05d5\u05de\u05e0\u05d9\u05dd \u05de\u05e7\u05e6\u05d5\u05e2\u05d9\u05ea. \u05d1\u05d8\u05d9\u05d7\u05d5\u05ea, \u05e0\u05d5\u05d7\u05d5\u05ea \u05d5\u05de\u05e7\u05e6\u05d5\u05e2\u05d9\u05d5\u05ea \u05d4\u05dd \u05e2\u05e7\u05e8\u05d5\u05e0\u05d5\u05ea \u05d4\u05dc\u05d9\u05d1\u05d4 \u05e9\u05dc\u05e0\u05d5, \u05db\u05d3\u05d9 \u05dc\u05d4\u05d1\u05d8\u05d9\u05d7 \u05d7\u05d5\u05d5\u05d9\u05d4 \u05e0\u05e2\u05d9\u05de\u05d4 \u05d5\u05d7\u05dc\u05e7\u05d4 \u05dc\u05db\u05dc \u05e0\u05d5\u05e1\u05e2.\t\t\t\t\t\t\t\t<\/div>\n\t\t\t\t<div class=\"elementor-element elementor-element-6d08aec elementor-widget elementor-widget-image\" data-id=\"6d08aec\" data-element_type=\"widget\" data-e-type=\"widget\" data-widget_type=\"image.default\">\n\t\t\t\t\t\t\t\t\t\t\t\t\t\t\t<img fetchpriority=\"high\" decoding=\"async\" width=\"800\" height=\"560\" src=\"https:\/\/minibus.al\/wp-content\/uploads\/2024\/01\/01-landscape.jpg\" class=\"attachment-large size-large wp-image-988652\" alt=\"\" srcset=\"https:\/\/minibus.al\/wp-content\/uploads\/2024\/01\/01-landscape.jpg 893w, https:\/\/minibus.al\/wp-content\/uploads\/2024\/01\/01-landscape-600x420.jpg 600w, https:\/\/minibus.al\/wp-content\/uploads\/2024\/01\/01-landscape-300x210.jpg 300w, https:\/\/minibus.al\/wp-content\/uploads\/2024\/01\/01-landscape-768x538.jpg 768w, https:\/\/minibus.al\/wp-content\/uploads\/2024\/01\/01-landscape-630x441.jpg 630w, https:\/\/minibus.al\/wp-content\/uploads\/2024\/01\/01-landscape-420x294.jpg 420w, https:\/\/minibus.al\/wp-content\/uploads\/2024\/01\/01-landscape-840x588.jpg 840w, https:\/\/minibus.al\/wp-content\/uploads\/2024\/01\/01-landscape-315x220.jpg 315w\" sizes=\"(max-width: 800px) 100vw, 800px\" title=\"\">\t\t\t\t\t\t\t\t\t\t\t\t\t\t\t<\/div>\n\t\t\t\t<div class=\"elementor-element elementor-element-1e7cd0e elementor-widget elementor-widget-heading\" data-id=\"1e7cd0e\" data-element_type=\"widget\" data-e-type=\"widget\" data-widget_type=\"heading.default\">\n\t\t\t\t\t<h3 class=\"elementor-heading-title elementor-size-default\">\u05e0\u05d5\u05d7\u05d5\u05ea \u05d5\u05e0\u05d5\u05d7\u05d5\u05ea \u05de\u05e7\u05e1\u05d9\u05de\u05dc\u05d9\u05d5\u05ea<\/h3>\t\t\t\t<\/div>\n\t\t\t\t<div class=\"elementor-element elementor-element-61ae5bf elementor-widget elementor-widget-text-editor\" data-id=\"61ae5bf\" data-element_type=\"widget\" data-e-type=\"widget\" data-widget_type=\"text-editor.default\">\n\t\t\t\t\t\t\t\t\t<p>\u05d0\u05dd \u05d0\u05ea\u05dd \u05d6\u05e7\u05d5\u05e7\u05d9\u05dd \u05dc\u05e9\u05d9\u05e8\u05d5\u05ea \u05d0\u05de\u05d9\u05df \u05de\u05d3\u05dc\u05ea \u05dc\u05d3\u05dc\u05ea \u05e2\u05d1\u05d5\u05e8 \u05e7\u05d1\u05d5\u05e6\u05d5\u05ea \u05e7\u05d8\u05e0\u05d5\u05ea, \u05d4\u05de\u05d9\u05e0\u05d9\u05d1\u05d5\u05e1\u05d9\u05dd \u05e2\u05dd \u05e0\u05d4\u05d2 \u05e9\u05dc\u05e0\u05d5 \u05d4\u05dd \u05d4\u05d1\u05d7\u05d9\u05e8\u05d4 \u05d4\u05d0\u05d9\u05d3\u05d9\u05d0\u05dc\u05d9\u05ea. \u05d0\u05e0\u05d5 \u05d3\u05d5\u05d0\u05d2\u05d9\u05dd \u05dc\u05db\u05dc \u05e4\u05e8\u05d8 - \u05d4\u05de\u05e1\u05dc\u05d5\u05dc, \u05dc\u05d5\u05d7\u05d5\u05ea \u05d4\u05d6\u05de\u05e0\u05d9\u05dd, \u05d4\u05e2\u05e6\u05d9\u05e8\u05d5\u05ea \u05d5\u05d4\u05e0\u05d5\u05d7\u05d5\u05ea - \u05db\u05da \u05e9\u05ea\u05d5\u05db\u05dc\u05d5 \u05dc\u05d4\u05ea\u05de\u05e7\u05d3 \u05e8\u05e7 \u05d1\u05d8\u05d9\u05d5\u05dc \u05d5\u05d1\u05d7\u05d5\u05d5\u05d9\u05d4.<\/p>\t\t\t\t\t\t\t\t<\/div>\n\t\t\t\t<\/div>\n\t\t<div class=\"elementor-element elementor-element-21695eb e-con-full e-flex e-con e-child\" data-id=\"21695eb\" data-element_type=\"container\" data-e-type=\"container\">\n\t\t<div class=\"elementor-element elementor-element-9e6287b e-flex e-con-boxed e-con e-child\" data-id=\"9e6287b\" data-element_type=\"container\" data-e-type=\"container\" data-settings=\"{&quot;background_background&quot;:&quot;classic&quot;}\">\n\t\t\t\t\t<div class=\"e-con-inner\">\n\t\t\t\t<div class=\"elementor-element elementor-element-be48760 elementor-widget__width-auto elementor-widget elementor-widget-heading\" data-id=\"be48760\" data-element_type=\"widget\" data-e-type=\"widget\" data-widget_type=\"heading.default\">\n\t\t\t\t\t<h3 class=\"elementor-heading-title elementor-size-default\">10% \u05d4\u05e0\u05d7\u05d4<\/h3>\t\t\t\t<\/div>\n\t\t\t\t<div class=\"elementor-element elementor-element-3de29c3 elementor-widget__width-auto elementor-widget elementor-widget-heading\" data-id=\"3de29c3\" data-element_type=\"widget\" data-e-type=\"widget\" data-widget_type=\"heading.default\">\n\t\t\t\t\t<div class=\"elementor-heading-title elementor-size-default\">\u05e2\u05d3 10% \u05d4\u05e0\u05d7\u05d4 \u05e2\u05dc \u05db\u05dc \u05d4\u05d6\u05de\u05e0\u05d4 \u05e2\u05d3 31 \u05d1\u05de\u05d0\u05d9 2026!<\/div>\t\t\t\t<\/div>\n\t\t\t\t\t<\/div>\n\t\t\t\t<\/div>\n\t\t<div class=\"elementor-element elementor-element-59e80db e-con-full e-flex e-con e-child\" data-id=\"59e80db\" data-element_type=\"container\" data-e-type=\"container\">\n\t\t\t\t<div class=\"elementor-element elementor-element-02125ec elementor-widget__width-initial elementor-widget elementor-widget-heading\" data-id=\"02125ec\" data-element_type=\"widget\" data-e-type=\"widget\" data-widget_type=\"heading.default\">\n\t\t\t\t\t<h3 class=\"elementor-heading-title elementor-size-default\"><a href=\"https:\/\/minibus.al\/he\/%d7%9e%d7%99%d7%a0%d7%99%d7%91%d7%95%d7%a1-%d7%9c%d7%94%d7%a9%d7%9b%d7%a8%d7%94-%d7%a2%d7%9d-%d7%a0%d7%94%d7%92-%d7%9c%d7%98%d7%99%d7%95%d7%9c\/\">\u05de\u05d9\u05e0\u05d9\u05d1\u05d5\u05e1 \u05dc\u05d4\u05e9\u05db\u05e8\u05d4 \u05dc\u05ea\u05d9\u05d9\u05e8\u05d9\u05dd<\/a><\/h3>\t\t\t\t<\/div>\n\t\t\t\t<\/div>\n\t\t<div class=\"elementor-element elementor-element-d78acf1 e-con-full e-flex e-con e-child\" data-id=\"d78acf1\" data-element_type=\"container\" data-e-type=\"container\">\n\t\t\t\t<div class=\"elementor-element elementor-element-7db6655 elementor-widget__width-initial elementor-widget elementor-widget-heading\" data-id=\"7db6655\" data-element_type=\"widget\" data-e-type=\"widget\" data-widget_type=\"heading.default\">\n\t\t\t\t\t<h3 class=\"elementor-heading-title elementor-size-default\"><a href=\"https:\/\/minibus.al\/he\/%d7%9e%d7%99%d7%a0%d7%99%d7%91%d7%95%d7%a1-%d7%9c%d7%94%d7%a9%d7%9b%d7%a8%d7%94-%d7%a2%d7%9d-%d7%a0%d7%94%d7%92-%d7%9c%d7%90%d7%99%d7%a8%d7%95%d7%a2%d7%99%d7%9d\/\">\u05d4\u05e9\u05db\u05e8\u05ea \u05de\u05d9\u05e0\u05d9\u05d1\u05d5\u05e1 \u05dc\u05d0\u05d9\u05e8\u05d5\u05e2\u05d9\u05dd<\/a><\/h3>\t\t\t\t<\/div>\n\t\t\t\t<\/div>\n\t\t<div class=\"elementor-element elementor-element-9e5c0e6 e-con-full e-flex e-con e-child\" data-id=\"9e5c0e6\" data-element_type=\"container\" data-e-type=\"container\">\n\t\t\t\t<div class=\"elementor-element elementor-element-9e8ecef elementor-widget__width-initial elementor-widget elementor-widget-heading\" data-id=\"9e8ecef\" data-element_type=\"widget\" data-e-type=\"widget\" data-widget_type=\"heading.default\">\n\t\t\t\t\t<h3 class=\"elementor-heading-title elementor-size-default\"><a href=\"https:\/\/minibus.al\/he\/%d7%9e%d7%99%d7%a0%d7%99%d7%91%d7%95%d7%a1-%d7%9c%d7%94%d7%a9%d7%9b%d7%a8%d7%94-%d7%91%d7%a9%d7%93%d7%94-%d7%94%d7%aa%d7%a2%d7%95%d7%a4%d7%94-%d7%a9%d7%9c-%d7%98%d7%99%d7%a8%d7%a0%d7%94\/\">\u05d4\u05e1\u05e2\u05d5\u05ea \u05e4\u05e8\u05d8\u05d9\u05d5\u05ea \u05de\u05e9\u05d3\u05d4 \u05d4\u05ea\u05e2\u05d5\u05e4\u05d4<\/a><\/h3>\t\t\t\t<\/div>\n\t\t\t\t<\/div>\n\t\t\t\t<\/div>\n\t\t\t\t\t<\/div>\n\t\t\t\t<\/div>\n\t\t\t\t<\/div>","protected":false},"excerpt":{"rendered":"<p>Minibus me qira me shofer n\u00eb Shqip\u00ebri \u2013 deri n\u00eb 18 pasagjer\u00eb Rezervo tani minibus me shofer n\u00eb Shqip\u00ebri p\u00ebr grupe deri n\u00eb 18 persona. Transport i sigurt dhe i komod n\u00eb Tiran\u00eb, Durr\u00ebs, Shkod\u00ebr dhe destinacione t\u00eb tjera p\u00ebr turiz\u00ebm, evente dhe udh\u00ebtime biznesi. Ne ofrojm\u00eb sh\u00ebrbimin e minibuseve me qira me shofer n\u00eb [&hellip;]<\/p>\n","protected":false},"author":1,"featured_media":988652,"parent":988966,"menu_order":0,"comment_status":"closed","ping_status":"closed","template":"","meta":{"footnotes":""},"class_list":["post-989011","page","type-page","status-publish","has-post-thumbnail","hentry"],"_links":{"self":[{"href":"https:\/\/minibus.al\/he\/wp-json\/wp\/v2\/pages\/989011","targetHints":{"allow":["GET"]}}],"collection":[{"href":"https:\/\/minibus.al\/he\/wp-json\/wp\/v2\/pages"}],"about":[{"href":"https:\/\/minibus.al\/he\/wp-json\/wp\/v2\/types\/page"}],"author":[{"embeddable":true,"href":"https:\/\/minibus.al\/he\/wp-json\/wp\/v2\/users\/1"}],"replies":[{"embeddable":true,"href":"https:\/\/minibus.al\/he\/wp-json\/wp\/v2\/comments?post=989011"}],"version-history":[{"count":8,"href":"https:\/\/minibus.al\/he\/wp-json\/wp\/v2\/pages\/989011\/revisions"}],"predecessor-version":[{"id":989019,"href":"https:\/\/minibus.al\/he\/wp-json\/wp\/v2\/pages\/989011\/revisions\/989019"}],"up":[{"embeddable":true,"href":"https:\/\/minibus.al\/he\/wp-json\/wp\/v2\/pages\/988966"}],"wp:featuredmedia":[{"embeddable":true,"href":"https:\/\/minibus.al\/he\/wp-json\/wp\/v2\/media\/988652"}],"wp:attachment":[{"href":"https:\/\/minibus.al\/he\/wp-json\/wp\/v2\/media?parent=989011"}],"curies":[{"name":"wp","href":"https:\/\/api.w.org\/{rel}","templated":true}]}}