{"id":988794,"date":"2025-10-15T11:45:54","date_gmt":"2025-10-15T11:45:54","guid":{"rendered":"https:\/\/minibus.al\/?page_id=988794"},"modified":"2025-10-15T11:45:55","modified_gmt":"2025-10-15T11:45:55","slug":"%d7%9e%d7%99%d7%a0%d7%99%d7%91%d7%95%d7%a1-%d7%9c%d7%94%d7%a9%d7%9b%d7%a8%d7%94-%d7%a2%d7%9d-%d7%a0%d7%94%d7%92-%d7%91%d7%98%d7%99%d7%a8%d7%a0%d7%94","status":"publish","type":"page","link":"https:\/\/minibus.al\/he\/minibus-me-qira-me-shofer-ne-tirane\/","title":{"rendered":"\u05de\u05d9\u05e0\u05d9\u05d1\u05d5\u05e1 \u05dc\u05d4\u05e9\u05db\u05e8\u05d4 \u05e2\u05dd \u05e0\u05d4\u05d2 \u05d1\u05d8\u05d9\u05e8\u05e0\u05d4."},"content":{"rendered":"<div data-elementor-type=\"wp-page\" data-elementor-id=\"988794\" class=\"elementor elementor-988794\">\n\t\t\t\t<div class=\"elementor-element elementor-element-95c19ac e-flex e-con-boxed e-con e-parent\" data-id=\"95c19ac\" data-element_type=\"container\" data-e-type=\"container\" data-settings=\"{&quot;background_background&quot;:&quot;classic&quot;}\">\n\t\t\t\t\t<div class=\"e-con-inner\">\n\t\t<div class=\"elementor-element elementor-element-f318dce e-con-full e-flex e-con e-child\" data-id=\"f318dce\" data-element_type=\"container\" data-e-type=\"container\">\n\t\t\t\t<div class=\"elementor-element elementor-element-f98cf93 elementor-widget elementor-widget-heading\" data-id=\"f98cf93\" data-element_type=\"widget\" data-e-type=\"widget\" data-widget_type=\"heading.default\">\n\t\t\t\t\t<h1 class=\"elementor-heading-title elementor-size-default\">\u05de\u05d9\u05e0\u05d9\u05d1\u05d5\u05e1 \u05dc\u05d4\u05e9\u05db\u05e8\u05d4 \u05e2\u05dd \u05e0\u05d4\u05d2 \u05d1\u05d8\u05d9\u05e8\u05e0\u05d4.\n<\/h1>\t\t\t\t<\/div>\n\t\t\t\t<\/div>\n\t\t\t\t\t<\/div>\n\t\t\t\t<\/div>\n\t\t<div class=\"elementor-element elementor-element-758a64b e-flex e-con-boxed e-con e-parent\" data-id=\"758a64b\" data-element_type=\"container\" data-e-type=\"container\" data-settings=\"{&quot;background_background&quot;:&quot;classic&quot;}\">\n\t\t\t\t\t<div class=\"e-con-inner\">\n\t\t<div class=\"elementor-element elementor-element-e503248 e-con-full e-flex e-con e-child\" data-id=\"e503248\" data-element_type=\"container\" data-e-type=\"container\">\n\t\t\t\t<div class=\"elementor-element elementor-element-aeff267 elementor-widget elementor-widget-text-editor\" data-id=\"aeff267\" data-element_type=\"widget\" data-e-type=\"widget\" data-widget_type=\"text-editor.default\">\n\t\t\t\t\t\t\t\t\t<p>\u05db\u05e9\u05de\u05ea\u05db\u05e0\u05e0\u05d9\u05dd \u05d8\u05d9\u05d5\u05dc, \u05d1\u05d9\u05df \u05d0\u05dd \u05dc\u05e6\u05d5\u05e8\u05da \u05e2\u05d1\u05d5\u05d3\u05d4, \u05d7\u05d5\u05e4\u05e9\u05d4 \u05d0\u05d5 \u05e4\u05e2\u05d9\u05dc\u05d5\u05d9\u05d5\u05ea \u05d7\u05d1\u05e8\u05ea\u05d9\u05d5\u05ea, \u05d4\u05e9\u05db\u05e8\u05ea \u05de\u05d9\u05e0\u05d9\u05d1\u05d5\u05e1 \u05e2\u05dd \u05e0\u05d4\u05d2 \u05d1\u05d8\u05d9\u05e8\u05e0\u05d4 \u05de\u05e6\u05d9\u05e2\u05d4 \u05e4\u05ea\u05e8\u05d5\u05df \u05e0\u05d5\u05d7, \u05d1\u05d8\u05d5\u05d7 \u05d5\u05d2\u05de\u05d9\u05e9. \u05d4\u05d7\u05dc \u05de\u05d4\u05e1\u05e2\u05d5\u05ea \u05de\u05e9\u05d3\u05d4 \u05d4\u05ea\u05e2\u05d5\u05e4\u05d4 \u05d5\u05e2\u05d3 \u05e1\u05d9\u05d5\u05e8\u05d9\u05dd \u05ea\u05e8\u05d1\u05d5\u05ea\u05d9\u05d9\u05dd \u05d5\u05d8\u05d9\u05d5\u05dc\u05d9\u05dd \u05d1\u05d8\u05d1\u05e2, \u05e9\u05d9\u05e8\u05d5\u05ea\u05d9\u05dd \u05d0\u05dc\u05d4 \u05de\u05d5\u05ea\u05d0\u05de\u05d9\u05dd \u05dc\u05db\u05dc \u05e6\u05d5\u05e8\u05da \u05d5\u05dc\u05db\u05dc \u05e7\u05d1\u05d5\u05e6\u05ea \u05de\u05d8\u05d9\u05d9\u05dc\u05d9\u05dd.<\/p>\t\t\t\t\t\t\t\t<\/div>\n\t\t\t\t<div class=\"elementor-element elementor-element-0d53794 elementor-widget elementor-widget-heading\" data-id=\"0d53794\" data-element_type=\"widget\" data-e-type=\"widget\" data-widget_type=\"heading.default\">\n\t\t\t\t\t<h3 class=\"elementor-heading-title elementor-size-default\">\u05de\u05d9\u05e0\u05d9\u05d1\u05d5\u05e1 \u05dc\u05d4\u05e9\u05db\u05e8\u05d4 \u05d1\u05d8\u05d9\u05e8\u05e0\u05d4 \u05dc\u05d0\u05d9\u05e8\u05d5\u05e2\u05d9\u05dd.<\/h3>\t\t\t\t<\/div>\n\t\t\t\t<div class=\"elementor-element elementor-element-0463429 elementor-widget elementor-widget-text-editor\" data-id=\"0463429\" data-element_type=\"widget\" data-e-type=\"widget\" data-widget_type=\"text-editor.default\">\n\t\t\t\t\t\t\t\t\t<p>\u05d0\u05e8\u05d2\u05d5\u05df \u05d0\u05d9\u05e8\u05d5\u05e2, \u05d1\u05d9\u05df \u05d0\u05dd \u05de\u05d3\u05d5\u05d1\u05e8 \u05d1\u05e4\u05d2\u05d9\u05e9\u05ea \u05e2\u05e1\u05e7\u05d9\u05dd, \u05d7\u05ea\u05d5\u05e0\u05d4 \u05d0\u05d5 \u05e4\u05e2\u05d9\u05dc\u05d5\u05ea \u05de\u05e9\u05e4\u05d7\u05ea\u05d9\u05ea, \u05d3\u05d5\u05e8\u05e9 \u05dc\u05e2\u05ea\u05d9\u05dd \u05e7\u05e8\u05d5\u05d1\u05d5\u05ea \u05d4\u05e1\u05e2\u05d5\u05ea \u05de\u05ea\u05d5\u05d0\u05de\u05d5\u05ea. \u05e2\u05dd \u05de\u05d9\u05e0\u05d9\u05d1\u05d5\u05e1 \u05e2\u05dd \u05e0\u05d4\u05d2 \u05de\u05e7\u05e6\u05d5\u05e2\u05d9, \u05ea\u05d5\u05db\u05dc\u05d5 \u05dc\u05d4\u05d1\u05d8\u05d9\u05d7 \u05e9\u05db\u05dc \u05d4\u05d0\u05d5\u05e8\u05d7\u05d9\u05dd \u05d9\u05d2\u05d9\u05e2\u05d5 \u05dc\u05d9\u05e2\u05d3\u05dd \u05d1\u05d6\u05de\u05df, \u05dc\u05dc\u05d0 \u05d3\u05d0\u05d2\u05d5\u05ea \u05d5\u05d1\u05e0\u05d5\u05d7\u05d5\u05ea \u05de\u05e8\u05d1\u05d9\u05ea. \u05d4\u05e6\u05d5\u05d5\u05ea \u05d4\u05de\u05d9\u05d5\u05de\u05df \u05e9\u05dc\u05e0\u05d5 \u05de\u05d1\u05d8\u05d9\u05d7 \u05e9\u05db\u05dc \u05e4\u05e8\u05d8 \u05d1\u05d8\u05d9\u05d5\u05dc \u05d9\u05d4\u05d9\u05d4 \u05de\u05ea\u05d5\u05db\u05e0\u05df \u05d5\u05d1\u05d8\u05d5\u05d7.<\/p>\t\t\t\t\t\t\t\t<\/div>\n\t\t\t\t<div class=\"elementor-element elementor-element-4ce8215 elementor-widget elementor-widget-heading\" data-id=\"4ce8215\" data-element_type=\"widget\" data-e-type=\"widget\" data-widget_type=\"heading.default\">\n\t\t\t\t\t<h3 class=\"elementor-heading-title elementor-size-default\">\u05de\u05d9\u05e0\u05d9\u05d1\u05d5\u05e1 \u05dc\u05d4\u05e9\u05db\u05e8\u05d4 \u05d1\u05d8\u05d9\u05e8\u05e0\u05d4 \u05dc\u05d8\u05d9\u05d5\u05dc\u05d9\u05dd \u05d5\u05ea\u05d9\u05d9\u05e8\u05d5\u05ea<\/h3>\t\t\t\t<\/div>\n\t\t\t\t<div class=\"elementor-element elementor-element-9d6ee10 elementor-widget elementor-widget-text-editor\" data-id=\"9d6ee10\" data-element_type=\"widget\" data-e-type=\"widget\" data-widget_type=\"text-editor.default\">\n\t\t\t\t\t\t\t\t\t\u05dc\u05d7\u05d5\u05d1\u05d1\u05d9 \u05d8\u05d1\u05e2 \u05d5\u05d4\u05d9\u05e1\u05d8\u05d5\u05e8\u05d9\u05d4, \u05d8\u05d9\u05d5\u05dc\u05d9 \u05d9\u05d5\u05dd \u05d1\u05e8\u05d7\u05d1\u05d9 \u05d0\u05dc\u05d1\u05e0\u05d9\u05d4 \u05d5\u05d4\u05d1\u05dc\u05e7\u05df \u05e7\u05dc\u05d9\u05dd \u05d5\u05de\u05d4\u05e0\u05d9\u05dd \u05d9\u05d5\u05ea\u05e8 \u05e2\u05dd \u05de\u05d9\u05e0\u05d9\u05d1\u05d5\u05e1 \u05e0\u05d5\u05d7. \u05ea\u05d5\u05db\u05dc\u05d5 \u05dc\u05d1\u05e7\u05e8 \u05d1\u05e2\u05e8\u05d9\u05dd \u05d4\u05d9\u05e1\u05d8\u05d5\u05e8\u05d9\u05d5\u05ea, \u05e4\u05d0\u05e8\u05e7\u05d9\u05dd \u05d8\u05d1\u05e2\u05d9\u05d9\u05dd \u05d0\u05d5 \u05d9\u05e2\u05d3\u05d9\u05dd \u05de\u05d9\u05d5\u05d7\u05d3\u05d9\u05dd \u05de\u05d1\u05dc\u05d9 \u05dc\u05d3\u05d0\u05d5\u05d2 \u05dc\u05e0\u05e1\u05d9\u05e2\u05d4 \u05d0\u05d5 \u05d7\u05e0\u05d9\u05d4. \u05d4\u05de\u05d9\u05e0\u05d9\u05d1\u05d5\u05e1\u05d9\u05dd \u05e9\u05dc\u05e0\u05d5 \u05de\u05e6\u05d9\u05e2\u05d9\u05dd \u05e0\u05d5\u05d7\u05d5\u05ea, \u05de\u05e7\u05d5\u05dd \u05dc\u05de\u05d8\u05e2\u05df \u05d5\u05de\u05d9\u05d6\u05d5\u05d2 \u05d0\u05d5\u05d5\u05d9\u05e8, \u05de\u05d4 \u05e9\u05d4\u05d5\u05e4\u05da \u05db\u05dc \u05e0\u05e1\u05d9\u05e2\u05d4 \u05dc\u05d7\u05d5\u05d5\u05d9\u05d4 \u05e0\u05e2\u05d9\u05de\u05d4.\t\t\t\t\t\t\t\t<\/div>\n\t\t\t\t<div class=\"elementor-element elementor-element-7620457 elementor-widget elementor-widget-heading\" data-id=\"7620457\" data-element_type=\"widget\" data-e-type=\"widget\" data-widget_type=\"heading.default\">\n\t\t\t\t\t<h3 class=\"elementor-heading-title elementor-size-default\">\u05de\u05d9\u05e0\u05d9\u05d1\u05d5\u05e1 \u05dc\u05d4\u05e9\u05db\u05e8\u05d4 \u05d1\u05d8\u05d9\u05e8\u05e0\u05d4 \u05dc\u05d4\u05e1\u05e2\u05d5\u05ea \u05e4\u05e8\u05d8\u05d9\u05d5\u05ea \u05de\u05e9\u05d3\u05d4 \u05d4\u05ea\u05e2\u05d5\u05e4\u05d4.<\/h3>\t\t\t\t<\/div>\n\t\t\t\t<div class=\"elementor-element elementor-element-86bb5c8 elementor-widget elementor-widget-text-editor\" data-id=\"86bb5c8\" data-element_type=\"widget\" data-e-type=\"widget\" data-widget_type=\"text-editor.default\">\n\t\t\t\t\t\t\t\t\t\u05d1\u05d9\u05df \u05d0\u05dd \u05d4\u05d8\u05d9\u05e1\u05d4 \u05e9\u05dc\u05db\u05dd \u05d9\u05d5\u05e6\u05d0\u05ea \u05d0\u05d5 \u05e0\u05d5\u05d7\u05ea\u05ea \u05d1\u05d8\u05d9\u05e8\u05e0\u05d4, \u05d4\u05e1\u05e2\u05d5\u05ea \u05e4\u05e8\u05d8\u05d9\u05d5\u05ea \u05de\u05e9\u05d3\u05d4 \u05d4\u05ea\u05e2\u05d5\u05e4\u05d4 \u05d4\u05df \u05d4\u05d3\u05e8\u05da \u05d4\u05e0\u05d5\u05d7\u05d4 \u05d5\u05d4\u05d1\u05d8\u05d5\u05d7\u05d4 \u05d1\u05d9\u05d5\u05ea\u05e8 \u05dc\u05d4\u05ea\u05d7\u05d9\u05dc \u05d0\u05d5 \u05dc\u05e1\u05d9\u05d9\u05dd \u05d0\u05ea \u05d4\u05d8\u05d9\u05d5\u05dc \u05e9\u05dc\u05db\u05dd. \u05d4\u05e9\u05d9\u05e8\u05d5\u05ea \u05e9\u05dc\u05e0\u05d5 \u05e2\u05dd \u05e0\u05d4\u05d2 \u05de\u05d9\u05d5\u05de\u05df \u05de\u05d1\u05d8\u05d9\u05d7 \u05e9\u05ea\u05d2\u05d9\u05e2\u05d5 \u05dc\u05d9\u05e2\u05d3\u05db\u05dd \u05d1\u05d6\u05de\u05df, \u05d1\u05e0\u05d5\u05d7\u05d5\u05ea \u05d5\u05dc\u05dc\u05d0 \u05d4\u05dc\u05d7\u05e5 \u05e9\u05dc \u05ea\u05d7\u05d1\u05d5\u05e8\u05d4 \u05e6\u05d9\u05d1\u05d5\u05e8\u05d9\u05ea.\t\t\t\t\t\t\t\t<\/div>\n\t\t\t\t<div class=\"elementor-element elementor-element-58b5ae3 elementor-widget elementor-widget-heading\" data-id=\"58b5ae3\" data-element_type=\"widget\" data-e-type=\"widget\" data-widget_type=\"heading.default\">\n\t\t\t\t\t<h3 class=\"elementor-heading-title elementor-size-default\">\u05dc\u05de\u05d4 minibus.al?<\/h3>\t\t\t\t<\/div>\n\t\t\t\t<div class=\"elementor-element elementor-element-6fcee1f elementor-widget elementor-widget-text-editor\" data-id=\"6fcee1f\" data-element_type=\"widget\" data-e-type=\"widget\" data-widget_type=\"text-editor.default\">\n\t\t\t\t\t\t\t\t\t\u05d0\u05e0\u05d5 \u05de\u05d1\u05d9\u05e0\u05d9\u05dd \u05e9\u05dc\u05db\u05dc \u05e0\u05e1\u05d9\u05e2\u05d4 \u05d9\u05e9 \u05e6\u05e8\u05db\u05d9\u05dd \u05e9\u05d5\u05e0\u05d9\u05dd. \u05de\u05e1\u05d9\u05d1\u05d4 \u05d6\u05d5, \u05d0\u05e0\u05d5 \u05de\u05e6\u05d9\u05e2\u05d9\u05dd \u05de\u05d2\u05d5\u05d5\u05df \u05de\u05d9\u05e0\u05d9\u05d1\u05d5\u05e1\u05d9\u05dd \u05dc\u05e7\u05d1\u05d5\u05e6\u05d5\u05ea \u05e7\u05d8\u05e0\u05d5\u05ea \u05d5\u05d2\u05d3\u05d5\u05dc\u05d5\u05ea, \u05de\u05e1\u05dc\u05d5\u05dc\u05d9 \u05d8\u05d9\u05d5\u05dc \u05de\u05d5\u05ea\u05d0\u05de\u05d9\u05dd \u05d0\u05d9\u05e9\u05d9\u05ea \u05d5\u05e0\u05d4\u05d2\u05d9\u05dd \u05de\u05d0\u05d5\u05de\u05e0\u05d9\u05dd \u05de\u05e7\u05e6\u05d5\u05e2\u05d9\u05ea. \u05d1\u05d8\u05d9\u05d7\u05d5\u05ea, \u05e0\u05d5\u05d7\u05d5\u05ea \u05d5\u05de\u05e7\u05e6\u05d5\u05e2\u05d9\u05d5\u05ea \u05d4\u05dd \u05e2\u05e7\u05e8\u05d5\u05e0\u05d5\u05ea \u05d4\u05dc\u05d9\u05d1\u05d4 \u05e9\u05dc\u05e0\u05d5, \u05db\u05d3\u05d9 \u05dc\u05d4\u05d1\u05d8\u05d9\u05d7 \u05d7\u05d5\u05d5\u05d9\u05d4 \u05e0\u05e2\u05d9\u05de\u05d4 \u05d5\u05d7\u05dc\u05e7\u05d4 \u05dc\u05db\u05dc \u05e0\u05d5\u05e1\u05e2.\t\t\t\t\t\t\t\t<\/div>\n\t\t\t\t<div class=\"elementor-element elementor-element-720ca0b elementor-widget elementor-widget-image\" data-id=\"720ca0b\" data-element_type=\"widget\" data-e-type=\"widget\" data-widget_type=\"image.default\">\n\t\t\t\t\t\t\t\t\t\t\t\t\t\t\t<img fetchpriority=\"high\" decoding=\"async\" width=\"800\" height=\"560\" src=\"https:\/\/minibus.al\/wp-content\/uploads\/2024\/01\/01-landscape.jpg\" class=\"attachment-large size-large wp-image-988652\" alt=\"\" srcset=\"https:\/\/minibus.al\/wp-content\/uploads\/2024\/01\/01-landscape.jpg 893w, https:\/\/minibus.al\/wp-content\/uploads\/2024\/01\/01-landscape-600x420.jpg 600w, https:\/\/minibus.al\/wp-content\/uploads\/2024\/01\/01-landscape-300x210.jpg 300w, https:\/\/minibus.al\/wp-content\/uploads\/2024\/01\/01-landscape-768x538.jpg 768w, https:\/\/minibus.al\/wp-content\/uploads\/2024\/01\/01-landscape-630x441.jpg 630w, https:\/\/minibus.al\/wp-content\/uploads\/2024\/01\/01-landscape-420x294.jpg 420w, https:\/\/minibus.al\/wp-content\/uploads\/2024\/01\/01-landscape-840x588.jpg 840w, https:\/\/minibus.al\/wp-content\/uploads\/2024\/01\/01-landscape-315x220.jpg 315w\" sizes=\"(max-width: 800px) 100vw, 800px\" title=\"\">\t\t\t\t\t\t\t\t\t\t\t\t\t\t\t<\/div>\n\t\t\t\t<div class=\"elementor-element elementor-element-a1e27ad elementor-widget elementor-widget-heading\" data-id=\"a1e27ad\" data-element_type=\"widget\" data-e-type=\"widget\" data-widget_type=\"heading.default\">\n\t\t\t\t\t<h3 class=\"elementor-heading-title elementor-size-default\">\u05d0\u05d9\u05da \u05d6\u05d4 \u05e2\u05d5\u05d1\u05d3?<\/h3>\t\t\t\t<\/div>\n\t\t\t\t<div class=\"elementor-element elementor-element-83c2353 elementor-widget elementor-widget-text-editor\" data-id=\"83c2353\" data-element_type=\"widget\" data-e-type=\"widget\" data-widget_type=\"text-editor.default\">\n\t\t\t\t\t\t\t\t\t<p>\u05d4\u05d4\u05d6\u05de\u05e0\u05d4 \u05e4\u05e9\u05d5\u05d8\u05d4: \u05d1\u05d7\u05e8\u05d5 \u05d0\u05ea \u05d4\u05d9\u05e2\u05d3, \u05d4\u05ea\u05d0\u05e8\u05d9\u05da \u05d5\u05e1\u05d5\u05d2 \u05d4\u05de\u05d9\u05e0\u05d9\u05d1\u05d5\u05e1 \u05e9\u05d0\u05ea\u05dd \u05e6\u05e8\u05d9\u05db\u05d9\u05dd. \u05d4\u05e0\u05d4\u05d2 \u05d4\u05de\u05e7\u05e6\u05d5\u05e2\u05d9 \u05e9\u05dc\u05e0\u05d5 \u05d9\u05d2\u05d9\u05e2 \u05dc\u05de\u05e7\u05d5\u05dd \u05d5\u05dc\u05e9\u05e2\u05d4 \u05e9\u05e0\u05e7\u05d1\u05e2\u05d5, \u05d5\u05d9\u05d1\u05d8\u05d9\u05d7 \u05e0\u05e1\u05d9\u05e2\u05d4 \u05e0\u05d5\u05d7\u05d4 \u05d5\u05e0\u05d8\u05d5\u05dc\u05ea \u05d3\u05d0\u05d2\u05d5\u05ea. \u05e6\u05e8\u05d5 \u05d0\u05d9\u05ea\u05e0\u05d5 \u05e7\u05e9\u05e8 \u05e2\u05d5\u05d3 \u05d4\u05d9\u05d5\u05dd \u05db\u05d3\u05d9 \u05dc\u05d4\u05d6\u05de\u05d9\u05df \u05d0\u05ea \u05d4\u05de\u05d9\u05e0\u05d9\u05d1\u05d5\u05e1 \u05e2\u05dd \u05d4\u05e0\u05d4\u05d2 \u05e9\u05dc\u05db\u05dd \u05d1\u05d8\u05d9\u05e8\u05e0\u05d4 \u05d5\u05dc\u05d4\u05e4\u05d5\u05da \u05db\u05dc \u05e0\u05e1\u05d9\u05e2\u05d4 \u05de\u05d9\u05d5\u05d7\u05d3\u05ea - \u05d1\u05d9\u05df \u05d0\u05dd \u05d6\u05d4 \u05d0\u05d9\u05e8\u05d5\u05e2, \u05d8\u05d9\u05d5\u05dc \u05d0\u05d5 \u05d4\u05e1\u05e2\u05d4 \u05de\u05e9\u05d3\u05d4 \u05d4\u05ea\u05e2\u05d5\u05e4\u05d4 - \u05dc\u05d7\u05d5\u05d5\u05d9\u05d4 \u05d1\u05dc\u05ea\u05d9 \u05e0\u05e9\u05db\u05d7\u05ea.<\/p>\t\t\t\t\t\t\t\t<\/div>\n\t\t\t\t<\/div>\n\t\t<div class=\"elementor-element elementor-element-48e150d e-con-full e-flex e-con e-child\" data-id=\"48e150d\" data-element_type=\"container\" data-e-type=\"container\">\n\t\t<div class=\"elementor-element elementor-element-1a9e61a e-flex e-con-boxed e-con e-child\" data-id=\"1a9e61a\" data-element_type=\"container\" data-e-type=\"container\" data-settings=\"{&quot;background_background&quot;:&quot;classic&quot;}\">\n\t\t\t\t\t<div class=\"e-con-inner\">\n\t\t\t\t<div class=\"elementor-element elementor-element-7723e84 elementor-widget__width-auto elementor-widget elementor-widget-heading\" data-id=\"7723e84\" data-element_type=\"widget\" data-e-type=\"widget\" data-widget_type=\"heading.default\">\n\t\t\t\t\t<h3 class=\"elementor-heading-title elementor-size-default\">10% \u05d4\u05e0\u05d7\u05d4<\/h3>\t\t\t\t<\/div>\n\t\t\t\t<div class=\"elementor-element elementor-element-c5ce195 elementor-widget__width-auto elementor-widget elementor-widget-heading\" data-id=\"c5ce195\" data-element_type=\"widget\" data-e-type=\"widget\" data-widget_type=\"heading.default\">\n\t\t\t\t\t<div class=\"elementor-heading-title elementor-size-default\">\u05e2\u05d3 10% \u05d4\u05e0\u05d7\u05d4 \u05e2\u05dc \u05db\u05dc \u05d4\u05d6\u05de\u05e0\u05d4 \u05e2\u05d3 31 \u05d1\u05de\u05d0\u05d9 2026!<\/div>\t\t\t\t<\/div>\n\t\t\t\t\t<\/div>\n\t\t\t\t<\/div>\n\t\t<div class=\"elementor-element elementor-element-89932a7 e-con-full e-flex e-con e-child\" data-id=\"89932a7\" data-element_type=\"container\" data-e-type=\"container\">\n\t\t\t\t<div class=\"elementor-element elementor-element-08519e8 elementor-widget__width-initial elementor-widget elementor-widget-image\" data-id=\"08519e8\" data-element_type=\"widget\" data-e-type=\"widget\" data-widget_type=\"image.default\">\n\t\t\t\t\t\t\t\t\t\t\t\t\t\t\t\t<a href=\"#\">\n\t\t\t\t\t\t\t<img decoding=\"async\" width=\"630\" height=\"441\" src=\"https:\/\/minibus.al\/wp-content\/uploads\/2025\/10\/Transfer-416_2268_0182-landscape-630x441-1.jpg\" class=\"attachment-full size-full wp-image-988709\" alt=\"\" srcset=\"https:\/\/minibus.al\/wp-content\/uploads\/2025\/10\/Transfer-416_2268_0182-landscape-630x441-1.jpg 630w, https:\/\/minibus.al\/wp-content\/uploads\/2025\/10\/Transfer-416_2268_0182-landscape-630x441-1-600x420.jpg 600w, https:\/\/minibus.al\/wp-content\/uploads\/2025\/10\/Transfer-416_2268_0182-landscape-630x441-1-300x210.jpg 300w, https:\/\/minibus.al\/wp-content\/uploads\/2025\/10\/Transfer-416_2268_0182-landscape-630x441-1-420x294.jpg 420w, https:\/\/minibus.al\/wp-content\/uploads\/2025\/10\/Transfer-416_2268_0182-landscape-630x441-1-315x221.jpg 315w\" sizes=\"(max-width: 630px) 100vw, 630px\" title=\"\">\t\t\t\t\t\t\t\t<\/a>\n\t\t\t\t\t\t\t\t\t\t\t\t\t\t\t<\/div>\n\t\t\t\t<div class=\"elementor-element elementor-element-123d892 elementor-widget__width-initial elementor-widget elementor-widget-heading\" data-id=\"123d892\" data-element_type=\"widget\" data-e-type=\"widget\" data-widget_type=\"heading.default\">\n\t\t\t\t\t<h3 class=\"elementor-heading-title elementor-size-default\"><a href=\"#\">\u05d4\u05e1\u05e2\u05d5\u05ea \u05e4\u05e8\u05d8\u05d9\u05d5\u05ea \u05de\u05e9\u05d3\u05d4 \u05d4\u05ea\u05e2\u05d5\u05e4\u05d4<\/a><\/h3>\t\t\t\t<\/div>\n\t\t\t\t<\/div>\n\t\t<div class=\"elementor-element elementor-element-2655fa7 e-con-full e-flex e-con e-child\" data-id=\"2655fa7\" data-element_type=\"container\" data-e-type=\"container\">\n\t\t\t\t<div class=\"elementor-element elementor-element-88d6d37 elementor-widget__width-initial elementor-widget elementor-widget-image\" data-id=\"88d6d37\" data-element_type=\"widget\" data-e-type=\"widget\" data-widget_type=\"image.default\">\n\t\t\t\t\t\t\t\t\t\t\t\t\t\t\t\t<a href=\"#\">\n\t\t\t\t\t\t\t<img decoding=\"async\" width=\"800\" height=\"560\" src=\"https:\/\/minibus.al\/wp-content\/uploads\/2024\/01\/Crop800x600-landscape.jpeg\" class=\"attachment-full size-full wp-image-988653\" alt=\"\" srcset=\"https:\/\/minibus.al\/wp-content\/uploads\/2024\/01\/Crop800x600-landscape.jpeg 800w, https:\/\/minibus.al\/wp-content\/uploads\/2024\/01\/Crop800x600-landscape-600x420.jpeg 600w, https:\/\/minibus.al\/wp-content\/uploads\/2024\/01\/Crop800x600-landscape-300x210.jpeg 300w, https:\/\/minibus.al\/wp-content\/uploads\/2024\/01\/Crop800x600-landscape-768x538.jpeg 768w, https:\/\/minibus.al\/wp-content\/uploads\/2024\/01\/Crop800x600-landscape-630x441.jpeg 630w, https:\/\/minibus.al\/wp-content\/uploads\/2024\/01\/Crop800x600-landscape-420x294.jpeg 420w, https:\/\/minibus.al\/wp-content\/uploads\/2024\/01\/Crop800x600-landscape-315x221.jpeg 315w\" sizes=\"(max-width: 800px) 100vw, 800px\" title=\"\">\t\t\t\t\t\t\t\t<\/a>\n\t\t\t\t\t\t\t\t\t\t\t\t\t\t\t<\/div>\n\t\t\t\t<div class=\"elementor-element elementor-element-87f3665 elementor-widget__width-initial elementor-widget elementor-widget-heading\" data-id=\"87f3665\" data-element_type=\"widget\" data-e-type=\"widget\" data-widget_type=\"heading.default\">\n\t\t\t\t\t<h3 class=\"elementor-heading-title elementor-size-default\"><a href=\"#\">\u05d4\u05e2\u05d1\u05e8\u05d4 \u05e2\u05dd \u05e0\u05d4\u05d2 \u05e4\u05e8\u05d8\u05d9<\/a><\/h3>\t\t\t\t<\/div>\n\t\t\t\t<\/div>\n\t\t\t\t<\/div>\n\t\t\t\t\t<\/div>\n\t\t\t\t<\/div>\n\t\t\t\t<\/div>","protected":false},"excerpt":{"rendered":"<p>Minibus me qira me shofer n\u00eb Tiran\u00eb. Kur planifikoni nj\u00eb udh\u00ebtim, qoft\u00eb p\u00ebr pun\u00eb, pushime apo aktivitete sociale, minibus\u00ebt me qira me shofer n\u00eb Tiran\u00eb ofrojn\u00eb nj\u00eb zgjidhje t\u00eb rehatshme, t\u00eb sigurt dhe fleksib\u00ebl. Nga transfertat n\u00eb aeroport, tek turet kulturore dhe ekskursione n\u00eb natyr\u00eb, k\u00ebto sh\u00ebrbime jan\u00eb t\u00eb p\u00ebrshtatura p\u00ebr \u00e7do nevoj\u00eb dhe grup [&hellip;]<\/p>\n","protected":false},"author":1,"featured_media":0,"parent":0,"menu_order":0,"comment_status":"closed","ping_status":"closed","template":"","meta":{"footnotes":""},"class_list":["post-988794","page","type-page","status-publish","hentry"],"_links":{"self":[{"href":"https:\/\/minibus.al\/he\/wp-json\/wp\/v2\/pages\/988794","targetHints":{"allow":["GET"]}}],"collection":[{"href":"https:\/\/minibus.al\/he\/wp-json\/wp\/v2\/pages"}],"about":[{"href":"https:\/\/minibus.al\/he\/wp-json\/wp\/v2\/types\/page"}],"author":[{"embeddable":true,"href":"https:\/\/minibus.al\/he\/wp-json\/wp\/v2\/users\/1"}],"replies":[{"embeddable":true,"href":"https:\/\/minibus.al\/he\/wp-json\/wp\/v2\/comments?post=988794"}],"version-history":[{"count":4,"href":"https:\/\/minibus.al\/he\/wp-json\/wp\/v2\/pages\/988794\/revisions"}],"predecessor-version":[{"id":988799,"href":"https:\/\/minibus.al\/he\/wp-json\/wp\/v2\/pages\/988794\/revisions\/988799"}],"wp:attachment":[{"href":"https:\/\/minibus.al\/he\/wp-json\/wp\/v2\/media?parent=988794"}],"curies":[{"name":"wp","href":"https:\/\/api.w.org\/{rel}","templated":true}]}}