{"id":988417,"date":"2023-04-05T00:18:43","date_gmt":"2023-04-05T00:18:43","guid":{"rendered":"https:\/\/minibus.al\/en\/?page_id=988417"},"modified":"2026-04-07T20:14:12","modified_gmt":"2026-04-07T20:14:12","slug":"%d7%aa%d7%a0%d7%90%d7%99-%d7%94%d7%a9%d7%99%d7%9e%d7%95%d7%a9","status":"publish","type":"page","link":"https:\/\/minibus.al\/he\/kushtet-dhe-rregullat-e-perdorimit\/","title":{"rendered":"\u05ea\u05e0\u05d0\u05d9 \u05e9\u05d9\u05de\u05d5\u05e9"},"content":{"rendered":"<div data-elementor-type=\"wp-page\" data-elementor-id=\"988417\" class=\"elementor elementor-988417\">\n\t\t\t\t<div class=\"elementor-element elementor-element-4b40c13 e-flex e-con-boxed e-con e-parent\" data-id=\"4b40c13\" data-element_type=\"container\" data-e-type=\"container\" data-settings=\"{&quot;background_background&quot;:&quot;classic&quot;}\">\n\t\t\t\t\t<div class=\"e-con-inner\">\n\t\t<div class=\"elementor-element elementor-element-1762c08 e-con-full e-flex e-con e-child\" data-id=\"1762c08\" data-element_type=\"container\" data-e-type=\"container\">\n\t\t\t\t<div class=\"elementor-element elementor-element-fbc7985 elementor-widget elementor-widget-heading\" data-id=\"fbc7985\" data-element_type=\"widget\" data-e-type=\"widget\" data-widget_type=\"heading.default\">\n\t\t\t\t\t<h1 class=\"elementor-heading-title elementor-size-default\">\u05ea\u05e0\u05d0\u05d9 \u05d4\u05e9\u05d9\u05de\u05d5\u05e9<\/h1>\t\t\t\t<\/div>\n\t\t\t\t<div class=\"elementor-element elementor-element-47d8e14 elementor-widget elementor-widget-text-editor\" data-id=\"47d8e14\" data-element_type=\"widget\" data-e-type=\"widget\" data-widget_type=\"text-editor.default\">\n\t\t\t\t\t\t\t\t\t\u05ea\u05e0\u05d0\u05d9 \u05e9\u05d9\u05de\u05d5\u05e9 \u2013 \u05e7\u05e8\u05d0 \u05d0\u05ea \u05d4\u05ea\u05e0\u05d0\u05d9\u05dd \u05d4\u05de\u05d2\u05d3\u05d9\u05e8\u05d9\u05dd \u05d0\u05ea \u05d0\u05d5\u05e4\u05df \u05d4\u05e9\u05d9\u05de\u05d5\u05e9 \u05d1\u05e9\u05d9\u05e8\u05d5\u05ea \u05e9\u05dc\u05e0\u05d5, \u05d0\u05ea \u05d4\u05d6\u05db\u05d5\u05d9\u05d5\u05ea \u05d5\u05d4\u05d7\u05d5\u05d1\u05d5\u05ea \u05e9\u05dc \u05d4\u05de\u05e9\u05ea\u05de\u05e9\u05d9\u05dd, \u05d5\u05db\u05df \u05d0\u05ea \u05d4\u05de\u05d3\u05d9\u05e0\u05d9\u05d5\u05ea \u05d4\u05de\u05e8\u05db\u05d6\u05d9\u05ea \u05e9\u05de\u05d1\u05d8\u05d9\u05d7\u05d4 \u05d7\u05d5\u05d5\u05d9\u05d4 \u05d1\u05d8\u05d5\u05d7\u05d4 \u05d5\u05e9\u05e7\u05d5\u05e4\u05d4.\n\t\t\t\t\t\t\t\t<\/div>\n\t\t\t\t<\/div>\n\t\t\t\t\t<\/div>\n\t\t\t\t<\/div>\n\t\t<div class=\"elementor-element elementor-element-adc86e9 e-flex e-con-boxed e-con e-parent\" data-id=\"adc86e9\" data-element_type=\"container\" data-e-type=\"container\" data-settings=\"{&quot;background_background&quot;:&quot;classic&quot;}\">\n\t\t\t\t\t<div class=\"e-con-inner\">\n\t\t<div class=\"elementor-element elementor-element-088521f e-con-full e-flex e-con e-child\" data-id=\"088521f\" data-element_type=\"container\" data-e-type=\"container\">\n\t\t\t\t<div class=\"elementor-element elementor-element-96c5e98 elementor-widget elementor-widget-text-editor\" data-id=\"96c5e98\" data-element_type=\"widget\" data-e-type=\"widget\" data-widget_type=\"text-editor.default\">\n\t\t\t\t\t\t\t\t\t<p>\u05db\u05dc \u05d4\u05d4\u05d6\u05de\u05e0\u05d5\u05ea \u05d1-Minibus.al \u05db\u05e4\u05d5\u05e4\u05d5\u05ea \u05dc\u05ea\u05e0\u05d0\u05d9 \u05d4\u05e9\u05d9\u05de\u05d5\u05e9 \u05d4\u05dc\u05dc\u05d5. \u05d4\u05d6\u05de\u05e0\u05d4 \u05e0\u05d7\u05e9\u05d1\u05ea \u05dc\u05d0\u05d9\u05e9\u05d5\u05e8 \u05d5\u05dc\u05ea\u05d5\u05e7\u05e3 \u05dc\u05d0\u05d7\u05e8 \u05e7\u05d1\u05dc\u05ea \u05d0\u05d9\u05e9\u05d5\u05e8 (\u05d1\u05db\u05ea\u05d1 \u05d0\u05d5 \u05d1\u05e2\u05dc \u05e4\u05d4) \u05d5\u05d1\u05de\u05d9\u05d3\u05ea \u05d4\u05e6\u05d5\u05e8\u05da, \u05dc\u05d0\u05d7\u05e8 \u05ea\u05e9\u05dc\u05d5\u05dd \u05d4\u05de\u05e7\u05d3\u05de\u05d4.<\/p><p>\u05d1\u05e0\u05e1\u05d9\u05d1\u05d5\u05ea \u05d0\u05dc\u05d4, \u05d4\u05de\u05d5\u05e0\u05d7 \u201c\u05d4\u05d7\u05d1\u05e8\u05d4\u201d \u05de\u05ea\u05d9\u05d9\u05d7\u05e1 \u05dc-Minibus.al, \u05e9\u05d9\u05e8\u05d5\u05ea \u05d4\u05e1\u05e2\u05d5\u05ea \u05d4\u05e4\u05d5\u05e2\u05dc \u05d1\u05d0\u05d5\u05e4\u05df \u05d7\u05d5\u05e7\u05d9 \u05d1\u05d0\u05dc\u05d1\u05e0\u05d9\u05d4 \u05d5\u05d1\u05d0\u05d6\u05d5\u05e8 \u05d4\u05d1\u05dc\u05e7\u05df.<\/p><p>\u05d0\u05e0\u05d5 \u05e9\u05d5\u05d0\u05e4\u05d9\u05dd \u05ea\u05de\u05d9\u05d3 \u05dc\u05e1\u05e4\u05e7 \u05e9\u05d9\u05e8\u05d5\u05ea \u05d1\u05d8\u05d5\u05d7, \u05d0\u05de\u05d9\u05df \u05d5\u05de\u05e7\u05e6\u05d5\u05e2\u05d9. \u05e2\u05dd \u05d6\u05d0\u05ea, \u05d1\u05e0\u05e1\u05d9\u05d1\u05d5\u05ea \u05d7\u05e8\u05d9\u05d2\u05d5\u05ea \u05db\u05d2\u05d5\u05df \u05e2\u05d5\u05de\u05e1\u05d9 \u05ea\u05e0\u05d5\u05e2\u05d4, \u05e2\u05d9\u05db\u05d5\u05d1\u05d9\u05dd \u05d1\u05db\u05d1\u05d9\u05e9\u05d9\u05dd \u05d0\u05d5 \u05de\u05e6\u05d1\u05d9\u05dd \u05d1\u05dc\u05ea\u05d9 \u05e6\u05e4\u05d5\u05d9\u05d9\u05dd, \u05d9\u05d9\u05ea\u05db\u05e0\u05d5 \u05e9\u05d9\u05e0\u05d5\u05d9\u05d9\u05dd \u05d1\u05dc\u05d5\u05d7\u05d5\u05ea \u05d4\u05d6\u05de\u05e0\u05d9\u05dd \u05d0\u05d5 \u05d1\u05de\u05e1\u05dc\u05d5\u05dc\u05d9 \u05d4\u05e0\u05e1\u05d9\u05e2\u05d4. \u05d1\u05db\u05dc \u05de\u05e7\u05e8\u05d4, \u05d4\u05e6\u05d5\u05d5\u05ea \u05e9\u05dc\u05e0\u05d5 \u05d9\u05e2\u05e9\u05d4 \u05db\u05dc \u05e9\u05d1\u05d9\u05db\u05d5\u05dc\u05ea\u05d5 \u05db\u05d3\u05d9 \u05dc\u05e6\u05de\u05e6\u05dd \u05d0\u05ea \u05d0\u05d9 \u05d4\u05e0\u05d5\u05d7\u05d5\u05ea \u05d5\u05dc\u05de\u05e6\u05d5\u05d0 \u05d0\u05ea \u05d4\u05e4\u05ea\u05e8\u05d5\u05df \u05d4\u05d8\u05d5\u05d1 \u05d1\u05d9\u05d5\u05ea\u05e8 \u05e2\u05d1\u05d5\u05e8\u05db\u05dd.<\/p><p>\u05d4\u05de\u05d7\u05d9\u05e8\u05d9\u05dd \u05e0\u05e7\u05d1\u05e2\u05d9\u05dd \u05e2\u05dc \u05e4\u05d9 \u05d4\u05ea\u05e0\u05d0\u05d9\u05dd \u05d5\u05d4\u05ea\u05e2\u05e8\u05d9\u05e4\u05d9\u05dd \u05d4\u05ea\u05e7\u05e4\u05d9\u05dd \u05d1\u05e2\u05ea \u05d4\u05d4\u05d6\u05de\u05e0\u05d4, \u05d5\u05d4\u05dd \u05e2\u05e9\u05d5\u05d9\u05d9\u05dd \u05dc\u05d4\u05e9\u05ea\u05e0\u05d5\u05ea \u05d1\u05d4\u05ea\u05d0\u05dd \u05dc\u05d2\u05d5\u05e8\u05de\u05d9\u05dd \u05d7\u05d9\u05e6\u05d5\u05e0\u05d9\u05d9\u05dd. \u05db\u05dc \u05e0\u05d6\u05e7 \u05e9\u05d9\u05d9\u05d2\u05e8\u05dd \u05dc\u05e8\u05db\u05d1 \u05e2\u05dc \u05d9\u05d3\u05d9 \u05d4\u05e0\u05d5\u05e1\u05e2\u05d9\u05dd \u05d1\u05de\u05d4\u05dc\u05da \u05d4\u05e0\u05e1\u05d9\u05e2\u05d4 \u05d9\u05d9\u05e9\u05d0\u05e8 \u05d1\u05d0\u05d7\u05e8\u05d9\u05d5\u05ea \u05d4\u05dc\u05e7\u05d5\u05d7.<\/p><p><strong>\u05d4\u05d6\u05de\u05e0\u05d4 \u05d5\u05ea\u05e9\u05dc\u05d5\u05dd<\/strong><\/p><p>\u05db\u05d3\u05d9 \u05dc\u05d0\u05e9\u05e8 \u05d0\u05ea \u05d4\u05d6\u05de\u05e0\u05ea\u05db\u05dd, \u05e0\u05d3\u05e8\u05e9\u05ea \u05d1\u05d3\u05e8\u05da \u05db\u05dc\u05dc \u05de\u05e7\u05d3\u05de\u05d4 \u05e9\u05d0\u05d9\u05e0\u05d4 \u05e0\u05d9\u05ea\u05e0\u05ea \u05dc\u05d4\u05d7\u05d6\u05e8 \u05d1\u05e1\u05da 20%. \u05d0\u05ea \u05d4\u05d9\u05ea\u05e8\u05d4 \u05e0\u05d9\u05ea\u05df \u05dc\u05e9\u05dc\u05dd \u05d1\u05d4\u05ea\u05d0\u05dd \u05dc\u05de\u05d5\u05e1\u05db\u05dd. \u05d0\u05dd \u05d0\u05e0\u05d5 \u05de\u05e1\u05e4\u05e7\u05d9\u05dd \u05dc\u05d9\u05e0\u05d4 \u05d5\u05d0\u05e8\u05d5\u05d7\u05d5\u05ea \u05dc\u05e0\u05d4\u05d2, \u05d9\u05e9 \u05dc\u05e9\u05dc\u05dd \u05de\u05e8\u05d0\u05e9 \u05e2\u05d1\u05d5\u05e8 \u05d4\u05dc\u05d9\u05e0\u05d4 \u05d5\u05d4\u05e0\u05d4\u05d2, \u05e9\u05db\u05df \u05e2\u05dc\u05d9\u05e0\u05d5 \u05dc\u05d4\u05d6\u05de\u05d9\u05df \u05d0\u05ea \u05d4\u05dc\u05d9\u05e0\u05d4 \u05dc\u05e0\u05d4\u05d2 \u05de\u05e8\u05d0\u05e9, \u05de\u05db\u05d9\u05d5\u05d5\u05df \u05e9\u05d4\u05de\u05d7\u05d9\u05e8\u05d9\u05dd \u05de\u05e9\u05ea\u05e0\u05d9\u05dd.<\/p><p><strong>\u05d1\u05d9\u05d8\u05d5\u05dc\u05d9\u05dd<\/strong><\/p><p>\u05d0\u05dd \u05ea\u05e6\u05d8\u05e8\u05db\u05d5 \u05dc\u05d1\u05d8\u05dc \u05d0\u05ea \u05d4\u05d6\u05de\u05e0\u05ea\u05db\u05dd, \u05d9\u05d9\u05ea\u05db\u05df \u05e9\u05d9\u05d7\u05d5\u05dc\u05d5 \u05d3\u05de\u05d9 \u05d1\u05d9\u05d8\u05d5\u05dc \u05d1\u05d4\u05ea\u05d0\u05dd \u05dc\u05de\u05d5\u05e2\u05d3 \u05d4\u05d1\u05d9\u05d8\u05d5\u05dc. \u05db\u05db\u05dc \u05e9\u05d4\u05d1\u05d9\u05d8\u05d5\u05dc \u05de\u05ea\u05d1\u05e6\u05e2 \u05e7\u05e8\u05d5\u05d1 \u05d9\u05d5\u05ea\u05e8 \u05dc\u05de\u05d5\u05e2\u05d3 \u05d4\u05e0\u05e1\u05d9\u05e2\u05d4, \u05db\u05da \u05d3\u05de\u05d9 \u05d4\u05d1\u05d9\u05d8\u05d5\u05dc \u05e2\u05e9\u05d5\u05d9\u05d9\u05dd \u05dc\u05d4\u05d9\u05d5\u05ea \u05d2\u05d1\u05d5\u05d4\u05d9\u05dd \u05d9\u05d5\u05ea\u05e8. \u05d1\u05de\u05e7\u05e8\u05d4 \u05e9\u05dc \u05d0\u05d9-\u05d4\u05d2\u05e2\u05d4, \u05d4\u05d4\u05d6\u05de\u05e0\u05d4 \u05ea\u05d9\u05d7\u05e9\u05d1 \u05db\u05de\u05d1\u05d5\u05e6\u05e2\u05ea \u05d5\u05dc\u05d0 \u05d9\u05d9\u05e0\u05ea\u05df \u05d4\u05d7\u05d6\u05e8 \u05db\u05e1\u05e4\u05d9. \u05d1\u05d3\u05e8\u05da \u05db\u05dc\u05dc \u05e0\u05d2\u05d1\u05d4 \u05e8\u05e7 \u05d4\u05e4\u05d9\u05e7\u05d3\u05d5\u05df \u05d1\u05e1\u05da 20%, \u05e9\u05db\u05df \u05d4\u05d5\u05d0 \u05de\u05db\u05e1\u05d4 \u05d0\u05ea \u05e2\u05dc\u05d5\u05d9\u05d5\u05ea \u05d4\u05dc\u05d5\u05d2\u05d9\u05e1\u05d8\u05d9\u05e7\u05d4 \u05e9\u05dc\u05e0\u05d5.<\/p><p><strong>\u05e9\u05d9\u05e8\u05d5\u05ea\u05d9\u05dd \u05d5\u05ea\u05d7\u05d5\u05de\u05d9 \u05d0\u05d7\u05e8\u05d9\u05d5\u05ea<\/strong><\/p><p>\u05e0\u05d4\u05d2\u05d9\u05e0\u05d5 \u05d4\u05dd \u05d0\u05e0\u05e9\u05d9 \u05de\u05e7\u05e6\u05d5\u05e2 \u05d4\u05d0\u05d7\u05e8\u05d0\u05d9\u05dd \u05e2\u05dc \u05d4\u05d1\u05d8\u05d9\u05d7\u05d5\u05ea \u05dc\u05d0\u05d5\u05e8\u05da \u05db\u05dc \u05d4\u05e0\u05e1\u05d9\u05e2\u05d4. \u05d4\u05dd \u05e8\u05e9\u05d0\u05d9\u05dd \u05dc\u05e1\u05e8\u05d1 \u05dc\u05d4\u05e2\u05e0\u05d9\u05e7 \u05e9\u05d9\u05e8\u05d5\u05ea \u05d0\u05dd \u05d4\u05dd \u05e1\u05d1\u05d5\u05e8\u05d9\u05dd \u05e9\u05d4\u05d1\u05d8\u05d9\u05d7\u05d5\u05ea \u05e0\u05de\u05e6\u05d0\u05ea \u05d1\u05e1\u05db\u05e0\u05d4.<\/p><p><strong>\u05db\u05dc\u05dc\u05d9\u05dd \u05d1\u05d6\u05de\u05df \u05e0\u05e1\u05d9\u05e2\u05d4<\/strong><\/p><p>\u05db\u05d3\u05d9 \u05e9\u05d4\u05d7\u05d5\u05d5\u05d9\u05d4 \u05ea\u05d4\u05d9\u05d4 \u05e0\u05e2\u05d9\u05de\u05d4 \u05dc\u05db\u05d5\u05dc\u05dd:<\/p><p>\u05d0\u05e1\u05d5\u05e8 \u05dc\u05e2\u05e9\u05df \u05d1\u05e8\u05db\u05d1.;<\/p><p>\u05d0\u05e1\u05d5\u05e8 \u05dc\u05d0\u05db\u05d5\u05dc \u05de\u05d6\u05d5\u05df \u05de\u05d4\u05d9\u05e8.;<br \/>\u05d0\u05dc\u05db\u05d5\u05d4\u05d5\u05dc \u05de\u05d5\u05ea\u05e8 \u05e8\u05e7 \u05d1\u05ea\u05d9\u05d0\u05d5\u05dd \u05de\u05e8\u05d0\u05e9.;<br \/>\u05e2\u05dc \u05d4\u05e0\u05d5\u05e1\u05e2\u05d9\u05dd \u05dc\u05e6\u05d9\u05d9\u05ea \u05dc\u05db\u05dc\u05dc\u05d9 \u05d4\u05d1\u05d8\u05d9\u05d7\u05d5\u05ea \u05d5\u05dc\u05d4\u05d5\u05e8\u05d0\u05d5\u05ea \u05d4\u05e0\u05d4\u05d2.<\/p><p><strong>\u05de\u05d6\u05d5\u05d5\u05d3\u05d5\u05ea \u05d5\u05d7\u05e4\u05e6\u05d9\u05dd \u05d0\u05d9\u05e9\u05d9\u05d9\u05dd<\/strong><\/p><p>\u05e0\u05d5\u05d7\u05d9\u05d5\u05ea\u05db\u05dd \u05d7\u05e9\u05d5\u05d1\u05d4 \u05dc\u05e0\u05d5, \u05d0\u05da \u05d0\u05d9\u05e0\u05e0\u05d5 \u05d0\u05d7\u05e8\u05d0\u05d9\u05dd \u05e2\u05dc \u05e4\u05e8\u05d9\u05d8\u05d9\u05dd \u05e9\u05d0\u05d1\u05d3\u05d5 \u05d0\u05d5 \u05e0\u05d9\u05d6\u05d5\u05e7\u05d5 \u05d1\u05de\u05d4\u05dc\u05da \u05d4\u05e0\u05e1\u05d9\u05e2\u05d4. \u05d0\u05e0\u05d0 \u05d4\u05e7\u05e4\u05d9\u05d3\u05d5 \u05dc\u05d1\u05d3\u05d5\u05e7 \u05d0\u05ea \u05de\u05d6\u05d5\u05d5\u05d3\u05d5\u05ea\u05d9\u05db\u05dd \u05dc\u05e4\u05e0\u05d9 \u05d4\u05e0\u05e1\u05d9\u05e2\u05d4 \u05d5\u05d0\u05d7\u05e8\u05d9\u05d4.<\/p><p><strong>\u05d4\u05de\u05d8\u05e8\u05d4 \u05e9\u05dc\u05e0\u05d5<\/strong><\/p><p>Minibus.al \u05de\u05d7\u05d5\u05d9\u05d1\u05ea \u05dc\u05e1\u05e4\u05e7 \u05d7\u05d5\u05d5\u05d9\u05ea \u05e0\u05e1\u05d9\u05e2\u05d4 \u05d1\u05d8\u05d5\u05d7\u05d4, \u05e0\u05d5\u05d7\u05d4 \u05d5\u05d0\u05de\u05d9\u05e0\u05d4. \u05e2\u05dd \u05d1\u05d9\u05e6\u05d5\u05e2 \u05d4\u05d4\u05d6\u05de\u05e0\u05d4 \u05d0\u05e6\u05dc\u05e0\u05d5, \u05d0\u05ea\u05d4 \u05de\u05e1\u05db\u05d9\u05dd \u05dc\u05ea\u05e0\u05d0\u05d9\u05dd \u05d0\u05dc\u05d4.<\/p><p>\u05d0\u05dd \u05d9\u05e9 \u05dc\u05db\u05dd \u05e9\u05d0\u05dc\u05d5\u05ea \u05d0\u05d5 \u05e9\u05d0\u05ea\u05dd \u05d6\u05e7\u05d5\u05e7\u05d9\u05dd \u05dc\u05d4\u05d1\u05d4\u05e8\u05d5\u05ea, \u05d0\u05e0\u05d5 \u05ea\u05de\u05d9\u05d3 \u05e2\u05d5\u05de\u05d3\u05d9\u05dd \u05dc\u05e8\u05e9\u05d5\u05ea\u05db\u05dd. \u05e6\u05e8\u05d5 \u05d0\u05d9\u05ea\u05e0\u05d5 \u05e7\u05e9\u05e8 \u05d1\u05db\u05ea\u05d5\u05d1\u05ea info@minibus.al.<\/p>\t\t\t\t\t\t\t\t<\/div>\n\t\t\t\t<\/div>\n\t\t<div class=\"elementor-element elementor-element-b5b8340 e-con-full e-flex e-con e-child\" data-id=\"b5b8340\" data-element_type=\"container\" data-e-type=\"container\">\n\t\t<div class=\"elementor-element elementor-element-bc2fa1b e-flex e-con-boxed e-con e-child\" data-id=\"bc2fa1b\" data-element_type=\"container\" data-e-type=\"container\" data-settings=\"{&quot;background_background&quot;:&quot;classic&quot;}\">\n\t\t\t\t\t<div class=\"e-con-inner\">\n\t\t\t\t<div class=\"elementor-element elementor-element-5123186 elementor-widget__width-auto elementor-widget elementor-widget-heading\" data-id=\"5123186\" data-element_type=\"widget\" data-e-type=\"widget\" data-widget_type=\"heading.default\">\n\t\t\t\t\t<h3 class=\"elementor-heading-title elementor-size-default\">10% \u05d4\u05e0\u05d7\u05d4<\/h3>\t\t\t\t<\/div>\n\t\t\t\t<div class=\"elementor-element elementor-element-87d0a21 elementor-widget__width-auto elementor-widget elementor-widget-heading\" data-id=\"87d0a21\" data-element_type=\"widget\" data-e-type=\"widget\" data-widget_type=\"heading.default\">\n\t\t\t\t\t<div class=\"elementor-heading-title elementor-size-default\">\u05e2\u05d3 10% \u05d4\u05e0\u05d7\u05d4 \u05e2\u05dc \u05db\u05dc \u05d4\u05d6\u05de\u05e0\u05d4 \u05e2\u05d3 \u05d4-31 \u05d1\u05de\u05d0\u05d9.<\/div>\t\t\t\t<\/div>\n\t\t\t\t\t<\/div>\n\t\t\t\t<\/div>\n\t\t<div class=\"elementor-element elementor-element-ccacd13 e-con-full e-flex e-con e-child\" data-id=\"ccacd13\" data-element_type=\"container\" data-e-type=\"container\">\n\t\t\t\t<div class=\"elementor-element elementor-element-9a3e5a9 elementor-widget__width-initial elementor-widget elementor-widget-image\" data-id=\"9a3e5a9\" data-element_type=\"widget\" data-e-type=\"widget\" data-widget_type=\"image.default\">\n\t\t\t\t\t\t\t\t\t\t\t\t\t\t\t\t<a href=\"#\">\n\t\t\t\t\t\t\t<img fetchpriority=\"high\" decoding=\"async\" width=\"630\" height=\"441\" src=\"https:\/\/minibus.al\/wp-content\/uploads\/2025\/10\/Transfer-416_2268_0182-landscape-630x441-1.jpg\" class=\"attachment-full size-full wp-image-988709\" alt=\"\" srcset=\"https:\/\/minibus.al\/wp-content\/uploads\/2025\/10\/Transfer-416_2268_0182-landscape-630x441-1.jpg 630w, https:\/\/minibus.al\/wp-content\/uploads\/2025\/10\/Transfer-416_2268_0182-landscape-630x441-1-600x420.jpg 600w, https:\/\/minibus.al\/wp-content\/uploads\/2025\/10\/Transfer-416_2268_0182-landscape-630x441-1-300x210.jpg 300w, https:\/\/minibus.al\/wp-content\/uploads\/2025\/10\/Transfer-416_2268_0182-landscape-630x441-1-420x294.jpg 420w, https:\/\/minibus.al\/wp-content\/uploads\/2025\/10\/Transfer-416_2268_0182-landscape-630x441-1-315x221.jpg 315w\" sizes=\"(max-width: 630px) 100vw, 630px\" title=\"\">\t\t\t\t\t\t\t\t<\/a>\n\t\t\t\t\t\t\t\t\t\t\t\t\t\t\t<\/div>\n\t\t\t\t<div class=\"elementor-element elementor-element-7103e44 elementor-widget__width-initial elementor-widget elementor-widget-heading\" data-id=\"7103e44\" data-element_type=\"widget\" data-e-type=\"widget\" data-widget_type=\"heading.default\">\n\t\t\t\t\t<h3 class=\"elementor-heading-title elementor-size-default\"><a href=\"#\">\u05d4\u05e1\u05e2\u05d5\u05ea \u05e4\u05e8\u05d8\u05d9\u05d5\u05ea \u05de\u05e9\u05d3\u05d4 \u05d4\u05ea\u05e2\u05d5\u05e4\u05d4<\/a><\/h3>\t\t\t\t<\/div>\n\t\t\t\t<\/div>\n\t\t<div class=\"elementor-element elementor-element-ee1ad98 e-con-full e-flex e-con e-child\" data-id=\"ee1ad98\" data-element_type=\"container\" data-e-type=\"container\">\n\t\t\t\t<div class=\"elementor-element elementor-element-5b8e7c3 elementor-widget__width-initial elementor-widget elementor-widget-image\" data-id=\"5b8e7c3\" data-element_type=\"widget\" data-e-type=\"widget\" data-widget_type=\"image.default\">\n\t\t\t\t\t\t\t\t\t\t\t\t\t\t\t\t<a href=\"#\">\n\t\t\t\t\t\t\t<img decoding=\"async\" width=\"800\" height=\"560\" src=\"https:\/\/minibus.al\/wp-content\/uploads\/2024\/01\/Crop800x600-landscape.jpeg\" class=\"attachment-full size-full wp-image-988653\" alt=\"\" srcset=\"https:\/\/minibus.al\/wp-content\/uploads\/2024\/01\/Crop800x600-landscape.jpeg 800w, https:\/\/minibus.al\/wp-content\/uploads\/2024\/01\/Crop800x600-landscape-600x420.jpeg 600w, https:\/\/minibus.al\/wp-content\/uploads\/2024\/01\/Crop800x600-landscape-300x210.jpeg 300w, https:\/\/minibus.al\/wp-content\/uploads\/2024\/01\/Crop800x600-landscape-768x538.jpeg 768w, https:\/\/minibus.al\/wp-content\/uploads\/2024\/01\/Crop800x600-landscape-630x441.jpeg 630w, https:\/\/minibus.al\/wp-content\/uploads\/2024\/01\/Crop800x600-landscape-420x294.jpeg 420w, https:\/\/minibus.al\/wp-content\/uploads\/2024\/01\/Crop800x600-landscape-315x221.jpeg 315w\" sizes=\"(max-width: 800px) 100vw, 800px\" title=\"\">\t\t\t\t\t\t\t\t<\/a>\n\t\t\t\t\t\t\t\t\t\t\t\t\t\t\t<\/div>\n\t\t\t\t<div class=\"elementor-element elementor-element-6a7fc3f elementor-widget__width-initial elementor-widget elementor-widget-heading\" data-id=\"6a7fc3f\" data-element_type=\"widget\" data-e-type=\"widget\" data-widget_type=\"heading.default\">\n\t\t\t\t\t<h3 class=\"elementor-heading-title elementor-size-default\"><a href=\"#\">\u05d4\u05e2\u05d1\u05e8\u05d4 \u05e2\u05dd \u05e0\u05d4\u05d2 \u05e4\u05e8\u05d8\u05d9<\/a><\/h3>\t\t\t\t<\/div>\n\t\t\t\t<\/div>\n\t\t\t\t<\/div>\n\t\t\t\t\t<\/div>\n\t\t\t\t<\/div>\n\t\t\t\t<\/div>","protected":false},"excerpt":{"rendered":"<p>Kushtet dhe rregullat e p\u00ebrdorimit Kushtet dhe rregullat e p\u00ebrdorimit \u2013 Lexoni termat q\u00eb p\u00ebrcaktojn\u00eb p\u00ebrdorimin e sh\u00ebrbimit ton\u00eb, t\u00eb drejtat dhe detyrimet e p\u00ebrdoruesve, si dhe politikat kryesore p\u00ebr nj\u00eb eksperienc\u00eb t\u00eb sigurt dhe transparente. T\u00eb gjitha rezervimet me Minibus.al i n\u00ebnshtrohen k\u00ebtyre Kushteve dhe Afateve. Nj\u00eb rezervim konsiderohet i konfirmuar dhe i vlefsh\u00ebm [&hellip;]<\/p>\n","protected":false},"author":1,"featured_media":0,"parent":0,"menu_order":0,"comment_status":"closed","ping_status":"closed","template":"","meta":{"footnotes":""},"class_list":["post-988417","page","type-page","status-publish","hentry"],"_links":{"self":[{"href":"https:\/\/minibus.al\/he\/wp-json\/wp\/v2\/pages\/988417","targetHints":{"allow":["GET"]}}],"collection":[{"href":"https:\/\/minibus.al\/he\/wp-json\/wp\/v2\/pages"}],"about":[{"href":"https:\/\/minibus.al\/he\/wp-json\/wp\/v2\/types\/page"}],"author":[{"embeddable":true,"href":"https:\/\/minibus.al\/he\/wp-json\/wp\/v2\/users\/1"}],"replies":[{"embeddable":true,"href":"https:\/\/minibus.al\/he\/wp-json\/wp\/v2\/comments?post=988417"}],"version-history":[{"count":8,"href":"https:\/\/minibus.al\/he\/wp-json\/wp\/v2\/pages\/988417\/revisions"}],"predecessor-version":[{"id":989484,"href":"https:\/\/minibus.al\/he\/wp-json\/wp\/v2\/pages\/988417\/revisions\/989484"}],"wp:attachment":[{"href":"https:\/\/minibus.al\/he\/wp-json\/wp\/v2\/media?parent=988417"}],"curies":[{"name":"wp","href":"https:\/\/api.w.org\/{rel}","templated":true}]}}